{"id":6885,"date":"2022-07-21T19:18:16","date_gmt":"2022-07-21T18:18:16","guid":{"rendered":"https:\/1658920591610?product=suplemento-de-sulfato-de-glucosamina-1500mg-365-comprimidos"},"modified":"2022-09-08T15:51:07","modified_gmt":"2022-09-08T14:51:07","slug":"glucosamina-sulfato-1500mg-suplemento-365-tabletas","status":"publish","type":"product","link":"https:\/\/jeaken.com\/es\/producto\/glucosamina-sulfato-1500mg-suplemento-365-tabletas\/","title":{"rendered":"Suplemento de sulfato de glucosamina 1500mg (365 comprimidos)"},"content":{"rendered":"<p><strong>FAVORECE LA SALUD DE LAS ARTICULACIONES  <\/strong><\/p>\n<p>La glucosamina es una sustancia que se produce de forma natural en el organismo y es uno de los componentes b\u00e1sicos del cart\u00edlago. Nuestro suplemento de sulfato de glucosamina ayuda a construir y fortalecer el cart\u00edlago que se reduce naturalmente con la edad.<\/p>\n<p>&nbsp;<\/p>\n<p><strong>CL\u00cdNICAMENTE PROBADO<\/strong><\/p>\n<p>Nuestro sulfato de glucosamina de m\u00e1xima potencia se combina con bajos niveles de cloruro de potasio (2kcl) que ayuda a estabilizar la glucosamina. En los ensayos cl\u00ednicos, se ha demostrado que el cloruro de potasio es el tipo de suplemento de glucosamina m\u00e1s eficaz.<\/p>\n<p>&nbsp;<\/p>\n<p><strong>SULFATO DE GLUCOSAMINA DE ALTA POTENCIA  <\/strong><\/p>\n<p>Nuestro suplemento para el cuidado de la glucosamina contiene 1500mg de sulfato de glucosamina 2kcl, un suplemento nutricional de alta potencia que proporciona 1.133mg de sulfato de glucosamina y 888 mg de glucosamina pura (base) diariamente.<\/p>\n<p>&nbsp;<\/p>\n<p><strong>SATISFACCI\u00d3N GARANTIZADA  <\/strong><\/p>\n<p>Nuestros suplementos de primera calidad se fabrican en el Reino Unido de acuerdo con el c\u00f3digo de pr\u00e1cticas GMP.<\/p>\n<p>&nbsp;<\/p>\n<p><strong>POTENCIA LA SALUD DE LOS HUESOS<\/strong><\/p>\n<p class=\"a-spacing-base\">Muchas personas con dolor de huesos, baja densidad \u00f3sea y antecedentes de fracturas pueden beneficiarse de la toma de glucosamina. Las pruebas sugieren que la glucosamina ayuda a preservar el cart\u00edlago articular que rodea los huesos. Tambi\u00e9n puede ayudar a disminuir el dolor, aumentar la funci\u00f3n f\u00edsica y mejorar la capacidad de actividad en personas con dolor de huesos.<\/p>\n<p>&nbsp;<\/p>\n<p class=\"a-spacing-mini a-color-secondary\"><strong>FAVORECE LA SALUD DIGESTIVA<\/strong><\/p>\n<p class=\"a-spacing-base\">La glucosamina puede ser un suplemento \u00fatil para mejorar la funci\u00f3n digestiva y apoyar el revestimiento del tracto gastrointestinal. Los suplementos de glucosamina, o el caldo de huesos naturalmente rico en glucosamina, ayudan a reparar el tejido da\u00f1ado y a reducir la inflamaci\u00f3n del tracto gastrointestinal.<\/p>\n<p>&nbsp;<\/p>\n<p><strong>PROMUEVE LA SALUD DE LAS C\u00c9LULAS<\/strong><\/p>\n<p>El polvo de p\u00e9ptidos de col\u00e1geno de este suplemento favorece el crecimiento del cabello, hidrata las u\u00f1as y estimula la producci\u00f3n de col\u00e1geno para impulsar la regeneraci\u00f3n de las c\u00e9lulas de la piel.<\/p>\n<p>&nbsp;<\/p>\n<p><strong>PROPORCIONA M\u00daLTIPLES BENEFICIOS PARA LA SALUD<\/strong><\/p>\n<p>Este suplemento contiene aceite de h\u00edgado de bacalao, conocido por favorecer la salud del coraz\u00f3n, el cuidado de las articulaciones, la salud \u00f3sea, la funci\u00f3n cerebral y la salud ocular. Tambi\u00e9n se recomienda la ingesta de complementos alimenticios a base de coenzima Q10 para contrarrestar el cansancio, reducir la sensaci\u00f3n de fatiga, aumentar la energ\u00eda y favorecer la salud muscular.<\/p>\n<p>&nbsp;<\/p>\n<p>&nbsp;<\/p>\n<p>&nbsp;<\/p>\n","protected":false},"excerpt":{"rendered":"<h4><strong>Suplemento de glucosamina de grado A, apto para veganos, para mejorar la salud de las articulaciones.<\/strong><\/h4>\n","protected":false},"featured_media":14824,"template":"","meta":{"site-sidebar-layout":"default","site-content-layout":"default","ast-site-content-layout":"default","site-content-style":"default","site-sidebar-style":"default","ast-global-header-display":"","ast-banner-title-visibility":"","ast-main-header-display":"","ast-hfb-above-header-display":"","ast-hfb-below-header-display":"","ast-hfb-mobile-header-display":"","site-post-title":"","ast-breadcrumbs-content":"","ast-featured-img":"","footer-sml-layout":"","theme-transparent-header-meta":"default","adv-header-id-meta":"","stick-header-meta":"default","header-above-stick-meta":"","header-main-stick-meta":"","header-below-stick-meta":"","astra-migrate-meta-layouts":"default","ast-page-background-enabled":"default","ast-page-background-meta":{"desktop":{"background-color":"","background-image":"","background-repeat":"repeat","background-position":"center center","background-size":"auto","background-attachment":"scroll","background-type":"","background-media":"","overlay-type":"","overlay-color":"","overlay-opacity":"","overlay-gradient":""},"tablet":{"background-color":"","background-image":"","background-repeat":"repeat","background-position":"center center","background-size":"auto","background-attachment":"scroll","background-type":"","background-media":"","overlay-type":"","overlay-color":"","overlay-opacity":"","overlay-gradient":""},"mobile":{"background-color":"","background-image":"","background-repeat":"repeat","background-position":"center center","background-size":"auto","background-attachment":"scroll","background-type":"","background-media":"","overlay-type":"","overlay-color":"","overlay-opacity":"","overlay-gradient":""}},"ast-content-background-meta":{"desktop":{"background-color":"var(--ast-global-color-5)","background-image":"","background-repeat":"repeat","background-position":"center center","background-size":"auto","background-attachment":"scroll","background-type":"","background-media":"","overlay-type":"","overlay-color":"","overlay-opacity":"","overlay-gradient":""},"tablet":{"background-color":"var(--ast-global-color-5)","background-image":"","background-repeat":"repeat","background-position":"center center","background-size":"auto","background-attachment":"scroll","background-type":"","background-media":"","overlay-type":"","overlay-color":"","overlay-opacity":"","overlay-gradient":""},"mobile":{"background-color":"var(--ast-global-color-5)","background-image":"","background-repeat":"repeat","background-position":"center center","background-size":"auto","background-attachment":"scroll","background-type":"","background-media":"","overlay-type":"","overlay-color":"","overlay-opacity":"","overlay-gradient":""}}},"product_cat":[747],"product_tag":[1119,1094,1098,1106,1110,1125,1120,1121,1102,1113,1116,1118,1090,1122,1123,1124,1126],"class_list":{"0":"post-6885","1":"product","2":"type-product","3":"status-publish","4":"has-post-thumbnail","6":"product_cat-salud-de-los-huesos-y-las-articulaciones","7":"product_tag-alivio-del-dolor-articular","8":"product_tag-atencion-conjunta","9":"product_tag-condroitina-glucosamina-alta-potencia","10":"product_tag-glucosamina-mg-es","11":"product_tag-glucosamina-msm-es","12":"product_tag-glucosamina-vegana-es","13":"product_tag-metformina-mg-comprimidos","14":"product_tag-moverse-libremente","15":"product_tag-sulfato-de-condroitina","16":"product_tag-sulfato-de-glucosamina","17":"product_tag-sulfato-de-glucosamina-es","18":"product_tag-sulfato-de-glucosamina-mg","19":"product_tag-suplemento-para-el-cuidado-de-las-articulaciones","20":"product_tag-tabletas-msm","21":"product_tag-tabletas-para-el-alivio-del-dolor","22":"product_tag-tabletas-para-la-artritis","23":"product_tag-vitaminas-para-la-artritis","24":"has-subscription-plans","25":"desktop-align-left","26":"tablet-align-left","27":"mobile-align-left","29":"first","30":"instock","31":"sale","32":"taxable","33":"shipping-taxable","34":"purchasable","35":"product-type-simple"},"yoast_head":"<!-- This site is optimized with the Yoast SEO plugin v22.7 - https:\/\/yoast.com\/wordpress\/plugins\/seo\/ -->\n<title>Suplemento de sulfato de glucosamina 1500mg (365 comprimidos) - JeaKen<\/title>\n<meta name=\"robots\" content=\"index, follow, max-snippet:-1, max-image-preview:large, max-video-preview:-1\" \/>\n<link rel=\"canonical\" href=\"https:\/\/jeaken.com\/es\/producto\/glucosamina-sulfato-1500mg-suplemento-365-tabletas\/\" \/>\n<meta property=\"og:locale\" content=\"es_ES\" \/>\n<meta property=\"og:type\" content=\"article\" \/>\n<meta property=\"og:title\" content=\"Suplemento de sulfato de glucosamina 1500mg (365 comprimidos) - JeaKen\" \/>\n<meta property=\"og:description\" content=\"Suplemento de glucosamina de grado A, apto para veganos, para mejorar la salud de las articulaciones.\" \/>\n<meta property=\"og:url\" content=\"https:\/\/jeaken.com\/es\/producto\/glucosamina-sulfato-1500mg-suplemento-365-tabletas\/\" \/>\n<meta property=\"og:site_name\" content=\"JeaKen\" \/>\n<meta property=\"article:modified_time\" content=\"2022-09-08T14:51:07+00:00\" \/>\n<meta property=\"og:image\" content=\"https:\/\/jeaken.com\/wp-content\/uploads\/2022\/07\/Front-7.jpg\" \/>\n\t<meta property=\"og:image:width\" content=\"901\" \/>\n\t<meta property=\"og:image:height\" content=\"1100\" \/>\n\t<meta property=\"og:image:type\" content=\"image\/jpeg\" \/>\n<meta name=\"twitter:card\" content=\"summary_large_image\" \/>\n<meta name=\"twitter:label1\" content=\"Est. reading time\" \/>\n\t<meta name=\"twitter:data1\" content=\"2 minutes\" \/>\n<script type=\"application\/ld+json\" class=\"yoast-schema-graph\">{\"@context\":\"https:\/\/schema.org\",\"@graph\":[{\"@type\":\"WebPage\",\"@id\":\"https:\/\/jeaken.com\/es\/producto\/glucosamina-sulfato-1500mg-suplemento-365-tabletas\/\",\"url\":\"https:\/\/jeaken.com\/es\/producto\/glucosamina-sulfato-1500mg-suplemento-365-tabletas\/\",\"name\":\"Suplemento de sulfato de glucosamina 1500mg (365 comprimidos) - JeaKen\",\"isPartOf\":{\"@id\":\"https:\/\/jeaken.com\/es\/#website\"},\"primaryImageOfPage\":{\"@id\":\"https:\/\/jeaken.com\/es\/producto\/glucosamina-sulfato-1500mg-suplemento-365-tabletas\/#primaryimage\"},\"image\":{\"@id\":\"https:\/\/jeaken.com\/es\/producto\/glucosamina-sulfato-1500mg-suplemento-365-tabletas\/#primaryimage\"},\"thumbnailUrl\":\"https:\/\/jeaken.com\/wp-content\/uploads\/2022\/07\/Front-7.jpg\",\"datePublished\":\"2022-07-21T18:18:16+00:00\",\"dateModified\":\"2022-09-08T14:51:07+00:00\",\"breadcrumb\":{\"@id\":\"https:\/\/jeaken.com\/es\/producto\/glucosamina-sulfato-1500mg-suplemento-365-tabletas\/#breadcrumb\"},\"inLanguage\":\"es-ES\",\"potentialAction\":[{\"@type\":\"ReadAction\",\"target\":[\"https:\/\/jeaken.com\/es\/producto\/glucosamina-sulfato-1500mg-suplemento-365-tabletas\/\"]}]},{\"@type\":\"ImageObject\",\"inLanguage\":\"es-ES\",\"@id\":\"https:\/\/jeaken.com\/es\/producto\/glucosamina-sulfato-1500mg-suplemento-365-tabletas\/#primaryimage\",\"url\":\"https:\/\/jeaken.com\/wp-content\/uploads\/2022\/07\/Front-7.jpg\",\"contentUrl\":\"https:\/\/jeaken.com\/wp-content\/uploads\/2022\/07\/Front-7.jpg\",\"width\":901,\"height\":1100,\"caption\":\"Glucosamine Sulfate\"},{\"@type\":\"BreadcrumbList\",\"@id\":\"https:\/\/jeaken.com\/es\/producto\/glucosamina-sulfato-1500mg-suplemento-365-tabletas\/#breadcrumb\",\"itemListElement\":[{\"@type\":\"ListItem\",\"position\":1,\"name\":\"Home\",\"item\":\"https:\/\/jeaken.com\/es\/\"},{\"@type\":\"ListItem\",\"position\":2,\"name\":\"Private: Shop\",\"item\":\"https:\/\/jeaken.com\/shop\/\"},{\"@type\":\"ListItem\",\"position\":3,\"name\":\"Suplemento de sulfato de glucosamina 1500mg (365 comprimidos)\"}]},{\"@type\":\"WebSite\",\"@id\":\"https:\/\/jeaken.com\/es\/#website\",\"url\":\"https:\/\/jeaken.com\/es\/\",\"name\":\"JeaKen\",\"description\":\"Organic Supplements for Health, Fitness and Nutrition\",\"publisher\":{\"@id\":\"https:\/\/jeaken.com\/es\/#organization\"},\"potentialAction\":[{\"@type\":\"SearchAction\",\"target\":{\"@type\":\"EntryPoint\",\"urlTemplate\":\"https:\/\/jeaken.com\/es\/?s={search_term_string}\"},\"query-input\":\"required name=search_term_string\"}],\"inLanguage\":\"es-ES\"},{\"@type\":\"Organization\",\"@id\":\"https:\/\/jeaken.com\/es\/#organization\",\"name\":\"JeaKen\",\"url\":\"https:\/\/jeaken.com\/es\/\",\"logo\":{\"@type\":\"ImageObject\",\"inLanguage\":\"es-ES\",\"@id\":\"https:\/\/jeaken.com\/es\/#\/schema\/logo\/image\/\",\"url\":\"https:\/\/jeaken.com\/wp-content\/uploads\/2022\/06\/jeaken-logo-23.png\",\"contentUrl\":\"https:\/\/jeaken.com\/wp-content\/uploads\/2022\/06\/jeaken-logo-23.png\",\"width\":2486,\"height\":736,\"caption\":\"JeaKen\"},\"image\":{\"@id\":\"https:\/\/jeaken.com\/es\/#\/schema\/logo\/image\/\"}}]}<\/script>\n<!-- \/ Yoast SEO plugin. -->","yoast_head_json":{"title":"Suplemento de sulfato de glucosamina 1500mg (365 comprimidos) - JeaKen","robots":{"index":"index","follow":"follow","max-snippet":"max-snippet:-1","max-image-preview":"max-image-preview:large","max-video-preview":"max-video-preview:-1"},"canonical":"https:\/\/jeaken.com\/es\/producto\/glucosamina-sulfato-1500mg-suplemento-365-tabletas\/","og_locale":"es_ES","og_type":"article","og_title":"Suplemento de sulfato de glucosamina 1500mg (365 comprimidos) - JeaKen","og_description":"Suplemento de glucosamina de grado A, apto para veganos, para mejorar la salud de las articulaciones.","og_url":"https:\/\/jeaken.com\/es\/producto\/glucosamina-sulfato-1500mg-suplemento-365-tabletas\/","og_site_name":"JeaKen","article_modified_time":"2022-09-08T14:51:07+00:00","og_image":[{"width":901,"height":1100,"url":"https:\/\/jeaken.com\/wp-content\/uploads\/2022\/07\/Front-7.jpg","type":"image\/jpeg"}],"twitter_card":"summary_large_image","twitter_misc":{"Est. reading time":"2 minutes"},"schema":{"@context":"https:\/\/schema.org","@graph":[{"@type":"WebPage","@id":"https:\/\/jeaken.com\/es\/producto\/glucosamina-sulfato-1500mg-suplemento-365-tabletas\/","url":"https:\/\/jeaken.com\/es\/producto\/glucosamina-sulfato-1500mg-suplemento-365-tabletas\/","name":"Suplemento de sulfato de glucosamina 1500mg (365 comprimidos) - JeaKen","isPartOf":{"@id":"https:\/\/jeaken.com\/es\/#website"},"primaryImageOfPage":{"@id":"https:\/\/jeaken.com\/es\/producto\/glucosamina-sulfato-1500mg-suplemento-365-tabletas\/#primaryimage"},"image":{"@id":"https:\/\/jeaken.com\/es\/producto\/glucosamina-sulfato-1500mg-suplemento-365-tabletas\/#primaryimage"},"thumbnailUrl":"https:\/\/jeaken.com\/wp-content\/uploads\/2022\/07\/Front-7.jpg","datePublished":"2022-07-21T18:18:16+00:00","dateModified":"2022-09-08T14:51:07+00:00","breadcrumb":{"@id":"https:\/\/jeaken.com\/es\/producto\/glucosamina-sulfato-1500mg-suplemento-365-tabletas\/#breadcrumb"},"inLanguage":"es-ES","potentialAction":[{"@type":"ReadAction","target":["https:\/\/jeaken.com\/es\/producto\/glucosamina-sulfato-1500mg-suplemento-365-tabletas\/"]}]},{"@type":"ImageObject","inLanguage":"es-ES","@id":"https:\/\/jeaken.com\/es\/producto\/glucosamina-sulfato-1500mg-suplemento-365-tabletas\/#primaryimage","url":"https:\/\/jeaken.com\/wp-content\/uploads\/2022\/07\/Front-7.jpg","contentUrl":"https:\/\/jeaken.com\/wp-content\/uploads\/2022\/07\/Front-7.jpg","width":901,"height":1100,"caption":"Glucosamine Sulfate"},{"@type":"BreadcrumbList","@id":"https:\/\/jeaken.com\/es\/producto\/glucosamina-sulfato-1500mg-suplemento-365-tabletas\/#breadcrumb","itemListElement":[{"@type":"ListItem","position":1,"name":"Home","item":"https:\/\/jeaken.com\/es\/"},{"@type":"ListItem","position":2,"name":"Private: Shop","item":"https:\/\/jeaken.com\/shop\/"},{"@type":"ListItem","position":3,"name":"Suplemento de sulfato de glucosamina 1500mg (365 comprimidos)"}]},{"@type":"WebSite","@id":"https:\/\/jeaken.com\/es\/#website","url":"https:\/\/jeaken.com\/es\/","name":"JeaKen","description":"Organic Supplements for Health, Fitness and Nutrition","publisher":{"@id":"https:\/\/jeaken.com\/es\/#organization"},"potentialAction":[{"@type":"SearchAction","target":{"@type":"EntryPoint","urlTemplate":"https:\/\/jeaken.com\/es\/?s={search_term_string}"},"query-input":"required name=search_term_string"}],"inLanguage":"es-ES"},{"@type":"Organization","@id":"https:\/\/jeaken.com\/es\/#organization","name":"JeaKen","url":"https:\/\/jeaken.com\/es\/","logo":{"@type":"ImageObject","inLanguage":"es-ES","@id":"https:\/\/jeaken.com\/es\/#\/schema\/logo\/image\/","url":"https:\/\/jeaken.com\/wp-content\/uploads\/2022\/06\/jeaken-logo-23.png","contentUrl":"https:\/\/jeaken.com\/wp-content\/uploads\/2022\/06\/jeaken-logo-23.png","width":2486,"height":736,"caption":"JeaKen"},"image":{"@id":"https:\/\/jeaken.com\/es\/#\/schema\/logo\/image\/"}}]}},"jetpack_sharing_enabled":true,"_links":{"self":[{"href":"https:\/\/jeaken.com\/es\/wp-json\/wp\/v2\/product\/6885","targetHints":{"allow":["GET"]}}],"collection":[{"href":"https:\/\/jeaken.com\/es\/wp-json\/wp\/v2\/product"}],"about":[{"href":"https:\/\/jeaken.com\/es\/wp-json\/wp\/v2\/types\/product"}],"wp:featuredmedia":[{"embeddable":true,"href":"https:\/\/jeaken.com\/es\/wp-json\/wp\/v2\/media\/14824"}],"wp:attachment":[{"href":"https:\/\/jeaken.com\/es\/wp-json\/wp\/v2\/media?parent=6885"}],"wp:term":[{"taxonomy":"product_cat","embeddable":true,"href":"https:\/\/jeaken.com\/es\/wp-json\/wp\/v2\/product_cat?post=6885"},{"taxonomy":"product_tag","embeddable":true,"href":"https:\/\/jeaken.com\/es\/wp-json\/wp\/v2\/product_tag?post=6885"}],"curies":[{"name":"wp","href":"https:\/\/api.w.org\/{rel}","templated":true}]}}