{"id":6878,"date":"2022-07-21T19:18:16","date_gmt":"2022-07-21T18:18:16","guid":{"rendered":"https:\/1658920591610?product=suero-facial-de-aloe-de-alta-potencia-crema-natural-antiarrugas-de-primera-calidad-50ml"},"modified":"2022-08-09T15:14:43","modified_gmt":"2022-08-09T14:14:43","slug":"suero-facial-de-aloe-de-alta-potencia-crema-natural-antiarrugas-de-primera-calidad-50ml","status":"publish","type":"product","link":"https:\/\/jeaken.com\/es\/producto\/suero-facial-de-aloe-de-alta-potencia-crema-natural-antiarrugas-de-primera-calidad-50ml\/","title":{"rendered":"Suero facial de aloe de alta potencia &#8211; Crema natural antiarrugas de primera calidad (50ml)"},"content":{"rendered":"<ul class=\"a-unordered-list a-vertical a-spacing-none\">\n<li><span class=\"a-list-item\">F\u00d3RMULA ANTIENVEJECIMIENTO AVANZADA &#8211; El s\u00e9rum facial de retinol JeaKen, un gel opaco, contiene extractos de maracuy\u00e1 y t\u00e9 verde para a\u00f1adir propiedades antienvejecimiento a la piel seca, apagada o cansada, ayuda a borrar las l\u00edneas de expresi\u00f3n y a suavizar las arrugas, \u00a1lo que lo convierte en el s\u00e9rum de retinol antienvejecimiento definitivo!<\/span><\/li>\n<li><span class=\"a-list-item\">\u2705 LEVANTAMIENTO Y BRILLO DE LA PIEL &#8211; \u00bfEst\u00e1 cansado de probar sueros faciales sin ning\u00fan resultado? Consigue el s\u00e9rum facial Aloe retinol de JeaKen y sorpr\u00e9ndete de lo diferente que se ver\u00e1 tu piel en pocos d\u00edas tras su uso. Esta f\u00f3rmula natural est\u00e1 impregnada de extractos de frutas y plantas para levantar e iluminar la piel.<\/span><\/li>\n<li><span class=\"a-list-item\">\u2705 PROTECCI\u00d3N ACTIVA DE RETINOL PURA &#8211; Nuestro s\u00e9rum de retinol de alta potencia para el rostro contiene aceite de aguacate, una rica fuente de retinol y betacaroteno, y aceite de arg\u00e1n que nutre la piel con nutrientes clave que ayudan a prevenir las arrugas. El s\u00e9rum facial de retinol act\u00faa a un nivel extremo para reparar la piel y estimular el col\u00e1geno, lo que se traduce en una piel m\u00e1s firme, suave y sin arrugas.<\/span><\/li>\n<li><span class=\"a-list-item\">INGREDIENTES NATURALES &#8211; nuestro s\u00e9rum de retinol no contiene parabenos ni alcohol. Los ingredientes activos de nuestro s\u00e9rum trabajan en sinergia con su piel. Este potente s\u00e9rum facial de retinol, elaborado con ingredientes de base natural y rival de los s\u00e9rums antienvejecimiento m\u00e1s caros de las grandes marcas, resaltar\u00e1 la belleza de forma natural.<\/span><\/li>\n<li><span class=\"a-list-item\">GARANT\u00cdA DE SATISFACCI\u00d3N &#8211; Estamos tan seguros de que le encantar\u00e1 nuestro suero de retinol de alta potencia para la cara que le garantizamos la devoluci\u00f3n de su dinero si no est\u00e1 completamente satisfecho.<\/span><\/li>\n<\/ul>\n","protected":false},"excerpt":{"rendered":"<p><strong>  ALOE RETINOL FACIAL SERUM By JeaKen &#8230;<\/strong><\/p>\n<p><strong>\u00bfBusca levantar y dar brillo a su piel para prevenir las arrugas y el envejecimiento de la piel?<\/strong><\/p>\n<p>\u00a1Entonces no busque m\u00e1s &#8211; ALOE RETINOL FACIAL SERUM By JeaKen es perfecto para usted!<\/p>\n<p><strong>  \u00bfPor qu\u00e9 elegir ALOE RETINOL FACIAL SERUM By JeaKen?<\/strong><\/p>\n<p>Nuestras f\u00f3rmulas son completamente \u00fanicas Trabaja para revertir los signos de envejecimiento y el da\u00f1o solar, el suero de retinol ayuda a su piel a reemplazar las c\u00e9lulas viejas y muertas con las nuevas y frescas para traer una calidad juvenil a su rostro. Jeaken Retinol Skin Serum es una potente combinaci\u00f3n de algunos de los mejores ingredientes antienvejecimiento conocidos por la ciencia.<\/p>\n<p>Hemos tenido mucho cuidado en crear y desarrollar f\u00f3rmulas naturales eligiendo cada bot\u00e1nico por su beneficio espec\u00edfico para la piel. Esta combinaci\u00f3n \u00fanica y art\u00edsticamente elaborada de ingredientes no est\u00e1 disponible en ning\u00fan otro lugar.<\/p>\n<p><strong>BENEFICIOS CLAVE:<\/strong><\/p>\n<ul>\n<li>Levantar e iluminar la piel<\/li>\n<li>Mejora la elasticidad y la estructura de la piel asegurando la humedad.<\/li>\n<li>Suaviza, ilumina y mejora el cutis en general.<\/li>\n<li>Aumentar el recambio celular y la producci\u00f3n de col\u00e1geno mejorando el tono de la piel.<\/li>\n<li>Mejora la apariencia de las l\u00edneas finas y las arrugas.<\/li>\n<\/ul>\n<p><strong>INSTRUCCIONES DE USO<\/strong><\/p>\n<p>Limpiar la cara ligeramente con una toalla h\u00fameda y caliente. Aplicar suavemente el producto sobre la piel limpia y difuminarlo hasta su completa absorci\u00f3n. Despu\u00e9s de la aplicaci\u00f3n, golpear suavemente el rostro con las yemas de los dedos para favorecer la penetraci\u00f3n del suero en las capas m\u00e1s profundas de la piel.<\/p>\n<p><strong>COMPRARLO AHORA  <\/strong><\/p>\n<p><strong>Haga clic en &#8220;A\u00d1ADIR AL CARRITO&#8221; ahora, mientras duren las existencias.<\/strong><\/p>\n","protected":false},"featured_media":3470,"template":"","meta":{"site-sidebar-layout":"default","site-content-layout":"default","ast-site-content-layout":"default","site-content-style":"default","site-sidebar-style":"default","ast-global-header-display":"","ast-banner-title-visibility":"","ast-main-header-display":"","ast-hfb-above-header-display":"","ast-hfb-below-header-display":"","ast-hfb-mobile-header-display":"","site-post-title":"","ast-breadcrumbs-content":"","ast-featured-img":"","footer-sml-layout":"","theme-transparent-header-meta":"default","adv-header-id-meta":"","stick-header-meta":"default","header-above-stick-meta":"","header-main-stick-meta":"","header-below-stick-meta":"","astra-migrate-meta-layouts":"default","ast-page-background-enabled":"default","ast-page-background-meta":{"desktop":{"background-color":"","background-image":"","background-repeat":"repeat","background-position":"center center","background-size":"auto","background-attachment":"scroll","background-type":"","background-media":"","overlay-type":"","overlay-color":"","overlay-opacity":"","overlay-gradient":""},"tablet":{"background-color":"","background-image":"","background-repeat":"repeat","background-position":"center center","background-size":"auto","background-attachment":"scroll","background-type":"","background-media":"","overlay-type":"","overlay-color":"","overlay-opacity":"","overlay-gradient":""},"mobile":{"background-color":"","background-image":"","background-repeat":"repeat","background-position":"center center","background-size":"auto","background-attachment":"scroll","background-type":"","background-media":"","overlay-type":"","overlay-color":"","overlay-opacity":"","overlay-gradient":""}},"ast-content-background-meta":{"desktop":{"background-color":"var(--ast-global-color-5)","background-image":"","background-repeat":"repeat","background-position":"center center","background-size":"auto","background-attachment":"scroll","background-type":"","background-media":"","overlay-type":"","overlay-color":"","overlay-opacity":"","overlay-gradient":""},"tablet":{"background-color":"var(--ast-global-color-5)","background-image":"","background-repeat":"repeat","background-position":"center center","background-size":"auto","background-attachment":"scroll","background-type":"","background-media":"","overlay-type":"","overlay-color":"","overlay-opacity":"","overlay-gradient":""},"mobile":{"background-color":"var(--ast-global-color-5)","background-image":"","background-repeat":"repeat","background-position":"center center","background-size":"auto","background-attachment":"scroll","background-type":"","background-media":"","overlay-type":"","overlay-color":"","overlay-opacity":"","overlay-gradient":""}}},"product_cat":[615,613,1034],"product_tag":[1068,1039,1062,1046,1049,1053,1066,1064,1058,1060,1057,1038],"class_list":{"0":"post-6878","1":"product","2":"type-product","3":"status-publish","4":"has-post-thumbnail","6":"product_cat-antienvejecimiento","7":"product_cat-belleza-natural","8":"product_cat-cuidado-de-la-piel","9":"product_tag-aceite-de-vitamina-e-para-la-cara","10":"product_tag-antiarrugas","11":"product_tag-crema-aclaradora-para-pieles-oscuras","12":"product_tag-crema-antiarrugas","13":"product_tag-crema-de-retinol","14":"product_tag-crema-de-retinol-para-la-cara","15":"product_tag-crema-de-tretinoina","16":"product_tag-el-retinol-ordinario","17":"product_tag-suero-de-retinol","18":"product_tag-suero-de-retinol-de-alta-potencia-para-la-cara","19":"product_tag-suero-facial-con-retinol","20":"product_tag-tratamiento-del-acne","21":"has-subscription-plans","22":"desktop-align-left","23":"tablet-align-left","24":"mobile-align-left","26":"first","27":"onbackorder","28":"taxable","29":"shipping-taxable","30":"purchasable","31":"product-type-simple"},"yoast_head":"<!-- This site is optimized with the Yoast SEO plugin v22.7 - https:\/\/yoast.com\/wordpress\/plugins\/seo\/ -->\n<title>Suero facial de aloe de alta potencia - Crema natural antiarrugas de primera calidad (50ml) - JeaKen<\/title>\n<meta name=\"robots\" content=\"index, follow, max-snippet:-1, max-image-preview:large, max-video-preview:-1\" \/>\n<link rel=\"canonical\" href=\"https:\/\/jeaken.com\/es\/producto\/suero-facial-de-aloe-de-alta-potencia-crema-natural-antiarrugas-de-primera-calidad-50ml\/\" \/>\n<meta property=\"og:locale\" content=\"es_ES\" \/>\n<meta property=\"og:type\" content=\"article\" \/>\n<meta property=\"og:title\" content=\"Suero facial de aloe de alta potencia - Crema natural antiarrugas de primera calidad (50ml) - JeaKen\" \/>\n<meta property=\"og:description\" content=\"ALOE RETINOL FACIAL SERUM By JeaKen ... \u00bfBusca levantar y dar brillo a su piel para prevenir las arrugas y el envejecimiento de la piel? \u00a1Entonces no busque m\u00e1s - ALOE RETINOL FACIAL SERUM By JeaKen es perfecto para usted!  \u00bfPor qu\u00e9 elegir ALOE RETINOL FACIAL SERUM By JeaKen? Nuestras f\u00f3rmulas son completamente \u00fanicas Trabaja para revertir los signos de envejecimiento y el da\u00f1o solar, el suero de retinol ayuda a su piel a reemplazar las c\u00e9lulas viejas y muertas con las nuevas y frescas para traer una calidad juvenil a su rostro. Jeaken Retinol Skin Serum es una potente combinaci\u00f3n de algunos de los mejores ingredientes antienvejecimiento conocidos por la ciencia. Hemos tenido mucho cuidado en crear y desarrollar f\u00f3rmulas naturales eligiendo cada bot\u00e1nico por su beneficio espec\u00edfico para la piel. Esta combinaci\u00f3n \u00fanica y art\u00edsticamente elaborada de ingredientes no est\u00e1 disponible en ning\u00fan otro lugar. BENEFICIOS CLAVE:  Levantar e iluminar la piel  Mejora la elasticidad y la estructura de la piel asegurando la humedad.  Suaviza, ilumina y mejora el cutis en general.  Aumentar el recambio celular y la producci\u00f3n de col\u00e1geno mejorando el tono de la piel.  Mejora la apariencia de las l\u00edneas finas y las arrugas. INSTRUCCIONES DE USO Limpiar la cara ligeramente con una toalla h\u00fameda y caliente. Aplicar suavemente el producto sobre la piel limpia y difuminarlo hasta su completa absorci\u00f3n. Despu\u00e9s de la aplicaci\u00f3n, golpear suavemente el rostro con las yemas de los dedos para favorecer la penetraci\u00f3n del suero en las capas m\u00e1s profundas de la piel. COMPRARLO AHORA  Haga clic en &quot;A\u00d1ADIR AL CARRITO&quot; ahora, mientras duren las existencias.\" \/>\n<meta property=\"og:url\" content=\"https:\/\/jeaken.com\/es\/producto\/suero-facial-de-aloe-de-alta-potencia-crema-natural-antiarrugas-de-primera-calidad-50ml\/\" \/>\n<meta property=\"og:site_name\" content=\"JeaKen\" \/>\n<meta property=\"article:modified_time\" content=\"2022-08-09T14:14:43+00:00\" \/>\n<meta property=\"og:image\" content=\"https:\/\/jeaken.com\/wp-content\/uploads\/2022\/07\/61g28VXACL._AC_SL1500_.jpg\" \/>\n\t<meta property=\"og:image:width\" content=\"600\" \/>\n\t<meta property=\"og:image:height\" content=\"600\" \/>\n\t<meta property=\"og:image:type\" content=\"image\/jpeg\" \/>\n<meta name=\"twitter:card\" content=\"summary_large_image\" \/>\n<meta name=\"twitter:label1\" content=\"Est. reading time\" \/>\n\t<meta name=\"twitter:data1\" content=\"2 minutes\" \/>\n<script type=\"application\/ld+json\" class=\"yoast-schema-graph\">{\"@context\":\"https:\/\/schema.org\",\"@graph\":[{\"@type\":\"WebPage\",\"@id\":\"https:\/\/jeaken.com\/es\/producto\/suero-facial-de-aloe-de-alta-potencia-crema-natural-antiarrugas-de-primera-calidad-50ml\/\",\"url\":\"https:\/\/jeaken.com\/es\/producto\/suero-facial-de-aloe-de-alta-potencia-crema-natural-antiarrugas-de-primera-calidad-50ml\/\",\"name\":\"Suero facial de aloe de alta potencia - Crema natural antiarrugas de primera calidad (50ml) - JeaKen\",\"isPartOf\":{\"@id\":\"https:\/\/jeaken.com\/es\/#website\"},\"primaryImageOfPage\":{\"@id\":\"https:\/\/jeaken.com\/es\/producto\/suero-facial-de-aloe-de-alta-potencia-crema-natural-antiarrugas-de-primera-calidad-50ml\/#primaryimage\"},\"image\":{\"@id\":\"https:\/\/jeaken.com\/es\/producto\/suero-facial-de-aloe-de-alta-potencia-crema-natural-antiarrugas-de-primera-calidad-50ml\/#primaryimage\"},\"thumbnailUrl\":\"https:\/\/jeaken.com\/wp-content\/uploads\/2022\/07\/61g28VXACL._AC_SL1500_.jpg\",\"datePublished\":\"2022-07-21T18:18:16+00:00\",\"dateModified\":\"2022-08-09T14:14:43+00:00\",\"breadcrumb\":{\"@id\":\"https:\/\/jeaken.com\/es\/producto\/suero-facial-de-aloe-de-alta-potencia-crema-natural-antiarrugas-de-primera-calidad-50ml\/#breadcrumb\"},\"inLanguage\":\"es-ES\",\"potentialAction\":[{\"@type\":\"ReadAction\",\"target\":[\"https:\/\/jeaken.com\/es\/producto\/suero-facial-de-aloe-de-alta-potencia-crema-natural-antiarrugas-de-primera-calidad-50ml\/\"]}]},{\"@type\":\"ImageObject\",\"inLanguage\":\"es-ES\",\"@id\":\"https:\/\/jeaken.com\/es\/producto\/suero-facial-de-aloe-de-alta-potencia-crema-natural-antiarrugas-de-primera-calidad-50ml\/#primaryimage\",\"url\":\"https:\/\/jeaken.com\/wp-content\/uploads\/2022\/07\/61g28VXACL._AC_SL1500_.jpg\",\"contentUrl\":\"https:\/\/jeaken.com\/wp-content\/uploads\/2022\/07\/61g28VXACL._AC_SL1500_.jpg\",\"width\":600,\"height\":600,\"caption\":\"High-Strength Aloe Retinol Face Serum - Premium Quality Natural Anti-Wrinkle Cream\"},{\"@type\":\"BreadcrumbList\",\"@id\":\"https:\/\/jeaken.com\/es\/producto\/suero-facial-de-aloe-de-alta-potencia-crema-natural-antiarrugas-de-primera-calidad-50ml\/#breadcrumb\",\"itemListElement\":[{\"@type\":\"ListItem\",\"position\":1,\"name\":\"Home\",\"item\":\"https:\/\/jeaken.com\/es\/\"},{\"@type\":\"ListItem\",\"position\":2,\"name\":\"Private: Shop\",\"item\":\"https:\/\/jeaken.com\/shop\/\"},{\"@type\":\"ListItem\",\"position\":3,\"name\":\"Suero facial de aloe de alta potencia &#8211; Crema natural antiarrugas de primera calidad (50ml)\"}]},{\"@type\":\"WebSite\",\"@id\":\"https:\/\/jeaken.com\/es\/#website\",\"url\":\"https:\/\/jeaken.com\/es\/\",\"name\":\"JeaKen\",\"description\":\"Organic Supplements for Health, Fitness and Nutrition\",\"publisher\":{\"@id\":\"https:\/\/jeaken.com\/es\/#organization\"},\"potentialAction\":[{\"@type\":\"SearchAction\",\"target\":{\"@type\":\"EntryPoint\",\"urlTemplate\":\"https:\/\/jeaken.com\/es\/?s={search_term_string}\"},\"query-input\":\"required name=search_term_string\"}],\"inLanguage\":\"es-ES\"},{\"@type\":\"Organization\",\"@id\":\"https:\/\/jeaken.com\/es\/#organization\",\"name\":\"JeaKen\",\"url\":\"https:\/\/jeaken.com\/es\/\",\"logo\":{\"@type\":\"ImageObject\",\"inLanguage\":\"es-ES\",\"@id\":\"https:\/\/jeaken.com\/es\/#\/schema\/logo\/image\/\",\"url\":\"https:\/\/jeaken.com\/wp-content\/uploads\/2022\/06\/jeaken-logo-23.png\",\"contentUrl\":\"https:\/\/jeaken.com\/wp-content\/uploads\/2022\/06\/jeaken-logo-23.png\",\"width\":2486,\"height\":736,\"caption\":\"JeaKen\"},\"image\":{\"@id\":\"https:\/\/jeaken.com\/es\/#\/schema\/logo\/image\/\"}}]}<\/script>\n<!-- \/ Yoast SEO plugin. -->","yoast_head_json":{"title":"Suero facial de aloe de alta potencia - Crema natural antiarrugas de primera calidad (50ml) - JeaKen","robots":{"index":"index","follow":"follow","max-snippet":"max-snippet:-1","max-image-preview":"max-image-preview:large","max-video-preview":"max-video-preview:-1"},"canonical":"https:\/\/jeaken.com\/es\/producto\/suero-facial-de-aloe-de-alta-potencia-crema-natural-antiarrugas-de-primera-calidad-50ml\/","og_locale":"es_ES","og_type":"article","og_title":"Suero facial de aloe de alta potencia - Crema natural antiarrugas de primera calidad (50ml) - JeaKen","og_description":"ALOE RETINOL FACIAL SERUM By JeaKen ... \u00bfBusca levantar y dar brillo a su piel para prevenir las arrugas y el envejecimiento de la piel? \u00a1Entonces no busque m\u00e1s - ALOE RETINOL FACIAL SERUM By JeaKen es perfecto para usted!  \u00bfPor qu\u00e9 elegir ALOE RETINOL FACIAL SERUM By JeaKen? Nuestras f\u00f3rmulas son completamente \u00fanicas Trabaja para revertir los signos de envejecimiento y el da\u00f1o solar, el suero de retinol ayuda a su piel a reemplazar las c\u00e9lulas viejas y muertas con las nuevas y frescas para traer una calidad juvenil a su rostro. Jeaken Retinol Skin Serum es una potente combinaci\u00f3n de algunos de los mejores ingredientes antienvejecimiento conocidos por la ciencia. Hemos tenido mucho cuidado en crear y desarrollar f\u00f3rmulas naturales eligiendo cada bot\u00e1nico por su beneficio espec\u00edfico para la piel. Esta combinaci\u00f3n \u00fanica y art\u00edsticamente elaborada de ingredientes no est\u00e1 disponible en ning\u00fan otro lugar. BENEFICIOS CLAVE:  Levantar e iluminar la piel  Mejora la elasticidad y la estructura de la piel asegurando la humedad.  Suaviza, ilumina y mejora el cutis en general.  Aumentar el recambio celular y la producci\u00f3n de col\u00e1geno mejorando el tono de la piel.  Mejora la apariencia de las l\u00edneas finas y las arrugas. INSTRUCCIONES DE USO Limpiar la cara ligeramente con una toalla h\u00fameda y caliente. Aplicar suavemente el producto sobre la piel limpia y difuminarlo hasta su completa absorci\u00f3n. Despu\u00e9s de la aplicaci\u00f3n, golpear suavemente el rostro con las yemas de los dedos para favorecer la penetraci\u00f3n del suero en las capas m\u00e1s profundas de la piel. COMPRARLO AHORA  Haga clic en \"A\u00d1ADIR AL CARRITO\" ahora, mientras duren las existencias.","og_url":"https:\/\/jeaken.com\/es\/producto\/suero-facial-de-aloe-de-alta-potencia-crema-natural-antiarrugas-de-primera-calidad-50ml\/","og_site_name":"JeaKen","article_modified_time":"2022-08-09T14:14:43+00:00","og_image":[{"width":600,"height":600,"url":"https:\/\/jeaken.com\/wp-content\/uploads\/2022\/07\/61g28VXACL._AC_SL1500_.jpg","type":"image\/jpeg"}],"twitter_card":"summary_large_image","twitter_misc":{"Est. reading time":"2 minutes"},"schema":{"@context":"https:\/\/schema.org","@graph":[{"@type":"WebPage","@id":"https:\/\/jeaken.com\/es\/producto\/suero-facial-de-aloe-de-alta-potencia-crema-natural-antiarrugas-de-primera-calidad-50ml\/","url":"https:\/\/jeaken.com\/es\/producto\/suero-facial-de-aloe-de-alta-potencia-crema-natural-antiarrugas-de-primera-calidad-50ml\/","name":"Suero facial de aloe de alta potencia - Crema natural antiarrugas de primera calidad (50ml) - JeaKen","isPartOf":{"@id":"https:\/\/jeaken.com\/es\/#website"},"primaryImageOfPage":{"@id":"https:\/\/jeaken.com\/es\/producto\/suero-facial-de-aloe-de-alta-potencia-crema-natural-antiarrugas-de-primera-calidad-50ml\/#primaryimage"},"image":{"@id":"https:\/\/jeaken.com\/es\/producto\/suero-facial-de-aloe-de-alta-potencia-crema-natural-antiarrugas-de-primera-calidad-50ml\/#primaryimage"},"thumbnailUrl":"https:\/\/jeaken.com\/wp-content\/uploads\/2022\/07\/61g28VXACL._AC_SL1500_.jpg","datePublished":"2022-07-21T18:18:16+00:00","dateModified":"2022-08-09T14:14:43+00:00","breadcrumb":{"@id":"https:\/\/jeaken.com\/es\/producto\/suero-facial-de-aloe-de-alta-potencia-crema-natural-antiarrugas-de-primera-calidad-50ml\/#breadcrumb"},"inLanguage":"es-ES","potentialAction":[{"@type":"ReadAction","target":["https:\/\/jeaken.com\/es\/producto\/suero-facial-de-aloe-de-alta-potencia-crema-natural-antiarrugas-de-primera-calidad-50ml\/"]}]},{"@type":"ImageObject","inLanguage":"es-ES","@id":"https:\/\/jeaken.com\/es\/producto\/suero-facial-de-aloe-de-alta-potencia-crema-natural-antiarrugas-de-primera-calidad-50ml\/#primaryimage","url":"https:\/\/jeaken.com\/wp-content\/uploads\/2022\/07\/61g28VXACL._AC_SL1500_.jpg","contentUrl":"https:\/\/jeaken.com\/wp-content\/uploads\/2022\/07\/61g28VXACL._AC_SL1500_.jpg","width":600,"height":600,"caption":"High-Strength Aloe Retinol Face Serum - Premium Quality Natural Anti-Wrinkle Cream"},{"@type":"BreadcrumbList","@id":"https:\/\/jeaken.com\/es\/producto\/suero-facial-de-aloe-de-alta-potencia-crema-natural-antiarrugas-de-primera-calidad-50ml\/#breadcrumb","itemListElement":[{"@type":"ListItem","position":1,"name":"Home","item":"https:\/\/jeaken.com\/es\/"},{"@type":"ListItem","position":2,"name":"Private: Shop","item":"https:\/\/jeaken.com\/shop\/"},{"@type":"ListItem","position":3,"name":"Suero facial de aloe de alta potencia &#8211; Crema natural antiarrugas de primera calidad (50ml)"}]},{"@type":"WebSite","@id":"https:\/\/jeaken.com\/es\/#website","url":"https:\/\/jeaken.com\/es\/","name":"JeaKen","description":"Organic Supplements for Health, Fitness and Nutrition","publisher":{"@id":"https:\/\/jeaken.com\/es\/#organization"},"potentialAction":[{"@type":"SearchAction","target":{"@type":"EntryPoint","urlTemplate":"https:\/\/jeaken.com\/es\/?s={search_term_string}"},"query-input":"required name=search_term_string"}],"inLanguage":"es-ES"},{"@type":"Organization","@id":"https:\/\/jeaken.com\/es\/#organization","name":"JeaKen","url":"https:\/\/jeaken.com\/es\/","logo":{"@type":"ImageObject","inLanguage":"es-ES","@id":"https:\/\/jeaken.com\/es\/#\/schema\/logo\/image\/","url":"https:\/\/jeaken.com\/wp-content\/uploads\/2022\/06\/jeaken-logo-23.png","contentUrl":"https:\/\/jeaken.com\/wp-content\/uploads\/2022\/06\/jeaken-logo-23.png","width":2486,"height":736,"caption":"JeaKen"},"image":{"@id":"https:\/\/jeaken.com\/es\/#\/schema\/logo\/image\/"}}]}},"jetpack_sharing_enabled":true,"_links":{"self":[{"href":"https:\/\/jeaken.com\/es\/wp-json\/wp\/v2\/product\/6878","targetHints":{"allow":["GET"]}}],"collection":[{"href":"https:\/\/jeaken.com\/es\/wp-json\/wp\/v2\/product"}],"about":[{"href":"https:\/\/jeaken.com\/es\/wp-json\/wp\/v2\/types\/product"}],"wp:featuredmedia":[{"embeddable":true,"href":"https:\/\/jeaken.com\/es\/wp-json\/wp\/v2\/media\/3470"}],"wp:attachment":[{"href":"https:\/\/jeaken.com\/es\/wp-json\/wp\/v2\/media?parent=6878"}],"wp:term":[{"taxonomy":"product_cat","embeddable":true,"href":"https:\/\/jeaken.com\/es\/wp-json\/wp\/v2\/product_cat?post=6878"},{"taxonomy":"product_tag","embeddable":true,"href":"https:\/\/jeaken.com\/es\/wp-json\/wp\/v2\/product_tag?post=6878"}],"curies":[{"name":"wp","href":"https:\/\/api.w.org\/{rel}","templated":true}]}}