{"id":6871,"date":"2022-07-21T19:18:16","date_gmt":"2022-07-21T18:18:16","guid":{"rendered":"https:\/1658920591610?product=aceite-de-onagra-en-capsulas-blandas"},"modified":"2022-08-09T15:14:38","modified_gmt":"2022-08-09T14:14:38","slug":"aceite-de-onagra-en-capsulas-blandas","status":"publish","type":"product","link":"https:\/\/jeaken.com\/es\/producto\/aceite-de-onagra-en-capsulas-blandas\/","title":{"rendered":"Aceite de onagra en c\u00e1psulas blandas"},"content":{"rendered":"<p><strong>MANTIENE UN CONFORT \u00d3PTIMO DURANTE LA MENSTRUACI\u00d3N<\/strong><\/p>\n<p>Las c\u00e1psulas de aceite de onagra contienen \u00e1cidos grasos poliinsaturados (PUFA) que ayudan a reducir el dolor y las molestias asociadas a la menstruaci\u00f3n y la premenstruaci\u00f3n.<\/p>\n<p><strong>  AYUDA A REGULAR EL COLESTEROL EN SANGRE<\/strong><\/p>\n<p>El aceite de pr\u00edmula 1000mg contiene el \u00e1cido graso Omega 6, el \u00e1cido gamma linol\u00e9nico (GLA) y la vitamina E. Estos ayudan a proteger las c\u00e9lulas del estr\u00e9s oxidativo y contribuyen al mantenimiento de los niveles normales de colesterol en la sangre.<\/p>\n<p><strong>APOYA LA INMUNIDAD NATURAL<\/strong><\/p>\n<p>Nuestro aceite de onagra org\u00e1nico suministra los \u00e1cidos grasos poliinsaturados necesarios para apoyar la inmunidad natural. Nuestro suplemento tambi\u00e9n contiene: \u00c1cido oleico, palm\u00edtico y este\u00e1rico, fitoesteroles, prote\u00ednas ricas en azufre y tript\u00f3fano, zinc, selenio, magnesio, calcio y vitamina E. La abundancia de estos componentes activos ha convertido a la humilde onagra en una de las plantas m\u00e1s valiosas utilizadas en la fabricaci\u00f3n de suplementos.<\/p>\n<p><strong>FAVORECE EL CRECIMIENTO NORMAL DE LA PIEL Y EL CABELLO<\/strong><\/p>\n<p>El aceite de onagra contiene \u00e1cidos grasos poliinsaturados necesarios para importantes procesos fisiol\u00f3gicos, como el crecimiento de la piel y el cabello.<\/p>\n<p><strong>CALIDAD SUPERIOR<\/strong><\/p>\n<p>Nuestros geles blandos de aceite de onagra se fabrican en el Reino Unido seg\u00fan el C\u00f3digo de Pr\u00e1cticas GMP.<\/p>\n","protected":false},"excerpt":{"rendered":"<h4>Inmunidad natural y alivio de los s\u00edntomas menstruales.<\/h4>\n","protected":false},"featured_media":3617,"template":"","meta":{"site-sidebar-layout":"default","site-content-layout":"default","ast-site-content-layout":"default","site-content-style":"default","site-sidebar-style":"default","ast-global-header-display":"","ast-banner-title-visibility":"","ast-main-header-display":"","ast-hfb-above-header-display":"","ast-hfb-below-header-display":"","ast-hfb-mobile-header-display":"","site-post-title":"","ast-breadcrumbs-content":"","ast-featured-img":"","footer-sml-layout":"","theme-transparent-header-meta":"default","adv-header-id-meta":"","stick-header-meta":"default","header-above-stick-meta":"","header-main-stick-meta":"","header-below-stick-meta":"","astra-migrate-meta-layouts":"default","ast-page-background-enabled":"default","ast-page-background-meta":{"desktop":{"background-color":"","background-image":"","background-repeat":"repeat","background-position":"center center","background-size":"auto","background-attachment":"scroll","background-type":"","background-media":"","overlay-type":"","overlay-color":"","overlay-opacity":"","overlay-gradient":""},"tablet":{"background-color":"","background-image":"","background-repeat":"repeat","background-position":"center center","background-size":"auto","background-attachment":"scroll","background-type":"","background-media":"","overlay-type":"","overlay-color":"","overlay-opacity":"","overlay-gradient":""},"mobile":{"background-color":"","background-image":"","background-repeat":"repeat","background-position":"center center","background-size":"auto","background-attachment":"scroll","background-type":"","background-media":"","overlay-type":"","overlay-color":"","overlay-opacity":"","overlay-gradient":""}},"ast-content-background-meta":{"desktop":{"background-color":"var(--ast-global-color-5)","background-image":"","background-repeat":"repeat","background-position":"center center","background-size":"auto","background-attachment":"scroll","background-type":"","background-media":"","overlay-type":"","overlay-color":"","overlay-opacity":"","overlay-gradient":""},"tablet":{"background-color":"var(--ast-global-color-5)","background-image":"","background-repeat":"repeat","background-position":"center center","background-size":"auto","background-attachment":"scroll","background-type":"","background-media":"","overlay-type":"","overlay-color":"","overlay-opacity":"","overlay-gradient":""},"mobile":{"background-color":"var(--ast-global-color-5)","background-image":"","background-repeat":"repeat","background-position":"center center","background-size":"auto","background-attachment":"scroll","background-type":"","background-media":"","overlay-type":"","overlay-color":"","overlay-opacity":"","overlay-gradient":""}}},"product_cat":[571,965],"product_tag":[1007,1009,1011,1012,1010],"class_list":{"0":"post-6871","1":"product","2":"type-product","3":"status-publish","4":"has-post-thumbnail","6":"product_cat-estado-de-animo-y-bienestar","7":"product_cat-fertilidad","8":"product_tag-aceite-de-onagra","9":"product_tag-aceite-de-onagra-1000mg","10":"product_tag-aceite-de-onagra-ecologico","11":"product_tag-aceite-de-onagra-en-capsulas-blandas","12":"product_tag-capsulas-de-aceite-de-onagra","13":"has-subscription-plans","14":"desktop-align-left","15":"tablet-align-left","16":"mobile-align-left","18":"first","19":"outofstock","20":"taxable","21":"shipping-taxable","22":"purchasable","23":"product-type-simple"},"yoast_head":"<!-- This site is optimized with the Yoast SEO plugin v22.7 - https:\/\/yoast.com\/wordpress\/plugins\/seo\/ -->\n<title>Aceite de onagra en c\u00e1psulas blandas - JeaKen<\/title>\n<meta name=\"robots\" content=\"index, follow, max-snippet:-1, max-image-preview:large, max-video-preview:-1\" \/>\n<link rel=\"canonical\" href=\"https:\/\/jeaken.com\/es\/producto\/aceite-de-onagra-en-capsulas-blandas\/\" \/>\n<meta property=\"og:locale\" content=\"es_ES\" \/>\n<meta property=\"og:type\" content=\"article\" \/>\n<meta property=\"og:title\" content=\"Aceite de onagra en c\u00e1psulas blandas - JeaKen\" \/>\n<meta property=\"og:description\" content=\"Inmunidad natural y alivio de los s\u00edntomas menstruales.\" \/>\n<meta property=\"og:url\" content=\"https:\/\/jeaken.com\/es\/producto\/aceite-de-onagra-en-capsulas-blandas\/\" \/>\n<meta property=\"og:site_name\" content=\"JeaKen\" \/>\n<meta property=\"article:modified_time\" content=\"2022-08-09T14:14:38+00:00\" \/>\n<meta property=\"og:image\" content=\"https:\/\/jeaken.com\/wp-content\/uploads\/2022\/07\/EVENING-PRIMROSE-OIL-SOFTGELS-By-JeaKen-\u2013-Premium-Evening-Primrose-Oil-Organic.jpg\" \/>\n\t<meta property=\"og:image:width\" content=\"800\" \/>\n\t<meta property=\"og:image:height\" content=\"800\" \/>\n\t<meta property=\"og:image:type\" content=\"image\/jpeg\" \/>\n<meta name=\"twitter:card\" content=\"summary_large_image\" \/>\n<meta name=\"twitter:label1\" content=\"Est. reading time\" \/>\n\t<meta name=\"twitter:data1\" content=\"1 minute\" \/>\n<script type=\"application\/ld+json\" class=\"yoast-schema-graph\">{\"@context\":\"https:\/\/schema.org\",\"@graph\":[{\"@type\":\"WebPage\",\"@id\":\"https:\/\/jeaken.com\/es\/producto\/aceite-de-onagra-en-capsulas-blandas\/\",\"url\":\"https:\/\/jeaken.com\/es\/producto\/aceite-de-onagra-en-capsulas-blandas\/\",\"name\":\"Aceite de onagra en c\u00e1psulas blandas - JeaKen\",\"isPartOf\":{\"@id\":\"https:\/\/jeaken.com\/es\/#website\"},\"primaryImageOfPage\":{\"@id\":\"https:\/\/jeaken.com\/es\/producto\/aceite-de-onagra-en-capsulas-blandas\/#primaryimage\"},\"image\":{\"@id\":\"https:\/\/jeaken.com\/es\/producto\/aceite-de-onagra-en-capsulas-blandas\/#primaryimage\"},\"thumbnailUrl\":\"https:\/\/jeaken.com\/wp-content\/uploads\/2022\/07\/EVENING-PRIMROSE-OIL-SOFTGELS-By-JeaKen-\u2013-Premium-Evening-Primrose-Oil-Organic.jpg\",\"datePublished\":\"2022-07-21T18:18:16+00:00\",\"dateModified\":\"2022-08-09T14:14:38+00:00\",\"breadcrumb\":{\"@id\":\"https:\/\/jeaken.com\/es\/producto\/aceite-de-onagra-en-capsulas-blandas\/#breadcrumb\"},\"inLanguage\":\"es-ES\",\"potentialAction\":[{\"@type\":\"ReadAction\",\"target\":[\"https:\/\/jeaken.com\/es\/producto\/aceite-de-onagra-en-capsulas-blandas\/\"]}]},{\"@type\":\"ImageObject\",\"inLanguage\":\"es-ES\",\"@id\":\"https:\/\/jeaken.com\/es\/producto\/aceite-de-onagra-en-capsulas-blandas\/#primaryimage\",\"url\":\"https:\/\/jeaken.com\/wp-content\/uploads\/2022\/07\/EVENING-PRIMROSE-OIL-SOFTGELS-By-JeaKen-\u2013-Premium-Evening-Primrose-Oil-Organic.jpg\",\"contentUrl\":\"https:\/\/jeaken.com\/wp-content\/uploads\/2022\/07\/EVENING-PRIMROSE-OIL-SOFTGELS-By-JeaKen-\u2013-Premium-Evening-Primrose-Oil-Organic.jpg\",\"width\":800,\"height\":800,\"caption\":\"Evening Primrose Oil Softgels\"},{\"@type\":\"BreadcrumbList\",\"@id\":\"https:\/\/jeaken.com\/es\/producto\/aceite-de-onagra-en-capsulas-blandas\/#breadcrumb\",\"itemListElement\":[{\"@type\":\"ListItem\",\"position\":1,\"name\":\"Home\",\"item\":\"https:\/\/jeaken.com\/es\/\"},{\"@type\":\"ListItem\",\"position\":2,\"name\":\"Private: Shop\",\"item\":\"https:\/\/jeaken.com\/shop\/\"},{\"@type\":\"ListItem\",\"position\":3,\"name\":\"Aceite de onagra en c\u00e1psulas blandas\"}]},{\"@type\":\"WebSite\",\"@id\":\"https:\/\/jeaken.com\/es\/#website\",\"url\":\"https:\/\/jeaken.com\/es\/\",\"name\":\"JeaKen\",\"description\":\"Organic Supplements for Health, Fitness and Nutrition\",\"publisher\":{\"@id\":\"https:\/\/jeaken.com\/es\/#organization\"},\"potentialAction\":[{\"@type\":\"SearchAction\",\"target\":{\"@type\":\"EntryPoint\",\"urlTemplate\":\"https:\/\/jeaken.com\/es\/?s={search_term_string}\"},\"query-input\":\"required name=search_term_string\"}],\"inLanguage\":\"es-ES\"},{\"@type\":\"Organization\",\"@id\":\"https:\/\/jeaken.com\/es\/#organization\",\"name\":\"JeaKen\",\"url\":\"https:\/\/jeaken.com\/es\/\",\"logo\":{\"@type\":\"ImageObject\",\"inLanguage\":\"es-ES\",\"@id\":\"https:\/\/jeaken.com\/es\/#\/schema\/logo\/image\/\",\"url\":\"https:\/\/jeaken.com\/wp-content\/uploads\/2022\/06\/jeaken-logo-23.png\",\"contentUrl\":\"https:\/\/jeaken.com\/wp-content\/uploads\/2022\/06\/jeaken-logo-23.png\",\"width\":2486,\"height\":736,\"caption\":\"JeaKen\"},\"image\":{\"@id\":\"https:\/\/jeaken.com\/es\/#\/schema\/logo\/image\/\"}}]}<\/script>\n<!-- \/ Yoast SEO plugin. -->","yoast_head_json":{"title":"Aceite de onagra en c\u00e1psulas blandas - JeaKen","robots":{"index":"index","follow":"follow","max-snippet":"max-snippet:-1","max-image-preview":"max-image-preview:large","max-video-preview":"max-video-preview:-1"},"canonical":"https:\/\/jeaken.com\/es\/producto\/aceite-de-onagra-en-capsulas-blandas\/","og_locale":"es_ES","og_type":"article","og_title":"Aceite de onagra en c\u00e1psulas blandas - JeaKen","og_description":"Inmunidad natural y alivio de los s\u00edntomas menstruales.","og_url":"https:\/\/jeaken.com\/es\/producto\/aceite-de-onagra-en-capsulas-blandas\/","og_site_name":"JeaKen","article_modified_time":"2022-08-09T14:14:38+00:00","og_image":[{"width":800,"height":800,"url":"https:\/\/jeaken.com\/wp-content\/uploads\/2022\/07\/EVENING-PRIMROSE-OIL-SOFTGELS-By-JeaKen-\u2013-Premium-Evening-Primrose-Oil-Organic.jpg","type":"image\/jpeg"}],"twitter_card":"summary_large_image","twitter_misc":{"Est. reading time":"1 minute"},"schema":{"@context":"https:\/\/schema.org","@graph":[{"@type":"WebPage","@id":"https:\/\/jeaken.com\/es\/producto\/aceite-de-onagra-en-capsulas-blandas\/","url":"https:\/\/jeaken.com\/es\/producto\/aceite-de-onagra-en-capsulas-blandas\/","name":"Aceite de onagra en c\u00e1psulas blandas - JeaKen","isPartOf":{"@id":"https:\/\/jeaken.com\/es\/#website"},"primaryImageOfPage":{"@id":"https:\/\/jeaken.com\/es\/producto\/aceite-de-onagra-en-capsulas-blandas\/#primaryimage"},"image":{"@id":"https:\/\/jeaken.com\/es\/producto\/aceite-de-onagra-en-capsulas-blandas\/#primaryimage"},"thumbnailUrl":"https:\/\/jeaken.com\/wp-content\/uploads\/2022\/07\/EVENING-PRIMROSE-OIL-SOFTGELS-By-JeaKen-\u2013-Premium-Evening-Primrose-Oil-Organic.jpg","datePublished":"2022-07-21T18:18:16+00:00","dateModified":"2022-08-09T14:14:38+00:00","breadcrumb":{"@id":"https:\/\/jeaken.com\/es\/producto\/aceite-de-onagra-en-capsulas-blandas\/#breadcrumb"},"inLanguage":"es-ES","potentialAction":[{"@type":"ReadAction","target":["https:\/\/jeaken.com\/es\/producto\/aceite-de-onagra-en-capsulas-blandas\/"]}]},{"@type":"ImageObject","inLanguage":"es-ES","@id":"https:\/\/jeaken.com\/es\/producto\/aceite-de-onagra-en-capsulas-blandas\/#primaryimage","url":"https:\/\/jeaken.com\/wp-content\/uploads\/2022\/07\/EVENING-PRIMROSE-OIL-SOFTGELS-By-JeaKen-\u2013-Premium-Evening-Primrose-Oil-Organic.jpg","contentUrl":"https:\/\/jeaken.com\/wp-content\/uploads\/2022\/07\/EVENING-PRIMROSE-OIL-SOFTGELS-By-JeaKen-\u2013-Premium-Evening-Primrose-Oil-Organic.jpg","width":800,"height":800,"caption":"Evening Primrose Oil Softgels"},{"@type":"BreadcrumbList","@id":"https:\/\/jeaken.com\/es\/producto\/aceite-de-onagra-en-capsulas-blandas\/#breadcrumb","itemListElement":[{"@type":"ListItem","position":1,"name":"Home","item":"https:\/\/jeaken.com\/es\/"},{"@type":"ListItem","position":2,"name":"Private: Shop","item":"https:\/\/jeaken.com\/shop\/"},{"@type":"ListItem","position":3,"name":"Aceite de onagra en c\u00e1psulas blandas"}]},{"@type":"WebSite","@id":"https:\/\/jeaken.com\/es\/#website","url":"https:\/\/jeaken.com\/es\/","name":"JeaKen","description":"Organic Supplements for Health, Fitness and Nutrition","publisher":{"@id":"https:\/\/jeaken.com\/es\/#organization"},"potentialAction":[{"@type":"SearchAction","target":{"@type":"EntryPoint","urlTemplate":"https:\/\/jeaken.com\/es\/?s={search_term_string}"},"query-input":"required name=search_term_string"}],"inLanguage":"es-ES"},{"@type":"Organization","@id":"https:\/\/jeaken.com\/es\/#organization","name":"JeaKen","url":"https:\/\/jeaken.com\/es\/","logo":{"@type":"ImageObject","inLanguage":"es-ES","@id":"https:\/\/jeaken.com\/es\/#\/schema\/logo\/image\/","url":"https:\/\/jeaken.com\/wp-content\/uploads\/2022\/06\/jeaken-logo-23.png","contentUrl":"https:\/\/jeaken.com\/wp-content\/uploads\/2022\/06\/jeaken-logo-23.png","width":2486,"height":736,"caption":"JeaKen"},"image":{"@id":"https:\/\/jeaken.com\/es\/#\/schema\/logo\/image\/"}}]}},"jetpack_sharing_enabled":true,"_links":{"self":[{"href":"https:\/\/jeaken.com\/es\/wp-json\/wp\/v2\/product\/6871","targetHints":{"allow":["GET"]}}],"collection":[{"href":"https:\/\/jeaken.com\/es\/wp-json\/wp\/v2\/product"}],"about":[{"href":"https:\/\/jeaken.com\/es\/wp-json\/wp\/v2\/types\/product"}],"wp:featuredmedia":[{"embeddable":true,"href":"https:\/\/jeaken.com\/es\/wp-json\/wp\/v2\/media\/3617"}],"wp:attachment":[{"href":"https:\/\/jeaken.com\/es\/wp-json\/wp\/v2\/media?parent=6871"}],"wp:term":[{"taxonomy":"product_cat","embeddable":true,"href":"https:\/\/jeaken.com\/es\/wp-json\/wp\/v2\/product_cat?post=6871"},{"taxonomy":"product_tag","embeddable":true,"href":"https:\/\/jeaken.com\/es\/wp-json\/wp\/v2\/product_tag?post=6871"}],"curies":[{"name":"wp","href":"https:\/\/api.w.org\/{rel}","templated":true}]}}