{"id":6867,"date":"2022-07-21T19:18:16","date_gmt":"2022-07-21T18:18:16","guid":{"rendered":"https:\/1658920591610?product=monohidrato-de-creatina-puro-suplemento-en-polvo-para-ganar-musculo-y-para-despues-del-entrenamiento-500g"},"modified":"2022-08-09T15:14:36","modified_gmt":"2022-08-09T14:14:36","slug":"monohidrato-de-creatina-puro-suplemento-en-polvo-para-ganar-musculo-y-para-despues-del-entrenamiento-500g","status":"publish","type":"product","link":"https:\/\/jeaken.com\/es\/producto\/monohidrato-de-creatina-puro-suplemento-en-polvo-para-ganar-musculo-y-para-despues-del-entrenamiento-500g\/","title":{"rendered":"Monohidrato de creatina puro &#8211; Suplemento en polvo para ganar m\u00fasculo y para despu\u00e9s del entrenamiento (500g)"},"content":{"rendered":"<p><span class=\"a-list-item\">\u2705 MEJORA EL RENDIMIENTO F\u00cdSICO &#8211; \u00bfBuscas aumentar tu rendimiento al hacer ejercicio? Nuestro monohidrato de creatina en polvo aumenta el rendimiento f\u00edsico en las sucesivas explosiones de ejercicio de alta intensidad de corta duraci\u00f3n.<\/span><\/p>\n<p><span class=\"a-list-item\">\u2705 RECUPERACI\u00d3N MUSCULAR ANTES DEL ENTRENAMIENTO &#8211; Los polvos de creatina pueden ser beneficiosos para la recuperaci\u00f3n muscular. Algunos estudios afirman que la creatina micronizada puede ayudar a mejorar la recuperaci\u00f3n muscular y la recuperaci\u00f3n del ejercicio, como por ejemplo maximizar los resultados del entrenamiento de fuerza.<\/span><\/p>\n<p><span class=\"a-list-item\">\u2705 CRECIMIENTO MUSCULAR &#8211; El polvo de creatina JeaKen tiene una r\u00e1pida absorci\u00f3n y poder de explosi\u00f3n con un tiempo de recuperaci\u00f3n m\u00e1s r\u00e1pido que cualquier c\u00e1psula de monohidrato de creatina o tableta de monohidrato de creatina. Puede ser \u00fatil para aumentar el contenido de agua de los m\u00fasculos, aumentando as\u00ed su tama\u00f1o. Este suplemento puede mostrar sus propiedades para aumentar el tama\u00f1o de las fibras musculares.<\/span><\/p>\n<p><span class=\"a-list-item\">CONVENIENTE &#8211; Nuestro monohidrato de creatina en polvo no tiene sabor y se mezcla con facilidad en agua, zumos de frutas o batidos sin ning\u00fan sabor arenoso, por lo que es una opci\u00f3n sencilla y sin complicaciones para despu\u00e9s del entrenamiento.<\/span><\/p>\n<p><span class=\"a-list-item\">\u2705 CALIDAD EN LA QUE PUEDES CONFIAR &#8211; El monohidrato de creatina en polvo de JeaKen es apto para veganos y vegetarianos. Todos los productos de creatina en polvo de JeaKen se fabrican en el Reino Unido bajo el estricto c\u00f3digo de pr\u00e1cticas GMP, los m\u00e1s altos est\u00e1ndares de fabricaci\u00f3n en el mundo a diferencia de otras marcas importadas y vienen con una GARANT\u00cdA DEL 100% DE DINERO.<\/span><\/p>\n","protected":false},"excerpt":{"rendered":"<p><strong>  MONOHIDRATO DE CREATINA EN POLVO Por JeaKen &#8230;<\/strong><\/p>\n<p><strong>\u00bfEst\u00e1 buscando impulsar su crecimiento muscular &#8211; aumentar el volumen de las c\u00e9lulas musculares?<\/strong><\/p>\n<p>Entonces no busques m\u00e1s &#8211; \u00a1El MONOHIDRATO DE CREATINA EN POLVO de JeaKen es perfecto para ti!<\/p>\n<p><strong>\u00bfPor qu\u00e9 elegir CREATINE MONOHYDRATE POWDER By JeaKen?<\/strong><\/p>\n<p>Nuestro monohidrato de creatina 100% micronizado se somete a pruebas de HPLC y se analiza su pureza, adem\u00e1s, es<\/p>\n<p>Libre de diciandiamida (DCD).<\/p>\n<p><strong>BENEFICIOS CLAVE:<\/strong><\/p>\n<p>Creatina Monohidrato 500g la creatina en polvo para el crecimiento muscular puede;<\/p>\n<p>* Aumentar el volumen de las c\u00e9lulas musculares.<\/p>\n<p>* Aumenta la potencia explosiva.<\/p>\n<p>* Aumentar la resistencia.<\/p>\n<p>* Permitir una recuperaci\u00f3n m\u00e1s r\u00e1pida.<\/p>\n<p><strong>USO SUGERIDO:<\/strong><\/p>\n<p>Monohidrato de creatina 5g por porci\u00f3n.Dosis de carga: 20gms por d\u00eda durante 5 d\u00edas (a 4 x 5gms a lo largo del d\u00eda) o 25gms por d\u00eda durante 4 d\u00edas (a 5 x 5gms a lo largo del d\u00eda).<\/p>\n<p><strong>DOSIS DE MANTENIMIENTO:<\/strong><\/p>\n<p>5gms al d\u00eda (una cucharadita ligeramente colmada de 5ml aproximadamente). Tomar durante unas 7-10 semanas con<\/p>\n<p>dos o tres semanas de descanso, antes de recargar y mantener.<\/p>\n<p><strong>COMPRARLO AHORA  <\/strong><\/p>\n<p><strong>Haga clic en &#8220;A\u00d1ADIR AL CARRITO&#8221; ahora, mientras duren las existencias.<\/strong><\/p>\n","protected":false},"featured_media":3421,"template":"","meta":{"site-sidebar-layout":"default","site-content-layout":"default","ast-site-content-layout":"default","site-content-style":"default","site-sidebar-style":"default","ast-global-header-display":"","ast-banner-title-visibility":"","ast-main-header-display":"","ast-hfb-above-header-display":"","ast-hfb-below-header-display":"","ast-hfb-mobile-header-display":"","site-post-title":"","ast-breadcrumbs-content":"","ast-featured-img":"","footer-sml-layout":"","theme-transparent-header-meta":"default","adv-header-id-meta":"","stick-header-meta":"default","header-above-stick-meta":"","header-main-stick-meta":"","header-below-stick-meta":"","astra-migrate-meta-layouts":"default","ast-page-background-enabled":"default","ast-page-background-meta":{"desktop":{"background-color":"","background-image":"","background-repeat":"repeat","background-position":"center center","background-size":"auto","background-attachment":"scroll","background-type":"","background-media":"","overlay-type":"","overlay-color":"","overlay-opacity":"","overlay-gradient":""},"tablet":{"background-color":"","background-image":"","background-repeat":"repeat","background-position":"center center","background-size":"auto","background-attachment":"scroll","background-type":"","background-media":"","overlay-type":"","overlay-color":"","overlay-opacity":"","overlay-gradient":""},"mobile":{"background-color":"","background-image":"","background-repeat":"repeat","background-position":"center center","background-size":"auto","background-attachment":"scroll","background-type":"","background-media":"","overlay-type":"","overlay-color":"","overlay-opacity":"","overlay-gradient":""}},"ast-content-background-meta":{"desktop":{"background-color":"var(--ast-global-color-5)","background-image":"","background-repeat":"repeat","background-position":"center center","background-size":"auto","background-attachment":"scroll","background-type":"","background-media":"","overlay-type":"","overlay-color":"","overlay-opacity":"","overlay-gradient":""},"tablet":{"background-color":"var(--ast-global-color-5)","background-image":"","background-repeat":"repeat","background-position":"center center","background-size":"auto","background-attachment":"scroll","background-type":"","background-media":"","overlay-type":"","overlay-color":"","overlay-opacity":"","overlay-gradient":""},"mobile":{"background-color":"var(--ast-global-color-5)","background-image":"","background-repeat":"repeat","background-position":"center center","background-size":"auto","background-attachment":"scroll","background-type":"","background-media":"","overlay-type":"","overlay-color":"","overlay-opacity":"","overlay-gradient":""}}},"product_cat":[591],"product_tag":[970,973,980,989,992,995,975,983,986],"class_list":{"0":"post-6867","1":"product","2":"type-product","3":"status-publish","4":"has-post-thumbnail","6":"product_cat-nutricion-deportiva","7":"product_tag-capsula-de-creatina","8":"product_tag-capsulas-de-creatina","9":"product_tag-capsulas-de-monohidrato-de-creatina","10":"product_tag-creatina-en-polvo","11":"product_tag-creatina-en-polvo-es","12":"product_tag-creatina-micronizada","13":"product_tag-monohidrato-de-creatina","14":"product_tag-monohidrato-de-creatina-en-polvo","15":"product_tag-tableta-de-monohidrato-de-creatina","16":"has-subscription-plans","17":"desktop-align-left","18":"tablet-align-left","19":"mobile-align-left","21":"first","22":"outofstock","23":"taxable","24":"shipping-taxable","25":"purchasable","26":"product-type-simple"},"yoast_head":"<!-- This site is optimized with the Yoast SEO plugin v22.7 - https:\/\/yoast.com\/wordpress\/plugins\/seo\/ -->\n<title>Monohidrato de creatina puro - Suplemento en polvo para ganar m\u00fasculo y para despu\u00e9s del entrenamiento (500g) - JeaKen<\/title>\n<meta name=\"robots\" content=\"index, follow, max-snippet:-1, max-image-preview:large, max-video-preview:-1\" \/>\n<link rel=\"canonical\" href=\"https:\/\/jeaken.com\/es\/producto\/monohidrato-de-creatina-puro-suplemento-en-polvo-para-ganar-musculo-y-para-despues-del-entrenamiento-500g\/\" \/>\n<meta property=\"og:locale\" content=\"es_ES\" \/>\n<meta property=\"og:type\" content=\"article\" \/>\n<meta property=\"og:title\" content=\"Monohidrato de creatina puro - Suplemento en polvo para ganar m\u00fasculo y para despu\u00e9s del entrenamiento (500g) - JeaKen\" \/>\n<meta property=\"og:description\" content=\"MONOHIDRATO DE CREATINA EN POLVO Por JeaKen ... \u00bfEst\u00e1 buscando impulsar su crecimiento muscular - aumentar el volumen de las c\u00e9lulas musculares? Entonces no busques m\u00e1s - \u00a1El MONOHIDRATO DE CREATINA EN POLVO de JeaKen es perfecto para ti! \u00bfPor qu\u00e9 elegir CREATINE MONOHYDRATE POWDER By JeaKen? Nuestro monohidrato de creatina 100% micronizado se somete a pruebas de HPLC y se analiza su pureza, adem\u00e1s, es Libre de diciandiamida (DCD). BENEFICIOS CLAVE: Creatina Monohidrato 500g la creatina en polvo para el crecimiento muscular puede; * Aumentar el volumen de las c\u00e9lulas musculares. * Aumenta la potencia explosiva. * Aumentar la resistencia. * Permitir una recuperaci\u00f3n m\u00e1s r\u00e1pida. USO SUGERIDO: Monohidrato de creatina 5g por porci\u00f3n.Dosis de carga: 20gms por d\u00eda durante 5 d\u00edas (a 4 x 5gms a lo largo del d\u00eda) o 25gms por d\u00eda durante 4 d\u00edas (a 5 x 5gms a lo largo del d\u00eda). DOSIS DE MANTENIMIENTO: 5gms al d\u00eda (una cucharadita ligeramente colmada de 5ml aproximadamente). Tomar durante unas 7-10 semanas con dos o tres semanas de descanso, antes de recargar y mantener. COMPRARLO AHORA  Haga clic en &quot;A\u00d1ADIR AL CARRITO&quot; ahora, mientras duren las existencias.\" \/>\n<meta property=\"og:url\" content=\"https:\/\/jeaken.com\/es\/producto\/monohidrato-de-creatina-puro-suplemento-en-polvo-para-ganar-musculo-y-para-despues-del-entrenamiento-500g\/\" \/>\n<meta property=\"og:site_name\" content=\"JeaKen\" \/>\n<meta property=\"article:modified_time\" content=\"2022-08-09T14:14:36+00:00\" \/>\n<meta property=\"og:image\" content=\"https:\/\/jeaken.com\/wp-content\/uploads\/2022\/07\/71grcDW-M9L._AC_SL1500_-1.jpg\" \/>\n\t<meta property=\"og:image:width\" content=\"600\" \/>\n\t<meta property=\"og:image:height\" content=\"600\" \/>\n\t<meta property=\"og:image:type\" content=\"image\/jpeg\" \/>\n<meta name=\"twitter:card\" content=\"summary_large_image\" \/>\n<meta name=\"twitter:label1\" content=\"Est. reading time\" \/>\n\t<meta name=\"twitter:data1\" content=\"1 minute\" \/>\n<script type=\"application\/ld+json\" class=\"yoast-schema-graph\">{\"@context\":\"https:\/\/schema.org\",\"@graph\":[{\"@type\":\"WebPage\",\"@id\":\"https:\/\/jeaken.com\/es\/producto\/monohidrato-de-creatina-puro-suplemento-en-polvo-para-ganar-musculo-y-para-despues-del-entrenamiento-500g\/\",\"url\":\"https:\/\/jeaken.com\/es\/producto\/monohidrato-de-creatina-puro-suplemento-en-polvo-para-ganar-musculo-y-para-despues-del-entrenamiento-500g\/\",\"name\":\"Monohidrato de creatina puro - Suplemento en polvo para ganar m\u00fasculo y para despu\u00e9s del entrenamiento (500g) - JeaKen\",\"isPartOf\":{\"@id\":\"https:\/\/jeaken.com\/es\/#website\"},\"primaryImageOfPage\":{\"@id\":\"https:\/\/jeaken.com\/es\/producto\/monohidrato-de-creatina-puro-suplemento-en-polvo-para-ganar-musculo-y-para-despues-del-entrenamiento-500g\/#primaryimage\"},\"image\":{\"@id\":\"https:\/\/jeaken.com\/es\/producto\/monohidrato-de-creatina-puro-suplemento-en-polvo-para-ganar-musculo-y-para-despues-del-entrenamiento-500g\/#primaryimage\"},\"thumbnailUrl\":\"https:\/\/jeaken.com\/wp-content\/uploads\/2022\/07\/71grcDW-M9L._AC_SL1500_-1.jpg\",\"datePublished\":\"2022-07-21T18:18:16+00:00\",\"dateModified\":\"2022-08-09T14:14:36+00:00\",\"breadcrumb\":{\"@id\":\"https:\/\/jeaken.com\/es\/producto\/monohidrato-de-creatina-puro-suplemento-en-polvo-para-ganar-musculo-y-para-despues-del-entrenamiento-500g\/#breadcrumb\"},\"inLanguage\":\"es-ES\",\"potentialAction\":[{\"@type\":\"ReadAction\",\"target\":[\"https:\/\/jeaken.com\/es\/producto\/monohidrato-de-creatina-puro-suplemento-en-polvo-para-ganar-musculo-y-para-despues-del-entrenamiento-500g\/\"]}]},{\"@type\":\"ImageObject\",\"inLanguage\":\"es-ES\",\"@id\":\"https:\/\/jeaken.com\/es\/producto\/monohidrato-de-creatina-puro-suplemento-en-polvo-para-ganar-musculo-y-para-despues-del-entrenamiento-500g\/#primaryimage\",\"url\":\"https:\/\/jeaken.com\/wp-content\/uploads\/2022\/07\/71grcDW-M9L._AC_SL1500_-1.jpg\",\"contentUrl\":\"https:\/\/jeaken.com\/wp-content\/uploads\/2022\/07\/71grcDW-M9L._AC_SL1500_-1.jpg\",\"width\":600,\"height\":600,\"caption\":\"Pure Creatine Monohydrate - Muscle Gainer and Post Work Out Powder Supplement\"},{\"@type\":\"BreadcrumbList\",\"@id\":\"https:\/\/jeaken.com\/es\/producto\/monohidrato-de-creatina-puro-suplemento-en-polvo-para-ganar-musculo-y-para-despues-del-entrenamiento-500g\/#breadcrumb\",\"itemListElement\":[{\"@type\":\"ListItem\",\"position\":1,\"name\":\"Home\",\"item\":\"https:\/\/jeaken.com\/es\/\"},{\"@type\":\"ListItem\",\"position\":2,\"name\":\"Private: Shop\",\"item\":\"https:\/\/jeaken.com\/shop\/\"},{\"@type\":\"ListItem\",\"position\":3,\"name\":\"Monohidrato de creatina puro &#8211; Suplemento en polvo para ganar m\u00fasculo y para despu\u00e9s del entrenamiento (500g)\"}]},{\"@type\":\"WebSite\",\"@id\":\"https:\/\/jeaken.com\/es\/#website\",\"url\":\"https:\/\/jeaken.com\/es\/\",\"name\":\"JeaKen\",\"description\":\"Organic Supplements for Health, Fitness and Nutrition\",\"publisher\":{\"@id\":\"https:\/\/jeaken.com\/es\/#organization\"},\"potentialAction\":[{\"@type\":\"SearchAction\",\"target\":{\"@type\":\"EntryPoint\",\"urlTemplate\":\"https:\/\/jeaken.com\/es\/?s={search_term_string}\"},\"query-input\":\"required name=search_term_string\"}],\"inLanguage\":\"es-ES\"},{\"@type\":\"Organization\",\"@id\":\"https:\/\/jeaken.com\/es\/#organization\",\"name\":\"JeaKen\",\"url\":\"https:\/\/jeaken.com\/es\/\",\"logo\":{\"@type\":\"ImageObject\",\"inLanguage\":\"es-ES\",\"@id\":\"https:\/\/jeaken.com\/es\/#\/schema\/logo\/image\/\",\"url\":\"https:\/\/jeaken.com\/wp-content\/uploads\/2022\/06\/jeaken-logo-23.png\",\"contentUrl\":\"https:\/\/jeaken.com\/wp-content\/uploads\/2022\/06\/jeaken-logo-23.png\",\"width\":2486,\"height\":736,\"caption\":\"JeaKen\"},\"image\":{\"@id\":\"https:\/\/jeaken.com\/es\/#\/schema\/logo\/image\/\"}}]}<\/script>\n<!-- \/ Yoast SEO plugin. -->","yoast_head_json":{"title":"Monohidrato de creatina puro - Suplemento en polvo para ganar m\u00fasculo y para despu\u00e9s del entrenamiento (500g) - JeaKen","robots":{"index":"index","follow":"follow","max-snippet":"max-snippet:-1","max-image-preview":"max-image-preview:large","max-video-preview":"max-video-preview:-1"},"canonical":"https:\/\/jeaken.com\/es\/producto\/monohidrato-de-creatina-puro-suplemento-en-polvo-para-ganar-musculo-y-para-despues-del-entrenamiento-500g\/","og_locale":"es_ES","og_type":"article","og_title":"Monohidrato de creatina puro - Suplemento en polvo para ganar m\u00fasculo y para despu\u00e9s del entrenamiento (500g) - JeaKen","og_description":"MONOHIDRATO DE CREATINA EN POLVO Por JeaKen ... \u00bfEst\u00e1 buscando impulsar su crecimiento muscular - aumentar el volumen de las c\u00e9lulas musculares? Entonces no busques m\u00e1s - \u00a1El MONOHIDRATO DE CREATINA EN POLVO de JeaKen es perfecto para ti! \u00bfPor qu\u00e9 elegir CREATINE MONOHYDRATE POWDER By JeaKen? Nuestro monohidrato de creatina 100% micronizado se somete a pruebas de HPLC y se analiza su pureza, adem\u00e1s, es Libre de diciandiamida (DCD). BENEFICIOS CLAVE: Creatina Monohidrato 500g la creatina en polvo para el crecimiento muscular puede; * Aumentar el volumen de las c\u00e9lulas musculares. * Aumenta la potencia explosiva. * Aumentar la resistencia. * Permitir una recuperaci\u00f3n m\u00e1s r\u00e1pida. USO SUGERIDO: Monohidrato de creatina 5g por porci\u00f3n.Dosis de carga: 20gms por d\u00eda durante 5 d\u00edas (a 4 x 5gms a lo largo del d\u00eda) o 25gms por d\u00eda durante 4 d\u00edas (a 5 x 5gms a lo largo del d\u00eda). DOSIS DE MANTENIMIENTO: 5gms al d\u00eda (una cucharadita ligeramente colmada de 5ml aproximadamente). Tomar durante unas 7-10 semanas con dos o tres semanas de descanso, antes de recargar y mantener. COMPRARLO AHORA  Haga clic en \"A\u00d1ADIR AL CARRITO\" ahora, mientras duren las existencias.","og_url":"https:\/\/jeaken.com\/es\/producto\/monohidrato-de-creatina-puro-suplemento-en-polvo-para-ganar-musculo-y-para-despues-del-entrenamiento-500g\/","og_site_name":"JeaKen","article_modified_time":"2022-08-09T14:14:36+00:00","og_image":[{"width":600,"height":600,"url":"https:\/\/jeaken.com\/wp-content\/uploads\/2022\/07\/71grcDW-M9L._AC_SL1500_-1.jpg","type":"image\/jpeg"}],"twitter_card":"summary_large_image","twitter_misc":{"Est. reading time":"1 minute"},"schema":{"@context":"https:\/\/schema.org","@graph":[{"@type":"WebPage","@id":"https:\/\/jeaken.com\/es\/producto\/monohidrato-de-creatina-puro-suplemento-en-polvo-para-ganar-musculo-y-para-despues-del-entrenamiento-500g\/","url":"https:\/\/jeaken.com\/es\/producto\/monohidrato-de-creatina-puro-suplemento-en-polvo-para-ganar-musculo-y-para-despues-del-entrenamiento-500g\/","name":"Monohidrato de creatina puro - Suplemento en polvo para ganar m\u00fasculo y para despu\u00e9s del entrenamiento (500g) - JeaKen","isPartOf":{"@id":"https:\/\/jeaken.com\/es\/#website"},"primaryImageOfPage":{"@id":"https:\/\/jeaken.com\/es\/producto\/monohidrato-de-creatina-puro-suplemento-en-polvo-para-ganar-musculo-y-para-despues-del-entrenamiento-500g\/#primaryimage"},"image":{"@id":"https:\/\/jeaken.com\/es\/producto\/monohidrato-de-creatina-puro-suplemento-en-polvo-para-ganar-musculo-y-para-despues-del-entrenamiento-500g\/#primaryimage"},"thumbnailUrl":"https:\/\/jeaken.com\/wp-content\/uploads\/2022\/07\/71grcDW-M9L._AC_SL1500_-1.jpg","datePublished":"2022-07-21T18:18:16+00:00","dateModified":"2022-08-09T14:14:36+00:00","breadcrumb":{"@id":"https:\/\/jeaken.com\/es\/producto\/monohidrato-de-creatina-puro-suplemento-en-polvo-para-ganar-musculo-y-para-despues-del-entrenamiento-500g\/#breadcrumb"},"inLanguage":"es-ES","potentialAction":[{"@type":"ReadAction","target":["https:\/\/jeaken.com\/es\/producto\/monohidrato-de-creatina-puro-suplemento-en-polvo-para-ganar-musculo-y-para-despues-del-entrenamiento-500g\/"]}]},{"@type":"ImageObject","inLanguage":"es-ES","@id":"https:\/\/jeaken.com\/es\/producto\/monohidrato-de-creatina-puro-suplemento-en-polvo-para-ganar-musculo-y-para-despues-del-entrenamiento-500g\/#primaryimage","url":"https:\/\/jeaken.com\/wp-content\/uploads\/2022\/07\/71grcDW-M9L._AC_SL1500_-1.jpg","contentUrl":"https:\/\/jeaken.com\/wp-content\/uploads\/2022\/07\/71grcDW-M9L._AC_SL1500_-1.jpg","width":600,"height":600,"caption":"Pure Creatine Monohydrate - Muscle Gainer and Post Work Out Powder Supplement"},{"@type":"BreadcrumbList","@id":"https:\/\/jeaken.com\/es\/producto\/monohidrato-de-creatina-puro-suplemento-en-polvo-para-ganar-musculo-y-para-despues-del-entrenamiento-500g\/#breadcrumb","itemListElement":[{"@type":"ListItem","position":1,"name":"Home","item":"https:\/\/jeaken.com\/es\/"},{"@type":"ListItem","position":2,"name":"Private: Shop","item":"https:\/\/jeaken.com\/shop\/"},{"@type":"ListItem","position":3,"name":"Monohidrato de creatina puro &#8211; Suplemento en polvo para ganar m\u00fasculo y para despu\u00e9s del entrenamiento (500g)"}]},{"@type":"WebSite","@id":"https:\/\/jeaken.com\/es\/#website","url":"https:\/\/jeaken.com\/es\/","name":"JeaKen","description":"Organic Supplements for Health, Fitness and Nutrition","publisher":{"@id":"https:\/\/jeaken.com\/es\/#organization"},"potentialAction":[{"@type":"SearchAction","target":{"@type":"EntryPoint","urlTemplate":"https:\/\/jeaken.com\/es\/?s={search_term_string}"},"query-input":"required name=search_term_string"}],"inLanguage":"es-ES"},{"@type":"Organization","@id":"https:\/\/jeaken.com\/es\/#organization","name":"JeaKen","url":"https:\/\/jeaken.com\/es\/","logo":{"@type":"ImageObject","inLanguage":"es-ES","@id":"https:\/\/jeaken.com\/es\/#\/schema\/logo\/image\/","url":"https:\/\/jeaken.com\/wp-content\/uploads\/2022\/06\/jeaken-logo-23.png","contentUrl":"https:\/\/jeaken.com\/wp-content\/uploads\/2022\/06\/jeaken-logo-23.png","width":2486,"height":736,"caption":"JeaKen"},"image":{"@id":"https:\/\/jeaken.com\/es\/#\/schema\/logo\/image\/"}}]}},"jetpack_sharing_enabled":true,"_links":{"self":[{"href":"https:\/\/jeaken.com\/es\/wp-json\/wp\/v2\/product\/6867","targetHints":{"allow":["GET"]}}],"collection":[{"href":"https:\/\/jeaken.com\/es\/wp-json\/wp\/v2\/product"}],"about":[{"href":"https:\/\/jeaken.com\/es\/wp-json\/wp\/v2\/types\/product"}],"wp:featuredmedia":[{"embeddable":true,"href":"https:\/\/jeaken.com\/es\/wp-json\/wp\/v2\/media\/3421"}],"wp:attachment":[{"href":"https:\/\/jeaken.com\/es\/wp-json\/wp\/v2\/media?parent=6867"}],"wp:term":[{"taxonomy":"product_cat","embeddable":true,"href":"https:\/\/jeaken.com\/es\/wp-json\/wp\/v2\/product_cat?post=6867"},{"taxonomy":"product_tag","embeddable":true,"href":"https:\/\/jeaken.com\/es\/wp-json\/wp\/v2\/product_tag?post=6867"}],"curies":[{"name":"wp","href":"https:\/\/api.w.org\/{rel}","templated":true}]}}