{"id":6859,"date":"2022-07-21T19:18:17","date_gmt":"2022-07-21T18:18:17","guid":{"rendered":"https:\/1658920591610?product=espirulina-hawaiana-superalimento-natural-alto-en-fibra-alimentos-verdes-ideales-para-batidos-y-nutricion-deportiva-120-capsulas-veganas"},"modified":"2022-08-09T15:14:09","modified_gmt":"2022-08-09T14:14:09","slug":"espirulina-hawaiana-superalimento-natural-alto-en-fibra-alimentos-verdes-ideales-para-batidos-y-nutricion-deportiva-120-capsulas-veganas","status":"publish","type":"product","link":"https:\/\/jeaken.com\/es\/producto\/espirulina-hawaiana-superalimento-natural-alto-en-fibra-alimentos-verdes-ideales-para-batidos-y-nutricion-deportiva-120-capsulas-veganas\/","title":{"rendered":"Espirulina hawaiana &#8211; Superalimento natural, alto en fibra &#8211; Alimentos verdes ideales para batidos y nutrici\u00f3n deportiva &#8211; (120 c\u00e1psulas veganas)"},"content":{"rendered":"<p><strong>EL SUPERALIMENTO M\u00c1S RICO DE LA NATURALEZA  <\/strong><\/p>\n<p>La espirulina hawaiana est\u00e1 repleta de antioxidantes, vitaminas y minerales, y contiene algunos de los niveles m\u00e1s altos de prote\u00ednas de cualquier fuente vegetal o animal. Este superalimento contiene hasta un 70% de prote\u00ednas completas digeribles, altos niveles de hierro, betacaroteno y otros nutrientes que mejoran la salud, como la vitamina B12, la vitamina K, la clorofila y la ficocianina.<\/p>\n<p><strong>AUMENTA LA ENERG\u00cdA Y LA INMUNIDAD  <\/strong><\/p>\n<p>Gramo por gramo, la espirulina hawaiana tiene un 2800% m\u00e1s de betacaroteno que las zanahorias y un 280% m\u00e1s de potencia antioxidante que los ar\u00e1ndanos. Cada porci\u00f3n de 3g de espirulina hawaiana contiene niveles m\u00e1s altos de algunos antioxidantes clave, enzimas, vitaminas y minerales que 5 porciones de frutas y verduras.<\/p>\n<p><strong>MEJORA LA REGENERACI\u00d3N DE LA PIEL Y LAS MUCOSAS  <\/strong><\/p>\n<p>La espirulina es muy bien absorbida por los tejidos humanos ya que la composici\u00f3n qu\u00edmica del citoplasma de la espirulina es similar a la del plasma humano. En forma de mascarilla, act\u00faa para regenerar, reafirmar y rejuvenecer la piel.<\/p>\n<p><strong>M\u00c1XIMA CALIDAD Y SEGURIDAD  <\/strong><\/p>\n<p>Nuestro suplemento vegano de la granja a la botella se cultiva en una instalaci\u00f3n con certificaci\u00f3n GMP de EE.UU. con un amplio control de calidad y pruebas de cada lote. Nuestras c\u00e1psulas no contienen gluten ni soja y no contienen rellenos, conservantes ni colorantes.<\/p>\n","protected":false},"excerpt":{"rendered":"<h4><strong>Un potente y eficaz superalimento para aumentar la energ\u00eda, mejorar la inmunidad y tener una piel m\u00e1s sana.<\/strong><\/h4>\n","protected":false},"featured_media":4316,"template":"","meta":{"site-sidebar-layout":"default","site-content-layout":"default","ast-site-content-layout":"default","site-content-style":"default","site-sidebar-style":"default","ast-global-header-display":"","ast-banner-title-visibility":"","ast-main-header-display":"","ast-hfb-above-header-display":"","ast-hfb-below-header-display":"","ast-hfb-mobile-header-display":"","site-post-title":"","ast-breadcrumbs-content":"","ast-featured-img":"","footer-sml-layout":"","theme-transparent-header-meta":"default","adv-header-id-meta":"","stick-header-meta":"default","header-above-stick-meta":"","header-main-stick-meta":"","header-below-stick-meta":"","astra-migrate-meta-layouts":"default","ast-page-background-enabled":"default","ast-page-background-meta":{"desktop":{"background-color":"","background-image":"","background-repeat":"repeat","background-position":"center center","background-size":"auto","background-attachment":"scroll","background-type":"","background-media":"","overlay-type":"","overlay-color":"","overlay-opacity":"","overlay-gradient":""},"tablet":{"background-color":"","background-image":"","background-repeat":"repeat","background-position":"center center","background-size":"auto","background-attachment":"scroll","background-type":"","background-media":"","overlay-type":"","overlay-color":"","overlay-opacity":"","overlay-gradient":""},"mobile":{"background-color":"","background-image":"","background-repeat":"repeat","background-position":"center center","background-size":"auto","background-attachment":"scroll","background-type":"","background-media":"","overlay-type":"","overlay-color":"","overlay-opacity":"","overlay-gradient":""}},"ast-content-background-meta":{"desktop":{"background-color":"var(--ast-global-color-5)","background-image":"","background-repeat":"repeat","background-position":"center center","background-size":"auto","background-attachment":"scroll","background-type":"","background-media":"","overlay-type":"","overlay-color":"","overlay-opacity":"","overlay-gradient":""},"tablet":{"background-color":"var(--ast-global-color-5)","background-image":"","background-repeat":"repeat","background-position":"center center","background-size":"auto","background-attachment":"scroll","background-type":"","background-media":"","overlay-type":"","overlay-color":"","overlay-opacity":"","overlay-gradient":""},"mobile":{"background-color":"var(--ast-global-color-5)","background-image":"","background-repeat":"repeat","background-position":"center center","background-size":"auto","background-attachment":"scroll","background-type":"","background-media":"","overlay-type":"","overlay-color":"","overlay-opacity":"","overlay-gradient":""}}},"product_cat":[571],"product_tag":[889,897,885,908,887,904,891,895,893,906,899,913,901,909,910,915,903],"class_list":{"0":"post-6859","1":"product","2":"type-product","3":"status-publish","4":"has-post-thumbnail","6":"product_cat-estado-de-animo-y-bienestar","7":"product_tag-alimentos-verdes","8":"product_tag-alto-contenido-en-fibra","9":"product_tag-anti-x-es","10":"product_tag-calidad-superior","11":"product_tag-celulas-de-energia","12":"product_tag-no-gmo","13":"product_tag-pastillas-verdes","14":"product_tag-proteinas-saludables","15":"product_tag-salud-en-polvo","16":"product_tag-sobre-las-vitaminas","17":"product_tag-suplemento-energetico-natural","18":"product_tag-suplemento-vitaminico-mineral","19":"product_tag-suplementos-naturales","20":"product_tag-suplementos-para-veganos","21":"product_tag-vitamina-e-natural","22":"product_tag-vitamina-natural-es","23":"product_tag-vitamina-natural","24":"has-subscription-plans","25":"desktop-align-left","26":"tablet-align-left","27":"mobile-align-left","29":"first","30":"outofstock","31":"taxable","32":"shipping-taxable","33":"product-type-variable"},"yoast_head":"<!-- This site is optimized with the Yoast SEO plugin v22.7 - https:\/\/yoast.com\/wordpress\/plugins\/seo\/ -->\n<title>Espirulina hawaiana - Superalimento natural, alto en fibra - Alimentos verdes ideales para batidos y nutrici\u00f3n deportiva - (120 c\u00e1psulas veganas) - JeaKen<\/title>\n<meta name=\"robots\" content=\"index, follow, max-snippet:-1, max-image-preview:large, max-video-preview:-1\" \/>\n<link rel=\"canonical\" href=\"https:\/\/jeaken.com\/es\/producto\/espirulina-hawaiana-superalimento-natural-alto-en-fibra-alimentos-verdes-ideales-para-batidos-y-nutricion-deportiva-120-capsulas-veganas\/\" \/>\n<meta property=\"og:locale\" content=\"es_ES\" \/>\n<meta property=\"og:type\" content=\"article\" \/>\n<meta property=\"og:title\" content=\"Espirulina hawaiana - Superalimento natural, alto en fibra - Alimentos verdes ideales para batidos y nutrici\u00f3n deportiva - (120 c\u00e1psulas veganas) - JeaKen\" \/>\n<meta property=\"og:description\" content=\"Un potente y eficaz superalimento para aumentar la energ\u00eda, mejorar la inmunidad y tener una piel m\u00e1s sana.\" \/>\n<meta property=\"og:url\" content=\"https:\/\/jeaken.com\/es\/producto\/espirulina-hawaiana-superalimento-natural-alto-en-fibra-alimentos-verdes-ideales-para-batidos-y-nutricion-deportiva-120-capsulas-veganas\/\" \/>\n<meta property=\"og:site_name\" content=\"JeaKen\" \/>\n<meta property=\"article:modified_time\" content=\"2022-08-09T14:14:09+00:00\" \/>\n<meta property=\"og:image\" content=\"https:\/\/jeaken.com\/wp-content\/uploads\/2022\/07\/Front-e1612872155262.jpg\" \/>\n\t<meta property=\"og:image:width\" content=\"600\" \/>\n\t<meta property=\"og:image:height\" content=\"600\" \/>\n\t<meta property=\"og:image:type\" content=\"image\/jpeg\" \/>\n<meta name=\"twitter:card\" content=\"summary_large_image\" \/>\n<meta name=\"twitter:label1\" content=\"Est. reading time\" \/>\n\t<meta name=\"twitter:data1\" content=\"1 minute\" \/>\n<script type=\"application\/ld+json\" class=\"yoast-schema-graph\">{\"@context\":\"https:\/\/schema.org\",\"@graph\":[{\"@type\":\"WebPage\",\"@id\":\"https:\/\/jeaken.com\/es\/producto\/espirulina-hawaiana-superalimento-natural-alto-en-fibra-alimentos-verdes-ideales-para-batidos-y-nutricion-deportiva-120-capsulas-veganas\/\",\"url\":\"https:\/\/jeaken.com\/es\/producto\/espirulina-hawaiana-superalimento-natural-alto-en-fibra-alimentos-verdes-ideales-para-batidos-y-nutricion-deportiva-120-capsulas-veganas\/\",\"name\":\"Espirulina hawaiana - Superalimento natural, alto en fibra - Alimentos verdes ideales para batidos y nutrici\u00f3n deportiva - (120 c\u00e1psulas veganas) - JeaKen\",\"isPartOf\":{\"@id\":\"https:\/\/jeaken.com\/es\/#website\"},\"primaryImageOfPage\":{\"@id\":\"https:\/\/jeaken.com\/es\/producto\/espirulina-hawaiana-superalimento-natural-alto-en-fibra-alimentos-verdes-ideales-para-batidos-y-nutricion-deportiva-120-capsulas-veganas\/#primaryimage\"},\"image\":{\"@id\":\"https:\/\/jeaken.com\/es\/producto\/espirulina-hawaiana-superalimento-natural-alto-en-fibra-alimentos-verdes-ideales-para-batidos-y-nutricion-deportiva-120-capsulas-veganas\/#primaryimage\"},\"thumbnailUrl\":\"https:\/\/jeaken.com\/wp-content\/uploads\/2022\/07\/Front-e1612872155262.jpg\",\"datePublished\":\"2022-07-21T18:18:17+00:00\",\"dateModified\":\"2022-08-09T14:14:09+00:00\",\"breadcrumb\":{\"@id\":\"https:\/\/jeaken.com\/es\/producto\/espirulina-hawaiana-superalimento-natural-alto-en-fibra-alimentos-verdes-ideales-para-batidos-y-nutricion-deportiva-120-capsulas-veganas\/#breadcrumb\"},\"inLanguage\":\"es-ES\",\"potentialAction\":[{\"@type\":\"ReadAction\",\"target\":[\"https:\/\/jeaken.com\/es\/producto\/espirulina-hawaiana-superalimento-natural-alto-en-fibra-alimentos-verdes-ideales-para-batidos-y-nutricion-deportiva-120-capsulas-veganas\/\"]}]},{\"@type\":\"ImageObject\",\"inLanguage\":\"es-ES\",\"@id\":\"https:\/\/jeaken.com\/es\/producto\/espirulina-hawaiana-superalimento-natural-alto-en-fibra-alimentos-verdes-ideales-para-batidos-y-nutricion-deportiva-120-capsulas-veganas\/#primaryimage\",\"url\":\"https:\/\/jeaken.com\/wp-content\/uploads\/2022\/07\/Front-e1612872155262.jpg\",\"contentUrl\":\"https:\/\/jeaken.com\/wp-content\/uploads\/2022\/07\/Front-e1612872155262.jpg\",\"width\":600,\"height\":600,\"caption\":\"Hawaiian Spirulina\"},{\"@type\":\"BreadcrumbList\",\"@id\":\"https:\/\/jeaken.com\/es\/producto\/espirulina-hawaiana-superalimento-natural-alto-en-fibra-alimentos-verdes-ideales-para-batidos-y-nutricion-deportiva-120-capsulas-veganas\/#breadcrumb\",\"itemListElement\":[{\"@type\":\"ListItem\",\"position\":1,\"name\":\"Home\",\"item\":\"https:\/\/jeaken.com\/es\/\"},{\"@type\":\"ListItem\",\"position\":2,\"name\":\"Private: Shop\",\"item\":\"https:\/\/jeaken.com\/shop\/\"},{\"@type\":\"ListItem\",\"position\":3,\"name\":\"Espirulina hawaiana &#8211; Superalimento natural, alto en fibra &#8211; Alimentos verdes ideales para batidos y nutrici\u00f3n deportiva &#8211; (120 c\u00e1psulas veganas)\"}]},{\"@type\":\"WebSite\",\"@id\":\"https:\/\/jeaken.com\/es\/#website\",\"url\":\"https:\/\/jeaken.com\/es\/\",\"name\":\"JeaKen\",\"description\":\"Organic Supplements for Health, Fitness and Nutrition\",\"publisher\":{\"@id\":\"https:\/\/jeaken.com\/es\/#organization\"},\"potentialAction\":[{\"@type\":\"SearchAction\",\"target\":{\"@type\":\"EntryPoint\",\"urlTemplate\":\"https:\/\/jeaken.com\/es\/?s={search_term_string}\"},\"query-input\":\"required name=search_term_string\"}],\"inLanguage\":\"es-ES\"},{\"@type\":\"Organization\",\"@id\":\"https:\/\/jeaken.com\/es\/#organization\",\"name\":\"JeaKen\",\"url\":\"https:\/\/jeaken.com\/es\/\",\"logo\":{\"@type\":\"ImageObject\",\"inLanguage\":\"es-ES\",\"@id\":\"https:\/\/jeaken.com\/es\/#\/schema\/logo\/image\/\",\"url\":\"https:\/\/jeaken.com\/wp-content\/uploads\/2022\/06\/jeaken-logo-23.png\",\"contentUrl\":\"https:\/\/jeaken.com\/wp-content\/uploads\/2022\/06\/jeaken-logo-23.png\",\"width\":2486,\"height\":736,\"caption\":\"JeaKen\"},\"image\":{\"@id\":\"https:\/\/jeaken.com\/es\/#\/schema\/logo\/image\/\"}}]}<\/script>\n<!-- \/ Yoast SEO plugin. -->","yoast_head_json":{"title":"Espirulina hawaiana - Superalimento natural, alto en fibra - Alimentos verdes ideales para batidos y nutrici\u00f3n deportiva - (120 c\u00e1psulas veganas) - JeaKen","robots":{"index":"index","follow":"follow","max-snippet":"max-snippet:-1","max-image-preview":"max-image-preview:large","max-video-preview":"max-video-preview:-1"},"canonical":"https:\/\/jeaken.com\/es\/producto\/espirulina-hawaiana-superalimento-natural-alto-en-fibra-alimentos-verdes-ideales-para-batidos-y-nutricion-deportiva-120-capsulas-veganas\/","og_locale":"es_ES","og_type":"article","og_title":"Espirulina hawaiana - Superalimento natural, alto en fibra - Alimentos verdes ideales para batidos y nutrici\u00f3n deportiva - (120 c\u00e1psulas veganas) - JeaKen","og_description":"Un potente y eficaz superalimento para aumentar la energ\u00eda, mejorar la inmunidad y tener una piel m\u00e1s sana.","og_url":"https:\/\/jeaken.com\/es\/producto\/espirulina-hawaiana-superalimento-natural-alto-en-fibra-alimentos-verdes-ideales-para-batidos-y-nutricion-deportiva-120-capsulas-veganas\/","og_site_name":"JeaKen","article_modified_time":"2022-08-09T14:14:09+00:00","og_image":[{"width":600,"height":600,"url":"https:\/\/jeaken.com\/wp-content\/uploads\/2022\/07\/Front-e1612872155262.jpg","type":"image\/jpeg"}],"twitter_card":"summary_large_image","twitter_misc":{"Est. reading time":"1 minute"},"schema":{"@context":"https:\/\/schema.org","@graph":[{"@type":"WebPage","@id":"https:\/\/jeaken.com\/es\/producto\/espirulina-hawaiana-superalimento-natural-alto-en-fibra-alimentos-verdes-ideales-para-batidos-y-nutricion-deportiva-120-capsulas-veganas\/","url":"https:\/\/jeaken.com\/es\/producto\/espirulina-hawaiana-superalimento-natural-alto-en-fibra-alimentos-verdes-ideales-para-batidos-y-nutricion-deportiva-120-capsulas-veganas\/","name":"Espirulina hawaiana - Superalimento natural, alto en fibra - Alimentos verdes ideales para batidos y nutrici\u00f3n deportiva - (120 c\u00e1psulas veganas) - JeaKen","isPartOf":{"@id":"https:\/\/jeaken.com\/es\/#website"},"primaryImageOfPage":{"@id":"https:\/\/jeaken.com\/es\/producto\/espirulina-hawaiana-superalimento-natural-alto-en-fibra-alimentos-verdes-ideales-para-batidos-y-nutricion-deportiva-120-capsulas-veganas\/#primaryimage"},"image":{"@id":"https:\/\/jeaken.com\/es\/producto\/espirulina-hawaiana-superalimento-natural-alto-en-fibra-alimentos-verdes-ideales-para-batidos-y-nutricion-deportiva-120-capsulas-veganas\/#primaryimage"},"thumbnailUrl":"https:\/\/jeaken.com\/wp-content\/uploads\/2022\/07\/Front-e1612872155262.jpg","datePublished":"2022-07-21T18:18:17+00:00","dateModified":"2022-08-09T14:14:09+00:00","breadcrumb":{"@id":"https:\/\/jeaken.com\/es\/producto\/espirulina-hawaiana-superalimento-natural-alto-en-fibra-alimentos-verdes-ideales-para-batidos-y-nutricion-deportiva-120-capsulas-veganas\/#breadcrumb"},"inLanguage":"es-ES","potentialAction":[{"@type":"ReadAction","target":["https:\/\/jeaken.com\/es\/producto\/espirulina-hawaiana-superalimento-natural-alto-en-fibra-alimentos-verdes-ideales-para-batidos-y-nutricion-deportiva-120-capsulas-veganas\/"]}]},{"@type":"ImageObject","inLanguage":"es-ES","@id":"https:\/\/jeaken.com\/es\/producto\/espirulina-hawaiana-superalimento-natural-alto-en-fibra-alimentos-verdes-ideales-para-batidos-y-nutricion-deportiva-120-capsulas-veganas\/#primaryimage","url":"https:\/\/jeaken.com\/wp-content\/uploads\/2022\/07\/Front-e1612872155262.jpg","contentUrl":"https:\/\/jeaken.com\/wp-content\/uploads\/2022\/07\/Front-e1612872155262.jpg","width":600,"height":600,"caption":"Hawaiian Spirulina"},{"@type":"BreadcrumbList","@id":"https:\/\/jeaken.com\/es\/producto\/espirulina-hawaiana-superalimento-natural-alto-en-fibra-alimentos-verdes-ideales-para-batidos-y-nutricion-deportiva-120-capsulas-veganas\/#breadcrumb","itemListElement":[{"@type":"ListItem","position":1,"name":"Home","item":"https:\/\/jeaken.com\/es\/"},{"@type":"ListItem","position":2,"name":"Private: Shop","item":"https:\/\/jeaken.com\/shop\/"},{"@type":"ListItem","position":3,"name":"Espirulina hawaiana &#8211; Superalimento natural, alto en fibra &#8211; Alimentos verdes ideales para batidos y nutrici\u00f3n deportiva &#8211; (120 c\u00e1psulas veganas)"}]},{"@type":"WebSite","@id":"https:\/\/jeaken.com\/es\/#website","url":"https:\/\/jeaken.com\/es\/","name":"JeaKen","description":"Organic Supplements for Health, Fitness and Nutrition","publisher":{"@id":"https:\/\/jeaken.com\/es\/#organization"},"potentialAction":[{"@type":"SearchAction","target":{"@type":"EntryPoint","urlTemplate":"https:\/\/jeaken.com\/es\/?s={search_term_string}"},"query-input":"required name=search_term_string"}],"inLanguage":"es-ES"},{"@type":"Organization","@id":"https:\/\/jeaken.com\/es\/#organization","name":"JeaKen","url":"https:\/\/jeaken.com\/es\/","logo":{"@type":"ImageObject","inLanguage":"es-ES","@id":"https:\/\/jeaken.com\/es\/#\/schema\/logo\/image\/","url":"https:\/\/jeaken.com\/wp-content\/uploads\/2022\/06\/jeaken-logo-23.png","contentUrl":"https:\/\/jeaken.com\/wp-content\/uploads\/2022\/06\/jeaken-logo-23.png","width":2486,"height":736,"caption":"JeaKen"},"image":{"@id":"https:\/\/jeaken.com\/es\/#\/schema\/logo\/image\/"}}]}},"jetpack_sharing_enabled":true,"_links":{"self":[{"href":"https:\/\/jeaken.com\/es\/wp-json\/wp\/v2\/product\/6859","targetHints":{"allow":["GET"]}}],"collection":[{"href":"https:\/\/jeaken.com\/es\/wp-json\/wp\/v2\/product"}],"about":[{"href":"https:\/\/jeaken.com\/es\/wp-json\/wp\/v2\/types\/product"}],"wp:featuredmedia":[{"embeddable":true,"href":"https:\/\/jeaken.com\/es\/wp-json\/wp\/v2\/media\/4316"}],"wp:attachment":[{"href":"https:\/\/jeaken.com\/es\/wp-json\/wp\/v2\/media?parent=6859"}],"wp:term":[{"taxonomy":"product_cat","embeddable":true,"href":"https:\/\/jeaken.com\/es\/wp-json\/wp\/v2\/product_cat?post=6859"},{"taxonomy":"product_tag","embeddable":true,"href":"https:\/\/jeaken.com\/es\/wp-json\/wp\/v2\/product_tag?post=6859"}],"curies":[{"name":"wp","href":"https:\/\/api.w.org\/{rel}","templated":true}]}}