{"id":6837,"date":"2022-07-21T19:18:22","date_gmt":"2022-07-21T18:18:22","guid":{"rendered":"https:\/1658920591610?product=d-manosa-en-polvo-en-capsulas-mejorada-con-extracto-de-arandano"},"modified":"2022-09-08T16:00:49","modified_gmt":"2022-09-08T15:00:49","slug":"d-manosa-polvo-en-capsulas-mejorado-con-extracto-de-arandano-2","status":"publish","type":"product","link":"https:\/\/jeaken.com\/es\/producto\/d-manosa-polvo-en-capsulas-mejorado-con-extracto-de-arandano-2\/","title":{"rendered":"D-Manosa en polvo en c\u00e1psulas &#8211; Mejorada con extracto de ar\u00e1ndano"},"content":{"rendered":"<p><strong><span class=\"a-list-item a-size-base\">AZ\u00daCAR DE ORIGEN NATURAL<\/span><\/strong><\/p>\n<p><span class=\"a-list-item a-size-base\">  La D-Manosa es un az\u00facar natural que se encuentra en algunas frutas y plantas. Ayuda a evitar que sustancias extra\u00f1as indeseables se adhieran al revestimiento de la vejiga.<\/span><\/p>\n<p>&nbsp;<\/p>\n<p><strong><span class=\"a-list-item\"><span class=\"a-list-item\">PREVIENE LAS INFECCIONES DEL TRACTO URINARIO  <\/span><\/span><\/strong><\/p>\n<p><span class=\"a-list-item\"><span class=\"a-list-item\">Nuestra combinaci\u00f3n ganadora favorece la salud del tracto urinario y le ayuda a evitar o reducir de forma natural las desagradables e indeseadas infecciones del tracto urinario o de la vejiga. La D-Manosa no se metaboliza ni es utilizada por el organismo para obtener energ\u00eda. En cambio, se adhiere a las bacterias que causan infecciones, sac\u00e1ndolas del cuerpo y ayudando a eliminar y prevenir las infecciones del tracto urinario. Con una simple toma diaria de s\u00f3lo dos c\u00e1psulas f\u00e1ciles de tragar, puedes<\/span><\/span><span class=\"a-list-item\">  reducir y eliminar las bacterias del tracto urinario.<\/span><\/p>\n<p>&nbsp;<\/p>\n<p><strong><span class=\"a-list-item\"><span class=\"a-list-item\">DOBLE POTENCIA  <\/span><\/span><\/strong><\/p>\n<p><span class=\"a-list-item\"><span class=\"a-list-item\">  Nuestra D-Manosa pura (tambi\u00e9n conocida como az\u00facar simple) est\u00e1 reforzada con extracto de ar\u00e1ndano rojo (Vaccinium Macrocarpon). Ambos son complementos alimenticios populares y eficaces, especialmente para el tratamiento de la cistitis.<\/span><\/span><\/p>\n<p>&nbsp;<\/p>\n<p><strong><span class=\"a-list-item\"><span class=\"a-list-item\">LIBRE DE AL\u00c9RGENOS  <\/span><\/span><\/strong><\/p>\n<p><span class=\"a-list-item\"><span class=\"a-list-item\">  Nuestras c\u00e1psulas de D-Manosa de alta potencia proporcionan una fuente fiable de D-Manosa apta para vegetarianos y veganos. nuestras c\u00e1psulas no contienen al\u00e9rgenos como: leche, lactosa, gluten, OGM, trigo, huevos, crust\u00e1ceos, pescado, frutos secos, semillas y mostaza.<\/span><\/span><\/p>\n<p>&nbsp;<\/p>\n<p>&nbsp;<\/p>\n","protected":false},"excerpt":{"rendered":"<h4 id=\"title\" class=\"a-size-large a-spacing-none\"><span id=\"productTitle\" class=\"a-size-large product-title-word-break\">Tratamiento natural y seguro de la IU y alivio de la cistitis<\/span><\/h4>\n","protected":false},"featured_media":15179,"template":"","meta":{"site-sidebar-layout":"default","site-content-layout":"default","ast-site-content-layout":"default","site-content-style":"default","site-sidebar-style":"default","ast-global-header-display":"","ast-banner-title-visibility":"","ast-main-header-display":"","ast-hfb-above-header-display":"","ast-hfb-below-header-display":"","ast-hfb-mobile-header-display":"","site-post-title":"","ast-breadcrumbs-content":"","ast-featured-img":"","footer-sml-layout":"","theme-transparent-header-meta":"default","adv-header-id-meta":"","stick-header-meta":"default","header-above-stick-meta":"","header-main-stick-meta":"","header-below-stick-meta":"","astra-migrate-meta-layouts":"default","ast-page-background-enabled":"default","ast-page-background-meta":{"desktop":{"background-color":"","background-image":"","background-repeat":"repeat","background-position":"center center","background-size":"auto","background-attachment":"scroll","background-type":"","background-media":"","overlay-type":"","overlay-color":"","overlay-opacity":"","overlay-gradient":""},"tablet":{"background-color":"","background-image":"","background-repeat":"repeat","background-position":"center center","background-size":"auto","background-attachment":"scroll","background-type":"","background-media":"","overlay-type":"","overlay-color":"","overlay-opacity":"","overlay-gradient":""},"mobile":{"background-color":"","background-image":"","background-repeat":"repeat","background-position":"center center","background-size":"auto","background-attachment":"scroll","background-type":"","background-media":"","overlay-type":"","overlay-color":"","overlay-opacity":"","overlay-gradient":""}},"ast-content-background-meta":{"desktop":{"background-color":"var(--ast-global-color-5)","background-image":"","background-repeat":"repeat","background-position":"center center","background-size":"auto","background-attachment":"scroll","background-type":"","background-media":"","overlay-type":"","overlay-color":"","overlay-opacity":"","overlay-gradient":""},"tablet":{"background-color":"var(--ast-global-color-5)","background-image":"","background-repeat":"repeat","background-position":"center center","background-size":"auto","background-attachment":"scroll","background-type":"","background-media":"","overlay-type":"","overlay-color":"","overlay-opacity":"","overlay-gradient":""},"mobile":{"background-color":"var(--ast-global-color-5)","background-image":"","background-repeat":"repeat","background-position":"center center","background-size":"auto","background-attachment":"scroll","background-type":"","background-media":"","overlay-type":"","overlay-color":"","overlay-opacity":"","overlay-gradient":""}}},"product_cat":[674,765],"product_tag":[],"class_list":{"0":"post-6837","1":"product","2":"type-product","3":"status-publish","4":"has-post-thumbnail","6":"product_cat-salud-digestiva","7":"product_cat-uti-es","8":"has-subscription-plans","9":"desktop-align-left","10":"tablet-align-left","11":"mobile-align-left","13":"first","14":"instock","15":"taxable","16":"shipping-taxable","17":"purchasable","18":"product-type-simple"},"yoast_head":"<!-- This site is optimized with the Yoast SEO plugin v22.7 - https:\/\/yoast.com\/wordpress\/plugins\/seo\/ -->\n<title>D-Manosa en polvo en c\u00e1psulas - Mejorada con extracto de ar\u00e1ndano - JeaKen<\/title>\n<meta name=\"robots\" content=\"index, follow, max-snippet:-1, max-image-preview:large, max-video-preview:-1\" \/>\n<link rel=\"canonical\" href=\"https:\/\/jeaken.com\/es\/producto\/d-manosa-polvo-en-capsulas-mejorado-con-extracto-de-arandano-2\/\" \/>\n<meta property=\"og:locale\" content=\"es_ES\" \/>\n<meta property=\"og:type\" content=\"article\" \/>\n<meta property=\"og:title\" content=\"D-Manosa en polvo en c\u00e1psulas - Mejorada con extracto de ar\u00e1ndano - JeaKen\" \/>\n<meta property=\"og:description\" content=\"Tratamiento natural y seguro de la IU y alivio de la cistitis\" \/>\n<meta property=\"og:url\" content=\"https:\/\/jeaken.com\/es\/producto\/d-manosa-polvo-en-capsulas-mejorado-con-extracto-de-arandano-2\/\" \/>\n<meta property=\"og:site_name\" content=\"JeaKen\" \/>\n<meta property=\"article:modified_time\" content=\"2022-09-08T15:00:49+00:00\" \/>\n<meta property=\"og:image\" content=\"https:\/\/jeaken.com\/wp-content\/uploads\/2022\/07\/Front-11.jpg\" \/>\n\t<meta property=\"og:image:width\" content=\"635\" \/>\n\t<meta property=\"og:image:height\" content=\"744\" \/>\n\t<meta property=\"og:image:type\" content=\"image\/jpeg\" \/>\n<meta name=\"twitter:card\" content=\"summary_large_image\" \/>\n<meta name=\"twitter:label1\" content=\"Est. reading time\" \/>\n\t<meta name=\"twitter:data1\" content=\"1 minute\" \/>\n<script type=\"application\/ld+json\" class=\"yoast-schema-graph\">{\"@context\":\"https:\/\/schema.org\",\"@graph\":[{\"@type\":\"WebPage\",\"@id\":\"https:\/\/jeaken.com\/es\/producto\/d-manosa-polvo-en-capsulas-mejorado-con-extracto-de-arandano-2\/\",\"url\":\"https:\/\/jeaken.com\/es\/producto\/d-manosa-polvo-en-capsulas-mejorado-con-extracto-de-arandano-2\/\",\"name\":\"D-Manosa en polvo en c\u00e1psulas - Mejorada con extracto de ar\u00e1ndano - JeaKen\",\"isPartOf\":{\"@id\":\"https:\/\/jeaken.com\/es\/#website\"},\"primaryImageOfPage\":{\"@id\":\"https:\/\/jeaken.com\/es\/producto\/d-manosa-polvo-en-capsulas-mejorado-con-extracto-de-arandano-2\/#primaryimage\"},\"image\":{\"@id\":\"https:\/\/jeaken.com\/es\/producto\/d-manosa-polvo-en-capsulas-mejorado-con-extracto-de-arandano-2\/#primaryimage\"},\"thumbnailUrl\":\"https:\/\/jeaken.com\/wp-content\/uploads\/2022\/07\/Front-11.jpg\",\"datePublished\":\"2022-07-21T18:18:22+00:00\",\"dateModified\":\"2022-09-08T15:00:49+00:00\",\"breadcrumb\":{\"@id\":\"https:\/\/jeaken.com\/es\/producto\/d-manosa-polvo-en-capsulas-mejorado-con-extracto-de-arandano-2\/#breadcrumb\"},\"inLanguage\":\"es-ES\",\"potentialAction\":[{\"@type\":\"ReadAction\",\"target\":[\"https:\/\/jeaken.com\/es\/producto\/d-manosa-polvo-en-capsulas-mejorado-con-extracto-de-arandano-2\/\"]}]},{\"@type\":\"ImageObject\",\"inLanguage\":\"es-ES\",\"@id\":\"https:\/\/jeaken.com\/es\/producto\/d-manosa-polvo-en-capsulas-mejorado-con-extracto-de-arandano-2\/#primaryimage\",\"url\":\"https:\/\/jeaken.com\/wp-content\/uploads\/2022\/07\/Front-11.jpg\",\"contentUrl\":\"https:\/\/jeaken.com\/wp-content\/uploads\/2022\/07\/Front-11.jpg\",\"width\":635,\"height\":744,\"caption\":\"D-Mannose Powder\"},{\"@type\":\"BreadcrumbList\",\"@id\":\"https:\/\/jeaken.com\/es\/producto\/d-manosa-polvo-en-capsulas-mejorado-con-extracto-de-arandano-2\/#breadcrumb\",\"itemListElement\":[{\"@type\":\"ListItem\",\"position\":1,\"name\":\"Home\",\"item\":\"https:\/\/jeaken.com\/es\/\"},{\"@type\":\"ListItem\",\"position\":2,\"name\":\"Private: Shop\",\"item\":\"https:\/\/jeaken.com\/shop\/\"},{\"@type\":\"ListItem\",\"position\":3,\"name\":\"D-Manosa en polvo en c\u00e1psulas &#8211; Mejorada con extracto de ar\u00e1ndano\"}]},{\"@type\":\"WebSite\",\"@id\":\"https:\/\/jeaken.com\/es\/#website\",\"url\":\"https:\/\/jeaken.com\/es\/\",\"name\":\"JeaKen\",\"description\":\"Organic Supplements for Health, Fitness and Nutrition\",\"publisher\":{\"@id\":\"https:\/\/jeaken.com\/es\/#organization\"},\"potentialAction\":[{\"@type\":\"SearchAction\",\"target\":{\"@type\":\"EntryPoint\",\"urlTemplate\":\"https:\/\/jeaken.com\/es\/?s={search_term_string}\"},\"query-input\":\"required name=search_term_string\"}],\"inLanguage\":\"es-ES\"},{\"@type\":\"Organization\",\"@id\":\"https:\/\/jeaken.com\/es\/#organization\",\"name\":\"JeaKen\",\"url\":\"https:\/\/jeaken.com\/es\/\",\"logo\":{\"@type\":\"ImageObject\",\"inLanguage\":\"es-ES\",\"@id\":\"https:\/\/jeaken.com\/es\/#\/schema\/logo\/image\/\",\"url\":\"https:\/\/jeaken.com\/wp-content\/uploads\/2022\/06\/jeaken-logo-23.png\",\"contentUrl\":\"https:\/\/jeaken.com\/wp-content\/uploads\/2022\/06\/jeaken-logo-23.png\",\"width\":2486,\"height\":736,\"caption\":\"JeaKen\"},\"image\":{\"@id\":\"https:\/\/jeaken.com\/es\/#\/schema\/logo\/image\/\"}}]}<\/script>\n<!-- \/ Yoast SEO plugin. -->","yoast_head_json":{"title":"D-Manosa en polvo en c\u00e1psulas - Mejorada con extracto de ar\u00e1ndano - JeaKen","robots":{"index":"index","follow":"follow","max-snippet":"max-snippet:-1","max-image-preview":"max-image-preview:large","max-video-preview":"max-video-preview:-1"},"canonical":"https:\/\/jeaken.com\/es\/producto\/d-manosa-polvo-en-capsulas-mejorado-con-extracto-de-arandano-2\/","og_locale":"es_ES","og_type":"article","og_title":"D-Manosa en polvo en c\u00e1psulas - Mejorada con extracto de ar\u00e1ndano - JeaKen","og_description":"Tratamiento natural y seguro de la IU y alivio de la cistitis","og_url":"https:\/\/jeaken.com\/es\/producto\/d-manosa-polvo-en-capsulas-mejorado-con-extracto-de-arandano-2\/","og_site_name":"JeaKen","article_modified_time":"2022-09-08T15:00:49+00:00","og_image":[{"width":635,"height":744,"url":"https:\/\/jeaken.com\/wp-content\/uploads\/2022\/07\/Front-11.jpg","type":"image\/jpeg"}],"twitter_card":"summary_large_image","twitter_misc":{"Est. reading time":"1 minute"},"schema":{"@context":"https:\/\/schema.org","@graph":[{"@type":"WebPage","@id":"https:\/\/jeaken.com\/es\/producto\/d-manosa-polvo-en-capsulas-mejorado-con-extracto-de-arandano-2\/","url":"https:\/\/jeaken.com\/es\/producto\/d-manosa-polvo-en-capsulas-mejorado-con-extracto-de-arandano-2\/","name":"D-Manosa en polvo en c\u00e1psulas - Mejorada con extracto de ar\u00e1ndano - JeaKen","isPartOf":{"@id":"https:\/\/jeaken.com\/es\/#website"},"primaryImageOfPage":{"@id":"https:\/\/jeaken.com\/es\/producto\/d-manosa-polvo-en-capsulas-mejorado-con-extracto-de-arandano-2\/#primaryimage"},"image":{"@id":"https:\/\/jeaken.com\/es\/producto\/d-manosa-polvo-en-capsulas-mejorado-con-extracto-de-arandano-2\/#primaryimage"},"thumbnailUrl":"https:\/\/jeaken.com\/wp-content\/uploads\/2022\/07\/Front-11.jpg","datePublished":"2022-07-21T18:18:22+00:00","dateModified":"2022-09-08T15:00:49+00:00","breadcrumb":{"@id":"https:\/\/jeaken.com\/es\/producto\/d-manosa-polvo-en-capsulas-mejorado-con-extracto-de-arandano-2\/#breadcrumb"},"inLanguage":"es-ES","potentialAction":[{"@type":"ReadAction","target":["https:\/\/jeaken.com\/es\/producto\/d-manosa-polvo-en-capsulas-mejorado-con-extracto-de-arandano-2\/"]}]},{"@type":"ImageObject","inLanguage":"es-ES","@id":"https:\/\/jeaken.com\/es\/producto\/d-manosa-polvo-en-capsulas-mejorado-con-extracto-de-arandano-2\/#primaryimage","url":"https:\/\/jeaken.com\/wp-content\/uploads\/2022\/07\/Front-11.jpg","contentUrl":"https:\/\/jeaken.com\/wp-content\/uploads\/2022\/07\/Front-11.jpg","width":635,"height":744,"caption":"D-Mannose Powder"},{"@type":"BreadcrumbList","@id":"https:\/\/jeaken.com\/es\/producto\/d-manosa-polvo-en-capsulas-mejorado-con-extracto-de-arandano-2\/#breadcrumb","itemListElement":[{"@type":"ListItem","position":1,"name":"Home","item":"https:\/\/jeaken.com\/es\/"},{"@type":"ListItem","position":2,"name":"Private: Shop","item":"https:\/\/jeaken.com\/shop\/"},{"@type":"ListItem","position":3,"name":"D-Manosa en polvo en c\u00e1psulas &#8211; Mejorada con extracto de ar\u00e1ndano"}]},{"@type":"WebSite","@id":"https:\/\/jeaken.com\/es\/#website","url":"https:\/\/jeaken.com\/es\/","name":"JeaKen","description":"Organic Supplements for Health, Fitness and Nutrition","publisher":{"@id":"https:\/\/jeaken.com\/es\/#organization"},"potentialAction":[{"@type":"SearchAction","target":{"@type":"EntryPoint","urlTemplate":"https:\/\/jeaken.com\/es\/?s={search_term_string}"},"query-input":"required name=search_term_string"}],"inLanguage":"es-ES"},{"@type":"Organization","@id":"https:\/\/jeaken.com\/es\/#organization","name":"JeaKen","url":"https:\/\/jeaken.com\/es\/","logo":{"@type":"ImageObject","inLanguage":"es-ES","@id":"https:\/\/jeaken.com\/es\/#\/schema\/logo\/image\/","url":"https:\/\/jeaken.com\/wp-content\/uploads\/2022\/06\/jeaken-logo-23.png","contentUrl":"https:\/\/jeaken.com\/wp-content\/uploads\/2022\/06\/jeaken-logo-23.png","width":2486,"height":736,"caption":"JeaKen"},"image":{"@id":"https:\/\/jeaken.com\/es\/#\/schema\/logo\/image\/"}}]}},"jetpack_sharing_enabled":true,"_links":{"self":[{"href":"https:\/\/jeaken.com\/es\/wp-json\/wp\/v2\/product\/6837","targetHints":{"allow":["GET"]}}],"collection":[{"href":"https:\/\/jeaken.com\/es\/wp-json\/wp\/v2\/product"}],"about":[{"href":"https:\/\/jeaken.com\/es\/wp-json\/wp\/v2\/types\/product"}],"wp:featuredmedia":[{"embeddable":true,"href":"https:\/\/jeaken.com\/es\/wp-json\/wp\/v2\/media\/15179"}],"wp:attachment":[{"href":"https:\/\/jeaken.com\/es\/wp-json\/wp\/v2\/media?parent=6837"}],"wp:term":[{"taxonomy":"product_cat","embeddable":true,"href":"https:\/\/jeaken.com\/es\/wp-json\/wp\/v2\/product_cat?post=6837"},{"taxonomy":"product_tag","embeddable":true,"href":"https:\/\/jeaken.com\/es\/wp-json\/wp\/v2\/product_tag?post=6837"}],"curies":[{"name":"wp","href":"https:\/\/api.w.org\/{rel}","templated":true}]}}