{"id":6831,"date":"2022-07-21T19:18:21","date_gmt":"2022-07-21T18:18:21","guid":{"rendered":"https:\/1658920591610?product=capsulas-de-aceite-de-pescado-omega-3-6-9-aceite-de-pescado-puro-con-epa-dha-destilado-con-aceite-de-linaza-y-aceite-de-girasol-1000mg-120-capsulas"},"modified":"2022-08-09T15:13:49","modified_gmt":"2022-08-09T14:13:49","slug":"capsulas-de-aceite-de-pescado-omega-3-6-9-aceite-de-pescado-puro-con-epa-dha-destilado-con-aceite-de-linaza-y-aceite-de-girasol-1000mg-120-capsulas","status":"publish","type":"product","link":"https:\/\/jeaken.com\/es\/producto\/capsulas-de-aceite-de-pescado-omega-3-6-9-aceite-de-pescado-puro-con-epa-dha-destilado-con-aceite-de-linaza-y-aceite-de-girasol-1000mg-120-capsulas\/","title":{"rendered":"C\u00e1psulas de aceite de pescado Omega 3 6 9. Aceite de pescado puro con EPA DHA destilado con aceite de linaza y aceite de girasol .1000mg (120 c\u00e1psulas)"},"content":{"rendered":"<p><strong>CONTIENE IMPORTANTES \u00c1CIDOS GRASOS  <strong> <\/p>\n<p>Nuestro suplemento contiene Omega 3, 6 y 9, que son los \u00e1cidos grasos m\u00e1s importantes para facilitar el funcionamiento normal de la piel, el sistema respiratorio, el sistema circulatorio, el cerebro y los \u00f3rganos. En nuestro aceite de pescado Omega 3 6 9, el DHA y el EPA se destilan para eliminar las grasas saturadas poco saludables, el colesterol y los contaminantes del organismo.<\/p>\n<p> <strong>FAVORECE EL FUNCIONAMIENTO SALUDABLE DEL CEREBRO  <strong><\/p>\n<p>Las concentraciones de \u00e1cidos grasos omega-3 son m\u00e1s altas en el cerebro y el sistema nervioso. Estos \u00e1cidos grasos son necesarios para el funcionamiento \u00f3ptimo de las neuronas. Tambi\u00e9n protegen las c\u00e9lulas, reducen el da\u00f1o celular y mejoran la transmisi\u00f3n nerviosa. Nuevas investigaciones demuestran que los \u00e1cidos grasos omega-3 pueden aumentar los niveles de serotonina y dopamina.<\/p>\n<p> <strong>REFUERZA EL SISTEMA INMUNITARIO  <strong><\/p>\n<p>El Omega 9 puede ayudar a reforzar el sistema inmunol\u00f3gico, lo que ayudar\u00e1 a reducir la cantidad de radicales libres en el cuerpo y a mejorar el metabolismo.  <\/p>\n<p> <strong>SIN ADITIVOS  <strong> <\/p>\n<p>Este suplemento no contiene sal, almid\u00f3n, trigo, ma\u00edz, gluten, lactosa, levadura, productos l\u00e1cteos ni colorantes artificiales. Todos los productos JeaKen se fabrican en el Reino Unido bajo estrictas directrices GMP que cumplen con las normas de fabricaci\u00f3n m\u00e1s estrictas del mundo.<\/p>\n","protected":false},"excerpt":{"rendered":"<p><strong>Suplemento potente y eficaz para una funci\u00f3n cerebral y corporal saludable.<strong> <\/p>\n","protected":false},"featured_media":4619,"template":"","meta":{"site-sidebar-layout":"default","site-content-layout":"default","ast-site-content-layout":"default","site-content-style":"default","site-sidebar-style":"default","ast-global-header-display":"","ast-banner-title-visibility":"","ast-main-header-display":"","ast-hfb-above-header-display":"","ast-hfb-below-header-display":"","ast-hfb-mobile-header-display":"","site-post-title":"","ast-breadcrumbs-content":"","ast-featured-img":"","footer-sml-layout":"","theme-transparent-header-meta":"default","adv-header-id-meta":"","stick-header-meta":"default","header-above-stick-meta":"","header-main-stick-meta":"","header-below-stick-meta":"","astra-migrate-meta-layouts":"default","ast-page-background-enabled":"default","ast-page-background-meta":{"desktop":{"background-color":"","background-image":"","background-repeat":"repeat","background-position":"center center","background-size":"auto","background-attachment":"scroll","background-type":"","background-media":"","overlay-type":"","overlay-color":"","overlay-opacity":"","overlay-gradient":""},"tablet":{"background-color":"","background-image":"","background-repeat":"repeat","background-position":"center center","background-size":"auto","background-attachment":"scroll","background-type":"","background-media":"","overlay-type":"","overlay-color":"","overlay-opacity":"","overlay-gradient":""},"mobile":{"background-color":"","background-image":"","background-repeat":"repeat","background-position":"center center","background-size":"auto","background-attachment":"scroll","background-type":"","background-media":"","overlay-type":"","overlay-color":"","overlay-opacity":"","overlay-gradient":""}},"ast-content-background-meta":{"desktop":{"background-color":"var(--ast-global-color-5)","background-image":"","background-repeat":"repeat","background-position":"center center","background-size":"auto","background-attachment":"scroll","background-type":"","background-media":"","overlay-type":"","overlay-color":"","overlay-opacity":"","overlay-gradient":""},"tablet":{"background-color":"var(--ast-global-color-5)","background-image":"","background-repeat":"repeat","background-position":"center center","background-size":"auto","background-attachment":"scroll","background-type":"","background-media":"","overlay-type":"","overlay-color":"","overlay-opacity":"","overlay-gradient":""},"mobile":{"background-color":"var(--ast-global-color-5)","background-image":"","background-repeat":"repeat","background-position":"center center","background-size":"auto","background-attachment":"scroll","background-type":"","background-media":"","overlay-type":"","overlay-color":"","overlay-opacity":"","overlay-gradient":""}}},"product_cat":[574,747,590],"product_tag":[],"class_list":{"0":"post-6831","1":"product","2":"type-product","3":"status-publish","4":"has-post-thumbnail","6":"product_cat-complementos-alimenticios","7":"product_cat-salud-de-los-huesos-y-las-articulaciones","8":"product_cat-salud-del-corazon-y-del-cerebro","9":"has-subscription-plans","10":"desktop-align-left","11":"tablet-align-left","12":"mobile-align-left","14":"first","15":"instock","16":"taxable","17":"shipping-taxable","18":"purchasable","19":"product-type-simple"},"yoast_head":"<!-- This site is optimized with the Yoast SEO plugin v22.7 - https:\/\/yoast.com\/wordpress\/plugins\/seo\/ -->\n<title>C\u00e1psulas de aceite de pescado Omega 3 6 9. Aceite de pescado puro con EPA DHA destilado con aceite de linaza y aceite de girasol .1000mg (120 c\u00e1psulas) - JeaKen<\/title>\n<meta name=\"robots\" content=\"index, follow, max-snippet:-1, max-image-preview:large, max-video-preview:-1\" \/>\n<link rel=\"canonical\" href=\"https:\/\/jeaken.com\/es\/producto\/capsulas-de-aceite-de-pescado-omega-3-6-9-aceite-de-pescado-puro-con-epa-dha-destilado-con-aceite-de-linaza-y-aceite-de-girasol-1000mg-120-capsulas\/\" \/>\n<meta property=\"og:locale\" content=\"es_ES\" \/>\n<meta property=\"og:type\" content=\"article\" \/>\n<meta property=\"og:title\" content=\"C\u00e1psulas de aceite de pescado Omega 3 6 9. Aceite de pescado puro con EPA DHA destilado con aceite de linaza y aceite de girasol .1000mg (120 c\u00e1psulas) - JeaKen\" \/>\n<meta property=\"og:description\" content=\"Suplemento potente y eficaz para una funci\u00f3n cerebral y corporal saludable.\" \/>\n<meta property=\"og:url\" content=\"https:\/\/jeaken.com\/es\/producto\/capsulas-de-aceite-de-pescado-omega-3-6-9-aceite-de-pescado-puro-con-epa-dha-destilado-con-aceite-de-linaza-y-aceite-de-girasol-1000mg-120-capsulas\/\" \/>\n<meta property=\"og:site_name\" content=\"JeaKen\" \/>\n<meta property=\"article:modified_time\" content=\"2022-08-09T14:13:49+00:00\" \/>\n<meta property=\"og:image\" content=\"https:\/\/jeaken.com\/wp-content\/uploads\/2022\/07\/71MHg1NVMTL._AC_SL1500_.jpg\" \/>\n\t<meta property=\"og:image:width\" content=\"600\" \/>\n\t<meta property=\"og:image:height\" content=\"600\" \/>\n\t<meta property=\"og:image:type\" content=\"image\/jpeg\" \/>\n<meta name=\"twitter:card\" content=\"summary_large_image\" \/>\n<meta name=\"twitter:label1\" content=\"Est. reading time\" \/>\n\t<meta name=\"twitter:data1\" content=\"1 minute\" \/>\n<script type=\"application\/ld+json\" class=\"yoast-schema-graph\">{\"@context\":\"https:\/\/schema.org\",\"@graph\":[{\"@type\":\"WebPage\",\"@id\":\"https:\/\/jeaken.com\/es\/producto\/capsulas-de-aceite-de-pescado-omega-3-6-9-aceite-de-pescado-puro-con-epa-dha-destilado-con-aceite-de-linaza-y-aceite-de-girasol-1000mg-120-capsulas\/\",\"url\":\"https:\/\/jeaken.com\/es\/producto\/capsulas-de-aceite-de-pescado-omega-3-6-9-aceite-de-pescado-puro-con-epa-dha-destilado-con-aceite-de-linaza-y-aceite-de-girasol-1000mg-120-capsulas\/\",\"name\":\"C\u00e1psulas de aceite de pescado Omega 3 6 9. Aceite de pescado puro con EPA DHA destilado con aceite de linaza y aceite de girasol .1000mg (120 c\u00e1psulas) - JeaKen\",\"isPartOf\":{\"@id\":\"https:\/\/jeaken.com\/es\/#website\"},\"primaryImageOfPage\":{\"@id\":\"https:\/\/jeaken.com\/es\/producto\/capsulas-de-aceite-de-pescado-omega-3-6-9-aceite-de-pescado-puro-con-epa-dha-destilado-con-aceite-de-linaza-y-aceite-de-girasol-1000mg-120-capsulas\/#primaryimage\"},\"image\":{\"@id\":\"https:\/\/jeaken.com\/es\/producto\/capsulas-de-aceite-de-pescado-omega-3-6-9-aceite-de-pescado-puro-con-epa-dha-destilado-con-aceite-de-linaza-y-aceite-de-girasol-1000mg-120-capsulas\/#primaryimage\"},\"thumbnailUrl\":\"https:\/\/jeaken.com\/wp-content\/uploads\/2022\/07\/71MHg1NVMTL._AC_SL1500_.jpg\",\"datePublished\":\"2022-07-21T18:18:21+00:00\",\"dateModified\":\"2022-08-09T14:13:49+00:00\",\"breadcrumb\":{\"@id\":\"https:\/\/jeaken.com\/es\/producto\/capsulas-de-aceite-de-pescado-omega-3-6-9-aceite-de-pescado-puro-con-epa-dha-destilado-con-aceite-de-linaza-y-aceite-de-girasol-1000mg-120-capsulas\/#breadcrumb\"},\"inLanguage\":\"es-ES\",\"potentialAction\":[{\"@type\":\"ReadAction\",\"target\":[\"https:\/\/jeaken.com\/es\/producto\/capsulas-de-aceite-de-pescado-omega-3-6-9-aceite-de-pescado-puro-con-epa-dha-destilado-con-aceite-de-linaza-y-aceite-de-girasol-1000mg-120-capsulas\/\"]}]},{\"@type\":\"ImageObject\",\"inLanguage\":\"es-ES\",\"@id\":\"https:\/\/jeaken.com\/es\/producto\/capsulas-de-aceite-de-pescado-omega-3-6-9-aceite-de-pescado-puro-con-epa-dha-destilado-con-aceite-de-linaza-y-aceite-de-girasol-1000mg-120-capsulas\/#primaryimage\",\"url\":\"https:\/\/jeaken.com\/wp-content\/uploads\/2022\/07\/71MHg1NVMTL._AC_SL1500_.jpg\",\"contentUrl\":\"https:\/\/jeaken.com\/wp-content\/uploads\/2022\/07\/71MHg1NVMTL._AC_SL1500_.jpg\",\"width\":600,\"height\":600,\"caption\":\"Omega 3 6 9 Fish Oil Capsules.\"},{\"@type\":\"BreadcrumbList\",\"@id\":\"https:\/\/jeaken.com\/es\/producto\/capsulas-de-aceite-de-pescado-omega-3-6-9-aceite-de-pescado-puro-con-epa-dha-destilado-con-aceite-de-linaza-y-aceite-de-girasol-1000mg-120-capsulas\/#breadcrumb\",\"itemListElement\":[{\"@type\":\"ListItem\",\"position\":1,\"name\":\"Home\",\"item\":\"https:\/\/jeaken.com\/es\/\"},{\"@type\":\"ListItem\",\"position\":2,\"name\":\"Private: Shop\",\"item\":\"https:\/\/jeaken.com\/shop\/\"},{\"@type\":\"ListItem\",\"position\":3,\"name\":\"C\u00e1psulas de aceite de pescado Omega 3 6 9. Aceite de pescado puro con EPA DHA destilado con aceite de linaza y aceite de girasol .1000mg (120 c\u00e1psulas)\"}]},{\"@type\":\"WebSite\",\"@id\":\"https:\/\/jeaken.com\/es\/#website\",\"url\":\"https:\/\/jeaken.com\/es\/\",\"name\":\"JeaKen\",\"description\":\"Organic Supplements for Health, Fitness and Nutrition\",\"publisher\":{\"@id\":\"https:\/\/jeaken.com\/es\/#organization\"},\"potentialAction\":[{\"@type\":\"SearchAction\",\"target\":{\"@type\":\"EntryPoint\",\"urlTemplate\":\"https:\/\/jeaken.com\/es\/?s={search_term_string}\"},\"query-input\":\"required name=search_term_string\"}],\"inLanguage\":\"es-ES\"},{\"@type\":\"Organization\",\"@id\":\"https:\/\/jeaken.com\/es\/#organization\",\"name\":\"JeaKen\",\"url\":\"https:\/\/jeaken.com\/es\/\",\"logo\":{\"@type\":\"ImageObject\",\"inLanguage\":\"es-ES\",\"@id\":\"https:\/\/jeaken.com\/es\/#\/schema\/logo\/image\/\",\"url\":\"https:\/\/jeaken.com\/wp-content\/uploads\/2022\/06\/jeaken-logo-23.png\",\"contentUrl\":\"https:\/\/jeaken.com\/wp-content\/uploads\/2022\/06\/jeaken-logo-23.png\",\"width\":2486,\"height\":736,\"caption\":\"JeaKen\"},\"image\":{\"@id\":\"https:\/\/jeaken.com\/es\/#\/schema\/logo\/image\/\"}}]}<\/script>\n<!-- \/ Yoast SEO plugin. -->","yoast_head_json":{"title":"C\u00e1psulas de aceite de pescado Omega 3 6 9. Aceite de pescado puro con EPA DHA destilado con aceite de linaza y aceite de girasol .1000mg (120 c\u00e1psulas) - JeaKen","robots":{"index":"index","follow":"follow","max-snippet":"max-snippet:-1","max-image-preview":"max-image-preview:large","max-video-preview":"max-video-preview:-1"},"canonical":"https:\/\/jeaken.com\/es\/producto\/capsulas-de-aceite-de-pescado-omega-3-6-9-aceite-de-pescado-puro-con-epa-dha-destilado-con-aceite-de-linaza-y-aceite-de-girasol-1000mg-120-capsulas\/","og_locale":"es_ES","og_type":"article","og_title":"C\u00e1psulas de aceite de pescado Omega 3 6 9. Aceite de pescado puro con EPA DHA destilado con aceite de linaza y aceite de girasol .1000mg (120 c\u00e1psulas) - JeaKen","og_description":"Suplemento potente y eficaz para una funci\u00f3n cerebral y corporal saludable.","og_url":"https:\/\/jeaken.com\/es\/producto\/capsulas-de-aceite-de-pescado-omega-3-6-9-aceite-de-pescado-puro-con-epa-dha-destilado-con-aceite-de-linaza-y-aceite-de-girasol-1000mg-120-capsulas\/","og_site_name":"JeaKen","article_modified_time":"2022-08-09T14:13:49+00:00","og_image":[{"width":600,"height":600,"url":"https:\/\/jeaken.com\/wp-content\/uploads\/2022\/07\/71MHg1NVMTL._AC_SL1500_.jpg","type":"image\/jpeg"}],"twitter_card":"summary_large_image","twitter_misc":{"Est. reading time":"1 minute"},"schema":{"@context":"https:\/\/schema.org","@graph":[{"@type":"WebPage","@id":"https:\/\/jeaken.com\/es\/producto\/capsulas-de-aceite-de-pescado-omega-3-6-9-aceite-de-pescado-puro-con-epa-dha-destilado-con-aceite-de-linaza-y-aceite-de-girasol-1000mg-120-capsulas\/","url":"https:\/\/jeaken.com\/es\/producto\/capsulas-de-aceite-de-pescado-omega-3-6-9-aceite-de-pescado-puro-con-epa-dha-destilado-con-aceite-de-linaza-y-aceite-de-girasol-1000mg-120-capsulas\/","name":"C\u00e1psulas de aceite de pescado Omega 3 6 9. Aceite de pescado puro con EPA DHA destilado con aceite de linaza y aceite de girasol .1000mg (120 c\u00e1psulas) - JeaKen","isPartOf":{"@id":"https:\/\/jeaken.com\/es\/#website"},"primaryImageOfPage":{"@id":"https:\/\/jeaken.com\/es\/producto\/capsulas-de-aceite-de-pescado-omega-3-6-9-aceite-de-pescado-puro-con-epa-dha-destilado-con-aceite-de-linaza-y-aceite-de-girasol-1000mg-120-capsulas\/#primaryimage"},"image":{"@id":"https:\/\/jeaken.com\/es\/producto\/capsulas-de-aceite-de-pescado-omega-3-6-9-aceite-de-pescado-puro-con-epa-dha-destilado-con-aceite-de-linaza-y-aceite-de-girasol-1000mg-120-capsulas\/#primaryimage"},"thumbnailUrl":"https:\/\/jeaken.com\/wp-content\/uploads\/2022\/07\/71MHg1NVMTL._AC_SL1500_.jpg","datePublished":"2022-07-21T18:18:21+00:00","dateModified":"2022-08-09T14:13:49+00:00","breadcrumb":{"@id":"https:\/\/jeaken.com\/es\/producto\/capsulas-de-aceite-de-pescado-omega-3-6-9-aceite-de-pescado-puro-con-epa-dha-destilado-con-aceite-de-linaza-y-aceite-de-girasol-1000mg-120-capsulas\/#breadcrumb"},"inLanguage":"es-ES","potentialAction":[{"@type":"ReadAction","target":["https:\/\/jeaken.com\/es\/producto\/capsulas-de-aceite-de-pescado-omega-3-6-9-aceite-de-pescado-puro-con-epa-dha-destilado-con-aceite-de-linaza-y-aceite-de-girasol-1000mg-120-capsulas\/"]}]},{"@type":"ImageObject","inLanguage":"es-ES","@id":"https:\/\/jeaken.com\/es\/producto\/capsulas-de-aceite-de-pescado-omega-3-6-9-aceite-de-pescado-puro-con-epa-dha-destilado-con-aceite-de-linaza-y-aceite-de-girasol-1000mg-120-capsulas\/#primaryimage","url":"https:\/\/jeaken.com\/wp-content\/uploads\/2022\/07\/71MHg1NVMTL._AC_SL1500_.jpg","contentUrl":"https:\/\/jeaken.com\/wp-content\/uploads\/2022\/07\/71MHg1NVMTL._AC_SL1500_.jpg","width":600,"height":600,"caption":"Omega 3 6 9 Fish Oil Capsules."},{"@type":"BreadcrumbList","@id":"https:\/\/jeaken.com\/es\/producto\/capsulas-de-aceite-de-pescado-omega-3-6-9-aceite-de-pescado-puro-con-epa-dha-destilado-con-aceite-de-linaza-y-aceite-de-girasol-1000mg-120-capsulas\/#breadcrumb","itemListElement":[{"@type":"ListItem","position":1,"name":"Home","item":"https:\/\/jeaken.com\/es\/"},{"@type":"ListItem","position":2,"name":"Private: Shop","item":"https:\/\/jeaken.com\/shop\/"},{"@type":"ListItem","position":3,"name":"C\u00e1psulas de aceite de pescado Omega 3 6 9. Aceite de pescado puro con EPA DHA destilado con aceite de linaza y aceite de girasol .1000mg (120 c\u00e1psulas)"}]},{"@type":"WebSite","@id":"https:\/\/jeaken.com\/es\/#website","url":"https:\/\/jeaken.com\/es\/","name":"JeaKen","description":"Organic Supplements for Health, Fitness and Nutrition","publisher":{"@id":"https:\/\/jeaken.com\/es\/#organization"},"potentialAction":[{"@type":"SearchAction","target":{"@type":"EntryPoint","urlTemplate":"https:\/\/jeaken.com\/es\/?s={search_term_string}"},"query-input":"required name=search_term_string"}],"inLanguage":"es-ES"},{"@type":"Organization","@id":"https:\/\/jeaken.com\/es\/#organization","name":"JeaKen","url":"https:\/\/jeaken.com\/es\/","logo":{"@type":"ImageObject","inLanguage":"es-ES","@id":"https:\/\/jeaken.com\/es\/#\/schema\/logo\/image\/","url":"https:\/\/jeaken.com\/wp-content\/uploads\/2022\/06\/jeaken-logo-23.png","contentUrl":"https:\/\/jeaken.com\/wp-content\/uploads\/2022\/06\/jeaken-logo-23.png","width":2486,"height":736,"caption":"JeaKen"},"image":{"@id":"https:\/\/jeaken.com\/es\/#\/schema\/logo\/image\/"}}]}},"jetpack_sharing_enabled":true,"_links":{"self":[{"href":"https:\/\/jeaken.com\/es\/wp-json\/wp\/v2\/product\/6831","targetHints":{"allow":["GET"]}}],"collection":[{"href":"https:\/\/jeaken.com\/es\/wp-json\/wp\/v2\/product"}],"about":[{"href":"https:\/\/jeaken.com\/es\/wp-json\/wp\/v2\/types\/product"}],"wp:featuredmedia":[{"embeddable":true,"href":"https:\/\/jeaken.com\/es\/wp-json\/wp\/v2\/media\/4619"}],"wp:attachment":[{"href":"https:\/\/jeaken.com\/es\/wp-json\/wp\/v2\/media?parent=6831"}],"wp:term":[{"taxonomy":"product_cat","embeddable":true,"href":"https:\/\/jeaken.com\/es\/wp-json\/wp\/v2\/product_cat?post=6831"},{"taxonomy":"product_tag","embeddable":true,"href":"https:\/\/jeaken.com\/es\/wp-json\/wp\/v2\/product_tag?post=6831"}],"curies":[{"name":"wp","href":"https:\/\/api.w.org\/{rel}","templated":true}]}}