{"id":6817,"date":"2022-07-21T19:18:22","date_gmt":"2022-07-21T18:18:22","guid":{"rendered":"https:\/1658920591610?product=vitamina-b12-alta-potencia-1000mcg-b12-metilcobalamina-120-capsulas"},"modified":"2022-08-09T15:13:45","modified_gmt":"2022-08-09T14:13:45","slug":"vitamina-b12-alta-potencia-1000mcg-b12-metilcobalamina-120-capsulas","status":"publish","type":"product","link":"https:\/\/jeaken.com\/es\/producto\/vitamina-b12-alta-potencia-1000mcg-b12-metilcobalamina-120-capsulas\/","title":{"rendered":"Vitamina B12 Alta Potencia &#8211; 1000mcg B12 Metilcobalamina (120 c\u00e1psulas)"},"content":{"rendered":"<p><span class=\"a-list-item\"><strong>ALTA BIODISPONIBILIDAD Y POTENCIA<\/strong> <\/span><\/p>\n<p><span class=\"a-list-item\">Nuestras c\u00e1psulas de vitamina B12 utilizan s\u00f3lo ingredientes de la m\u00e1s alta calidad para mejorar la biodisponibilidad. Cada tableta contiene 1000mcg de metilcobalamina pura (una forma de vitamina B12 de primera calidad que ofrece tasas de absorci\u00f3n eficientes y elevadas por el organismo). Nuestros comprimidos han sido especialmente formulados para ofrecer una liberaci\u00f3n temporizada de vitamina B12 para combatir el cansancio y la fatiga y para garantizar que se sienta con energ\u00eda durante todo el d\u00eda.<\/span><\/p>\n<p><strong>FAVORECE LA FORMACI\u00d3N DE GL\u00d3BULOS ROJOS<\/strong><\/p>\n<p>Nuestras c\u00e1psulas est\u00e1n dise\u00f1adas para favorecer la formaci\u00f3n de gl\u00f3bulos rojos, lo que facilita el suministro de ox\u00edgeno vital en todo el cuerpo.<\/p>\n<p><strong>FAVORECE LA SALUD DEL SISTEMA INMUNITARIO Y NERVIOSO  <\/strong><\/p>\n<p>Utilizamos la <span class=\"a-list-item\">vitamina B12 <\/span> de la m\u00e1s alta calidad <span class=\"a-list-item\">, que favorece un sistema inmunitario y nervioso fuerte. <\/span> <\/p>\n<p><strong><span class=\"a-list-item\">APTO PARA HOMBRES Y MUJERES  <\/span><\/strong><\/p>\n<p><span class=\"a-list-item\">Nuestras c\u00e1psulas de vitamina B12 pueden ser tomadas tanto por hombres como por mujeres.<\/span><\/p>\n<p><strong><span style=\"font-size: 16px;\">APTO PARA VEGANOS Y VEGETARIANOS  <\/span><\/strong><\/p>\n<p><span style=\"font-size: 16px;\">Nuestras c\u00e1psulas son aptas para vegetarianos y veganos y est\u00e1n libres de ingredientes OGM y de al\u00e9rgenos como el gluten, la lactosa, la soja, los frutos secos y las trazas de nueces.<\/span><\/p>\n<p><strong><span class=\"a-list-item\">FORMULADO POR PROFESIONALES  <\/span><\/strong><\/p>\n<p><span class=\"a-list-item\">Nuestros comprimidos de suplemento de B12 de alta concentraci\u00f3n han sido formulados por profesionales de la salud y producidos con altos est\u00e1ndares de control de calidad siguiendo las directrices GMP.<\/span><\/p>\n","protected":false},"excerpt":{"rendered":"<h4><strong><span id=\"productTitle\" class=\"a-size-large product-title-word-break\">Cada c\u00e1psula de alta potencia contiene <\/span><span class=\"a-size-large product-title-word-break\">1000mcg de metilcobalamina B12 para combatir el cansancio y la fatiga, apoyar la formaci\u00f3n de gl\u00f3bulos rojos y favorecer la salud del sistema inmunitario y nervioso.<\/span><\/strong><\/h4>\n<p>&nbsp;<\/p>\n","protected":false},"featured_media":2772,"template":"","meta":{"site-sidebar-layout":"default","site-content-layout":"default","ast-site-content-layout":"default","site-content-style":"default","site-sidebar-style":"default","ast-global-header-display":"","ast-banner-title-visibility":"","ast-main-header-display":"","ast-hfb-above-header-display":"","ast-hfb-below-header-display":"","ast-hfb-mobile-header-display":"","site-post-title":"","ast-breadcrumbs-content":"","ast-featured-img":"","footer-sml-layout":"","theme-transparent-header-meta":"default","adv-header-id-meta":"","stick-header-meta":"default","header-above-stick-meta":"","header-main-stick-meta":"","header-below-stick-meta":"","astra-migrate-meta-layouts":"default","ast-page-background-enabled":"default","ast-page-background-meta":{"desktop":{"background-color":"","background-image":"","background-repeat":"repeat","background-position":"center center","background-size":"auto","background-attachment":"scroll","background-type":"","background-media":"","overlay-type":"","overlay-color":"","overlay-opacity":"","overlay-gradient":""},"tablet":{"background-color":"","background-image":"","background-repeat":"repeat","background-position":"center center","background-size":"auto","background-attachment":"scroll","background-type":"","background-media":"","overlay-type":"","overlay-color":"","overlay-opacity":"","overlay-gradient":""},"mobile":{"background-color":"","background-image":"","background-repeat":"repeat","background-position":"center center","background-size":"auto","background-attachment":"scroll","background-type":"","background-media":"","overlay-type":"","overlay-color":"","overlay-opacity":"","overlay-gradient":""}},"ast-content-background-meta":{"desktop":{"background-color":"var(--ast-global-color-5)","background-image":"","background-repeat":"repeat","background-position":"center center","background-size":"auto","background-attachment":"scroll","background-type":"","background-media":"","overlay-type":"","overlay-color":"","overlay-opacity":"","overlay-gradient":""},"tablet":{"background-color":"var(--ast-global-color-5)","background-image":"","background-repeat":"repeat","background-position":"center center","background-size":"auto","background-attachment":"scroll","background-type":"","background-media":"","overlay-type":"","overlay-color":"","overlay-opacity":"","overlay-gradient":""},"mobile":{"background-color":"var(--ast-global-color-5)","background-image":"","background-repeat":"repeat","background-position":"center center","background-size":"auto","background-attachment":"scroll","background-type":"","background-media":"","overlay-type":"","overlay-color":"","overlay-opacity":"","overlay-gradient":""}}},"product_cat":[592,587],"product_tag":[],"class_list":{"0":"post-6817","1":"product","2":"type-product","3":"status-publish","4":"has-post-thumbnail","6":"product_cat-fatiga","7":"product_cat-vitaminas-y-minerales","8":"has-subscription-plans","9":"desktop-align-left","10":"tablet-align-left","11":"mobile-align-left","13":"first","14":"instock","15":"taxable","16":"shipping-taxable","17":"purchasable","18":"product-type-simple"},"yoast_head":"<!-- This site is optimized with the Yoast SEO plugin v22.7 - https:\/\/yoast.com\/wordpress\/plugins\/seo\/ -->\n<title>Vitamina B12 Alta Potencia - 1000mcg B12 Metilcobalamina (120 c\u00e1psulas) - JeaKen<\/title>\n<meta name=\"robots\" content=\"index, follow, max-snippet:-1, max-image-preview:large, max-video-preview:-1\" \/>\n<link rel=\"canonical\" href=\"https:\/\/jeaken.com\/es\/producto\/vitamina-b12-alta-potencia-1000mcg-b12-metilcobalamina-120-capsulas\/\" \/>\n<meta property=\"og:locale\" content=\"es_ES\" \/>\n<meta property=\"og:type\" content=\"article\" \/>\n<meta property=\"og:title\" content=\"Vitamina B12 Alta Potencia - 1000mcg B12 Metilcobalamina (120 c\u00e1psulas) - JeaKen\" \/>\n<meta property=\"og:description\" content=\"Cada c\u00e1psula de alta potencia contiene 1000mcg de metilcobalamina B12 para combatir el cansancio y la fatiga, apoyar la formaci\u00f3n de gl\u00f3bulos rojos y favorecer la salud del sistema inmunitario y nervioso. &nbsp;\" \/>\n<meta property=\"og:url\" content=\"https:\/\/jeaken.com\/es\/producto\/vitamina-b12-alta-potencia-1000mcg-b12-metilcobalamina-120-capsulas\/\" \/>\n<meta property=\"og:site_name\" content=\"JeaKen\" \/>\n<meta property=\"article:modified_time\" content=\"2022-08-09T14:13:45+00:00\" \/>\n<meta property=\"og:image\" content=\"https:\/\/jeaken.com\/wp-content\/uploads\/2022\/07\/81UZrfAZwML._AC_SL1500_-1-1.jpg\" \/>\n\t<meta property=\"og:image:width\" content=\"600\" \/>\n\t<meta property=\"og:image:height\" content=\"600\" \/>\n\t<meta property=\"og:image:type\" content=\"image\/jpeg\" \/>\n<meta name=\"twitter:card\" content=\"summary_large_image\" \/>\n<meta name=\"twitter:label1\" content=\"Est. reading time\" \/>\n\t<meta name=\"twitter:data1\" content=\"1 minute\" \/>\n<script type=\"application\/ld+json\" class=\"yoast-schema-graph\">{\"@context\":\"https:\/\/schema.org\",\"@graph\":[{\"@type\":\"WebPage\",\"@id\":\"https:\/\/jeaken.com\/es\/producto\/vitamina-b12-alta-potencia-1000mcg-b12-metilcobalamina-120-capsulas\/\",\"url\":\"https:\/\/jeaken.com\/es\/producto\/vitamina-b12-alta-potencia-1000mcg-b12-metilcobalamina-120-capsulas\/\",\"name\":\"Vitamina B12 Alta Potencia - 1000mcg B12 Metilcobalamina (120 c\u00e1psulas) - JeaKen\",\"isPartOf\":{\"@id\":\"https:\/\/jeaken.com\/es\/#website\"},\"primaryImageOfPage\":{\"@id\":\"https:\/\/jeaken.com\/es\/producto\/vitamina-b12-alta-potencia-1000mcg-b12-metilcobalamina-120-capsulas\/#primaryimage\"},\"image\":{\"@id\":\"https:\/\/jeaken.com\/es\/producto\/vitamina-b12-alta-potencia-1000mcg-b12-metilcobalamina-120-capsulas\/#primaryimage\"},\"thumbnailUrl\":\"https:\/\/jeaken.com\/wp-content\/uploads\/2022\/07\/81UZrfAZwML._AC_SL1500_-1-1.jpg\",\"datePublished\":\"2022-07-21T18:18:22+00:00\",\"dateModified\":\"2022-08-09T14:13:45+00:00\",\"breadcrumb\":{\"@id\":\"https:\/\/jeaken.com\/es\/producto\/vitamina-b12-alta-potencia-1000mcg-b12-metilcobalamina-120-capsulas\/#breadcrumb\"},\"inLanguage\":\"es-ES\",\"potentialAction\":[{\"@type\":\"ReadAction\",\"target\":[\"https:\/\/jeaken.com\/es\/producto\/vitamina-b12-alta-potencia-1000mcg-b12-metilcobalamina-120-capsulas\/\"]}]},{\"@type\":\"ImageObject\",\"inLanguage\":\"es-ES\",\"@id\":\"https:\/\/jeaken.com\/es\/producto\/vitamina-b12-alta-potencia-1000mcg-b12-metilcobalamina-120-capsulas\/#primaryimage\",\"url\":\"https:\/\/jeaken.com\/wp-content\/uploads\/2022\/07\/81UZrfAZwML._AC_SL1500_-1-1.jpg\",\"contentUrl\":\"https:\/\/jeaken.com\/wp-content\/uploads\/2022\/07\/81UZrfAZwML._AC_SL1500_-1-1.jpg\",\"width\":600,\"height\":600,\"caption\":\"Vitamin B12 High Strength - 1000mcg B12 Methylcobalamin\"},{\"@type\":\"BreadcrumbList\",\"@id\":\"https:\/\/jeaken.com\/es\/producto\/vitamina-b12-alta-potencia-1000mcg-b12-metilcobalamina-120-capsulas\/#breadcrumb\",\"itemListElement\":[{\"@type\":\"ListItem\",\"position\":1,\"name\":\"Home\",\"item\":\"https:\/\/jeaken.com\/es\/\"},{\"@type\":\"ListItem\",\"position\":2,\"name\":\"Private: Shop\",\"item\":\"https:\/\/jeaken.com\/shop\/\"},{\"@type\":\"ListItem\",\"position\":3,\"name\":\"Vitamina B12 Alta Potencia &#8211; 1000mcg B12 Metilcobalamina (120 c\u00e1psulas)\"}]},{\"@type\":\"WebSite\",\"@id\":\"https:\/\/jeaken.com\/es\/#website\",\"url\":\"https:\/\/jeaken.com\/es\/\",\"name\":\"JeaKen\",\"description\":\"Organic Supplements for Health, Fitness and Nutrition\",\"publisher\":{\"@id\":\"https:\/\/jeaken.com\/es\/#organization\"},\"potentialAction\":[{\"@type\":\"SearchAction\",\"target\":{\"@type\":\"EntryPoint\",\"urlTemplate\":\"https:\/\/jeaken.com\/es\/?s={search_term_string}\"},\"query-input\":\"required name=search_term_string\"}],\"inLanguage\":\"es-ES\"},{\"@type\":\"Organization\",\"@id\":\"https:\/\/jeaken.com\/es\/#organization\",\"name\":\"JeaKen\",\"url\":\"https:\/\/jeaken.com\/es\/\",\"logo\":{\"@type\":\"ImageObject\",\"inLanguage\":\"es-ES\",\"@id\":\"https:\/\/jeaken.com\/es\/#\/schema\/logo\/image\/\",\"url\":\"https:\/\/jeaken.com\/wp-content\/uploads\/2022\/06\/jeaken-logo-23.png\",\"contentUrl\":\"https:\/\/jeaken.com\/wp-content\/uploads\/2022\/06\/jeaken-logo-23.png\",\"width\":2486,\"height\":736,\"caption\":\"JeaKen\"},\"image\":{\"@id\":\"https:\/\/jeaken.com\/es\/#\/schema\/logo\/image\/\"}}]}<\/script>\n<!-- \/ Yoast SEO plugin. -->","yoast_head_json":{"title":"Vitamina B12 Alta Potencia - 1000mcg B12 Metilcobalamina (120 c\u00e1psulas) - JeaKen","robots":{"index":"index","follow":"follow","max-snippet":"max-snippet:-1","max-image-preview":"max-image-preview:large","max-video-preview":"max-video-preview:-1"},"canonical":"https:\/\/jeaken.com\/es\/producto\/vitamina-b12-alta-potencia-1000mcg-b12-metilcobalamina-120-capsulas\/","og_locale":"es_ES","og_type":"article","og_title":"Vitamina B12 Alta Potencia - 1000mcg B12 Metilcobalamina (120 c\u00e1psulas) - JeaKen","og_description":"Cada c\u00e1psula de alta potencia contiene 1000mcg de metilcobalamina B12 para combatir el cansancio y la fatiga, apoyar la formaci\u00f3n de gl\u00f3bulos rojos y favorecer la salud del sistema inmunitario y nervioso. &nbsp;","og_url":"https:\/\/jeaken.com\/es\/producto\/vitamina-b12-alta-potencia-1000mcg-b12-metilcobalamina-120-capsulas\/","og_site_name":"JeaKen","article_modified_time":"2022-08-09T14:13:45+00:00","og_image":[{"width":600,"height":600,"url":"https:\/\/jeaken.com\/wp-content\/uploads\/2022\/07\/81UZrfAZwML._AC_SL1500_-1-1.jpg","type":"image\/jpeg"}],"twitter_card":"summary_large_image","twitter_misc":{"Est. reading time":"1 minute"},"schema":{"@context":"https:\/\/schema.org","@graph":[{"@type":"WebPage","@id":"https:\/\/jeaken.com\/es\/producto\/vitamina-b12-alta-potencia-1000mcg-b12-metilcobalamina-120-capsulas\/","url":"https:\/\/jeaken.com\/es\/producto\/vitamina-b12-alta-potencia-1000mcg-b12-metilcobalamina-120-capsulas\/","name":"Vitamina B12 Alta Potencia - 1000mcg B12 Metilcobalamina (120 c\u00e1psulas) - JeaKen","isPartOf":{"@id":"https:\/\/jeaken.com\/es\/#website"},"primaryImageOfPage":{"@id":"https:\/\/jeaken.com\/es\/producto\/vitamina-b12-alta-potencia-1000mcg-b12-metilcobalamina-120-capsulas\/#primaryimage"},"image":{"@id":"https:\/\/jeaken.com\/es\/producto\/vitamina-b12-alta-potencia-1000mcg-b12-metilcobalamina-120-capsulas\/#primaryimage"},"thumbnailUrl":"https:\/\/jeaken.com\/wp-content\/uploads\/2022\/07\/81UZrfAZwML._AC_SL1500_-1-1.jpg","datePublished":"2022-07-21T18:18:22+00:00","dateModified":"2022-08-09T14:13:45+00:00","breadcrumb":{"@id":"https:\/\/jeaken.com\/es\/producto\/vitamina-b12-alta-potencia-1000mcg-b12-metilcobalamina-120-capsulas\/#breadcrumb"},"inLanguage":"es-ES","potentialAction":[{"@type":"ReadAction","target":["https:\/\/jeaken.com\/es\/producto\/vitamina-b12-alta-potencia-1000mcg-b12-metilcobalamina-120-capsulas\/"]}]},{"@type":"ImageObject","inLanguage":"es-ES","@id":"https:\/\/jeaken.com\/es\/producto\/vitamina-b12-alta-potencia-1000mcg-b12-metilcobalamina-120-capsulas\/#primaryimage","url":"https:\/\/jeaken.com\/wp-content\/uploads\/2022\/07\/81UZrfAZwML._AC_SL1500_-1-1.jpg","contentUrl":"https:\/\/jeaken.com\/wp-content\/uploads\/2022\/07\/81UZrfAZwML._AC_SL1500_-1-1.jpg","width":600,"height":600,"caption":"Vitamin B12 High Strength - 1000mcg B12 Methylcobalamin"},{"@type":"BreadcrumbList","@id":"https:\/\/jeaken.com\/es\/producto\/vitamina-b12-alta-potencia-1000mcg-b12-metilcobalamina-120-capsulas\/#breadcrumb","itemListElement":[{"@type":"ListItem","position":1,"name":"Home","item":"https:\/\/jeaken.com\/es\/"},{"@type":"ListItem","position":2,"name":"Private: Shop","item":"https:\/\/jeaken.com\/shop\/"},{"@type":"ListItem","position":3,"name":"Vitamina B12 Alta Potencia &#8211; 1000mcg B12 Metilcobalamina (120 c\u00e1psulas)"}]},{"@type":"WebSite","@id":"https:\/\/jeaken.com\/es\/#website","url":"https:\/\/jeaken.com\/es\/","name":"JeaKen","description":"Organic Supplements for Health, Fitness and Nutrition","publisher":{"@id":"https:\/\/jeaken.com\/es\/#organization"},"potentialAction":[{"@type":"SearchAction","target":{"@type":"EntryPoint","urlTemplate":"https:\/\/jeaken.com\/es\/?s={search_term_string}"},"query-input":"required name=search_term_string"}],"inLanguage":"es-ES"},{"@type":"Organization","@id":"https:\/\/jeaken.com\/es\/#organization","name":"JeaKen","url":"https:\/\/jeaken.com\/es\/","logo":{"@type":"ImageObject","inLanguage":"es-ES","@id":"https:\/\/jeaken.com\/es\/#\/schema\/logo\/image\/","url":"https:\/\/jeaken.com\/wp-content\/uploads\/2022\/06\/jeaken-logo-23.png","contentUrl":"https:\/\/jeaken.com\/wp-content\/uploads\/2022\/06\/jeaken-logo-23.png","width":2486,"height":736,"caption":"JeaKen"},"image":{"@id":"https:\/\/jeaken.com\/es\/#\/schema\/logo\/image\/"}}]}},"jetpack_sharing_enabled":true,"_links":{"self":[{"href":"https:\/\/jeaken.com\/es\/wp-json\/wp\/v2\/product\/6817","targetHints":{"allow":["GET"]}}],"collection":[{"href":"https:\/\/jeaken.com\/es\/wp-json\/wp\/v2\/product"}],"about":[{"href":"https:\/\/jeaken.com\/es\/wp-json\/wp\/v2\/types\/product"}],"wp:featuredmedia":[{"embeddable":true,"href":"https:\/\/jeaken.com\/es\/wp-json\/wp\/v2\/media\/2772"}],"wp:attachment":[{"href":"https:\/\/jeaken.com\/es\/wp-json\/wp\/v2\/media?parent=6817"}],"wp:term":[{"taxonomy":"product_cat","embeddable":true,"href":"https:\/\/jeaken.com\/es\/wp-json\/wp\/v2\/product_cat?post=6817"},{"taxonomy":"product_tag","embeddable":true,"href":"https:\/\/jeaken.com\/es\/wp-json\/wp\/v2\/product_tag?post=6817"}],"curies":[{"name":"wp","href":"https:\/\/api.w.org\/{rel}","templated":true}]}}