{"id":6802,"date":"2022-07-21T19:18:22","date_gmt":"2022-07-21T18:18:22","guid":{"rendered":"https:\/1658920591610?product=comprimidos-de-biotina-para-el-crecimiento-del-cabello-10-000mcg-365-comprimidos"},"modified":"2022-08-09T14:42:33","modified_gmt":"2022-08-09T13:42:33","slug":"comprimidos-de-biotina-para-el-crecimiento-del-cabello-10-000mcg-365-comprimidos","status":"publish","type":"product","link":"https:\/\/jeaken.com\/es\/producto\/comprimidos-de-biotina-para-el-crecimiento-del-cabello-10-000mcg-365-comprimidos\/","title":{"rendered":"Comprimidos de biotina para el crecimiento del cabello &#8211; 10.000mcg (365 comprimidos)"},"content":{"rendered":"<div id=\"ppd\">\n<div id=\"centerCol\" class=\"centerColAlign centerColAlign-bbcxoverride\">\n<div id=\"featurebullets_feature_div\" class=\"celwidget\" data-feature-name=\"featurebullets\" data-csa-c-id=\"g5ufxi-r6gcqr-qq0ex5-1zn5e5\" data-cel-widget=\"featurebullets_feature_div\">\n<div id=\"feature-bullets\" class=\"a-section a-spacing-medium a-spacing-top-small\">\n<p><span class=\"a-list-item\"><strong>FAVORECE EL CRECIMIENTO DEL CABELLO, LA PIEL Y LAS U\u00d1AS  <\/strong><\/span><\/p>\n<p><span class=\"a-list-item\">Nuestro suplemento de alta potencia contiene 365 comprimidos veganos de biotina (tambi\u00e9n conocida como vitamina H o B7 ) que favorecen el crecimiento y el mantenimiento saludable del cabello, la piel y las u\u00f1as.<\/span><\/p>\n<p><strong>PROMUEVE UN SISTEMA NERVIOSO SALUDABLE  <\/strong><\/p>\n<p><span class=\"a-list-item\">Cada comprimido contiene 10.000mcg de Biotina. La biotina contribuye al buen funcionamiento del sistema nervioso y favorece la salud y el bienestar general. (Declaraciones corroboradas por la Autoridad Europea de Seguridad Alimentaria).<\/span><\/p>\n<p><strong><span class=\"a-list-item\">AUMENTA LA ENERG\u00cdA  <\/span><\/strong><\/p>\n<p><span class=\"a-list-item\">La biotina es necesaria para que ciertas enzimas funcionen correctamente en el organismo. Ayuda al metabolismo y contribuye a la conversi\u00f3n de grasas, carbohidratos y prote\u00ednas en energ\u00eda.  <\/span><\/p>\n<p><b>ADECUADO<\/b><strong><br \/>\n  <span class=\"a-list-item\"> PARA HOMBRES Y MUJERES <\/span><br \/>\n<\/strong> <\/p>\n<p><span class=\"a-list-item\">Nuestros comprimidos peque\u00f1os y f\u00e1ciles de tragar est\u00e1n dise\u00f1ados para hombres y mujeres de todas las edades y tipos de cabello.<\/span><\/p>\n<p><strong>SIN MALTODEXTRINA<\/strong><\/p>\n<p><span class=\"a-list-item\">A diferencia de muchos otros productos de biotina, nuestras c\u00e1psulas reformuladas no contienen maltodextrina ni otros aditivos desagradables.<\/span><\/p>\n<\/div>\n<p>&nbsp;<\/p>\n<div id=\"feature-bullets\" class=\"a-section a-spacing-medium a-spacing-top-small\">\n<p>&nbsp;<\/p>\n<\/div>\n<\/div>\n<div id=\"globalStoreInfoBullets_feature_div\" class=\"celwidget\" data-feature-name=\"globalStoreInfoBullets\" data-csa-c-id=\"o9frp1-vtws6k-ljg8c0-7lobzq\" data-cel-widget=\"globalStoreInfoBullets_feature_div\"><\/div>\n<div id=\"addOnItem_feature_div\" class=\"celwidget\" data-feature-name=\"addOnItem\" data-csa-c-id=\"qg7958-vv4ugf-9e6jtz-3jcfy7\" data-cel-widget=\"addOnItem_feature_div\"><\/div>\n<div id=\"andonCord_feature_div\" class=\"celwidget\" data-feature-name=\"andonCord\" data-csa-c-id=\"bupwwj-z6b7mo-v1rmns-euojp4\" data-cel-widget=\"andonCord_feature_div\"><\/div>\n<div id=\"HLCXComparisonJumplink_feature_div\"><\/div>\n<div id=\"ageWarning_feature_div\" class=\"celwidget\" data-feature-name=\"ageWarning\" data-csa-c-id=\"1xi6zl-90059m-om4xl1-7pgg5k\" data-cel-widget=\"ageWarning_feature_div\"><\/div>\n<div id=\"newerVersion_feature_div\" class=\"celwidget\" data-feature-name=\"newerVersion\" data-csa-c-id=\"b9m5rt-v81ipo-1e7fb9-vw74ds\" data-cel-widget=\"newerVersion_feature_div\"><\/div>\n<div id=\"whiteGloveMessage_feature_div\" class=\"celwidget\" data-feature-name=\"whiteGloveMessage\" data-csa-c-id=\"v04ddq-6apmtz-cvu05v-agcsai\" data-cel-widget=\"whiteGloveMessage_feature_div\"><\/div>\n<div id=\"productAlert_feature_div\" class=\"celwidget\" data-feature-name=\"productAlert\" data-csa-c-id=\"fmpv7w-c0jw18-prhaxt-tzubbe\" data-cel-widget=\"productAlert_feature_div\"><\/div>\n<div id=\"vendorPoweredCoupon_feature_div\" class=\"celwidget\" data-feature-name=\"vendorPoweredCoupon\" data-csa-c-id=\"i8mvxy-2pokdr-y80521-s437sf\" data-cel-widget=\"vendorPoweredCoupon_feature_div\"><\/div>\n<div id=\"edpIngress_feature_div\" class=\"celwidget\" data-feature-name=\"edpIngress\" data-csa-c-id=\"ol64h8-ru7c0q-ybw4ni-qixchs\" data-cel-widget=\"edpIngress_feature_div\"><\/div>\n<div id=\"legalEUAtf_feature_div\" class=\"celwidget\" data-feature-name=\"legalEUAtf\" data-csa-c-id=\"hfeb11-glyp9c-ihxx80-v8bdnx\" data-cel-widget=\"legalEUAtf_feature_div\"><\/div>\n<\/div>\n<div id=\"hqpWrapper\" class=\"centerColAlign centerColAlign-bbcxoverride\">\n<div id=\"heroQuickPromo_feature_div\" class=\"celwidget\" data-feature-name=\"heroQuickPromo\" data-csa-c-id=\"el2xsn-a83ou0-i9gtfj-nsv8o0\" data-cel-widget=\"heroQuickPromo_feature_div\"><\/div>\n<\/div>\n<\/div>\n<div id=\"hover-zoom-end\" class=\"a-section a-spacing-small a-padding-mini\"><\/div>\n<div id=\"bottomRow\">\n<div id=\"twisterJsInitializer_feature_div\" class=\"celwidget\" data-feature-name=\"twisterJsInitializer\" data-csa-c-id=\"b8mjdq-8k9ja1-p0r74o-6z11l2\" data-cel-widget=\"twisterJsInitializer_feature_div\"><\/div>\n<\/div>\n<div id=\"imageBlockVariations_feature_div\" class=\"celwidget\" data-feature-name=\"imageBlockVariations\" data-csa-c-id=\"h61j90-texwei-gdlxp7-9ja4me\" data-cel-widget=\"imageBlockVariations_feature_div\"><\/div>\n<div id=\"bundleV2_feature_div\" class=\"celwidget\" data-feature-name=\"bundleV2\" data-csa-c-id=\"wn0do0-r45aeo-t0kk54-w5uuif\" data-cel-widget=\"bundleV2_feature_div\"><\/div>\n<div class=\"celwidget pd_rd_w-ZaLXT pf_rd_p-1055d8b2-c10c-4d7d-b50d-96300553e15d pd_rd_wg-0kfje pf_rd_r-Z43DSTWP0N72KGKB29R4 pd_rd_r-d5a03798-00fd-4336-8e31-be3fb2e14fd5\" data-csa-c-id=\"5hb9pq-r0gcg4-z8hmvu-5iddlm\" data-cel-widget=\"desktop-dp-sims_SponsoredProductsSimsDpDesktop\">\n<div class=\"celwidget\" data-csa-c-id=\"c5e1vn-uok2hr-tbi061-3crlzq\" data-cel-widget=\"sp_detail\"><\/div>\n<\/div>\n","protected":false},"excerpt":{"rendered":"<h4 class=\"a-size-large a-spacing-none\"><span class=\"a-size-large product-title-word-break\">De alta calidad, vegano <\/span><span id=\"productTitle\" class=\"a-size-large product-title-word-break\">Comprimidos de biotina para favorecer el crecimiento del cabello, la piel y las u\u00f1as en hombres y mujeres. <\/span> <\/h4>\n<h1 class=\"a-size-large a-spacing-none\"><\/h1>\n<p>&nbsp;<\/p>\n<p>&nbsp;<\/p>\n","protected":false},"featured_media":2765,"template":"","meta":{"site-sidebar-layout":"default","site-content-layout":"default","ast-site-content-layout":"default","site-content-style":"default","site-sidebar-style":"default","ast-global-header-display":"","ast-banner-title-visibility":"","ast-main-header-display":"","ast-hfb-above-header-display":"","ast-hfb-below-header-display":"","ast-hfb-mobile-header-display":"","site-post-title":"","ast-breadcrumbs-content":"","ast-featured-img":"","footer-sml-layout":"","theme-transparent-header-meta":"default","adv-header-id-meta":"","stick-header-meta":"default","header-above-stick-meta":"","header-main-stick-meta":"","header-below-stick-meta":"","astra-migrate-meta-layouts":"default","ast-page-background-enabled":"default","ast-page-background-meta":{"desktop":{"background-color":"","background-image":"","background-repeat":"repeat","background-position":"center center","background-size":"auto","background-attachment":"scroll","background-type":"","background-media":"","overlay-type":"","overlay-color":"","overlay-opacity":"","overlay-gradient":""},"tablet":{"background-color":"","background-image":"","background-repeat":"repeat","background-position":"center center","background-size":"auto","background-attachment":"scroll","background-type":"","background-media":"","overlay-type":"","overlay-color":"","overlay-opacity":"","overlay-gradient":""},"mobile":{"background-color":"","background-image":"","background-repeat":"repeat","background-position":"center center","background-size":"auto","background-attachment":"scroll","background-type":"","background-media":"","overlay-type":"","overlay-color":"","overlay-opacity":"","overlay-gradient":""}},"ast-content-background-meta":{"desktop":{"background-color":"var(--ast-global-color-5)","background-image":"","background-repeat":"repeat","background-position":"center center","background-size":"auto","background-attachment":"scroll","background-type":"","background-media":"","overlay-type":"","overlay-color":"","overlay-opacity":"","overlay-gradient":""},"tablet":{"background-color":"var(--ast-global-color-5)","background-image":"","background-repeat":"repeat","background-position":"center center","background-size":"auto","background-attachment":"scroll","background-type":"","background-media":"","overlay-type":"","overlay-color":"","overlay-opacity":"","overlay-gradient":""},"mobile":{"background-color":"var(--ast-global-color-5)","background-image":"","background-repeat":"repeat","background-position":"center center","background-size":"auto","background-attachment":"scroll","background-type":"","background-media":"","overlay-type":"","overlay-color":"","overlay-opacity":"","overlay-gradient":""}}},"product_cat":[678,587],"product_tag":[],"class_list":{"0":"post-6802","1":"product","2":"type-product","3":"status-publish","4":"has-post-thumbnail","6":"product_cat-crecimiento-del-pelo-y-la-barba","7":"product_cat-vitaminas-y-minerales","8":"has-subscription-plans","9":"desktop-align-left","10":"tablet-align-left","11":"mobile-align-left","13":"first","14":"outofstock","15":"taxable","16":"shipping-taxable","17":"purchasable","18":"product-type-simple"},"yoast_head":"<!-- This site is optimized with the Yoast SEO plugin v22.7 - https:\/\/yoast.com\/wordpress\/plugins\/seo\/ -->\n<title>Comprimidos de biotina para el crecimiento del cabello - 10.000mcg (365 comprimidos) - JeaKen<\/title>\n<meta name=\"robots\" content=\"index, follow, max-snippet:-1, max-image-preview:large, max-video-preview:-1\" \/>\n<link rel=\"canonical\" href=\"https:\/\/jeaken.com\/es\/producto\/comprimidos-de-biotina-para-el-crecimiento-del-cabello-10-000mcg-365-comprimidos\/\" \/>\n<meta property=\"og:locale\" content=\"es_ES\" \/>\n<meta property=\"og:type\" content=\"article\" \/>\n<meta property=\"og:title\" content=\"Comprimidos de biotina para el crecimiento del cabello - 10.000mcg (365 comprimidos) - JeaKen\" \/>\n<meta property=\"og:description\" content=\"De alta calidad, vegano Comprimidos de biotina para favorecer el crecimiento del cabello, la piel y las u\u00f1as en hombres y mujeres.  &nbsp; &nbsp;\" \/>\n<meta property=\"og:url\" content=\"https:\/\/jeaken.com\/es\/producto\/comprimidos-de-biotina-para-el-crecimiento-del-cabello-10-000mcg-365-comprimidos\/\" \/>\n<meta property=\"og:site_name\" content=\"JeaKen\" \/>\n<meta property=\"article:modified_time\" content=\"2022-08-09T13:42:33+00:00\" \/>\n<meta property=\"og:image\" content=\"https:\/\/jeaken.com\/wp-content\/uploads\/2022\/07\/81UZrfAZwML._AC_SL1500_-2.jpg\" \/>\n\t<meta property=\"og:image:width\" content=\"600\" \/>\n\t<meta property=\"og:image:height\" content=\"600\" \/>\n\t<meta property=\"og:image:type\" content=\"image\/jpeg\" \/>\n<meta name=\"twitter:card\" content=\"summary_large_image\" \/>\n<meta name=\"twitter:label1\" content=\"Est. reading time\" \/>\n\t<meta name=\"twitter:data1\" content=\"1 minute\" \/>\n<script type=\"application\/ld+json\" class=\"yoast-schema-graph\">{\"@context\":\"https:\/\/schema.org\",\"@graph\":[{\"@type\":\"WebPage\",\"@id\":\"https:\/\/jeaken.com\/es\/producto\/comprimidos-de-biotina-para-el-crecimiento-del-cabello-10-000mcg-365-comprimidos\/\",\"url\":\"https:\/\/jeaken.com\/es\/producto\/comprimidos-de-biotina-para-el-crecimiento-del-cabello-10-000mcg-365-comprimidos\/\",\"name\":\"Comprimidos de biotina para el crecimiento del cabello - 10.000mcg (365 comprimidos) - JeaKen\",\"isPartOf\":{\"@id\":\"https:\/\/jeaken.com\/es\/#website\"},\"primaryImageOfPage\":{\"@id\":\"https:\/\/jeaken.com\/es\/producto\/comprimidos-de-biotina-para-el-crecimiento-del-cabello-10-000mcg-365-comprimidos\/#primaryimage\"},\"image\":{\"@id\":\"https:\/\/jeaken.com\/es\/producto\/comprimidos-de-biotina-para-el-crecimiento-del-cabello-10-000mcg-365-comprimidos\/#primaryimage\"},\"thumbnailUrl\":\"https:\/\/jeaken.com\/wp-content\/uploads\/2022\/07\/81UZrfAZwML._AC_SL1500_-2.jpg\",\"datePublished\":\"2022-07-21T18:18:22+00:00\",\"dateModified\":\"2022-08-09T13:42:33+00:00\",\"breadcrumb\":{\"@id\":\"https:\/\/jeaken.com\/es\/producto\/comprimidos-de-biotina-para-el-crecimiento-del-cabello-10-000mcg-365-comprimidos\/#breadcrumb\"},\"inLanguage\":\"es-ES\",\"potentialAction\":[{\"@type\":\"ReadAction\",\"target\":[\"https:\/\/jeaken.com\/es\/producto\/comprimidos-de-biotina-para-el-crecimiento-del-cabello-10-000mcg-365-comprimidos\/\"]}]},{\"@type\":\"ImageObject\",\"inLanguage\":\"es-ES\",\"@id\":\"https:\/\/jeaken.com\/es\/producto\/comprimidos-de-biotina-para-el-crecimiento-del-cabello-10-000mcg-365-comprimidos\/#primaryimage\",\"url\":\"https:\/\/jeaken.com\/wp-content\/uploads\/2022\/07\/81UZrfAZwML._AC_SL1500_-2.jpg\",\"contentUrl\":\"https:\/\/jeaken.com\/wp-content\/uploads\/2022\/07\/81UZrfAZwML._AC_SL1500_-2.jpg\",\"width\":600,\"height\":600,\"caption\":\"Biotin Tablets\"},{\"@type\":\"BreadcrumbList\",\"@id\":\"https:\/\/jeaken.com\/es\/producto\/comprimidos-de-biotina-para-el-crecimiento-del-cabello-10-000mcg-365-comprimidos\/#breadcrumb\",\"itemListElement\":[{\"@type\":\"ListItem\",\"position\":1,\"name\":\"Home\",\"item\":\"https:\/\/jeaken.com\/es\/\"},{\"@type\":\"ListItem\",\"position\":2,\"name\":\"Private: Shop\",\"item\":\"https:\/\/jeaken.com\/shop\/\"},{\"@type\":\"ListItem\",\"position\":3,\"name\":\"Comprimidos de biotina para el crecimiento del cabello &#8211; 10.000mcg (365 comprimidos)\"}]},{\"@type\":\"WebSite\",\"@id\":\"https:\/\/jeaken.com\/es\/#website\",\"url\":\"https:\/\/jeaken.com\/es\/\",\"name\":\"JeaKen\",\"description\":\"Organic Supplements for Health, Fitness and Nutrition\",\"publisher\":{\"@id\":\"https:\/\/jeaken.com\/es\/#organization\"},\"potentialAction\":[{\"@type\":\"SearchAction\",\"target\":{\"@type\":\"EntryPoint\",\"urlTemplate\":\"https:\/\/jeaken.com\/es\/?s={search_term_string}\"},\"query-input\":\"required name=search_term_string\"}],\"inLanguage\":\"es-ES\"},{\"@type\":\"Organization\",\"@id\":\"https:\/\/jeaken.com\/es\/#organization\",\"name\":\"JeaKen\",\"url\":\"https:\/\/jeaken.com\/es\/\",\"logo\":{\"@type\":\"ImageObject\",\"inLanguage\":\"es-ES\",\"@id\":\"https:\/\/jeaken.com\/es\/#\/schema\/logo\/image\/\",\"url\":\"https:\/\/jeaken.com\/wp-content\/uploads\/2022\/06\/jeaken-logo-23.png\",\"contentUrl\":\"https:\/\/jeaken.com\/wp-content\/uploads\/2022\/06\/jeaken-logo-23.png\",\"width\":2486,\"height\":736,\"caption\":\"JeaKen\"},\"image\":{\"@id\":\"https:\/\/jeaken.com\/es\/#\/schema\/logo\/image\/\"}}]}<\/script>\n<!-- \/ Yoast SEO plugin. -->","yoast_head_json":{"title":"Comprimidos de biotina para el crecimiento del cabello - 10.000mcg (365 comprimidos) - JeaKen","robots":{"index":"index","follow":"follow","max-snippet":"max-snippet:-1","max-image-preview":"max-image-preview:large","max-video-preview":"max-video-preview:-1"},"canonical":"https:\/\/jeaken.com\/es\/producto\/comprimidos-de-biotina-para-el-crecimiento-del-cabello-10-000mcg-365-comprimidos\/","og_locale":"es_ES","og_type":"article","og_title":"Comprimidos de biotina para el crecimiento del cabello - 10.000mcg (365 comprimidos) - JeaKen","og_description":"De alta calidad, vegano Comprimidos de biotina para favorecer el crecimiento del cabello, la piel y las u\u00f1as en hombres y mujeres.  &nbsp; &nbsp;","og_url":"https:\/\/jeaken.com\/es\/producto\/comprimidos-de-biotina-para-el-crecimiento-del-cabello-10-000mcg-365-comprimidos\/","og_site_name":"JeaKen","article_modified_time":"2022-08-09T13:42:33+00:00","og_image":[{"width":600,"height":600,"url":"https:\/\/jeaken.com\/wp-content\/uploads\/2022\/07\/81UZrfAZwML._AC_SL1500_-2.jpg","type":"image\/jpeg"}],"twitter_card":"summary_large_image","twitter_misc":{"Est. reading time":"1 minute"},"schema":{"@context":"https:\/\/schema.org","@graph":[{"@type":"WebPage","@id":"https:\/\/jeaken.com\/es\/producto\/comprimidos-de-biotina-para-el-crecimiento-del-cabello-10-000mcg-365-comprimidos\/","url":"https:\/\/jeaken.com\/es\/producto\/comprimidos-de-biotina-para-el-crecimiento-del-cabello-10-000mcg-365-comprimidos\/","name":"Comprimidos de biotina para el crecimiento del cabello - 10.000mcg (365 comprimidos) - JeaKen","isPartOf":{"@id":"https:\/\/jeaken.com\/es\/#website"},"primaryImageOfPage":{"@id":"https:\/\/jeaken.com\/es\/producto\/comprimidos-de-biotina-para-el-crecimiento-del-cabello-10-000mcg-365-comprimidos\/#primaryimage"},"image":{"@id":"https:\/\/jeaken.com\/es\/producto\/comprimidos-de-biotina-para-el-crecimiento-del-cabello-10-000mcg-365-comprimidos\/#primaryimage"},"thumbnailUrl":"https:\/\/jeaken.com\/wp-content\/uploads\/2022\/07\/81UZrfAZwML._AC_SL1500_-2.jpg","datePublished":"2022-07-21T18:18:22+00:00","dateModified":"2022-08-09T13:42:33+00:00","breadcrumb":{"@id":"https:\/\/jeaken.com\/es\/producto\/comprimidos-de-biotina-para-el-crecimiento-del-cabello-10-000mcg-365-comprimidos\/#breadcrumb"},"inLanguage":"es-ES","potentialAction":[{"@type":"ReadAction","target":["https:\/\/jeaken.com\/es\/producto\/comprimidos-de-biotina-para-el-crecimiento-del-cabello-10-000mcg-365-comprimidos\/"]}]},{"@type":"ImageObject","inLanguage":"es-ES","@id":"https:\/\/jeaken.com\/es\/producto\/comprimidos-de-biotina-para-el-crecimiento-del-cabello-10-000mcg-365-comprimidos\/#primaryimage","url":"https:\/\/jeaken.com\/wp-content\/uploads\/2022\/07\/81UZrfAZwML._AC_SL1500_-2.jpg","contentUrl":"https:\/\/jeaken.com\/wp-content\/uploads\/2022\/07\/81UZrfAZwML._AC_SL1500_-2.jpg","width":600,"height":600,"caption":"Biotin Tablets"},{"@type":"BreadcrumbList","@id":"https:\/\/jeaken.com\/es\/producto\/comprimidos-de-biotina-para-el-crecimiento-del-cabello-10-000mcg-365-comprimidos\/#breadcrumb","itemListElement":[{"@type":"ListItem","position":1,"name":"Home","item":"https:\/\/jeaken.com\/es\/"},{"@type":"ListItem","position":2,"name":"Private: Shop","item":"https:\/\/jeaken.com\/shop\/"},{"@type":"ListItem","position":3,"name":"Comprimidos de biotina para el crecimiento del cabello &#8211; 10.000mcg (365 comprimidos)"}]},{"@type":"WebSite","@id":"https:\/\/jeaken.com\/es\/#website","url":"https:\/\/jeaken.com\/es\/","name":"JeaKen","description":"Organic Supplements for Health, Fitness and Nutrition","publisher":{"@id":"https:\/\/jeaken.com\/es\/#organization"},"potentialAction":[{"@type":"SearchAction","target":{"@type":"EntryPoint","urlTemplate":"https:\/\/jeaken.com\/es\/?s={search_term_string}"},"query-input":"required name=search_term_string"}],"inLanguage":"es-ES"},{"@type":"Organization","@id":"https:\/\/jeaken.com\/es\/#organization","name":"JeaKen","url":"https:\/\/jeaken.com\/es\/","logo":{"@type":"ImageObject","inLanguage":"es-ES","@id":"https:\/\/jeaken.com\/es\/#\/schema\/logo\/image\/","url":"https:\/\/jeaken.com\/wp-content\/uploads\/2022\/06\/jeaken-logo-23.png","contentUrl":"https:\/\/jeaken.com\/wp-content\/uploads\/2022\/06\/jeaken-logo-23.png","width":2486,"height":736,"caption":"JeaKen"},"image":{"@id":"https:\/\/jeaken.com\/es\/#\/schema\/logo\/image\/"}}]}},"jetpack_sharing_enabled":true,"_links":{"self":[{"href":"https:\/\/jeaken.com\/es\/wp-json\/wp\/v2\/product\/6802","targetHints":{"allow":["GET"]}}],"collection":[{"href":"https:\/\/jeaken.com\/es\/wp-json\/wp\/v2\/product"}],"about":[{"href":"https:\/\/jeaken.com\/es\/wp-json\/wp\/v2\/types\/product"}],"wp:featuredmedia":[{"embeddable":true,"href":"https:\/\/jeaken.com\/es\/wp-json\/wp\/v2\/media\/2765"}],"wp:attachment":[{"href":"https:\/\/jeaken.com\/es\/wp-json\/wp\/v2\/media?parent=6802"}],"wp:term":[{"taxonomy":"product_cat","embeddable":true,"href":"https:\/\/jeaken.com\/es\/wp-json\/wp\/v2\/product_cat?post=6802"},{"taxonomy":"product_tag","embeddable":true,"href":"https:\/\/jeaken.com\/es\/wp-json\/wp\/v2\/product_tag?post=6802"}],"curies":[{"name":"wp","href":"https:\/\/api.w.org\/{rel}","templated":true}]}}