{"id":6800,"date":"2022-07-21T19:18:22","date_gmt":"2022-07-21T18:18:22","guid":{"rendered":"https:\/1658920591610?product=mass-gainer-de-altas-calorias-batido-avanzado-de-proteinas-de-altas-calorias-de-4kg-con-glutamina-140g-por-racion"},"modified":"2022-08-09T14:42:33","modified_gmt":"2022-08-09T13:42:33","slug":"mass-gainer-de-altas-calorias-batido-avanzado-de-proteinas-de-altas-calorias-de-4kg-con-glutamina-140g-por-racion","status":"publish","type":"product","link":"https:\/\/jeaken.com\/es\/producto\/mass-gainer-de-altas-calorias-batido-avanzado-de-proteinas-de-altas-calorias-de-4kg-con-glutamina-140g-por-racion\/","title":{"rendered":"Mass Gainer de altas calor\u00edas &#8211; Batido avanzado de prote\u00ednas de altas calor\u00edas de 4Kg con glutamina -(140g por raci\u00f3n)"},"content":{"rendered":"<div class=\"a-cardui feature\" data-a-card-type=\"basic\" data-cel-widget=\"\">\n<div id=\"productDescription_feature_div\" class=\"a-section a-spacing-none\" data-feature-name=\"productDescription\" data-template-name=\"productDescription\">\n<div id=\"productDescription_fullView\">\n<div class=\"a-section a-spacing-large text-direction-override\" dir=\"auto\">\n<p><strong>MEJORA EL AUMENTO DE PESO Y LA MASA MUSCULAR<\/strong><\/p>\n<p>Sabemos lo que se necesita para impulsar un aumento de peso r\u00e1pido y sostenido: un gran excedente de calor\u00edas m\u00e1s las prote\u00ednas y los nutrientes que su cuerpo necesita para construir y crecer. Con 517 calor\u00edas por cada porci\u00f3n de 2 cucharadas y 7 gramos de fibra por porci\u00f3n, este potente producto aporta la f\u00f3rmula de masa definitiva para los verdaderos ganadores.<\/p>\n<p><strong>ALTO CONTENIDO EN PROTE\u00cdNAS PARA LA CONSTRUCCI\u00d3N Y REGENERACI\u00d3N MUSCULAR<\/strong><\/p>\n<p><span class=\"a-list-item\">Nuestro potente aislado de prote\u00ednas en polvo contiene 34 gramos de prote\u00ednas de alta calidad por raci\u00f3n. Cuando se utiliza despu\u00e9s del entrenamiento, puede ayudar a curar r\u00e1pidamente las micro-roturas en los tejidos musculares, lo que acelera la recuperaci\u00f3n, reduce el dolor muscular y conduce a m\u00fasculos m\u00e1s fuertes y m\u00e1s grandes con el tiempo.  <\/span>Nuestra f\u00f3rmula exclusiva garantiza un aporte uniforme de prote\u00ednas al organismo durante un per\u00edodo de tiempo m\u00e1s largo para facilitar la regeneraci\u00f3n muscular.<\/p>\n<\/div>\n<div class=\"a-section a-spacing-large text-direction-override\" dir=\"auto\">\n<p><strong>DELICIOSO SABOR<\/strong><\/p>\n<p>Mass gainer est\u00e1 hecho para disfrutar. Quieres un batido de prote\u00ednas repleto de la nutrici\u00f3n adecuada y los ingredientes activos que necesitas para engordar, pero tambi\u00e9n quieres que tenga un buen sabor. Este producto<span class=\"a-list-item\">  puede disfrutarse en batidos, con avena o a\u00f1adido a una mezcla para tortitas. Las prote\u00ednas en polvo no tienen por qu\u00e9 ser aburridas<\/span><\/p>\n<p><b>RESULTADOS R\u00c1PIDOS<\/b><\/p>\n<p>Conseguir el cuerpo perfecto no tiene por qu\u00e9 llevar tiempo. Cada porci\u00f3n de nuestro Mass Gainer presenta el perfil nutricional \u00f3ptimo para alimentar el crecimiento y las ganancias r\u00e1pidas.<\/p>\n<p>&nbsp;<\/p>\n<\/div>\n<\/div>\n<\/div>\n<\/div>\n<div class=\"a-cardui feature\" data-a-card-type=\"basic\" data-cel-widget=\"\">\n<div id=\"featureBulletsAndDetailBullets_feature_div\" class=\"a-section a-spacing-none\" data-feature-name=\"featureBulletsAndDetailBullets\" data-template-name=\"featureBulletsAndDetailBullets\">\n<div id=\"featurebullets_secondary_view_div\" class=\"a-section\">\n<div id=\"feature-bullets\" class=\"a-section a-spacing-small\">\n<p>&nbsp;<\/p>\n<p>&nbsp;<\/p>\n<\/div>\n<\/div>\n<\/div>\n<\/div>\n","protected":false},"excerpt":{"rendered":"<h4>Construcci\u00f3n de m\u00fasculo y aumento de peso &#8211; 517Kcal &#8211; 85g de carbohidratos &#8211; 34g de prote\u00ednas &#8211; 7g de fibra &#8211; 28 porciones<\/h4>\n<p>&nbsp;<\/p>\n","protected":false},"featured_media":2779,"template":"","meta":{"site-sidebar-layout":"default","site-content-layout":"default","ast-site-content-layout":"default","site-content-style":"default","site-sidebar-style":"default","ast-global-header-display":"","ast-banner-title-visibility":"","ast-main-header-display":"","ast-hfb-above-header-display":"","ast-hfb-below-header-display":"","ast-hfb-mobile-header-display":"","site-post-title":"","ast-breadcrumbs-content":"","ast-featured-img":"","footer-sml-layout":"","theme-transparent-header-meta":"default","adv-header-id-meta":"","stick-header-meta":"default","header-above-stick-meta":"","header-main-stick-meta":"","header-below-stick-meta":"","astra-migrate-meta-layouts":"default","ast-page-background-enabled":"default","ast-page-background-meta":{"desktop":{"background-color":"","background-image":"","background-repeat":"repeat","background-position":"center center","background-size":"auto","background-attachment":"scroll","background-type":"","background-media":"","overlay-type":"","overlay-color":"","overlay-opacity":"","overlay-gradient":""},"tablet":{"background-color":"","background-image":"","background-repeat":"repeat","background-position":"center center","background-size":"auto","background-attachment":"scroll","background-type":"","background-media":"","overlay-type":"","overlay-color":"","overlay-opacity":"","overlay-gradient":""},"mobile":{"background-color":"","background-image":"","background-repeat":"repeat","background-position":"center center","background-size":"auto","background-attachment":"scroll","background-type":"","background-media":"","overlay-type":"","overlay-color":"","overlay-opacity":"","overlay-gradient":""}},"ast-content-background-meta":{"desktop":{"background-color":"var(--ast-global-color-5)","background-image":"","background-repeat":"repeat","background-position":"center center","background-size":"auto","background-attachment":"scroll","background-type":"","background-media":"","overlay-type":"","overlay-color":"","overlay-opacity":"","overlay-gradient":""},"tablet":{"background-color":"var(--ast-global-color-5)","background-image":"","background-repeat":"repeat","background-position":"center center","background-size":"auto","background-attachment":"scroll","background-type":"","background-media":"","overlay-type":"","overlay-color":"","overlay-opacity":"","overlay-gradient":""},"mobile":{"background-color":"var(--ast-global-color-5)","background-image":"","background-repeat":"repeat","background-position":"center center","background-size":"auto","background-attachment":"scroll","background-type":"","background-media":"","overlay-type":"","overlay-color":"","overlay-opacity":"","overlay-gradient":""}}},"product_cat":[642,591],"product_tag":[],"class_list":{"0":"post-6800","1":"product","2":"type-product","3":"status-publish","4":"has-post-thumbnail","6":"product_cat-construccion-muscular","7":"product_cat-nutricion-deportiva","8":"has-subscription-plans","9":"desktop-align-left","10":"tablet-align-left","11":"mobile-align-left","13":"first","14":"instock","15":"taxable","16":"shipping-taxable","17":"purchasable","18":"product-type-simple"},"yoast_head":"<!-- This site is optimized with the Yoast SEO plugin v22.7 - https:\/\/yoast.com\/wordpress\/plugins\/seo\/ -->\n<title>Mass Gainer de altas calor\u00edas - Batido avanzado de prote\u00ednas de altas calor\u00edas de 4Kg con glutamina -(140g por raci\u00f3n) - JeaKen<\/title>\n<meta name=\"robots\" content=\"index, follow, max-snippet:-1, max-image-preview:large, max-video-preview:-1\" \/>\n<link rel=\"canonical\" href=\"https:\/\/jeaken.com\/es\/producto\/mass-gainer-de-altas-calorias-batido-avanzado-de-proteinas-de-altas-calorias-de-4kg-con-glutamina-140g-por-racion\/\" \/>\n<meta property=\"og:locale\" content=\"es_ES\" \/>\n<meta property=\"og:type\" content=\"article\" \/>\n<meta property=\"og:title\" content=\"Mass Gainer de altas calor\u00edas - Batido avanzado de prote\u00ednas de altas calor\u00edas de 4Kg con glutamina -(140g por raci\u00f3n) - JeaKen\" \/>\n<meta property=\"og:description\" content=\"Construcci\u00f3n de m\u00fasculo y aumento de peso - 517Kcal - 85g de carbohidratos - 34g de prote\u00ednas - 7g de fibra - 28 porciones &nbsp;\" \/>\n<meta property=\"og:url\" content=\"https:\/\/jeaken.com\/es\/producto\/mass-gainer-de-altas-calorias-batido-avanzado-de-proteinas-de-altas-calorias-de-4kg-con-glutamina-140g-por-racion\/\" \/>\n<meta property=\"og:site_name\" content=\"JeaKen\" \/>\n<meta property=\"article:modified_time\" content=\"2022-08-09T13:42:33+00:00\" \/>\n<meta property=\"og:image\" content=\"https:\/\/jeaken.com\/wp-content\/uploads\/2022\/07\/1.png\" \/>\n\t<meta property=\"og:image:width\" content=\"600\" \/>\n\t<meta property=\"og:image:height\" content=\"600\" \/>\n\t<meta property=\"og:image:type\" content=\"image\/png\" \/>\n<meta name=\"twitter:card\" content=\"summary_large_image\" \/>\n<meta name=\"twitter:label1\" content=\"Est. reading time\" \/>\n\t<meta name=\"twitter:data1\" content=\"1 minute\" \/>\n<script type=\"application\/ld+json\" class=\"yoast-schema-graph\">{\"@context\":\"https:\/\/schema.org\",\"@graph\":[{\"@type\":\"WebPage\",\"@id\":\"https:\/\/jeaken.com\/es\/producto\/mass-gainer-de-altas-calorias-batido-avanzado-de-proteinas-de-altas-calorias-de-4kg-con-glutamina-140g-por-racion\/\",\"url\":\"https:\/\/jeaken.com\/es\/producto\/mass-gainer-de-altas-calorias-batido-avanzado-de-proteinas-de-altas-calorias-de-4kg-con-glutamina-140g-por-racion\/\",\"name\":\"Mass Gainer de altas calor\u00edas - Batido avanzado de prote\u00ednas de altas calor\u00edas de 4Kg con glutamina -(140g por raci\u00f3n) - JeaKen\",\"isPartOf\":{\"@id\":\"https:\/\/jeaken.com\/es\/#website\"},\"primaryImageOfPage\":{\"@id\":\"https:\/\/jeaken.com\/es\/producto\/mass-gainer-de-altas-calorias-batido-avanzado-de-proteinas-de-altas-calorias-de-4kg-con-glutamina-140g-por-racion\/#primaryimage\"},\"image\":{\"@id\":\"https:\/\/jeaken.com\/es\/producto\/mass-gainer-de-altas-calorias-batido-avanzado-de-proteinas-de-altas-calorias-de-4kg-con-glutamina-140g-por-racion\/#primaryimage\"},\"thumbnailUrl\":\"https:\/\/jeaken.com\/wp-content\/uploads\/2022\/07\/1.png\",\"datePublished\":\"2022-07-21T18:18:22+00:00\",\"dateModified\":\"2022-08-09T13:42:33+00:00\",\"breadcrumb\":{\"@id\":\"https:\/\/jeaken.com\/es\/producto\/mass-gainer-de-altas-calorias-batido-avanzado-de-proteinas-de-altas-calorias-de-4kg-con-glutamina-140g-por-racion\/#breadcrumb\"},\"inLanguage\":\"es-ES\",\"potentialAction\":[{\"@type\":\"ReadAction\",\"target\":[\"https:\/\/jeaken.com\/es\/producto\/mass-gainer-de-altas-calorias-batido-avanzado-de-proteinas-de-altas-calorias-de-4kg-con-glutamina-140g-por-racion\/\"]}]},{\"@type\":\"ImageObject\",\"inLanguage\":\"es-ES\",\"@id\":\"https:\/\/jeaken.com\/es\/producto\/mass-gainer-de-altas-calorias-batido-avanzado-de-proteinas-de-altas-calorias-de-4kg-con-glutamina-140g-por-racion\/#primaryimage\",\"url\":\"https:\/\/jeaken.com\/wp-content\/uploads\/2022\/07\/1.png\",\"contentUrl\":\"https:\/\/jeaken.com\/wp-content\/uploads\/2022\/07\/1.png\",\"width\":600,\"height\":600,\"caption\":\"High Calorie Mass Gainer - 4Kg Advanced High Calorie Protein Shake with Glutamine )\"},{\"@type\":\"BreadcrumbList\",\"@id\":\"https:\/\/jeaken.com\/es\/producto\/mass-gainer-de-altas-calorias-batido-avanzado-de-proteinas-de-altas-calorias-de-4kg-con-glutamina-140g-por-racion\/#breadcrumb\",\"itemListElement\":[{\"@type\":\"ListItem\",\"position\":1,\"name\":\"Home\",\"item\":\"https:\/\/jeaken.com\/es\/\"},{\"@type\":\"ListItem\",\"position\":2,\"name\":\"Private: Shop\",\"item\":\"https:\/\/jeaken.com\/shop\/\"},{\"@type\":\"ListItem\",\"position\":3,\"name\":\"Mass Gainer de altas calor\u00edas &#8211; Batido avanzado de prote\u00ednas de altas calor\u00edas de 4Kg con glutamina -(140g por raci\u00f3n)\"}]},{\"@type\":\"WebSite\",\"@id\":\"https:\/\/jeaken.com\/es\/#website\",\"url\":\"https:\/\/jeaken.com\/es\/\",\"name\":\"JeaKen\",\"description\":\"Organic Supplements for Health, Fitness and Nutrition\",\"publisher\":{\"@id\":\"https:\/\/jeaken.com\/es\/#organization\"},\"potentialAction\":[{\"@type\":\"SearchAction\",\"target\":{\"@type\":\"EntryPoint\",\"urlTemplate\":\"https:\/\/jeaken.com\/es\/?s={search_term_string}\"},\"query-input\":\"required name=search_term_string\"}],\"inLanguage\":\"es-ES\"},{\"@type\":\"Organization\",\"@id\":\"https:\/\/jeaken.com\/es\/#organization\",\"name\":\"JeaKen\",\"url\":\"https:\/\/jeaken.com\/es\/\",\"logo\":{\"@type\":\"ImageObject\",\"inLanguage\":\"es-ES\",\"@id\":\"https:\/\/jeaken.com\/es\/#\/schema\/logo\/image\/\",\"url\":\"https:\/\/jeaken.com\/wp-content\/uploads\/2022\/06\/jeaken-logo-23.png\",\"contentUrl\":\"https:\/\/jeaken.com\/wp-content\/uploads\/2022\/06\/jeaken-logo-23.png\",\"width\":2486,\"height\":736,\"caption\":\"JeaKen\"},\"image\":{\"@id\":\"https:\/\/jeaken.com\/es\/#\/schema\/logo\/image\/\"}}]}<\/script>\n<!-- \/ Yoast SEO plugin. -->","yoast_head_json":{"title":"Mass Gainer de altas calor\u00edas - Batido avanzado de prote\u00ednas de altas calor\u00edas de 4Kg con glutamina -(140g por raci\u00f3n) - JeaKen","robots":{"index":"index","follow":"follow","max-snippet":"max-snippet:-1","max-image-preview":"max-image-preview:large","max-video-preview":"max-video-preview:-1"},"canonical":"https:\/\/jeaken.com\/es\/producto\/mass-gainer-de-altas-calorias-batido-avanzado-de-proteinas-de-altas-calorias-de-4kg-con-glutamina-140g-por-racion\/","og_locale":"es_ES","og_type":"article","og_title":"Mass Gainer de altas calor\u00edas - Batido avanzado de prote\u00ednas de altas calor\u00edas de 4Kg con glutamina -(140g por raci\u00f3n) - JeaKen","og_description":"Construcci\u00f3n de m\u00fasculo y aumento de peso - 517Kcal - 85g de carbohidratos - 34g de prote\u00ednas - 7g de fibra - 28 porciones &nbsp;","og_url":"https:\/\/jeaken.com\/es\/producto\/mass-gainer-de-altas-calorias-batido-avanzado-de-proteinas-de-altas-calorias-de-4kg-con-glutamina-140g-por-racion\/","og_site_name":"JeaKen","article_modified_time":"2022-08-09T13:42:33+00:00","og_image":[{"width":600,"height":600,"url":"https:\/\/jeaken.com\/wp-content\/uploads\/2022\/07\/1.png","type":"image\/png"}],"twitter_card":"summary_large_image","twitter_misc":{"Est. reading time":"1 minute"},"schema":{"@context":"https:\/\/schema.org","@graph":[{"@type":"WebPage","@id":"https:\/\/jeaken.com\/es\/producto\/mass-gainer-de-altas-calorias-batido-avanzado-de-proteinas-de-altas-calorias-de-4kg-con-glutamina-140g-por-racion\/","url":"https:\/\/jeaken.com\/es\/producto\/mass-gainer-de-altas-calorias-batido-avanzado-de-proteinas-de-altas-calorias-de-4kg-con-glutamina-140g-por-racion\/","name":"Mass Gainer de altas calor\u00edas - Batido avanzado de prote\u00ednas de altas calor\u00edas de 4Kg con glutamina -(140g por raci\u00f3n) - JeaKen","isPartOf":{"@id":"https:\/\/jeaken.com\/es\/#website"},"primaryImageOfPage":{"@id":"https:\/\/jeaken.com\/es\/producto\/mass-gainer-de-altas-calorias-batido-avanzado-de-proteinas-de-altas-calorias-de-4kg-con-glutamina-140g-por-racion\/#primaryimage"},"image":{"@id":"https:\/\/jeaken.com\/es\/producto\/mass-gainer-de-altas-calorias-batido-avanzado-de-proteinas-de-altas-calorias-de-4kg-con-glutamina-140g-por-racion\/#primaryimage"},"thumbnailUrl":"https:\/\/jeaken.com\/wp-content\/uploads\/2022\/07\/1.png","datePublished":"2022-07-21T18:18:22+00:00","dateModified":"2022-08-09T13:42:33+00:00","breadcrumb":{"@id":"https:\/\/jeaken.com\/es\/producto\/mass-gainer-de-altas-calorias-batido-avanzado-de-proteinas-de-altas-calorias-de-4kg-con-glutamina-140g-por-racion\/#breadcrumb"},"inLanguage":"es-ES","potentialAction":[{"@type":"ReadAction","target":["https:\/\/jeaken.com\/es\/producto\/mass-gainer-de-altas-calorias-batido-avanzado-de-proteinas-de-altas-calorias-de-4kg-con-glutamina-140g-por-racion\/"]}]},{"@type":"ImageObject","inLanguage":"es-ES","@id":"https:\/\/jeaken.com\/es\/producto\/mass-gainer-de-altas-calorias-batido-avanzado-de-proteinas-de-altas-calorias-de-4kg-con-glutamina-140g-por-racion\/#primaryimage","url":"https:\/\/jeaken.com\/wp-content\/uploads\/2022\/07\/1.png","contentUrl":"https:\/\/jeaken.com\/wp-content\/uploads\/2022\/07\/1.png","width":600,"height":600,"caption":"High Calorie Mass Gainer - 4Kg Advanced High Calorie Protein Shake with Glutamine )"},{"@type":"BreadcrumbList","@id":"https:\/\/jeaken.com\/es\/producto\/mass-gainer-de-altas-calorias-batido-avanzado-de-proteinas-de-altas-calorias-de-4kg-con-glutamina-140g-por-racion\/#breadcrumb","itemListElement":[{"@type":"ListItem","position":1,"name":"Home","item":"https:\/\/jeaken.com\/es\/"},{"@type":"ListItem","position":2,"name":"Private: Shop","item":"https:\/\/jeaken.com\/shop\/"},{"@type":"ListItem","position":3,"name":"Mass Gainer de altas calor\u00edas &#8211; Batido avanzado de prote\u00ednas de altas calor\u00edas de 4Kg con glutamina -(140g por raci\u00f3n)"}]},{"@type":"WebSite","@id":"https:\/\/jeaken.com\/es\/#website","url":"https:\/\/jeaken.com\/es\/","name":"JeaKen","description":"Organic Supplements for Health, Fitness and Nutrition","publisher":{"@id":"https:\/\/jeaken.com\/es\/#organization"},"potentialAction":[{"@type":"SearchAction","target":{"@type":"EntryPoint","urlTemplate":"https:\/\/jeaken.com\/es\/?s={search_term_string}"},"query-input":"required name=search_term_string"}],"inLanguage":"es-ES"},{"@type":"Organization","@id":"https:\/\/jeaken.com\/es\/#organization","name":"JeaKen","url":"https:\/\/jeaken.com\/es\/","logo":{"@type":"ImageObject","inLanguage":"es-ES","@id":"https:\/\/jeaken.com\/es\/#\/schema\/logo\/image\/","url":"https:\/\/jeaken.com\/wp-content\/uploads\/2022\/06\/jeaken-logo-23.png","contentUrl":"https:\/\/jeaken.com\/wp-content\/uploads\/2022\/06\/jeaken-logo-23.png","width":2486,"height":736,"caption":"JeaKen"},"image":{"@id":"https:\/\/jeaken.com\/es\/#\/schema\/logo\/image\/"}}]}},"jetpack_sharing_enabled":true,"_links":{"self":[{"href":"https:\/\/jeaken.com\/es\/wp-json\/wp\/v2\/product\/6800","targetHints":{"allow":["GET"]}}],"collection":[{"href":"https:\/\/jeaken.com\/es\/wp-json\/wp\/v2\/product"}],"about":[{"href":"https:\/\/jeaken.com\/es\/wp-json\/wp\/v2\/types\/product"}],"wp:featuredmedia":[{"embeddable":true,"href":"https:\/\/jeaken.com\/es\/wp-json\/wp\/v2\/media\/2779"}],"wp:attachment":[{"href":"https:\/\/jeaken.com\/es\/wp-json\/wp\/v2\/media?parent=6800"}],"wp:term":[{"taxonomy":"product_cat","embeddable":true,"href":"https:\/\/jeaken.com\/es\/wp-json\/wp\/v2\/product_cat?post=6800"},{"taxonomy":"product_tag","embeddable":true,"href":"https:\/\/jeaken.com\/es\/wp-json\/wp\/v2\/product_tag?post=6800"}],"curies":[{"name":"wp","href":"https:\/\/api.w.org\/{rel}","templated":true}]}}