{"id":6795,"date":"2022-07-21T19:18:22","date_gmt":"2022-07-21T18:18:22","guid":{"rendered":"https:\/1658920591610?product=locion-para-eliminar-las-estrias-con-aceites-esenciales-y-extractos-para-reducir-las-cicatrices-y-las-estrias-50ml"},"modified":"2022-08-09T14:41:59","modified_gmt":"2022-08-09T13:41:59","slug":"locion-para-eliminar-las-estrias-con-aceites-esenciales-y-extractos-para-reducir-las-cicatrices-y-las-estrias-50ml","status":"publish","type":"product","link":"https:\/\/jeaken.com\/es\/producto\/locion-para-eliminar-las-estrias-con-aceites-esenciales-y-extractos-para-reducir-las-cicatrices-y-las-estrias-50ml\/","title":{"rendered":"Loci\u00f3n para eliminar las estr\u00edas &#8211; Con aceites esenciales y extractos para reducir las cicatrices y las estr\u00edas. 50ml"},"content":{"rendered":"<p><strong><span class=\"a-list-item\">OFRECE M\u00daLTIPLES BENEFICIOS<\/span><\/strong><\/p>\n<p><span class=\"a-list-item\">Dise\u00f1ada para el tratamiento de las estr\u00edas antes y despu\u00e9s del parto, esta potente loci\u00f3n tonifica y tensa a la vez que promueve la regeneraci\u00f3n celular y mejora la elasticidad de la piel.<\/span><\/p>\n<p><strong><span class=\"a-list-item\">ACLARA Y ELIMINA LAS CICATRICES  <\/span><\/strong><\/p>\n<p><span class=\"a-list-item\">Nuestro exclusivo s\u00e9rum es apto para todo tipo de pieles y para mujeres embarazadas y ayuda a mejorar el aspecto de las cicatrices nuevas y antiguas, las estr\u00edas y el tono desigual de la piel.<\/span><\/p>\n<p><strong><span class=\"a-list-item\">CONTIENE INGREDIENTES NATURALES  <\/span><\/strong><\/p>\n<p><span class=\"a-list-item\">Esta suave loci\u00f3n corporal contiene una serie de extractos de frutas y aceites esenciales que act\u00faan de diversas maneras para suavizar y reducir el tejido cicatricial y las estr\u00edas.  <\/span><\/p>\n<p><strong><span class=\"a-list-item\">SE ABSORBE R\u00c1PIDAMENTE  <\/span><\/strong><\/p>\n<p><span class=\"a-list-item\">Hemos combinado los aceites esenciales y extractos m\u00e1s amables para crear una loci\u00f3n delicada que se absorbe r\u00e1pidamente en la piel.<\/span><\/p>\n<p>&nbsp;<\/p>\n","protected":false},"excerpt":{"rendered":"<h4 id=\"title\" class=\"a-size-large a-spacing-none\"><span id=\"productTitle\" class=\"a-size-large product-title-word-break\">Una f\u00f3rmula suave y natural que mejora la apariencia de las manchas cut\u00e1neas no deseadas.<\/span><\/h4>\n<h4 class=\"a-size-large a-spacing-none\"><\/h4>\n","protected":false},"featured_media":5213,"template":"","meta":{"site-sidebar-layout":"default","site-content-layout":"default","ast-site-content-layout":"default","site-content-style":"default","site-sidebar-style":"default","ast-global-header-display":"","ast-banner-title-visibility":"","ast-main-header-display":"","ast-hfb-above-header-display":"","ast-hfb-below-header-display":"","ast-hfb-mobile-header-display":"","site-post-title":"","ast-breadcrumbs-content":"","ast-featured-img":"","footer-sml-layout":"","theme-transparent-header-meta":"default","adv-header-id-meta":"","stick-header-meta":"default","header-above-stick-meta":"","header-main-stick-meta":"","header-below-stick-meta":"","astra-migrate-meta-layouts":"default","ast-page-background-enabled":"default","ast-page-background-meta":{"desktop":{"background-color":"","background-image":"","background-repeat":"repeat","background-position":"center center","background-size":"auto","background-attachment":"scroll","background-type":"","background-media":"","overlay-type":"","overlay-color":"","overlay-opacity":"","overlay-gradient":""},"tablet":{"background-color":"","background-image":"","background-repeat":"repeat","background-position":"center center","background-size":"auto","background-attachment":"scroll","background-type":"","background-media":"","overlay-type":"","overlay-color":"","overlay-opacity":"","overlay-gradient":""},"mobile":{"background-color":"","background-image":"","background-repeat":"repeat","background-position":"center center","background-size":"auto","background-attachment":"scroll","background-type":"","background-media":"","overlay-type":"","overlay-color":"","overlay-opacity":"","overlay-gradient":""}},"ast-content-background-meta":{"desktop":{"background-color":"var(--ast-global-color-5)","background-image":"","background-repeat":"repeat","background-position":"center center","background-size":"auto","background-attachment":"scroll","background-type":"","background-media":"","overlay-type":"","overlay-color":"","overlay-opacity":"","overlay-gradient":""},"tablet":{"background-color":"var(--ast-global-color-5)","background-image":"","background-repeat":"repeat","background-position":"center center","background-size":"auto","background-attachment":"scroll","background-type":"","background-media":"","overlay-type":"","overlay-color":"","overlay-opacity":"","overlay-gradient":""},"mobile":{"background-color":"var(--ast-global-color-5)","background-image":"","background-repeat":"repeat","background-position":"center center","background-size":"auto","background-attachment":"scroll","background-type":"","background-media":"","overlay-type":"","overlay-color":"","overlay-opacity":"","overlay-gradient":""}}},"product_cat":[613,648,588],"product_tag":[],"class_list":{"0":"post-6795","1":"product","2":"type-product","3":"status-publish","4":"has-post-thumbnail","6":"product_cat-belleza-natural","7":"product_cat-estrias-y-celulitis","8":"product_cat-minerales","9":"has-subscription-plans","10":"desktop-align-left","11":"tablet-align-left","12":"mobile-align-left","14":"first","15":"instock","16":"taxable","17":"shipping-taxable","18":"purchasable","19":"product-type-simple"},"yoast_head":"<!-- This site is optimized with the Yoast SEO plugin v22.7 - https:\/\/yoast.com\/wordpress\/plugins\/seo\/ -->\n<title>Loci\u00f3n para eliminar las estr\u00edas - Con aceites esenciales y extractos para reducir las cicatrices y las estr\u00edas. 50ml - JeaKen<\/title>\n<meta name=\"robots\" content=\"index, follow, max-snippet:-1, max-image-preview:large, max-video-preview:-1\" \/>\n<link rel=\"canonical\" href=\"https:\/\/jeaken.com\/es\/producto\/locion-para-eliminar-las-estrias-con-aceites-esenciales-y-extractos-para-reducir-las-cicatrices-y-las-estrias-50ml\/\" \/>\n<meta property=\"og:locale\" content=\"es_ES\" \/>\n<meta property=\"og:type\" content=\"article\" \/>\n<meta property=\"og:title\" content=\"Loci\u00f3n para eliminar las estr\u00edas - Con aceites esenciales y extractos para reducir las cicatrices y las estr\u00edas. 50ml - JeaKen\" \/>\n<meta property=\"og:description\" content=\"Una f\u00f3rmula suave y natural que mejora la apariencia de las manchas cut\u00e1neas no deseadas.\" \/>\n<meta property=\"og:url\" content=\"https:\/\/jeaken.com\/es\/producto\/locion-para-eliminar-las-estrias-con-aceites-esenciales-y-extractos-para-reducir-las-cicatrices-y-las-estrias-50ml\/\" \/>\n<meta property=\"og:site_name\" content=\"JeaKen\" \/>\n<meta property=\"article:modified_time\" content=\"2022-08-09T13:41:59+00:00\" \/>\n<meta property=\"og:image\" content=\"https:\/\/jeaken.com\/wp-content\/uploads\/2022\/07\/81dxVnM0XyL._AC_SL1500_.jpg\" \/>\n\t<meta property=\"og:image:width\" content=\"600\" \/>\n\t<meta property=\"og:image:height\" content=\"600\" \/>\n\t<meta property=\"og:image:type\" content=\"image\/jpeg\" \/>\n<meta name=\"twitter:card\" content=\"summary_large_image\" \/>\n<meta name=\"twitter:label1\" content=\"Est. reading time\" \/>\n\t<meta name=\"twitter:data1\" content=\"1 minute\" \/>\n<script type=\"application\/ld+json\" class=\"yoast-schema-graph\">{\"@context\":\"https:\/\/schema.org\",\"@graph\":[{\"@type\":\"WebPage\",\"@id\":\"https:\/\/jeaken.com\/es\/producto\/locion-para-eliminar-las-estrias-con-aceites-esenciales-y-extractos-para-reducir-las-cicatrices-y-las-estrias-50ml\/\",\"url\":\"https:\/\/jeaken.com\/es\/producto\/locion-para-eliminar-las-estrias-con-aceites-esenciales-y-extractos-para-reducir-las-cicatrices-y-las-estrias-50ml\/\",\"name\":\"Loci\u00f3n para eliminar las estr\u00edas - Con aceites esenciales y extractos para reducir las cicatrices y las estr\u00edas. 50ml - JeaKen\",\"isPartOf\":{\"@id\":\"https:\/\/jeaken.com\/es\/#website\"},\"primaryImageOfPage\":{\"@id\":\"https:\/\/jeaken.com\/es\/producto\/locion-para-eliminar-las-estrias-con-aceites-esenciales-y-extractos-para-reducir-las-cicatrices-y-las-estrias-50ml\/#primaryimage\"},\"image\":{\"@id\":\"https:\/\/jeaken.com\/es\/producto\/locion-para-eliminar-las-estrias-con-aceites-esenciales-y-extractos-para-reducir-las-cicatrices-y-las-estrias-50ml\/#primaryimage\"},\"thumbnailUrl\":\"https:\/\/jeaken.com\/wp-content\/uploads\/2022\/07\/81dxVnM0XyL._AC_SL1500_.jpg\",\"datePublished\":\"2022-07-21T18:18:22+00:00\",\"dateModified\":\"2022-08-09T13:41:59+00:00\",\"breadcrumb\":{\"@id\":\"https:\/\/jeaken.com\/es\/producto\/locion-para-eliminar-las-estrias-con-aceites-esenciales-y-extractos-para-reducir-las-cicatrices-y-las-estrias-50ml\/#breadcrumb\"},\"inLanguage\":\"es-ES\",\"potentialAction\":[{\"@type\":\"ReadAction\",\"target\":[\"https:\/\/jeaken.com\/es\/producto\/locion-para-eliminar-las-estrias-con-aceites-esenciales-y-extractos-para-reducir-las-cicatrices-y-las-estrias-50ml\/\"]}]},{\"@type\":\"ImageObject\",\"inLanguage\":\"es-ES\",\"@id\":\"https:\/\/jeaken.com\/es\/producto\/locion-para-eliminar-las-estrias-con-aceites-esenciales-y-extractos-para-reducir-las-cicatrices-y-las-estrias-50ml\/#primaryimage\",\"url\":\"https:\/\/jeaken.com\/wp-content\/uploads\/2022\/07\/81dxVnM0XyL._AC_SL1500_.jpg\",\"contentUrl\":\"https:\/\/jeaken.com\/wp-content\/uploads\/2022\/07\/81dxVnM0XyL._AC_SL1500_.jpg\",\"width\":600,\"height\":600,\"caption\":\"Stretch Mark Removal Lotion\"},{\"@type\":\"BreadcrumbList\",\"@id\":\"https:\/\/jeaken.com\/es\/producto\/locion-para-eliminar-las-estrias-con-aceites-esenciales-y-extractos-para-reducir-las-cicatrices-y-las-estrias-50ml\/#breadcrumb\",\"itemListElement\":[{\"@type\":\"ListItem\",\"position\":1,\"name\":\"Home\",\"item\":\"https:\/\/jeaken.com\/es\/\"},{\"@type\":\"ListItem\",\"position\":2,\"name\":\"Private: Shop\",\"item\":\"https:\/\/jeaken.com\/shop\/\"},{\"@type\":\"ListItem\",\"position\":3,\"name\":\"Loci\u00f3n para eliminar las estr\u00edas &#8211; Con aceites esenciales y extractos para reducir las cicatrices y las estr\u00edas. 50ml\"}]},{\"@type\":\"WebSite\",\"@id\":\"https:\/\/jeaken.com\/es\/#website\",\"url\":\"https:\/\/jeaken.com\/es\/\",\"name\":\"JeaKen\",\"description\":\"Organic Supplements for Health, Fitness and Nutrition\",\"publisher\":{\"@id\":\"https:\/\/jeaken.com\/es\/#organization\"},\"potentialAction\":[{\"@type\":\"SearchAction\",\"target\":{\"@type\":\"EntryPoint\",\"urlTemplate\":\"https:\/\/jeaken.com\/es\/?s={search_term_string}\"},\"query-input\":\"required name=search_term_string\"}],\"inLanguage\":\"es-ES\"},{\"@type\":\"Organization\",\"@id\":\"https:\/\/jeaken.com\/es\/#organization\",\"name\":\"JeaKen\",\"url\":\"https:\/\/jeaken.com\/es\/\",\"logo\":{\"@type\":\"ImageObject\",\"inLanguage\":\"es-ES\",\"@id\":\"https:\/\/jeaken.com\/es\/#\/schema\/logo\/image\/\",\"url\":\"https:\/\/jeaken.com\/wp-content\/uploads\/2022\/06\/jeaken-logo-23.png\",\"contentUrl\":\"https:\/\/jeaken.com\/wp-content\/uploads\/2022\/06\/jeaken-logo-23.png\",\"width\":2486,\"height\":736,\"caption\":\"JeaKen\"},\"image\":{\"@id\":\"https:\/\/jeaken.com\/es\/#\/schema\/logo\/image\/\"}}]}<\/script>\n<!-- \/ Yoast SEO plugin. -->","yoast_head_json":{"title":"Loci\u00f3n para eliminar las estr\u00edas - Con aceites esenciales y extractos para reducir las cicatrices y las estr\u00edas. 50ml - JeaKen","robots":{"index":"index","follow":"follow","max-snippet":"max-snippet:-1","max-image-preview":"max-image-preview:large","max-video-preview":"max-video-preview:-1"},"canonical":"https:\/\/jeaken.com\/es\/producto\/locion-para-eliminar-las-estrias-con-aceites-esenciales-y-extractos-para-reducir-las-cicatrices-y-las-estrias-50ml\/","og_locale":"es_ES","og_type":"article","og_title":"Loci\u00f3n para eliminar las estr\u00edas - Con aceites esenciales y extractos para reducir las cicatrices y las estr\u00edas. 50ml - JeaKen","og_description":"Una f\u00f3rmula suave y natural que mejora la apariencia de las manchas cut\u00e1neas no deseadas.","og_url":"https:\/\/jeaken.com\/es\/producto\/locion-para-eliminar-las-estrias-con-aceites-esenciales-y-extractos-para-reducir-las-cicatrices-y-las-estrias-50ml\/","og_site_name":"JeaKen","article_modified_time":"2022-08-09T13:41:59+00:00","og_image":[{"width":600,"height":600,"url":"https:\/\/jeaken.com\/wp-content\/uploads\/2022\/07\/81dxVnM0XyL._AC_SL1500_.jpg","type":"image\/jpeg"}],"twitter_card":"summary_large_image","twitter_misc":{"Est. reading time":"1 minute"},"schema":{"@context":"https:\/\/schema.org","@graph":[{"@type":"WebPage","@id":"https:\/\/jeaken.com\/es\/producto\/locion-para-eliminar-las-estrias-con-aceites-esenciales-y-extractos-para-reducir-las-cicatrices-y-las-estrias-50ml\/","url":"https:\/\/jeaken.com\/es\/producto\/locion-para-eliminar-las-estrias-con-aceites-esenciales-y-extractos-para-reducir-las-cicatrices-y-las-estrias-50ml\/","name":"Loci\u00f3n para eliminar las estr\u00edas - Con aceites esenciales y extractos para reducir las cicatrices y las estr\u00edas. 50ml - JeaKen","isPartOf":{"@id":"https:\/\/jeaken.com\/es\/#website"},"primaryImageOfPage":{"@id":"https:\/\/jeaken.com\/es\/producto\/locion-para-eliminar-las-estrias-con-aceites-esenciales-y-extractos-para-reducir-las-cicatrices-y-las-estrias-50ml\/#primaryimage"},"image":{"@id":"https:\/\/jeaken.com\/es\/producto\/locion-para-eliminar-las-estrias-con-aceites-esenciales-y-extractos-para-reducir-las-cicatrices-y-las-estrias-50ml\/#primaryimage"},"thumbnailUrl":"https:\/\/jeaken.com\/wp-content\/uploads\/2022\/07\/81dxVnM0XyL._AC_SL1500_.jpg","datePublished":"2022-07-21T18:18:22+00:00","dateModified":"2022-08-09T13:41:59+00:00","breadcrumb":{"@id":"https:\/\/jeaken.com\/es\/producto\/locion-para-eliminar-las-estrias-con-aceites-esenciales-y-extractos-para-reducir-las-cicatrices-y-las-estrias-50ml\/#breadcrumb"},"inLanguage":"es-ES","potentialAction":[{"@type":"ReadAction","target":["https:\/\/jeaken.com\/es\/producto\/locion-para-eliminar-las-estrias-con-aceites-esenciales-y-extractos-para-reducir-las-cicatrices-y-las-estrias-50ml\/"]}]},{"@type":"ImageObject","inLanguage":"es-ES","@id":"https:\/\/jeaken.com\/es\/producto\/locion-para-eliminar-las-estrias-con-aceites-esenciales-y-extractos-para-reducir-las-cicatrices-y-las-estrias-50ml\/#primaryimage","url":"https:\/\/jeaken.com\/wp-content\/uploads\/2022\/07\/81dxVnM0XyL._AC_SL1500_.jpg","contentUrl":"https:\/\/jeaken.com\/wp-content\/uploads\/2022\/07\/81dxVnM0XyL._AC_SL1500_.jpg","width":600,"height":600,"caption":"Stretch Mark Removal Lotion"},{"@type":"BreadcrumbList","@id":"https:\/\/jeaken.com\/es\/producto\/locion-para-eliminar-las-estrias-con-aceites-esenciales-y-extractos-para-reducir-las-cicatrices-y-las-estrias-50ml\/#breadcrumb","itemListElement":[{"@type":"ListItem","position":1,"name":"Home","item":"https:\/\/jeaken.com\/es\/"},{"@type":"ListItem","position":2,"name":"Private: Shop","item":"https:\/\/jeaken.com\/shop\/"},{"@type":"ListItem","position":3,"name":"Loci\u00f3n para eliminar las estr\u00edas &#8211; Con aceites esenciales y extractos para reducir las cicatrices y las estr\u00edas. 50ml"}]},{"@type":"WebSite","@id":"https:\/\/jeaken.com\/es\/#website","url":"https:\/\/jeaken.com\/es\/","name":"JeaKen","description":"Organic Supplements for Health, Fitness and Nutrition","publisher":{"@id":"https:\/\/jeaken.com\/es\/#organization"},"potentialAction":[{"@type":"SearchAction","target":{"@type":"EntryPoint","urlTemplate":"https:\/\/jeaken.com\/es\/?s={search_term_string}"},"query-input":"required name=search_term_string"}],"inLanguage":"es-ES"},{"@type":"Organization","@id":"https:\/\/jeaken.com\/es\/#organization","name":"JeaKen","url":"https:\/\/jeaken.com\/es\/","logo":{"@type":"ImageObject","inLanguage":"es-ES","@id":"https:\/\/jeaken.com\/es\/#\/schema\/logo\/image\/","url":"https:\/\/jeaken.com\/wp-content\/uploads\/2022\/06\/jeaken-logo-23.png","contentUrl":"https:\/\/jeaken.com\/wp-content\/uploads\/2022\/06\/jeaken-logo-23.png","width":2486,"height":736,"caption":"JeaKen"},"image":{"@id":"https:\/\/jeaken.com\/es\/#\/schema\/logo\/image\/"}}]}},"jetpack_sharing_enabled":true,"_links":{"self":[{"href":"https:\/\/jeaken.com\/es\/wp-json\/wp\/v2\/product\/6795","targetHints":{"allow":["GET"]}}],"collection":[{"href":"https:\/\/jeaken.com\/es\/wp-json\/wp\/v2\/product"}],"about":[{"href":"https:\/\/jeaken.com\/es\/wp-json\/wp\/v2\/types\/product"}],"wp:featuredmedia":[{"embeddable":true,"href":"https:\/\/jeaken.com\/es\/wp-json\/wp\/v2\/media\/5213"}],"wp:attachment":[{"href":"https:\/\/jeaken.com\/es\/wp-json\/wp\/v2\/media?parent=6795"}],"wp:term":[{"taxonomy":"product_cat","embeddable":true,"href":"https:\/\/jeaken.com\/es\/wp-json\/wp\/v2\/product_cat?post=6795"},{"taxonomy":"product_tag","embeddable":true,"href":"https:\/\/jeaken.com\/es\/wp-json\/wp\/v2\/product_tag?post=6795"}],"curies":[{"name":"wp","href":"https:\/\/api.w.org\/{rel}","templated":true}]}}