{"id":6793,"date":"2022-07-21T19:18:22","date_gmt":"2022-07-21T18:18:22","guid":{"rendered":"https:\/1658920591610?product=vitamina-d-en-capsulas-blandas-de-alta-absorcion-mejorada-con-aceite-de-oliva-para-la-salud-de-los-huesos-los-dientes-y-la-funcion-inmunitaria"},"modified":"2022-08-09T14:42:00","modified_gmt":"2022-08-09T13:42:00","slug":"vitamina-d-en-capsulas-blandas-de-alta-absorcion-mejorada-con-aceite-de-oliva-para-la-salud-de-los-huesos-los-dientes-y-la-funcion-inmunitaria","status":"publish","type":"product","link":"https:\/\/jeaken.com\/es\/producto\/vitamina-d-en-capsulas-blandas-de-alta-absorcion-mejorada-con-aceite-de-oliva-para-la-salud-de-los-huesos-los-dientes-y-la-funcion-inmunitaria\/","title":{"rendered":"Vitamina D en c\u00e1psulas blandas de alta absorci\u00f3n &#8211; Mejorada con aceite de oliva para la salud de los huesos, los dientes y la funci\u00f3n inmunitaria."},"content":{"rendered":"<p><span style=\"font-weight: 400;\"><strong>VITAMINA D3 DE ALTA POTENCIA<\/strong> <\/span><\/p>\n<p><span style=\"font-weight: 400;\">Conseguir una cantidad adecuada de vitamina D puede ser un reto, por lo que nuestro suplemento de vitamina D proporciona 4.000 UI por c\u00e1psula blanda en una peque\u00f1a c\u00e1psula blanda f\u00e1cil de tragar que su cuerpo puede absorber f\u00e1cilmente. Nuestras c\u00e1psulas son cuatro veces m\u00e1s potentes que los productos normales de vitamina D.<\/span><\/p>\n<p><strong>PROMUEVE LA SALUD DE LOS DIENTES, LOS HUESOS Y EL SISTEMA INMUNOL\u00d3GICO<\/strong><\/p>\n<p><span style=\"font-weight: 400;\">La vitamina D ayuda a regular la cantidad de calcio y fosfato en el organismo y contribuye al mantenimiento de los huesos, los dientes, la funci\u00f3n muscular y el funcionamiento del sistema inmunitario en condiciones normales.<\/span><\/p>\n","protected":false},"excerpt":{"rendered":"<h4>Contribuye eficazmente a la salud del sistema inmunitario y a unos dientes y huesos fuertes.<\/h4>\n","protected":false},"featured_media":5018,"template":"","meta":{"site-sidebar-layout":"default","site-content-layout":"default","ast-site-content-layout":"default","site-content-style":"default","site-sidebar-style":"default","ast-global-header-display":"","ast-banner-title-visibility":"","ast-main-header-display":"","ast-hfb-above-header-display":"","ast-hfb-below-header-display":"","ast-hfb-mobile-header-display":"","site-post-title":"","ast-breadcrumbs-content":"","ast-featured-img":"","footer-sml-layout":"","theme-transparent-header-meta":"default","adv-header-id-meta":"","stick-header-meta":"default","header-above-stick-meta":"","header-main-stick-meta":"","header-below-stick-meta":"","astra-migrate-meta-layouts":"default","ast-page-background-enabled":"default","ast-page-background-meta":{"desktop":{"background-color":"","background-image":"","background-repeat":"repeat","background-position":"center center","background-size":"auto","background-attachment":"scroll","background-type":"","background-media":"","overlay-type":"","overlay-color":"","overlay-opacity":"","overlay-gradient":""},"tablet":{"background-color":"","background-image":"","background-repeat":"repeat","background-position":"center center","background-size":"auto","background-attachment":"scroll","background-type":"","background-media":"","overlay-type":"","overlay-color":"","overlay-opacity":"","overlay-gradient":""},"mobile":{"background-color":"","background-image":"","background-repeat":"repeat","background-position":"center center","background-size":"auto","background-attachment":"scroll","background-type":"","background-media":"","overlay-type":"","overlay-color":"","overlay-opacity":"","overlay-gradient":""}},"ast-content-background-meta":{"desktop":{"background-color":"var(--ast-global-color-5)","background-image":"","background-repeat":"repeat","background-position":"center center","background-size":"auto","background-attachment":"scroll","background-type":"","background-media":"","overlay-type":"","overlay-color":"","overlay-opacity":"","overlay-gradient":""},"tablet":{"background-color":"var(--ast-global-color-5)","background-image":"","background-repeat":"repeat","background-position":"center center","background-size":"auto","background-attachment":"scroll","background-type":"","background-media":"","overlay-type":"","overlay-color":"","overlay-opacity":"","overlay-gradient":""},"mobile":{"background-color":"var(--ast-global-color-5)","background-image":"","background-repeat":"repeat","background-position":"center center","background-size":"auto","background-attachment":"scroll","background-type":"","background-media":"","overlay-type":"","overlay-color":"","overlay-opacity":"","overlay-gradient":""}}},"product_cat":[572,587],"product_tag":[],"class_list":{"0":"post-6793","1":"product","2":"type-product","3":"status-publish","4":"has-post-thumbnail","6":"product_cat-salud-inmunologica","7":"product_cat-vitaminas-y-minerales","8":"has-subscription-plans","9":"desktop-align-left","10":"tablet-align-left","11":"mobile-align-left","13":"first","14":"instock","15":"taxable","16":"shipping-taxable","17":"purchasable","18":"product-type-simple"},"yoast_head":"<!-- This site is optimized with the Yoast SEO plugin v22.7 - https:\/\/yoast.com\/wordpress\/plugins\/seo\/ -->\n<title>Vitamina D en c\u00e1psulas blandas de alta absorci\u00f3n - Mejorada con aceite de oliva para la salud de los huesos, los dientes y la funci\u00f3n inmunitaria. - JeaKen<\/title>\n<meta name=\"robots\" content=\"index, follow, max-snippet:-1, max-image-preview:large, max-video-preview:-1\" \/>\n<link rel=\"canonical\" href=\"https:\/\/jeaken.com\/es\/producto\/vitamina-d-en-capsulas-blandas-de-alta-absorcion-mejorada-con-aceite-de-oliva-para-la-salud-de-los-huesos-los-dientes-y-la-funcion-inmunitaria\/\" \/>\n<meta property=\"og:locale\" content=\"es_ES\" \/>\n<meta property=\"og:type\" content=\"article\" \/>\n<meta property=\"og:title\" content=\"Vitamina D en c\u00e1psulas blandas de alta absorci\u00f3n - Mejorada con aceite de oliva para la salud de los huesos, los dientes y la funci\u00f3n inmunitaria. - JeaKen\" \/>\n<meta property=\"og:description\" content=\"Contribuye eficazmente a la salud del sistema inmunitario y a unos dientes y huesos fuertes.\" \/>\n<meta property=\"og:url\" content=\"https:\/\/jeaken.com\/es\/producto\/vitamina-d-en-capsulas-blandas-de-alta-absorcion-mejorada-con-aceite-de-oliva-para-la-salud-de-los-huesos-los-dientes-y-la-funcion-inmunitaria\/\" \/>\n<meta property=\"og:site_name\" content=\"JeaKen\" \/>\n<meta property=\"article:modified_time\" content=\"2022-08-09T13:42:00+00:00\" \/>\n<meta property=\"og:image\" content=\"https:\/\/jeaken.com\/wp-content\/uploads\/2022\/07\/71O56XrsW9L._AC_SL1500_.jpg\" \/>\n\t<meta property=\"og:image:width\" content=\"600\" \/>\n\t<meta property=\"og:image:height\" content=\"600\" \/>\n\t<meta property=\"og:image:type\" content=\"image\/jpeg\" \/>\n<meta name=\"twitter:card\" content=\"summary_large_image\" \/>\n<meta name=\"twitter:label1\" content=\"Est. reading time\" \/>\n\t<meta name=\"twitter:data1\" content=\"1 minute\" \/>\n<script type=\"application\/ld+json\" class=\"yoast-schema-graph\">{\"@context\":\"https:\/\/schema.org\",\"@graph\":[{\"@type\":\"WebPage\",\"@id\":\"https:\/\/jeaken.com\/es\/producto\/vitamina-d-en-capsulas-blandas-de-alta-absorcion-mejorada-con-aceite-de-oliva-para-la-salud-de-los-huesos-los-dientes-y-la-funcion-inmunitaria\/\",\"url\":\"https:\/\/jeaken.com\/es\/producto\/vitamina-d-en-capsulas-blandas-de-alta-absorcion-mejorada-con-aceite-de-oliva-para-la-salud-de-los-huesos-los-dientes-y-la-funcion-inmunitaria\/\",\"name\":\"Vitamina D en c\u00e1psulas blandas de alta absorci\u00f3n - Mejorada con aceite de oliva para la salud de los huesos, los dientes y la funci\u00f3n inmunitaria. - JeaKen\",\"isPartOf\":{\"@id\":\"https:\/\/jeaken.com\/es\/#website\"},\"primaryImageOfPage\":{\"@id\":\"https:\/\/jeaken.com\/es\/producto\/vitamina-d-en-capsulas-blandas-de-alta-absorcion-mejorada-con-aceite-de-oliva-para-la-salud-de-los-huesos-los-dientes-y-la-funcion-inmunitaria\/#primaryimage\"},\"image\":{\"@id\":\"https:\/\/jeaken.com\/es\/producto\/vitamina-d-en-capsulas-blandas-de-alta-absorcion-mejorada-con-aceite-de-oliva-para-la-salud-de-los-huesos-los-dientes-y-la-funcion-inmunitaria\/#primaryimage\"},\"thumbnailUrl\":\"https:\/\/jeaken.com\/wp-content\/uploads\/2022\/07\/71O56XrsW9L._AC_SL1500_.jpg\",\"datePublished\":\"2022-07-21T18:18:22+00:00\",\"dateModified\":\"2022-08-09T13:42:00+00:00\",\"breadcrumb\":{\"@id\":\"https:\/\/jeaken.com\/es\/producto\/vitamina-d-en-capsulas-blandas-de-alta-absorcion-mejorada-con-aceite-de-oliva-para-la-salud-de-los-huesos-los-dientes-y-la-funcion-inmunitaria\/#breadcrumb\"},\"inLanguage\":\"es-ES\",\"potentialAction\":[{\"@type\":\"ReadAction\",\"target\":[\"https:\/\/jeaken.com\/es\/producto\/vitamina-d-en-capsulas-blandas-de-alta-absorcion-mejorada-con-aceite-de-oliva-para-la-salud-de-los-huesos-los-dientes-y-la-funcion-inmunitaria\/\"]}]},{\"@type\":\"ImageObject\",\"inLanguage\":\"es-ES\",\"@id\":\"https:\/\/jeaken.com\/es\/producto\/vitamina-d-en-capsulas-blandas-de-alta-absorcion-mejorada-con-aceite-de-oliva-para-la-salud-de-los-huesos-los-dientes-y-la-funcion-inmunitaria\/#primaryimage\",\"url\":\"https:\/\/jeaken.com\/wp-content\/uploads\/2022\/07\/71O56XrsW9L._AC_SL1500_.jpg\",\"contentUrl\":\"https:\/\/jeaken.com\/wp-content\/uploads\/2022\/07\/71O56XrsW9L._AC_SL1500_.jpg\",\"width\":600,\"height\":600,\"caption\":\"High-Absorption Vitamin D Softgels\"},{\"@type\":\"BreadcrumbList\",\"@id\":\"https:\/\/jeaken.com\/es\/producto\/vitamina-d-en-capsulas-blandas-de-alta-absorcion-mejorada-con-aceite-de-oliva-para-la-salud-de-los-huesos-los-dientes-y-la-funcion-inmunitaria\/#breadcrumb\",\"itemListElement\":[{\"@type\":\"ListItem\",\"position\":1,\"name\":\"Home\",\"item\":\"https:\/\/jeaken.com\/es\/\"},{\"@type\":\"ListItem\",\"position\":2,\"name\":\"Private: Shop\",\"item\":\"https:\/\/jeaken.com\/shop\/\"},{\"@type\":\"ListItem\",\"position\":3,\"name\":\"Vitamina D en c\u00e1psulas blandas de alta absorci\u00f3n &#8211; Mejorada con aceite de oliva para la salud de los huesos, los dientes y la funci\u00f3n inmunitaria.\"}]},{\"@type\":\"WebSite\",\"@id\":\"https:\/\/jeaken.com\/es\/#website\",\"url\":\"https:\/\/jeaken.com\/es\/\",\"name\":\"JeaKen\",\"description\":\"Organic Supplements for Health, Fitness and Nutrition\",\"publisher\":{\"@id\":\"https:\/\/jeaken.com\/es\/#organization\"},\"potentialAction\":[{\"@type\":\"SearchAction\",\"target\":{\"@type\":\"EntryPoint\",\"urlTemplate\":\"https:\/\/jeaken.com\/es\/?s={search_term_string}\"},\"query-input\":\"required name=search_term_string\"}],\"inLanguage\":\"es-ES\"},{\"@type\":\"Organization\",\"@id\":\"https:\/\/jeaken.com\/es\/#organization\",\"name\":\"JeaKen\",\"url\":\"https:\/\/jeaken.com\/es\/\",\"logo\":{\"@type\":\"ImageObject\",\"inLanguage\":\"es-ES\",\"@id\":\"https:\/\/jeaken.com\/es\/#\/schema\/logo\/image\/\",\"url\":\"https:\/\/jeaken.com\/wp-content\/uploads\/2022\/06\/jeaken-logo-23.png\",\"contentUrl\":\"https:\/\/jeaken.com\/wp-content\/uploads\/2022\/06\/jeaken-logo-23.png\",\"width\":2486,\"height\":736,\"caption\":\"JeaKen\"},\"image\":{\"@id\":\"https:\/\/jeaken.com\/es\/#\/schema\/logo\/image\/\"}}]}<\/script>\n<!-- \/ Yoast SEO plugin. -->","yoast_head_json":{"title":"Vitamina D en c\u00e1psulas blandas de alta absorci\u00f3n - Mejorada con aceite de oliva para la salud de los huesos, los dientes y la funci\u00f3n inmunitaria. - JeaKen","robots":{"index":"index","follow":"follow","max-snippet":"max-snippet:-1","max-image-preview":"max-image-preview:large","max-video-preview":"max-video-preview:-1"},"canonical":"https:\/\/jeaken.com\/es\/producto\/vitamina-d-en-capsulas-blandas-de-alta-absorcion-mejorada-con-aceite-de-oliva-para-la-salud-de-los-huesos-los-dientes-y-la-funcion-inmunitaria\/","og_locale":"es_ES","og_type":"article","og_title":"Vitamina D en c\u00e1psulas blandas de alta absorci\u00f3n - Mejorada con aceite de oliva para la salud de los huesos, los dientes y la funci\u00f3n inmunitaria. - JeaKen","og_description":"Contribuye eficazmente a la salud del sistema inmunitario y a unos dientes y huesos fuertes.","og_url":"https:\/\/jeaken.com\/es\/producto\/vitamina-d-en-capsulas-blandas-de-alta-absorcion-mejorada-con-aceite-de-oliva-para-la-salud-de-los-huesos-los-dientes-y-la-funcion-inmunitaria\/","og_site_name":"JeaKen","article_modified_time":"2022-08-09T13:42:00+00:00","og_image":[{"width":600,"height":600,"url":"https:\/\/jeaken.com\/wp-content\/uploads\/2022\/07\/71O56XrsW9L._AC_SL1500_.jpg","type":"image\/jpeg"}],"twitter_card":"summary_large_image","twitter_misc":{"Est. reading time":"1 minute"},"schema":{"@context":"https:\/\/schema.org","@graph":[{"@type":"WebPage","@id":"https:\/\/jeaken.com\/es\/producto\/vitamina-d-en-capsulas-blandas-de-alta-absorcion-mejorada-con-aceite-de-oliva-para-la-salud-de-los-huesos-los-dientes-y-la-funcion-inmunitaria\/","url":"https:\/\/jeaken.com\/es\/producto\/vitamina-d-en-capsulas-blandas-de-alta-absorcion-mejorada-con-aceite-de-oliva-para-la-salud-de-los-huesos-los-dientes-y-la-funcion-inmunitaria\/","name":"Vitamina D en c\u00e1psulas blandas de alta absorci\u00f3n - Mejorada con aceite de oliva para la salud de los huesos, los dientes y la funci\u00f3n inmunitaria. - JeaKen","isPartOf":{"@id":"https:\/\/jeaken.com\/es\/#website"},"primaryImageOfPage":{"@id":"https:\/\/jeaken.com\/es\/producto\/vitamina-d-en-capsulas-blandas-de-alta-absorcion-mejorada-con-aceite-de-oliva-para-la-salud-de-los-huesos-los-dientes-y-la-funcion-inmunitaria\/#primaryimage"},"image":{"@id":"https:\/\/jeaken.com\/es\/producto\/vitamina-d-en-capsulas-blandas-de-alta-absorcion-mejorada-con-aceite-de-oliva-para-la-salud-de-los-huesos-los-dientes-y-la-funcion-inmunitaria\/#primaryimage"},"thumbnailUrl":"https:\/\/jeaken.com\/wp-content\/uploads\/2022\/07\/71O56XrsW9L._AC_SL1500_.jpg","datePublished":"2022-07-21T18:18:22+00:00","dateModified":"2022-08-09T13:42:00+00:00","breadcrumb":{"@id":"https:\/\/jeaken.com\/es\/producto\/vitamina-d-en-capsulas-blandas-de-alta-absorcion-mejorada-con-aceite-de-oliva-para-la-salud-de-los-huesos-los-dientes-y-la-funcion-inmunitaria\/#breadcrumb"},"inLanguage":"es-ES","potentialAction":[{"@type":"ReadAction","target":["https:\/\/jeaken.com\/es\/producto\/vitamina-d-en-capsulas-blandas-de-alta-absorcion-mejorada-con-aceite-de-oliva-para-la-salud-de-los-huesos-los-dientes-y-la-funcion-inmunitaria\/"]}]},{"@type":"ImageObject","inLanguage":"es-ES","@id":"https:\/\/jeaken.com\/es\/producto\/vitamina-d-en-capsulas-blandas-de-alta-absorcion-mejorada-con-aceite-de-oliva-para-la-salud-de-los-huesos-los-dientes-y-la-funcion-inmunitaria\/#primaryimage","url":"https:\/\/jeaken.com\/wp-content\/uploads\/2022\/07\/71O56XrsW9L._AC_SL1500_.jpg","contentUrl":"https:\/\/jeaken.com\/wp-content\/uploads\/2022\/07\/71O56XrsW9L._AC_SL1500_.jpg","width":600,"height":600,"caption":"High-Absorption Vitamin D Softgels"},{"@type":"BreadcrumbList","@id":"https:\/\/jeaken.com\/es\/producto\/vitamina-d-en-capsulas-blandas-de-alta-absorcion-mejorada-con-aceite-de-oliva-para-la-salud-de-los-huesos-los-dientes-y-la-funcion-inmunitaria\/#breadcrumb","itemListElement":[{"@type":"ListItem","position":1,"name":"Home","item":"https:\/\/jeaken.com\/es\/"},{"@type":"ListItem","position":2,"name":"Private: Shop","item":"https:\/\/jeaken.com\/shop\/"},{"@type":"ListItem","position":3,"name":"Vitamina D en c\u00e1psulas blandas de alta absorci\u00f3n &#8211; Mejorada con aceite de oliva para la salud de los huesos, los dientes y la funci\u00f3n inmunitaria."}]},{"@type":"WebSite","@id":"https:\/\/jeaken.com\/es\/#website","url":"https:\/\/jeaken.com\/es\/","name":"JeaKen","description":"Organic Supplements for Health, Fitness and Nutrition","publisher":{"@id":"https:\/\/jeaken.com\/es\/#organization"},"potentialAction":[{"@type":"SearchAction","target":{"@type":"EntryPoint","urlTemplate":"https:\/\/jeaken.com\/es\/?s={search_term_string}"},"query-input":"required name=search_term_string"}],"inLanguage":"es-ES"},{"@type":"Organization","@id":"https:\/\/jeaken.com\/es\/#organization","name":"JeaKen","url":"https:\/\/jeaken.com\/es\/","logo":{"@type":"ImageObject","inLanguage":"es-ES","@id":"https:\/\/jeaken.com\/es\/#\/schema\/logo\/image\/","url":"https:\/\/jeaken.com\/wp-content\/uploads\/2022\/06\/jeaken-logo-23.png","contentUrl":"https:\/\/jeaken.com\/wp-content\/uploads\/2022\/06\/jeaken-logo-23.png","width":2486,"height":736,"caption":"JeaKen"},"image":{"@id":"https:\/\/jeaken.com\/es\/#\/schema\/logo\/image\/"}}]}},"jetpack_sharing_enabled":true,"_links":{"self":[{"href":"https:\/\/jeaken.com\/es\/wp-json\/wp\/v2\/product\/6793","targetHints":{"allow":["GET"]}}],"collection":[{"href":"https:\/\/jeaken.com\/es\/wp-json\/wp\/v2\/product"}],"about":[{"href":"https:\/\/jeaken.com\/es\/wp-json\/wp\/v2\/types\/product"}],"wp:featuredmedia":[{"embeddable":true,"href":"https:\/\/jeaken.com\/es\/wp-json\/wp\/v2\/media\/5018"}],"wp:attachment":[{"href":"https:\/\/jeaken.com\/es\/wp-json\/wp\/v2\/media?parent=6793"}],"wp:term":[{"taxonomy":"product_cat","embeddable":true,"href":"https:\/\/jeaken.com\/es\/wp-json\/wp\/v2\/product_cat?post=6793"},{"taxonomy":"product_tag","embeddable":true,"href":"https:\/\/jeaken.com\/es\/wp-json\/wp\/v2\/product_tag?post=6793"}],"curies":[{"name":"wp","href":"https:\/\/api.w.org\/{rel}","templated":true}]}}