{"id":6771,"date":"2022-07-21T19:18:22","date_gmt":"2022-07-21T18:18:22","guid":{"rendered":"https:\/1658920591610?product=locion-natural-antienvejecimiento-con-coenzima-q10-para-pieles-muy-secas-botella-de-50ml"},"modified":"2022-08-09T14:41:54","modified_gmt":"2022-08-09T13:41:54","slug":"locion-natural-antienvejecimiento-con-coenzima-q10-para-pieles-muy-secas-botella-de-50ml","status":"publish","type":"product","link":"https:\/\/jeaken.com\/es\/producto\/locion-natural-antienvejecimiento-con-coenzima-q10-para-pieles-muy-secas-botella-de-50ml\/","title":{"rendered":"Loci\u00f3n natural antienvejecimiento con coenzima Q10 para pieles muy secas. Botella de 50ml"},"content":{"rendered":"<p><strong><span class=\"a-list-item\">F\u00d3RMULA AVANZADA ANTIENVEJECIMIENTO  <\/span><\/strong><\/p>\n<p><span class=\"a-list-item\">Nuestra lujosa loci\u00f3n corporal bot\u00e1nica Q10 est\u00e1 dise\u00f1ada para mantener a raya las arrugas y las l\u00edneas de expresi\u00f3n. La coenzima Q10 es conocida por sus propiedades antienvejecimiento. Es un potente antioxidante que mejora el aspecto de la piel al detener el deterioro celular y facilitar la reparaci\u00f3n de las c\u00e9lulas da\u00f1adas.<\/span><\/p>\n<p><strong><span class=\"a-list-item\">LEVANTA E ILUMINA LA PIEL  <\/span><\/strong><\/p>\n<p><span class=\"a-list-item\">Esta loci\u00f3n corporal natural es perfecta para energizar, proteger y estimular la piel, lo que, a su vez, permite obtener un aspecto m\u00e1s joven. Es tan cremosa que s\u00f3lo se necesita una peque\u00f1a cantidad para conseguir una piel perfectamente lisa.<\/span><\/p>\n<p><strong><span class=\"a-list-item\">T\u00d3NER DE R\u00c1PIDA ABSORCI\u00d3N  <\/span><\/strong><\/p>\n<p><span class=\"a-list-item\">Coenzyme Q10 Lotion, un t\u00f3nico refrescante y de r\u00e1pida absorci\u00f3n, es lo suficientemente suave para todo tipo de pieles, pero es especialmente beneficioso para aquellas con pieles da\u00f1adas por el sol o en proceso de maduraci\u00f3n.<\/span><\/p>\n<p><strong><span class=\"a-list-item\">INGREDIENTES NATURALES  <\/span><\/strong><\/p>\n<p><span class=\"a-list-item\">Nuestra Loci\u00f3n Coenzima Q10 es apta para veganos y no contiene parabenos ni alcohol. Los ingredientes activos de nuestra Loci\u00f3n de Coenzima Q10 trabajan en sinergia con su piel. Esta potente loci\u00f3n corporal, elaborada con ingredientes de base natural y rival de las lociones antiedad m\u00e1s caras de las grandes marcas, resaltar\u00e1 su belleza de forma natural.<\/span><\/p>\n<p>&nbsp;<\/p>\n","protected":false},"excerpt":{"rendered":"<h4 id=\"title\" class=\"a-size-large a-spacing-none\"><span id=\"productTitle\" class=\"a-size-large product-title-word-break\">Una f\u00f3rmula natural e hidratante para una piel m\u00e1s brillante, suave y joven.<\/span><\/h4>\n<h4 class=\"a-size-large a-spacing-none\"><\/h4>\n","protected":false},"featured_media":5279,"template":"","meta":{"site-sidebar-layout":"default","site-content-layout":"default","ast-site-content-layout":"default","site-content-style":"default","site-sidebar-style":"default","ast-global-header-display":"","ast-banner-title-visibility":"","ast-main-header-display":"","ast-hfb-above-header-display":"","ast-hfb-below-header-display":"","ast-hfb-mobile-header-display":"","site-post-title":"","ast-breadcrumbs-content":"","ast-featured-img":"","footer-sml-layout":"","theme-transparent-header-meta":"default","adv-header-id-meta":"","stick-header-meta":"default","header-above-stick-meta":"","header-main-stick-meta":"","header-below-stick-meta":"","astra-migrate-meta-layouts":"default","ast-page-background-enabled":"default","ast-page-background-meta":{"desktop":{"background-color":"","background-image":"","background-repeat":"repeat","background-position":"center center","background-size":"auto","background-attachment":"scroll","background-type":"","background-media":"","overlay-type":"","overlay-color":"","overlay-opacity":"","overlay-gradient":""},"tablet":{"background-color":"","background-image":"","background-repeat":"repeat","background-position":"center center","background-size":"auto","background-attachment":"scroll","background-type":"","background-media":"","overlay-type":"","overlay-color":"","overlay-opacity":"","overlay-gradient":""},"mobile":{"background-color":"","background-image":"","background-repeat":"repeat","background-position":"center center","background-size":"auto","background-attachment":"scroll","background-type":"","background-media":"","overlay-type":"","overlay-color":"","overlay-opacity":"","overlay-gradient":""}},"ast-content-background-meta":{"desktop":{"background-color":"var(--ast-global-color-5)","background-image":"","background-repeat":"repeat","background-position":"center center","background-size":"auto","background-attachment":"scroll","background-type":"","background-media":"","overlay-type":"","overlay-color":"","overlay-opacity":"","overlay-gradient":""},"tablet":{"background-color":"var(--ast-global-color-5)","background-image":"","background-repeat":"repeat","background-position":"center center","background-size":"auto","background-attachment":"scroll","background-type":"","background-media":"","overlay-type":"","overlay-color":"","overlay-opacity":"","overlay-gradient":""},"mobile":{"background-color":"var(--ast-global-color-5)","background-image":"","background-repeat":"repeat","background-position":"center center","background-size":"auto","background-attachment":"scroll","background-type":"","background-media":"","overlay-type":"","overlay-color":"","overlay-opacity":"","overlay-gradient":""}}},"product_cat":[615,613,648],"product_tag":[],"class_list":{"0":"post-6771","1":"product","2":"type-product","3":"status-publish","4":"has-post-thumbnail","6":"product_cat-antienvejecimiento","7":"product_cat-belleza-natural","8":"product_cat-estrias-y-celulitis","9":"has-subscription-plans","10":"desktop-align-left","11":"tablet-align-left","12":"mobile-align-left","14":"first","15":"instock","16":"taxable","17":"shipping-taxable","18":"purchasable","19":"product-type-simple"},"yoast_head":"<!-- This site is optimized with the Yoast SEO plugin v22.7 - https:\/\/yoast.com\/wordpress\/plugins\/seo\/ -->\n<title>Loci\u00f3n natural antienvejecimiento con coenzima Q10 para pieles muy secas. Botella de 50ml - JeaKen<\/title>\n<meta name=\"robots\" content=\"index, follow, max-snippet:-1, max-image-preview:large, max-video-preview:-1\" \/>\n<link rel=\"canonical\" href=\"https:\/\/jeaken.com\/es\/producto\/locion-natural-antienvejecimiento-con-coenzima-q10-para-pieles-muy-secas-botella-de-50ml\/\" \/>\n<meta property=\"og:locale\" content=\"es_ES\" \/>\n<meta property=\"og:type\" content=\"article\" \/>\n<meta property=\"og:title\" content=\"Loci\u00f3n natural antienvejecimiento con coenzima Q10 para pieles muy secas. Botella de 50ml - JeaKen\" \/>\n<meta property=\"og:description\" content=\"Una f\u00f3rmula natural e hidratante para una piel m\u00e1s brillante, suave y joven.\" \/>\n<meta property=\"og:url\" content=\"https:\/\/jeaken.com\/es\/producto\/locion-natural-antienvejecimiento-con-coenzima-q10-para-pieles-muy-secas-botella-de-50ml\/\" \/>\n<meta property=\"og:site_name\" content=\"JeaKen\" \/>\n<meta property=\"article:modified_time\" content=\"2022-08-09T13:41:54+00:00\" \/>\n<meta property=\"og:image\" content=\"https:\/\/jeaken.com\/wp-content\/uploads\/2022\/07\/81aPlWEAuWL._AC_SL1500_.jpg\" \/>\n\t<meta property=\"og:image:width\" content=\"600\" \/>\n\t<meta property=\"og:image:height\" content=\"600\" \/>\n\t<meta property=\"og:image:type\" content=\"image\/jpeg\" \/>\n<meta name=\"twitter:card\" content=\"summary_large_image\" \/>\n<meta name=\"twitter:label1\" content=\"Est. reading time\" \/>\n\t<meta name=\"twitter:data1\" content=\"1 minute\" \/>\n<script type=\"application\/ld+json\" class=\"yoast-schema-graph\">{\"@context\":\"https:\/\/schema.org\",\"@graph\":[{\"@type\":\"WebPage\",\"@id\":\"https:\/\/jeaken.com\/es\/producto\/locion-natural-antienvejecimiento-con-coenzima-q10-para-pieles-muy-secas-botella-de-50ml\/\",\"url\":\"https:\/\/jeaken.com\/es\/producto\/locion-natural-antienvejecimiento-con-coenzima-q10-para-pieles-muy-secas-botella-de-50ml\/\",\"name\":\"Loci\u00f3n natural antienvejecimiento con coenzima Q10 para pieles muy secas. Botella de 50ml - JeaKen\",\"isPartOf\":{\"@id\":\"https:\/\/jeaken.com\/es\/#website\"},\"primaryImageOfPage\":{\"@id\":\"https:\/\/jeaken.com\/es\/producto\/locion-natural-antienvejecimiento-con-coenzima-q10-para-pieles-muy-secas-botella-de-50ml\/#primaryimage\"},\"image\":{\"@id\":\"https:\/\/jeaken.com\/es\/producto\/locion-natural-antienvejecimiento-con-coenzima-q10-para-pieles-muy-secas-botella-de-50ml\/#primaryimage\"},\"thumbnailUrl\":\"https:\/\/jeaken.com\/wp-content\/uploads\/2022\/07\/81aPlWEAuWL._AC_SL1500_.jpg\",\"datePublished\":\"2022-07-21T18:18:22+00:00\",\"dateModified\":\"2022-08-09T13:41:54+00:00\",\"breadcrumb\":{\"@id\":\"https:\/\/jeaken.com\/es\/producto\/locion-natural-antienvejecimiento-con-coenzima-q10-para-pieles-muy-secas-botella-de-50ml\/#breadcrumb\"},\"inLanguage\":\"es-ES\",\"potentialAction\":[{\"@type\":\"ReadAction\",\"target\":[\"https:\/\/jeaken.com\/es\/producto\/locion-natural-antienvejecimiento-con-coenzima-q10-para-pieles-muy-secas-botella-de-50ml\/\"]}]},{\"@type\":\"ImageObject\",\"inLanguage\":\"es-ES\",\"@id\":\"https:\/\/jeaken.com\/es\/producto\/locion-natural-antienvejecimiento-con-coenzima-q10-para-pieles-muy-secas-botella-de-50ml\/#primaryimage\",\"url\":\"https:\/\/jeaken.com\/wp-content\/uploads\/2022\/07\/81aPlWEAuWL._AC_SL1500_.jpg\",\"contentUrl\":\"https:\/\/jeaken.com\/wp-content\/uploads\/2022\/07\/81aPlWEAuWL._AC_SL1500_.jpg\",\"width\":600,\"height\":600,\"caption\":\"Coenzyme Q10\"},{\"@type\":\"BreadcrumbList\",\"@id\":\"https:\/\/jeaken.com\/es\/producto\/locion-natural-antienvejecimiento-con-coenzima-q10-para-pieles-muy-secas-botella-de-50ml\/#breadcrumb\",\"itemListElement\":[{\"@type\":\"ListItem\",\"position\":1,\"name\":\"Home\",\"item\":\"https:\/\/jeaken.com\/es\/\"},{\"@type\":\"ListItem\",\"position\":2,\"name\":\"Private: Shop\",\"item\":\"https:\/\/jeaken.com\/shop\/\"},{\"@type\":\"ListItem\",\"position\":3,\"name\":\"Loci\u00f3n natural antienvejecimiento con coenzima Q10 para pieles muy secas. Botella de 50ml\"}]},{\"@type\":\"WebSite\",\"@id\":\"https:\/\/jeaken.com\/es\/#website\",\"url\":\"https:\/\/jeaken.com\/es\/\",\"name\":\"JeaKen\",\"description\":\"Organic Supplements for Health, Fitness and Nutrition\",\"publisher\":{\"@id\":\"https:\/\/jeaken.com\/es\/#organization\"},\"potentialAction\":[{\"@type\":\"SearchAction\",\"target\":{\"@type\":\"EntryPoint\",\"urlTemplate\":\"https:\/\/jeaken.com\/es\/?s={search_term_string}\"},\"query-input\":\"required name=search_term_string\"}],\"inLanguage\":\"es-ES\"},{\"@type\":\"Organization\",\"@id\":\"https:\/\/jeaken.com\/es\/#organization\",\"name\":\"JeaKen\",\"url\":\"https:\/\/jeaken.com\/es\/\",\"logo\":{\"@type\":\"ImageObject\",\"inLanguage\":\"es-ES\",\"@id\":\"https:\/\/jeaken.com\/es\/#\/schema\/logo\/image\/\",\"url\":\"https:\/\/jeaken.com\/wp-content\/uploads\/2022\/06\/jeaken-logo-23.png\",\"contentUrl\":\"https:\/\/jeaken.com\/wp-content\/uploads\/2022\/06\/jeaken-logo-23.png\",\"width\":2486,\"height\":736,\"caption\":\"JeaKen\"},\"image\":{\"@id\":\"https:\/\/jeaken.com\/es\/#\/schema\/logo\/image\/\"}}]}<\/script>\n<!-- \/ Yoast SEO plugin. -->","yoast_head_json":{"title":"Loci\u00f3n natural antienvejecimiento con coenzima Q10 para pieles muy secas. Botella de 50ml - JeaKen","robots":{"index":"index","follow":"follow","max-snippet":"max-snippet:-1","max-image-preview":"max-image-preview:large","max-video-preview":"max-video-preview:-1"},"canonical":"https:\/\/jeaken.com\/es\/producto\/locion-natural-antienvejecimiento-con-coenzima-q10-para-pieles-muy-secas-botella-de-50ml\/","og_locale":"es_ES","og_type":"article","og_title":"Loci\u00f3n natural antienvejecimiento con coenzima Q10 para pieles muy secas. Botella de 50ml - JeaKen","og_description":"Una f\u00f3rmula natural e hidratante para una piel m\u00e1s brillante, suave y joven.","og_url":"https:\/\/jeaken.com\/es\/producto\/locion-natural-antienvejecimiento-con-coenzima-q10-para-pieles-muy-secas-botella-de-50ml\/","og_site_name":"JeaKen","article_modified_time":"2022-08-09T13:41:54+00:00","og_image":[{"width":600,"height":600,"url":"https:\/\/jeaken.com\/wp-content\/uploads\/2022\/07\/81aPlWEAuWL._AC_SL1500_.jpg","type":"image\/jpeg"}],"twitter_card":"summary_large_image","twitter_misc":{"Est. reading time":"1 minute"},"schema":{"@context":"https:\/\/schema.org","@graph":[{"@type":"WebPage","@id":"https:\/\/jeaken.com\/es\/producto\/locion-natural-antienvejecimiento-con-coenzima-q10-para-pieles-muy-secas-botella-de-50ml\/","url":"https:\/\/jeaken.com\/es\/producto\/locion-natural-antienvejecimiento-con-coenzima-q10-para-pieles-muy-secas-botella-de-50ml\/","name":"Loci\u00f3n natural antienvejecimiento con coenzima Q10 para pieles muy secas. Botella de 50ml - JeaKen","isPartOf":{"@id":"https:\/\/jeaken.com\/es\/#website"},"primaryImageOfPage":{"@id":"https:\/\/jeaken.com\/es\/producto\/locion-natural-antienvejecimiento-con-coenzima-q10-para-pieles-muy-secas-botella-de-50ml\/#primaryimage"},"image":{"@id":"https:\/\/jeaken.com\/es\/producto\/locion-natural-antienvejecimiento-con-coenzima-q10-para-pieles-muy-secas-botella-de-50ml\/#primaryimage"},"thumbnailUrl":"https:\/\/jeaken.com\/wp-content\/uploads\/2022\/07\/81aPlWEAuWL._AC_SL1500_.jpg","datePublished":"2022-07-21T18:18:22+00:00","dateModified":"2022-08-09T13:41:54+00:00","breadcrumb":{"@id":"https:\/\/jeaken.com\/es\/producto\/locion-natural-antienvejecimiento-con-coenzima-q10-para-pieles-muy-secas-botella-de-50ml\/#breadcrumb"},"inLanguage":"es-ES","potentialAction":[{"@type":"ReadAction","target":["https:\/\/jeaken.com\/es\/producto\/locion-natural-antienvejecimiento-con-coenzima-q10-para-pieles-muy-secas-botella-de-50ml\/"]}]},{"@type":"ImageObject","inLanguage":"es-ES","@id":"https:\/\/jeaken.com\/es\/producto\/locion-natural-antienvejecimiento-con-coenzima-q10-para-pieles-muy-secas-botella-de-50ml\/#primaryimage","url":"https:\/\/jeaken.com\/wp-content\/uploads\/2022\/07\/81aPlWEAuWL._AC_SL1500_.jpg","contentUrl":"https:\/\/jeaken.com\/wp-content\/uploads\/2022\/07\/81aPlWEAuWL._AC_SL1500_.jpg","width":600,"height":600,"caption":"Coenzyme Q10"},{"@type":"BreadcrumbList","@id":"https:\/\/jeaken.com\/es\/producto\/locion-natural-antienvejecimiento-con-coenzima-q10-para-pieles-muy-secas-botella-de-50ml\/#breadcrumb","itemListElement":[{"@type":"ListItem","position":1,"name":"Home","item":"https:\/\/jeaken.com\/es\/"},{"@type":"ListItem","position":2,"name":"Private: Shop","item":"https:\/\/jeaken.com\/shop\/"},{"@type":"ListItem","position":3,"name":"Loci\u00f3n natural antienvejecimiento con coenzima Q10 para pieles muy secas. Botella de 50ml"}]},{"@type":"WebSite","@id":"https:\/\/jeaken.com\/es\/#website","url":"https:\/\/jeaken.com\/es\/","name":"JeaKen","description":"Organic Supplements for Health, Fitness and Nutrition","publisher":{"@id":"https:\/\/jeaken.com\/es\/#organization"},"potentialAction":[{"@type":"SearchAction","target":{"@type":"EntryPoint","urlTemplate":"https:\/\/jeaken.com\/es\/?s={search_term_string}"},"query-input":"required name=search_term_string"}],"inLanguage":"es-ES"},{"@type":"Organization","@id":"https:\/\/jeaken.com\/es\/#organization","name":"JeaKen","url":"https:\/\/jeaken.com\/es\/","logo":{"@type":"ImageObject","inLanguage":"es-ES","@id":"https:\/\/jeaken.com\/es\/#\/schema\/logo\/image\/","url":"https:\/\/jeaken.com\/wp-content\/uploads\/2022\/06\/jeaken-logo-23.png","contentUrl":"https:\/\/jeaken.com\/wp-content\/uploads\/2022\/06\/jeaken-logo-23.png","width":2486,"height":736,"caption":"JeaKen"},"image":{"@id":"https:\/\/jeaken.com\/es\/#\/schema\/logo\/image\/"}}]}},"jetpack_sharing_enabled":true,"_links":{"self":[{"href":"https:\/\/jeaken.com\/es\/wp-json\/wp\/v2\/product\/6771","targetHints":{"allow":["GET"]}}],"collection":[{"href":"https:\/\/jeaken.com\/es\/wp-json\/wp\/v2\/product"}],"about":[{"href":"https:\/\/jeaken.com\/es\/wp-json\/wp\/v2\/types\/product"}],"wp:featuredmedia":[{"embeddable":true,"href":"https:\/\/jeaken.com\/es\/wp-json\/wp\/v2\/media\/5279"}],"wp:attachment":[{"href":"https:\/\/jeaken.com\/es\/wp-json\/wp\/v2\/media?parent=6771"}],"wp:term":[{"taxonomy":"product_cat","embeddable":true,"href":"https:\/\/jeaken.com\/es\/wp-json\/wp\/v2\/product_cat?post=6771"},{"taxonomy":"product_tag","embeddable":true,"href":"https:\/\/jeaken.com\/es\/wp-json\/wp\/v2\/product_tag?post=6771"}],"curies":[{"name":"wp","href":"https:\/\/api.w.org\/{rel}","templated":true}]}}