{"id":6769,"date":"2022-07-21T19:18:22","date_gmt":"2022-07-21T18:18:22","guid":{"rendered":"https:\/1658920591610?product=suplemento-unico-de-pre-entrenamiento-con-creatina-citrulina-cafeina-beta-alanina-y-aakg-500g"},"modified":"2022-08-09T14:41:53","modified_gmt":"2022-08-09T13:41:53","slug":"suplemento-unico-de-pre-entrenamiento-con-creatina-citrulina-cafeina-beta-alanina-y-aakg-500g","status":"publish","type":"product","link":"https:\/\/jeaken.com\/es\/producto\/suplemento-unico-de-pre-entrenamiento-con-creatina-citrulina-cafeina-beta-alanina-y-aakg-500g\/","title":{"rendered":"Suplemento \u00fanico de pre-entrenamiento con creatina citrulina, cafe\u00edna beta-alanina y AAKG. 500g"},"content":{"rendered":"<p><strong><span class=\"a-list-item\">APOYA LA ENERG\u00cdA EXPLOSIVA  <\/span><\/strong><\/p>\n<p><span class=\"a-list-item\">Este potente suplemento ofrece una mezcla \u00fanica de BCAA, creatina, citrulina malato, beta alanina, AAKG , cafe\u00edna, vitamina B6 y mucho m\u00e1s para ayudar a su cuerpo a entrenar al m\u00e1ximo nivel, aumentar el rendimiento f\u00edsico y reducir la fatiga.<\/span><\/p>\n<p><strong><span class=\"a-list-item\">FOMENTA UNA MAYOR DURACI\u00d3N DE LAS BOMBAS  <\/span><\/strong><\/p>\n<p><span class=\"a-list-item\">Nuestra f\u00f3rmula, de resultados probados, est\u00e1 creada con L-citrulina en lugar de L-arginina, para conseguir un bombeo muscular intenso y duradero. Se ha demostrado que la L-Citrulina alcanza niveles m\u00e1ximos de arginina en plasma superiores a los de una dosis mayor de L-Arginina.<\/span><\/p>\n<p><strong><span class=\"a-list-item\">AMPLIFICA LA FUERZA Y EL RENDIMIENTO  <\/span><\/strong><\/p>\n<p><span class=\"a-list-item\">Una creatina altamente potente y \u00fanica conocida como Tri-Creatine Malate ha sido infundida en esta f\u00f3rmula para amplificar las ganancias de tama\u00f1o y fuerza. Esto significa entrenamientos m\u00e1s largos y eficientes.<\/span><\/p>\n<p><strong><span class=\"a-list-item\">POLVO DE ENTRENAMIENTO F\u00c1CIL Y CONVENIENTE  <\/span><\/strong><\/p>\n<p><span class=\"a-list-item\">Nuestro polvo de pre-entrenamiento es una f\u00f3rmula de gran sabor que es f\u00e1cil y conveniente de usar. Simplemente t\u00f3melo 30 minutos antes del entrenamiento y experimente y vea los resultados por s\u00ed mismo.  <\/span><\/p>\n<p>&nbsp;<\/p>\n","protected":false},"excerpt":{"rendered":"<h4>Resultados de las botas. Amplifica las ganancias. Mejora el rendimiento.<\/h4>\n","protected":false},"featured_media":2744,"template":"","meta":{"site-sidebar-layout":"default","site-content-layout":"default","ast-site-content-layout":"default","site-content-style":"default","site-sidebar-style":"default","ast-global-header-display":"","ast-banner-title-visibility":"","ast-main-header-display":"","ast-hfb-above-header-display":"","ast-hfb-below-header-display":"","ast-hfb-mobile-header-display":"","site-post-title":"","ast-breadcrumbs-content":"","ast-featured-img":"","footer-sml-layout":"","theme-transparent-header-meta":"default","adv-header-id-meta":"","stick-header-meta":"default","header-above-stick-meta":"","header-main-stick-meta":"","header-below-stick-meta":"","astra-migrate-meta-layouts":"default","ast-page-background-enabled":"default","ast-page-background-meta":{"desktop":{"background-color":"","background-image":"","background-repeat":"repeat","background-position":"center center","background-size":"auto","background-attachment":"scroll","background-type":"","background-media":"","overlay-type":"","overlay-color":"","overlay-opacity":"","overlay-gradient":""},"tablet":{"background-color":"","background-image":"","background-repeat":"repeat","background-position":"center center","background-size":"auto","background-attachment":"scroll","background-type":"","background-media":"","overlay-type":"","overlay-color":"","overlay-opacity":"","overlay-gradient":""},"mobile":{"background-color":"","background-image":"","background-repeat":"repeat","background-position":"center center","background-size":"auto","background-attachment":"scroll","background-type":"","background-media":"","overlay-type":"","overlay-color":"","overlay-opacity":"","overlay-gradient":""}},"ast-content-background-meta":{"desktop":{"background-color":"var(--ast-global-color-5)","background-image":"","background-repeat":"repeat","background-position":"center center","background-size":"auto","background-attachment":"scroll","background-type":"","background-media":"","overlay-type":"","overlay-color":"","overlay-opacity":"","overlay-gradient":""},"tablet":{"background-color":"var(--ast-global-color-5)","background-image":"","background-repeat":"repeat","background-position":"center center","background-size":"auto","background-attachment":"scroll","background-type":"","background-media":"","overlay-type":"","overlay-color":"","overlay-opacity":"","overlay-gradient":""},"mobile":{"background-color":"var(--ast-global-color-5)","background-image":"","background-repeat":"repeat","background-position":"center center","background-size":"auto","background-attachment":"scroll","background-type":"","background-media":"","overlay-type":"","overlay-color":"","overlay-opacity":"","overlay-gradient":""}}},"product_cat":[642,591],"product_tag":[],"class_list":{"0":"post-6769","1":"product","2":"type-product","3":"status-publish","4":"has-post-thumbnail","6":"product_cat-construccion-muscular","7":"product_cat-nutricion-deportiva","8":"has-subscription-plans","9":"desktop-align-left","10":"tablet-align-left","11":"mobile-align-left","13":"first","14":"instock","15":"taxable","16":"shipping-taxable","17":"purchasable","18":"product-type-simple"},"yoast_head":"<!-- This site is optimized with the Yoast SEO plugin v22.7 - https:\/\/yoast.com\/wordpress\/plugins\/seo\/ -->\n<title>Suplemento \u00fanico de pre-entrenamiento con creatina citrulina, cafe\u00edna beta-alanina y AAKG. 500g - JeaKen<\/title>\n<meta name=\"robots\" content=\"index, follow, max-snippet:-1, max-image-preview:large, max-video-preview:-1\" \/>\n<link rel=\"canonical\" href=\"https:\/\/jeaken.com\/es\/producto\/suplemento-unico-de-pre-entrenamiento-con-creatina-citrulina-cafeina-beta-alanina-y-aakg-500g\/\" \/>\n<meta property=\"og:locale\" content=\"es_ES\" \/>\n<meta property=\"og:type\" content=\"article\" \/>\n<meta property=\"og:title\" content=\"Suplemento \u00fanico de pre-entrenamiento con creatina citrulina, cafe\u00edna beta-alanina y AAKG. 500g - JeaKen\" \/>\n<meta property=\"og:description\" content=\"Resultados de las botas. Amplifica las ganancias. Mejora el rendimiento.\" \/>\n<meta property=\"og:url\" content=\"https:\/\/jeaken.com\/es\/producto\/suplemento-unico-de-pre-entrenamiento-con-creatina-citrulina-cafeina-beta-alanina-y-aakg-500g\/\" \/>\n<meta property=\"og:site_name\" content=\"JeaKen\" \/>\n<meta property=\"article:modified_time\" content=\"2022-08-09T13:41:53+00:00\" \/>\n<meta property=\"og:image\" content=\"https:\/\/jeaken.com\/wp-content\/uploads\/2022\/07\/81qFu636vqL._AC_SL1500_.jpg\" \/>\n\t<meta property=\"og:image:width\" content=\"600\" \/>\n\t<meta property=\"og:image:height\" content=\"600\" \/>\n\t<meta property=\"og:image:type\" content=\"image\/jpeg\" \/>\n<meta name=\"twitter:card\" content=\"summary_large_image\" \/>\n<meta name=\"twitter:label1\" content=\"Est. reading time\" \/>\n\t<meta name=\"twitter:data1\" content=\"1 minute\" \/>\n<script type=\"application\/ld+json\" class=\"yoast-schema-graph\">{\"@context\":\"https:\/\/schema.org\",\"@graph\":[{\"@type\":\"WebPage\",\"@id\":\"https:\/\/jeaken.com\/es\/producto\/suplemento-unico-de-pre-entrenamiento-con-creatina-citrulina-cafeina-beta-alanina-y-aakg-500g\/\",\"url\":\"https:\/\/jeaken.com\/es\/producto\/suplemento-unico-de-pre-entrenamiento-con-creatina-citrulina-cafeina-beta-alanina-y-aakg-500g\/\",\"name\":\"Suplemento \u00fanico de pre-entrenamiento con creatina citrulina, cafe\u00edna beta-alanina y AAKG. 500g - JeaKen\",\"isPartOf\":{\"@id\":\"https:\/\/jeaken.com\/es\/#website\"},\"primaryImageOfPage\":{\"@id\":\"https:\/\/jeaken.com\/es\/producto\/suplemento-unico-de-pre-entrenamiento-con-creatina-citrulina-cafeina-beta-alanina-y-aakg-500g\/#primaryimage\"},\"image\":{\"@id\":\"https:\/\/jeaken.com\/es\/producto\/suplemento-unico-de-pre-entrenamiento-con-creatina-citrulina-cafeina-beta-alanina-y-aakg-500g\/#primaryimage\"},\"thumbnailUrl\":\"https:\/\/jeaken.com\/wp-content\/uploads\/2022\/07\/81qFu636vqL._AC_SL1500_.jpg\",\"datePublished\":\"2022-07-21T18:18:22+00:00\",\"dateModified\":\"2022-08-09T13:41:53+00:00\",\"breadcrumb\":{\"@id\":\"https:\/\/jeaken.com\/es\/producto\/suplemento-unico-de-pre-entrenamiento-con-creatina-citrulina-cafeina-beta-alanina-y-aakg-500g\/#breadcrumb\"},\"inLanguage\":\"es-ES\",\"potentialAction\":[{\"@type\":\"ReadAction\",\"target\":[\"https:\/\/jeaken.com\/es\/producto\/suplemento-unico-de-pre-entrenamiento-con-creatina-citrulina-cafeina-beta-alanina-y-aakg-500g\/\"]}]},{\"@type\":\"ImageObject\",\"inLanguage\":\"es-ES\",\"@id\":\"https:\/\/jeaken.com\/es\/producto\/suplemento-unico-de-pre-entrenamiento-con-creatina-citrulina-cafeina-beta-alanina-y-aakg-500g\/#primaryimage\",\"url\":\"https:\/\/jeaken.com\/wp-content\/uploads\/2022\/07\/81qFu636vqL._AC_SL1500_.jpg\",\"contentUrl\":\"https:\/\/jeaken.com\/wp-content\/uploads\/2022\/07\/81qFu636vqL._AC_SL1500_.jpg\",\"width\":600,\"height\":600,\"caption\":\"Unique Pre-Workout Supplement with Citrulline Creatine, Caffeine Beta-Alanine and AAKG. 500g\"},{\"@type\":\"BreadcrumbList\",\"@id\":\"https:\/\/jeaken.com\/es\/producto\/suplemento-unico-de-pre-entrenamiento-con-creatina-citrulina-cafeina-beta-alanina-y-aakg-500g\/#breadcrumb\",\"itemListElement\":[{\"@type\":\"ListItem\",\"position\":1,\"name\":\"Home\",\"item\":\"https:\/\/jeaken.com\/es\/\"},{\"@type\":\"ListItem\",\"position\":2,\"name\":\"Private: Shop\",\"item\":\"https:\/\/jeaken.com\/shop\/\"},{\"@type\":\"ListItem\",\"position\":3,\"name\":\"Suplemento \u00fanico de pre-entrenamiento con creatina citrulina, cafe\u00edna beta-alanina y AAKG. 500g\"}]},{\"@type\":\"WebSite\",\"@id\":\"https:\/\/jeaken.com\/es\/#website\",\"url\":\"https:\/\/jeaken.com\/es\/\",\"name\":\"JeaKen\",\"description\":\"Organic Supplements for Health, Fitness and Nutrition\",\"publisher\":{\"@id\":\"https:\/\/jeaken.com\/es\/#organization\"},\"potentialAction\":[{\"@type\":\"SearchAction\",\"target\":{\"@type\":\"EntryPoint\",\"urlTemplate\":\"https:\/\/jeaken.com\/es\/?s={search_term_string}\"},\"query-input\":\"required name=search_term_string\"}],\"inLanguage\":\"es-ES\"},{\"@type\":\"Organization\",\"@id\":\"https:\/\/jeaken.com\/es\/#organization\",\"name\":\"JeaKen\",\"url\":\"https:\/\/jeaken.com\/es\/\",\"logo\":{\"@type\":\"ImageObject\",\"inLanguage\":\"es-ES\",\"@id\":\"https:\/\/jeaken.com\/es\/#\/schema\/logo\/image\/\",\"url\":\"https:\/\/jeaken.com\/wp-content\/uploads\/2022\/06\/jeaken-logo-23.png\",\"contentUrl\":\"https:\/\/jeaken.com\/wp-content\/uploads\/2022\/06\/jeaken-logo-23.png\",\"width\":2486,\"height\":736,\"caption\":\"JeaKen\"},\"image\":{\"@id\":\"https:\/\/jeaken.com\/es\/#\/schema\/logo\/image\/\"}}]}<\/script>\n<!-- \/ Yoast SEO plugin. -->","yoast_head_json":{"title":"Suplemento \u00fanico de pre-entrenamiento con creatina citrulina, cafe\u00edna beta-alanina y AAKG. 500g - JeaKen","robots":{"index":"index","follow":"follow","max-snippet":"max-snippet:-1","max-image-preview":"max-image-preview:large","max-video-preview":"max-video-preview:-1"},"canonical":"https:\/\/jeaken.com\/es\/producto\/suplemento-unico-de-pre-entrenamiento-con-creatina-citrulina-cafeina-beta-alanina-y-aakg-500g\/","og_locale":"es_ES","og_type":"article","og_title":"Suplemento \u00fanico de pre-entrenamiento con creatina citrulina, cafe\u00edna beta-alanina y AAKG. 500g - JeaKen","og_description":"Resultados de las botas. Amplifica las ganancias. Mejora el rendimiento.","og_url":"https:\/\/jeaken.com\/es\/producto\/suplemento-unico-de-pre-entrenamiento-con-creatina-citrulina-cafeina-beta-alanina-y-aakg-500g\/","og_site_name":"JeaKen","article_modified_time":"2022-08-09T13:41:53+00:00","og_image":[{"width":600,"height":600,"url":"https:\/\/jeaken.com\/wp-content\/uploads\/2022\/07\/81qFu636vqL._AC_SL1500_.jpg","type":"image\/jpeg"}],"twitter_card":"summary_large_image","twitter_misc":{"Est. reading time":"1 minute"},"schema":{"@context":"https:\/\/schema.org","@graph":[{"@type":"WebPage","@id":"https:\/\/jeaken.com\/es\/producto\/suplemento-unico-de-pre-entrenamiento-con-creatina-citrulina-cafeina-beta-alanina-y-aakg-500g\/","url":"https:\/\/jeaken.com\/es\/producto\/suplemento-unico-de-pre-entrenamiento-con-creatina-citrulina-cafeina-beta-alanina-y-aakg-500g\/","name":"Suplemento \u00fanico de pre-entrenamiento con creatina citrulina, cafe\u00edna beta-alanina y AAKG. 500g - JeaKen","isPartOf":{"@id":"https:\/\/jeaken.com\/es\/#website"},"primaryImageOfPage":{"@id":"https:\/\/jeaken.com\/es\/producto\/suplemento-unico-de-pre-entrenamiento-con-creatina-citrulina-cafeina-beta-alanina-y-aakg-500g\/#primaryimage"},"image":{"@id":"https:\/\/jeaken.com\/es\/producto\/suplemento-unico-de-pre-entrenamiento-con-creatina-citrulina-cafeina-beta-alanina-y-aakg-500g\/#primaryimage"},"thumbnailUrl":"https:\/\/jeaken.com\/wp-content\/uploads\/2022\/07\/81qFu636vqL._AC_SL1500_.jpg","datePublished":"2022-07-21T18:18:22+00:00","dateModified":"2022-08-09T13:41:53+00:00","breadcrumb":{"@id":"https:\/\/jeaken.com\/es\/producto\/suplemento-unico-de-pre-entrenamiento-con-creatina-citrulina-cafeina-beta-alanina-y-aakg-500g\/#breadcrumb"},"inLanguage":"es-ES","potentialAction":[{"@type":"ReadAction","target":["https:\/\/jeaken.com\/es\/producto\/suplemento-unico-de-pre-entrenamiento-con-creatina-citrulina-cafeina-beta-alanina-y-aakg-500g\/"]}]},{"@type":"ImageObject","inLanguage":"es-ES","@id":"https:\/\/jeaken.com\/es\/producto\/suplemento-unico-de-pre-entrenamiento-con-creatina-citrulina-cafeina-beta-alanina-y-aakg-500g\/#primaryimage","url":"https:\/\/jeaken.com\/wp-content\/uploads\/2022\/07\/81qFu636vqL._AC_SL1500_.jpg","contentUrl":"https:\/\/jeaken.com\/wp-content\/uploads\/2022\/07\/81qFu636vqL._AC_SL1500_.jpg","width":600,"height":600,"caption":"Unique Pre-Workout Supplement with Citrulline Creatine, Caffeine Beta-Alanine and AAKG. 500g"},{"@type":"BreadcrumbList","@id":"https:\/\/jeaken.com\/es\/producto\/suplemento-unico-de-pre-entrenamiento-con-creatina-citrulina-cafeina-beta-alanina-y-aakg-500g\/#breadcrumb","itemListElement":[{"@type":"ListItem","position":1,"name":"Home","item":"https:\/\/jeaken.com\/es\/"},{"@type":"ListItem","position":2,"name":"Private: Shop","item":"https:\/\/jeaken.com\/shop\/"},{"@type":"ListItem","position":3,"name":"Suplemento \u00fanico de pre-entrenamiento con creatina citrulina, cafe\u00edna beta-alanina y AAKG. 500g"}]},{"@type":"WebSite","@id":"https:\/\/jeaken.com\/es\/#website","url":"https:\/\/jeaken.com\/es\/","name":"JeaKen","description":"Organic Supplements for Health, Fitness and Nutrition","publisher":{"@id":"https:\/\/jeaken.com\/es\/#organization"},"potentialAction":[{"@type":"SearchAction","target":{"@type":"EntryPoint","urlTemplate":"https:\/\/jeaken.com\/es\/?s={search_term_string}"},"query-input":"required name=search_term_string"}],"inLanguage":"es-ES"},{"@type":"Organization","@id":"https:\/\/jeaken.com\/es\/#organization","name":"JeaKen","url":"https:\/\/jeaken.com\/es\/","logo":{"@type":"ImageObject","inLanguage":"es-ES","@id":"https:\/\/jeaken.com\/es\/#\/schema\/logo\/image\/","url":"https:\/\/jeaken.com\/wp-content\/uploads\/2022\/06\/jeaken-logo-23.png","contentUrl":"https:\/\/jeaken.com\/wp-content\/uploads\/2022\/06\/jeaken-logo-23.png","width":2486,"height":736,"caption":"JeaKen"},"image":{"@id":"https:\/\/jeaken.com\/es\/#\/schema\/logo\/image\/"}}]}},"jetpack_sharing_enabled":true,"_links":{"self":[{"href":"https:\/\/jeaken.com\/es\/wp-json\/wp\/v2\/product\/6769","targetHints":{"allow":["GET"]}}],"collection":[{"href":"https:\/\/jeaken.com\/es\/wp-json\/wp\/v2\/product"}],"about":[{"href":"https:\/\/jeaken.com\/es\/wp-json\/wp\/v2\/types\/product"}],"wp:featuredmedia":[{"embeddable":true,"href":"https:\/\/jeaken.com\/es\/wp-json\/wp\/v2\/media\/2744"}],"wp:attachment":[{"href":"https:\/\/jeaken.com\/es\/wp-json\/wp\/v2\/media?parent=6769"}],"wp:term":[{"taxonomy":"product_cat","embeddable":true,"href":"https:\/\/jeaken.com\/es\/wp-json\/wp\/v2\/product_cat?post=6769"},{"taxonomy":"product_tag","embeddable":true,"href":"https:\/\/jeaken.com\/es\/wp-json\/wp\/v2\/product_tag?post=6769"}],"curies":[{"name":"wp","href":"https:\/\/api.w.org\/{rel}","templated":true}]}}