{"id":6747,"date":"2022-07-21T19:18:22","date_gmt":"2022-07-21T18:18:22","guid":{"rendered":"https:\/1658920591610?product=crema-facial-de-suero-de-vitamina-c-con-acido-hialuronico-50ml"},"modified":"2022-08-14T11:16:33","modified_gmt":"2022-08-14T10:16:33","slug":"suero-a-la-vitamina-c-pour-le-visage-a-lacida-haluronique-serums-pour-le-visage-pour-peaux-matures-enrichis-de-vitamines-a-e-meilleur-serum-anti-age-pour-le-visage-que-le-serum-au-retinol-et-le","status":"publish","type":"product","link":"https:\/\/jeaken.com\/es\/producto\/suero-a-la-vitamina-c-pour-le-visage-a-lacida-haluronique-serums-pour-le-visage-pour-peaux-matures-enrichis-de-vitamines-a-e-meilleur-serum-anti-age-pour-le-visage-que-le-serum-au-retinol-et-le\/","title":{"rendered":"Crema facial de suero de vitamina C con \u00e1cido hialur\u00f3nico (50ml)"},"content":{"rendered":"<p id=\"tw-target-text\" class=\"tw-data-text tw-text-large tw-ta\" dir=\"ltr\" data-placeholder=\"Translation\"><strong>PODEROSO ANTIOXIDANTE<\/strong><\/p>\n<p class=\"tw-data-text tw-text-large tw-ta\" dir=\"ltr\" data-placeholder=\"Translation\"><span class=\"Y2IQFc\" lang=\"en\">  Este producto ofrece un potente antioxidante para su piel que es extremadamente f\u00e1cil de a\u00f1adir a su rutina de cuidado de la piel existente. Util\u00edzala por la ma\u00f1ana antes de la crema hidratante para proteger tu piel del impacto negativo del sol, la contaminaci\u00f3n y el maquillaje. Luego repite por la noche para ayudar a tu piel a deshacerse de todos esos radicales libres, causados por el estr\u00e9s y los contaminantes atmosf\u00e9ricos que da\u00f1an la piel.  <\/span><\/p>\n<p class=\"tw-data-text tw-text-large tw-ta\" dir=\"ltr\" data-placeholder=\"Translation\"><strong><span class=\"Y2IQFc\" lang=\"en\">REFORZADO CON VITAMINAS A, C Y E<\/span><\/strong><\/p>\n<p class=\"tw-data-text tw-text-large tw-ta\" dir=\"ltr\" data-placeholder=\"Translation\"><span class=\"Y2IQFc\" lang=\"en\">Este s\u00e9rum contiene un complejo multivitam\u00ednico que combina vitaminas A, C y E que potencian la luminosidad y la vitalidad de la piel. Mezclado con infusi\u00f3n de zanahoria, el s\u00e9rum estimula la producci\u00f3n de col\u00e1geno y reduce la aparici\u00f3n de l\u00edneas finas y arrugas.  <\/span><\/p>\n<p class=\"tw-data-text tw-text-large tw-ta\" dir=\"ltr\" data-placeholder=\"Translation\"><strong><span class=\"Y2IQFc\" lang=\"en\">F\u00d3RMULA ANTIENVEJECIMIENTO EFICAZ  <\/span><\/strong><\/p>\n<p class=\"tw-data-text tw-text-large tw-ta\" dir=\"ltr\" data-placeholder=\"Translation\"><span class=\"Y2IQFc\" lang=\"en\">Con propiedades antienvejecimiento y antiarrugas naturales, este s\u00e9rum puede reducir eficazmente el aspecto de las manchas de la edad, las manchas, las arrugas y las l\u00edneas de expresi\u00f3n. Tambi\u00e9n cierra los poros y mejora la eficacia de los protectores solares y las lociones, proporcionando un brillo radiante y saludable.  <\/span><\/p>\n<p class=\"tw-data-text tw-text-large tw-ta\" dir=\"ltr\" data-placeholder=\"Translation\"><strong><span class=\"Y2IQFc\" lang=\"en\">SUPERALIMENTOS PARA SU PIEL SIN RESIDUOS GRASOS  <\/span><\/strong><\/p>\n<p class=\"tw-data-text tw-text-large tw-ta\" dir=\"ltr\" data-placeholder=\"Translation\"><span class=\"Y2IQFc\" lang=\"en\">Nuestro s\u00e9rum de alta calidad se siente muy bien en la piel, se absorbe r\u00e1pidamente y es perfecto para todo tipo de pieles.<\/span><\/p>\n<p class=\"tw-data-text tw-text-large tw-ta\" dir=\"ltr\" data-placeholder=\"Translation\">\n","protected":false},"excerpt":{"rendered":"<h4>Suero facial antienvejecimiento de acci\u00f3n r\u00e1pida y respetuoso con el medio ambiente para pieles maduras.<\/h4>\n","protected":false},"featured_media":4912,"template":"","meta":{"site-sidebar-layout":"default","site-content-layout":"default","ast-site-content-layout":"default","site-content-style":"default","site-sidebar-style":"default","ast-global-header-display":"","ast-banner-title-visibility":"","ast-main-header-display":"","ast-hfb-above-header-display":"","ast-hfb-below-header-display":"","ast-hfb-mobile-header-display":"","site-post-title":"","ast-breadcrumbs-content":"","ast-featured-img":"","footer-sml-layout":"","theme-transparent-header-meta":"default","adv-header-id-meta":"","stick-header-meta":"default","header-above-stick-meta":"","header-main-stick-meta":"","header-below-stick-meta":"","astra-migrate-meta-layouts":"default","ast-page-background-enabled":"default","ast-page-background-meta":{"desktop":{"background-color":"","background-image":"","background-repeat":"repeat","background-position":"center center","background-size":"auto","background-attachment":"scroll","background-type":"","background-media":"","overlay-type":"","overlay-color":"","overlay-opacity":"","overlay-gradient":""},"tablet":{"background-color":"","background-image":"","background-repeat":"repeat","background-position":"center center","background-size":"auto","background-attachment":"scroll","background-type":"","background-media":"","overlay-type":"","overlay-color":"","overlay-opacity":"","overlay-gradient":""},"mobile":{"background-color":"","background-image":"","background-repeat":"repeat","background-position":"center center","background-size":"auto","background-attachment":"scroll","background-type":"","background-media":"","overlay-type":"","overlay-color":"","overlay-opacity":"","overlay-gradient":""}},"ast-content-background-meta":{"desktop":{"background-color":"var(--ast-global-color-5)","background-image":"","background-repeat":"repeat","background-position":"center center","background-size":"auto","background-attachment":"scroll","background-type":"","background-media":"","overlay-type":"","overlay-color":"","overlay-opacity":"","overlay-gradient":""},"tablet":{"background-color":"var(--ast-global-color-5)","background-image":"","background-repeat":"repeat","background-position":"center center","background-size":"auto","background-attachment":"scroll","background-type":"","background-media":"","overlay-type":"","overlay-color":"","overlay-opacity":"","overlay-gradient":""},"mobile":{"background-color":"var(--ast-global-color-5)","background-image":"","background-repeat":"repeat","background-position":"center center","background-size":"auto","background-attachment":"scroll","background-type":"","background-media":"","overlay-type":"","overlay-color":"","overlay-opacity":"","overlay-gradient":""}}},"product_cat":[615,613],"product_tag":[],"class_list":{"0":"post-6747","1":"product","2":"type-product","3":"status-publish","4":"has-post-thumbnail","6":"product_cat-antienvejecimiento","7":"product_cat-belleza-natural","8":"has-subscription-plans","9":"desktop-align-left","10":"tablet-align-left","11":"mobile-align-left","13":"first","14":"outofstock","15":"taxable","16":"shipping-taxable","17":"purchasable","18":"product-type-simple"},"yoast_head":"<!-- This site is optimized with the Yoast SEO plugin v22.7 - https:\/\/yoast.com\/wordpress\/plugins\/seo\/ -->\n<title>Crema facial de suero de vitamina C con \u00e1cido hialur\u00f3nico (50ml) - JeaKen<\/title>\n<meta name=\"robots\" content=\"index, follow, max-snippet:-1, max-image-preview:large, max-video-preview:-1\" \/>\n<link rel=\"canonical\" href=\"https:\/\/jeaken.com\/es\/producto\/suero-a-la-vitamina-c-pour-le-visage-a-lacida-haluronique-serums-pour-le-visage-pour-peaux-matures-enrichis-de-vitamines-a-e-meilleur-serum-anti-age-pour-le-visage-que-le-serum-au-retinol-et-le\/\" \/>\n<meta property=\"og:locale\" content=\"es_ES\" \/>\n<meta property=\"og:type\" content=\"article\" \/>\n<meta property=\"og:title\" content=\"Crema facial de suero de vitamina C con \u00e1cido hialur\u00f3nico (50ml) - JeaKen\" \/>\n<meta property=\"og:description\" content=\"Suero facial antienvejecimiento de acci\u00f3n r\u00e1pida y respetuoso con el medio ambiente para pieles maduras.\" \/>\n<meta property=\"og:url\" content=\"https:\/\/jeaken.com\/es\/producto\/suero-a-la-vitamina-c-pour-le-visage-a-lacida-haluronique-serums-pour-le-visage-pour-peaux-matures-enrichis-de-vitamines-a-e-meilleur-serum-anti-age-pour-le-visage-que-le-serum-au-retinol-et-le\/\" \/>\n<meta property=\"og:site_name\" content=\"JeaKen\" \/>\n<meta property=\"article:modified_time\" content=\"2022-08-14T10:16:33+00:00\" \/>\n<meta property=\"og:image\" content=\"https:\/\/jeaken.com\/wp-content\/uploads\/2022\/07\/71IAOcJXCiL._AC_SL1500_.jpg\" \/>\n\t<meta property=\"og:image:width\" content=\"600\" \/>\n\t<meta property=\"og:image:height\" content=\"600\" \/>\n\t<meta property=\"og:image:type\" content=\"image\/jpeg\" \/>\n<meta name=\"twitter:card\" content=\"summary_large_image\" \/>\n<meta name=\"twitter:label1\" content=\"Est. reading time\" \/>\n\t<meta name=\"twitter:data1\" content=\"1 minute\" \/>\n<script type=\"application\/ld+json\" class=\"yoast-schema-graph\">{\"@context\":\"https:\/\/schema.org\",\"@graph\":[{\"@type\":\"WebPage\",\"@id\":\"https:\/\/jeaken.com\/es\/producto\/suero-a-la-vitamina-c-pour-le-visage-a-lacida-haluronique-serums-pour-le-visage-pour-peaux-matures-enrichis-de-vitamines-a-e-meilleur-serum-anti-age-pour-le-visage-que-le-serum-au-retinol-et-le\/\",\"url\":\"https:\/\/jeaken.com\/es\/producto\/suero-a-la-vitamina-c-pour-le-visage-a-lacida-haluronique-serums-pour-le-visage-pour-peaux-matures-enrichis-de-vitamines-a-e-meilleur-serum-anti-age-pour-le-visage-que-le-serum-au-retinol-et-le\/\",\"name\":\"Crema facial de suero de vitamina C con \u00e1cido hialur\u00f3nico (50ml) - JeaKen\",\"isPartOf\":{\"@id\":\"https:\/\/jeaken.com\/es\/#website\"},\"primaryImageOfPage\":{\"@id\":\"https:\/\/jeaken.com\/es\/producto\/suero-a-la-vitamina-c-pour-le-visage-a-lacida-haluronique-serums-pour-le-visage-pour-peaux-matures-enrichis-de-vitamines-a-e-meilleur-serum-anti-age-pour-le-visage-que-le-serum-au-retinol-et-le\/#primaryimage\"},\"image\":{\"@id\":\"https:\/\/jeaken.com\/es\/producto\/suero-a-la-vitamina-c-pour-le-visage-a-lacida-haluronique-serums-pour-le-visage-pour-peaux-matures-enrichis-de-vitamines-a-e-meilleur-serum-anti-age-pour-le-visage-que-le-serum-au-retinol-et-le\/#primaryimage\"},\"thumbnailUrl\":\"https:\/\/jeaken.com\/wp-content\/uploads\/2022\/07\/71IAOcJXCiL._AC_SL1500_.jpg\",\"datePublished\":\"2022-07-21T18:18:22+00:00\",\"dateModified\":\"2022-08-14T10:16:33+00:00\",\"breadcrumb\":{\"@id\":\"https:\/\/jeaken.com\/es\/producto\/suero-a-la-vitamina-c-pour-le-visage-a-lacida-haluronique-serums-pour-le-visage-pour-peaux-matures-enrichis-de-vitamines-a-e-meilleur-serum-anti-age-pour-le-visage-que-le-serum-au-retinol-et-le\/#breadcrumb\"},\"inLanguage\":\"es-ES\",\"potentialAction\":[{\"@type\":\"ReadAction\",\"target\":[\"https:\/\/jeaken.com\/es\/producto\/suero-a-la-vitamina-c-pour-le-visage-a-lacida-haluronique-serums-pour-le-visage-pour-peaux-matures-enrichis-de-vitamines-a-e-meilleur-serum-anti-age-pour-le-visage-que-le-serum-au-retinol-et-le\/\"]}]},{\"@type\":\"ImageObject\",\"inLanguage\":\"es-ES\",\"@id\":\"https:\/\/jeaken.com\/es\/producto\/suero-a-la-vitamina-c-pour-le-visage-a-lacida-haluronique-serums-pour-le-visage-pour-peaux-matures-enrichis-de-vitamines-a-e-meilleur-serum-anti-age-pour-le-visage-que-le-serum-au-retinol-et-le\/#primaryimage\",\"url\":\"https:\/\/jeaken.com\/wp-content\/uploads\/2022\/07\/71IAOcJXCiL._AC_SL1500_.jpg\",\"contentUrl\":\"https:\/\/jeaken.com\/wp-content\/uploads\/2022\/07\/71IAOcJXCiL._AC_SL1500_.jpg\",\"width\":600,\"height\":600,\"caption\":\"Vitamin C Serum Face Cream\"},{\"@type\":\"BreadcrumbList\",\"@id\":\"https:\/\/jeaken.com\/es\/producto\/suero-a-la-vitamina-c-pour-le-visage-a-lacida-haluronique-serums-pour-le-visage-pour-peaux-matures-enrichis-de-vitamines-a-e-meilleur-serum-anti-age-pour-le-visage-que-le-serum-au-retinol-et-le\/#breadcrumb\",\"itemListElement\":[{\"@type\":\"ListItem\",\"position\":1,\"name\":\"Home\",\"item\":\"https:\/\/jeaken.com\/es\/\"},{\"@type\":\"ListItem\",\"position\":2,\"name\":\"Private: Shop\",\"item\":\"https:\/\/jeaken.com\/shop\/\"},{\"@type\":\"ListItem\",\"position\":3,\"name\":\"Crema facial de suero de vitamina C con \u00e1cido hialur\u00f3nico (50ml)\"}]},{\"@type\":\"WebSite\",\"@id\":\"https:\/\/jeaken.com\/es\/#website\",\"url\":\"https:\/\/jeaken.com\/es\/\",\"name\":\"JeaKen\",\"description\":\"Organic Supplements for Health, Fitness and Nutrition\",\"publisher\":{\"@id\":\"https:\/\/jeaken.com\/es\/#organization\"},\"potentialAction\":[{\"@type\":\"SearchAction\",\"target\":{\"@type\":\"EntryPoint\",\"urlTemplate\":\"https:\/\/jeaken.com\/es\/?s={search_term_string}\"},\"query-input\":\"required name=search_term_string\"}],\"inLanguage\":\"es-ES\"},{\"@type\":\"Organization\",\"@id\":\"https:\/\/jeaken.com\/es\/#organization\",\"name\":\"JeaKen\",\"url\":\"https:\/\/jeaken.com\/es\/\",\"logo\":{\"@type\":\"ImageObject\",\"inLanguage\":\"es-ES\",\"@id\":\"https:\/\/jeaken.com\/es\/#\/schema\/logo\/image\/\",\"url\":\"https:\/\/jeaken.com\/wp-content\/uploads\/2022\/06\/jeaken-logo-23.png\",\"contentUrl\":\"https:\/\/jeaken.com\/wp-content\/uploads\/2022\/06\/jeaken-logo-23.png\",\"width\":2486,\"height\":736,\"caption\":\"JeaKen\"},\"image\":{\"@id\":\"https:\/\/jeaken.com\/es\/#\/schema\/logo\/image\/\"}}]}<\/script>\n<!-- \/ Yoast SEO plugin. -->","yoast_head_json":{"title":"Crema facial de suero de vitamina C con \u00e1cido hialur\u00f3nico (50ml) - JeaKen","robots":{"index":"index","follow":"follow","max-snippet":"max-snippet:-1","max-image-preview":"max-image-preview:large","max-video-preview":"max-video-preview:-1"},"canonical":"https:\/\/jeaken.com\/es\/producto\/suero-a-la-vitamina-c-pour-le-visage-a-lacida-haluronique-serums-pour-le-visage-pour-peaux-matures-enrichis-de-vitamines-a-e-meilleur-serum-anti-age-pour-le-visage-que-le-serum-au-retinol-et-le\/","og_locale":"es_ES","og_type":"article","og_title":"Crema facial de suero de vitamina C con \u00e1cido hialur\u00f3nico (50ml) - JeaKen","og_description":"Suero facial antienvejecimiento de acci\u00f3n r\u00e1pida y respetuoso con el medio ambiente para pieles maduras.","og_url":"https:\/\/jeaken.com\/es\/producto\/suero-a-la-vitamina-c-pour-le-visage-a-lacida-haluronique-serums-pour-le-visage-pour-peaux-matures-enrichis-de-vitamines-a-e-meilleur-serum-anti-age-pour-le-visage-que-le-serum-au-retinol-et-le\/","og_site_name":"JeaKen","article_modified_time":"2022-08-14T10:16:33+00:00","og_image":[{"width":600,"height":600,"url":"https:\/\/jeaken.com\/wp-content\/uploads\/2022\/07\/71IAOcJXCiL._AC_SL1500_.jpg","type":"image\/jpeg"}],"twitter_card":"summary_large_image","twitter_misc":{"Est. reading time":"1 minute"},"schema":{"@context":"https:\/\/schema.org","@graph":[{"@type":"WebPage","@id":"https:\/\/jeaken.com\/es\/producto\/suero-a-la-vitamina-c-pour-le-visage-a-lacida-haluronique-serums-pour-le-visage-pour-peaux-matures-enrichis-de-vitamines-a-e-meilleur-serum-anti-age-pour-le-visage-que-le-serum-au-retinol-et-le\/","url":"https:\/\/jeaken.com\/es\/producto\/suero-a-la-vitamina-c-pour-le-visage-a-lacida-haluronique-serums-pour-le-visage-pour-peaux-matures-enrichis-de-vitamines-a-e-meilleur-serum-anti-age-pour-le-visage-que-le-serum-au-retinol-et-le\/","name":"Crema facial de suero de vitamina C con \u00e1cido hialur\u00f3nico (50ml) - JeaKen","isPartOf":{"@id":"https:\/\/jeaken.com\/es\/#website"},"primaryImageOfPage":{"@id":"https:\/\/jeaken.com\/es\/producto\/suero-a-la-vitamina-c-pour-le-visage-a-lacida-haluronique-serums-pour-le-visage-pour-peaux-matures-enrichis-de-vitamines-a-e-meilleur-serum-anti-age-pour-le-visage-que-le-serum-au-retinol-et-le\/#primaryimage"},"image":{"@id":"https:\/\/jeaken.com\/es\/producto\/suero-a-la-vitamina-c-pour-le-visage-a-lacida-haluronique-serums-pour-le-visage-pour-peaux-matures-enrichis-de-vitamines-a-e-meilleur-serum-anti-age-pour-le-visage-que-le-serum-au-retinol-et-le\/#primaryimage"},"thumbnailUrl":"https:\/\/jeaken.com\/wp-content\/uploads\/2022\/07\/71IAOcJXCiL._AC_SL1500_.jpg","datePublished":"2022-07-21T18:18:22+00:00","dateModified":"2022-08-14T10:16:33+00:00","breadcrumb":{"@id":"https:\/\/jeaken.com\/es\/producto\/suero-a-la-vitamina-c-pour-le-visage-a-lacida-haluronique-serums-pour-le-visage-pour-peaux-matures-enrichis-de-vitamines-a-e-meilleur-serum-anti-age-pour-le-visage-que-le-serum-au-retinol-et-le\/#breadcrumb"},"inLanguage":"es-ES","potentialAction":[{"@type":"ReadAction","target":["https:\/\/jeaken.com\/es\/producto\/suero-a-la-vitamina-c-pour-le-visage-a-lacida-haluronique-serums-pour-le-visage-pour-peaux-matures-enrichis-de-vitamines-a-e-meilleur-serum-anti-age-pour-le-visage-que-le-serum-au-retinol-et-le\/"]}]},{"@type":"ImageObject","inLanguage":"es-ES","@id":"https:\/\/jeaken.com\/es\/producto\/suero-a-la-vitamina-c-pour-le-visage-a-lacida-haluronique-serums-pour-le-visage-pour-peaux-matures-enrichis-de-vitamines-a-e-meilleur-serum-anti-age-pour-le-visage-que-le-serum-au-retinol-et-le\/#primaryimage","url":"https:\/\/jeaken.com\/wp-content\/uploads\/2022\/07\/71IAOcJXCiL._AC_SL1500_.jpg","contentUrl":"https:\/\/jeaken.com\/wp-content\/uploads\/2022\/07\/71IAOcJXCiL._AC_SL1500_.jpg","width":600,"height":600,"caption":"Vitamin C Serum Face Cream"},{"@type":"BreadcrumbList","@id":"https:\/\/jeaken.com\/es\/producto\/suero-a-la-vitamina-c-pour-le-visage-a-lacida-haluronique-serums-pour-le-visage-pour-peaux-matures-enrichis-de-vitamines-a-e-meilleur-serum-anti-age-pour-le-visage-que-le-serum-au-retinol-et-le\/#breadcrumb","itemListElement":[{"@type":"ListItem","position":1,"name":"Home","item":"https:\/\/jeaken.com\/es\/"},{"@type":"ListItem","position":2,"name":"Private: Shop","item":"https:\/\/jeaken.com\/shop\/"},{"@type":"ListItem","position":3,"name":"Crema facial de suero de vitamina C con \u00e1cido hialur\u00f3nico (50ml)"}]},{"@type":"WebSite","@id":"https:\/\/jeaken.com\/es\/#website","url":"https:\/\/jeaken.com\/es\/","name":"JeaKen","description":"Organic Supplements for Health, Fitness and Nutrition","publisher":{"@id":"https:\/\/jeaken.com\/es\/#organization"},"potentialAction":[{"@type":"SearchAction","target":{"@type":"EntryPoint","urlTemplate":"https:\/\/jeaken.com\/es\/?s={search_term_string}"},"query-input":"required name=search_term_string"}],"inLanguage":"es-ES"},{"@type":"Organization","@id":"https:\/\/jeaken.com\/es\/#organization","name":"JeaKen","url":"https:\/\/jeaken.com\/es\/","logo":{"@type":"ImageObject","inLanguage":"es-ES","@id":"https:\/\/jeaken.com\/es\/#\/schema\/logo\/image\/","url":"https:\/\/jeaken.com\/wp-content\/uploads\/2022\/06\/jeaken-logo-23.png","contentUrl":"https:\/\/jeaken.com\/wp-content\/uploads\/2022\/06\/jeaken-logo-23.png","width":2486,"height":736,"caption":"JeaKen"},"image":{"@id":"https:\/\/jeaken.com\/es\/#\/schema\/logo\/image\/"}}]}},"jetpack_sharing_enabled":true,"_links":{"self":[{"href":"https:\/\/jeaken.com\/es\/wp-json\/wp\/v2\/product\/6747","targetHints":{"allow":["GET"]}}],"collection":[{"href":"https:\/\/jeaken.com\/es\/wp-json\/wp\/v2\/product"}],"about":[{"href":"https:\/\/jeaken.com\/es\/wp-json\/wp\/v2\/types\/product"}],"wp:featuredmedia":[{"embeddable":true,"href":"https:\/\/jeaken.com\/es\/wp-json\/wp\/v2\/media\/4912"}],"wp:attachment":[{"href":"https:\/\/jeaken.com\/es\/wp-json\/wp\/v2\/media?parent=6747"}],"wp:term":[{"taxonomy":"product_cat","embeddable":true,"href":"https:\/\/jeaken.com\/es\/wp-json\/wp\/v2\/product_cat?post=6747"},{"taxonomy":"product_tag","embeddable":true,"href":"https:\/\/jeaken.com\/es\/wp-json\/wp\/v2\/product_tag?post=6747"}],"curies":[{"name":"wp","href":"https:\/\/api.w.org\/{rel}","templated":true}]}}