{"id":6738,"date":"2022-07-21T19:18:22","date_gmt":"2022-07-21T18:18:22","guid":{"rendered":"https:\/1658920591610?product=complejo-vitaminico-b-de-alta-potencia-365-comprimidos"},"modified":"2022-08-09T13:28:39","modified_gmt":"2022-08-09T12:28:39","slug":"complejo-vitaminico-b-de-alta-potencia-365-comprimidos","status":"publish","type":"product","link":"https:\/\/jeaken.com\/es\/producto\/complejo-vitaminico-b-de-alta-potencia-365-comprimidos\/","title":{"rendered":"Complejo vitam\u00ednico B de alta potencia (365 comprimidos)"},"content":{"rendered":"<p><strong><span class=\"a-list-item\">AUMENTA LA ENERG\u00cdA  <\/span><\/strong><\/p>\n<p><span class=\"a-list-item\">La familia de las vitaminas B incluye los suplementos comunes vitamina B12, biotina y \u00e1cido f\u00f3lico. Las vitaminas del grupo B intervienen en el metabolismo energ\u00e9tico convirtiendo los alimentos en energ\u00eda y favoreciendo la salud del coraz\u00f3n y del sistema nervioso.<\/span><\/p>\n<p><strong><span class=\"a-list-item\">APOYA A SU CUERPO  <\/span><\/strong><\/p>\n<p><span class=\"a-list-item\">  El complejo vitam\u00ednico B contribuye al mantenimiento del cabello, la piel y los huesos en condiciones normales. Tambi\u00e9n aumenta la absorci\u00f3n de calcio, reduce la fatiga, normaliza el metabolismo energ\u00e9tico y favorece el funcionamiento de los gl\u00f3bulos rojos y del sistema inmunitario.<\/span><\/p>\n<p><strong><span class=\"a-list-item\">F\u00c1CIL DE TOMAR  <\/span><\/strong><\/p>\n<p><span class=\"a-list-item\">Este suplemento contiene las 8 vitaminas del grupo B, incluidas la biotina y el \u00e1cido f\u00f3lico. Con s\u00f3lo tomar un comprimido al d\u00eda, f\u00e1cil de tragar, se puede conseguir un equilibrio saludable de vitamina B.<\/span><\/p>\n","protected":false},"excerpt":{"rendered":"<h4>Proporciona todas las vitaminas B diarias que su cuerpo necesita para una salud y bienestar \u00f3ptimos.<\/h4>\n","protected":false},"featured_media":15673,"template":"","meta":{"site-sidebar-layout":"default","site-content-layout":"default","ast-site-content-layout":"default","site-content-style":"default","site-sidebar-style":"default","ast-global-header-display":"","ast-banner-title-visibility":"","ast-main-header-display":"","ast-hfb-above-header-display":"","ast-hfb-below-header-display":"","ast-hfb-mobile-header-display":"","site-post-title":"","ast-breadcrumbs-content":"","ast-featured-img":"","footer-sml-layout":"","theme-transparent-header-meta":"default","adv-header-id-meta":"","stick-header-meta":"default","header-above-stick-meta":"","header-main-stick-meta":"","header-below-stick-meta":"","astra-migrate-meta-layouts":"default","ast-page-background-enabled":"default","ast-page-background-meta":{"desktop":{"background-color":"","background-image":"","background-repeat":"repeat","background-position":"center center","background-size":"auto","background-attachment":"scroll","background-type":"","background-media":"","overlay-type":"","overlay-color":"","overlay-opacity":"","overlay-gradient":""},"tablet":{"background-color":"","background-image":"","background-repeat":"repeat","background-position":"center center","background-size":"auto","background-attachment":"scroll","background-type":"","background-media":"","overlay-type":"","overlay-color":"","overlay-opacity":"","overlay-gradient":""},"mobile":{"background-color":"","background-image":"","background-repeat":"repeat","background-position":"center center","background-size":"auto","background-attachment":"scroll","background-type":"","background-media":"","overlay-type":"","overlay-color":"","overlay-opacity":"","overlay-gradient":""}},"ast-content-background-meta":{"desktop":{"background-color":"var(--ast-global-color-5)","background-image":"","background-repeat":"repeat","background-position":"center center","background-size":"auto","background-attachment":"scroll","background-type":"","background-media":"","overlay-type":"","overlay-color":"","overlay-opacity":"","overlay-gradient":""},"tablet":{"background-color":"var(--ast-global-color-5)","background-image":"","background-repeat":"repeat","background-position":"center center","background-size":"auto","background-attachment":"scroll","background-type":"","background-media":"","overlay-type":"","overlay-color":"","overlay-opacity":"","overlay-gradient":""},"mobile":{"background-color":"var(--ast-global-color-5)","background-image":"","background-repeat":"repeat","background-position":"center center","background-size":"auto","background-attachment":"scroll","background-type":"","background-media":"","overlay-type":"","overlay-color":"","overlay-opacity":"","overlay-gradient":""}}},"product_cat":[592,591,587],"product_tag":[],"class_list":{"0":"post-6738","1":"product","2":"type-product","3":"status-publish","4":"has-post-thumbnail","6":"product_cat-fatiga","7":"product_cat-nutricion-deportiva","8":"product_cat-vitaminas-y-minerales","9":"has-subscription-plans","10":"desktop-align-left","11":"tablet-align-left","12":"mobile-align-left","14":"first","15":"instock","16":"taxable","17":"shipping-taxable","18":"purchasable","19":"product-type-simple"},"yoast_head":"<!-- This site is optimized with the Yoast SEO plugin v22.7 - https:\/\/yoast.com\/wordpress\/plugins\/seo\/ -->\n<title>Complejo vitam\u00ednico B de alta potencia (365 comprimidos) - JeaKen<\/title>\n<meta name=\"robots\" content=\"index, follow, max-snippet:-1, max-image-preview:large, max-video-preview:-1\" \/>\n<link rel=\"canonical\" href=\"https:\/\/jeaken.com\/es\/producto\/complejo-vitaminico-b-de-alta-potencia-365-comprimidos\/\" \/>\n<meta property=\"og:locale\" content=\"es_ES\" \/>\n<meta property=\"og:type\" content=\"article\" \/>\n<meta property=\"og:title\" content=\"Complejo vitam\u00ednico B de alta potencia (365 comprimidos) - JeaKen\" \/>\n<meta property=\"og:description\" content=\"Proporciona todas las vitaminas B diarias que su cuerpo necesita para una salud y bienestar \u00f3ptimos.\" \/>\n<meta property=\"og:url\" content=\"https:\/\/jeaken.com\/es\/producto\/complejo-vitaminico-b-de-alta-potencia-365-comprimidos\/\" \/>\n<meta property=\"og:site_name\" content=\"JeaKen\" \/>\n<meta property=\"article:modified_time\" content=\"2022-08-09T12:28:39+00:00\" \/>\n<meta property=\"og:image\" content=\"https:\/\/jeaken.com\/wp-content\/uploads\/2022\/07\/Vitamin-B-Complex.jpg\" \/>\n\t<meta property=\"og:image:width\" content=\"512\" \/>\n\t<meta property=\"og:image:height\" content=\"600\" \/>\n\t<meta property=\"og:image:type\" content=\"image\/jpeg\" \/>\n<meta name=\"twitter:card\" content=\"summary_large_image\" \/>\n<meta name=\"twitter:label1\" content=\"Est. reading time\" \/>\n\t<meta name=\"twitter:data1\" content=\"1 minute\" \/>\n<script type=\"application\/ld+json\" class=\"yoast-schema-graph\">{\"@context\":\"https:\/\/schema.org\",\"@graph\":[{\"@type\":\"WebPage\",\"@id\":\"https:\/\/jeaken.com\/es\/producto\/complejo-vitaminico-b-de-alta-potencia-365-comprimidos\/\",\"url\":\"https:\/\/jeaken.com\/es\/producto\/complejo-vitaminico-b-de-alta-potencia-365-comprimidos\/\",\"name\":\"Complejo vitam\u00ednico B de alta potencia (365 comprimidos) - JeaKen\",\"isPartOf\":{\"@id\":\"https:\/\/jeaken.com\/es\/#website\"},\"primaryImageOfPage\":{\"@id\":\"https:\/\/jeaken.com\/es\/producto\/complejo-vitaminico-b-de-alta-potencia-365-comprimidos\/#primaryimage\"},\"image\":{\"@id\":\"https:\/\/jeaken.com\/es\/producto\/complejo-vitaminico-b-de-alta-potencia-365-comprimidos\/#primaryimage\"},\"thumbnailUrl\":\"https:\/\/jeaken.com\/wp-content\/uploads\/2022\/07\/Vitamin-B-Complex.jpg\",\"datePublished\":\"2022-07-21T18:18:22+00:00\",\"dateModified\":\"2022-08-09T12:28:39+00:00\",\"breadcrumb\":{\"@id\":\"https:\/\/jeaken.com\/es\/producto\/complejo-vitaminico-b-de-alta-potencia-365-comprimidos\/#breadcrumb\"},\"inLanguage\":\"es-ES\",\"potentialAction\":[{\"@type\":\"ReadAction\",\"target\":[\"https:\/\/jeaken.com\/es\/producto\/complejo-vitaminico-b-de-alta-potencia-365-comprimidos\/\"]}]},{\"@type\":\"ImageObject\",\"inLanguage\":\"es-ES\",\"@id\":\"https:\/\/jeaken.com\/es\/producto\/complejo-vitaminico-b-de-alta-potencia-365-comprimidos\/#primaryimage\",\"url\":\"https:\/\/jeaken.com\/wp-content\/uploads\/2022\/07\/Vitamin-B-Complex.jpg\",\"contentUrl\":\"https:\/\/jeaken.com\/wp-content\/uploads\/2022\/07\/Vitamin-B-Complex.jpg\",\"width\":512,\"height\":600,\"caption\":\"High-Strength Vitamin B-Complex (365 Tablets)\"},{\"@type\":\"BreadcrumbList\",\"@id\":\"https:\/\/jeaken.com\/es\/producto\/complejo-vitaminico-b-de-alta-potencia-365-comprimidos\/#breadcrumb\",\"itemListElement\":[{\"@type\":\"ListItem\",\"position\":1,\"name\":\"Home\",\"item\":\"https:\/\/jeaken.com\/es\/\"},{\"@type\":\"ListItem\",\"position\":2,\"name\":\"Private: Shop\",\"item\":\"https:\/\/jeaken.com\/shop\/\"},{\"@type\":\"ListItem\",\"position\":3,\"name\":\"Complejo vitam\u00ednico B de alta potencia (365 comprimidos)\"}]},{\"@type\":\"WebSite\",\"@id\":\"https:\/\/jeaken.com\/es\/#website\",\"url\":\"https:\/\/jeaken.com\/es\/\",\"name\":\"JeaKen\",\"description\":\"Organic Supplements for Health, Fitness and Nutrition\",\"publisher\":{\"@id\":\"https:\/\/jeaken.com\/es\/#organization\"},\"potentialAction\":[{\"@type\":\"SearchAction\",\"target\":{\"@type\":\"EntryPoint\",\"urlTemplate\":\"https:\/\/jeaken.com\/es\/?s={search_term_string}\"},\"query-input\":\"required name=search_term_string\"}],\"inLanguage\":\"es-ES\"},{\"@type\":\"Organization\",\"@id\":\"https:\/\/jeaken.com\/es\/#organization\",\"name\":\"JeaKen\",\"url\":\"https:\/\/jeaken.com\/es\/\",\"logo\":{\"@type\":\"ImageObject\",\"inLanguage\":\"es-ES\",\"@id\":\"https:\/\/jeaken.com\/es\/#\/schema\/logo\/image\/\",\"url\":\"https:\/\/jeaken.com\/wp-content\/uploads\/2022\/06\/jeaken-logo-23.png\",\"contentUrl\":\"https:\/\/jeaken.com\/wp-content\/uploads\/2022\/06\/jeaken-logo-23.png\",\"width\":2486,\"height\":736,\"caption\":\"JeaKen\"},\"image\":{\"@id\":\"https:\/\/jeaken.com\/es\/#\/schema\/logo\/image\/\"}}]}<\/script>\n<!-- \/ Yoast SEO plugin. -->","yoast_head_json":{"title":"Complejo vitam\u00ednico B de alta potencia (365 comprimidos) - JeaKen","robots":{"index":"index","follow":"follow","max-snippet":"max-snippet:-1","max-image-preview":"max-image-preview:large","max-video-preview":"max-video-preview:-1"},"canonical":"https:\/\/jeaken.com\/es\/producto\/complejo-vitaminico-b-de-alta-potencia-365-comprimidos\/","og_locale":"es_ES","og_type":"article","og_title":"Complejo vitam\u00ednico B de alta potencia (365 comprimidos) - JeaKen","og_description":"Proporciona todas las vitaminas B diarias que su cuerpo necesita para una salud y bienestar \u00f3ptimos.","og_url":"https:\/\/jeaken.com\/es\/producto\/complejo-vitaminico-b-de-alta-potencia-365-comprimidos\/","og_site_name":"JeaKen","article_modified_time":"2022-08-09T12:28:39+00:00","og_image":[{"width":512,"height":600,"url":"https:\/\/jeaken.com\/wp-content\/uploads\/2022\/07\/Vitamin-B-Complex.jpg","type":"image\/jpeg"}],"twitter_card":"summary_large_image","twitter_misc":{"Est. reading time":"1 minute"},"schema":{"@context":"https:\/\/schema.org","@graph":[{"@type":"WebPage","@id":"https:\/\/jeaken.com\/es\/producto\/complejo-vitaminico-b-de-alta-potencia-365-comprimidos\/","url":"https:\/\/jeaken.com\/es\/producto\/complejo-vitaminico-b-de-alta-potencia-365-comprimidos\/","name":"Complejo vitam\u00ednico B de alta potencia (365 comprimidos) - JeaKen","isPartOf":{"@id":"https:\/\/jeaken.com\/es\/#website"},"primaryImageOfPage":{"@id":"https:\/\/jeaken.com\/es\/producto\/complejo-vitaminico-b-de-alta-potencia-365-comprimidos\/#primaryimage"},"image":{"@id":"https:\/\/jeaken.com\/es\/producto\/complejo-vitaminico-b-de-alta-potencia-365-comprimidos\/#primaryimage"},"thumbnailUrl":"https:\/\/jeaken.com\/wp-content\/uploads\/2022\/07\/Vitamin-B-Complex.jpg","datePublished":"2022-07-21T18:18:22+00:00","dateModified":"2022-08-09T12:28:39+00:00","breadcrumb":{"@id":"https:\/\/jeaken.com\/es\/producto\/complejo-vitaminico-b-de-alta-potencia-365-comprimidos\/#breadcrumb"},"inLanguage":"es-ES","potentialAction":[{"@type":"ReadAction","target":["https:\/\/jeaken.com\/es\/producto\/complejo-vitaminico-b-de-alta-potencia-365-comprimidos\/"]}]},{"@type":"ImageObject","inLanguage":"es-ES","@id":"https:\/\/jeaken.com\/es\/producto\/complejo-vitaminico-b-de-alta-potencia-365-comprimidos\/#primaryimage","url":"https:\/\/jeaken.com\/wp-content\/uploads\/2022\/07\/Vitamin-B-Complex.jpg","contentUrl":"https:\/\/jeaken.com\/wp-content\/uploads\/2022\/07\/Vitamin-B-Complex.jpg","width":512,"height":600,"caption":"High-Strength Vitamin B-Complex (365 Tablets)"},{"@type":"BreadcrumbList","@id":"https:\/\/jeaken.com\/es\/producto\/complejo-vitaminico-b-de-alta-potencia-365-comprimidos\/#breadcrumb","itemListElement":[{"@type":"ListItem","position":1,"name":"Home","item":"https:\/\/jeaken.com\/es\/"},{"@type":"ListItem","position":2,"name":"Private: Shop","item":"https:\/\/jeaken.com\/shop\/"},{"@type":"ListItem","position":3,"name":"Complejo vitam\u00ednico B de alta potencia (365 comprimidos)"}]},{"@type":"WebSite","@id":"https:\/\/jeaken.com\/es\/#website","url":"https:\/\/jeaken.com\/es\/","name":"JeaKen","description":"Organic Supplements for Health, Fitness and Nutrition","publisher":{"@id":"https:\/\/jeaken.com\/es\/#organization"},"potentialAction":[{"@type":"SearchAction","target":{"@type":"EntryPoint","urlTemplate":"https:\/\/jeaken.com\/es\/?s={search_term_string}"},"query-input":"required name=search_term_string"}],"inLanguage":"es-ES"},{"@type":"Organization","@id":"https:\/\/jeaken.com\/es\/#organization","name":"JeaKen","url":"https:\/\/jeaken.com\/es\/","logo":{"@type":"ImageObject","inLanguage":"es-ES","@id":"https:\/\/jeaken.com\/es\/#\/schema\/logo\/image\/","url":"https:\/\/jeaken.com\/wp-content\/uploads\/2022\/06\/jeaken-logo-23.png","contentUrl":"https:\/\/jeaken.com\/wp-content\/uploads\/2022\/06\/jeaken-logo-23.png","width":2486,"height":736,"caption":"JeaKen"},"image":{"@id":"https:\/\/jeaken.com\/es\/#\/schema\/logo\/image\/"}}]}},"jetpack_sharing_enabled":true,"_links":{"self":[{"href":"https:\/\/jeaken.com\/es\/wp-json\/wp\/v2\/product\/6738","targetHints":{"allow":["GET"]}}],"collection":[{"href":"https:\/\/jeaken.com\/es\/wp-json\/wp\/v2\/product"}],"about":[{"href":"https:\/\/jeaken.com\/es\/wp-json\/wp\/v2\/types\/product"}],"wp:featuredmedia":[{"embeddable":true,"href":"https:\/\/jeaken.com\/es\/wp-json\/wp\/v2\/media\/15673"}],"wp:attachment":[{"href":"https:\/\/jeaken.com\/es\/wp-json\/wp\/v2\/media?parent=6738"}],"wp:term":[{"taxonomy":"product_cat","embeddable":true,"href":"https:\/\/jeaken.com\/es\/wp-json\/wp\/v2\/product_cat?post=6738"},{"taxonomy":"product_tag","embeddable":true,"href":"https:\/\/jeaken.com\/es\/wp-json\/wp\/v2\/product_tag?post=6738"}],"curies":[{"name":"wp","href":"https:\/\/api.w.org\/{rel}","templated":true}]}}