{"id":6730,"date":"2022-07-21T19:18:22","date_gmt":"2022-07-21T18:18:22","guid":{"rendered":"https:\/1658920591610?product=capsulas-de-seta-de-melena-de-leon-suplemento-nootropico-para-mejorar-la-funcion-cognitiva-y-del-sistema-inmunitario-5000mg"},"modified":"2022-09-08T13:46:33","modified_gmt":"2022-09-08T12:46:33","slug":"capsulas-de-hongos-de-leon","status":"publish","type":"product","link":"https:\/\/jeaken.com\/es\/producto\/capsulas-de-hongos-de-leon\/","title":{"rendered":"C\u00e1psulas de seta de melena de le\u00f3n &#8211; Suplemento nootr\u00f3pico para mejorar la funci\u00f3n cognitiva y del sistema inmunitario. 5000mg."},"content":{"rendered":"<p><strong><span class=\"a-list-item a-size-base\">APOYA LA FUNCI\u00d3N COGNITIVA  <\/span><\/strong><\/p>\n<p><span class=\"a-list-item a-size-base\">  La Melena de Le\u00f3n proporciona un refuerzo cerebral probado, por lo que es un suplemento popular para aquellos que trabajan o estudian. Adem\u00e1s de potenciar la memoria, nuestras c\u00e1psulas pueden ayudar a despejar la niebla mental y proporcionar apoyo al sistema cerebral y nervioso.<\/span><\/p>\n<p><strong style=\"font-size: 16px;\"><br \/>\nFAVORECE LA SALUD DE LAS ARTICULACIONES<\/strong><\/p>\n<p><span style=\"font-size: 16px;\">Nuestras c\u00e1psulas, de eficacia probada, favorecen la salud de las articulaciones y refuerzan el sistema inmunitario.<\/span><\/p>\n<p>&nbsp;<\/p>\n<p><strong>MEJORA LA SALUD ESPIRITUAL<\/strong><\/p>\n<p>El extracto de Reishi es conocido por ayudar en las afecciones respiratorias cr\u00f3nicas.<\/p>\n<p>&nbsp;<\/p>\n<p><strong>REGULA LAS HORMONAS<\/strong><\/p>\n<p>Nuestras c\u00e1psulas son muy eficaces para ayudar a regular las hormonas. El equilibrio hormonal es clave para regular la funci\u00f3n sensual, la regulaci\u00f3n del estado de \u00e1nimo y mucho m\u00e1s.<\/p>\n<p>&nbsp;<\/p>\n<p><strong>EXTRACTO DE HONGOS 10:1<\/strong><\/p>\n<p>Las setas tienen una dura pared celular compuesta de quitina que a los humanos les cuesta digerir. Esta pared celular limita nuestro acceso a los importantes compuestos medicinales que dan a las setas sus maravillosos beneficios.<\/p>\n<p>&nbsp;<\/p>\n<p><strong>RELLENOS DE GRANO CERO<\/strong><\/p>\n<p>Muchos productos de hongos medicinales no contienen realmente ning\u00fan hongo. Se fabrican a partir del sistema de ra\u00edces del hongo, llamado micelio, y este micelio se cultiva en granos como el arroz, la avena y el sorgo.<\/p>\n<p>&nbsp;<\/p>\n<p><strong>APOYA LA FUNCI\u00d3N COGNITIVA  <\/strong><\/p>\n<p><span style=\"font-weight: 400;\">La melena de le\u00f3n es un refuerzo cognitivo probado que es eficaz para despejar la niebla mental y proporcionar apoyo cerebral y del sistema nervioso.<\/span><\/p>\n<p>&nbsp;<\/p>\n<p><strong>REFUERZA EL SISTEMA INMUNITARIO  <\/strong><\/p>\n<p><span style=\"font-weight: 400;\">Se cree que el hongo melena de le\u00f3n mejora la funci\u00f3n inmunitaria y fomenta el crecimiento de bacterias buenas en el intestino.<\/span><\/p>\n<p>&nbsp;<\/p>\n<p><strong>AYUDA A EQUILIBRAR NATURALMENTE EL ESTADO DE \u00c1NIMO  <\/strong><\/p>\n<p><span style=\"font-weight: 400;\">Las investigaciones indican que el hongo Melena de Le\u00f3n puede ayudar a promover un estado de \u00e1nimo tranquilo y relajado. Tambi\u00e9n tiene propiedades regeneradoras de los nervios que pueden contribuir a la buena salud del coraz\u00f3n.  <\/span><\/p>\n<p>&nbsp;<\/p>\n","protected":false},"excerpt":{"rendered":"<h4><strong>Suplemento cognitivo eficaz para mejorar el enfoque y la concentraci\u00f3n.  <\/strong><\/h4>\n","protected":false},"featured_media":16170,"template":"","meta":{"site-sidebar-layout":"default","site-content-layout":"default","ast-site-content-layout":"default","site-content-style":"default","site-sidebar-style":"default","ast-global-header-display":"","ast-banner-title-visibility":"","ast-main-header-display":"","ast-hfb-above-header-display":"","ast-hfb-below-header-display":"","ast-hfb-mobile-header-display":"","site-post-title":"","ast-breadcrumbs-content":"","ast-featured-img":"","footer-sml-layout":"","theme-transparent-header-meta":"default","adv-header-id-meta":"","stick-header-meta":"default","header-above-stick-meta":"","header-main-stick-meta":"","header-below-stick-meta":"","astra-migrate-meta-layouts":"default","ast-page-background-enabled":"default","ast-page-background-meta":{"desktop":{"background-color":"","background-image":"","background-repeat":"repeat","background-position":"center center","background-size":"auto","background-attachment":"scroll","background-type":"","background-media":"","overlay-type":"","overlay-color":"","overlay-opacity":"","overlay-gradient":""},"tablet":{"background-color":"","background-image":"","background-repeat":"repeat","background-position":"center center","background-size":"auto","background-attachment":"scroll","background-type":"","background-media":"","overlay-type":"","overlay-color":"","overlay-opacity":"","overlay-gradient":""},"mobile":{"background-color":"","background-image":"","background-repeat":"repeat","background-position":"center center","background-size":"auto","background-attachment":"scroll","background-type":"","background-media":"","overlay-type":"","overlay-color":"","overlay-opacity":"","overlay-gradient":""}},"ast-content-background-meta":{"desktop":{"background-color":"var(--ast-global-color-5)","background-image":"","background-repeat":"repeat","background-position":"center center","background-size":"auto","background-attachment":"scroll","background-type":"","background-media":"","overlay-type":"","overlay-color":"","overlay-opacity":"","overlay-gradient":""},"tablet":{"background-color":"var(--ast-global-color-5)","background-image":"","background-repeat":"repeat","background-position":"center center","background-size":"auto","background-attachment":"scroll","background-type":"","background-media":"","overlay-type":"","overlay-color":"","overlay-opacity":"","overlay-gradient":""},"mobile":{"background-color":"var(--ast-global-color-5)","background-image":"","background-repeat":"repeat","background-position":"center center","background-size":"auto","background-attachment":"scroll","background-type":"","background-media":"","overlay-type":"","overlay-color":"","overlay-opacity":"","overlay-gradient":""}}},"product_cat":[574,571,573,572],"product_tag":[],"class_list":{"0":"post-6730","1":"product","2":"type-product","3":"status-publish","4":"has-post-thumbnail","6":"product_cat-complementos-alimenticios","7":"product_cat-estado-de-animo-y-bienestar","8":"product_cat-potenciadores-del-cerebro","9":"product_cat-salud-inmunologica","10":"has-subscription-plans","11":"desktop-align-left","12":"tablet-align-left","13":"mobile-align-left","15":"first","16":"instock","17":"sale","18":"taxable","19":"shipping-taxable","20":"purchasable","21":"product-type-simple"},"yoast_head":"<!-- This site is optimized with the Yoast SEO plugin v22.7 - https:\/\/yoast.com\/wordpress\/plugins\/seo\/ -->\n<title>C\u00e1psulas de seta de melena de le\u00f3n - Suplemento nootr\u00f3pico para mejorar la funci\u00f3n cognitiva y del sistema inmunitario. 5000mg. - JeaKen<\/title>\n<meta name=\"robots\" content=\"index, follow, max-snippet:-1, max-image-preview:large, max-video-preview:-1\" \/>\n<link rel=\"canonical\" href=\"https:\/\/jeaken.com\/es\/producto\/capsulas-de-hongos-de-leon\/\" \/>\n<meta property=\"og:locale\" content=\"es_ES\" \/>\n<meta property=\"og:type\" content=\"article\" \/>\n<meta property=\"og:title\" content=\"C\u00e1psulas de seta de melena de le\u00f3n - Suplemento nootr\u00f3pico para mejorar la funci\u00f3n cognitiva y del sistema inmunitario. 5000mg. - JeaKen\" \/>\n<meta property=\"og:description\" content=\"Suplemento cognitivo eficaz para mejorar el enfoque y la concentraci\u00f3n.\" \/>\n<meta property=\"og:url\" content=\"https:\/\/jeaken.com\/es\/producto\/capsulas-de-hongos-de-leon\/\" \/>\n<meta property=\"og:site_name\" content=\"JeaKen\" \/>\n<meta property=\"article:modified_time\" content=\"2022-09-08T12:46:33+00:00\" \/>\n<meta property=\"og:image\" content=\"https:\/\/jeaken.com\/wp-content\/uploads\/2022\/07\/Lions-Mane.jpg\" \/>\n\t<meta property=\"og:image:width\" content=\"512\" \/>\n\t<meta property=\"og:image:height\" content=\"600\" \/>\n\t<meta property=\"og:image:type\" content=\"image\/jpeg\" \/>\n<meta name=\"twitter:card\" content=\"summary_large_image\" \/>\n<meta name=\"twitter:label1\" content=\"Est. reading time\" \/>\n\t<meta name=\"twitter:data1\" content=\"2 minutes\" \/>\n<script type=\"application\/ld+json\" class=\"yoast-schema-graph\">{\"@context\":\"https:\/\/schema.org\",\"@graph\":[{\"@type\":\"WebPage\",\"@id\":\"https:\/\/jeaken.com\/es\/producto\/capsulas-de-hongos-de-leon\/\",\"url\":\"https:\/\/jeaken.com\/es\/producto\/capsulas-de-hongos-de-leon\/\",\"name\":\"C\u00e1psulas de seta de melena de le\u00f3n - Suplemento nootr\u00f3pico para mejorar la funci\u00f3n cognitiva y del sistema inmunitario. 5000mg. - JeaKen\",\"isPartOf\":{\"@id\":\"https:\/\/jeaken.com\/es\/#website\"},\"primaryImageOfPage\":{\"@id\":\"https:\/\/jeaken.com\/es\/producto\/capsulas-de-hongos-de-leon\/#primaryimage\"},\"image\":{\"@id\":\"https:\/\/jeaken.com\/es\/producto\/capsulas-de-hongos-de-leon\/#primaryimage\"},\"thumbnailUrl\":\"https:\/\/jeaken.com\/wp-content\/uploads\/2022\/07\/Lions-Mane.jpg\",\"datePublished\":\"2022-07-21T18:18:22+00:00\",\"dateModified\":\"2022-09-08T12:46:33+00:00\",\"breadcrumb\":{\"@id\":\"https:\/\/jeaken.com\/es\/producto\/capsulas-de-hongos-de-leon\/#breadcrumb\"},\"inLanguage\":\"es-ES\",\"potentialAction\":[{\"@type\":\"ReadAction\",\"target\":[\"https:\/\/jeaken.com\/es\/producto\/capsulas-de-hongos-de-leon\/\"]}]},{\"@type\":\"ImageObject\",\"inLanguage\":\"es-ES\",\"@id\":\"https:\/\/jeaken.com\/es\/producto\/capsulas-de-hongos-de-leon\/#primaryimage\",\"url\":\"https:\/\/jeaken.com\/wp-content\/uploads\/2022\/07\/Lions-Mane.jpg\",\"contentUrl\":\"https:\/\/jeaken.com\/wp-content\/uploads\/2022\/07\/Lions-Mane.jpg\",\"width\":512,\"height\":600,\"caption\":\"Lion\u2019s Mane\"},{\"@type\":\"BreadcrumbList\",\"@id\":\"https:\/\/jeaken.com\/es\/producto\/capsulas-de-hongos-de-leon\/#breadcrumb\",\"itemListElement\":[{\"@type\":\"ListItem\",\"position\":1,\"name\":\"Home\",\"item\":\"https:\/\/jeaken.com\/es\/\"},{\"@type\":\"ListItem\",\"position\":2,\"name\":\"Private: Shop\",\"item\":\"https:\/\/jeaken.com\/shop\/\"},{\"@type\":\"ListItem\",\"position\":3,\"name\":\"C\u00e1psulas de seta de melena de le\u00f3n &#8211; Suplemento nootr\u00f3pico para mejorar la funci\u00f3n cognitiva y del sistema inmunitario. 5000mg.\"}]},{\"@type\":\"WebSite\",\"@id\":\"https:\/\/jeaken.com\/es\/#website\",\"url\":\"https:\/\/jeaken.com\/es\/\",\"name\":\"JeaKen\",\"description\":\"Organic Supplements for Health, Fitness and Nutrition\",\"publisher\":{\"@id\":\"https:\/\/jeaken.com\/es\/#organization\"},\"potentialAction\":[{\"@type\":\"SearchAction\",\"target\":{\"@type\":\"EntryPoint\",\"urlTemplate\":\"https:\/\/jeaken.com\/es\/?s={search_term_string}\"},\"query-input\":\"required name=search_term_string\"}],\"inLanguage\":\"es-ES\"},{\"@type\":\"Organization\",\"@id\":\"https:\/\/jeaken.com\/es\/#organization\",\"name\":\"JeaKen\",\"url\":\"https:\/\/jeaken.com\/es\/\",\"logo\":{\"@type\":\"ImageObject\",\"inLanguage\":\"es-ES\",\"@id\":\"https:\/\/jeaken.com\/es\/#\/schema\/logo\/image\/\",\"url\":\"https:\/\/jeaken.com\/wp-content\/uploads\/2022\/06\/jeaken-logo-23.png\",\"contentUrl\":\"https:\/\/jeaken.com\/wp-content\/uploads\/2022\/06\/jeaken-logo-23.png\",\"width\":2486,\"height\":736,\"caption\":\"JeaKen\"},\"image\":{\"@id\":\"https:\/\/jeaken.com\/es\/#\/schema\/logo\/image\/\"}}]}<\/script>\n<!-- \/ Yoast SEO plugin. -->","yoast_head_json":{"title":"C\u00e1psulas de seta de melena de le\u00f3n - Suplemento nootr\u00f3pico para mejorar la funci\u00f3n cognitiva y del sistema inmunitario. 5000mg. - JeaKen","robots":{"index":"index","follow":"follow","max-snippet":"max-snippet:-1","max-image-preview":"max-image-preview:large","max-video-preview":"max-video-preview:-1"},"canonical":"https:\/\/jeaken.com\/es\/producto\/capsulas-de-hongos-de-leon\/","og_locale":"es_ES","og_type":"article","og_title":"C\u00e1psulas de seta de melena de le\u00f3n - Suplemento nootr\u00f3pico para mejorar la funci\u00f3n cognitiva y del sistema inmunitario. 5000mg. - JeaKen","og_description":"Suplemento cognitivo eficaz para mejorar el enfoque y la concentraci\u00f3n.","og_url":"https:\/\/jeaken.com\/es\/producto\/capsulas-de-hongos-de-leon\/","og_site_name":"JeaKen","article_modified_time":"2022-09-08T12:46:33+00:00","og_image":[{"width":512,"height":600,"url":"https:\/\/jeaken.com\/wp-content\/uploads\/2022\/07\/Lions-Mane.jpg","type":"image\/jpeg"}],"twitter_card":"summary_large_image","twitter_misc":{"Est. reading time":"2 minutes"},"schema":{"@context":"https:\/\/schema.org","@graph":[{"@type":"WebPage","@id":"https:\/\/jeaken.com\/es\/producto\/capsulas-de-hongos-de-leon\/","url":"https:\/\/jeaken.com\/es\/producto\/capsulas-de-hongos-de-leon\/","name":"C\u00e1psulas de seta de melena de le\u00f3n - Suplemento nootr\u00f3pico para mejorar la funci\u00f3n cognitiva y del sistema inmunitario. 5000mg. - JeaKen","isPartOf":{"@id":"https:\/\/jeaken.com\/es\/#website"},"primaryImageOfPage":{"@id":"https:\/\/jeaken.com\/es\/producto\/capsulas-de-hongos-de-leon\/#primaryimage"},"image":{"@id":"https:\/\/jeaken.com\/es\/producto\/capsulas-de-hongos-de-leon\/#primaryimage"},"thumbnailUrl":"https:\/\/jeaken.com\/wp-content\/uploads\/2022\/07\/Lions-Mane.jpg","datePublished":"2022-07-21T18:18:22+00:00","dateModified":"2022-09-08T12:46:33+00:00","breadcrumb":{"@id":"https:\/\/jeaken.com\/es\/producto\/capsulas-de-hongos-de-leon\/#breadcrumb"},"inLanguage":"es-ES","potentialAction":[{"@type":"ReadAction","target":["https:\/\/jeaken.com\/es\/producto\/capsulas-de-hongos-de-leon\/"]}]},{"@type":"ImageObject","inLanguage":"es-ES","@id":"https:\/\/jeaken.com\/es\/producto\/capsulas-de-hongos-de-leon\/#primaryimage","url":"https:\/\/jeaken.com\/wp-content\/uploads\/2022\/07\/Lions-Mane.jpg","contentUrl":"https:\/\/jeaken.com\/wp-content\/uploads\/2022\/07\/Lions-Mane.jpg","width":512,"height":600,"caption":"Lion\u2019s Mane"},{"@type":"BreadcrumbList","@id":"https:\/\/jeaken.com\/es\/producto\/capsulas-de-hongos-de-leon\/#breadcrumb","itemListElement":[{"@type":"ListItem","position":1,"name":"Home","item":"https:\/\/jeaken.com\/es\/"},{"@type":"ListItem","position":2,"name":"Private: Shop","item":"https:\/\/jeaken.com\/shop\/"},{"@type":"ListItem","position":3,"name":"C\u00e1psulas de seta de melena de le\u00f3n &#8211; Suplemento nootr\u00f3pico para mejorar la funci\u00f3n cognitiva y del sistema inmunitario. 5000mg."}]},{"@type":"WebSite","@id":"https:\/\/jeaken.com\/es\/#website","url":"https:\/\/jeaken.com\/es\/","name":"JeaKen","description":"Organic Supplements for Health, Fitness and Nutrition","publisher":{"@id":"https:\/\/jeaken.com\/es\/#organization"},"potentialAction":[{"@type":"SearchAction","target":{"@type":"EntryPoint","urlTemplate":"https:\/\/jeaken.com\/es\/?s={search_term_string}"},"query-input":"required name=search_term_string"}],"inLanguage":"es-ES"},{"@type":"Organization","@id":"https:\/\/jeaken.com\/es\/#organization","name":"JeaKen","url":"https:\/\/jeaken.com\/es\/","logo":{"@type":"ImageObject","inLanguage":"es-ES","@id":"https:\/\/jeaken.com\/es\/#\/schema\/logo\/image\/","url":"https:\/\/jeaken.com\/wp-content\/uploads\/2022\/06\/jeaken-logo-23.png","contentUrl":"https:\/\/jeaken.com\/wp-content\/uploads\/2022\/06\/jeaken-logo-23.png","width":2486,"height":736,"caption":"JeaKen"},"image":{"@id":"https:\/\/jeaken.com\/es\/#\/schema\/logo\/image\/"}}]}},"jetpack_sharing_enabled":true,"_links":{"self":[{"href":"https:\/\/jeaken.com\/es\/wp-json\/wp\/v2\/product\/6730","targetHints":{"allow":["GET"]}}],"collection":[{"href":"https:\/\/jeaken.com\/es\/wp-json\/wp\/v2\/product"}],"about":[{"href":"https:\/\/jeaken.com\/es\/wp-json\/wp\/v2\/types\/product"}],"wp:featuredmedia":[{"embeddable":true,"href":"https:\/\/jeaken.com\/es\/wp-json\/wp\/v2\/media\/16170"}],"wp:attachment":[{"href":"https:\/\/jeaken.com\/es\/wp-json\/wp\/v2\/media?parent=6730"}],"wp:term":[{"taxonomy":"product_cat","embeddable":true,"href":"https:\/\/jeaken.com\/es\/wp-json\/wp\/v2\/product_cat?post=6730"},{"taxonomy":"product_tag","embeddable":true,"href":"https:\/\/jeaken.com\/es\/wp-json\/wp\/v2\/product_tag?post=6730"}],"curies":[{"name":"wp","href":"https:\/\/api.w.org\/{rel}","templated":true}]}}