{"id":14554,"date":"2023-03-19T16:25:57","date_gmt":"2023-03-19T16:25:57","guid":{"rendered":"https:\/?post_type=product&#038;p=14554"},"modified":"2023-04-06T12:30:57","modified_gmt":"2023-04-06T11:30:57","slug":"paquete-de-adelgazamiento-y-salud-intestinal","status":"publish","type":"product","link":"https:\/\/jeaken.com\/es\/producto\/paquete-de-adelgazamiento-y-salud-intestinal\/","title":{"rendered":"Paquete de p\u00e9rdida de peso y salud intestinal"},"content":{"rendered":"<h2>Paquete de p\u00e9rdida de peso y salud intestinal<\/h2>\n<p><span data-sheets-value=\"{\"1\":2,\"2\":\"The Weight Loss and Gut Health Bundle is a comprehensive package of three premium supplements designed to help you achieve your weight loss and digestive health goals. The Apple Cider Vinegar Capsules offer digestive support and may help with weight loss. The Colon Cleanse supplement is designed to eliminate toxins and waste from the body, promoting healthy digestion and weight loss. Additionally, the Green Tea Capsules provide natural antioxidants and energy to support weight loss efforts. With this bundle, you have the essential supplements to support your digestive health and weight loss journey.\"}\" data-sheets-userformat=\"{\"2\":897,\"3\":{\"1\":0},\"10\":0,\"11\":4,\"12\":0}\">El Paquete de p\u00e9rdida de peso y salud intestinal es un paquete completo de tres suplementos de primera calidad dise\u00f1ados para ayudarle a alcanzar sus objetivos de p\u00e9rdida de peso y salud digestiva. Las C\u00e1psulas de Vinagre de Sidra de Manzana ofrecen apoyo digestivo y pueden ayudar a perder peso. El suplemento Colon Cleanse est\u00e1 dise\u00f1ado para eliminar las toxinas y los residuos del organismo, favoreciendo una digesti\u00f3n sana y la p\u00e9rdida de peso. Adem\u00e1s, las c\u00e1psulas de t\u00e9 verde proporcionan antioxidantes naturales y energ\u00eda para apoyar los esfuerzos de p\u00e9rdida de peso. Con este paquete, usted tiene los suplementos esenciales para apoyar su salud digestiva y el viaje de p\u00e9rdida de peso.<\/span><\/p>\n<p>&nbsp;<\/p>\n<h4 class=\"product_title entry-title elementor-heading-title elementor-size-default\"><strong>C\u00e1psulas de T\u00e9 Verde &#8211; 850mg Suplementos Antioxidantes para la P\u00e9rdida de Peso (120 Tabletas)<\/strong><\/h4>\n<p>&nbsp;<\/p>\n<p><strong>OFRECE M\u00daLTIPLES BENEFICIOS PARA LA SALUD<\/strong><\/p>\n<p>El t\u00e9 verde se utiliza en la medicina china desde hace unos 4.000 a\u00f1os. Ofrece numerosos y potentes beneficios para la salud, como ayudar a reducir el riesgo de padecer enfermedades card\u00edacas y ciertos tipos de c\u00e1ncer, aumentar la proporci\u00f3n de colesterol bueno (HDL) con respecto al colesterol malo (LDL) en la sangre, mejorar el sistema inmunitario y proporcionar apoyo antioxidante.<\/p>\n<p><strong>AYUDA A PERDER PESO<\/strong><\/p>\n<p>Cuando se combina con una dieta saludable, nuestro t\u00e9 verde apto para vegetarianos funciona como una ayuda eficaz para la p\u00e9rdida de peso, ya que aumenta la tasa metab\u00f3lica y suprime el apetito.<\/p>\n<p><strong>POTENTE ANTIOXIDANTE NATURAL<\/strong><\/p>\n<p>El EGCG que se encuentra en el t\u00e9 verde es el responsable de la mayor parte de sus propiedades antioxidantes, que evitan que los radicales libres da\u00f1en sus c\u00e9lulas.<\/p>\n<p><strong>MEJORA LA MEMORIA Y LA CONCENTRACI\u00d3N<\/strong><\/p>\n<p>Las propiedades que se encuentran en el extracto de t\u00e9 verde pueden ayudar a aumentar la cognici\u00f3n y la memoria, ayud\u00e1ndole a mantenerse agudo y concentrado durante todo el d\u00eda.<\/p>\n<p>&nbsp;<\/p>\n<h4 class=\"product_title entry-title elementor-heading-title elementor-size-default\"><strong>Vinagre de Sidra de Manzana &#8211; Refuerzo del Metabolismo y Desintoxicaci\u00f3n &#8211; Mejorado con Seagreens, T\u00e9 Verde y Cromo (120 C\u00e1psulas)<\/strong><\/h4>\n<p>&nbsp;<\/p>\n<p><strong>M\u00daLTIPLES BENEFICIOS PARA LA SALUD  <\/strong><\/p>\n<p>Utilizado por Hip\u00f3crates (el &#8220;padre de la medicina moderna&#8221;) hace m\u00e1s de 2000 a\u00f1os, se dice que el vinagre de sidra de manzana contribuye a una variedad de beneficios sorprendentes para la salud, como la mejora de la salud digestiva, el aumento de los niveles de energ\u00eda y la mejora del metabolismo. Nuestras c\u00e1psulas de vinagre de sidra de manzana de alta potencia proporcionan esos poderosos beneficios en c\u00e1psulas f\u00e1ciles de tragar.<\/p>\n<p><strong>APOYA LA P\u00c9RDIDA DE PESO SALUDABLE  <\/strong><\/p>\n<p>Varios estudios recientes han demostrado que el vinagre de sidra de manzana puede ayudar a perder peso cuando se toma como parte de una dieta saludable. Tambi\u00e9n puede facilitar la digesti\u00f3n y mejorar la salud en general al ayudar a absorber m\u00e1s nutrientes de los alimentos.<\/p>\n<p><strong>MEZCLA \u00daNICA  <\/strong><\/p>\n<p>Nuestras c\u00e1psulas de vinagre de sidra de manzana de alta calidad ofrecen resultados \u00f3ptimos a trav\u00e9s de su mezcla \u00fanica de ingredientes marinos, t\u00e9 verde y cromo. Su salud es nuestra prioridad. Nuestras c\u00e1psulas se fabrican en el Reino Unido bajo estrictas directrices de seguridad (c\u00f3digo de pr\u00e1cticas GMP) para garantizar la potencia, la calidad y la eficacia<\/p>\n<p><strong>APTO PARA VEGANOS Y VEGETARIANOS  <\/strong><\/p>\n<p>Nuestras c\u00e1psulas de vinagre de sidra de manzana est\u00e1n elaboradas con ingredientes 100% vegetales de primera calidad. Nuestras c\u00e1psulas no contienen gluten ni lactosa, cumplen con las normas GMP, no son OGM y son 100% veganas.<\/p>\n<h4 class=\"product_title entry-title elementor-heading-title elementor-size-default\"><strong>Body Cleanse And Detox Capsules &#8211; Para Perder Peso Y Limpiar El Colon (90 Capsulas)<\/strong><\/h4>\n<p>&nbsp;<\/p>\n<p><span class=\"a-list-item\"><strong>ELIMINA TOXINAS<\/strong> <\/span><\/p>\n<p><span class=\"a-list-item\">Este potente producto contiene 14 ingredientes cruciales para ayudar a eliminar las toxinas del organismo.<\/span><\/p>\n<p><span class=\"a-list-item\"><strong>REDUCE LA HINCHAZ\u00d3N<\/strong> <\/span><\/p>\n<p><span class=\"a-list-item\">Nuestro suplemento ayuda a reducir la hinchaz\u00f3n mientras regula la ingesta de alimentos. Tomar este suplemento regularmente puede proporcionar un efecto equilibrante en el sistema digestivo y aliviar los s\u00edntomas del estre\u00f1imiento y la indigesti\u00f3n.<\/span><\/p>\n<p><strong><span class=\"a-list-item\">MAXIMIZA LA P\u00c9RDIDA DE PESO  <\/span><\/strong><\/p>\n<p><span class=\"a-list-item\">Nuestras c\u00e1psulas Cleanse Detox no s\u00f3lo eliminan las toxinas, sino que tambi\u00e9n maximizan su p\u00e9rdida de peso para alcanzar sus objetivos de definici\u00f3n de masa magra.<\/span><\/p>\n<p><strong><span class=\"a-list-item\">COMBINACI\u00d3N PROBI\u00d3TICA PROBADA  <\/span><\/strong><\/p>\n<p><span class=\"a-list-item\">Para obtener resultados \u00f3ptimos, hemos combinado las cualidades saludables demostradas de la c\u00e1scara de psilio con la inulina para eliminar los residuos de su sistema y refrescarlo con las &#8220;bacterias amistosas&#8221; del probi\u00f3tico Lactobacillus acidophilus.<\/span><\/p>\n","protected":false},"excerpt":{"rendered":"<div class=\"group w-full text-gray-800 dark:text-gray-100 border-b border-black\/10 dark:border-gray-900\/50 bg-gray-50 dark:bg-[#444654]\">\n<div class=\"text-base gap-4 md:gap-6 md:max-w-2xl lg:max-w-2xl xl:max-w-3xl p-4 md:py-6 flex lg:px-0 m-auto\">\n<div class=\"relative flex w-[calc(100%-50px)] flex-col gap-1 md:gap-3 lg:w-[calc(100%-115px)]\">\n<div class=\"flex flex-grow flex-col gap-3\">\n<div class=\"min-h-[20px] flex flex-col items-start gap-4 whitespace-pre-wrap\">\n<div class=\"markdown prose w-full break-words dark:prose-invert dark\">\n<div class=\"group w-full text-gray-800 dark:text-gray-100 border-b border-black\/10 dark:border-gray-900\/50 bg-gray-50 dark:bg-[#444654]\">\n<div class=\"text-base gap-4 md:gap-6 md:max-w-2xl lg:max-w-2xl xl:max-w-3xl p-4 md:py-6 flex lg:px-0 m-auto\">\n<div class=\"relative flex w-[calc(100%-50px)] flex-col gap-1 md:gap-3 lg:w-[calc(100%-115px)]\">\n<div class=\"flex flex-grow flex-col gap-3\">\n<div class=\"min-h-[20px] flex flex-col items-start gap-4 whitespace-pre-wrap\">\n<div class=\"markdown prose w-full break-words dark:prose-invert dark\">\n<p>El paquete de p\u00e9rdida de peso y salud intestinal combina vinagre de sidra de manzana, limpieza de colon y c\u00e1psulas de t\u00e9 verde para la digesti\u00f3n, la desintoxicaci\u00f3n y el apoyo a la p\u00e9rdida de peso para mejorar su viaje de bienestar.<\/p>\n<\/div>\n<\/div>\n<\/div>\n<\/div>\n<\/div>\n<\/div>\n<\/div>\n<\/div>\n<\/div>\n<\/div>\n<\/div>\n<\/div>\n","protected":false},"featured_media":16261,"template":"","meta":{"site-sidebar-layout":"default","site-content-layout":"default","ast-site-content-layout":"default","site-content-style":"default","site-sidebar-style":"default","ast-global-header-display":"","ast-banner-title-visibility":"","ast-main-header-display":"","ast-hfb-above-header-display":"","ast-hfb-below-header-display":"","ast-hfb-mobile-header-display":"","site-post-title":"","ast-breadcrumbs-content":"","ast-featured-img":"","footer-sml-layout":"","theme-transparent-header-meta":"default","adv-header-id-meta":"","stick-header-meta":"default","header-above-stick-meta":"","header-main-stick-meta":"","header-below-stick-meta":"","astra-migrate-meta-layouts":"default","ast-page-background-enabled":"default","ast-page-background-meta":{"desktop":{"background-color":"","background-image":"","background-repeat":"repeat","background-position":"center center","background-size":"auto","background-attachment":"scroll","background-type":"","background-media":"","overlay-type":"","overlay-color":"","overlay-opacity":"","overlay-gradient":""},"tablet":{"background-color":"","background-image":"","background-repeat":"repeat","background-position":"center center","background-size":"auto","background-attachment":"scroll","background-type":"","background-media":"","overlay-type":"","overlay-color":"","overlay-opacity":"","overlay-gradient":""},"mobile":{"background-color":"","background-image":"","background-repeat":"repeat","background-position":"center center","background-size":"auto","background-attachment":"scroll","background-type":"","background-media":"","overlay-type":"","overlay-color":"","overlay-opacity":"","overlay-gradient":""}},"ast-content-background-meta":{"desktop":{"background-color":"var(--ast-global-color-5)","background-image":"","background-repeat":"repeat","background-position":"center center","background-size":"auto","background-attachment":"scroll","background-type":"","background-media":"","overlay-type":"","overlay-color":"","overlay-opacity":"","overlay-gradient":""},"tablet":{"background-color":"var(--ast-global-color-5)","background-image":"","background-repeat":"repeat","background-position":"center center","background-size":"auto","background-attachment":"scroll","background-type":"","background-media":"","overlay-type":"","overlay-color":"","overlay-opacity":"","overlay-gradient":""},"mobile":{"background-color":"var(--ast-global-color-5)","background-image":"","background-repeat":"repeat","background-position":"center center","background-size":"auto","background-attachment":"scroll","background-type":"","background-media":"","overlay-type":"","overlay-color":"","overlay-opacity":"","overlay-gradient":""}}},"product_cat":[574,571,1311,1216,573],"product_tag":[],"class_list":{"0":"post-14554","1":"product","2":"type-product","3":"status-publish","4":"has-post-thumbnail","6":"product_cat-complementos-alimenticios","7":"product_cat-estado-de-animo-y-bienestar","8":"product_cat-nutricion","9":"product_cat-perdida-de-peso","10":"product_cat-potenciadores-del-cerebro","11":"has-subscription-plans","12":"desktop-align-left","13":"tablet-align-left","14":"mobile-align-left","16":"first","17":"instock","18":"taxable","19":"shipping-taxable","20":"purchasable","21":"product-type-simple"},"yoast_head":"<!-- This site is optimized with the Yoast SEO plugin v22.7 - https:\/\/yoast.com\/wordpress\/plugins\/seo\/ -->\n<title>Paquete de p\u00e9rdida de peso y salud intestinal - JeaKen<\/title>\n<meta name=\"robots\" content=\"index, follow, max-snippet:-1, max-image-preview:large, max-video-preview:-1\" \/>\n<link rel=\"canonical\" href=\"https:\/\/jeaken.com\/es\/producto\/paquete-de-adelgazamiento-y-salud-intestinal\/\" \/>\n<meta property=\"og:locale\" content=\"es_ES\" \/>\n<meta property=\"og:type\" content=\"article\" \/>\n<meta property=\"og:title\" content=\"Paquete de p\u00e9rdida de peso y salud intestinal - JeaKen\" \/>\n<meta property=\"og:description\" content=\"El paquete de p\u00e9rdida de peso y salud intestinal combina vinagre de sidra de manzana, limpieza de colon y c\u00e1psulas de t\u00e9 verde para la digesti\u00f3n, la desintoxicaci\u00f3n y el apoyo a la p\u00e9rdida de peso para mejorar su viaje de bienestar.\" \/>\n<meta property=\"og:url\" content=\"https:\/\/jeaken.com\/es\/producto\/paquete-de-adelgazamiento-y-salud-intestinal\/\" \/>\n<meta property=\"og:site_name\" content=\"JeaKen\" \/>\n<meta property=\"article:modified_time\" content=\"2023-04-06T11:30:57+00:00\" \/>\n<meta property=\"og:image\" content=\"https:\/\/jeaken.com\/wp-content\/uploads\/2023\/03\/Combine3.jpg\" \/>\n\t<meta property=\"og:image:width\" content=\"972\" \/>\n\t<meta property=\"og:image:height\" content=\"972\" \/>\n\t<meta property=\"og:image:type\" content=\"image\/jpeg\" \/>\n<meta name=\"twitter:card\" content=\"summary_large_image\" \/>\n<meta name=\"twitter:label1\" content=\"Est. reading time\" \/>\n\t<meta name=\"twitter:data1\" content=\"4 minutes\" \/>\n<script type=\"application\/ld+json\" class=\"yoast-schema-graph\">{\"@context\":\"https:\/\/schema.org\",\"@graph\":[{\"@type\":\"WebPage\",\"@id\":\"https:\/\/jeaken.com\/es\/producto\/paquete-de-adelgazamiento-y-salud-intestinal\/\",\"url\":\"https:\/\/jeaken.com\/es\/producto\/paquete-de-adelgazamiento-y-salud-intestinal\/\",\"name\":\"Paquete de p\u00e9rdida de peso y salud intestinal - JeaKen\",\"isPartOf\":{\"@id\":\"https:\/\/jeaken.com\/es\/#website\"},\"primaryImageOfPage\":{\"@id\":\"https:\/\/jeaken.com\/es\/producto\/paquete-de-adelgazamiento-y-salud-intestinal\/#primaryimage\"},\"image\":{\"@id\":\"https:\/\/jeaken.com\/es\/producto\/paquete-de-adelgazamiento-y-salud-intestinal\/#primaryimage\"},\"thumbnailUrl\":\"https:\/\/jeaken.com\/wp-content\/uploads\/2023\/03\/Combine3.jpg\",\"datePublished\":\"2023-03-19T16:25:57+00:00\",\"dateModified\":\"2023-04-06T11:30:57+00:00\",\"breadcrumb\":{\"@id\":\"https:\/\/jeaken.com\/es\/producto\/paquete-de-adelgazamiento-y-salud-intestinal\/#breadcrumb\"},\"inLanguage\":\"es-ES\",\"potentialAction\":[{\"@type\":\"ReadAction\",\"target\":[\"https:\/\/jeaken.com\/es\/producto\/paquete-de-adelgazamiento-y-salud-intestinal\/\"]}]},{\"@type\":\"ImageObject\",\"inLanguage\":\"es-ES\",\"@id\":\"https:\/\/jeaken.com\/es\/producto\/paquete-de-adelgazamiento-y-salud-intestinal\/#primaryimage\",\"url\":\"https:\/\/jeaken.com\/wp-content\/uploads\/2023\/03\/Combine3.jpg\",\"contentUrl\":\"https:\/\/jeaken.com\/wp-content\/uploads\/2023\/03\/Combine3.jpg\",\"width\":972,\"height\":972,\"caption\":\"Weight Loss and Gut Health Bundle\"},{\"@type\":\"BreadcrumbList\",\"@id\":\"https:\/\/jeaken.com\/es\/producto\/paquete-de-adelgazamiento-y-salud-intestinal\/#breadcrumb\",\"itemListElement\":[{\"@type\":\"ListItem\",\"position\":1,\"name\":\"Home\",\"item\":\"https:\/\/jeaken.com\/es\/\"},{\"@type\":\"ListItem\",\"position\":2,\"name\":\"Private: Shop\",\"item\":\"https:\/\/jeaken.com\/shop\/\"},{\"@type\":\"ListItem\",\"position\":3,\"name\":\"Paquete de p\u00e9rdida de peso y salud intestinal\"}]},{\"@type\":\"WebSite\",\"@id\":\"https:\/\/jeaken.com\/es\/#website\",\"url\":\"https:\/\/jeaken.com\/es\/\",\"name\":\"JeaKen\",\"description\":\"Organic Supplements for Health, Fitness and Nutrition\",\"publisher\":{\"@id\":\"https:\/\/jeaken.com\/es\/#organization\"},\"potentialAction\":[{\"@type\":\"SearchAction\",\"target\":{\"@type\":\"EntryPoint\",\"urlTemplate\":\"https:\/\/jeaken.com\/es\/?s={search_term_string}\"},\"query-input\":\"required name=search_term_string\"}],\"inLanguage\":\"es-ES\"},{\"@type\":\"Organization\",\"@id\":\"https:\/\/jeaken.com\/es\/#organization\",\"name\":\"JeaKen\",\"url\":\"https:\/\/jeaken.com\/es\/\",\"logo\":{\"@type\":\"ImageObject\",\"inLanguage\":\"es-ES\",\"@id\":\"https:\/\/jeaken.com\/es\/#\/schema\/logo\/image\/\",\"url\":\"https:\/\/jeaken.com\/wp-content\/uploads\/2022\/06\/jeaken-logo-23.png\",\"contentUrl\":\"https:\/\/jeaken.com\/wp-content\/uploads\/2022\/06\/jeaken-logo-23.png\",\"width\":2486,\"height\":736,\"caption\":\"JeaKen\"},\"image\":{\"@id\":\"https:\/\/jeaken.com\/es\/#\/schema\/logo\/image\/\"}}]}<\/script>\n<!-- \/ Yoast SEO plugin. -->","yoast_head_json":{"title":"Paquete de p\u00e9rdida de peso y salud intestinal - JeaKen","robots":{"index":"index","follow":"follow","max-snippet":"max-snippet:-1","max-image-preview":"max-image-preview:large","max-video-preview":"max-video-preview:-1"},"canonical":"https:\/\/jeaken.com\/es\/producto\/paquete-de-adelgazamiento-y-salud-intestinal\/","og_locale":"es_ES","og_type":"article","og_title":"Paquete de p\u00e9rdida de peso y salud intestinal - JeaKen","og_description":"El paquete de p\u00e9rdida de peso y salud intestinal combina vinagre de sidra de manzana, limpieza de colon y c\u00e1psulas de t\u00e9 verde para la digesti\u00f3n, la desintoxicaci\u00f3n y el apoyo a la p\u00e9rdida de peso para mejorar su viaje de bienestar.","og_url":"https:\/\/jeaken.com\/es\/producto\/paquete-de-adelgazamiento-y-salud-intestinal\/","og_site_name":"JeaKen","article_modified_time":"2023-04-06T11:30:57+00:00","og_image":[{"width":972,"height":972,"url":"https:\/\/jeaken.com\/wp-content\/uploads\/2023\/03\/Combine3.jpg","type":"image\/jpeg"}],"twitter_card":"summary_large_image","twitter_misc":{"Est. reading time":"4 minutes"},"schema":{"@context":"https:\/\/schema.org","@graph":[{"@type":"WebPage","@id":"https:\/\/jeaken.com\/es\/producto\/paquete-de-adelgazamiento-y-salud-intestinal\/","url":"https:\/\/jeaken.com\/es\/producto\/paquete-de-adelgazamiento-y-salud-intestinal\/","name":"Paquete de p\u00e9rdida de peso y salud intestinal - JeaKen","isPartOf":{"@id":"https:\/\/jeaken.com\/es\/#website"},"primaryImageOfPage":{"@id":"https:\/\/jeaken.com\/es\/producto\/paquete-de-adelgazamiento-y-salud-intestinal\/#primaryimage"},"image":{"@id":"https:\/\/jeaken.com\/es\/producto\/paquete-de-adelgazamiento-y-salud-intestinal\/#primaryimage"},"thumbnailUrl":"https:\/\/jeaken.com\/wp-content\/uploads\/2023\/03\/Combine3.jpg","datePublished":"2023-03-19T16:25:57+00:00","dateModified":"2023-04-06T11:30:57+00:00","breadcrumb":{"@id":"https:\/\/jeaken.com\/es\/producto\/paquete-de-adelgazamiento-y-salud-intestinal\/#breadcrumb"},"inLanguage":"es-ES","potentialAction":[{"@type":"ReadAction","target":["https:\/\/jeaken.com\/es\/producto\/paquete-de-adelgazamiento-y-salud-intestinal\/"]}]},{"@type":"ImageObject","inLanguage":"es-ES","@id":"https:\/\/jeaken.com\/es\/producto\/paquete-de-adelgazamiento-y-salud-intestinal\/#primaryimage","url":"https:\/\/jeaken.com\/wp-content\/uploads\/2023\/03\/Combine3.jpg","contentUrl":"https:\/\/jeaken.com\/wp-content\/uploads\/2023\/03\/Combine3.jpg","width":972,"height":972,"caption":"Weight Loss and Gut Health Bundle"},{"@type":"BreadcrumbList","@id":"https:\/\/jeaken.com\/es\/producto\/paquete-de-adelgazamiento-y-salud-intestinal\/#breadcrumb","itemListElement":[{"@type":"ListItem","position":1,"name":"Home","item":"https:\/\/jeaken.com\/es\/"},{"@type":"ListItem","position":2,"name":"Private: Shop","item":"https:\/\/jeaken.com\/shop\/"},{"@type":"ListItem","position":3,"name":"Paquete de p\u00e9rdida de peso y salud intestinal"}]},{"@type":"WebSite","@id":"https:\/\/jeaken.com\/es\/#website","url":"https:\/\/jeaken.com\/es\/","name":"JeaKen","description":"Organic Supplements for Health, Fitness and Nutrition","publisher":{"@id":"https:\/\/jeaken.com\/es\/#organization"},"potentialAction":[{"@type":"SearchAction","target":{"@type":"EntryPoint","urlTemplate":"https:\/\/jeaken.com\/es\/?s={search_term_string}"},"query-input":"required name=search_term_string"}],"inLanguage":"es-ES"},{"@type":"Organization","@id":"https:\/\/jeaken.com\/es\/#organization","name":"JeaKen","url":"https:\/\/jeaken.com\/es\/","logo":{"@type":"ImageObject","inLanguage":"es-ES","@id":"https:\/\/jeaken.com\/es\/#\/schema\/logo\/image\/","url":"https:\/\/jeaken.com\/wp-content\/uploads\/2022\/06\/jeaken-logo-23.png","contentUrl":"https:\/\/jeaken.com\/wp-content\/uploads\/2022\/06\/jeaken-logo-23.png","width":2486,"height":736,"caption":"JeaKen"},"image":{"@id":"https:\/\/jeaken.com\/es\/#\/schema\/logo\/image\/"}}]}},"jetpack_sharing_enabled":true,"_links":{"self":[{"href":"https:\/\/jeaken.com\/es\/wp-json\/wp\/v2\/product\/14554","targetHints":{"allow":["GET"]}}],"collection":[{"href":"https:\/\/jeaken.com\/es\/wp-json\/wp\/v2\/product"}],"about":[{"href":"https:\/\/jeaken.com\/es\/wp-json\/wp\/v2\/types\/product"}],"wp:featuredmedia":[{"embeddable":true,"href":"https:\/\/jeaken.com\/es\/wp-json\/wp\/v2\/media\/16261"}],"wp:attachment":[{"href":"https:\/\/jeaken.com\/es\/wp-json\/wp\/v2\/media?parent=14554"}],"wp:term":[{"taxonomy":"product_cat","embeddable":true,"href":"https:\/\/jeaken.com\/es\/wp-json\/wp\/v2\/product_cat?post=14554"},{"taxonomy":"product_tag","embeddable":true,"href":"https:\/\/jeaken.com\/es\/wp-json\/wp\/v2\/product_tag?post=14554"}],"curies":[{"name":"wp","href":"https:\/\/api.w.org\/{rel}","templated":true}]}}