{"id":14474,"date":"2023-03-19T15:46:15","date_gmt":"2023-03-19T15:46:15","guid":{"rendered":"https:\/?post_type=product&#038;p=14474"},"modified":"2023-04-06T12:30:58","modified_gmt":"2023-04-06T11:30:58","slug":"paquete-salud-intestinal-y-perdida-de-peso","status":"publish","type":"product","link":"https:\/\/jeaken.com\/es\/producto\/paquete-salud-intestinal-y-perdida-de-peso\/","title":{"rendered":"Salud intestinal y p\u00e9rdida de peso"},"content":{"rendered":"<h2>Salud intestinal y p\u00e9rdida de peso<\/h2>\n<p>El paquete de salud intestinal y p\u00e9rdida de peso incluye una cuidada selecci\u00f3n de tres productos clave para ayudarle en su viaje hacia el bienestar. Este paquete incluye c\u00e1psulas de probi\u00f3ticos, una mezcla de 6 cepas de probi\u00f3ticos y prebi\u00f3ticos para una salud digestiva \u00f3ptima. Adem\u00e1s, las c\u00e1psulas de t\u00e9 verde son una fuente natural de energ\u00eda y antioxidantes que ayudan a perder peso. Por \u00faltimo, las c\u00e1psulas de vinagre de sidra de manzana proporcionan un apoyo digestivo adicional y pueden ayudar a perder peso. Este paquete le proporciona todo lo que necesita para promover una salud digestiva \u00f3ptima y ayudarle con sus objetivos de p\u00e9rdida de peso.<\/p>\n<p>&nbsp;<\/p>\n<h4 class=\"product_title entry-title elementor-heading-title elementor-size-default\"><strong>6 Cepas de Probi\u00f3ticos con Prebi\u00f3ticos &#8211; (90 C\u00e1psulas)<\/strong><\/h4>\n<p>&nbsp;<\/p>\n<p><strong>ALIVIO DE LA HINCHAZ\u00d3N  <\/strong><\/p>\n<p>Nuestras c\u00e1psulas se derivan de la familia de probi\u00f3ticos Lactobacillus, que son los probi\u00f3ticos m\u00e1s eficaces para ayudar a mantener un sistema digestivo saludable.<span class=\"a-list-item a-size-base\">  Nuestras cepas de bacterias, cuidadosamente seleccionadas, se encuentran entre las m\u00e1s conocidas para ayudar a aliviar la sensaci\u00f3n de hinchaz\u00f3n y plenitud.  <\/span><\/p>\n<p><span class=\"a-list-item a-size-base\"><strong>6 CEPAS ACTIVAS DE 10 MIL MILLONES DE UFC POR PORCI\u00d3N<\/strong> <\/span><\/p>\n<p><span class=\"a-list-item a-size-base\">Nuestro complejo de probi\u00f3ticos ofrece las 6 cepas m\u00e1s eficaces: lactobacillus acidophillus, lactobacillus rhamnosus, lactobacillus gasseri, bifidobacterium lactis, bifidobacterium bifidus y saccharomyces boullardii.<\/span><\/p>\n<p><strong>SOBREVIVE GRACIAS A LA ACIDEZ DEL EST\u00d3MAGO <\/strong><\/p>\n<p>Saccharomyces boulardii es un probi\u00f3tico <span class=\"a-list-item a-size-base\">bien investigado y<\/span> aclamado internacionalmente, que ha demostrado sobrevivir a la acidez del est\u00f3mago para llegar vivo al intestino.<\/p>\n<p><b>M\u00daLTIPLES BENEFICIOS PARA LA SALUD<\/b><\/p>\n<p>Nuestra innovadora f\u00f3rmula est\u00e1 reforzada con inulina, una fibra prebi\u00f3tica con potentes beneficios para la salud, entre los que se incluyen la mejora de la inmunidad, la mejora de los niveles de colesterol y la mejora del metabolismo.<span class=\"a-list-item\"><br \/>\n  <span class=\"a-size-base\">egularidad, mejor absorci\u00f3n de<\/span><br \/>\n<\/span><span class=\"a-list-item\"><br \/>\n  <span class=\"a-size-base\">a absorci\u00f3n de nutrientes, la p\u00e9rdida de peso, la mejora de la salud del tracto urinario, la mejora de los niveles de colesterol y la mejora del metabolismo.<\/span><br \/>\n<\/span><\/p>\n<p><strong>ELABORADO CON INGREDIENTES NATURALES<\/strong><\/p>\n<p>Nuestras c\u00e1psulas aptas para veganos son 100% puras y naturales con ingredientes no transg\u00e9nicos<\/p>\n<p>&nbsp;<\/p>\n<h4 class=\"product_title entry-title elementor-heading-title elementor-size-default\"><strong>C\u00e1psulas de T\u00e9 Verde &#8211; 850mg Suplementos Antioxidantes para la P\u00e9rdida de Peso (120 Tabletas)<\/strong><\/h4>\n<p>&nbsp;<\/p>\n<p><strong>OFRECE M\u00daLTIPLES BENEFICIOS PARA LA SALUD<\/strong><\/p>\n<p>El t\u00e9 verde se utiliza en la medicina china desde hace unos 4.000 a\u00f1os. Ofrece numerosos y potentes beneficios para la salud, como ayudar a reducir el riesgo de padecer enfermedades card\u00edacas y ciertos tipos de c\u00e1ncer, aumentar la proporci\u00f3n de colesterol bueno (HDL) con respecto al colesterol malo (LDL) en la sangre, mejorar el sistema inmunitario y proporcionar apoyo antioxidante.<\/p>\n<p><strong>AYUDA A PERDER PESO<\/strong><\/p>\n<p>Cuando se combina con una dieta saludable, nuestro t\u00e9 verde apto para vegetarianos funciona como una ayuda eficaz para la p\u00e9rdida de peso, ya que aumenta la tasa metab\u00f3lica y suprime el apetito.<\/p>\n<p><strong>POTENTE ANTIOXIDANTE NATURAL<\/strong><\/p>\n<p>El EGCG que se encuentra en el t\u00e9 verde es el responsable de la mayor parte de sus propiedades antioxidantes, que evitan que los radicales libres da\u00f1en sus c\u00e9lulas.<\/p>\n<p><strong>MEJORA LA MEMORIA Y LA CONCENTRACI\u00d3N<\/strong><\/p>\n<p>Las propiedades que se encuentran en el extracto de t\u00e9 verde pueden ayudar a aumentar la cognici\u00f3n y la memoria, ayud\u00e1ndole a mantenerse agudo y concentrado durante todo el d\u00eda.<\/p>\n<p>&nbsp;<\/p>\n<h4 class=\"product_title entry-title elementor-heading-title elementor-size-default\"><strong>Vinagre de Sidra de Manzana &#8211; Refuerzo del Metabolismo y Desintoxicaci\u00f3n &#8211; Mejorado con Seagreens, T\u00e9 Verde y Cromo (120 C\u00e1psulas)<\/strong><\/h4>\n<p>&nbsp;<\/p>\n<p><strong>M\u00daLTIPLES BENEFICIOS PARA LA SALUD  <\/strong><\/p>\n<p>Utilizado por Hip\u00f3crates (el &#8220;padre de la medicina moderna&#8221;) hace m\u00e1s de 2000 a\u00f1os, se dice que el vinagre de sidra de manzana contribuye a una variedad de beneficios sorprendentes para la salud, como la mejora de la salud digestiva, el aumento de los niveles de energ\u00eda y la mejora del metabolismo. Nuestras c\u00e1psulas de vinagre de sidra de manzana de alta potencia proporcionan esos poderosos beneficios en c\u00e1psulas f\u00e1ciles de tragar.<\/p>\n<p><strong>APOYA LA P\u00c9RDIDA DE PESO SALUDABLE  <\/strong><\/p>\n<p>Varios estudios recientes han demostrado que el vinagre de sidra de manzana puede ayudar a perder peso cuando se toma como parte de una dieta saludable. Tambi\u00e9n puede facilitar la digesti\u00f3n y mejorar la salud en general al ayudar a absorber m\u00e1s nutrientes de los alimentos.<\/p>\n<p><strong>MEZCLA \u00daNICA  <\/strong><\/p>\n<p>Nuestras c\u00e1psulas de vinagre de sidra de manzana de alta calidad ofrecen resultados \u00f3ptimos a trav\u00e9s de su mezcla \u00fanica de ingredientes marinos, t\u00e9 verde y cromo. Su salud es nuestra prioridad. Nuestras c\u00e1psulas se fabrican en el Reino Unido bajo estrictas directrices de seguridad (c\u00f3digo de pr\u00e1cticas GMP) para garantizar la potencia, la calidad y la eficacia<\/p>\n<p><strong>APTO PARA VEGANOS Y VEGETARIANOS  <\/strong><\/p>\n<p>Nuestras c\u00e1psulas de vinagre de sidra de manzana est\u00e1n elaboradas con ingredientes 100% vegetales de primera calidad. Nuestras c\u00e1psulas no contienen gluten ni lactosa, cumplen con las normas GMP, no son OGM y son 100% veganas.<\/p>\n","protected":false},"excerpt":{"rendered":"<div class=\"group w-full text-gray-800 dark:text-gray-100 border-b border-black\/10 dark:border-gray-900\/50 bg-gray-50 dark:bg-[#444654]\">\n<div class=\"text-base gap-4 md:gap-6 md:max-w-2xl lg:max-w-2xl xl:max-w-3xl p-4 md:py-6 flex lg:px-0 m-auto\">\n<div class=\"relative flex w-[calc(100%-50px)] flex-col gap-1 md:gap-3 lg:w-[calc(100%-115px)]\">\n<div class=\"flex flex-grow flex-col gap-3\">\n<div class=\"min-h-[20px] flex flex-col items-start gap-4 whitespace-pre-wrap\">\n<div class=\"markdown prose w-full break-words dark:prose-invert dark\">\n<p>El paquete de salud intestinal y p\u00e9rdida de peso combina c\u00e1psulas de probi\u00f3ticos, c\u00e1psulas de t\u00e9 verde y c\u00e1psulas de vinagre de sidra de manzana para mejorar la digesti\u00f3n, la energ\u00eda y la p\u00e9rdida de peso, promoviendo el bienestar general.<\/p>\n<\/div>\n<\/div>\n<\/div>\n<\/div>\n<\/div>\n<\/div>\n","protected":false},"featured_media":16234,"template":"","meta":{"site-sidebar-layout":"default","site-content-layout":"default","ast-site-content-layout":"default","site-content-style":"default","site-sidebar-style":"default","ast-global-header-display":"","ast-banner-title-visibility":"","ast-main-header-display":"","ast-hfb-above-header-display":"","ast-hfb-below-header-display":"","ast-hfb-mobile-header-display":"","site-post-title":"","ast-breadcrumbs-content":"","ast-featured-img":"","footer-sml-layout":"","theme-transparent-header-meta":"default","adv-header-id-meta":"","stick-header-meta":"default","header-above-stick-meta":"","header-main-stick-meta":"","header-below-stick-meta":"","astra-migrate-meta-layouts":"default","ast-page-background-enabled":"default","ast-page-background-meta":{"desktop":{"background-color":"","background-image":"","background-repeat":"repeat","background-position":"center center","background-size":"auto","background-attachment":"scroll","background-type":"","background-media":"","overlay-type":"","overlay-color":"","overlay-opacity":"","overlay-gradient":""},"tablet":{"background-color":"","background-image":"","background-repeat":"repeat","background-position":"center center","background-size":"auto","background-attachment":"scroll","background-type":"","background-media":"","overlay-type":"","overlay-color":"","overlay-opacity":"","overlay-gradient":""},"mobile":{"background-color":"","background-image":"","background-repeat":"repeat","background-position":"center center","background-size":"auto","background-attachment":"scroll","background-type":"","background-media":"","overlay-type":"","overlay-color":"","overlay-opacity":"","overlay-gradient":""}},"ast-content-background-meta":{"desktop":{"background-color":"var(--ast-global-color-5)","background-image":"","background-repeat":"repeat","background-position":"center center","background-size":"auto","background-attachment":"scroll","background-type":"","background-media":"","overlay-type":"","overlay-color":"","overlay-opacity":"","overlay-gradient":""},"tablet":{"background-color":"var(--ast-global-color-5)","background-image":"","background-repeat":"repeat","background-position":"center center","background-size":"auto","background-attachment":"scroll","background-type":"","background-media":"","overlay-type":"","overlay-color":"","overlay-opacity":"","overlay-gradient":""},"mobile":{"background-color":"var(--ast-global-color-5)","background-image":"","background-repeat":"repeat","background-position":"center center","background-size":"auto","background-attachment":"scroll","background-type":"","background-media":"","overlay-type":"","overlay-color":"","overlay-opacity":"","overlay-gradient":""}}},"product_cat":[675,574,1311,1216,587],"product_tag":[],"class_list":{"0":"post-14474","1":"product","2":"type-product","3":"status-publish","4":"has-post-thumbnail","6":"product_cat-alivio-de-la-hinchazon","7":"product_cat-complementos-alimenticios","8":"product_cat-nutricion","9":"product_cat-perdida-de-peso","10":"product_cat-vitaminas-y-minerales","11":"has-subscription-plans","12":"desktop-align-left","13":"tablet-align-left","14":"mobile-align-left","16":"first","17":"instock","18":"taxable","19":"shipping-taxable","20":"purchasable","21":"product-type-simple"},"yoast_head":"<!-- This site is optimized with the Yoast SEO plugin v22.7 - https:\/\/yoast.com\/wordpress\/plugins\/seo\/ -->\n<title>Salud intestinal y p\u00e9rdida de peso - JeaKen<\/title>\n<meta name=\"robots\" content=\"index, follow, max-snippet:-1, max-image-preview:large, max-video-preview:-1\" \/>\n<link rel=\"canonical\" href=\"https:\/\/jeaken.com\/es\/producto\/paquete-salud-intestinal-y-perdida-de-peso\/\" \/>\n<meta property=\"og:locale\" content=\"es_ES\" \/>\n<meta property=\"og:type\" content=\"article\" \/>\n<meta property=\"og:title\" content=\"Salud intestinal y p\u00e9rdida de peso - JeaKen\" \/>\n<meta property=\"og:description\" content=\"El paquete de salud intestinal y p\u00e9rdida de peso combina c\u00e1psulas de probi\u00f3ticos, c\u00e1psulas de t\u00e9 verde y c\u00e1psulas de vinagre de sidra de manzana para mejorar la digesti\u00f3n, la energ\u00eda y la p\u00e9rdida de peso, promoviendo el bienestar general.\" \/>\n<meta property=\"og:url\" content=\"https:\/\/jeaken.com\/es\/producto\/paquete-salud-intestinal-y-perdida-de-peso\/\" \/>\n<meta property=\"og:site_name\" content=\"JeaKen\" \/>\n<meta property=\"article:modified_time\" content=\"2023-04-06T11:30:58+00:00\" \/>\n<meta property=\"og:image\" content=\"https:\/\/jeaken.com\/wp-content\/uploads\/2023\/03\/Sans-titre-1.jpg\" \/>\n\t<meta property=\"og:image:width\" content=\"972\" \/>\n\t<meta property=\"og:image:height\" content=\"972\" \/>\n\t<meta property=\"og:image:type\" content=\"image\/jpeg\" \/>\n<meta name=\"twitter:card\" content=\"summary_large_image\" \/>\n<meta name=\"twitter:label1\" content=\"Est. reading time\" \/>\n\t<meta name=\"twitter:data1\" content=\"4 minutes\" \/>\n<script type=\"application\/ld+json\" class=\"yoast-schema-graph\">{\"@context\":\"https:\/\/schema.org\",\"@graph\":[{\"@type\":\"WebPage\",\"@id\":\"https:\/\/jeaken.com\/es\/producto\/paquete-salud-intestinal-y-perdida-de-peso\/\",\"url\":\"https:\/\/jeaken.com\/es\/producto\/paquete-salud-intestinal-y-perdida-de-peso\/\",\"name\":\"Salud intestinal y p\u00e9rdida de peso - JeaKen\",\"isPartOf\":{\"@id\":\"https:\/\/jeaken.com\/es\/#website\"},\"primaryImageOfPage\":{\"@id\":\"https:\/\/jeaken.com\/es\/producto\/paquete-salud-intestinal-y-perdida-de-peso\/#primaryimage\"},\"image\":{\"@id\":\"https:\/\/jeaken.com\/es\/producto\/paquete-salud-intestinal-y-perdida-de-peso\/#primaryimage\"},\"thumbnailUrl\":\"https:\/\/jeaken.com\/wp-content\/uploads\/2023\/03\/Sans-titre-1.jpg\",\"datePublished\":\"2023-03-19T15:46:15+00:00\",\"dateModified\":\"2023-04-06T11:30:58+00:00\",\"breadcrumb\":{\"@id\":\"https:\/\/jeaken.com\/es\/producto\/paquete-salud-intestinal-y-perdida-de-peso\/#breadcrumb\"},\"inLanguage\":\"es-ES\",\"potentialAction\":[{\"@type\":\"ReadAction\",\"target\":[\"https:\/\/jeaken.com\/es\/producto\/paquete-salud-intestinal-y-perdida-de-peso\/\"]}]},{\"@type\":\"ImageObject\",\"inLanguage\":\"es-ES\",\"@id\":\"https:\/\/jeaken.com\/es\/producto\/paquete-salud-intestinal-y-perdida-de-peso\/#primaryimage\",\"url\":\"https:\/\/jeaken.com\/wp-content\/uploads\/2023\/03\/Sans-titre-1.jpg\",\"contentUrl\":\"https:\/\/jeaken.com\/wp-content\/uploads\/2023\/03\/Sans-titre-1.jpg\",\"width\":972,\"height\":972,\"caption\":\"Gut Health and Weight Loss Bundle\"},{\"@type\":\"BreadcrumbList\",\"@id\":\"https:\/\/jeaken.com\/es\/producto\/paquete-salud-intestinal-y-perdida-de-peso\/#breadcrumb\",\"itemListElement\":[{\"@type\":\"ListItem\",\"position\":1,\"name\":\"Home\",\"item\":\"https:\/\/jeaken.com\/es\/\"},{\"@type\":\"ListItem\",\"position\":2,\"name\":\"Private: Shop\",\"item\":\"https:\/\/jeaken.com\/shop\/\"},{\"@type\":\"ListItem\",\"position\":3,\"name\":\"Salud intestinal y p\u00e9rdida de peso\"}]},{\"@type\":\"WebSite\",\"@id\":\"https:\/\/jeaken.com\/es\/#website\",\"url\":\"https:\/\/jeaken.com\/es\/\",\"name\":\"JeaKen\",\"description\":\"Organic Supplements for Health, Fitness and Nutrition\",\"publisher\":{\"@id\":\"https:\/\/jeaken.com\/es\/#organization\"},\"potentialAction\":[{\"@type\":\"SearchAction\",\"target\":{\"@type\":\"EntryPoint\",\"urlTemplate\":\"https:\/\/jeaken.com\/es\/?s={search_term_string}\"},\"query-input\":\"required name=search_term_string\"}],\"inLanguage\":\"es-ES\"},{\"@type\":\"Organization\",\"@id\":\"https:\/\/jeaken.com\/es\/#organization\",\"name\":\"JeaKen\",\"url\":\"https:\/\/jeaken.com\/es\/\",\"logo\":{\"@type\":\"ImageObject\",\"inLanguage\":\"es-ES\",\"@id\":\"https:\/\/jeaken.com\/es\/#\/schema\/logo\/image\/\",\"url\":\"https:\/\/jeaken.com\/wp-content\/uploads\/2022\/06\/jeaken-logo-23.png\",\"contentUrl\":\"https:\/\/jeaken.com\/wp-content\/uploads\/2022\/06\/jeaken-logo-23.png\",\"width\":2486,\"height\":736,\"caption\":\"JeaKen\"},\"image\":{\"@id\":\"https:\/\/jeaken.com\/es\/#\/schema\/logo\/image\/\"}}]}<\/script>\n<!-- \/ Yoast SEO plugin. -->","yoast_head_json":{"title":"Salud intestinal y p\u00e9rdida de peso - JeaKen","robots":{"index":"index","follow":"follow","max-snippet":"max-snippet:-1","max-image-preview":"max-image-preview:large","max-video-preview":"max-video-preview:-1"},"canonical":"https:\/\/jeaken.com\/es\/producto\/paquete-salud-intestinal-y-perdida-de-peso\/","og_locale":"es_ES","og_type":"article","og_title":"Salud intestinal y p\u00e9rdida de peso - JeaKen","og_description":"El paquete de salud intestinal y p\u00e9rdida de peso combina c\u00e1psulas de probi\u00f3ticos, c\u00e1psulas de t\u00e9 verde y c\u00e1psulas de vinagre de sidra de manzana para mejorar la digesti\u00f3n, la energ\u00eda y la p\u00e9rdida de peso, promoviendo el bienestar general.","og_url":"https:\/\/jeaken.com\/es\/producto\/paquete-salud-intestinal-y-perdida-de-peso\/","og_site_name":"JeaKen","article_modified_time":"2023-04-06T11:30:58+00:00","og_image":[{"width":972,"height":972,"url":"https:\/\/jeaken.com\/wp-content\/uploads\/2023\/03\/Sans-titre-1.jpg","type":"image\/jpeg"}],"twitter_card":"summary_large_image","twitter_misc":{"Est. reading time":"4 minutes"},"schema":{"@context":"https:\/\/schema.org","@graph":[{"@type":"WebPage","@id":"https:\/\/jeaken.com\/es\/producto\/paquete-salud-intestinal-y-perdida-de-peso\/","url":"https:\/\/jeaken.com\/es\/producto\/paquete-salud-intestinal-y-perdida-de-peso\/","name":"Salud intestinal y p\u00e9rdida de peso - JeaKen","isPartOf":{"@id":"https:\/\/jeaken.com\/es\/#website"},"primaryImageOfPage":{"@id":"https:\/\/jeaken.com\/es\/producto\/paquete-salud-intestinal-y-perdida-de-peso\/#primaryimage"},"image":{"@id":"https:\/\/jeaken.com\/es\/producto\/paquete-salud-intestinal-y-perdida-de-peso\/#primaryimage"},"thumbnailUrl":"https:\/\/jeaken.com\/wp-content\/uploads\/2023\/03\/Sans-titre-1.jpg","datePublished":"2023-03-19T15:46:15+00:00","dateModified":"2023-04-06T11:30:58+00:00","breadcrumb":{"@id":"https:\/\/jeaken.com\/es\/producto\/paquete-salud-intestinal-y-perdida-de-peso\/#breadcrumb"},"inLanguage":"es-ES","potentialAction":[{"@type":"ReadAction","target":["https:\/\/jeaken.com\/es\/producto\/paquete-salud-intestinal-y-perdida-de-peso\/"]}]},{"@type":"ImageObject","inLanguage":"es-ES","@id":"https:\/\/jeaken.com\/es\/producto\/paquete-salud-intestinal-y-perdida-de-peso\/#primaryimage","url":"https:\/\/jeaken.com\/wp-content\/uploads\/2023\/03\/Sans-titre-1.jpg","contentUrl":"https:\/\/jeaken.com\/wp-content\/uploads\/2023\/03\/Sans-titre-1.jpg","width":972,"height":972,"caption":"Gut Health and Weight Loss Bundle"},{"@type":"BreadcrumbList","@id":"https:\/\/jeaken.com\/es\/producto\/paquete-salud-intestinal-y-perdida-de-peso\/#breadcrumb","itemListElement":[{"@type":"ListItem","position":1,"name":"Home","item":"https:\/\/jeaken.com\/es\/"},{"@type":"ListItem","position":2,"name":"Private: Shop","item":"https:\/\/jeaken.com\/shop\/"},{"@type":"ListItem","position":3,"name":"Salud intestinal y p\u00e9rdida de peso"}]},{"@type":"WebSite","@id":"https:\/\/jeaken.com\/es\/#website","url":"https:\/\/jeaken.com\/es\/","name":"JeaKen","description":"Organic Supplements for Health, Fitness and Nutrition","publisher":{"@id":"https:\/\/jeaken.com\/es\/#organization"},"potentialAction":[{"@type":"SearchAction","target":{"@type":"EntryPoint","urlTemplate":"https:\/\/jeaken.com\/es\/?s={search_term_string}"},"query-input":"required name=search_term_string"}],"inLanguage":"es-ES"},{"@type":"Organization","@id":"https:\/\/jeaken.com\/es\/#organization","name":"JeaKen","url":"https:\/\/jeaken.com\/es\/","logo":{"@type":"ImageObject","inLanguage":"es-ES","@id":"https:\/\/jeaken.com\/es\/#\/schema\/logo\/image\/","url":"https:\/\/jeaken.com\/wp-content\/uploads\/2022\/06\/jeaken-logo-23.png","contentUrl":"https:\/\/jeaken.com\/wp-content\/uploads\/2022\/06\/jeaken-logo-23.png","width":2486,"height":736,"caption":"JeaKen"},"image":{"@id":"https:\/\/jeaken.com\/es\/#\/schema\/logo\/image\/"}}]}},"jetpack_sharing_enabled":true,"_links":{"self":[{"href":"https:\/\/jeaken.com\/es\/wp-json\/wp\/v2\/product\/14474","targetHints":{"allow":["GET"]}}],"collection":[{"href":"https:\/\/jeaken.com\/es\/wp-json\/wp\/v2\/product"}],"about":[{"href":"https:\/\/jeaken.com\/es\/wp-json\/wp\/v2\/types\/product"}],"wp:featuredmedia":[{"embeddable":true,"href":"https:\/\/jeaken.com\/es\/wp-json\/wp\/v2\/media\/16234"}],"wp:attachment":[{"href":"https:\/\/jeaken.com\/es\/wp-json\/wp\/v2\/media?parent=14474"}],"wp:term":[{"taxonomy":"product_cat","embeddable":true,"href":"https:\/\/jeaken.com\/es\/wp-json\/wp\/v2\/product_cat?post=14474"},{"taxonomy":"product_tag","embeddable":true,"href":"https:\/\/jeaken.com\/es\/wp-json\/wp\/v2\/product_tag?post=14474"}],"curies":[{"name":"wp","href":"https:\/\/api.w.org\/{rel}","templated":true}]}}