{"id":14400,"date":"2023-03-16T11:56:11","date_gmt":"2023-03-16T11:56:11","guid":{"rendered":"https:\/?post_type=product&#038;p=14400"},"modified":"2023-04-06T12:31:29","modified_gmt":"2023-04-06T11:31:29","slug":"gut-health-bundle","status":"publish","type":"product","link":"https:\/\/jeaken.com\/es\/producto\/gut-health-bundle\/","title":{"rendered":"Salud intestinal"},"content":{"rendered":"<h2>Salud intestinal<\/h2>\n<p><span data-sheets-value=\"{\"1\":2,\"2\":\"The Gut Health Bundle is a comprehensive package containing three essential supplements to support your digestive system. The Probiotics Capsules provide 6 strains of probiotics and prebiotics to support the growth of healthy gut bacteria. The Colon Cleanse helps to eliminate toxins and improve bowel movement. Lastly, the Green Tea Capsules provide natural antioxidants and energy to support digestive health. By incorporating this bundle into your daily routine, you can promote optimal digestive function and overall wellness.\"}\" data-sheets-userformat=\"{\"2\":2945,\"3\":{\"1\":0},\"10\":0,\"11\":4,\"12\":0,\"14\":{\"1\":2,\"2\":16497668}}\">El Paquete de Salud Intestinal es un paquete completo que contiene tres suplementos esenciales para apoyar su sistema digestivo. Las C\u00e1psulas de Probi\u00f3ticos proporcionan 6 cepas de probi\u00f3ticos y prebi\u00f3ticos para favorecer el crecimiento de bacterias intestinales saludables. La limpieza de colon ayuda a eliminar toxinas y a mejorar el tr\u00e1nsito intestinal. Por \u00faltimo, las c\u00e1psulas de t\u00e9 verde aportan antioxidantes naturales y energ\u00eda para favorecer la salud digestiva. Al incorporar este paquete a su rutina diaria, puede promover una funci\u00f3n digestiva \u00f3ptima y el bienestar general.<\/span><\/p>\n<h4 class=\"product_title entry-title elementor-heading-title elementor-size-default\"><strong>6 Cepas de Probi\u00f3ticos con Prebi\u00f3ticos &#8211; (90 C\u00e1psulas)<\/strong><\/h4>\n<p>&nbsp;<\/p>\n<p><strong>ALIVIO DE LA HINCHAZ\u00d3N  <\/strong><\/p>\n<p>Nuestras c\u00e1psulas se derivan de la familia de probi\u00f3ticos Lactobacillus, que son los probi\u00f3ticos m\u00e1s eficaces para ayudar a mantener un sistema digestivo saludable.<span class=\"a-list-item a-size-base\">  Nuestras cepas de bacterias, cuidadosamente seleccionadas, se encuentran entre las m\u00e1s conocidas para ayudar a aliviar la sensaci\u00f3n de hinchaz\u00f3n y plenitud.  <\/span><\/p>\n<p><span class=\"a-list-item a-size-base\"><strong>6 CEPAS ACTIVAS DE 10 MIL MILLONES DE UFC POR PORCI\u00d3N<\/strong> <\/span><\/p>\n<p><span class=\"a-list-item a-size-base\">Nuestro complejo de probi\u00f3ticos ofrece las 6 cepas m\u00e1s eficaces: lactobacillus acidophillus, lactobacillus rhamnosus, lactobacillus gasseri, bifidobacterium lactis, bifidobacterium bifidus y saccharomyces boullardii.<\/span><\/p>\n<p><strong>SOBREVIVE GRACIAS A LA ACIDEZ DEL EST\u00d3MAGO <\/strong><\/p>\n<p>Saccharomyces boulardii es un probi\u00f3tico <span class=\"a-list-item a-size-base\">bien investigado y<\/span> aclamado internacionalmente, que ha demostrado sobrevivir a la acidez del est\u00f3mago para llegar vivo al intestino.<\/p>\n<p><b>M\u00daLTIPLES BENEFICIOS PARA LA SALUD<\/b><\/p>\n<p>Nuestra innovadora f\u00f3rmula est\u00e1 reforzada con inulina, una fibra prebi\u00f3tica con potentes beneficios para la salud, entre los que se incluyen la mejora de la inmunidad, la mejora de los niveles de colesterol y la mejora del metabolismo.<span class=\"a-list-item\"><br \/>\n  <span class=\"a-size-base\">egularidad, mejor absorci\u00f3n de<\/span><br \/>\n<\/span><span class=\"a-list-item\"><br \/>\n  <span class=\"a-size-base\">a absorci\u00f3n de nutrientes, la p\u00e9rdida de peso, la mejora de la salud del tracto urinario, la mejora de los niveles de colesterol y la mejora del metabolismo.<\/span><br \/>\n<\/span><\/p>\n<p><strong>ELABORADO CON INGREDIENTES NATURALES<\/strong><\/p>\n<p>Nuestras c\u00e1psulas aptas para veganos son 100% puras y naturales con ingredientes no transg\u00e9nicos<\/p>\n<p>&nbsp;<\/p>\n<h4 class=\"product_title entry-title elementor-heading-title elementor-size-default\"><strong>Body Cleanse And Detox Capsules &#8211; Para Perder Peso Y Limpiar El Colon (90 Capsulas)<\/strong><\/h4>\n<p>&nbsp;<\/p>\n<p><span class=\"a-list-item\"><strong>ELIMINA TOXINAS<\/strong> <\/span><\/p>\n<p><span class=\"a-list-item\">Este potente producto contiene 14 ingredientes cruciales para ayudar a eliminar las toxinas del organismo.<\/span><\/p>\n<p><span class=\"a-list-item\"><strong>REDUCE LA HINCHAZ\u00d3N<\/strong> <\/span><\/p>\n<p><span class=\"a-list-item\">Nuestro suplemento ayuda a reducir la hinchaz\u00f3n mientras regula la ingesta de alimentos. Tomar este suplemento regularmente puede proporcionar un efecto equilibrante en el sistema digestivo y aliviar los s\u00edntomas del estre\u00f1imiento y la indigesti\u00f3n.<\/span><\/p>\n<p><strong><span class=\"a-list-item\">MAXIMIZA LA P\u00c9RDIDA DE PESO  <\/span><\/strong><\/p>\n<p><span class=\"a-list-item\">Nuestras c\u00e1psulas Cleanse Detox no s\u00f3lo eliminan las toxinas, sino que tambi\u00e9n maximizan su p\u00e9rdida de peso para alcanzar sus objetivos de definici\u00f3n de masa magra.<\/span><\/p>\n<p><strong><span class=\"a-list-item\">COMBINACI\u00d3N PROBI\u00d3TICA PROBADA  <\/span><\/strong><\/p>\n<p><span class=\"a-list-item\">Para obtener resultados \u00f3ptimos, hemos combinado las cualidades saludables demostradas de la c\u00e1scara de psilio con la inulina para eliminar los residuos de su sistema y refrescarlo con las &#8220;bacterias amistosas&#8221; del probi\u00f3tico Lactobacillus acidophilus.<\/span><\/p>\n<p>&nbsp;<\/p>\n<h4 class=\"product_title entry-title elementor-heading-title elementor-size-default\"><strong>C\u00e1psulas de T\u00e9 Verde &#8211; 850mg Suplementos Antioxidantes para la P\u00e9rdida de Peso (120 Tabletas)<\/strong><\/h4>\n<p>&nbsp;<\/p>\n<p><strong>OFRECE M\u00daLTIPLES BENEFICIOS PARA LA SALUD<\/strong><\/p>\n<p>El t\u00e9 verde se utiliza en la medicina china desde hace unos 4.000 a\u00f1os. Ofrece numerosos y potentes beneficios para la salud, como ayudar a reducir el riesgo de padecer enfermedades card\u00edacas y ciertos tipos de c\u00e1ncer, aumentar la proporci\u00f3n de colesterol bueno (HDL) con respecto al colesterol malo (LDL) en la sangre, mejorar el sistema inmunitario y proporcionar apoyo antioxidante.<\/p>\n<p><strong>AYUDA A PERDER PESO<\/strong><\/p>\n<p>Cuando se combina con una dieta saludable, nuestro t\u00e9 verde apto para vegetarianos funciona como una ayuda eficaz para la p\u00e9rdida de peso, ya que aumenta la tasa metab\u00f3lica y suprime el apetito.<\/p>\n<p><strong>POTENTE ANTIOXIDANTE NATURAL<\/strong><\/p>\n<p>El EGCG que se encuentra en el t\u00e9 verde es el responsable de la mayor parte de sus propiedades antioxidantes, que evitan que los radicales libres da\u00f1en sus c\u00e9lulas.<\/p>\n<p><strong>MEJORA LA MEMORIA Y LA CONCENTRACI\u00d3N<\/strong><\/p>\n<p>Las propiedades que se encuentran en el extracto de t\u00e9 verde pueden ayudar a aumentar la cognici\u00f3n y la memoria, ayud\u00e1ndole a mantenerse agudo y concentrado durante todo el d\u00eda.<\/p>\n","protected":false},"excerpt":{"rendered":"<p>El paquete de salud intestinal incluye c\u00e1psulas de probi\u00f3ticos, limpieza de colon y c\u00e1psulas de t\u00e9 verde para mejorar la digesti\u00f3n, la eliminaci\u00f3n de toxinas y la energ\u00eda. Mejore la digesti\u00f3n y el bienestar general con su uso diario.<\/p>\n","protected":false},"featured_media":16251,"template":"","meta":{"site-sidebar-layout":"default","site-content-layout":"default","ast-site-content-layout":"default","site-content-style":"default","site-sidebar-style":"default","ast-global-header-display":"","ast-banner-title-visibility":"","ast-main-header-display":"","ast-hfb-above-header-display":"","ast-hfb-below-header-display":"","ast-hfb-mobile-header-display":"","site-post-title":"","ast-breadcrumbs-content":"","ast-featured-img":"","footer-sml-layout":"","theme-transparent-header-meta":"default","adv-header-id-meta":"","stick-header-meta":"default","header-above-stick-meta":"","header-main-stick-meta":"","header-below-stick-meta":"","astra-migrate-meta-layouts":"default","ast-page-background-enabled":"default","ast-page-background-meta":{"desktop":{"background-color":"","background-image":"","background-repeat":"repeat","background-position":"center center","background-size":"auto","background-attachment":"scroll","background-type":"","background-media":"","overlay-type":"","overlay-color":"","overlay-opacity":"","overlay-gradient":""},"tablet":{"background-color":"","background-image":"","background-repeat":"repeat","background-position":"center center","background-size":"auto","background-attachment":"scroll","background-type":"","background-media":"","overlay-type":"","overlay-color":"","overlay-opacity":"","overlay-gradient":""},"mobile":{"background-color":"","background-image":"","background-repeat":"repeat","background-position":"center center","background-size":"auto","background-attachment":"scroll","background-type":"","background-media":"","overlay-type":"","overlay-color":"","overlay-opacity":"","overlay-gradient":""}},"ast-content-background-meta":{"desktop":{"background-color":"var(--ast-global-color-5)","background-image":"","background-repeat":"repeat","background-position":"center center","background-size":"auto","background-attachment":"scroll","background-type":"","background-media":"","overlay-type":"","overlay-color":"","overlay-opacity":"","overlay-gradient":""},"tablet":{"background-color":"var(--ast-global-color-5)","background-image":"","background-repeat":"repeat","background-position":"center center","background-size":"auto","background-attachment":"scroll","background-type":"","background-media":"","overlay-type":"","overlay-color":"","overlay-opacity":"","overlay-gradient":""},"mobile":{"background-color":"var(--ast-global-color-5)","background-image":"","background-repeat":"repeat","background-position":"center center","background-size":"auto","background-attachment":"scroll","background-type":"","background-media":"","overlay-type":"","overlay-color":"","overlay-opacity":"","overlay-gradient":""}}},"product_cat":[574,1311,674],"product_tag":[],"class_list":{"0":"post-14400","1":"product","2":"type-product","3":"status-publish","4":"has-post-thumbnail","6":"product_cat-complementos-alimenticios","7":"product_cat-nutricion","8":"product_cat-salud-digestiva","9":"has-subscription-plans","10":"desktop-align-left","11":"tablet-align-left","12":"mobile-align-left","14":"first","15":"instock","16":"taxable","17":"shipping-taxable","18":"purchasable","19":"product-type-simple"},"yoast_head":"<!-- This site is optimized with the Yoast SEO plugin v22.7 - https:\/\/yoast.com\/wordpress\/plugins\/seo\/ -->\n<title>Salud intestinal - JeaKen<\/title>\n<meta name=\"robots\" content=\"index, follow, max-snippet:-1, max-image-preview:large, max-video-preview:-1\" \/>\n<link rel=\"canonical\" href=\"https:\/\/jeaken.com\/es\/producto\/gut-health-bundle\/\" \/>\n<meta property=\"og:locale\" content=\"es_ES\" \/>\n<meta property=\"og:type\" content=\"article\" \/>\n<meta property=\"og:title\" content=\"Salud intestinal - JeaKen\" \/>\n<meta property=\"og:description\" content=\"El paquete de salud intestinal incluye c\u00e1psulas de probi\u00f3ticos, limpieza de colon y c\u00e1psulas de t\u00e9 verde para mejorar la digesti\u00f3n, la eliminaci\u00f3n de toxinas y la energ\u00eda. Mejore la digesti\u00f3n y el bienestar general con su uso diario.\" \/>\n<meta property=\"og:url\" content=\"https:\/\/jeaken.com\/es\/producto\/gut-health-bundle\/\" \/>\n<meta property=\"og:site_name\" content=\"JeaKen\" \/>\n<meta property=\"article:modified_time\" content=\"2023-04-06T11:31:29+00:00\" \/>\n<meta property=\"og:image\" content=\"https:\/\/jeaken.com\/wp-content\/uploads\/2023\/03\/Combine2.jpg\" \/>\n\t<meta property=\"og:image:width\" content=\"972\" \/>\n\t<meta property=\"og:image:height\" content=\"972\" \/>\n\t<meta property=\"og:image:type\" content=\"image\/jpeg\" \/>\n<meta name=\"twitter:card\" content=\"summary_large_image\" \/>\n<meta name=\"twitter:label1\" content=\"Est. reading time\" \/>\n\t<meta name=\"twitter:data1\" content=\"3 minutes\" \/>\n<script type=\"application\/ld+json\" class=\"yoast-schema-graph\">{\"@context\":\"https:\/\/schema.org\",\"@graph\":[{\"@type\":\"WebPage\",\"@id\":\"https:\/\/jeaken.com\/es\/producto\/gut-health-bundle\/\",\"url\":\"https:\/\/jeaken.com\/es\/producto\/gut-health-bundle\/\",\"name\":\"Salud intestinal - JeaKen\",\"isPartOf\":{\"@id\":\"https:\/\/jeaken.com\/es\/#website\"},\"primaryImageOfPage\":{\"@id\":\"https:\/\/jeaken.com\/es\/producto\/gut-health-bundle\/#primaryimage\"},\"image\":{\"@id\":\"https:\/\/jeaken.com\/es\/producto\/gut-health-bundle\/#primaryimage\"},\"thumbnailUrl\":\"https:\/\/jeaken.com\/wp-content\/uploads\/2023\/03\/Combine2.jpg\",\"datePublished\":\"2023-03-16T11:56:11+00:00\",\"dateModified\":\"2023-04-06T11:31:29+00:00\",\"breadcrumb\":{\"@id\":\"https:\/\/jeaken.com\/es\/producto\/gut-health-bundle\/#breadcrumb\"},\"inLanguage\":\"es-ES\",\"potentialAction\":[{\"@type\":\"ReadAction\",\"target\":[\"https:\/\/jeaken.com\/es\/producto\/gut-health-bundle\/\"]}]},{\"@type\":\"ImageObject\",\"inLanguage\":\"es-ES\",\"@id\":\"https:\/\/jeaken.com\/es\/producto\/gut-health-bundle\/#primaryimage\",\"url\":\"https:\/\/jeaken.com\/wp-content\/uploads\/2023\/03\/Combine2.jpg\",\"contentUrl\":\"https:\/\/jeaken.com\/wp-content\/uploads\/2023\/03\/Combine2.jpg\",\"width\":972,\"height\":972,\"caption\":\"Gut Health\"},{\"@type\":\"BreadcrumbList\",\"@id\":\"https:\/\/jeaken.com\/es\/producto\/gut-health-bundle\/#breadcrumb\",\"itemListElement\":[{\"@type\":\"ListItem\",\"position\":1,\"name\":\"Home\",\"item\":\"https:\/\/jeaken.com\/es\/\"},{\"@type\":\"ListItem\",\"position\":2,\"name\":\"Private: Shop\",\"item\":\"https:\/\/jeaken.com\/shop\/\"},{\"@type\":\"ListItem\",\"position\":3,\"name\":\"Salud intestinal\"}]},{\"@type\":\"WebSite\",\"@id\":\"https:\/\/jeaken.com\/es\/#website\",\"url\":\"https:\/\/jeaken.com\/es\/\",\"name\":\"JeaKen\",\"description\":\"Organic Supplements for Health, Fitness and Nutrition\",\"publisher\":{\"@id\":\"https:\/\/jeaken.com\/es\/#organization\"},\"potentialAction\":[{\"@type\":\"SearchAction\",\"target\":{\"@type\":\"EntryPoint\",\"urlTemplate\":\"https:\/\/jeaken.com\/es\/?s={search_term_string}\"},\"query-input\":\"required name=search_term_string\"}],\"inLanguage\":\"es-ES\"},{\"@type\":\"Organization\",\"@id\":\"https:\/\/jeaken.com\/es\/#organization\",\"name\":\"JeaKen\",\"url\":\"https:\/\/jeaken.com\/es\/\",\"logo\":{\"@type\":\"ImageObject\",\"inLanguage\":\"es-ES\",\"@id\":\"https:\/\/jeaken.com\/es\/#\/schema\/logo\/image\/\",\"url\":\"https:\/\/jeaken.com\/wp-content\/uploads\/2022\/06\/jeaken-logo-23.png\",\"contentUrl\":\"https:\/\/jeaken.com\/wp-content\/uploads\/2022\/06\/jeaken-logo-23.png\",\"width\":2486,\"height\":736,\"caption\":\"JeaKen\"},\"image\":{\"@id\":\"https:\/\/jeaken.com\/es\/#\/schema\/logo\/image\/\"}}]}<\/script>\n<!-- \/ Yoast SEO plugin. -->","yoast_head_json":{"title":"Salud intestinal - JeaKen","robots":{"index":"index","follow":"follow","max-snippet":"max-snippet:-1","max-image-preview":"max-image-preview:large","max-video-preview":"max-video-preview:-1"},"canonical":"https:\/\/jeaken.com\/es\/producto\/gut-health-bundle\/","og_locale":"es_ES","og_type":"article","og_title":"Salud intestinal - JeaKen","og_description":"El paquete de salud intestinal incluye c\u00e1psulas de probi\u00f3ticos, limpieza de colon y c\u00e1psulas de t\u00e9 verde para mejorar la digesti\u00f3n, la eliminaci\u00f3n de toxinas y la energ\u00eda. Mejore la digesti\u00f3n y el bienestar general con su uso diario.","og_url":"https:\/\/jeaken.com\/es\/producto\/gut-health-bundle\/","og_site_name":"JeaKen","article_modified_time":"2023-04-06T11:31:29+00:00","og_image":[{"width":972,"height":972,"url":"https:\/\/jeaken.com\/wp-content\/uploads\/2023\/03\/Combine2.jpg","type":"image\/jpeg"}],"twitter_card":"summary_large_image","twitter_misc":{"Est. reading time":"3 minutes"},"schema":{"@context":"https:\/\/schema.org","@graph":[{"@type":"WebPage","@id":"https:\/\/jeaken.com\/es\/producto\/gut-health-bundle\/","url":"https:\/\/jeaken.com\/es\/producto\/gut-health-bundle\/","name":"Salud intestinal - JeaKen","isPartOf":{"@id":"https:\/\/jeaken.com\/es\/#website"},"primaryImageOfPage":{"@id":"https:\/\/jeaken.com\/es\/producto\/gut-health-bundle\/#primaryimage"},"image":{"@id":"https:\/\/jeaken.com\/es\/producto\/gut-health-bundle\/#primaryimage"},"thumbnailUrl":"https:\/\/jeaken.com\/wp-content\/uploads\/2023\/03\/Combine2.jpg","datePublished":"2023-03-16T11:56:11+00:00","dateModified":"2023-04-06T11:31:29+00:00","breadcrumb":{"@id":"https:\/\/jeaken.com\/es\/producto\/gut-health-bundle\/#breadcrumb"},"inLanguage":"es-ES","potentialAction":[{"@type":"ReadAction","target":["https:\/\/jeaken.com\/es\/producto\/gut-health-bundle\/"]}]},{"@type":"ImageObject","inLanguage":"es-ES","@id":"https:\/\/jeaken.com\/es\/producto\/gut-health-bundle\/#primaryimage","url":"https:\/\/jeaken.com\/wp-content\/uploads\/2023\/03\/Combine2.jpg","contentUrl":"https:\/\/jeaken.com\/wp-content\/uploads\/2023\/03\/Combine2.jpg","width":972,"height":972,"caption":"Gut Health"},{"@type":"BreadcrumbList","@id":"https:\/\/jeaken.com\/es\/producto\/gut-health-bundle\/#breadcrumb","itemListElement":[{"@type":"ListItem","position":1,"name":"Home","item":"https:\/\/jeaken.com\/es\/"},{"@type":"ListItem","position":2,"name":"Private: Shop","item":"https:\/\/jeaken.com\/shop\/"},{"@type":"ListItem","position":3,"name":"Salud intestinal"}]},{"@type":"WebSite","@id":"https:\/\/jeaken.com\/es\/#website","url":"https:\/\/jeaken.com\/es\/","name":"JeaKen","description":"Organic Supplements for Health, Fitness and Nutrition","publisher":{"@id":"https:\/\/jeaken.com\/es\/#organization"},"potentialAction":[{"@type":"SearchAction","target":{"@type":"EntryPoint","urlTemplate":"https:\/\/jeaken.com\/es\/?s={search_term_string}"},"query-input":"required name=search_term_string"}],"inLanguage":"es-ES"},{"@type":"Organization","@id":"https:\/\/jeaken.com\/es\/#organization","name":"JeaKen","url":"https:\/\/jeaken.com\/es\/","logo":{"@type":"ImageObject","inLanguage":"es-ES","@id":"https:\/\/jeaken.com\/es\/#\/schema\/logo\/image\/","url":"https:\/\/jeaken.com\/wp-content\/uploads\/2022\/06\/jeaken-logo-23.png","contentUrl":"https:\/\/jeaken.com\/wp-content\/uploads\/2022\/06\/jeaken-logo-23.png","width":2486,"height":736,"caption":"JeaKen"},"image":{"@id":"https:\/\/jeaken.com\/es\/#\/schema\/logo\/image\/"}}]}},"jetpack_sharing_enabled":true,"_links":{"self":[{"href":"https:\/\/jeaken.com\/es\/wp-json\/wp\/v2\/product\/14400","targetHints":{"allow":["GET"]}}],"collection":[{"href":"https:\/\/jeaken.com\/es\/wp-json\/wp\/v2\/product"}],"about":[{"href":"https:\/\/jeaken.com\/es\/wp-json\/wp\/v2\/types\/product"}],"wp:featuredmedia":[{"embeddable":true,"href":"https:\/\/jeaken.com\/es\/wp-json\/wp\/v2\/media\/16251"}],"wp:attachment":[{"href":"https:\/\/jeaken.com\/es\/wp-json\/wp\/v2\/media?parent=14400"}],"wp:term":[{"taxonomy":"product_cat","embeddable":true,"href":"https:\/\/jeaken.com\/es\/wp-json\/wp\/v2\/product_cat?post=14400"},{"taxonomy":"product_tag","embeddable":true,"href":"https:\/\/jeaken.com\/es\/wp-json\/wp\/v2\/product_tag?post=14400"}],"curies":[{"name":"wp","href":"https:\/\/api.w.org\/{rel}","templated":true}]}}