{"id":14392,"date":"2023-03-16T11:43:40","date_gmt":"2023-03-16T11:43:40","guid":{"rendered":"https:\/?post_type=product&#038;p=14392"},"modified":"2023-04-06T12:31:27","modified_gmt":"2023-04-06T11:31:27","slug":"mental-clarity-and-gut-health-bundle","status":"publish","type":"product","link":"https:\/\/jeaken.com\/es\/producto\/mental-clarity-and-gut-health-bundle\/","title":{"rendered":"Paquete de claridad mental y salud intestinal"},"content":{"rendered":"<h2>Paquete de claridad mental y salud intestinal<\/h2>\n<p><span data-sheets-value=\"{\"1\":2,\"2\":\"The Mental Clarity &amp; Focus and Digestive Health Bundle is a powerful combination of three key products designed to optimize your overall wellness. This bundle includes Super Mind Nootropics, a potent supplement that contains a blend of natural ingredients that support cognitive function and mental clarity. Lion's Mane Mushroom Capsules are also included in this bundle, providing a natural way to support brain function and enhance focus. Finally, 6 Strains Probiotics with Prebiotics Capsules offer a natural way to support healthy digestion and promote overall wellness. With this bundle, you'll have everything you need to take your mental clarity and digestive health to the next level.\"}\" data-sheets-userformat=\"{\"2\":897,\"3\":{\"1\":0},\"10\":0,\"11\":4,\"12\":0}\">El Paquete de Claridad Mental y Salud Digestiva\/Intestinal es una potente combinaci\u00f3n de tres productos clave dise\u00f1ados para optimizar su bienestar general. Este paquete incluye Super Mind Nootropics, un potente suplemento que contiene una mezcla de ingredientes naturales que favorecen la funci\u00f3n cognitiva y la claridad mental. Las c\u00e1psulas de seta de melena de le\u00f3n tambi\u00e9n se incluyen en este paquete, proporcionando una forma natural de apoyar la funci\u00f3n cerebral y mejorar la concentraci\u00f3n. Por \u00faltimo, las c\u00e1psulas de 6 cepas de probi\u00f3ticos con prebi\u00f3ticos ofrecen una forma natural de favorecer una digesti\u00f3n saludable y promover el bienestar general. Con este paquete, tendr\u00e1 todo lo que necesita para llevar su claridad mental y su salud digestiva al siguiente nivel.<\/span><\/p>\n<p>&nbsp;<\/p>\n<h4 class=\"product_title entry-title elementor-heading-title elementor-size-default\"><strong>Super Mind Nootropics &#8211; 60 C\u00e1psulas Veganas<\/strong><\/h4>\n<ul class=\"a-unordered-list a-vertical a-spacing-none\">\n<li class=\"a-spacing-small\"><span class=\"a-list-item a-size-base\">REFUERCE LA MEMORIA, LA CONCENTRACI\u00d3N Y EL ESTADO DE ALERTA &#8211; A diferencia de muchos suplementos para el cerebro, las c\u00e1psulas de refuerzo cerebral de JeaKen nootropics est\u00e1n elaboradas con ingredientes naturales como la Rhodiola Rosea, que ayuda a aumentar la concentraci\u00f3n y el estado de alerta, refuerza la energ\u00eda mental y mejora la memoria.  <\/span><\/li>\n<li class=\"a-spacing-small\"><span class=\"a-list-item a-size-base\">REDUCE LA FATIGA, MEJORA LA CONCENTRACION &#8211; Guaran\u00e1, una planta nativa del Amazonas contiene naturalmente cafe\u00edna, su demostrado ser muy eficaz en la reducci\u00f3n de la fatiga y la mejora de la concentraci\u00f3n mental. La combinaci\u00f3n de cafe\u00edna y teanina ha demostrado ser muy eficaz para mejorar el rendimiento cognitivo.  <\/span><\/li>\n<li class=\"a-spacing-small\"><span class=\"a-list-item a-size-base\">S\u00d3LO LOS MEJORES INGREDIENTES &#8211; Nuestro suplemento para la memoria est\u00e1 hecho de vitaminas, minerales y extractos de hierbas totalmente naturales, sin el uso de aditivos da\u00f1inos; no GMO, y libre de hormonas, gluten.  <\/span><\/li>\n<li class=\"a-spacing-small\"><span class=\"a-list-item a-size-base\">RESPALDADO POR LA CIENCIA &#8211; Se tuvo mucho cuidado en combinar la cantidad justa de cada ingrediente en una f\u00f3rmula avanzada dise\u00f1ada para ayudar a mantener el ox\u00edgeno y la circulaci\u00f3n en las c\u00e9lulas cerebrales, y las neuronas dise\u00f1adas para apoyar la memoria, la concentraci\u00f3n y la claridad.<\/span><\/li>\n<\/ul>\n<h4 class=\"product_title entry-title elementor-heading-title elementor-size-default\"><strong>C\u00e1psulas de Hongos Melena de Le\u00f3n &#8211; Suplemento Nootr\u00f3pico para Mejorar la Funci\u00f3n Cognitiva y del Sistema Inmune. 5000 mg<\/strong><\/h4>\n<p>&nbsp;<\/p>\n<p><strong><span class=\"a-list-item a-size-base\">APOYA LA FUNCI\u00d3N COGNITIVA  <\/span><\/strong><\/p>\n<p><span class=\"a-list-item a-size-base\">La Melena de Le\u00f3n es un estimulante cerebral de eficacia probada, por lo que es un suplemento muy popular entre quienes trabajan o estudian. Adem\u00e1s de potenciar la memoria, nuestras c\u00e1psulas pueden ayudar a despejar la niebla mental y proporcionar apoyo al sistema cerebral y nervioso.<\/span><\/p>\n<p><strong><br \/>\nFAVORECE LA SALUD DE LAS ARTICULACIONES<\/strong><\/p>\n<p>Nuestras c\u00e1psulas, de eficacia probada, favorecen la salud de las articulaciones y refuerzan el sistema inmunitario.<\/p>\n<p>&nbsp;<\/p>\n<p><strong>MEJORA LA SALUD ESPIRITUAL<\/strong><\/p>\n<p>El extracto de Reishi es conocido por ayudar en las afecciones respiratorias cr\u00f3nicas.<\/p>\n<p>&nbsp;<\/p>\n<p><strong>REGULA LAS HORMONAS<\/strong><\/p>\n<p>Nuestras c\u00e1psulas son muy eficaces para ayudar a regular las hormonas. El equilibrio hormonal es clave para regular la funci\u00f3n sensual, la regulaci\u00f3n del estado de \u00e1nimo y mucho m\u00e1s.<\/p>\n<p>&nbsp;<\/p>\n<p><strong>EXTRACTO DE HONGOS 10:1<\/strong><\/p>\n<p>Las setas tienen una dura pared celular compuesta de quitina que a los humanos les cuesta digerir. Esta pared celular limita nuestro acceso a los importantes compuestos medicinales que dan a las setas sus maravillosos beneficios.<\/p>\n<p>&nbsp;<\/p>\n<p><strong>RELLENOS DE GRANO CERO<\/strong><\/p>\n<p>Muchos productos de hongos medicinales no contienen realmente ning\u00fan hongo. Se elaboran a partir del sistema radicular del hongo, llamado micelio, y este micelio se cultiva en granos como el arroz, la avena y el sorgo.<\/p>\n<p>&nbsp;<\/p>\n<p><strong>APOYA LA FUNCI\u00d3N COGNITIVA  <\/strong><\/p>\n<p>La Melena de Le\u00f3n es un estimulante cognitivo de probada eficacia para despejar la niebla mental y proporcionar apoyo al sistema nervioso y cerebral.<\/p>\n<p>&nbsp;<\/p>\n<p><strong>REFUERZA EL SISTEMA INMUNITARIO  <\/strong><\/p>\n<p>Se cree que el hongo Melena de Le\u00f3n mejora la funci\u00f3n inmunitaria y favorece el crecimiento de bacterias buenas en el intestino.<\/p>\n<p>&nbsp;<\/p>\n<p><strong>AYUDA A EQUILIBRAR NATURALMENTE EL ESTADO DE \u00c1NIMO  <\/strong><\/p>\n<p>Las investigaciones indican que el hongo Melena de Le\u00f3n puede ayudar a promover un estado de \u00e1nimo tranquilo y relajado. Tambi\u00e9n tiene propiedades regeneradoras de los nervios que pueden contribuir a una buena salud del coraz\u00f3n.<\/p>\n<h4 class=\"product_title entry-title elementor-heading-title elementor-size-default\"><strong>6 Cepas de Probi\u00f3ticos con Prebi\u00f3ticos &#8211; (90 C\u00e1psulas)<\/strong><\/h4>\n<p>&nbsp;<\/p>\n<p><strong>ALIVIO DE LA HINCHAZ\u00d3N  <\/strong><\/p>\n<p>Nuestras c\u00e1psulas se derivan de la familia de probi\u00f3ticos Lactobacillus, que son los probi\u00f3ticos m\u00e1s eficaces para ayudar a mantener un sistema digestivo saludable.<span class=\"a-list-item a-size-base\">  Nuestras cepas de bacterias, cuidadosamente seleccionadas, se encuentran entre las m\u00e1s conocidas para ayudar a aliviar la sensaci\u00f3n de hinchaz\u00f3n y plenitud.  <\/span><\/p>\n<p><span class=\"a-list-item a-size-base\"><strong>6 CEPAS ACTIVAS DE 10 MIL MILLONES DE UFC POR PORCI\u00d3N<\/strong> <\/span><\/p>\n<p><span class=\"a-list-item a-size-base\">Nuestro complejo de probi\u00f3ticos ofrece las 6 cepas m\u00e1s eficaces: lactobacillus acidophillus, lactobacillus rhamnosus, lactobacillus gasseri, bifidobacterium lactis, bifidobacterium bifidus y saccharomyces boullardii.<\/span><\/p>\n<p><strong>SOBREVIVE GRACIAS A LA ACIDEZ DEL EST\u00d3MAGO <\/strong><\/p>\n<p>Saccharomyces boulardii es un probi\u00f3tico <span class=\"a-list-item a-size-base\">bien investigado y<\/span> aclamado internacionalmente, que ha demostrado sobrevivir a la acidez del est\u00f3mago para llegar vivo al intestino.<\/p>\n<p><b>M\u00daLTIPLES BENEFICIOS PARA LA SALUD<\/b><\/p>\n<p>Nuestra innovadora f\u00f3rmula est\u00e1 reforzada con inulina, una fibra prebi\u00f3tica con potentes beneficios para la salud, entre los que se incluyen la mejora de la inmunidad, la mejora de los niveles de colesterol y la mejora del metabolismo.<span class=\"a-list-item\"><br \/>\n  <span class=\"a-size-base\">egularidad, mejor absorci\u00f3n de<\/span><br \/>\n<\/span><span class=\"a-list-item\"><br \/>\n  <span class=\"a-size-base\">a absorci\u00f3n de nutrientes, la p\u00e9rdida de peso, la mejora de la salud del tracto urinario, la mejora de los niveles de colesterol y la mejora del metabolismo.<\/span><br \/>\n<\/span><\/p>\n<p><strong>ELABORADO CON INGREDIENTES NATURALES<\/strong><\/p>\n<p>Nuestras c\u00e1psulas aptas para veganos son 100% puras y naturales con ingredientes no transg\u00e9nicos<\/p>\n","protected":false},"excerpt":{"rendered":"<p>El paquete de Claridad Mental y Salud Intestinal ayuda a elevar la claridad mental y la salud digestiva de forma eficaz. El paquete incluye Super Mind Nootropics, C\u00e1psulas de Hongos Melena de Le\u00f3n y C\u00e1psulas de 6 Cepas de Probi\u00f3ticos con Prebi\u00f3ticos para mejorar la funci\u00f3n cognitiva, la concentraci\u00f3n y la digesti\u00f3n para un bienestar general.<\/p>\n","protected":false},"featured_media":16296,"template":"","meta":{"site-sidebar-layout":"default","site-content-layout":"default","ast-site-content-layout":"default","site-content-style":"default","site-sidebar-style":"default","ast-global-header-display":"","ast-banner-title-visibility":"","ast-main-header-display":"","ast-hfb-above-header-display":"","ast-hfb-below-header-display":"","ast-hfb-mobile-header-display":"","site-post-title":"","ast-breadcrumbs-content":"","ast-featured-img":"","footer-sml-layout":"","theme-transparent-header-meta":"default","adv-header-id-meta":"","stick-header-meta":"default","header-above-stick-meta":"","header-main-stick-meta":"","header-below-stick-meta":"","astra-migrate-meta-layouts":"default","ast-page-background-enabled":"default","ast-page-background-meta":{"desktop":{"background-color":"","background-image":"","background-repeat":"repeat","background-position":"center center","background-size":"auto","background-attachment":"scroll","background-type":"","background-media":"","overlay-type":"","overlay-color":"","overlay-opacity":"","overlay-gradient":""},"tablet":{"background-color":"","background-image":"","background-repeat":"repeat","background-position":"center center","background-size":"auto","background-attachment":"scroll","background-type":"","background-media":"","overlay-type":"","overlay-color":"","overlay-opacity":"","overlay-gradient":""},"mobile":{"background-color":"","background-image":"","background-repeat":"repeat","background-position":"center center","background-size":"auto","background-attachment":"scroll","background-type":"","background-media":"","overlay-type":"","overlay-color":"","overlay-opacity":"","overlay-gradient":""}},"ast-content-background-meta":{"desktop":{"background-color":"var(--ast-global-color-5)","background-image":"","background-repeat":"repeat","background-position":"center center","background-size":"auto","background-attachment":"scroll","background-type":"","background-media":"","overlay-type":"","overlay-color":"","overlay-opacity":"","overlay-gradient":""},"tablet":{"background-color":"var(--ast-global-color-5)","background-image":"","background-repeat":"repeat","background-position":"center center","background-size":"auto","background-attachment":"scroll","background-type":"","background-media":"","overlay-type":"","overlay-color":"","overlay-opacity":"","overlay-gradient":""},"mobile":{"background-color":"var(--ast-global-color-5)","background-image":"","background-repeat":"repeat","background-position":"center center","background-size":"auto","background-attachment":"scroll","background-type":"","background-media":"","overlay-type":"","overlay-color":"","overlay-opacity":"","overlay-gradient":""}}},"product_cat":[574,571,1311,573],"product_tag":[1720],"class_list":{"0":"post-14392","1":"product","2":"type-product","3":"status-publish","4":"has-post-thumbnail","6":"product_cat-complementos-alimenticios","7":"product_cat-estado-de-animo-y-bienestar","8":"product_cat-nutricion","9":"product_cat-potenciadores-del-cerebro","10":"product_tag-salud-intestinal","11":"has-subscription-plans","12":"desktop-align-left","13":"tablet-align-left","14":"mobile-align-left","16":"first","17":"instock","18":"taxable","19":"shipping-taxable","20":"purchasable","21":"product-type-simple"},"yoast_head":"<!-- This site is optimized with the Yoast SEO plugin v22.7 - https:\/\/yoast.com\/wordpress\/plugins\/seo\/ -->\n<title>Paquete de claridad mental y salud intestinal - JeaKen<\/title>\n<meta name=\"robots\" content=\"index, follow, max-snippet:-1, max-image-preview:large, max-video-preview:-1\" \/>\n<link rel=\"canonical\" href=\"https:\/\/jeaken.com\/es\/producto\/mental-clarity-and-gut-health-bundle\/\" \/>\n<meta property=\"og:locale\" content=\"es_ES\" \/>\n<meta property=\"og:type\" content=\"article\" \/>\n<meta property=\"og:title\" content=\"Paquete de claridad mental y salud intestinal - JeaKen\" \/>\n<meta property=\"og:description\" content=\"El paquete de Claridad Mental y Salud Intestinal ayuda a elevar la claridad mental y la salud digestiva de forma eficaz. El paquete incluye Super Mind Nootropics, C\u00e1psulas de Hongos Melena de Le\u00f3n y C\u00e1psulas de 6 Cepas de Probi\u00f3ticos con Prebi\u00f3ticos para mejorar la funci\u00f3n cognitiva, la concentraci\u00f3n y la digesti\u00f3n para un bienestar general.\" \/>\n<meta property=\"og:url\" content=\"https:\/\/jeaken.com\/es\/producto\/mental-clarity-and-gut-health-bundle\/\" \/>\n<meta property=\"og:site_name\" content=\"JeaKen\" \/>\n<meta property=\"article:modified_time\" content=\"2023-04-06T11:31:27+00:00\" \/>\n<meta property=\"og:image\" content=\"https:\/\/jeaken.com\/wp-content\/uploads\/2023\/03\/Combine6.jpg\" \/>\n\t<meta property=\"og:image:width\" content=\"972\" \/>\n\t<meta property=\"og:image:height\" content=\"972\" \/>\n\t<meta property=\"og:image:type\" content=\"image\/jpeg\" \/>\n<meta name=\"twitter:card\" content=\"summary_large_image\" \/>\n<meta name=\"twitter:label1\" content=\"Est. reading time\" \/>\n\t<meta name=\"twitter:data1\" content=\"5 minutes\" \/>\n<script type=\"application\/ld+json\" class=\"yoast-schema-graph\">{\"@context\":\"https:\/\/schema.org\",\"@graph\":[{\"@type\":\"WebPage\",\"@id\":\"https:\/\/jeaken.com\/es\/producto\/mental-clarity-and-gut-health-bundle\/\",\"url\":\"https:\/\/jeaken.com\/es\/producto\/mental-clarity-and-gut-health-bundle\/\",\"name\":\"Paquete de claridad mental y salud intestinal - JeaKen\",\"isPartOf\":{\"@id\":\"https:\/\/jeaken.com\/es\/#website\"},\"primaryImageOfPage\":{\"@id\":\"https:\/\/jeaken.com\/es\/producto\/mental-clarity-and-gut-health-bundle\/#primaryimage\"},\"image\":{\"@id\":\"https:\/\/jeaken.com\/es\/producto\/mental-clarity-and-gut-health-bundle\/#primaryimage\"},\"thumbnailUrl\":\"https:\/\/jeaken.com\/wp-content\/uploads\/2023\/03\/Combine6.jpg\",\"datePublished\":\"2023-03-16T11:43:40+00:00\",\"dateModified\":\"2023-04-06T11:31:27+00:00\",\"breadcrumb\":{\"@id\":\"https:\/\/jeaken.com\/es\/producto\/mental-clarity-and-gut-health-bundle\/#breadcrumb\"},\"inLanguage\":\"es-ES\",\"potentialAction\":[{\"@type\":\"ReadAction\",\"target\":[\"https:\/\/jeaken.com\/es\/producto\/mental-clarity-and-gut-health-bundle\/\"]}]},{\"@type\":\"ImageObject\",\"inLanguage\":\"es-ES\",\"@id\":\"https:\/\/jeaken.com\/es\/producto\/mental-clarity-and-gut-health-bundle\/#primaryimage\",\"url\":\"https:\/\/jeaken.com\/wp-content\/uploads\/2023\/03\/Combine6.jpg\",\"contentUrl\":\"https:\/\/jeaken.com\/wp-content\/uploads\/2023\/03\/Combine6.jpg\",\"width\":972,\"height\":972,\"caption\":\"Mental Clarity and Gut Health Bundle\"},{\"@type\":\"BreadcrumbList\",\"@id\":\"https:\/\/jeaken.com\/es\/producto\/mental-clarity-and-gut-health-bundle\/#breadcrumb\",\"itemListElement\":[{\"@type\":\"ListItem\",\"position\":1,\"name\":\"Home\",\"item\":\"https:\/\/jeaken.com\/es\/\"},{\"@type\":\"ListItem\",\"position\":2,\"name\":\"Private: Shop\",\"item\":\"https:\/\/jeaken.com\/shop\/\"},{\"@type\":\"ListItem\",\"position\":3,\"name\":\"Paquete de claridad mental y salud intestinal\"}]},{\"@type\":\"WebSite\",\"@id\":\"https:\/\/jeaken.com\/es\/#website\",\"url\":\"https:\/\/jeaken.com\/es\/\",\"name\":\"JeaKen\",\"description\":\"Organic Supplements for Health, Fitness and Nutrition\",\"publisher\":{\"@id\":\"https:\/\/jeaken.com\/es\/#organization\"},\"potentialAction\":[{\"@type\":\"SearchAction\",\"target\":{\"@type\":\"EntryPoint\",\"urlTemplate\":\"https:\/\/jeaken.com\/es\/?s={search_term_string}\"},\"query-input\":\"required name=search_term_string\"}],\"inLanguage\":\"es-ES\"},{\"@type\":\"Organization\",\"@id\":\"https:\/\/jeaken.com\/es\/#organization\",\"name\":\"JeaKen\",\"url\":\"https:\/\/jeaken.com\/es\/\",\"logo\":{\"@type\":\"ImageObject\",\"inLanguage\":\"es-ES\",\"@id\":\"https:\/\/jeaken.com\/es\/#\/schema\/logo\/image\/\",\"url\":\"https:\/\/jeaken.com\/wp-content\/uploads\/2022\/06\/jeaken-logo-23.png\",\"contentUrl\":\"https:\/\/jeaken.com\/wp-content\/uploads\/2022\/06\/jeaken-logo-23.png\",\"width\":2486,\"height\":736,\"caption\":\"JeaKen\"},\"image\":{\"@id\":\"https:\/\/jeaken.com\/es\/#\/schema\/logo\/image\/\"}}]}<\/script>\n<!-- \/ Yoast SEO plugin. -->","yoast_head_json":{"title":"Paquete de claridad mental y salud intestinal - JeaKen","robots":{"index":"index","follow":"follow","max-snippet":"max-snippet:-1","max-image-preview":"max-image-preview:large","max-video-preview":"max-video-preview:-1"},"canonical":"https:\/\/jeaken.com\/es\/producto\/mental-clarity-and-gut-health-bundle\/","og_locale":"es_ES","og_type":"article","og_title":"Paquete de claridad mental y salud intestinal - JeaKen","og_description":"El paquete de Claridad Mental y Salud Intestinal ayuda a elevar la claridad mental y la salud digestiva de forma eficaz. El paquete incluye Super Mind Nootropics, C\u00e1psulas de Hongos Melena de Le\u00f3n y C\u00e1psulas de 6 Cepas de Probi\u00f3ticos con Prebi\u00f3ticos para mejorar la funci\u00f3n cognitiva, la concentraci\u00f3n y la digesti\u00f3n para un bienestar general.","og_url":"https:\/\/jeaken.com\/es\/producto\/mental-clarity-and-gut-health-bundle\/","og_site_name":"JeaKen","article_modified_time":"2023-04-06T11:31:27+00:00","og_image":[{"width":972,"height":972,"url":"https:\/\/jeaken.com\/wp-content\/uploads\/2023\/03\/Combine6.jpg","type":"image\/jpeg"}],"twitter_card":"summary_large_image","twitter_misc":{"Est. reading time":"5 minutes"},"schema":{"@context":"https:\/\/schema.org","@graph":[{"@type":"WebPage","@id":"https:\/\/jeaken.com\/es\/producto\/mental-clarity-and-gut-health-bundle\/","url":"https:\/\/jeaken.com\/es\/producto\/mental-clarity-and-gut-health-bundle\/","name":"Paquete de claridad mental y salud intestinal - JeaKen","isPartOf":{"@id":"https:\/\/jeaken.com\/es\/#website"},"primaryImageOfPage":{"@id":"https:\/\/jeaken.com\/es\/producto\/mental-clarity-and-gut-health-bundle\/#primaryimage"},"image":{"@id":"https:\/\/jeaken.com\/es\/producto\/mental-clarity-and-gut-health-bundle\/#primaryimage"},"thumbnailUrl":"https:\/\/jeaken.com\/wp-content\/uploads\/2023\/03\/Combine6.jpg","datePublished":"2023-03-16T11:43:40+00:00","dateModified":"2023-04-06T11:31:27+00:00","breadcrumb":{"@id":"https:\/\/jeaken.com\/es\/producto\/mental-clarity-and-gut-health-bundle\/#breadcrumb"},"inLanguage":"es-ES","potentialAction":[{"@type":"ReadAction","target":["https:\/\/jeaken.com\/es\/producto\/mental-clarity-and-gut-health-bundle\/"]}]},{"@type":"ImageObject","inLanguage":"es-ES","@id":"https:\/\/jeaken.com\/es\/producto\/mental-clarity-and-gut-health-bundle\/#primaryimage","url":"https:\/\/jeaken.com\/wp-content\/uploads\/2023\/03\/Combine6.jpg","contentUrl":"https:\/\/jeaken.com\/wp-content\/uploads\/2023\/03\/Combine6.jpg","width":972,"height":972,"caption":"Mental Clarity and Gut Health Bundle"},{"@type":"BreadcrumbList","@id":"https:\/\/jeaken.com\/es\/producto\/mental-clarity-and-gut-health-bundle\/#breadcrumb","itemListElement":[{"@type":"ListItem","position":1,"name":"Home","item":"https:\/\/jeaken.com\/es\/"},{"@type":"ListItem","position":2,"name":"Private: Shop","item":"https:\/\/jeaken.com\/shop\/"},{"@type":"ListItem","position":3,"name":"Paquete de claridad mental y salud intestinal"}]},{"@type":"WebSite","@id":"https:\/\/jeaken.com\/es\/#website","url":"https:\/\/jeaken.com\/es\/","name":"JeaKen","description":"Organic Supplements for Health, Fitness and Nutrition","publisher":{"@id":"https:\/\/jeaken.com\/es\/#organization"},"potentialAction":[{"@type":"SearchAction","target":{"@type":"EntryPoint","urlTemplate":"https:\/\/jeaken.com\/es\/?s={search_term_string}"},"query-input":"required name=search_term_string"}],"inLanguage":"es-ES"},{"@type":"Organization","@id":"https:\/\/jeaken.com\/es\/#organization","name":"JeaKen","url":"https:\/\/jeaken.com\/es\/","logo":{"@type":"ImageObject","inLanguage":"es-ES","@id":"https:\/\/jeaken.com\/es\/#\/schema\/logo\/image\/","url":"https:\/\/jeaken.com\/wp-content\/uploads\/2022\/06\/jeaken-logo-23.png","contentUrl":"https:\/\/jeaken.com\/wp-content\/uploads\/2022\/06\/jeaken-logo-23.png","width":2486,"height":736,"caption":"JeaKen"},"image":{"@id":"https:\/\/jeaken.com\/es\/#\/schema\/logo\/image\/"}}]}},"jetpack_sharing_enabled":true,"_links":{"self":[{"href":"https:\/\/jeaken.com\/es\/wp-json\/wp\/v2\/product\/14392","targetHints":{"allow":["GET"]}}],"collection":[{"href":"https:\/\/jeaken.com\/es\/wp-json\/wp\/v2\/product"}],"about":[{"href":"https:\/\/jeaken.com\/es\/wp-json\/wp\/v2\/types\/product"}],"wp:featuredmedia":[{"embeddable":true,"href":"https:\/\/jeaken.com\/es\/wp-json\/wp\/v2\/media\/16296"}],"wp:attachment":[{"href":"https:\/\/jeaken.com\/es\/wp-json\/wp\/v2\/media?parent=14392"}],"wp:term":[{"taxonomy":"product_cat","embeddable":true,"href":"https:\/\/jeaken.com\/es\/wp-json\/wp\/v2\/product_cat?post=14392"},{"taxonomy":"product_tag","embeddable":true,"href":"https:\/\/jeaken.com\/es\/wp-json\/wp\/v2\/product_tag?post=14392"}],"curies":[{"name":"wp","href":"https:\/\/api.w.org\/{rel}","templated":true}]}}