{"id":14352,"date":"2023-03-16T10:28:24","date_gmt":"2023-03-16T10:28:24","guid":{"rendered":"https:\/?post_type=product&#038;p=14352"},"modified":"2023-04-06T12:31:01","modified_gmt":"2023-04-06T11:31:01","slug":"mental-clarity-bundle","status":"publish","type":"product","link":"https:\/\/jeaken.com\/es\/producto\/mental-clarity-bundle\/","title":{"rendered":"Paquete Claridad Mental"},"content":{"rendered":"<h2>Paquete Claridad Mental<\/h2>\n<p><span data-sheets-value=\"{\"1\":2,\"2\":\"Looking to improve their mental clarity and focus, combining the Mental Clarity &amp; Focus Bundle with the right lifestyle changes can yield excellent results. In addition to incorporating a healthy diet and exercise regimen, taking regular breaks to reduce stress and staying hydrated can help. When using the Super Mind Nootropics and Mushroom Capsules in this bundle, it's important to follow the recommended dosages and take them consistently for optimal results. Additionally, the Nootropics Cognitive Enhancer can provide an extra boost to your cognitive function, especially when used in conjunction with the other supplements in this bundle. Remember to consult with a healthcare professional before starting any new supplement regimen.\"}\" data-sheets-userformat=\"{\"2\":2947,\"3\":{\"1\":0},\"4\":{\"1\":3,\"3\":2},\"10\":0,\"11\":4,\"12\":0,\"14\":{\"1\":2,\"2\":65280}}\">Si desea mejorar su claridad mental y su concentraci\u00f3n, la combinaci\u00f3n del Paquete Claridad Mental con los cambios adecuados en su estilo de vida puede dar excelentes resultados. Adem\u00e1s de incorporar una dieta sana y un r\u00e9gimen de ejercicio, tomar descansos regulares para reducir el estr\u00e9s y mantenerse hidratado pueden ayudar. Al utilizar las c\u00e1psulas de Super Mind Nootropics y Mushroom de este paquete, es importante seguir las dosis recomendadas y tomarlas de forma constante para obtener resultados \u00f3ptimos. Adem\u00e1s, el potenciador cognitivo Nootropics puede proporcionar un impulso adicional a su funci\u00f3n cognitiva, especialmente cuando se utiliza junto con los otros suplementos de este paquete. Recuerde consultar con un profesional sanitario antes de iniciar cualquier nuevo r\u00e9gimen de suplementos.<\/span><\/p>\n<h4 class=\"product_title entry-title elementor-heading-title elementor-size-default\"><strong>Super Mind Nootropics &#8211; 60 C\u00e1psulas Veganas<\/strong><\/h4>\n<p>&nbsp;<\/p>\n<ul class=\"a-unordered-list a-vertical a-spacing-none\">\n<li class=\"a-spacing-small\"><span class=\"a-list-item a-size-base\">Aumentar la memoria, la concentraci\u00f3n y el estado de alerta &#8211; A diferencia de muchos suplementos para el cerebro, las c\u00e1psulas JeaKen nootropics brain boost est\u00e1n hechas con ingredientes naturales como la Rhodiola Rosea, que ayudan a aumentar la concentraci\u00f3n y el estado de alerta, a potenciar la energ\u00eda mental y a mejorar la memoria.  <\/span><\/li>\n<li class=\"a-spacing-small\"><span class=\"a-list-item a-size-base\">REDUCE LA FATIGA, MEJORA LA CONCENTRACI\u00d3N &#8211; El Guaran\u00e1, una planta nativa del Amazonas, contiene naturalmente cafe\u00edna, y ha demostrado ser muy eficaz para reducir la fatiga y mejorar la concentraci\u00f3n mental. La combinaci\u00f3n de cafe\u00edna y teanina ha demostrado ser muy eficaz para mejorar el rendimiento cognitivo.  <\/span><\/li>\n<li class=\"a-spacing-small\"><span class=\"a-list-item a-size-base\">S\u00d3LO LOS MEJORES INGREDIENTES &#8211; Nuestro suplemento para la memoria est\u00e1 hecho de vitaminas, minerales y extractos de hierbas totalmente naturales, sin el uso de aditivos da\u00f1inos; no GMO, y libre de hormonas, gluten.  <\/span><\/li>\n<li class=\"a-spacing-small\"><span class=\"a-list-item a-size-base\">RESPALDADO POR LA CIENCIA &#8211; Se tuvo mucho cuidado en combinar la cantidad justa de cada ingrediente en una f\u00f3rmula avanzada elaborada para ayudar a apoyar el ox\u00edgeno y la circulaci\u00f3n en las c\u00e9lulas del cerebro, y las neuronas dise\u00f1adas para apoyar la memoria, el enfoque y la claridad.<\/span><\/li>\n<\/ul>\n<h4><strong>C\u00e1psulas de Hongos Melena de Le\u00f3n &#8211; Suplemento Nootr\u00f3pico para Mejorar la Funci\u00f3n Cognitiva y del Sistema Inmune. 5000mg.<\/strong><\/h4>\n<p>&nbsp;<\/p>\n<p><strong><span class=\"a-list-item a-size-base\">APOYA LA FUNCI\u00d3N COGNITIVA  <\/span><\/strong><\/p>\n<p><span class=\"a-list-item a-size-base\">La Melena de Le\u00f3n es un estimulante cerebral de eficacia probada, por lo que es un suplemento muy popular entre quienes trabajan o estudian. Adem\u00e1s de potenciar la memoria, nuestras c\u00e1psulas pueden ayudar a despejar la niebla mental y proporcionar apoyo al sistema cerebral y nervioso.<\/span><\/p>\n<p><strong>FAVORECE LA SALUD DE LAS ARTICULACIONES<\/strong><\/p>\n<p>Nuestras c\u00e1psulas, de eficacia probada, favorecen la salud de las articulaciones y refuerzan el sistema inmunitario.<\/p>\n<p><strong>MEJORA LA SALUD ESPIRITUAL<\/strong><\/p>\n<p>El extracto de Reishi es conocido por ayudar en las afecciones respiratorias cr\u00f3nicas.<\/p>\n<p><strong>REGULA LAS HORMONAS<\/strong><\/p>\n<p>Nuestras c\u00e1psulas son muy eficaces para ayudar a regular las hormonas. El equilibrio hormonal es clave para regular la funci\u00f3n sensual, la regulaci\u00f3n del estado de \u00e1nimo y mucho m\u00e1s.<\/p>\n<p><strong>EXTRACTO DE HONGOS 10:1<\/strong><\/p>\n<p>Las setas tienen una dura pared celular compuesta de quitina que a los humanos les cuesta digerir. Esta pared celular limita nuestro acceso a los importantes compuestos medicinales que dan a las setas sus maravillosos beneficios.<\/p>\n<p><strong>RELLENOS DE GRANO CERO<\/strong><\/p>\n<p>Muchos productos de hongos medicinales no contienen realmente ning\u00fan hongo. Se elaboran a partir del sistema radicular del hongo, llamado micelio, y este micelio se cultiva en granos como el arroz, la avena y el sorgo.<\/p>\n<p><strong>APOYA LA FUNCI\u00d3N COGNITIVA  <\/strong><\/p>\n<p>La Melena de Le\u00f3n es un estimulante cognitivo de probada eficacia para despejar la niebla mental y proporcionar apoyo al sistema nervioso y cerebral.<\/p>\n<p><strong>REFUERZA EL SISTEMA INMUNITARIO  <\/strong><\/p>\n<p>Se cree que el hongo Melena de Le\u00f3n mejora la funci\u00f3n inmunitaria y favorece el crecimiento de bacterias buenas en el intestino.<\/p>\n<p><strong>AYUDA A EQUILIBRAR NATURALMENTE EL ESTADO DE \u00c1NIMO  <\/strong><\/p>\n<p>Las investigaciones indican que el hongo Melena de Le\u00f3n puede ayudar a promover un estado de \u00e1nimo tranquilo y relajado. Tambi\u00e9n tiene propiedades regeneradoras de los nervios que pueden contribuir a una buena salud del coraz\u00f3n.<\/p>\n<h4 class=\"product_title entry-title elementor-heading-title elementor-size-default\"><strong>Nootropics Potenciador Cognitivo &#8211; Potenciador de la Concentraci\u00f3n y la Memoria (60 C\u00e1psulas)<\/strong><\/h4>\n<p><strong><span class=\"a-list-item\">AUMENTAR LA MEMORIA, LA CONCENTRACI\u00d3N Y EL ESTADO DE ALERTA  <\/span><\/strong><\/p>\n<p><span class=\"a-list-item\">Nuestras c\u00e1psulas nootr\u00f3picas para potenciar el cerebro est\u00e1n elaboradas con ingredientes naturales que ayudan a aumentar la concentraci\u00f3n y el estado de alerta, a potenciar la energ\u00eda mental y a mejorar la memoria.<\/span><\/p>\n<p><strong><span class=\"a-list-item\">REDUCE LA FATIGA Y MEJORA LA CONCENTRACI\u00d3N  <\/span><\/strong><\/p>\n<p><span class=\"a-list-item\">El guaran\u00e1, una planta originaria del Amazonas, contiene naturalmente cafe\u00edna, y ha demostrado ser eficaz para reducir la fatiga y mejorar la concentraci\u00f3n mental. La potente combinaci\u00f3n de cafe\u00edna y teanina es extremadamente eficaz para mejorar el rendimiento cognitivo.<\/span><\/p>\n<p><strong><span class=\"a-list-item\">INGREDIENTES NATURALES  <\/span><\/strong><\/p>\n<p><span class=\"a-list-item\">Nuestro suplemento para la memoria est\u00e1 hecho con vitaminas, minerales y extractos de hierbas totalmente naturales, sin el uso de aditivos da\u00f1inos. Nuestros suplementos no son OGM y est\u00e1n libres de hormonas y gluten.<\/span><\/p>\n<p><strong><span class=\"a-list-item\">RESPALDADO POR LA CIENCIA  <\/span><\/strong><\/p>\n<p><span class=\"a-list-item\">Se ha puesto gran cuidado en combinar la cantidad adecuada de cada ingrediente en una f\u00f3rmula avanzada. Este ha sido cuidadosamente elaborado para ayudar a apoyar el ox\u00edgeno y la circulaci\u00f3n en las c\u00e9lulas del cerebro, y las neuronas dise\u00f1adas para apoyar la memoria, el enfoque y la claridad.<\/span><\/p>\n<p class=\"a-spacing-mini\"><strong>MEJORA EL ESTADO DE \u00c1NIMO<\/strong><\/p>\n<p class=\"a-size-small\">Nuestros ingredientes de primera calidad favorecen los niveles saludables de serotonina y dopamina, que ayudan a mantener un estado de \u00e1nimo positivo.<\/p>\n","protected":false},"excerpt":{"rendered":"<p>El paquete Claridad Mental es ideal para mejorar la concentraci\u00f3n, llevar un estilo de vida saludable y controlar el estr\u00e9s. El paquete incluye c\u00e1psulas de seta melena de le\u00f3n, Super Mind Nootropics y potenciadores cognitivos Nootropics.<\/p>\n","protected":false},"featured_media":16314,"template":"","meta":{"site-sidebar-layout":"default","site-content-layout":"default","ast-site-content-layout":"default","site-content-style":"default","site-sidebar-style":"default","ast-global-header-display":"","ast-banner-title-visibility":"","ast-main-header-display":"","ast-hfb-above-header-display":"","ast-hfb-below-header-display":"","ast-hfb-mobile-header-display":"","site-post-title":"","ast-breadcrumbs-content":"","ast-featured-img":"","footer-sml-layout":"","theme-transparent-header-meta":"default","adv-header-id-meta":"","stick-header-meta":"default","header-above-stick-meta":"","header-main-stick-meta":"","header-below-stick-meta":"","astra-migrate-meta-layouts":"default","ast-page-background-enabled":"default","ast-page-background-meta":{"desktop":{"background-color":"","background-image":"","background-repeat":"repeat","background-position":"center center","background-size":"auto","background-attachment":"scroll","background-type":"","background-media":"","overlay-type":"","overlay-color":"","overlay-opacity":"","overlay-gradient":""},"tablet":{"background-color":"","background-image":"","background-repeat":"repeat","background-position":"center center","background-size":"auto","background-attachment":"scroll","background-type":"","background-media":"","overlay-type":"","overlay-color":"","overlay-opacity":"","overlay-gradient":""},"mobile":{"background-color":"","background-image":"","background-repeat":"repeat","background-position":"center center","background-size":"auto","background-attachment":"scroll","background-type":"","background-media":"","overlay-type":"","overlay-color":"","overlay-opacity":"","overlay-gradient":""}},"ast-content-background-meta":{"desktop":{"background-color":"var(--ast-global-color-5)","background-image":"","background-repeat":"repeat","background-position":"center center","background-size":"auto","background-attachment":"scroll","background-type":"","background-media":"","overlay-type":"","overlay-color":"","overlay-opacity":"","overlay-gradient":""},"tablet":{"background-color":"var(--ast-global-color-5)","background-image":"","background-repeat":"repeat","background-position":"center center","background-size":"auto","background-attachment":"scroll","background-type":"","background-media":"","overlay-type":"","overlay-color":"","overlay-opacity":"","overlay-gradient":""},"mobile":{"background-color":"var(--ast-global-color-5)","background-image":"","background-repeat":"repeat","background-position":"center center","background-size":"auto","background-attachment":"scroll","background-type":"","background-media":"","overlay-type":"","overlay-color":"","overlay-opacity":"","overlay-gradient":""}}},"product_cat":[571,573],"product_tag":[],"class_list":{"0":"post-14352","1":"product","2":"type-product","3":"status-publish","4":"has-post-thumbnail","6":"product_cat-estado-de-animo-y-bienestar","7":"product_cat-potenciadores-del-cerebro","8":"has-subscription-plans","9":"desktop-align-left","10":"tablet-align-left","11":"mobile-align-left","13":"first","14":"instock","15":"taxable","16":"shipping-taxable","17":"purchasable","18":"product-type-simple"},"yoast_head":"<!-- This site is optimized with the Yoast SEO plugin v22.7 - https:\/\/yoast.com\/wordpress\/plugins\/seo\/ -->\n<title>Paquete Claridad Mental - JeaKen<\/title>\n<meta name=\"robots\" content=\"index, follow, max-snippet:-1, max-image-preview:large, max-video-preview:-1\" \/>\n<link rel=\"canonical\" href=\"https:\/\/jeaken.com\/es\/producto\/mental-clarity-bundle\/\" \/>\n<meta property=\"og:locale\" content=\"es_ES\" \/>\n<meta property=\"og:type\" content=\"article\" \/>\n<meta property=\"og:title\" content=\"Paquete Claridad Mental - JeaKen\" \/>\n<meta property=\"og:description\" content=\"El paquete Claridad Mental es ideal para mejorar la concentraci\u00f3n, llevar un estilo de vida saludable y controlar el estr\u00e9s. El paquete incluye c\u00e1psulas de seta melena de le\u00f3n, Super Mind Nootropics y potenciadores cognitivos Nootropics.\" \/>\n<meta property=\"og:url\" content=\"https:\/\/jeaken.com\/es\/producto\/mental-clarity-bundle\/\" \/>\n<meta property=\"og:site_name\" content=\"JeaKen\" \/>\n<meta property=\"article:modified_time\" content=\"2023-04-06T11:31:01+00:00\" \/>\n<meta property=\"og:image\" content=\"https:\/\/jeaken.com\/wp-content\/uploads\/2023\/03\/Combine7.jpg\" \/>\n\t<meta property=\"og:image:width\" content=\"972\" \/>\n\t<meta property=\"og:image:height\" content=\"972\" \/>\n\t<meta property=\"og:image:type\" content=\"image\/jpeg\" \/>\n<meta name=\"twitter:card\" content=\"summary_large_image\" \/>\n<script type=\"application\/ld+json\" class=\"yoast-schema-graph\">{\"@context\":\"https:\/\/schema.org\",\"@graph\":[{\"@type\":\"WebPage\",\"@id\":\"https:\/\/jeaken.com\/es\/producto\/mental-clarity-bundle\/\",\"url\":\"https:\/\/jeaken.com\/es\/producto\/mental-clarity-bundle\/\",\"name\":\"Paquete Claridad Mental - JeaKen\",\"isPartOf\":{\"@id\":\"https:\/\/jeaken.com\/es\/#website\"},\"primaryImageOfPage\":{\"@id\":\"https:\/\/jeaken.com\/es\/producto\/mental-clarity-bundle\/#primaryimage\"},\"image\":{\"@id\":\"https:\/\/jeaken.com\/es\/producto\/mental-clarity-bundle\/#primaryimage\"},\"thumbnailUrl\":\"https:\/\/jeaken.com\/wp-content\/uploads\/2023\/03\/Combine7.jpg\",\"datePublished\":\"2023-03-16T10:28:24+00:00\",\"dateModified\":\"2023-04-06T11:31:01+00:00\",\"breadcrumb\":{\"@id\":\"https:\/\/jeaken.com\/es\/producto\/mental-clarity-bundle\/#breadcrumb\"},\"inLanguage\":\"es-ES\",\"potentialAction\":[{\"@type\":\"ReadAction\",\"target\":[\"https:\/\/jeaken.com\/es\/producto\/mental-clarity-bundle\/\"]}]},{\"@type\":\"ImageObject\",\"inLanguage\":\"es-ES\",\"@id\":\"https:\/\/jeaken.com\/es\/producto\/mental-clarity-bundle\/#primaryimage\",\"url\":\"https:\/\/jeaken.com\/wp-content\/uploads\/2023\/03\/Combine7.jpg\",\"contentUrl\":\"https:\/\/jeaken.com\/wp-content\/uploads\/2023\/03\/Combine7.jpg\",\"width\":972,\"height\":972,\"caption\":\"Mental Clarity Bundle\"},{\"@type\":\"BreadcrumbList\",\"@id\":\"https:\/\/jeaken.com\/es\/producto\/mental-clarity-bundle\/#breadcrumb\",\"itemListElement\":[{\"@type\":\"ListItem\",\"position\":1,\"name\":\"Home\",\"item\":\"https:\/\/jeaken.com\/es\/\"},{\"@type\":\"ListItem\",\"position\":2,\"name\":\"Private: Shop\",\"item\":\"https:\/\/jeaken.com\/shop\/\"},{\"@type\":\"ListItem\",\"position\":3,\"name\":\"Paquete Claridad Mental\"}]},{\"@type\":\"WebSite\",\"@id\":\"https:\/\/jeaken.com\/es\/#website\",\"url\":\"https:\/\/jeaken.com\/es\/\",\"name\":\"JeaKen\",\"description\":\"Organic Supplements for Health, Fitness and Nutrition\",\"publisher\":{\"@id\":\"https:\/\/jeaken.com\/es\/#organization\"},\"potentialAction\":[{\"@type\":\"SearchAction\",\"target\":{\"@type\":\"EntryPoint\",\"urlTemplate\":\"https:\/\/jeaken.com\/es\/?s={search_term_string}\"},\"query-input\":\"required name=search_term_string\"}],\"inLanguage\":\"es-ES\"},{\"@type\":\"Organization\",\"@id\":\"https:\/\/jeaken.com\/es\/#organization\",\"name\":\"JeaKen\",\"url\":\"https:\/\/jeaken.com\/es\/\",\"logo\":{\"@type\":\"ImageObject\",\"inLanguage\":\"es-ES\",\"@id\":\"https:\/\/jeaken.com\/es\/#\/schema\/logo\/image\/\",\"url\":\"https:\/\/jeaken.com\/wp-content\/uploads\/2022\/06\/jeaken-logo-23.png\",\"contentUrl\":\"https:\/\/jeaken.com\/wp-content\/uploads\/2022\/06\/jeaken-logo-23.png\",\"width\":2486,\"height\":736,\"caption\":\"JeaKen\"},\"image\":{\"@id\":\"https:\/\/jeaken.com\/es\/#\/schema\/logo\/image\/\"}}]}<\/script>\n<!-- \/ Yoast SEO plugin. -->","yoast_head_json":{"title":"Paquete Claridad Mental - JeaKen","robots":{"index":"index","follow":"follow","max-snippet":"max-snippet:-1","max-image-preview":"max-image-preview:large","max-video-preview":"max-video-preview:-1"},"canonical":"https:\/\/jeaken.com\/es\/producto\/mental-clarity-bundle\/","og_locale":"es_ES","og_type":"article","og_title":"Paquete Claridad Mental - JeaKen","og_description":"El paquete Claridad Mental es ideal para mejorar la concentraci\u00f3n, llevar un estilo de vida saludable y controlar el estr\u00e9s. El paquete incluye c\u00e1psulas de seta melena de le\u00f3n, Super Mind Nootropics y potenciadores cognitivos Nootropics.","og_url":"https:\/\/jeaken.com\/es\/producto\/mental-clarity-bundle\/","og_site_name":"JeaKen","article_modified_time":"2023-04-06T11:31:01+00:00","og_image":[{"width":972,"height":972,"url":"https:\/\/jeaken.com\/wp-content\/uploads\/2023\/03\/Combine7.jpg","type":"image\/jpeg"}],"twitter_card":"summary_large_image","schema":{"@context":"https:\/\/schema.org","@graph":[{"@type":"WebPage","@id":"https:\/\/jeaken.com\/es\/producto\/mental-clarity-bundle\/","url":"https:\/\/jeaken.com\/es\/producto\/mental-clarity-bundle\/","name":"Paquete Claridad Mental - JeaKen","isPartOf":{"@id":"https:\/\/jeaken.com\/es\/#website"},"primaryImageOfPage":{"@id":"https:\/\/jeaken.com\/es\/producto\/mental-clarity-bundle\/#primaryimage"},"image":{"@id":"https:\/\/jeaken.com\/es\/producto\/mental-clarity-bundle\/#primaryimage"},"thumbnailUrl":"https:\/\/jeaken.com\/wp-content\/uploads\/2023\/03\/Combine7.jpg","datePublished":"2023-03-16T10:28:24+00:00","dateModified":"2023-04-06T11:31:01+00:00","breadcrumb":{"@id":"https:\/\/jeaken.com\/es\/producto\/mental-clarity-bundle\/#breadcrumb"},"inLanguage":"es-ES","potentialAction":[{"@type":"ReadAction","target":["https:\/\/jeaken.com\/es\/producto\/mental-clarity-bundle\/"]}]},{"@type":"ImageObject","inLanguage":"es-ES","@id":"https:\/\/jeaken.com\/es\/producto\/mental-clarity-bundle\/#primaryimage","url":"https:\/\/jeaken.com\/wp-content\/uploads\/2023\/03\/Combine7.jpg","contentUrl":"https:\/\/jeaken.com\/wp-content\/uploads\/2023\/03\/Combine7.jpg","width":972,"height":972,"caption":"Mental Clarity Bundle"},{"@type":"BreadcrumbList","@id":"https:\/\/jeaken.com\/es\/producto\/mental-clarity-bundle\/#breadcrumb","itemListElement":[{"@type":"ListItem","position":1,"name":"Home","item":"https:\/\/jeaken.com\/es\/"},{"@type":"ListItem","position":2,"name":"Private: Shop","item":"https:\/\/jeaken.com\/shop\/"},{"@type":"ListItem","position":3,"name":"Paquete Claridad Mental"}]},{"@type":"WebSite","@id":"https:\/\/jeaken.com\/es\/#website","url":"https:\/\/jeaken.com\/es\/","name":"JeaKen","description":"Organic Supplements for Health, Fitness and Nutrition","publisher":{"@id":"https:\/\/jeaken.com\/es\/#organization"},"potentialAction":[{"@type":"SearchAction","target":{"@type":"EntryPoint","urlTemplate":"https:\/\/jeaken.com\/es\/?s={search_term_string}"},"query-input":"required name=search_term_string"}],"inLanguage":"es-ES"},{"@type":"Organization","@id":"https:\/\/jeaken.com\/es\/#organization","name":"JeaKen","url":"https:\/\/jeaken.com\/es\/","logo":{"@type":"ImageObject","inLanguage":"es-ES","@id":"https:\/\/jeaken.com\/es\/#\/schema\/logo\/image\/","url":"https:\/\/jeaken.com\/wp-content\/uploads\/2022\/06\/jeaken-logo-23.png","contentUrl":"https:\/\/jeaken.com\/wp-content\/uploads\/2022\/06\/jeaken-logo-23.png","width":2486,"height":736,"caption":"JeaKen"},"image":{"@id":"https:\/\/jeaken.com\/es\/#\/schema\/logo\/image\/"}}]}},"jetpack_sharing_enabled":true,"_links":{"self":[{"href":"https:\/\/jeaken.com\/es\/wp-json\/wp\/v2\/product\/14352","targetHints":{"allow":["GET"]}}],"collection":[{"href":"https:\/\/jeaken.com\/es\/wp-json\/wp\/v2\/product"}],"about":[{"href":"https:\/\/jeaken.com\/es\/wp-json\/wp\/v2\/types\/product"}],"wp:featuredmedia":[{"embeddable":true,"href":"https:\/\/jeaken.com\/es\/wp-json\/wp\/v2\/media\/16314"}],"wp:attachment":[{"href":"https:\/\/jeaken.com\/es\/wp-json\/wp\/v2\/media?parent=14352"}],"wp:term":[{"taxonomy":"product_cat","embeddable":true,"href":"https:\/\/jeaken.com\/es\/wp-json\/wp\/v2\/product_cat?post=14352"},{"taxonomy":"product_tag","embeddable":true,"href":"https:\/\/jeaken.com\/es\/wp-json\/wp\/v2\/product_tag?post=14352"}],"curies":[{"name":"wp","href":"https:\/\/api.w.org\/{rel}","templated":true}]}}