{"id":9323,"date":"2022-10-17T19:33:11","date_gmt":"2022-10-17T18:33:11","guid":{"rendered":"https:\/product\/super-mind-nootropics-60-pflanzliche-kapseln\/"},"modified":"2022-10-17T19:43:36","modified_gmt":"2022-10-17T18:43:36","slug":"super-mind-nootropics-60-vegane-kapseln","status":"publish","type":"product","link":"https:\/\/jeaken.com\/de\/produkt\/super-mind-nootropics-60-vegane-kapseln\/","title":{"rendered":"Super Mind Nootropics &#8211; 60 pflanzliche Kapseln"},"content":{"rendered":"<ul class=\"a-unordered-list a-vertical a-spacing-none\">\n<li class=\"a-spacing-small\"><span class=\"a-list-item a-size-base\">VERST\u00c4RKT GED\u00c4CHTNIS, KONZENTRATION und AUFMERKSAMKEIT &#8211; Im Gegensatz zu vielen anderen Nahrungserg\u00e4nzungsmitteln f\u00fcr das Gehirn bestehen die JeaKen Nootropics Brain Boost Kapseln aus nat\u00fcrlichen Inhaltsstoffen wie Rhodiola Rosea, die helfen, die Konzentration und Aufmerksamkeit zu steigern, die geistige Energie zu erh\u00f6hen und das Ged\u00e4chtnis zu verbessern.  <\/span><\/li>\n<li class=\"a-spacing-small\"><span class=\"a-list-item a-size-base\">VERRINGERT DIE M\u00dcNDIGKEIT, VERBESSERT DIE KONZENTRATION &#8211; Guarana, eine im Amazonasgebiet beheimatete Pflanze, enth\u00e4lt von Natur aus Koffein, das sich als sehr wirksam bei der Verringerung der M\u00fcdigkeit und der Verbesserung der geistigen Konzentration erwiesen hat. Die Kombination von Koffein und Theanin hat sich als sehr wirksam f\u00fcr die Verbesserung der kognitiven Leistung erwiesen.  <\/span><\/li>\n<li class=\"a-spacing-small\"><span class=\"a-list-item a-size-base\">NUR DIE BESTEN ZUTATEN &#8211; Unser Nahrungserg\u00e4nzungsmittel f\u00fcr das Ged\u00e4chtnis besteht aus nat\u00fcrlichen Vitaminen, Mineralien und Kr\u00e4uterextrakten, ohne sch\u00e4dliche Zusatzstoffe, nicht gentechnisch ver\u00e4ndert und frei von Hormonen und Gluten.  <\/span><\/li>\n<li class=\"a-spacing-small\"><span class=\"a-list-item a-size-base\">WISSENSCHAFTLICH GEST\u00dcTZT &#8211; Es wurde sorgf\u00e4ltig darauf geachtet, genau die richtige Menge jedes Inhaltsstoffes in einer fortschrittlichen Formel zu kombinieren, die zur Unterst\u00fctzung von Sauerstoff und Zirkulation in den Gehirnzellen und Neuronen entwickelt wurde, um Ged\u00e4chtnis, Konzentration und Klarheit zu f\u00f6rdern.<\/span><\/li>\n<\/ul>\n","protected":false},"excerpt":{"rendered":"<p>Cognitive Enhancer &#8211; Brain Boosters f\u00fcr mehr Konzentration, Aufmerksamkeit und Ged\u00e4chtnis &#8211; Focus Pills mit nat\u00fcrlichen Inhaltsstoffen<\/p>\n","protected":false},"featured_media":16266,"template":"","meta":{"site-sidebar-layout":"default","site-content-layout":"default","ast-site-content-layout":"default","site-content-style":"default","site-sidebar-style":"default","ast-global-header-display":"","ast-banner-title-visibility":"","ast-main-header-display":"","ast-hfb-above-header-display":"","ast-hfb-below-header-display":"","ast-hfb-mobile-header-display":"","site-post-title":"","ast-breadcrumbs-content":"","ast-featured-img":"","footer-sml-layout":"","theme-transparent-header-meta":"default","adv-header-id-meta":"","stick-header-meta":"default","header-above-stick-meta":"","header-main-stick-meta":"","header-below-stick-meta":"","astra-migrate-meta-layouts":"default","ast-page-background-enabled":"default","ast-page-background-meta":{"desktop":{"background-color":"","background-image":"","background-repeat":"repeat","background-position":"center center","background-size":"auto","background-attachment":"scroll","background-type":"","background-media":"","overlay-type":"","overlay-color":"","overlay-opacity":"","overlay-gradient":""},"tablet":{"background-color":"","background-image":"","background-repeat":"repeat","background-position":"center center","background-size":"auto","background-attachment":"scroll","background-type":"","background-media":"","overlay-type":"","overlay-color":"","overlay-opacity":"","overlay-gradient":""},"mobile":{"background-color":"","background-image":"","background-repeat":"repeat","background-position":"center center","background-size":"auto","background-attachment":"scroll","background-type":"","background-media":"","overlay-type":"","overlay-color":"","overlay-opacity":"","overlay-gradient":""}},"ast-content-background-meta":{"desktop":{"background-color":"var(--ast-global-color-5)","background-image":"","background-repeat":"repeat","background-position":"center center","background-size":"auto","background-attachment":"scroll","background-type":"","background-media":"","overlay-type":"","overlay-color":"","overlay-opacity":"","overlay-gradient":""},"tablet":{"background-color":"var(--ast-global-color-5)","background-image":"","background-repeat":"repeat","background-position":"center center","background-size":"auto","background-attachment":"scroll","background-type":"","background-media":"","overlay-type":"","overlay-color":"","overlay-opacity":"","overlay-gradient":""},"mobile":{"background-color":"var(--ast-global-color-5)","background-image":"","background-repeat":"repeat","background-position":"center center","background-size":"auto","background-attachment":"scroll","background-type":"","background-media":"","overlay-type":"","overlay-color":"","overlay-opacity":"","overlay-gradient":""}}},"product_cat":[1215,504,507,498],"product_tag":[],"class_list":{"0":"post-9323","1":"product","2":"type-product","3":"status-publish","4":"has-post-thumbnail","6":"product_cat-ernahrung","7":"product_cat-gehirn-booster","8":"product_cat-nahrungserganzungsmittel","9":"product_cat-stimmung-wohlbefinden","10":"has-subscription-plans","11":"desktop-align-left","12":"tablet-align-left","13":"mobile-align-left","15":"first","16":"instock","17":"sale","18":"taxable","19":"shipping-taxable","20":"purchasable","21":"product-type-simple"},"yoast_head":"<!-- This site is optimized with the Yoast SEO plugin v22.7 - https:\/\/yoast.com\/wordpress\/plugins\/seo\/ -->\n<title>Super Mind Nootropics - 60 pflanzliche Kapseln - JeaKen<\/title>\n<meta name=\"robots\" content=\"index, follow, max-snippet:-1, max-image-preview:large, max-video-preview:-1\" \/>\n<link rel=\"canonical\" href=\"https:\/\/jeaken.com\/de\/produkt\/super-mind-nootropics-60-vegane-kapseln\/\" \/>\n<meta property=\"og:locale\" content=\"de_DE\" \/>\n<meta property=\"og:type\" content=\"article\" \/>\n<meta property=\"og:title\" content=\"Super Mind Nootropics - 60 pflanzliche Kapseln - JeaKen\" \/>\n<meta property=\"og:description\" content=\"Cognitive Enhancer - Brain Boosters f\u00fcr mehr Konzentration, Aufmerksamkeit und Ged\u00e4chtnis - Focus Pills mit nat\u00fcrlichen Inhaltsstoffen\" \/>\n<meta property=\"og:url\" content=\"https:\/\/jeaken.com\/de\/produkt\/super-mind-nootropics-60-vegane-kapseln\/\" \/>\n<meta property=\"og:site_name\" content=\"JeaKen\" \/>\n<meta property=\"article:modified_time\" content=\"2022-10-17T18:43:36+00:00\" \/>\n<meta property=\"og:image\" content=\"https:\/\/jeaken.com\/wp-content\/uploads\/2023\/03\/Super-Mind.jpg\" \/>\n\t<meta property=\"og:image:width\" content=\"512\" \/>\n\t<meta property=\"og:image:height\" content=\"600\" \/>\n\t<meta property=\"og:image:type\" content=\"image\/jpeg\" \/>\n<meta name=\"twitter:card\" content=\"summary_large_image\" \/>\n<meta name=\"twitter:label1\" content=\"Est. reading time\" \/>\n\t<meta name=\"twitter:data1\" content=\"1 minute\" \/>\n<script type=\"application\/ld+json\" class=\"yoast-schema-graph\">{\"@context\":\"https:\/\/schema.org\",\"@graph\":[{\"@type\":\"WebPage\",\"@id\":\"https:\/\/jeaken.com\/de\/produkt\/super-mind-nootropics-60-vegane-kapseln\/\",\"url\":\"https:\/\/jeaken.com\/de\/produkt\/super-mind-nootropics-60-vegane-kapseln\/\",\"name\":\"Super Mind Nootropics - 60 pflanzliche Kapseln - JeaKen\",\"isPartOf\":{\"@id\":\"https:\/\/jeaken.com\/de\/#website\"},\"primaryImageOfPage\":{\"@id\":\"https:\/\/jeaken.com\/de\/produkt\/super-mind-nootropics-60-vegane-kapseln\/#primaryimage\"},\"image\":{\"@id\":\"https:\/\/jeaken.com\/de\/produkt\/super-mind-nootropics-60-vegane-kapseln\/#primaryimage\"},\"thumbnailUrl\":\"https:\/\/jeaken.com\/wp-content\/uploads\/2023\/03\/Super-Mind.jpg\",\"datePublished\":\"2022-10-17T18:33:11+00:00\",\"dateModified\":\"2022-10-17T18:43:36+00:00\",\"breadcrumb\":{\"@id\":\"https:\/\/jeaken.com\/de\/produkt\/super-mind-nootropics-60-vegane-kapseln\/#breadcrumb\"},\"inLanguage\":\"de-DE\",\"potentialAction\":[{\"@type\":\"ReadAction\",\"target\":[\"https:\/\/jeaken.com\/de\/produkt\/super-mind-nootropics-60-vegane-kapseln\/\"]}]},{\"@type\":\"ImageObject\",\"inLanguage\":\"de-DE\",\"@id\":\"https:\/\/jeaken.com\/de\/produkt\/super-mind-nootropics-60-vegane-kapseln\/#primaryimage\",\"url\":\"https:\/\/jeaken.com\/wp-content\/uploads\/2023\/03\/Super-Mind.jpg\",\"contentUrl\":\"https:\/\/jeaken.com\/wp-content\/uploads\/2023\/03\/Super-Mind.jpg\",\"width\":512,\"height\":600,\"caption\":\"Super Mind Supplement\"},{\"@type\":\"BreadcrumbList\",\"@id\":\"https:\/\/jeaken.com\/de\/produkt\/super-mind-nootropics-60-vegane-kapseln\/#breadcrumb\",\"itemListElement\":[{\"@type\":\"ListItem\",\"position\":1,\"name\":\"Home\",\"item\":\"https:\/\/jeaken.com\/de\/\"},{\"@type\":\"ListItem\",\"position\":2,\"name\":\"Private: Shop\",\"item\":\"https:\/\/jeaken.com\/shop\/\"},{\"@type\":\"ListItem\",\"position\":3,\"name\":\"Super Mind Nootropics &#8211; 60 pflanzliche Kapseln\"}]},{\"@type\":\"WebSite\",\"@id\":\"https:\/\/jeaken.com\/de\/#website\",\"url\":\"https:\/\/jeaken.com\/de\/\",\"name\":\"JeaKen\",\"description\":\"Organic Supplements for Health, Fitness and Nutrition\",\"publisher\":{\"@id\":\"https:\/\/jeaken.com\/de\/#organization\"},\"potentialAction\":[{\"@type\":\"SearchAction\",\"target\":{\"@type\":\"EntryPoint\",\"urlTemplate\":\"https:\/\/jeaken.com\/de\/?s={search_term_string}\"},\"query-input\":\"required name=search_term_string\"}],\"inLanguage\":\"de-DE\"},{\"@type\":\"Organization\",\"@id\":\"https:\/\/jeaken.com\/de\/#organization\",\"name\":\"JeaKen\",\"url\":\"https:\/\/jeaken.com\/de\/\",\"logo\":{\"@type\":\"ImageObject\",\"inLanguage\":\"de-DE\",\"@id\":\"https:\/\/jeaken.com\/de\/#\/schema\/logo\/image\/\",\"url\":\"https:\/\/jeaken.com\/wp-content\/uploads\/2022\/06\/jeaken-logo-23.png\",\"contentUrl\":\"https:\/\/jeaken.com\/wp-content\/uploads\/2022\/06\/jeaken-logo-23.png\",\"width\":2486,\"height\":736,\"caption\":\"JeaKen\"},\"image\":{\"@id\":\"https:\/\/jeaken.com\/de\/#\/schema\/logo\/image\/\"}}]}<\/script>\n<!-- \/ Yoast SEO plugin. -->","yoast_head_json":{"title":"Super Mind Nootropics - 60 pflanzliche Kapseln - JeaKen","robots":{"index":"index","follow":"follow","max-snippet":"max-snippet:-1","max-image-preview":"max-image-preview:large","max-video-preview":"max-video-preview:-1"},"canonical":"https:\/\/jeaken.com\/de\/produkt\/super-mind-nootropics-60-vegane-kapseln\/","og_locale":"de_DE","og_type":"article","og_title":"Super Mind Nootropics - 60 pflanzliche Kapseln - JeaKen","og_description":"Cognitive Enhancer - Brain Boosters f\u00fcr mehr Konzentration, Aufmerksamkeit und Ged\u00e4chtnis - Focus Pills mit nat\u00fcrlichen Inhaltsstoffen","og_url":"https:\/\/jeaken.com\/de\/produkt\/super-mind-nootropics-60-vegane-kapseln\/","og_site_name":"JeaKen","article_modified_time":"2022-10-17T18:43:36+00:00","og_image":[{"width":512,"height":600,"url":"https:\/\/jeaken.com\/wp-content\/uploads\/2023\/03\/Super-Mind.jpg","type":"image\/jpeg"}],"twitter_card":"summary_large_image","twitter_misc":{"Est. reading time":"1 minute"},"schema":{"@context":"https:\/\/schema.org","@graph":[{"@type":"WebPage","@id":"https:\/\/jeaken.com\/de\/produkt\/super-mind-nootropics-60-vegane-kapseln\/","url":"https:\/\/jeaken.com\/de\/produkt\/super-mind-nootropics-60-vegane-kapseln\/","name":"Super Mind Nootropics - 60 pflanzliche Kapseln - JeaKen","isPartOf":{"@id":"https:\/\/jeaken.com\/de\/#website"},"primaryImageOfPage":{"@id":"https:\/\/jeaken.com\/de\/produkt\/super-mind-nootropics-60-vegane-kapseln\/#primaryimage"},"image":{"@id":"https:\/\/jeaken.com\/de\/produkt\/super-mind-nootropics-60-vegane-kapseln\/#primaryimage"},"thumbnailUrl":"https:\/\/jeaken.com\/wp-content\/uploads\/2023\/03\/Super-Mind.jpg","datePublished":"2022-10-17T18:33:11+00:00","dateModified":"2022-10-17T18:43:36+00:00","breadcrumb":{"@id":"https:\/\/jeaken.com\/de\/produkt\/super-mind-nootropics-60-vegane-kapseln\/#breadcrumb"},"inLanguage":"de-DE","potentialAction":[{"@type":"ReadAction","target":["https:\/\/jeaken.com\/de\/produkt\/super-mind-nootropics-60-vegane-kapseln\/"]}]},{"@type":"ImageObject","inLanguage":"de-DE","@id":"https:\/\/jeaken.com\/de\/produkt\/super-mind-nootropics-60-vegane-kapseln\/#primaryimage","url":"https:\/\/jeaken.com\/wp-content\/uploads\/2023\/03\/Super-Mind.jpg","contentUrl":"https:\/\/jeaken.com\/wp-content\/uploads\/2023\/03\/Super-Mind.jpg","width":512,"height":600,"caption":"Super Mind Supplement"},{"@type":"BreadcrumbList","@id":"https:\/\/jeaken.com\/de\/produkt\/super-mind-nootropics-60-vegane-kapseln\/#breadcrumb","itemListElement":[{"@type":"ListItem","position":1,"name":"Home","item":"https:\/\/jeaken.com\/de\/"},{"@type":"ListItem","position":2,"name":"Private: Shop","item":"https:\/\/jeaken.com\/shop\/"},{"@type":"ListItem","position":3,"name":"Super Mind Nootropics &#8211; 60 pflanzliche Kapseln"}]},{"@type":"WebSite","@id":"https:\/\/jeaken.com\/de\/#website","url":"https:\/\/jeaken.com\/de\/","name":"JeaKen","description":"Organic Supplements for Health, Fitness and Nutrition","publisher":{"@id":"https:\/\/jeaken.com\/de\/#organization"},"potentialAction":[{"@type":"SearchAction","target":{"@type":"EntryPoint","urlTemplate":"https:\/\/jeaken.com\/de\/?s={search_term_string}"},"query-input":"required name=search_term_string"}],"inLanguage":"de-DE"},{"@type":"Organization","@id":"https:\/\/jeaken.com\/de\/#organization","name":"JeaKen","url":"https:\/\/jeaken.com\/de\/","logo":{"@type":"ImageObject","inLanguage":"de-DE","@id":"https:\/\/jeaken.com\/de\/#\/schema\/logo\/image\/","url":"https:\/\/jeaken.com\/wp-content\/uploads\/2022\/06\/jeaken-logo-23.png","contentUrl":"https:\/\/jeaken.com\/wp-content\/uploads\/2022\/06\/jeaken-logo-23.png","width":2486,"height":736,"caption":"JeaKen"},"image":{"@id":"https:\/\/jeaken.com\/de\/#\/schema\/logo\/image\/"}}]}},"jetpack_sharing_enabled":true,"_links":{"self":[{"href":"https:\/\/jeaken.com\/de\/wp-json\/wp\/v2\/product\/9323","targetHints":{"allow":["GET"]}}],"collection":[{"href":"https:\/\/jeaken.com\/de\/wp-json\/wp\/v2\/product"}],"about":[{"href":"https:\/\/jeaken.com\/de\/wp-json\/wp\/v2\/types\/product"}],"wp:featuredmedia":[{"embeddable":true,"href":"https:\/\/jeaken.com\/de\/wp-json\/wp\/v2\/media\/16266"}],"wp:attachment":[{"href":"https:\/\/jeaken.com\/de\/wp-json\/wp\/v2\/media?parent=9323"}],"wp:term":[{"taxonomy":"product_cat","embeddable":true,"href":"https:\/\/jeaken.com\/de\/wp-json\/wp\/v2\/product_cat?post=9323"},{"taxonomy":"product_tag","embeddable":true,"href":"https:\/\/jeaken.com\/de\/wp-json\/wp\/v2\/product_tag?post=9323"}],"curies":[{"name":"wp","href":"https:\/\/api.w.org\/{rel}","templated":true}]}}