{"id":8888,"date":"2022-07-21T19:18:16","date_gmt":"2022-07-21T18:18:16","guid":{"rendered":"https:\/product\/cordyceps-pilz-kapseln-zur-verbesserung-der-ausdauer-und-zur-linderung-von-angst-und-stress-60-kapseln\/"},"modified":"2022-09-20T15:13:34","modified_gmt":"2022-09-20T14:13:34","slug":"cordyceps-pilz-kapseln-zur-verbesserung-der-ausdauer-und-zur-linderung-von-angst-und-stress-60-kapseln","status":"publish","type":"product","link":"https:\/\/jeaken.com\/de\/produkt\/cordyceps-pilz-kapseln-zur-verbesserung-der-ausdauer-und-zur-linderung-von-angst-und-stress-60-kapseln\/","title":{"rendered":"Cordyceps-Pilz-Kapseln &#8211; Zur Verbesserung der Ausdauer und zur Linderung von Angst und Stress (60 Kapseln)"},"content":{"rendered":"<p><strong><span class=\"a-list-item\">100% NAT\u00dcRLICHE PILZE  <\/span><\/strong><\/p>\n<p><span class=\"a-list-item\">Dieses Erg\u00e4nzungsmittel wird ausschlie\u00dflich aus 100% Cordyceps militaris-Pilzen hergestellt. Die Fruchtk\u00f6rper werden kultiviert, um den bestm\u00f6glichen Cordyceps-Extrakt zu erhalten, und die Pilze werden einer Hei\u00dfwasserextraktion unterzogen, um die n\u00fctzlichen Beta-Glucan- und Cordycepin-Verbindungen zu gewinnen. Wir f\u00fcgen unseren Produkten kein Myzel, keine St\u00e4rke, keine K\u00f6rner und keine F\u00fcllstoffe zu.  <\/span><\/p>\n<p><strong><span class=\"a-list-item\">VERBESSERT DIE ENERGIE UND ST\u00c4RKT DIE IMMUNIT\u00c4T  <\/span><\/strong><\/p>\n<p><span class=\"a-list-item\">Durch die Erh\u00f6hung der Sauerstoffmenge steigert der Cordyceps-Extrakt die Energie und die Immunit\u00e4t erheblich. Der Cordyceps stimuliert auch direkt die erste Verteidigungslinie des Organismus gegen Infektionen und eine breite Palette von Krankheiten.<\/span><\/p>\n<p><strong><span class=\"a-list-item\">HILFT BEI STRESS UND ANGSTZUST\u00c4NDEN  <\/span><\/strong><\/p>\n<p><span class=\"a-list-item\">Aufgrund seiner F\u00e4higkeit, die ATP-Produktion zu erh\u00f6hen, ist der Cordyceps einer der wirksamsten adaptogenen Pilze, um die Symptome von Angst und Stress zu lindern.<\/span><\/p>\n<p><strong><span class=\"a-list-item\">HILFT, DEN BLUTZUCKER ZU REGULIEREN  <\/span><\/strong><\/p>\n<p><span class=\"a-list-item\">  Mehrere klinische Studien haben das Potenzial des Cordyceps-Pulvers als Mittel zur Regulierung des Blutzuckerspiegels gezeigt. In einer Studie zeigten 95 % der mit Cordyceps behandelten Patienten eine Verbesserung ihres Blutzuckerprofils, w\u00e4hrend die Ergebnisse der Kontrollgruppe nur 54 % betrugen.<\/span><\/p>\n<p>&nbsp;<\/p>\n","protected":false},"excerpt":{"rendered":"<h4>Ein nat\u00fcrlicher und effektiver Weg, um die Immunit\u00e4t zu st\u00e4rken, die Energie zu erh\u00f6hen und Stress abzubauen.<\/h4>\n<p>&nbsp;<\/p>\n","protected":false},"featured_media":15550,"template":"","meta":{"site-sidebar-layout":"default","site-content-layout":"default","ast-site-content-layout":"default","site-content-style":"default","site-sidebar-style":"default","ast-global-header-display":"","ast-banner-title-visibility":"","ast-main-header-display":"","ast-hfb-above-header-display":"","ast-hfb-below-header-display":"","ast-hfb-mobile-header-display":"","site-post-title":"","ast-breadcrumbs-content":"","ast-featured-img":"","footer-sml-layout":"","theme-transparent-header-meta":"default","adv-header-id-meta":"","stick-header-meta":"default","header-above-stick-meta":"","header-main-stick-meta":"","header-below-stick-meta":"","astra-migrate-meta-layouts":"default","ast-page-background-enabled":"default","ast-page-background-meta":{"desktop":{"background-color":"","background-image":"","background-repeat":"repeat","background-position":"center center","background-size":"auto","background-attachment":"scroll","background-type":"","background-media":"","overlay-type":"","overlay-color":"","overlay-opacity":"","overlay-gradient":""},"tablet":{"background-color":"","background-image":"","background-repeat":"repeat","background-position":"center center","background-size":"auto","background-attachment":"scroll","background-type":"","background-media":"","overlay-type":"","overlay-color":"","overlay-opacity":"","overlay-gradient":""},"mobile":{"background-color":"","background-image":"","background-repeat":"repeat","background-position":"center center","background-size":"auto","background-attachment":"scroll","background-type":"","background-media":"","overlay-type":"","overlay-color":"","overlay-opacity":"","overlay-gradient":""}},"ast-content-background-meta":{"desktop":{"background-color":"var(--ast-global-color-5)","background-image":"","background-repeat":"repeat","background-position":"center center","background-size":"auto","background-attachment":"scroll","background-type":"","background-media":"","overlay-type":"","overlay-color":"","overlay-opacity":"","overlay-gradient":""},"tablet":{"background-color":"var(--ast-global-color-5)","background-image":"","background-repeat":"repeat","background-position":"center center","background-size":"auto","background-attachment":"scroll","background-type":"","background-media":"","overlay-type":"","overlay-color":"","overlay-opacity":"","overlay-gradient":""},"mobile":{"background-color":"var(--ast-global-color-5)","background-image":"","background-repeat":"repeat","background-position":"center center","background-size":"auto","background-attachment":"scroll","background-type":"","background-media":"","overlay-type":"","overlay-color":"","overlay-opacity":"","overlay-gradient":""}}},"product_cat":[583,1013,501,524,498],"product_tag":[1892,1889,1888,1890,1891,1896,1897,1893,1894,1895],"class_list":{"0":"post-8888","1":"product","2":"type-product","3":"status-publish","4":"has-post-thumbnail","6":"product_cat-ermudung","7":"product_cat-fruchtbarkeit","8":"product_cat-gesundheit-des-immunsystems","9":"product_cat-sporternahrung","10":"product_cat-stimmung-wohlbefinden","11":"product_tag-cordyceps-sinensis-de","12":"product_tag-cordyceps-extrakt","13":"product_tag-cordyceps-kapseln","14":"product_tag-cordyceps-pilz-kapseln","15":"product_tag-cordyceps-pulver","16":"product_tag-erganzung-zum-stressabbau","17":"product_tag-erganzungen-fur-angstzustande","18":"product_tag-ganoderma-lucidum-de","19":"product_tag-lowenmahne-pilzpulver","20":"product_tag-rhodiola-rosea-kapseln","21":"has-subscription-plans","22":"desktop-align-left","23":"tablet-align-left","24":"mobile-align-left","26":"first","27":"instock","28":"taxable","29":"shipping-taxable","30":"purchasable","31":"product-type-simple"},"yoast_head":"<!-- This site is optimized with the Yoast SEO plugin v22.7 - https:\/\/yoast.com\/wordpress\/plugins\/seo\/ -->\n<title>Cordyceps-Pilz-Kapseln - Zur Verbesserung der Ausdauer und zur Linderung von Angst und Stress (60 Kapseln) - JeaKen<\/title>\n<meta name=\"robots\" content=\"index, follow, max-snippet:-1, max-image-preview:large, max-video-preview:-1\" \/>\n<link rel=\"canonical\" href=\"https:\/\/jeaken.com\/de\/produkt\/cordyceps-pilz-kapseln-zur-verbesserung-der-ausdauer-und-zur-linderung-von-angst-und-stress-60-kapseln\/\" \/>\n<meta property=\"og:locale\" content=\"de_DE\" \/>\n<meta property=\"og:type\" content=\"article\" \/>\n<meta property=\"og:title\" content=\"Cordyceps-Pilz-Kapseln - Zur Verbesserung der Ausdauer und zur Linderung von Angst und Stress (60 Kapseln) - JeaKen\" \/>\n<meta property=\"og:description\" content=\"Ein nat\u00fcrlicher und effektiver Weg, um die Immunit\u00e4t zu st\u00e4rken, die Energie zu erh\u00f6hen und Stress abzubauen. &nbsp;\" \/>\n<meta property=\"og:url\" content=\"https:\/\/jeaken.com\/de\/produkt\/cordyceps-pilz-kapseln-zur-verbesserung-der-ausdauer-und-zur-linderung-von-angst-und-stress-60-kapseln\/\" \/>\n<meta property=\"og:site_name\" content=\"JeaKen\" \/>\n<meta property=\"article:modified_time\" content=\"2022-09-20T14:13:34+00:00\" \/>\n<meta property=\"og:image\" content=\"https:\/\/jeaken.com\/wp-content\/uploads\/2022\/07\/Cordyceps-1.jpg\" \/>\n\t<meta property=\"og:image:width\" content=\"512\" \/>\n\t<meta property=\"og:image:height\" content=\"600\" \/>\n\t<meta property=\"og:image:type\" content=\"image\/jpeg\" \/>\n<meta name=\"twitter:card\" content=\"summary_large_image\" \/>\n<meta name=\"twitter:label1\" content=\"Est. reading time\" \/>\n\t<meta name=\"twitter:data1\" content=\"1 minute\" \/>\n<script type=\"application\/ld+json\" class=\"yoast-schema-graph\">{\"@context\":\"https:\/\/schema.org\",\"@graph\":[{\"@type\":\"WebPage\",\"@id\":\"https:\/\/jeaken.com\/de\/produkt\/cordyceps-pilz-kapseln-zur-verbesserung-der-ausdauer-und-zur-linderung-von-angst-und-stress-60-kapseln\/\",\"url\":\"https:\/\/jeaken.com\/de\/produkt\/cordyceps-pilz-kapseln-zur-verbesserung-der-ausdauer-und-zur-linderung-von-angst-und-stress-60-kapseln\/\",\"name\":\"Cordyceps-Pilz-Kapseln - Zur Verbesserung der Ausdauer und zur Linderung von Angst und Stress (60 Kapseln) - JeaKen\",\"isPartOf\":{\"@id\":\"https:\/\/jeaken.com\/de\/#website\"},\"primaryImageOfPage\":{\"@id\":\"https:\/\/jeaken.com\/de\/produkt\/cordyceps-pilz-kapseln-zur-verbesserung-der-ausdauer-und-zur-linderung-von-angst-und-stress-60-kapseln\/#primaryimage\"},\"image\":{\"@id\":\"https:\/\/jeaken.com\/de\/produkt\/cordyceps-pilz-kapseln-zur-verbesserung-der-ausdauer-und-zur-linderung-von-angst-und-stress-60-kapseln\/#primaryimage\"},\"thumbnailUrl\":\"https:\/\/jeaken.com\/wp-content\/uploads\/2022\/07\/Cordyceps-1.jpg\",\"datePublished\":\"2022-07-21T18:18:16+00:00\",\"dateModified\":\"2022-09-20T14:13:34+00:00\",\"breadcrumb\":{\"@id\":\"https:\/\/jeaken.com\/de\/produkt\/cordyceps-pilz-kapseln-zur-verbesserung-der-ausdauer-und-zur-linderung-von-angst-und-stress-60-kapseln\/#breadcrumb\"},\"inLanguage\":\"de-DE\",\"potentialAction\":[{\"@type\":\"ReadAction\",\"target\":[\"https:\/\/jeaken.com\/de\/produkt\/cordyceps-pilz-kapseln-zur-verbesserung-der-ausdauer-und-zur-linderung-von-angst-und-stress-60-kapseln\/\"]}]},{\"@type\":\"ImageObject\",\"inLanguage\":\"de-DE\",\"@id\":\"https:\/\/jeaken.com\/de\/produkt\/cordyceps-pilz-kapseln-zur-verbesserung-der-ausdauer-und-zur-linderung-von-angst-und-stress-60-kapseln\/#primaryimage\",\"url\":\"https:\/\/jeaken.com\/wp-content\/uploads\/2022\/07\/Cordyceps-1.jpg\",\"contentUrl\":\"https:\/\/jeaken.com\/wp-content\/uploads\/2022\/07\/Cordyceps-1.jpg\",\"width\":512,\"height\":600,\"caption\":\"Cordyceps Mushroom Capsules\"},{\"@type\":\"BreadcrumbList\",\"@id\":\"https:\/\/jeaken.com\/de\/produkt\/cordyceps-pilz-kapseln-zur-verbesserung-der-ausdauer-und-zur-linderung-von-angst-und-stress-60-kapseln\/#breadcrumb\",\"itemListElement\":[{\"@type\":\"ListItem\",\"position\":1,\"name\":\"Home\",\"item\":\"https:\/\/jeaken.com\/de\/\"},{\"@type\":\"ListItem\",\"position\":2,\"name\":\"Private: Shop\",\"item\":\"https:\/\/jeaken.com\/shop\/\"},{\"@type\":\"ListItem\",\"position\":3,\"name\":\"Cordyceps-Pilz-Kapseln &#8211; Zur Verbesserung der Ausdauer und zur Linderung von Angst und Stress (60 Kapseln)\"}]},{\"@type\":\"WebSite\",\"@id\":\"https:\/\/jeaken.com\/de\/#website\",\"url\":\"https:\/\/jeaken.com\/de\/\",\"name\":\"JeaKen\",\"description\":\"Organic Supplements for Health, Fitness and Nutrition\",\"publisher\":{\"@id\":\"https:\/\/jeaken.com\/de\/#organization\"},\"potentialAction\":[{\"@type\":\"SearchAction\",\"target\":{\"@type\":\"EntryPoint\",\"urlTemplate\":\"https:\/\/jeaken.com\/de\/?s={search_term_string}\"},\"query-input\":\"required name=search_term_string\"}],\"inLanguage\":\"de-DE\"},{\"@type\":\"Organization\",\"@id\":\"https:\/\/jeaken.com\/de\/#organization\",\"name\":\"JeaKen\",\"url\":\"https:\/\/jeaken.com\/de\/\",\"logo\":{\"@type\":\"ImageObject\",\"inLanguage\":\"de-DE\",\"@id\":\"https:\/\/jeaken.com\/de\/#\/schema\/logo\/image\/\",\"url\":\"https:\/\/jeaken.com\/wp-content\/uploads\/2022\/06\/jeaken-logo-23.png\",\"contentUrl\":\"https:\/\/jeaken.com\/wp-content\/uploads\/2022\/06\/jeaken-logo-23.png\",\"width\":2486,\"height\":736,\"caption\":\"JeaKen\"},\"image\":{\"@id\":\"https:\/\/jeaken.com\/de\/#\/schema\/logo\/image\/\"}}]}<\/script>\n<!-- \/ Yoast SEO plugin. -->","yoast_head_json":{"title":"Cordyceps-Pilz-Kapseln - Zur Verbesserung der Ausdauer und zur Linderung von Angst und Stress (60 Kapseln) - JeaKen","robots":{"index":"index","follow":"follow","max-snippet":"max-snippet:-1","max-image-preview":"max-image-preview:large","max-video-preview":"max-video-preview:-1"},"canonical":"https:\/\/jeaken.com\/de\/produkt\/cordyceps-pilz-kapseln-zur-verbesserung-der-ausdauer-und-zur-linderung-von-angst-und-stress-60-kapseln\/","og_locale":"de_DE","og_type":"article","og_title":"Cordyceps-Pilz-Kapseln - Zur Verbesserung der Ausdauer und zur Linderung von Angst und Stress (60 Kapseln) - JeaKen","og_description":"Ein nat\u00fcrlicher und effektiver Weg, um die Immunit\u00e4t zu st\u00e4rken, die Energie zu erh\u00f6hen und Stress abzubauen. &nbsp;","og_url":"https:\/\/jeaken.com\/de\/produkt\/cordyceps-pilz-kapseln-zur-verbesserung-der-ausdauer-und-zur-linderung-von-angst-und-stress-60-kapseln\/","og_site_name":"JeaKen","article_modified_time":"2022-09-20T14:13:34+00:00","og_image":[{"width":512,"height":600,"url":"https:\/\/jeaken.com\/wp-content\/uploads\/2022\/07\/Cordyceps-1.jpg","type":"image\/jpeg"}],"twitter_card":"summary_large_image","twitter_misc":{"Est. reading time":"1 minute"},"schema":{"@context":"https:\/\/schema.org","@graph":[{"@type":"WebPage","@id":"https:\/\/jeaken.com\/de\/produkt\/cordyceps-pilz-kapseln-zur-verbesserung-der-ausdauer-und-zur-linderung-von-angst-und-stress-60-kapseln\/","url":"https:\/\/jeaken.com\/de\/produkt\/cordyceps-pilz-kapseln-zur-verbesserung-der-ausdauer-und-zur-linderung-von-angst-und-stress-60-kapseln\/","name":"Cordyceps-Pilz-Kapseln - Zur Verbesserung der Ausdauer und zur Linderung von Angst und Stress (60 Kapseln) - JeaKen","isPartOf":{"@id":"https:\/\/jeaken.com\/de\/#website"},"primaryImageOfPage":{"@id":"https:\/\/jeaken.com\/de\/produkt\/cordyceps-pilz-kapseln-zur-verbesserung-der-ausdauer-und-zur-linderung-von-angst-und-stress-60-kapseln\/#primaryimage"},"image":{"@id":"https:\/\/jeaken.com\/de\/produkt\/cordyceps-pilz-kapseln-zur-verbesserung-der-ausdauer-und-zur-linderung-von-angst-und-stress-60-kapseln\/#primaryimage"},"thumbnailUrl":"https:\/\/jeaken.com\/wp-content\/uploads\/2022\/07\/Cordyceps-1.jpg","datePublished":"2022-07-21T18:18:16+00:00","dateModified":"2022-09-20T14:13:34+00:00","breadcrumb":{"@id":"https:\/\/jeaken.com\/de\/produkt\/cordyceps-pilz-kapseln-zur-verbesserung-der-ausdauer-und-zur-linderung-von-angst-und-stress-60-kapseln\/#breadcrumb"},"inLanguage":"de-DE","potentialAction":[{"@type":"ReadAction","target":["https:\/\/jeaken.com\/de\/produkt\/cordyceps-pilz-kapseln-zur-verbesserung-der-ausdauer-und-zur-linderung-von-angst-und-stress-60-kapseln\/"]}]},{"@type":"ImageObject","inLanguage":"de-DE","@id":"https:\/\/jeaken.com\/de\/produkt\/cordyceps-pilz-kapseln-zur-verbesserung-der-ausdauer-und-zur-linderung-von-angst-und-stress-60-kapseln\/#primaryimage","url":"https:\/\/jeaken.com\/wp-content\/uploads\/2022\/07\/Cordyceps-1.jpg","contentUrl":"https:\/\/jeaken.com\/wp-content\/uploads\/2022\/07\/Cordyceps-1.jpg","width":512,"height":600,"caption":"Cordyceps Mushroom Capsules"},{"@type":"BreadcrumbList","@id":"https:\/\/jeaken.com\/de\/produkt\/cordyceps-pilz-kapseln-zur-verbesserung-der-ausdauer-und-zur-linderung-von-angst-und-stress-60-kapseln\/#breadcrumb","itemListElement":[{"@type":"ListItem","position":1,"name":"Home","item":"https:\/\/jeaken.com\/de\/"},{"@type":"ListItem","position":2,"name":"Private: Shop","item":"https:\/\/jeaken.com\/shop\/"},{"@type":"ListItem","position":3,"name":"Cordyceps-Pilz-Kapseln &#8211; Zur Verbesserung der Ausdauer und zur Linderung von Angst und Stress (60 Kapseln)"}]},{"@type":"WebSite","@id":"https:\/\/jeaken.com\/de\/#website","url":"https:\/\/jeaken.com\/de\/","name":"JeaKen","description":"Organic Supplements for Health, Fitness and Nutrition","publisher":{"@id":"https:\/\/jeaken.com\/de\/#organization"},"potentialAction":[{"@type":"SearchAction","target":{"@type":"EntryPoint","urlTemplate":"https:\/\/jeaken.com\/de\/?s={search_term_string}"},"query-input":"required name=search_term_string"}],"inLanguage":"de-DE"},{"@type":"Organization","@id":"https:\/\/jeaken.com\/de\/#organization","name":"JeaKen","url":"https:\/\/jeaken.com\/de\/","logo":{"@type":"ImageObject","inLanguage":"de-DE","@id":"https:\/\/jeaken.com\/de\/#\/schema\/logo\/image\/","url":"https:\/\/jeaken.com\/wp-content\/uploads\/2022\/06\/jeaken-logo-23.png","contentUrl":"https:\/\/jeaken.com\/wp-content\/uploads\/2022\/06\/jeaken-logo-23.png","width":2486,"height":736,"caption":"JeaKen"},"image":{"@id":"https:\/\/jeaken.com\/de\/#\/schema\/logo\/image\/"}}]}},"jetpack_sharing_enabled":true,"_links":{"self":[{"href":"https:\/\/jeaken.com\/de\/wp-json\/wp\/v2\/product\/8888","targetHints":{"allow":["GET"]}}],"collection":[{"href":"https:\/\/jeaken.com\/de\/wp-json\/wp\/v2\/product"}],"about":[{"href":"https:\/\/jeaken.com\/de\/wp-json\/wp\/v2\/types\/product"}],"wp:featuredmedia":[{"embeddable":true,"href":"https:\/\/jeaken.com\/de\/wp-json\/wp\/v2\/media\/15550"}],"wp:attachment":[{"href":"https:\/\/jeaken.com\/de\/wp-json\/wp\/v2\/media?parent=8888"}],"wp:term":[{"taxonomy":"product_cat","embeddable":true,"href":"https:\/\/jeaken.com\/de\/wp-json\/wp\/v2\/product_cat?post=8888"},{"taxonomy":"product_tag","embeddable":true,"href":"https:\/\/jeaken.com\/de\/wp-json\/wp\/v2\/product_tag?post=8888"}],"curies":[{"name":"wp","href":"https:\/\/api.w.org\/{rel}","templated":true}]}}