{"id":8798,"date":"2022-07-21T19:18:16","date_gmt":"2022-07-21T18:18:16","guid":{"rendered":"https:\/product\/nootropics-cognitive-enchancer-premium-konzentrations-und-gedaechtnisfoerderer-60-kapseln\/"},"modified":"2022-09-08T15:51:06","modified_gmt":"2022-09-08T14:51:06","slug":"nootropics-cognitive-enchancer-premium-konzentrations-und-gedaechtnisfoerderer-60-kapseln","status":"publish","type":"product","link":"https:\/\/jeaken.com\/de\/produkt\/nootropics-cognitive-enchancer-premium-konzentrations-und-gedaechtnisfoerderer-60-kapseln\/","title":{"rendered":"Nootropics Cognitive Enchancer &#8211; Premium Konzentrations- und Ged\u00e4chtnisf\u00f6rderer (60 Kapseln)"},"content":{"rendered":"<p><strong><span class=\"a-list-item\">DAS GED\u00c4CHTNIS, DIE KONZENTRATION UND DIE WACHSAMKEIT F\u00d6RDERN  <\/span><\/strong><\/p>\n<p><span class=\"a-list-item\">Unsere Nootropics Brain Boost Kapseln bestehen aus nat\u00fcrlichen Inhaltsstoffen, die helfen, die Konzentration und Aufmerksamkeit zu steigern, die geistige Energie zu erh\u00f6hen und das Ged\u00e4chtnis zu verbessern.<\/span><\/p>\n<p><strong><span class=\"a-list-item\">REDUZIERT M\u00dcDIGKEIT UND VERBESSERT DIE KONZENTRATION  <\/span><\/strong><\/p>\n<p><span class=\"a-list-item\">Guarana, eine im Amazonasgebiet beheimatete Pflanze, enth\u00e4lt von Natur aus Koffein und ist nachweislich wirksam bei der Verringerung von M\u00fcdigkeit und der Verbesserung der geistigen Konzentration. Die starke Kombination von Koffein und Theanin ist \u00e4u\u00dferst wirksam bei der Verbesserung der kognitiven Leistung.<\/span><\/p>\n<p><strong><span class=\"a-list-item\">NAT\u00dcRLICHE ZUTATEN  <\/span><\/strong><\/p>\n<p><span class=\"a-list-item\">Unser Nahrungserg\u00e4nzungsmittel f\u00fcr das Ged\u00e4chtnis besteht aus rein nat\u00fcrlichen Vitaminen, Mineralien und Kr\u00e4uterextrakten, ohne sch\u00e4dliche Zusatzstoffe. Unsere Nahrungserg\u00e4nzungsmittel sind nicht gentechnisch ver\u00e4ndert und frei von Hormonen und Gluten.<\/span><\/p>\n<p><strong><span class=\"a-list-item\">WISSENSCHAFTLICH UNTERMAUERT  <\/span><\/strong><\/p>\n<p><span class=\"a-list-item\">Es wurde sehr darauf geachtet, die richtige Menge jedes Inhaltsstoffes in einer fortschrittlichen Formel zu kombinieren. Es wurde sorgf\u00e4ltig entwickelt, um die Sauerstoffversorgung und die Durchblutung der Gehirnzellen und Neuronen zu unterst\u00fctzen, um Ged\u00e4chtnis, Konzentration und Klarheit zu f\u00f6rdern.<\/span><\/p>\n<p class=\"a-spacing-mini\"><strong>VERBESSERT DIE LAUNE<\/strong><\/p>\n<p class=\"a-size-small\">Unsere hochwertigen Inhaltsstoffe unterst\u00fctzen einen gesunden Serotonin- und Dopaminspiegel, der f\u00fcr eine positive Stimmung sorgt.<\/p>\n<p class=\"a-size-small\">\n","protected":false},"excerpt":{"rendered":"<h4>Leistungsstarke Erg\u00e4nzung f\u00fcr mehr Konzentration, ein besseres Ged\u00e4chtnis und eine bessere Stimmung.<\/h4>\n<p>&nbsp;<\/p>\n<p>&nbsp;<\/p>\n","protected":false},"featured_media":3787,"template":"","meta":{"site-sidebar-layout":"default","site-content-layout":"default","ast-site-content-layout":"default","site-content-style":"default","site-sidebar-style":"default","ast-global-header-display":"","ast-banner-title-visibility":"","ast-main-header-display":"","ast-hfb-above-header-display":"","ast-hfb-below-header-display":"","ast-hfb-mobile-header-display":"","site-post-title":"","ast-breadcrumbs-content":"","ast-featured-img":"","footer-sml-layout":"","theme-transparent-header-meta":"default","adv-header-id-meta":"","stick-header-meta":"default","header-above-stick-meta":"","header-main-stick-meta":"","header-below-stick-meta":"","astra-migrate-meta-layouts":"default","ast-page-background-enabled":"default","ast-page-background-meta":{"desktop":{"background-color":"","background-image":"","background-repeat":"repeat","background-position":"center center","background-size":"auto","background-attachment":"scroll","background-type":"","background-media":"","overlay-type":"","overlay-color":"","overlay-opacity":"","overlay-gradient":""},"tablet":{"background-color":"","background-image":"","background-repeat":"repeat","background-position":"center center","background-size":"auto","background-attachment":"scroll","background-type":"","background-media":"","overlay-type":"","overlay-color":"","overlay-opacity":"","overlay-gradient":""},"mobile":{"background-color":"","background-image":"","background-repeat":"repeat","background-position":"center center","background-size":"auto","background-attachment":"scroll","background-type":"","background-media":"","overlay-type":"","overlay-color":"","overlay-opacity":"","overlay-gradient":""}},"ast-content-background-meta":{"desktop":{"background-color":"var(--ast-global-color-5)","background-image":"","background-repeat":"repeat","background-position":"center center","background-size":"auto","background-attachment":"scroll","background-type":"","background-media":"","overlay-type":"","overlay-color":"","overlay-opacity":"","overlay-gradient":""},"tablet":{"background-color":"var(--ast-global-color-5)","background-image":"","background-repeat":"repeat","background-position":"center center","background-size":"auto","background-attachment":"scroll","background-type":"","background-media":"","overlay-type":"","overlay-color":"","overlay-opacity":"","overlay-gradient":""},"mobile":{"background-color":"var(--ast-global-color-5)","background-image":"","background-repeat":"repeat","background-position":"center center","background-size":"auto","background-attachment":"scroll","background-type":"","background-media":"","overlay-type":"","overlay-color":"","overlay-opacity":"","overlay-gradient":""}}},"product_cat":[504,581],"product_tag":[1758,1760,1764,1762,1751,1753,1747,1330,1756,1749,1766,1770,1768,1771],"class_list":{"0":"post-8798","1":"product","2":"type-product","3":"status-publish","4":"has-post-thumbnail","6":"product_cat-gehirn-booster","7":"product_cat-gesundheit-von-herz-und-gehirn","8":"product_tag-dopamin-erganzungen","9":"product_tag-fokussierungspillen","10":"product_tag-gedachtniserganzung","11":"product_tag-gedachtnispillen","12":"product_tag-gehirn-tabletten","13":"product_tag-gehirn-vitamin","14":"product_tag-hirnschmalz","15":"product_tag-koffeinpillen","16":"product_tag-konzentrationstabletten","17":"product_tag-nahrungserganzungsmittel-fur-das-gehirn","18":"product_tag-neuro-eine","19":"product_tag-nootropika-kognitive-verstarker","20":"product_tag-nootropika-zur-forderung-des-gehirns","21":"product_tag-nootropika-erganzungen","22":"has-subscription-plans","23":"desktop-align-left","24":"tablet-align-left","25":"mobile-align-left","27":"first","28":"outofstock","29":"taxable","30":"shipping-taxable","31":"purchasable","32":"product-type-simple"},"yoast_head":"<!-- This site is optimized with the Yoast SEO plugin v22.7 - https:\/\/yoast.com\/wordpress\/plugins\/seo\/ -->\n<title>Nootropics Cognitive Enchancer - Premium Konzentrations- und Ged\u00e4chtnisf\u00f6rderer (60 Kapseln) - JeaKen<\/title>\n<meta name=\"robots\" content=\"index, follow, max-snippet:-1, max-image-preview:large, max-video-preview:-1\" \/>\n<link rel=\"canonical\" href=\"https:\/\/jeaken.com\/de\/produkt\/nootropics-cognitive-enchancer-premium-konzentrations-und-gedaechtnisfoerderer-60-kapseln\/\" \/>\n<meta property=\"og:locale\" content=\"de_DE\" \/>\n<meta property=\"og:type\" content=\"article\" \/>\n<meta property=\"og:title\" content=\"Nootropics Cognitive Enchancer - Premium Konzentrations- und Ged\u00e4chtnisf\u00f6rderer (60 Kapseln) - JeaKen\" \/>\n<meta property=\"og:description\" content=\"Leistungsstarke Erg\u00e4nzung f\u00fcr mehr Konzentration, ein besseres Ged\u00e4chtnis und eine bessere Stimmung. &nbsp; &nbsp;\" \/>\n<meta property=\"og:url\" content=\"https:\/\/jeaken.com\/de\/produkt\/nootropics-cognitive-enchancer-premium-konzentrations-und-gedaechtnisfoerderer-60-kapseln\/\" \/>\n<meta property=\"og:site_name\" content=\"JeaKen\" \/>\n<meta property=\"article:modified_time\" content=\"2022-09-08T14:51:06+00:00\" \/>\n<meta property=\"og:image\" content=\"https:\/\/jeaken.com\/wp-content\/uploads\/2022\/07\/71C1wDkeqPL._AC_SL1500_.jpg\" \/>\n\t<meta property=\"og:image:width\" content=\"600\" \/>\n\t<meta property=\"og:image:height\" content=\"600\" \/>\n\t<meta property=\"og:image:type\" content=\"image\/jpeg\" \/>\n<meta name=\"twitter:card\" content=\"summary_large_image\" \/>\n<meta name=\"twitter:label1\" content=\"Est. reading time\" \/>\n\t<meta name=\"twitter:data1\" content=\"1 minute\" \/>\n<script type=\"application\/ld+json\" class=\"yoast-schema-graph\">{\"@context\":\"https:\/\/schema.org\",\"@graph\":[{\"@type\":\"WebPage\",\"@id\":\"https:\/\/jeaken.com\/de\/produkt\/nootropics-cognitive-enchancer-premium-konzentrations-und-gedaechtnisfoerderer-60-kapseln\/\",\"url\":\"https:\/\/jeaken.com\/de\/produkt\/nootropics-cognitive-enchancer-premium-konzentrations-und-gedaechtnisfoerderer-60-kapseln\/\",\"name\":\"Nootropics Cognitive Enchancer - Premium Konzentrations- und Ged\u00e4chtnisf\u00f6rderer (60 Kapseln) - JeaKen\",\"isPartOf\":{\"@id\":\"https:\/\/jeaken.com\/de\/#website\"},\"primaryImageOfPage\":{\"@id\":\"https:\/\/jeaken.com\/de\/produkt\/nootropics-cognitive-enchancer-premium-konzentrations-und-gedaechtnisfoerderer-60-kapseln\/#primaryimage\"},\"image\":{\"@id\":\"https:\/\/jeaken.com\/de\/produkt\/nootropics-cognitive-enchancer-premium-konzentrations-und-gedaechtnisfoerderer-60-kapseln\/#primaryimage\"},\"thumbnailUrl\":\"https:\/\/jeaken.com\/wp-content\/uploads\/2022\/07\/71C1wDkeqPL._AC_SL1500_.jpg\",\"datePublished\":\"2022-07-21T18:18:16+00:00\",\"dateModified\":\"2022-09-08T14:51:06+00:00\",\"breadcrumb\":{\"@id\":\"https:\/\/jeaken.com\/de\/produkt\/nootropics-cognitive-enchancer-premium-konzentrations-und-gedaechtnisfoerderer-60-kapseln\/#breadcrumb\"},\"inLanguage\":\"de-DE\",\"potentialAction\":[{\"@type\":\"ReadAction\",\"target\":[\"https:\/\/jeaken.com\/de\/produkt\/nootropics-cognitive-enchancer-premium-konzentrations-und-gedaechtnisfoerderer-60-kapseln\/\"]}]},{\"@type\":\"ImageObject\",\"inLanguage\":\"de-DE\",\"@id\":\"https:\/\/jeaken.com\/de\/produkt\/nootropics-cognitive-enchancer-premium-konzentrations-und-gedaechtnisfoerderer-60-kapseln\/#primaryimage\",\"url\":\"https:\/\/jeaken.com\/wp-content\/uploads\/2022\/07\/71C1wDkeqPL._AC_SL1500_.jpg\",\"contentUrl\":\"https:\/\/jeaken.com\/wp-content\/uploads\/2022\/07\/71C1wDkeqPL._AC_SL1500_.jpg\",\"width\":600,\"height\":600,\"caption\":\"Nootropics Cognitive Enchancer - Premium Concentration and Memory Enhancers\"},{\"@type\":\"BreadcrumbList\",\"@id\":\"https:\/\/jeaken.com\/de\/produkt\/nootropics-cognitive-enchancer-premium-konzentrations-und-gedaechtnisfoerderer-60-kapseln\/#breadcrumb\",\"itemListElement\":[{\"@type\":\"ListItem\",\"position\":1,\"name\":\"Home\",\"item\":\"https:\/\/jeaken.com\/de\/\"},{\"@type\":\"ListItem\",\"position\":2,\"name\":\"Private: Shop\",\"item\":\"https:\/\/jeaken.com\/shop\/\"},{\"@type\":\"ListItem\",\"position\":3,\"name\":\"Nootropics Cognitive Enchancer &#8211; Premium Konzentrations- und Ged\u00e4chtnisf\u00f6rderer (60 Kapseln)\"}]},{\"@type\":\"WebSite\",\"@id\":\"https:\/\/jeaken.com\/de\/#website\",\"url\":\"https:\/\/jeaken.com\/de\/\",\"name\":\"JeaKen\",\"description\":\"Organic Supplements for Health, Fitness and Nutrition\",\"publisher\":{\"@id\":\"https:\/\/jeaken.com\/de\/#organization\"},\"potentialAction\":[{\"@type\":\"SearchAction\",\"target\":{\"@type\":\"EntryPoint\",\"urlTemplate\":\"https:\/\/jeaken.com\/de\/?s={search_term_string}\"},\"query-input\":\"required name=search_term_string\"}],\"inLanguage\":\"de-DE\"},{\"@type\":\"Organization\",\"@id\":\"https:\/\/jeaken.com\/de\/#organization\",\"name\":\"JeaKen\",\"url\":\"https:\/\/jeaken.com\/de\/\",\"logo\":{\"@type\":\"ImageObject\",\"inLanguage\":\"de-DE\",\"@id\":\"https:\/\/jeaken.com\/de\/#\/schema\/logo\/image\/\",\"url\":\"https:\/\/jeaken.com\/wp-content\/uploads\/2022\/06\/jeaken-logo-23.png\",\"contentUrl\":\"https:\/\/jeaken.com\/wp-content\/uploads\/2022\/06\/jeaken-logo-23.png\",\"width\":2486,\"height\":736,\"caption\":\"JeaKen\"},\"image\":{\"@id\":\"https:\/\/jeaken.com\/de\/#\/schema\/logo\/image\/\"}}]}<\/script>\n<!-- \/ Yoast SEO plugin. -->","yoast_head_json":{"title":"Nootropics Cognitive Enchancer - Premium Konzentrations- und Ged\u00e4chtnisf\u00f6rderer (60 Kapseln) - JeaKen","robots":{"index":"index","follow":"follow","max-snippet":"max-snippet:-1","max-image-preview":"max-image-preview:large","max-video-preview":"max-video-preview:-1"},"canonical":"https:\/\/jeaken.com\/de\/produkt\/nootropics-cognitive-enchancer-premium-konzentrations-und-gedaechtnisfoerderer-60-kapseln\/","og_locale":"de_DE","og_type":"article","og_title":"Nootropics Cognitive Enchancer - Premium Konzentrations- und Ged\u00e4chtnisf\u00f6rderer (60 Kapseln) - JeaKen","og_description":"Leistungsstarke Erg\u00e4nzung f\u00fcr mehr Konzentration, ein besseres Ged\u00e4chtnis und eine bessere Stimmung. &nbsp; &nbsp;","og_url":"https:\/\/jeaken.com\/de\/produkt\/nootropics-cognitive-enchancer-premium-konzentrations-und-gedaechtnisfoerderer-60-kapseln\/","og_site_name":"JeaKen","article_modified_time":"2022-09-08T14:51:06+00:00","og_image":[{"width":600,"height":600,"url":"https:\/\/jeaken.com\/wp-content\/uploads\/2022\/07\/71C1wDkeqPL._AC_SL1500_.jpg","type":"image\/jpeg"}],"twitter_card":"summary_large_image","twitter_misc":{"Est. reading time":"1 minute"},"schema":{"@context":"https:\/\/schema.org","@graph":[{"@type":"WebPage","@id":"https:\/\/jeaken.com\/de\/produkt\/nootropics-cognitive-enchancer-premium-konzentrations-und-gedaechtnisfoerderer-60-kapseln\/","url":"https:\/\/jeaken.com\/de\/produkt\/nootropics-cognitive-enchancer-premium-konzentrations-und-gedaechtnisfoerderer-60-kapseln\/","name":"Nootropics Cognitive Enchancer - Premium Konzentrations- und Ged\u00e4chtnisf\u00f6rderer (60 Kapseln) - JeaKen","isPartOf":{"@id":"https:\/\/jeaken.com\/de\/#website"},"primaryImageOfPage":{"@id":"https:\/\/jeaken.com\/de\/produkt\/nootropics-cognitive-enchancer-premium-konzentrations-und-gedaechtnisfoerderer-60-kapseln\/#primaryimage"},"image":{"@id":"https:\/\/jeaken.com\/de\/produkt\/nootropics-cognitive-enchancer-premium-konzentrations-und-gedaechtnisfoerderer-60-kapseln\/#primaryimage"},"thumbnailUrl":"https:\/\/jeaken.com\/wp-content\/uploads\/2022\/07\/71C1wDkeqPL._AC_SL1500_.jpg","datePublished":"2022-07-21T18:18:16+00:00","dateModified":"2022-09-08T14:51:06+00:00","breadcrumb":{"@id":"https:\/\/jeaken.com\/de\/produkt\/nootropics-cognitive-enchancer-premium-konzentrations-und-gedaechtnisfoerderer-60-kapseln\/#breadcrumb"},"inLanguage":"de-DE","potentialAction":[{"@type":"ReadAction","target":["https:\/\/jeaken.com\/de\/produkt\/nootropics-cognitive-enchancer-premium-konzentrations-und-gedaechtnisfoerderer-60-kapseln\/"]}]},{"@type":"ImageObject","inLanguage":"de-DE","@id":"https:\/\/jeaken.com\/de\/produkt\/nootropics-cognitive-enchancer-premium-konzentrations-und-gedaechtnisfoerderer-60-kapseln\/#primaryimage","url":"https:\/\/jeaken.com\/wp-content\/uploads\/2022\/07\/71C1wDkeqPL._AC_SL1500_.jpg","contentUrl":"https:\/\/jeaken.com\/wp-content\/uploads\/2022\/07\/71C1wDkeqPL._AC_SL1500_.jpg","width":600,"height":600,"caption":"Nootropics Cognitive Enchancer - Premium Concentration and Memory Enhancers"},{"@type":"BreadcrumbList","@id":"https:\/\/jeaken.com\/de\/produkt\/nootropics-cognitive-enchancer-premium-konzentrations-und-gedaechtnisfoerderer-60-kapseln\/#breadcrumb","itemListElement":[{"@type":"ListItem","position":1,"name":"Home","item":"https:\/\/jeaken.com\/de\/"},{"@type":"ListItem","position":2,"name":"Private: Shop","item":"https:\/\/jeaken.com\/shop\/"},{"@type":"ListItem","position":3,"name":"Nootropics Cognitive Enchancer &#8211; Premium Konzentrations- und Ged\u00e4chtnisf\u00f6rderer (60 Kapseln)"}]},{"@type":"WebSite","@id":"https:\/\/jeaken.com\/de\/#website","url":"https:\/\/jeaken.com\/de\/","name":"JeaKen","description":"Organic Supplements for Health, Fitness and Nutrition","publisher":{"@id":"https:\/\/jeaken.com\/de\/#organization"},"potentialAction":[{"@type":"SearchAction","target":{"@type":"EntryPoint","urlTemplate":"https:\/\/jeaken.com\/de\/?s={search_term_string}"},"query-input":"required name=search_term_string"}],"inLanguage":"de-DE"},{"@type":"Organization","@id":"https:\/\/jeaken.com\/de\/#organization","name":"JeaKen","url":"https:\/\/jeaken.com\/de\/","logo":{"@type":"ImageObject","inLanguage":"de-DE","@id":"https:\/\/jeaken.com\/de\/#\/schema\/logo\/image\/","url":"https:\/\/jeaken.com\/wp-content\/uploads\/2022\/06\/jeaken-logo-23.png","contentUrl":"https:\/\/jeaken.com\/wp-content\/uploads\/2022\/06\/jeaken-logo-23.png","width":2486,"height":736,"caption":"JeaKen"},"image":{"@id":"https:\/\/jeaken.com\/de\/#\/schema\/logo\/image\/"}}]}},"jetpack_sharing_enabled":true,"_links":{"self":[{"href":"https:\/\/jeaken.com\/de\/wp-json\/wp\/v2\/product\/8798","targetHints":{"allow":["GET"]}}],"collection":[{"href":"https:\/\/jeaken.com\/de\/wp-json\/wp\/v2\/product"}],"about":[{"href":"https:\/\/jeaken.com\/de\/wp-json\/wp\/v2\/types\/product"}],"wp:featuredmedia":[{"embeddable":true,"href":"https:\/\/jeaken.com\/de\/wp-json\/wp\/v2\/media\/3787"}],"wp:attachment":[{"href":"https:\/\/jeaken.com\/de\/wp-json\/wp\/v2\/media?parent=8798"}],"wp:term":[{"taxonomy":"product_cat","embeddable":true,"href":"https:\/\/jeaken.com\/de\/wp-json\/wp\/v2\/product_cat?post=8798"},{"taxonomy":"product_tag","embeddable":true,"href":"https:\/\/jeaken.com\/de\/wp-json\/wp\/v2\/product_tag?post=8798"}],"curies":[{"name":"wp","href":"https:\/\/api.w.org\/{rel}","templated":true}]}}