{"id":8789,"date":"2022-07-21T19:18:16","date_gmt":"2022-07-21T18:18:16","guid":{"rendered":"https:\/product\/probiotika-mit-praebiotika-90-kapseln\/"},"modified":"2022-09-08T13:30:25","modified_gmt":"2022-09-08T12:30:25","slug":"probiotika-mit-praebiotika-90-kapseln","status":"publish","type":"product","link":"https:\/\/jeaken.com\/de\/produkt\/probiotika-mit-praebiotika-90-kapseln\/","title":{"rendered":"<strong>Probiotika mit Pr\u00e4biotika &#8211; (90 Kapseln)<strong>"},"content":{"rendered":"<p><strong>LINDERUNG VON BL\u00c4HUNGEN  <\/strong><\/p>\n<p>Unsere Kapseln stammen aus der Lactobacillus-Familie von Probiotika, die die wirksamsten Probiotika f\u00fcr die Erhaltung eines gesunden Verdauungssystems sind.<span class=\"a-list-item a-size-base\">  Unsere sorgf\u00e4ltig ausgew\u00e4hlten Bakterienst\u00e4mme geh\u00f6ren zu den besten, die daf\u00fcr bekannt sind, das Gef\u00fchl von Bl\u00e4hungen und V\u00f6llegef\u00fchl zu lindern.  <\/span><\/p>\n<p><span class=\"a-list-item a-size-base\"><strong>6 AKTIVE ST\u00c4MME MIT 10 MILLIARDEN KBE PRO PORTION<\/strong> <\/span><\/p>\n<p><span class=\"a-list-item a-size-base\">Unsere komplexen Probiotika bieten 6 besonders wirksame St\u00e4mme: Lactobacillus acidophillus, Lactobacillus rhamnosus, Lactobacillus gasseri, Bifidobacterium lactis, Bifidobacterium bifidus und Saccharomyces boullardii.<\/span><\/p>\n<p><strong>  \u00dcBERLEBT DURCH DIE MAGENS\u00c4URE  <\/strong><\/p>\n<p>Saccharomyces boulardii ist ein <span class=\"a-list-item a-size-base\">gut erforschtes,<\/span> international anerkanntes Probiotikum, das nachweislich die Magens\u00e4ure \u00fcberlebt und den Darm lebend erreicht.<\/p>\n<p><b>MEHRERE GESUNDHEITLICHE VORTEILE<\/b><\/p>\n<p>Unsere innovative Formel ist mit Inulin angereichert, einem pr\u00e4biotischen Ballaststoff mit starken gesundheitlichen Vorteilen wie verbesserter Immunit\u00e4t, verbesserter R<span class=\"a-list-item\"><br \/>\n  <span class=\"a-size-base\">egularit\u00e4t, bessere N<\/span><br \/>\n<\/span><span class=\"a-list-item\"><br \/>\n  <span class=\"a-size-base\">utrient Absorption, Gewichtsabnahme, verbesserte Gesundheit der Harnwege, verbesserte Cholesterinwerte und besserer Stoffwechsel.<\/span><br \/>\n<\/span><\/p>\n<p><strong>MIT NAT\u00dcRLICHEN ZUTATEN HERGESTELLT<\/strong><\/p>\n<p>Unsere vegan-freundlichen Kapseln sind 100% rein und nat\u00fcrlich und enthalten keine gentechnisch ver\u00e4nderten Zutaten.<\/p>\n","protected":false},"excerpt":{"rendered":"<p><b>Sechs aktive St\u00e4mme f\u00fcr <span class=\"a-list-item a-size-base\"><br \/>\n  <strong>10 Milliarden KBE pro Portion f\u00fcr <\/strong><br \/>\n<\/span>Linderung von Bl\u00e4hungen, Darmgesundheit und vielf\u00e4ltige gesundheitliche Vorteile.  <\/b><\/p>\n","protected":false},"featured_media":15791,"template":"","meta":{"site-sidebar-layout":"default","site-content-layout":"default","ast-site-content-layout":"default","site-content-style":"default","site-sidebar-style":"default","ast-global-header-display":"","ast-banner-title-visibility":"","ast-main-header-display":"","ast-hfb-above-header-display":"","ast-hfb-below-header-display":"","ast-hfb-mobile-header-display":"","site-post-title":"","ast-breadcrumbs-content":"","ast-featured-img":"","footer-sml-layout":"","theme-transparent-header-meta":"default","adv-header-id-meta":"","stick-header-meta":"default","header-above-stick-meta":"","header-main-stick-meta":"","header-below-stick-meta":"","astra-migrate-meta-layouts":"default","ast-page-background-enabled":"default","ast-page-background-meta":{"desktop":{"background-color":"","background-image":"","background-repeat":"repeat","background-position":"center center","background-size":"auto","background-attachment":"scroll","background-type":"","background-media":"","overlay-type":"","overlay-color":"","overlay-opacity":"","overlay-gradient":""},"tablet":{"background-color":"","background-image":"","background-repeat":"repeat","background-position":"center center","background-size":"auto","background-attachment":"scroll","background-type":"","background-media":"","overlay-type":"","overlay-color":"","overlay-opacity":"","overlay-gradient":""},"mobile":{"background-color":"","background-image":"","background-repeat":"repeat","background-position":"center center","background-size":"auto","background-attachment":"scroll","background-type":"","background-media":"","overlay-type":"","overlay-color":"","overlay-opacity":"","overlay-gradient":""}},"ast-content-background-meta":{"desktop":{"background-color":"var(--ast-global-color-5)","background-image":"","background-repeat":"repeat","background-position":"center center","background-size":"auto","background-attachment":"scroll","background-type":"","background-media":"","overlay-type":"","overlay-color":"","overlay-opacity":"","overlay-gradient":""},"tablet":{"background-color":"var(--ast-global-color-5)","background-image":"","background-repeat":"repeat","background-position":"center center","background-size":"auto","background-attachment":"scroll","background-type":"","background-media":"","overlay-type":"","overlay-color":"","overlay-opacity":"","overlay-gradient":""},"mobile":{"background-color":"var(--ast-global-color-5)","background-image":"","background-repeat":"repeat","background-position":"center center","background-size":"auto","background-attachment":"scroll","background-type":"","background-media":"","overlay-type":"","overlay-color":"","overlay-opacity":"","overlay-gradient":""}}},"product_cat":[521,522],"product_tag":[1684,1686,1687,1688,1685,1689,1690,1695,1698,1691,1692,1701],"class_list":{"0":"post-8789","1":"product","2":"type-product","3":"status-publish","4":"has-post-thumbnail","6":"product_cat-gesundheit-der-verdauung","7":"product_cat-linderung-von-blahungen","8":"product_tag-acidophilus-kapseln","9":"product_tag-candida-behandlung","10":"product_tag-darmgesundheit","11":"product_tag-laktobazillus-rhamnosus","12":"product_tag-linderung-von-blahungen","13":"product_tag-prabiotika-fur-erwachsene","14":"product_tag-pro-biotika-kapseln","15":"product_tag-probiotika-fur-erwachsene","16":"product_tag-probiotika-fur-frauen","17":"product_tag-probiotische-erganzung","18":"product_tag-probiotische-tabletten-de","19":"product_tag-soor-tabletten","20":"has-subscription-plans","21":"desktop-align-left","22":"tablet-align-left","23":"mobile-align-left","25":"first","26":"instock","27":"sale","28":"taxable","29":"shipping-taxable","30":"purchasable","31":"product-type-simple"},"yoast_head":"<!-- This site is optimized with the Yoast SEO plugin v22.7 - https:\/\/yoast.com\/wordpress\/plugins\/seo\/ -->\n<title>Probiotika mit Pr\u00e4biotika - (90 Kapseln) - JeaKen<\/title>\n<meta name=\"robots\" content=\"index, follow, max-snippet:-1, max-image-preview:large, max-video-preview:-1\" \/>\n<link rel=\"canonical\" href=\"https:\/\/jeaken.com\/de\/produkt\/probiotika-mit-praebiotika-90-kapseln\/\" \/>\n<meta property=\"og:locale\" content=\"de_DE\" \/>\n<meta property=\"og:type\" content=\"article\" \/>\n<meta property=\"og:title\" content=\"Probiotika mit Pr\u00e4biotika - (90 Kapseln) - JeaKen\" \/>\n<meta property=\"og:description\" content=\"Sechs aktive St\u00e4mme f\u00fcr  10 Milliarden KBE pro Portion f\u00fcr Linderung von Bl\u00e4hungen, Darmgesundheit und vielf\u00e4ltige gesundheitliche Vorteile.\" \/>\n<meta property=\"og:url\" content=\"https:\/\/jeaken.com\/de\/produkt\/probiotika-mit-praebiotika-90-kapseln\/\" \/>\n<meta property=\"og:site_name\" content=\"JeaKen\" \/>\n<meta property=\"article:modified_time\" content=\"2022-09-08T12:30:25+00:00\" \/>\n<meta property=\"og:image\" content=\"https:\/\/jeaken.com\/wp-content\/uploads\/2022\/07\/Probiotics-90-1.jpg\" \/>\n\t<meta property=\"og:image:width\" content=\"512\" \/>\n\t<meta property=\"og:image:height\" content=\"600\" \/>\n\t<meta property=\"og:image:type\" content=\"image\/jpeg\" \/>\n<meta name=\"twitter:card\" content=\"summary_large_image\" \/>\n<meta name=\"twitter:label1\" content=\"Est. reading time\" \/>\n\t<meta name=\"twitter:data1\" content=\"1 minute\" \/>\n<script type=\"application\/ld+json\" class=\"yoast-schema-graph\">{\"@context\":\"https:\/\/schema.org\",\"@graph\":[{\"@type\":\"WebPage\",\"@id\":\"https:\/\/jeaken.com\/de\/produkt\/probiotika-mit-praebiotika-90-kapseln\/\",\"url\":\"https:\/\/jeaken.com\/de\/produkt\/probiotika-mit-praebiotika-90-kapseln\/\",\"name\":\"Probiotika mit Pr\u00e4biotika - (90 Kapseln) - JeaKen\",\"isPartOf\":{\"@id\":\"https:\/\/jeaken.com\/de\/#website\"},\"primaryImageOfPage\":{\"@id\":\"https:\/\/jeaken.com\/de\/produkt\/probiotika-mit-praebiotika-90-kapseln\/#primaryimage\"},\"image\":{\"@id\":\"https:\/\/jeaken.com\/de\/produkt\/probiotika-mit-praebiotika-90-kapseln\/#primaryimage\"},\"thumbnailUrl\":\"https:\/\/jeaken.com\/wp-content\/uploads\/2022\/07\/Probiotics-90-1.jpg\",\"datePublished\":\"2022-07-21T18:18:16+00:00\",\"dateModified\":\"2022-09-08T12:30:25+00:00\",\"breadcrumb\":{\"@id\":\"https:\/\/jeaken.com\/de\/produkt\/probiotika-mit-praebiotika-90-kapseln\/#breadcrumb\"},\"inLanguage\":\"de-DE\",\"potentialAction\":[{\"@type\":\"ReadAction\",\"target\":[\"https:\/\/jeaken.com\/de\/produkt\/probiotika-mit-praebiotika-90-kapseln\/\"]}]},{\"@type\":\"ImageObject\",\"inLanguage\":\"de-DE\",\"@id\":\"https:\/\/jeaken.com\/de\/produkt\/probiotika-mit-praebiotika-90-kapseln\/#primaryimage\",\"url\":\"https:\/\/jeaken.com\/wp-content\/uploads\/2022\/07\/Probiotics-90-1.jpg\",\"contentUrl\":\"https:\/\/jeaken.com\/wp-content\/uploads\/2022\/07\/Probiotics-90-1.jpg\",\"width\":512,\"height\":600,\"caption\":\"6 Strains Probiotics with Prebiotics\"},{\"@type\":\"BreadcrumbList\",\"@id\":\"https:\/\/jeaken.com\/de\/produkt\/probiotika-mit-praebiotika-90-kapseln\/#breadcrumb\",\"itemListElement\":[{\"@type\":\"ListItem\",\"position\":1,\"name\":\"Home\",\"item\":\"https:\/\/jeaken.com\/de\/\"},{\"@type\":\"ListItem\",\"position\":2,\"name\":\"Private: Shop\",\"item\":\"https:\/\/jeaken.com\/shop\/\"},{\"@type\":\"ListItem\",\"position\":3,\"name\":\"Probiotika mit Pr\u00e4biotika &#8211; (90 Kapseln)\"}]},{\"@type\":\"WebSite\",\"@id\":\"https:\/\/jeaken.com\/de\/#website\",\"url\":\"https:\/\/jeaken.com\/de\/\",\"name\":\"JeaKen\",\"description\":\"Organic Supplements for Health, Fitness and Nutrition\",\"publisher\":{\"@id\":\"https:\/\/jeaken.com\/de\/#organization\"},\"potentialAction\":[{\"@type\":\"SearchAction\",\"target\":{\"@type\":\"EntryPoint\",\"urlTemplate\":\"https:\/\/jeaken.com\/de\/?s={search_term_string}\"},\"query-input\":\"required name=search_term_string\"}],\"inLanguage\":\"de-DE\"},{\"@type\":\"Organization\",\"@id\":\"https:\/\/jeaken.com\/de\/#organization\",\"name\":\"JeaKen\",\"url\":\"https:\/\/jeaken.com\/de\/\",\"logo\":{\"@type\":\"ImageObject\",\"inLanguage\":\"de-DE\",\"@id\":\"https:\/\/jeaken.com\/de\/#\/schema\/logo\/image\/\",\"url\":\"https:\/\/jeaken.com\/wp-content\/uploads\/2022\/06\/jeaken-logo-23.png\",\"contentUrl\":\"https:\/\/jeaken.com\/wp-content\/uploads\/2022\/06\/jeaken-logo-23.png\",\"width\":2486,\"height\":736,\"caption\":\"JeaKen\"},\"image\":{\"@id\":\"https:\/\/jeaken.com\/de\/#\/schema\/logo\/image\/\"}}]}<\/script>\n<!-- \/ Yoast SEO plugin. -->","yoast_head_json":{"title":"Probiotika mit Pr\u00e4biotika - (90 Kapseln) - JeaKen","robots":{"index":"index","follow":"follow","max-snippet":"max-snippet:-1","max-image-preview":"max-image-preview:large","max-video-preview":"max-video-preview:-1"},"canonical":"https:\/\/jeaken.com\/de\/produkt\/probiotika-mit-praebiotika-90-kapseln\/","og_locale":"de_DE","og_type":"article","og_title":"Probiotika mit Pr\u00e4biotika - (90 Kapseln) - JeaKen","og_description":"Sechs aktive St\u00e4mme f\u00fcr  10 Milliarden KBE pro Portion f\u00fcr Linderung von Bl\u00e4hungen, Darmgesundheit und vielf\u00e4ltige gesundheitliche Vorteile.","og_url":"https:\/\/jeaken.com\/de\/produkt\/probiotika-mit-praebiotika-90-kapseln\/","og_site_name":"JeaKen","article_modified_time":"2022-09-08T12:30:25+00:00","og_image":[{"width":512,"height":600,"url":"https:\/\/jeaken.com\/wp-content\/uploads\/2022\/07\/Probiotics-90-1.jpg","type":"image\/jpeg"}],"twitter_card":"summary_large_image","twitter_misc":{"Est. reading time":"1 minute"},"schema":{"@context":"https:\/\/schema.org","@graph":[{"@type":"WebPage","@id":"https:\/\/jeaken.com\/de\/produkt\/probiotika-mit-praebiotika-90-kapseln\/","url":"https:\/\/jeaken.com\/de\/produkt\/probiotika-mit-praebiotika-90-kapseln\/","name":"Probiotika mit Pr\u00e4biotika - (90 Kapseln) - JeaKen","isPartOf":{"@id":"https:\/\/jeaken.com\/de\/#website"},"primaryImageOfPage":{"@id":"https:\/\/jeaken.com\/de\/produkt\/probiotika-mit-praebiotika-90-kapseln\/#primaryimage"},"image":{"@id":"https:\/\/jeaken.com\/de\/produkt\/probiotika-mit-praebiotika-90-kapseln\/#primaryimage"},"thumbnailUrl":"https:\/\/jeaken.com\/wp-content\/uploads\/2022\/07\/Probiotics-90-1.jpg","datePublished":"2022-07-21T18:18:16+00:00","dateModified":"2022-09-08T12:30:25+00:00","breadcrumb":{"@id":"https:\/\/jeaken.com\/de\/produkt\/probiotika-mit-praebiotika-90-kapseln\/#breadcrumb"},"inLanguage":"de-DE","potentialAction":[{"@type":"ReadAction","target":["https:\/\/jeaken.com\/de\/produkt\/probiotika-mit-praebiotika-90-kapseln\/"]}]},{"@type":"ImageObject","inLanguage":"de-DE","@id":"https:\/\/jeaken.com\/de\/produkt\/probiotika-mit-praebiotika-90-kapseln\/#primaryimage","url":"https:\/\/jeaken.com\/wp-content\/uploads\/2022\/07\/Probiotics-90-1.jpg","contentUrl":"https:\/\/jeaken.com\/wp-content\/uploads\/2022\/07\/Probiotics-90-1.jpg","width":512,"height":600,"caption":"6 Strains Probiotics with Prebiotics"},{"@type":"BreadcrumbList","@id":"https:\/\/jeaken.com\/de\/produkt\/probiotika-mit-praebiotika-90-kapseln\/#breadcrumb","itemListElement":[{"@type":"ListItem","position":1,"name":"Home","item":"https:\/\/jeaken.com\/de\/"},{"@type":"ListItem","position":2,"name":"Private: Shop","item":"https:\/\/jeaken.com\/shop\/"},{"@type":"ListItem","position":3,"name":"Probiotika mit Pr\u00e4biotika &#8211; (90 Kapseln)"}]},{"@type":"WebSite","@id":"https:\/\/jeaken.com\/de\/#website","url":"https:\/\/jeaken.com\/de\/","name":"JeaKen","description":"Organic Supplements for Health, Fitness and Nutrition","publisher":{"@id":"https:\/\/jeaken.com\/de\/#organization"},"potentialAction":[{"@type":"SearchAction","target":{"@type":"EntryPoint","urlTemplate":"https:\/\/jeaken.com\/de\/?s={search_term_string}"},"query-input":"required name=search_term_string"}],"inLanguage":"de-DE"},{"@type":"Organization","@id":"https:\/\/jeaken.com\/de\/#organization","name":"JeaKen","url":"https:\/\/jeaken.com\/de\/","logo":{"@type":"ImageObject","inLanguage":"de-DE","@id":"https:\/\/jeaken.com\/de\/#\/schema\/logo\/image\/","url":"https:\/\/jeaken.com\/wp-content\/uploads\/2022\/06\/jeaken-logo-23.png","contentUrl":"https:\/\/jeaken.com\/wp-content\/uploads\/2022\/06\/jeaken-logo-23.png","width":2486,"height":736,"caption":"JeaKen"},"image":{"@id":"https:\/\/jeaken.com\/de\/#\/schema\/logo\/image\/"}}]}},"jetpack_sharing_enabled":true,"_links":{"self":[{"href":"https:\/\/jeaken.com\/de\/wp-json\/wp\/v2\/product\/8789","targetHints":{"allow":["GET"]}}],"collection":[{"href":"https:\/\/jeaken.com\/de\/wp-json\/wp\/v2\/product"}],"about":[{"href":"https:\/\/jeaken.com\/de\/wp-json\/wp\/v2\/types\/product"}],"wp:featuredmedia":[{"embeddable":true,"href":"https:\/\/jeaken.com\/de\/wp-json\/wp\/v2\/media\/15791"}],"wp:attachment":[{"href":"https:\/\/jeaken.com\/de\/wp-json\/wp\/v2\/media?parent=8789"}],"wp:term":[{"taxonomy":"product_cat","embeddable":true,"href":"https:\/\/jeaken.com\/de\/wp-json\/wp\/v2\/product_cat?post=8789"},{"taxonomy":"product_tag","embeddable":true,"href":"https:\/\/jeaken.com\/de\/wp-json\/wp\/v2\/product_tag?post=8789"}],"curies":[{"name":"wp","href":"https:\/\/api.w.org\/{rel}","templated":true}]}}