{"id":6947,"date":"2022-07-21T19:18:16","date_gmt":"2022-07-21T18:18:16","guid":{"rendered":"https:\/1658920591610?product=glucosaminsulfat-1500mg-nahrungsergaenzungsmittel-365-tabletten"},"modified":"2022-09-08T15:51:20","modified_gmt":"2022-09-08T14:51:20","slug":"glucosamin-sulfat-1500mg-erganzung-365-tabletten","status":"publish","type":"product","link":"https:\/\/jeaken.com\/de\/produkt\/glucosamin-sulfat-1500mg-erganzung-365-tabletten\/","title":{"rendered":"Glucosamin Sulfat 1500mg Erg\u00e4nzung (365 Tabletten)"},"content":{"rendered":"<p><strong>F\u00d6RDERT DIE GESUNDHEIT DER GELENKE  <\/strong><\/p>\n<p>Glucosamin ist ein k\u00f6rpereigener Stoff, der einer der Bausteine des Knorpels ist. Unser Nahrungserg\u00e4nzungsmittel Glucosaminsulfat tr\u00e4gt zum Aufbau und zur St\u00e4rkung des Knorpels bei, der mit zunehmendem Alter nat\u00fcrlich abnimmt.<\/p>\n<p>&nbsp;<\/p>\n<p><strong>KLINISCH ERPROBT<\/strong><\/p>\n<p>Unser hochwirksames Glucosaminsulfat ist mit einem geringen Anteil an Kaliumchlorid (2kcl) kombiniert, das zur Stabilisierung des Glucosamins beitr\u00e4gt. In klinischen Studien hat sich Kaliumchlorid als die wirksamste Art der Glucosaminerg\u00e4nzung erwiesen.<\/p>\n<p>&nbsp;<\/p>\n<p><strong>HOCHWIRKSAMES GLUCOSAMINSULFAT  <\/strong><\/p>\n<p>Unser Nahrungserg\u00e4nzungsmittel mit Glucosamin enth\u00e4lt 1500 mg Glucosaminsulfat 2kcl, ein hochwirksames Nahrungserg\u00e4nzungsmittel, das t\u00e4glich 1.133 mg Glucosaminsulfat und 888 mg reines (basisches) Glucosamin enth\u00e4lt.<\/p>\n<p>&nbsp;<\/p>\n<p><strong>ZUFRIEDENHEIT GARANTIERT  <\/strong><\/p>\n<p>Unsere hochwertigen Nahrungserg\u00e4nzungsmittel werden im Vereinigten K\u00f6nigreich gem\u00e4\u00df den GMP-Richtlinien hergestellt.<\/p>\n<p>&nbsp;<\/p>\n<p><strong>F\u00d6RDERT DIE KNOCHENGESUNDHEIT<\/strong><\/p>\n<p class=\"a-spacing-base\">Viele Menschen mit Knochenschmerzen, geringer Knochendichte und einer Vorgeschichte von Knochenbr\u00fcchen k\u00f6nnen von der Einnahme von Glucosamin profitieren. Es gibt Hinweise darauf, dass Glucosamin zum Erhalt des Gelenkknorpels um die Knochen beitr\u00e4gt. Es kann auch dazu beitragen, Schmerzen zu lindern, die k\u00f6rperliche Funktion zu verbessern und die Aktivit\u00e4tsf\u00e4higkeit von Menschen mit Knochenschmerzen zu steigern.<\/p>\n<p>&nbsp;<\/p>\n<p class=\"a-spacing-mini a-color-secondary\"><strong>UNTERST\u00dcTZT DIE GESUNDHEIT DER VERDAUUNG<\/strong><\/p>\n<p class=\"a-spacing-base\">Glucosamin kann eine hilfreiche Erg\u00e4nzung sein, um die Verdauungsfunktion zu verbessern und die Auskleidung des Magen-Darm-Trakts zu unterst\u00fctzen. Glucosaminpr\u00e4parate oder nat\u00fcrlich glucosaminreiche Knochenbr\u00fche tragen dazu bei, besch\u00e4digtes Gewebe zu reparieren und Entz\u00fcndungen im Magen-Darm-Trakt zu verringern.<\/p>\n<p>&nbsp;<\/p>\n<p><strong>F\u00d6RDERT GESUNDE ZELLEN<\/strong><\/p>\n<p>Das Kollagenpeptidpulver in diesem Nahrungserg\u00e4nzungsmittel f\u00f6rdert das Haarwachstum, spendet den N\u00e4geln Feuchtigkeit und regt die Kollagenproduktion an, um die Regeneration der Hautzellen zu f\u00f6rdern.<\/p>\n<p>&nbsp;<\/p>\n<p><strong>BIETET ZAHLREICHE GESUNDHEITLICHE VORTEILE<\/strong><\/p>\n<p>Dieses Nahrungserg\u00e4nzungsmittel enth\u00e4lt Lebertran, von dem bekannt ist, dass er die Gesundheit des Herzens, der Gelenke, der Knochen, des Gehirns und der Augen unterst\u00fctzt. Die Einnahme von Nahrungserg\u00e4nzungsmitteln auf der Basis von Coenzym Q10 wird auch empfohlen, um der M\u00fcdigkeit entgegenzuwirken, das Gef\u00fchl der Erm\u00fcdung zu verringern, die Energie zu steigern und die Muskelgesundheit zu f\u00f6rdern.<\/p>\n<p>&nbsp;<\/p>\n<p>&nbsp;<\/p>\n<p>&nbsp;<\/p>\n","protected":false},"excerpt":{"rendered":"<h4><strong>Veganerfreundliches Glucosamin-Nahrungserg\u00e4nzungsmittel der Klasse A f\u00fcr eine bessere Gesundheit der Gelenke.<\/strong><\/h4>\n","protected":false},"featured_media":14821,"template":"","meta":{"site-sidebar-layout":"default","site-content-layout":"default","ast-site-content-layout":"default","site-content-style":"default","site-sidebar-style":"default","ast-global-header-display":"","ast-banner-title-visibility":"","ast-main-header-display":"","ast-hfb-above-header-display":"","ast-hfb-below-header-display":"","ast-hfb-mobile-header-display":"","site-post-title":"","ast-breadcrumbs-content":"","ast-featured-img":"","footer-sml-layout":"","theme-transparent-header-meta":"default","adv-header-id-meta":"","stick-header-meta":"default","header-above-stick-meta":"","header-main-stick-meta":"","header-below-stick-meta":"","astra-migrate-meta-layouts":"default","ast-page-background-enabled":"default","ast-page-background-meta":{"desktop":{"background-color":"","background-image":"","background-repeat":"repeat","background-position":"center center","background-size":"auto","background-attachment":"scroll","background-type":"","background-media":"","overlay-type":"","overlay-color":"","overlay-opacity":"","overlay-gradient":""},"tablet":{"background-color":"","background-image":"","background-repeat":"repeat","background-position":"center center","background-size":"auto","background-attachment":"scroll","background-type":"","background-media":"","overlay-type":"","overlay-color":"","overlay-opacity":"","overlay-gradient":""},"mobile":{"background-color":"","background-image":"","background-repeat":"repeat","background-position":"center center","background-size":"auto","background-attachment":"scroll","background-type":"","background-media":"","overlay-type":"","overlay-color":"","overlay-opacity":"","overlay-gradient":""}},"ast-content-background-meta":{"desktop":{"background-color":"var(--ast-global-color-5)","background-image":"","background-repeat":"repeat","background-position":"center center","background-size":"auto","background-attachment":"scroll","background-type":"","background-media":"","overlay-type":"","overlay-color":"","overlay-opacity":"","overlay-gradient":""},"tablet":{"background-color":"var(--ast-global-color-5)","background-image":"","background-repeat":"repeat","background-position":"center center","background-size":"auto","background-attachment":"scroll","background-type":"","background-media":"","overlay-type":"","overlay-color":"","overlay-opacity":"","overlay-gradient":""},"mobile":{"background-color":"var(--ast-global-color-5)","background-image":"","background-repeat":"repeat","background-position":"center center","background-size":"auto","background-attachment":"scroll","background-type":"","background-media":"","overlay-type":"","overlay-color":"","overlay-opacity":"","overlay-gradient":""}}},"product_cat":[740],"product_tag":[1579,1580,1577,1588,1578,1581,1582,1585,1583,1584,1586,1587,1589,1590,1591,1592,1593],"class_list":{"0":"post-6947","1":"product","2":"type-product","3":"status-publish","4":"has-post-thumbnail","6":"product_cat-gesundheit-von-knochen-und-gelenken","7":"product_tag-chondroitin-glucosamin-hochwirksam","8":"product_tag-chondroitinsulfat","9":"product_tag-erganzung-zur-gelenkpflege","10":"product_tag-frei-bewegen","11":"product_tag-gemeinsame-betreuung","12":"product_tag-glucosamin-mg","13":"product_tag-glucosamin-ms","14":"product_tag-glucosamin-sulfat-mg","15":"product_tag-glucosaminsulfat","16":"product_tag-glucosaminsulfat-de","17":"product_tag-linderung-von-gelenkschmerzen","18":"product_tag-metformin-mg-tabletten","19":"product_tag-msm-tabletten-de","20":"product_tag-schmerztabletten","21":"product_tag-tabletten-gegen-arthritis","22":"product_tag-veganes-glucosamin","23":"product_tag-vitamine-fur-arthritis","24":"has-subscription-plans","25":"desktop-align-left","26":"tablet-align-left","27":"mobile-align-left","29":"first","30":"instock","31":"sale","32":"taxable","33":"shipping-taxable","34":"purchasable","35":"product-type-simple"},"yoast_head":"<!-- This site is optimized with the Yoast SEO plugin v22.7 - https:\/\/yoast.com\/wordpress\/plugins\/seo\/ -->\n<title>Glucosamin Sulfat 1500mg Erg\u00e4nzung (365 Tabletten) - JeaKen<\/title>\n<meta name=\"robots\" content=\"index, follow, max-snippet:-1, max-image-preview:large, max-video-preview:-1\" \/>\n<link rel=\"canonical\" href=\"https:\/\/jeaken.com\/de\/produkt\/glucosamin-sulfat-1500mg-erganzung-365-tabletten\/\" \/>\n<meta property=\"og:locale\" content=\"de_DE\" \/>\n<meta property=\"og:type\" content=\"article\" \/>\n<meta property=\"og:title\" content=\"Glucosamin Sulfat 1500mg Erg\u00e4nzung (365 Tabletten) - JeaKen\" \/>\n<meta property=\"og:description\" content=\"Veganerfreundliches Glucosamin-Nahrungserg\u00e4nzungsmittel der Klasse A f\u00fcr eine bessere Gesundheit der Gelenke.\" \/>\n<meta property=\"og:url\" content=\"https:\/\/jeaken.com\/de\/produkt\/glucosamin-sulfat-1500mg-erganzung-365-tabletten\/\" \/>\n<meta property=\"og:site_name\" content=\"JeaKen\" \/>\n<meta property=\"article:modified_time\" content=\"2022-09-08T14:51:20+00:00\" \/>\n<meta property=\"og:image\" content=\"https:\/\/jeaken.com\/wp-content\/uploads\/2022\/07\/Front-7.jpg\" \/>\n\t<meta property=\"og:image:width\" content=\"901\" \/>\n\t<meta property=\"og:image:height\" content=\"1100\" \/>\n\t<meta property=\"og:image:type\" content=\"image\/jpeg\" \/>\n<meta name=\"twitter:card\" content=\"summary_large_image\" \/>\n<meta name=\"twitter:label1\" content=\"Est. reading time\" \/>\n\t<meta name=\"twitter:data1\" content=\"2 minutes\" \/>\n<script type=\"application\/ld+json\" class=\"yoast-schema-graph\">{\"@context\":\"https:\/\/schema.org\",\"@graph\":[{\"@type\":\"WebPage\",\"@id\":\"https:\/\/jeaken.com\/de\/produkt\/glucosamin-sulfat-1500mg-erganzung-365-tabletten\/\",\"url\":\"https:\/\/jeaken.com\/de\/produkt\/glucosamin-sulfat-1500mg-erganzung-365-tabletten\/\",\"name\":\"Glucosamin Sulfat 1500mg Erg\u00e4nzung (365 Tabletten) - JeaKen\",\"isPartOf\":{\"@id\":\"https:\/\/jeaken.com\/de\/#website\"},\"primaryImageOfPage\":{\"@id\":\"https:\/\/jeaken.com\/de\/produkt\/glucosamin-sulfat-1500mg-erganzung-365-tabletten\/#primaryimage\"},\"image\":{\"@id\":\"https:\/\/jeaken.com\/de\/produkt\/glucosamin-sulfat-1500mg-erganzung-365-tabletten\/#primaryimage\"},\"thumbnailUrl\":\"https:\/\/jeaken.com\/wp-content\/uploads\/2022\/07\/Front-7.jpg\",\"datePublished\":\"2022-07-21T18:18:16+00:00\",\"dateModified\":\"2022-09-08T14:51:20+00:00\",\"breadcrumb\":{\"@id\":\"https:\/\/jeaken.com\/de\/produkt\/glucosamin-sulfat-1500mg-erganzung-365-tabletten\/#breadcrumb\"},\"inLanguage\":\"de-DE\",\"potentialAction\":[{\"@type\":\"ReadAction\",\"target\":[\"https:\/\/jeaken.com\/de\/produkt\/glucosamin-sulfat-1500mg-erganzung-365-tabletten\/\"]}]},{\"@type\":\"ImageObject\",\"inLanguage\":\"de-DE\",\"@id\":\"https:\/\/jeaken.com\/de\/produkt\/glucosamin-sulfat-1500mg-erganzung-365-tabletten\/#primaryimage\",\"url\":\"https:\/\/jeaken.com\/wp-content\/uploads\/2022\/07\/Front-7.jpg\",\"contentUrl\":\"https:\/\/jeaken.com\/wp-content\/uploads\/2022\/07\/Front-7.jpg\",\"width\":901,\"height\":1100,\"caption\":\"Glucosamine Sulfate\"},{\"@type\":\"BreadcrumbList\",\"@id\":\"https:\/\/jeaken.com\/de\/produkt\/glucosamin-sulfat-1500mg-erganzung-365-tabletten\/#breadcrumb\",\"itemListElement\":[{\"@type\":\"ListItem\",\"position\":1,\"name\":\"Home\",\"item\":\"https:\/\/jeaken.com\/de\/\"},{\"@type\":\"ListItem\",\"position\":2,\"name\":\"Private: Shop\",\"item\":\"https:\/\/jeaken.com\/shop\/\"},{\"@type\":\"ListItem\",\"position\":3,\"name\":\"Glucosamin Sulfat 1500mg Erg\u00e4nzung (365 Tabletten)\"}]},{\"@type\":\"WebSite\",\"@id\":\"https:\/\/jeaken.com\/de\/#website\",\"url\":\"https:\/\/jeaken.com\/de\/\",\"name\":\"JeaKen\",\"description\":\"Organic Supplements for Health, Fitness and Nutrition\",\"publisher\":{\"@id\":\"https:\/\/jeaken.com\/de\/#organization\"},\"potentialAction\":[{\"@type\":\"SearchAction\",\"target\":{\"@type\":\"EntryPoint\",\"urlTemplate\":\"https:\/\/jeaken.com\/de\/?s={search_term_string}\"},\"query-input\":\"required name=search_term_string\"}],\"inLanguage\":\"de-DE\"},{\"@type\":\"Organization\",\"@id\":\"https:\/\/jeaken.com\/de\/#organization\",\"name\":\"JeaKen\",\"url\":\"https:\/\/jeaken.com\/de\/\",\"logo\":{\"@type\":\"ImageObject\",\"inLanguage\":\"de-DE\",\"@id\":\"https:\/\/jeaken.com\/de\/#\/schema\/logo\/image\/\",\"url\":\"https:\/\/jeaken.com\/wp-content\/uploads\/2022\/06\/jeaken-logo-23.png\",\"contentUrl\":\"https:\/\/jeaken.com\/wp-content\/uploads\/2022\/06\/jeaken-logo-23.png\",\"width\":2486,\"height\":736,\"caption\":\"JeaKen\"},\"image\":{\"@id\":\"https:\/\/jeaken.com\/de\/#\/schema\/logo\/image\/\"}}]}<\/script>\n<!-- \/ Yoast SEO plugin. -->","yoast_head_json":{"title":"Glucosamin Sulfat 1500mg Erg\u00e4nzung (365 Tabletten) - JeaKen","robots":{"index":"index","follow":"follow","max-snippet":"max-snippet:-1","max-image-preview":"max-image-preview:large","max-video-preview":"max-video-preview:-1"},"canonical":"https:\/\/jeaken.com\/de\/produkt\/glucosamin-sulfat-1500mg-erganzung-365-tabletten\/","og_locale":"de_DE","og_type":"article","og_title":"Glucosamin Sulfat 1500mg Erg\u00e4nzung (365 Tabletten) - JeaKen","og_description":"Veganerfreundliches Glucosamin-Nahrungserg\u00e4nzungsmittel der Klasse A f\u00fcr eine bessere Gesundheit der Gelenke.","og_url":"https:\/\/jeaken.com\/de\/produkt\/glucosamin-sulfat-1500mg-erganzung-365-tabletten\/","og_site_name":"JeaKen","article_modified_time":"2022-09-08T14:51:20+00:00","og_image":[{"width":901,"height":1100,"url":"https:\/\/jeaken.com\/wp-content\/uploads\/2022\/07\/Front-7.jpg","type":"image\/jpeg"}],"twitter_card":"summary_large_image","twitter_misc":{"Est. reading time":"2 minutes"},"schema":{"@context":"https:\/\/schema.org","@graph":[{"@type":"WebPage","@id":"https:\/\/jeaken.com\/de\/produkt\/glucosamin-sulfat-1500mg-erganzung-365-tabletten\/","url":"https:\/\/jeaken.com\/de\/produkt\/glucosamin-sulfat-1500mg-erganzung-365-tabletten\/","name":"Glucosamin Sulfat 1500mg Erg\u00e4nzung (365 Tabletten) - JeaKen","isPartOf":{"@id":"https:\/\/jeaken.com\/de\/#website"},"primaryImageOfPage":{"@id":"https:\/\/jeaken.com\/de\/produkt\/glucosamin-sulfat-1500mg-erganzung-365-tabletten\/#primaryimage"},"image":{"@id":"https:\/\/jeaken.com\/de\/produkt\/glucosamin-sulfat-1500mg-erganzung-365-tabletten\/#primaryimage"},"thumbnailUrl":"https:\/\/jeaken.com\/wp-content\/uploads\/2022\/07\/Front-7.jpg","datePublished":"2022-07-21T18:18:16+00:00","dateModified":"2022-09-08T14:51:20+00:00","breadcrumb":{"@id":"https:\/\/jeaken.com\/de\/produkt\/glucosamin-sulfat-1500mg-erganzung-365-tabletten\/#breadcrumb"},"inLanguage":"de-DE","potentialAction":[{"@type":"ReadAction","target":["https:\/\/jeaken.com\/de\/produkt\/glucosamin-sulfat-1500mg-erganzung-365-tabletten\/"]}]},{"@type":"ImageObject","inLanguage":"de-DE","@id":"https:\/\/jeaken.com\/de\/produkt\/glucosamin-sulfat-1500mg-erganzung-365-tabletten\/#primaryimage","url":"https:\/\/jeaken.com\/wp-content\/uploads\/2022\/07\/Front-7.jpg","contentUrl":"https:\/\/jeaken.com\/wp-content\/uploads\/2022\/07\/Front-7.jpg","width":901,"height":1100,"caption":"Glucosamine Sulfate"},{"@type":"BreadcrumbList","@id":"https:\/\/jeaken.com\/de\/produkt\/glucosamin-sulfat-1500mg-erganzung-365-tabletten\/#breadcrumb","itemListElement":[{"@type":"ListItem","position":1,"name":"Home","item":"https:\/\/jeaken.com\/de\/"},{"@type":"ListItem","position":2,"name":"Private: Shop","item":"https:\/\/jeaken.com\/shop\/"},{"@type":"ListItem","position":3,"name":"Glucosamin Sulfat 1500mg Erg\u00e4nzung (365 Tabletten)"}]},{"@type":"WebSite","@id":"https:\/\/jeaken.com\/de\/#website","url":"https:\/\/jeaken.com\/de\/","name":"JeaKen","description":"Organic Supplements for Health, Fitness and Nutrition","publisher":{"@id":"https:\/\/jeaken.com\/de\/#organization"},"potentialAction":[{"@type":"SearchAction","target":{"@type":"EntryPoint","urlTemplate":"https:\/\/jeaken.com\/de\/?s={search_term_string}"},"query-input":"required name=search_term_string"}],"inLanguage":"de-DE"},{"@type":"Organization","@id":"https:\/\/jeaken.com\/de\/#organization","name":"JeaKen","url":"https:\/\/jeaken.com\/de\/","logo":{"@type":"ImageObject","inLanguage":"de-DE","@id":"https:\/\/jeaken.com\/de\/#\/schema\/logo\/image\/","url":"https:\/\/jeaken.com\/wp-content\/uploads\/2022\/06\/jeaken-logo-23.png","contentUrl":"https:\/\/jeaken.com\/wp-content\/uploads\/2022\/06\/jeaken-logo-23.png","width":2486,"height":736,"caption":"JeaKen"},"image":{"@id":"https:\/\/jeaken.com\/de\/#\/schema\/logo\/image\/"}}]}},"jetpack_sharing_enabled":true,"_links":{"self":[{"href":"https:\/\/jeaken.com\/de\/wp-json\/wp\/v2\/product\/6947","targetHints":{"allow":["GET"]}}],"collection":[{"href":"https:\/\/jeaken.com\/de\/wp-json\/wp\/v2\/product"}],"about":[{"href":"https:\/\/jeaken.com\/de\/wp-json\/wp\/v2\/types\/product"}],"wp:featuredmedia":[{"embeddable":true,"href":"https:\/\/jeaken.com\/de\/wp-json\/wp\/v2\/media\/14821"}],"wp:attachment":[{"href":"https:\/\/jeaken.com\/de\/wp-json\/wp\/v2\/media?parent=6947"}],"wp:term":[{"taxonomy":"product_cat","embeddable":true,"href":"https:\/\/jeaken.com\/de\/wp-json\/wp\/v2\/product_cat?post=6947"},{"taxonomy":"product_tag","embeddable":true,"href":"https:\/\/jeaken.com\/de\/wp-json\/wp\/v2\/product_tag?post=6947"}],"curies":[{"name":"wp","href":"https:\/\/api.w.org\/{rel}","templated":true}]}}