{"id":6933,"date":"2022-07-21T19:18:17","date_gmt":"2022-07-21T18:18:17","guid":{"rendered":"https:\/1658920591610?product=hochwirksame-gelee-royale-kapseln-zur-verbesserung-der-fruchtbarkeit-und-zur-linderung-der-symptome-der-menopause-60-pflanzliche-kapseln"},"modified":"2022-08-09T15:15:54","modified_gmt":"2022-08-09T14:15:54","slug":"hochwirksame-gelee-royale-kapseln-zur-verbesserung-der-fruchtbarkeit-und-zur-linderung-der-symptome-der-menopause-60-pflanzliche-kapseln","status":"publish","type":"product","link":"https:\/\/jeaken.com\/de\/produkt\/hochwirksame-gelee-royale-kapseln-zur-verbesserung-der-fruchtbarkeit-und-zur-linderung-der-symptome-der-menopause-60-pflanzliche-kapseln\/","title":{"rendered":"Hochwirksame Gel\u00e9e Royale-Kapseln zur Verbesserung der Fruchtbarkeit und zur Linderung der Symptome der Menopause (60 pflanzliche Kapseln)"},"content":{"rendered":"<p><strong>NAT\u00dcRLICHES SUPERFOOD  <\/strong><\/p>\n<p>Unsere Gel\u00e9e Royale-Kapseln werden nur aus den besten nat\u00fcrlichen Zutaten hergestellt. Unsere Formulierung entspricht 750 mg frischem Gel\u00e9e Royale &#8211; so erhalten Sie die gleichen Vorteile wie die Bienenk\u00f6nigin, die sich ausschlie\u00dflich von Gel\u00e9e Royale ern\u00e4hrt, um ihre Fruchtbarkeit, Langlebigkeit und Gesundheit zu unterst\u00fctzen.&lt;<\/p>\n<p><strong>ST\u00c4RKT DIE IMMUNIT\u00c4T  <\/strong><\/p>\n<p>Gel\u00e9e Royale kann helfen, Allergien zu lindern, Entz\u00fcndungen zu reduzieren und zu einem gesunden Immunsystem beizutragen.<\/p>\n<p><strong>F\u00d6RDERT GESUNDE HAARE, N\u00c4GEL UND HAUT  <\/strong><\/p>\n<p>Gel\u00e9e Royale enth\u00e4lt 22 Aminos\u00e4uren, die f\u00fcr den Erhalt und die Wiederherstellung der Zellen im gesamten K\u00f6rper, insbesondere in den Haaren und der Haut, verantwortlich sind. Unser Nahrungserg\u00e4nzungsmittel ist reich an den B-Vitaminen Riboflavin (B2), Niacin (B3) und Biotin (B7), die f\u00fcr den Erneuerungsprozess von Haut und Haar unerl\u00e4sslich sind.<\/p>\n<p><strong>WIRKSAM F\u00dcR DIE GESUNDHEIT UND FRUCHTBARKEIT VON FRAUEN  <\/strong><\/p>\n<p>Gelee Royale wird seit Hunderten von Jahren als Hilfsmittel f\u00fcr die Gesundheit von Frauen verwendet. Die mineral- und vitaminreichen Inhaltsstoffe von Gelee Royale machen es zu einem idealen Mittel, um die Fruchtbarkeitssysteme zu unterst\u00fctzen. Gel\u00e9e Royale kann helfen, die Symptome der Menopause zu lindern.<\/p>\n","protected":false},"excerpt":{"rendered":"<h4><strong>Nat\u00fcrliches Superfood, das die Gesundheit von Frauen f\u00f6rdert.  <\/strong><\/h4>\n","protected":false},"featured_media":16095,"template":"","meta":{"site-sidebar-layout":"default","site-content-layout":"default","ast-site-content-layout":"default","site-content-style":"default","site-sidebar-style":"default","ast-global-header-display":"","ast-banner-title-visibility":"","ast-main-header-display":"","ast-hfb-above-header-display":"","ast-hfb-below-header-display":"","ast-hfb-mobile-header-display":"","site-post-title":"","ast-breadcrumbs-content":"","ast-featured-img":"","footer-sml-layout":"","theme-transparent-header-meta":"default","adv-header-id-meta":"","stick-header-meta":"default","header-above-stick-meta":"","header-main-stick-meta":"","header-below-stick-meta":"","astra-migrate-meta-layouts":"default","ast-page-background-enabled":"default","ast-page-background-meta":{"desktop":{"background-color":"","background-image":"","background-repeat":"repeat","background-position":"center center","background-size":"auto","background-attachment":"scroll","background-type":"","background-media":"","overlay-type":"","overlay-color":"","overlay-opacity":"","overlay-gradient":""},"tablet":{"background-color":"","background-image":"","background-repeat":"repeat","background-position":"center center","background-size":"auto","background-attachment":"scroll","background-type":"","background-media":"","overlay-type":"","overlay-color":"","overlay-opacity":"","overlay-gradient":""},"mobile":{"background-color":"","background-image":"","background-repeat":"repeat","background-position":"center center","background-size":"auto","background-attachment":"scroll","background-type":"","background-media":"","overlay-type":"","overlay-color":"","overlay-opacity":"","overlay-gradient":""}},"ast-content-background-meta":{"desktop":{"background-color":"var(--ast-global-color-5)","background-image":"","background-repeat":"repeat","background-position":"center center","background-size":"auto","background-attachment":"scroll","background-type":"","background-media":"","overlay-type":"","overlay-color":"","overlay-opacity":"","overlay-gradient":""},"tablet":{"background-color":"var(--ast-global-color-5)","background-image":"","background-repeat":"repeat","background-position":"center center","background-size":"auto","background-attachment":"scroll","background-type":"","background-media":"","overlay-type":"","overlay-color":"","overlay-opacity":"","overlay-gradient":""},"mobile":{"background-color":"var(--ast-global-color-5)","background-image":"","background-repeat":"repeat","background-position":"center center","background-size":"auto","background-attachment":"scroll","background-type":"","background-media":"","overlay-type":"","overlay-color":"","overlay-opacity":"","overlay-gradient":""}}},"product_cat":[1013,498],"product_tag":[],"class_list":{"0":"post-6933","1":"product","2":"type-product","3":"status-publish","4":"has-post-thumbnail","6":"product_cat-fruchtbarkeit","7":"product_cat-stimmung-wohlbefinden","8":"has-subscription-plans","9":"desktop-align-left","10":"tablet-align-left","11":"mobile-align-left","13":"first","14":"outofstock","15":"taxable","16":"shipping-taxable","17":"purchasable","18":"product-type-simple"},"yoast_head":"<!-- This site is optimized with the Yoast SEO plugin v22.7 - https:\/\/yoast.com\/wordpress\/plugins\/seo\/ -->\n<title>Hochwirksame Gel\u00e9e Royale-Kapseln zur Verbesserung der Fruchtbarkeit und zur Linderung der Symptome der Menopause (60 pflanzliche Kapseln) - JeaKen<\/title>\n<meta name=\"robots\" content=\"index, follow, max-snippet:-1, max-image-preview:large, max-video-preview:-1\" \/>\n<link rel=\"canonical\" href=\"https:\/\/jeaken.com\/de\/produkt\/hochwirksame-gelee-royale-kapseln-zur-verbesserung-der-fruchtbarkeit-und-zur-linderung-der-symptome-der-menopause-60-pflanzliche-kapseln\/\" \/>\n<meta property=\"og:locale\" content=\"de_DE\" \/>\n<meta property=\"og:type\" content=\"article\" \/>\n<meta property=\"og:title\" content=\"Hochwirksame Gel\u00e9e Royale-Kapseln zur Verbesserung der Fruchtbarkeit und zur Linderung der Symptome der Menopause (60 pflanzliche Kapseln) - JeaKen\" \/>\n<meta property=\"og:description\" content=\"Nat\u00fcrliches Superfood, das die Gesundheit von Frauen f\u00f6rdert.\" \/>\n<meta property=\"og:url\" content=\"https:\/\/jeaken.com\/de\/produkt\/hochwirksame-gelee-royale-kapseln-zur-verbesserung-der-fruchtbarkeit-und-zur-linderung-der-symptome-der-menopause-60-pflanzliche-kapseln\/\" \/>\n<meta property=\"og:site_name\" content=\"JeaKen\" \/>\n<meta property=\"article:modified_time\" content=\"2022-08-09T14:15:54+00:00\" \/>\n<meta property=\"og:image\" content=\"https:\/\/jeaken.com\/wp-content\/uploads\/2022\/07\/Royal-Jelly.jpg\" \/>\n\t<meta property=\"og:image:width\" content=\"512\" \/>\n\t<meta property=\"og:image:height\" content=\"600\" \/>\n\t<meta property=\"og:image:type\" content=\"image\/jpeg\" \/>\n<meta name=\"twitter:card\" content=\"summary_large_image\" \/>\n<meta name=\"twitter:label1\" content=\"Est. reading time\" \/>\n\t<meta name=\"twitter:data1\" content=\"1 minute\" \/>\n<script type=\"application\/ld+json\" class=\"yoast-schema-graph\">{\"@context\":\"https:\/\/schema.org\",\"@graph\":[{\"@type\":\"WebPage\",\"@id\":\"https:\/\/jeaken.com\/de\/produkt\/hochwirksame-gelee-royale-kapseln-zur-verbesserung-der-fruchtbarkeit-und-zur-linderung-der-symptome-der-menopause-60-pflanzliche-kapseln\/\",\"url\":\"https:\/\/jeaken.com\/de\/produkt\/hochwirksame-gelee-royale-kapseln-zur-verbesserung-der-fruchtbarkeit-und-zur-linderung-der-symptome-der-menopause-60-pflanzliche-kapseln\/\",\"name\":\"Hochwirksame Gel\u00e9e Royale-Kapseln zur Verbesserung der Fruchtbarkeit und zur Linderung der Symptome der Menopause (60 pflanzliche Kapseln) - JeaKen\",\"isPartOf\":{\"@id\":\"https:\/\/jeaken.com\/de\/#website\"},\"primaryImageOfPage\":{\"@id\":\"https:\/\/jeaken.com\/de\/produkt\/hochwirksame-gelee-royale-kapseln-zur-verbesserung-der-fruchtbarkeit-und-zur-linderung-der-symptome-der-menopause-60-pflanzliche-kapseln\/#primaryimage\"},\"image\":{\"@id\":\"https:\/\/jeaken.com\/de\/produkt\/hochwirksame-gelee-royale-kapseln-zur-verbesserung-der-fruchtbarkeit-und-zur-linderung-der-symptome-der-menopause-60-pflanzliche-kapseln\/#primaryimage\"},\"thumbnailUrl\":\"https:\/\/jeaken.com\/wp-content\/uploads\/2022\/07\/Royal-Jelly.jpg\",\"datePublished\":\"2022-07-21T18:18:17+00:00\",\"dateModified\":\"2022-08-09T14:15:54+00:00\",\"breadcrumb\":{\"@id\":\"https:\/\/jeaken.com\/de\/produkt\/hochwirksame-gelee-royale-kapseln-zur-verbesserung-der-fruchtbarkeit-und-zur-linderung-der-symptome-der-menopause-60-pflanzliche-kapseln\/#breadcrumb\"},\"inLanguage\":\"de-DE\",\"potentialAction\":[{\"@type\":\"ReadAction\",\"target\":[\"https:\/\/jeaken.com\/de\/produkt\/hochwirksame-gelee-royale-kapseln-zur-verbesserung-der-fruchtbarkeit-und-zur-linderung-der-symptome-der-menopause-60-pflanzliche-kapseln\/\"]}]},{\"@type\":\"ImageObject\",\"inLanguage\":\"de-DE\",\"@id\":\"https:\/\/jeaken.com\/de\/produkt\/hochwirksame-gelee-royale-kapseln-zur-verbesserung-der-fruchtbarkeit-und-zur-linderung-der-symptome-der-menopause-60-pflanzliche-kapseln\/#primaryimage\",\"url\":\"https:\/\/jeaken.com\/wp-content\/uploads\/2022\/07\/Royal-Jelly.jpg\",\"contentUrl\":\"https:\/\/jeaken.com\/wp-content\/uploads\/2022\/07\/Royal-Jelly.jpg\",\"width\":512,\"height\":600,\"caption\":\"High Potency Royal Jelly Capsules for Improved Fertility and the Relief of the Symptoms of Menopause\"},{\"@type\":\"BreadcrumbList\",\"@id\":\"https:\/\/jeaken.com\/de\/produkt\/hochwirksame-gelee-royale-kapseln-zur-verbesserung-der-fruchtbarkeit-und-zur-linderung-der-symptome-der-menopause-60-pflanzliche-kapseln\/#breadcrumb\",\"itemListElement\":[{\"@type\":\"ListItem\",\"position\":1,\"name\":\"Home\",\"item\":\"https:\/\/jeaken.com\/de\/\"},{\"@type\":\"ListItem\",\"position\":2,\"name\":\"Private: Shop\",\"item\":\"https:\/\/jeaken.com\/shop\/\"},{\"@type\":\"ListItem\",\"position\":3,\"name\":\"Hochwirksame Gel\u00e9e Royale-Kapseln zur Verbesserung der Fruchtbarkeit und zur Linderung der Symptome der Menopause (60 pflanzliche Kapseln)\"}]},{\"@type\":\"WebSite\",\"@id\":\"https:\/\/jeaken.com\/de\/#website\",\"url\":\"https:\/\/jeaken.com\/de\/\",\"name\":\"JeaKen\",\"description\":\"Organic Supplements for Health, Fitness and Nutrition\",\"publisher\":{\"@id\":\"https:\/\/jeaken.com\/de\/#organization\"},\"potentialAction\":[{\"@type\":\"SearchAction\",\"target\":{\"@type\":\"EntryPoint\",\"urlTemplate\":\"https:\/\/jeaken.com\/de\/?s={search_term_string}\"},\"query-input\":\"required name=search_term_string\"}],\"inLanguage\":\"de-DE\"},{\"@type\":\"Organization\",\"@id\":\"https:\/\/jeaken.com\/de\/#organization\",\"name\":\"JeaKen\",\"url\":\"https:\/\/jeaken.com\/de\/\",\"logo\":{\"@type\":\"ImageObject\",\"inLanguage\":\"de-DE\",\"@id\":\"https:\/\/jeaken.com\/de\/#\/schema\/logo\/image\/\",\"url\":\"https:\/\/jeaken.com\/wp-content\/uploads\/2022\/06\/jeaken-logo-23.png\",\"contentUrl\":\"https:\/\/jeaken.com\/wp-content\/uploads\/2022\/06\/jeaken-logo-23.png\",\"width\":2486,\"height\":736,\"caption\":\"JeaKen\"},\"image\":{\"@id\":\"https:\/\/jeaken.com\/de\/#\/schema\/logo\/image\/\"}}]}<\/script>\n<!-- \/ Yoast SEO plugin. -->","yoast_head_json":{"title":"Hochwirksame Gel\u00e9e Royale-Kapseln zur Verbesserung der Fruchtbarkeit und zur Linderung der Symptome der Menopause (60 pflanzliche Kapseln) - JeaKen","robots":{"index":"index","follow":"follow","max-snippet":"max-snippet:-1","max-image-preview":"max-image-preview:large","max-video-preview":"max-video-preview:-1"},"canonical":"https:\/\/jeaken.com\/de\/produkt\/hochwirksame-gelee-royale-kapseln-zur-verbesserung-der-fruchtbarkeit-und-zur-linderung-der-symptome-der-menopause-60-pflanzliche-kapseln\/","og_locale":"de_DE","og_type":"article","og_title":"Hochwirksame Gel\u00e9e Royale-Kapseln zur Verbesserung der Fruchtbarkeit und zur Linderung der Symptome der Menopause (60 pflanzliche Kapseln) - JeaKen","og_description":"Nat\u00fcrliches Superfood, das die Gesundheit von Frauen f\u00f6rdert.","og_url":"https:\/\/jeaken.com\/de\/produkt\/hochwirksame-gelee-royale-kapseln-zur-verbesserung-der-fruchtbarkeit-und-zur-linderung-der-symptome-der-menopause-60-pflanzliche-kapseln\/","og_site_name":"JeaKen","article_modified_time":"2022-08-09T14:15:54+00:00","og_image":[{"width":512,"height":600,"url":"https:\/\/jeaken.com\/wp-content\/uploads\/2022\/07\/Royal-Jelly.jpg","type":"image\/jpeg"}],"twitter_card":"summary_large_image","twitter_misc":{"Est. reading time":"1 minute"},"schema":{"@context":"https:\/\/schema.org","@graph":[{"@type":"WebPage","@id":"https:\/\/jeaken.com\/de\/produkt\/hochwirksame-gelee-royale-kapseln-zur-verbesserung-der-fruchtbarkeit-und-zur-linderung-der-symptome-der-menopause-60-pflanzliche-kapseln\/","url":"https:\/\/jeaken.com\/de\/produkt\/hochwirksame-gelee-royale-kapseln-zur-verbesserung-der-fruchtbarkeit-und-zur-linderung-der-symptome-der-menopause-60-pflanzliche-kapseln\/","name":"Hochwirksame Gel\u00e9e Royale-Kapseln zur Verbesserung der Fruchtbarkeit und zur Linderung der Symptome der Menopause (60 pflanzliche Kapseln) - JeaKen","isPartOf":{"@id":"https:\/\/jeaken.com\/de\/#website"},"primaryImageOfPage":{"@id":"https:\/\/jeaken.com\/de\/produkt\/hochwirksame-gelee-royale-kapseln-zur-verbesserung-der-fruchtbarkeit-und-zur-linderung-der-symptome-der-menopause-60-pflanzliche-kapseln\/#primaryimage"},"image":{"@id":"https:\/\/jeaken.com\/de\/produkt\/hochwirksame-gelee-royale-kapseln-zur-verbesserung-der-fruchtbarkeit-und-zur-linderung-der-symptome-der-menopause-60-pflanzliche-kapseln\/#primaryimage"},"thumbnailUrl":"https:\/\/jeaken.com\/wp-content\/uploads\/2022\/07\/Royal-Jelly.jpg","datePublished":"2022-07-21T18:18:17+00:00","dateModified":"2022-08-09T14:15:54+00:00","breadcrumb":{"@id":"https:\/\/jeaken.com\/de\/produkt\/hochwirksame-gelee-royale-kapseln-zur-verbesserung-der-fruchtbarkeit-und-zur-linderung-der-symptome-der-menopause-60-pflanzliche-kapseln\/#breadcrumb"},"inLanguage":"de-DE","potentialAction":[{"@type":"ReadAction","target":["https:\/\/jeaken.com\/de\/produkt\/hochwirksame-gelee-royale-kapseln-zur-verbesserung-der-fruchtbarkeit-und-zur-linderung-der-symptome-der-menopause-60-pflanzliche-kapseln\/"]}]},{"@type":"ImageObject","inLanguage":"de-DE","@id":"https:\/\/jeaken.com\/de\/produkt\/hochwirksame-gelee-royale-kapseln-zur-verbesserung-der-fruchtbarkeit-und-zur-linderung-der-symptome-der-menopause-60-pflanzliche-kapseln\/#primaryimage","url":"https:\/\/jeaken.com\/wp-content\/uploads\/2022\/07\/Royal-Jelly.jpg","contentUrl":"https:\/\/jeaken.com\/wp-content\/uploads\/2022\/07\/Royal-Jelly.jpg","width":512,"height":600,"caption":"High Potency Royal Jelly Capsules for Improved Fertility and the Relief of the Symptoms of Menopause"},{"@type":"BreadcrumbList","@id":"https:\/\/jeaken.com\/de\/produkt\/hochwirksame-gelee-royale-kapseln-zur-verbesserung-der-fruchtbarkeit-und-zur-linderung-der-symptome-der-menopause-60-pflanzliche-kapseln\/#breadcrumb","itemListElement":[{"@type":"ListItem","position":1,"name":"Home","item":"https:\/\/jeaken.com\/de\/"},{"@type":"ListItem","position":2,"name":"Private: Shop","item":"https:\/\/jeaken.com\/shop\/"},{"@type":"ListItem","position":3,"name":"Hochwirksame Gel\u00e9e Royale-Kapseln zur Verbesserung der Fruchtbarkeit und zur Linderung der Symptome der Menopause (60 pflanzliche Kapseln)"}]},{"@type":"WebSite","@id":"https:\/\/jeaken.com\/de\/#website","url":"https:\/\/jeaken.com\/de\/","name":"JeaKen","description":"Organic Supplements for Health, Fitness and Nutrition","publisher":{"@id":"https:\/\/jeaken.com\/de\/#organization"},"potentialAction":[{"@type":"SearchAction","target":{"@type":"EntryPoint","urlTemplate":"https:\/\/jeaken.com\/de\/?s={search_term_string}"},"query-input":"required name=search_term_string"}],"inLanguage":"de-DE"},{"@type":"Organization","@id":"https:\/\/jeaken.com\/de\/#organization","name":"JeaKen","url":"https:\/\/jeaken.com\/de\/","logo":{"@type":"ImageObject","inLanguage":"de-DE","@id":"https:\/\/jeaken.com\/de\/#\/schema\/logo\/image\/","url":"https:\/\/jeaken.com\/wp-content\/uploads\/2022\/06\/jeaken-logo-23.png","contentUrl":"https:\/\/jeaken.com\/wp-content\/uploads\/2022\/06\/jeaken-logo-23.png","width":2486,"height":736,"caption":"JeaKen"},"image":{"@id":"https:\/\/jeaken.com\/de\/#\/schema\/logo\/image\/"}}]}},"jetpack_sharing_enabled":true,"_links":{"self":[{"href":"https:\/\/jeaken.com\/de\/wp-json\/wp\/v2\/product\/6933","targetHints":{"allow":["GET"]}}],"collection":[{"href":"https:\/\/jeaken.com\/de\/wp-json\/wp\/v2\/product"}],"about":[{"href":"https:\/\/jeaken.com\/de\/wp-json\/wp\/v2\/types\/product"}],"wp:featuredmedia":[{"embeddable":true,"href":"https:\/\/jeaken.com\/de\/wp-json\/wp\/v2\/media\/16095"}],"wp:attachment":[{"href":"https:\/\/jeaken.com\/de\/wp-json\/wp\/v2\/media?parent=6933"}],"wp:term":[{"taxonomy":"product_cat","embeddable":true,"href":"https:\/\/jeaken.com\/de\/wp-json\/wp\/v2\/product_cat?post=6933"},{"taxonomy":"product_tag","embeddable":true,"href":"https:\/\/jeaken.com\/de\/wp-json\/wp\/v2\/product_tag?post=6933"}],"curies":[{"name":"wp","href":"https:\/\/api.w.org\/{rel}","templated":true}]}}