{"id":6930,"date":"2022-07-21T19:18:16","date_gmt":"2022-07-21T18:18:16","guid":{"rendered":"https:\/1658920591610?product=nachtkerzenoel-weichkapseln"},"modified":"2022-08-09T15:15:51","modified_gmt":"2022-08-09T14:15:51","slug":"nachtkerzenoel-weichkapseln","status":"publish","type":"product","link":"https:\/\/jeaken.com\/de\/produkt\/nachtkerzenoel-weichkapseln\/","title":{"rendered":"Nachtkerzen\u00f6l Weichkapseln"},"content":{"rendered":"<p><strong>SORGT F\u00dcR OPTIMALEN KOMFORT W\u00c4HREND DER MENSTRUATION<\/strong><\/p>\n<p>Nachtkerzen\u00f6l-Kapseln enthalten mehrfach unges\u00e4ttigte Fetts\u00e4uren (PUFA), die helfen, Schmerzen und Beschwerden im Zusammenhang mit der Menstruation und der Vormenstruation zu lindern.<\/p>\n<p><strong>  HILFT BEI DER REGULIERUNG DES CHOLESTERINSPIEGELS IM BLUT<\/strong><\/p>\n<p>Primel\u00f6l 1000mg enth\u00e4lt die Omega-6-Fetts\u00e4ure Gamma-Linolens\u00e4ure (GLA) und Vitamin E. Diese tragen zum Schutz der Zellen vor oxidativem Stress und zur Aufrechterhaltung eines normalen Cholesterinspiegels im Blut bei.<\/p>\n<p><strong>UNTERST\u00dcTZT DIE NAT\u00dcRLICHE IMMUNIT\u00c4T<\/strong><\/p>\n<p>Unser Bio-Nachtkerzen\u00f6l liefert die mehrfach unges\u00e4ttigten Fetts\u00e4uren, die zur Unterst\u00fctzung der nat\u00fcrlichen Immunit\u00e4t ben\u00f6tigt werden. Unser Erg\u00e4nzungsmittel enth\u00e4lt au\u00dferdem: \u00d6l-, Palmitin- und Stearins\u00e4ure, Phytosterole, schwefel- und tryptophanreiche Proteine, Zink, Selen, Magnesium, Kalzium und Vitamin E. Die F\u00fclle dieser Wirkstoffe hat die Nachtkerze zu einer der wertvollsten Pflanzen in der Nahrungserg\u00e4nzungsmittelherstellung gemacht.<\/p>\n<p><strong>UNTERST\u00dcTZT DAS NORMALE HAUT- UND HAARWACHSTUM<\/strong><\/p>\n<p>Nachtkerzen\u00f6l enth\u00e4lt mehrfach unges\u00e4ttigte Fetts\u00e4uren, die f\u00fcr wichtige physiologische Prozesse, einschlie\u00dflich gesunder Haut und Haarwachstum, erforderlich sind.<\/p>\n<p><strong>PREMIUM-QUALIT\u00c4T<\/strong><\/p>\n<p>Unsere Nachtkerzen\u00f6l-Weichkapseln werden in Gro\u00dfbritannien nach den GMP-Richtlinien hergestellt.<\/p>\n","protected":false},"excerpt":{"rendered":"<h4>Nat\u00fcrliche Immunit\u00e4t und Linderung von Menstruationssymptomen.<\/h4>\n","protected":false},"featured_media":3614,"template":"","meta":{"site-sidebar-layout":"default","site-content-layout":"default","ast-site-content-layout":"default","site-content-style":"default","site-sidebar-style":"default","ast-global-header-display":"","ast-banner-title-visibility":"","ast-main-header-display":"","ast-hfb-above-header-display":"","ast-hfb-below-header-display":"","ast-hfb-mobile-header-display":"","site-post-title":"","ast-breadcrumbs-content":"","ast-featured-img":"","footer-sml-layout":"","theme-transparent-header-meta":"default","adv-header-id-meta":"","stick-header-meta":"default","header-above-stick-meta":"","header-main-stick-meta":"","header-below-stick-meta":"","astra-migrate-meta-layouts":"default","ast-page-background-enabled":"default","ast-page-background-meta":{"desktop":{"background-color":"","background-image":"","background-repeat":"repeat","background-position":"center center","background-size":"auto","background-attachment":"scroll","background-type":"","background-media":"","overlay-type":"","overlay-color":"","overlay-opacity":"","overlay-gradient":""},"tablet":{"background-color":"","background-image":"","background-repeat":"repeat","background-position":"center center","background-size":"auto","background-attachment":"scroll","background-type":"","background-media":"","overlay-type":"","overlay-color":"","overlay-opacity":"","overlay-gradient":""},"mobile":{"background-color":"","background-image":"","background-repeat":"repeat","background-position":"center center","background-size":"auto","background-attachment":"scroll","background-type":"","background-media":"","overlay-type":"","overlay-color":"","overlay-opacity":"","overlay-gradient":""}},"ast-content-background-meta":{"desktop":{"background-color":"var(--ast-global-color-5)","background-image":"","background-repeat":"repeat","background-position":"center center","background-size":"auto","background-attachment":"scroll","background-type":"","background-media":"","overlay-type":"","overlay-color":"","overlay-opacity":"","overlay-gradient":""},"tablet":{"background-color":"var(--ast-global-color-5)","background-image":"","background-repeat":"repeat","background-position":"center center","background-size":"auto","background-attachment":"scroll","background-type":"","background-media":"","overlay-type":"","overlay-color":"","overlay-opacity":"","overlay-gradient":""},"mobile":{"background-color":"var(--ast-global-color-5)","background-image":"","background-repeat":"repeat","background-position":"center center","background-size":"auto","background-attachment":"scroll","background-type":"","background-media":"","overlay-type":"","overlay-color":"","overlay-opacity":"","overlay-gradient":""}}},"product_cat":[1013,498],"product_tag":[1362,1365,1371,1374,1368],"class_list":{"0":"post-6930","1":"product","2":"type-product","3":"status-publish","4":"has-post-thumbnail","6":"product_cat-fruchtbarkeit","7":"product_cat-stimmung-wohlbefinden","8":"product_tag-nachtkerzenol","9":"product_tag-nachtkerzenol-1000mg","10":"product_tag-nachtkerzenol-bio","11":"product_tag-nachtkerzenol-weichkapseln","12":"product_tag-nachtkerzenol-kapseln","13":"has-subscription-plans","14":"desktop-align-left","15":"tablet-align-left","16":"mobile-align-left","18":"first","19":"outofstock","20":"taxable","21":"shipping-taxable","22":"purchasable","23":"product-type-simple"},"yoast_head":"<!-- This site is optimized with the Yoast SEO plugin v22.7 - https:\/\/yoast.com\/wordpress\/plugins\/seo\/ -->\n<title>Nachtkerzen\u00f6l Weichkapseln - JeaKen<\/title>\n<meta name=\"robots\" content=\"index, follow, max-snippet:-1, max-image-preview:large, max-video-preview:-1\" \/>\n<link rel=\"canonical\" href=\"https:\/\/jeaken.com\/de\/produkt\/nachtkerzenoel-weichkapseln\/\" \/>\n<meta property=\"og:locale\" content=\"de_DE\" \/>\n<meta property=\"og:type\" content=\"article\" \/>\n<meta property=\"og:title\" content=\"Nachtkerzen\u00f6l Weichkapseln - JeaKen\" \/>\n<meta property=\"og:description\" content=\"Nat\u00fcrliche Immunit\u00e4t und Linderung von Menstruationssymptomen.\" \/>\n<meta property=\"og:url\" content=\"https:\/\/jeaken.com\/de\/produkt\/nachtkerzenoel-weichkapseln\/\" \/>\n<meta property=\"og:site_name\" content=\"JeaKen\" \/>\n<meta property=\"article:modified_time\" content=\"2022-08-09T14:15:51+00:00\" \/>\n<meta property=\"og:image\" content=\"https:\/\/jeaken.com\/wp-content\/uploads\/2022\/07\/EVENING-PRIMROSE-OIL-SOFTGELS-By-JeaKen-\u2013-Premium-Evening-Primrose-Oil-Organic.jpg\" \/>\n\t<meta property=\"og:image:width\" content=\"800\" \/>\n\t<meta property=\"og:image:height\" content=\"800\" \/>\n\t<meta property=\"og:image:type\" content=\"image\/jpeg\" \/>\n<meta name=\"twitter:card\" content=\"summary_large_image\" \/>\n<meta name=\"twitter:label1\" content=\"Est. reading time\" \/>\n\t<meta name=\"twitter:data1\" content=\"1 minute\" \/>\n<script type=\"application\/ld+json\" class=\"yoast-schema-graph\">{\"@context\":\"https:\/\/schema.org\",\"@graph\":[{\"@type\":\"WebPage\",\"@id\":\"https:\/\/jeaken.com\/de\/produkt\/nachtkerzenoel-weichkapseln\/\",\"url\":\"https:\/\/jeaken.com\/de\/produkt\/nachtkerzenoel-weichkapseln\/\",\"name\":\"Nachtkerzen\u00f6l Weichkapseln - JeaKen\",\"isPartOf\":{\"@id\":\"https:\/\/jeaken.com\/de\/#website\"},\"primaryImageOfPage\":{\"@id\":\"https:\/\/jeaken.com\/de\/produkt\/nachtkerzenoel-weichkapseln\/#primaryimage\"},\"image\":{\"@id\":\"https:\/\/jeaken.com\/de\/produkt\/nachtkerzenoel-weichkapseln\/#primaryimage\"},\"thumbnailUrl\":\"https:\/\/jeaken.com\/wp-content\/uploads\/2022\/07\/EVENING-PRIMROSE-OIL-SOFTGELS-By-JeaKen-\u2013-Premium-Evening-Primrose-Oil-Organic.jpg\",\"datePublished\":\"2022-07-21T18:18:16+00:00\",\"dateModified\":\"2022-08-09T14:15:51+00:00\",\"breadcrumb\":{\"@id\":\"https:\/\/jeaken.com\/de\/produkt\/nachtkerzenoel-weichkapseln\/#breadcrumb\"},\"inLanguage\":\"de-DE\",\"potentialAction\":[{\"@type\":\"ReadAction\",\"target\":[\"https:\/\/jeaken.com\/de\/produkt\/nachtkerzenoel-weichkapseln\/\"]}]},{\"@type\":\"ImageObject\",\"inLanguage\":\"de-DE\",\"@id\":\"https:\/\/jeaken.com\/de\/produkt\/nachtkerzenoel-weichkapseln\/#primaryimage\",\"url\":\"https:\/\/jeaken.com\/wp-content\/uploads\/2022\/07\/EVENING-PRIMROSE-OIL-SOFTGELS-By-JeaKen-\u2013-Premium-Evening-Primrose-Oil-Organic.jpg\",\"contentUrl\":\"https:\/\/jeaken.com\/wp-content\/uploads\/2022\/07\/EVENING-PRIMROSE-OIL-SOFTGELS-By-JeaKen-\u2013-Premium-Evening-Primrose-Oil-Organic.jpg\",\"width\":800,\"height\":800,\"caption\":\"Evening Primrose Oil Softgels\"},{\"@type\":\"BreadcrumbList\",\"@id\":\"https:\/\/jeaken.com\/de\/produkt\/nachtkerzenoel-weichkapseln\/#breadcrumb\",\"itemListElement\":[{\"@type\":\"ListItem\",\"position\":1,\"name\":\"Home\",\"item\":\"https:\/\/jeaken.com\/de\/\"},{\"@type\":\"ListItem\",\"position\":2,\"name\":\"Private: Shop\",\"item\":\"https:\/\/jeaken.com\/shop\/\"},{\"@type\":\"ListItem\",\"position\":3,\"name\":\"Nachtkerzen\u00f6l Weichkapseln\"}]},{\"@type\":\"WebSite\",\"@id\":\"https:\/\/jeaken.com\/de\/#website\",\"url\":\"https:\/\/jeaken.com\/de\/\",\"name\":\"JeaKen\",\"description\":\"Organic Supplements for Health, Fitness and Nutrition\",\"publisher\":{\"@id\":\"https:\/\/jeaken.com\/de\/#organization\"},\"potentialAction\":[{\"@type\":\"SearchAction\",\"target\":{\"@type\":\"EntryPoint\",\"urlTemplate\":\"https:\/\/jeaken.com\/de\/?s={search_term_string}\"},\"query-input\":\"required name=search_term_string\"}],\"inLanguage\":\"de-DE\"},{\"@type\":\"Organization\",\"@id\":\"https:\/\/jeaken.com\/de\/#organization\",\"name\":\"JeaKen\",\"url\":\"https:\/\/jeaken.com\/de\/\",\"logo\":{\"@type\":\"ImageObject\",\"inLanguage\":\"de-DE\",\"@id\":\"https:\/\/jeaken.com\/de\/#\/schema\/logo\/image\/\",\"url\":\"https:\/\/jeaken.com\/wp-content\/uploads\/2022\/06\/jeaken-logo-23.png\",\"contentUrl\":\"https:\/\/jeaken.com\/wp-content\/uploads\/2022\/06\/jeaken-logo-23.png\",\"width\":2486,\"height\":736,\"caption\":\"JeaKen\"},\"image\":{\"@id\":\"https:\/\/jeaken.com\/de\/#\/schema\/logo\/image\/\"}}]}<\/script>\n<!-- \/ Yoast SEO plugin. -->","yoast_head_json":{"title":"Nachtkerzen\u00f6l Weichkapseln - JeaKen","robots":{"index":"index","follow":"follow","max-snippet":"max-snippet:-1","max-image-preview":"max-image-preview:large","max-video-preview":"max-video-preview:-1"},"canonical":"https:\/\/jeaken.com\/de\/produkt\/nachtkerzenoel-weichkapseln\/","og_locale":"de_DE","og_type":"article","og_title":"Nachtkerzen\u00f6l Weichkapseln - JeaKen","og_description":"Nat\u00fcrliche Immunit\u00e4t und Linderung von Menstruationssymptomen.","og_url":"https:\/\/jeaken.com\/de\/produkt\/nachtkerzenoel-weichkapseln\/","og_site_name":"JeaKen","article_modified_time":"2022-08-09T14:15:51+00:00","og_image":[{"width":800,"height":800,"url":"https:\/\/jeaken.com\/wp-content\/uploads\/2022\/07\/EVENING-PRIMROSE-OIL-SOFTGELS-By-JeaKen-\u2013-Premium-Evening-Primrose-Oil-Organic.jpg","type":"image\/jpeg"}],"twitter_card":"summary_large_image","twitter_misc":{"Est. reading time":"1 minute"},"schema":{"@context":"https:\/\/schema.org","@graph":[{"@type":"WebPage","@id":"https:\/\/jeaken.com\/de\/produkt\/nachtkerzenoel-weichkapseln\/","url":"https:\/\/jeaken.com\/de\/produkt\/nachtkerzenoel-weichkapseln\/","name":"Nachtkerzen\u00f6l Weichkapseln - JeaKen","isPartOf":{"@id":"https:\/\/jeaken.com\/de\/#website"},"primaryImageOfPage":{"@id":"https:\/\/jeaken.com\/de\/produkt\/nachtkerzenoel-weichkapseln\/#primaryimage"},"image":{"@id":"https:\/\/jeaken.com\/de\/produkt\/nachtkerzenoel-weichkapseln\/#primaryimage"},"thumbnailUrl":"https:\/\/jeaken.com\/wp-content\/uploads\/2022\/07\/EVENING-PRIMROSE-OIL-SOFTGELS-By-JeaKen-\u2013-Premium-Evening-Primrose-Oil-Organic.jpg","datePublished":"2022-07-21T18:18:16+00:00","dateModified":"2022-08-09T14:15:51+00:00","breadcrumb":{"@id":"https:\/\/jeaken.com\/de\/produkt\/nachtkerzenoel-weichkapseln\/#breadcrumb"},"inLanguage":"de-DE","potentialAction":[{"@type":"ReadAction","target":["https:\/\/jeaken.com\/de\/produkt\/nachtkerzenoel-weichkapseln\/"]}]},{"@type":"ImageObject","inLanguage":"de-DE","@id":"https:\/\/jeaken.com\/de\/produkt\/nachtkerzenoel-weichkapseln\/#primaryimage","url":"https:\/\/jeaken.com\/wp-content\/uploads\/2022\/07\/EVENING-PRIMROSE-OIL-SOFTGELS-By-JeaKen-\u2013-Premium-Evening-Primrose-Oil-Organic.jpg","contentUrl":"https:\/\/jeaken.com\/wp-content\/uploads\/2022\/07\/EVENING-PRIMROSE-OIL-SOFTGELS-By-JeaKen-\u2013-Premium-Evening-Primrose-Oil-Organic.jpg","width":800,"height":800,"caption":"Evening Primrose Oil Softgels"},{"@type":"BreadcrumbList","@id":"https:\/\/jeaken.com\/de\/produkt\/nachtkerzenoel-weichkapseln\/#breadcrumb","itemListElement":[{"@type":"ListItem","position":1,"name":"Home","item":"https:\/\/jeaken.com\/de\/"},{"@type":"ListItem","position":2,"name":"Private: Shop","item":"https:\/\/jeaken.com\/shop\/"},{"@type":"ListItem","position":3,"name":"Nachtkerzen\u00f6l Weichkapseln"}]},{"@type":"WebSite","@id":"https:\/\/jeaken.com\/de\/#website","url":"https:\/\/jeaken.com\/de\/","name":"JeaKen","description":"Organic Supplements for Health, Fitness and Nutrition","publisher":{"@id":"https:\/\/jeaken.com\/de\/#organization"},"potentialAction":[{"@type":"SearchAction","target":{"@type":"EntryPoint","urlTemplate":"https:\/\/jeaken.com\/de\/?s={search_term_string}"},"query-input":"required name=search_term_string"}],"inLanguage":"de-DE"},{"@type":"Organization","@id":"https:\/\/jeaken.com\/de\/#organization","name":"JeaKen","url":"https:\/\/jeaken.com\/de\/","logo":{"@type":"ImageObject","inLanguage":"de-DE","@id":"https:\/\/jeaken.com\/de\/#\/schema\/logo\/image\/","url":"https:\/\/jeaken.com\/wp-content\/uploads\/2022\/06\/jeaken-logo-23.png","contentUrl":"https:\/\/jeaken.com\/wp-content\/uploads\/2022\/06\/jeaken-logo-23.png","width":2486,"height":736,"caption":"JeaKen"},"image":{"@id":"https:\/\/jeaken.com\/de\/#\/schema\/logo\/image\/"}}]}},"jetpack_sharing_enabled":true,"_links":{"self":[{"href":"https:\/\/jeaken.com\/de\/wp-json\/wp\/v2\/product\/6930","targetHints":{"allow":["GET"]}}],"collection":[{"href":"https:\/\/jeaken.com\/de\/wp-json\/wp\/v2\/product"}],"about":[{"href":"https:\/\/jeaken.com\/de\/wp-json\/wp\/v2\/types\/product"}],"wp:featuredmedia":[{"embeddable":true,"href":"https:\/\/jeaken.com\/de\/wp-json\/wp\/v2\/media\/3614"}],"wp:attachment":[{"href":"https:\/\/jeaken.com\/de\/wp-json\/wp\/v2\/media?parent=6930"}],"wp:term":[{"taxonomy":"product_cat","embeddable":true,"href":"https:\/\/jeaken.com\/de\/wp-json\/wp\/v2\/product_cat?post=6930"},{"taxonomy":"product_tag","embeddable":true,"href":"https:\/\/jeaken.com\/de\/wp-json\/wp\/v2\/product_tag?post=6930"}],"curies":[{"name":"wp","href":"https:\/\/api.w.org\/{rel}","templated":true}]}}