{"id":6924,"date":"2022-07-21T19:18:16","date_gmt":"2022-07-21T18:18:16","guid":{"rendered":"https:\/1658920591610?product=gruener-tee-kapseln-850mg-gewichtsverlust-antioxidans-ergaenzungen-120-tabletten"},"modified":"2022-08-09T15:15:52","modified_gmt":"2022-08-09T14:15:52","slug":"gruener-tee-kapseln-850mg-gewichtsverlust-antioxidans-ergaenzungen-120-tabletten","status":"publish","type":"product","link":"https:\/\/jeaken.com\/de\/produkt\/gruener-tee-kapseln-850mg-gewichtsverlust-antioxidans-ergaenzungen-120-tabletten\/","title":{"rendered":"Gr\u00fcner Tee Kapseln &#8211; 850mg Gewichtsverlust Antioxidans Erg\u00e4nzungen (120 Tabletten)"},"content":{"rendered":"<p><strong>BIETET ZAHLREICHE GESUNDHEITLICHE VORTEILE<\/strong><\/p>\n<p>Gr\u00fcner Tee wird in der chinesischen Medizin seit etwa 4.000 Jahren verwendet. Es bietet viele starke gesundheitliche Vorteile, wie z. B. die Senkung des Risikos f\u00fcr Herzkrankheiten und bestimmte Krebsarten, die Erh\u00f6hung des Verh\u00e4ltnisses von gutem (HDL-) Cholesterin zu schlechtem (LDL-) Cholesterin im Blut, die St\u00e4rkung des Immunsystems und die Unterst\u00fctzung durch Antioxidantien.<\/p>\n<p><strong>HILFT BEI DER GEWICHTSABNAHME<\/strong><\/p>\n<p>In Kombination mit einer gesunden Ern\u00e4hrung wirkt unser vegetarierfreundlicher gr\u00fcner Tee als wirksame Hilfe beim Abnehmen, indem er den Stoffwechsel anregt und den Appetit z\u00fcgelt.<\/p>\n<p><strong>STARKES NAT\u00dcRLICHES ANTIOXIDANS<\/strong><\/p>\n<p>Das im gr\u00fcnen Tee enthaltene EGCG ist f\u00fcr die meisten seiner antioxidativen Eigenschaften verantwortlich, die verhindern, dass freie Radikale die Zellen sch\u00e4digen.<\/p>\n<p><strong>VERBESSERT GED\u00c4CHTNIS UND KONZENTRATION<\/strong><\/p>\n<p>Die im Gr\u00fcntee-Extrakt enthaltenen Eigenschaften k\u00f6nnen dazu beitragen, die kognitiven F\u00e4higkeiten und das Ged\u00e4chtnis zu verbessern, so dass Sie den ganzen Tag \u00fcber aufmerksam und konzentriert bleiben.<\/p>\n","protected":false},"excerpt":{"rendered":"<h4>Appetitz\u00fcgler, der den Stoffwechsel ankurbelt, den Cholesterinspiegel senkt und das Immunsystem st\u00e4rkt.<\/h4>\n<p>&nbsp;<\/p>\n","protected":false},"featured_media":15614,"template":"","meta":{"site-sidebar-layout":"default","site-content-layout":"default","ast-site-content-layout":"default","site-content-style":"default","site-sidebar-style":"default","ast-global-header-display":"","ast-banner-title-visibility":"","ast-main-header-display":"","ast-hfb-above-header-display":"","ast-hfb-below-header-display":"","ast-hfb-mobile-header-display":"","site-post-title":"","ast-breadcrumbs-content":"","ast-featured-img":"","footer-sml-layout":"","theme-transparent-header-meta":"default","adv-header-id-meta":"","stick-header-meta":"default","header-above-stick-meta":"","header-main-stick-meta":"","header-below-stick-meta":"","astra-migrate-meta-layouts":"default","ast-page-background-enabled":"default","ast-page-background-meta":{"desktop":{"background-color":"","background-image":"","background-repeat":"repeat","background-position":"center center","background-size":"auto","background-attachment":"scroll","background-type":"","background-media":"","overlay-type":"","overlay-color":"","overlay-opacity":"","overlay-gradient":""},"tablet":{"background-color":"","background-image":"","background-repeat":"repeat","background-position":"center center","background-size":"auto","background-attachment":"scroll","background-type":"","background-media":"","overlay-type":"","overlay-color":"","overlay-opacity":"","overlay-gradient":""},"mobile":{"background-color":"","background-image":"","background-repeat":"repeat","background-position":"center center","background-size":"auto","background-attachment":"scroll","background-type":"","background-media":"","overlay-type":"","overlay-color":"","overlay-opacity":"","overlay-gradient":""}},"ast-content-background-meta":{"desktop":{"background-color":"var(--ast-global-color-5)","background-image":"","background-repeat":"repeat","background-position":"center center","background-size":"auto","background-attachment":"scroll","background-type":"","background-media":"","overlay-type":"","overlay-color":"","overlay-opacity":"","overlay-gradient":""},"tablet":{"background-color":"var(--ast-global-color-5)","background-image":"","background-repeat":"repeat","background-position":"center center","background-size":"auto","background-attachment":"scroll","background-type":"","background-media":"","overlay-type":"","overlay-color":"","overlay-opacity":"","overlay-gradient":""},"mobile":{"background-color":"var(--ast-global-color-5)","background-image":"","background-repeat":"repeat","background-position":"center center","background-size":"auto","background-attachment":"scroll","background-type":"","background-media":"","overlay-type":"","overlay-color":"","overlay-opacity":"","overlay-gradient":""}}},"product_cat":[521,741,522],"product_tag":[859,861,1347,1340,1343,863,867,868,1350,1361,1356,1358,1354,1330,1334,1364,1367,865,1370,1373,1376,1377,866],"class_list":{"0":"post-6924","1":"product","2":"type-product","3":"status-publish","4":"has-post-thumbnail","6":"product_cat-gesundheit-der-verdauung","7":"product_cat-gewichtsverlust","8":"product_cat-linderung-von-blahungen","9":"product_tag-appetitzugler","10":"product_tag-appetitzugler-zur-gewichtsabnahme","11":"product_tag-fettabbau","12":"product_tag-fettverbrenner","13":"product_tag-fettverbrenner-fur-frauen-gewichtsverlust","14":"product_tag-fettverbrenner-fur-manner-gewichtsverlust","15":"product_tag-gewichtsverlust-pillen","16":"product_tag-gewichtsverlust-pillen-die-schnell-wirken","17":"product_tag-gruner-tee","18":"product_tag-gruner-tee-tabletten","19":"product_tag-gruntee-extrakt","20":"product_tag-gruntee-extrakt-kapseln","21":"product_tag-gruntee-kapseln","22":"product_tag-koffeinpillen","23":"product_tag-koffeintablette","24":"product_tag-matcha-gruntee","25":"product_tag-matcha-tee","26":"product_tag-schlankheitspillen","27":"product_tag-schlankheitstabletten","28":"product_tag-schlankheitstee","29":"product_tag-tabletten-zur-gewichtsabnahme","30":"product_tag-tee-zum-abnehmen","31":"product_tag-wasserretentionstabletten","32":"has-subscription-plans","33":"desktop-align-left","34":"tablet-align-left","35":"mobile-align-left","37":"first","38":"instock","39":"taxable","40":"shipping-taxable","41":"purchasable","42":"product-type-simple"},"yoast_head":"<!-- This site is optimized with the Yoast SEO plugin v22.7 - https:\/\/yoast.com\/wordpress\/plugins\/seo\/ -->\n<title>Gr\u00fcner Tee Kapseln - 850mg Gewichtsverlust Antioxidans Erg\u00e4nzungen (120 Tabletten) - JeaKen<\/title>\n<meta name=\"robots\" content=\"index, follow, max-snippet:-1, max-image-preview:large, max-video-preview:-1\" \/>\n<link rel=\"canonical\" href=\"https:\/\/jeaken.com\/de\/produkt\/gruener-tee-kapseln-850mg-gewichtsverlust-antioxidans-ergaenzungen-120-tabletten\/\" \/>\n<meta property=\"og:locale\" content=\"de_DE\" \/>\n<meta property=\"og:type\" content=\"article\" \/>\n<meta property=\"og:title\" content=\"Gr\u00fcner Tee Kapseln - 850mg Gewichtsverlust Antioxidans Erg\u00e4nzungen (120 Tabletten) - JeaKen\" \/>\n<meta property=\"og:description\" content=\"Appetitz\u00fcgler, der den Stoffwechsel ankurbelt, den Cholesterinspiegel senkt und das Immunsystem st\u00e4rkt. &nbsp;\" \/>\n<meta property=\"og:url\" content=\"https:\/\/jeaken.com\/de\/produkt\/gruener-tee-kapseln-850mg-gewichtsverlust-antioxidans-ergaenzungen-120-tabletten\/\" \/>\n<meta property=\"og:site_name\" content=\"JeaKen\" \/>\n<meta property=\"article:modified_time\" content=\"2022-08-09T14:15:52+00:00\" \/>\n<meta property=\"og:image\" content=\"https:\/\/jeaken.com\/wp-content\/uploads\/2022\/07\/Green-Tea.jpg\" \/>\n\t<meta property=\"og:image:width\" content=\"512\" \/>\n\t<meta property=\"og:image:height\" content=\"600\" \/>\n\t<meta property=\"og:image:type\" content=\"image\/jpeg\" \/>\n<meta name=\"twitter:card\" content=\"summary_large_image\" \/>\n<meta name=\"twitter:label1\" content=\"Est. reading time\" \/>\n\t<meta name=\"twitter:data1\" content=\"1 minute\" \/>\n<script type=\"application\/ld+json\" class=\"yoast-schema-graph\">{\"@context\":\"https:\/\/schema.org\",\"@graph\":[{\"@type\":\"WebPage\",\"@id\":\"https:\/\/jeaken.com\/de\/produkt\/gruener-tee-kapseln-850mg-gewichtsverlust-antioxidans-ergaenzungen-120-tabletten\/\",\"url\":\"https:\/\/jeaken.com\/de\/produkt\/gruener-tee-kapseln-850mg-gewichtsverlust-antioxidans-ergaenzungen-120-tabletten\/\",\"name\":\"Gr\u00fcner Tee Kapseln - 850mg Gewichtsverlust Antioxidans Erg\u00e4nzungen (120 Tabletten) - JeaKen\",\"isPartOf\":{\"@id\":\"https:\/\/jeaken.com\/de\/#website\"},\"primaryImageOfPage\":{\"@id\":\"https:\/\/jeaken.com\/de\/produkt\/gruener-tee-kapseln-850mg-gewichtsverlust-antioxidans-ergaenzungen-120-tabletten\/#primaryimage\"},\"image\":{\"@id\":\"https:\/\/jeaken.com\/de\/produkt\/gruener-tee-kapseln-850mg-gewichtsverlust-antioxidans-ergaenzungen-120-tabletten\/#primaryimage\"},\"thumbnailUrl\":\"https:\/\/jeaken.com\/wp-content\/uploads\/2022\/07\/Green-Tea.jpg\",\"datePublished\":\"2022-07-21T18:18:16+00:00\",\"dateModified\":\"2022-08-09T14:15:52+00:00\",\"breadcrumb\":{\"@id\":\"https:\/\/jeaken.com\/de\/produkt\/gruener-tee-kapseln-850mg-gewichtsverlust-antioxidans-ergaenzungen-120-tabletten\/#breadcrumb\"},\"inLanguage\":\"de-DE\",\"potentialAction\":[{\"@type\":\"ReadAction\",\"target\":[\"https:\/\/jeaken.com\/de\/produkt\/gruener-tee-kapseln-850mg-gewichtsverlust-antioxidans-ergaenzungen-120-tabletten\/\"]}]},{\"@type\":\"ImageObject\",\"inLanguage\":\"de-DE\",\"@id\":\"https:\/\/jeaken.com\/de\/produkt\/gruener-tee-kapseln-850mg-gewichtsverlust-antioxidans-ergaenzungen-120-tabletten\/#primaryimage\",\"url\":\"https:\/\/jeaken.com\/wp-content\/uploads\/2022\/07\/Green-Tea.jpg\",\"contentUrl\":\"https:\/\/jeaken.com\/wp-content\/uploads\/2022\/07\/Green-Tea.jpg\",\"width\":512,\"height\":600,\"caption\":\"Green Tea Capsules \u2013 850mg Weight Loss Antioxidant Supplements\"},{\"@type\":\"BreadcrumbList\",\"@id\":\"https:\/\/jeaken.com\/de\/produkt\/gruener-tee-kapseln-850mg-gewichtsverlust-antioxidans-ergaenzungen-120-tabletten\/#breadcrumb\",\"itemListElement\":[{\"@type\":\"ListItem\",\"position\":1,\"name\":\"Home\",\"item\":\"https:\/\/jeaken.com\/de\/\"},{\"@type\":\"ListItem\",\"position\":2,\"name\":\"Private: Shop\",\"item\":\"https:\/\/jeaken.com\/shop\/\"},{\"@type\":\"ListItem\",\"position\":3,\"name\":\"Gr\u00fcner Tee Kapseln &#8211; 850mg Gewichtsverlust Antioxidans Erg\u00e4nzungen (120 Tabletten)\"}]},{\"@type\":\"WebSite\",\"@id\":\"https:\/\/jeaken.com\/de\/#website\",\"url\":\"https:\/\/jeaken.com\/de\/\",\"name\":\"JeaKen\",\"description\":\"Organic Supplements for Health, Fitness and Nutrition\",\"publisher\":{\"@id\":\"https:\/\/jeaken.com\/de\/#organization\"},\"potentialAction\":[{\"@type\":\"SearchAction\",\"target\":{\"@type\":\"EntryPoint\",\"urlTemplate\":\"https:\/\/jeaken.com\/de\/?s={search_term_string}\"},\"query-input\":\"required name=search_term_string\"}],\"inLanguage\":\"de-DE\"},{\"@type\":\"Organization\",\"@id\":\"https:\/\/jeaken.com\/de\/#organization\",\"name\":\"JeaKen\",\"url\":\"https:\/\/jeaken.com\/de\/\",\"logo\":{\"@type\":\"ImageObject\",\"inLanguage\":\"de-DE\",\"@id\":\"https:\/\/jeaken.com\/de\/#\/schema\/logo\/image\/\",\"url\":\"https:\/\/jeaken.com\/wp-content\/uploads\/2022\/06\/jeaken-logo-23.png\",\"contentUrl\":\"https:\/\/jeaken.com\/wp-content\/uploads\/2022\/06\/jeaken-logo-23.png\",\"width\":2486,\"height\":736,\"caption\":\"JeaKen\"},\"image\":{\"@id\":\"https:\/\/jeaken.com\/de\/#\/schema\/logo\/image\/\"}}]}<\/script>\n<!-- \/ Yoast SEO plugin. -->","yoast_head_json":{"title":"Gr\u00fcner Tee Kapseln - 850mg Gewichtsverlust Antioxidans Erg\u00e4nzungen (120 Tabletten) - JeaKen","robots":{"index":"index","follow":"follow","max-snippet":"max-snippet:-1","max-image-preview":"max-image-preview:large","max-video-preview":"max-video-preview:-1"},"canonical":"https:\/\/jeaken.com\/de\/produkt\/gruener-tee-kapseln-850mg-gewichtsverlust-antioxidans-ergaenzungen-120-tabletten\/","og_locale":"de_DE","og_type":"article","og_title":"Gr\u00fcner Tee Kapseln - 850mg Gewichtsverlust Antioxidans Erg\u00e4nzungen (120 Tabletten) - JeaKen","og_description":"Appetitz\u00fcgler, der den Stoffwechsel ankurbelt, den Cholesterinspiegel senkt und das Immunsystem st\u00e4rkt. &nbsp;","og_url":"https:\/\/jeaken.com\/de\/produkt\/gruener-tee-kapseln-850mg-gewichtsverlust-antioxidans-ergaenzungen-120-tabletten\/","og_site_name":"JeaKen","article_modified_time":"2022-08-09T14:15:52+00:00","og_image":[{"width":512,"height":600,"url":"https:\/\/jeaken.com\/wp-content\/uploads\/2022\/07\/Green-Tea.jpg","type":"image\/jpeg"}],"twitter_card":"summary_large_image","twitter_misc":{"Est. reading time":"1 minute"},"schema":{"@context":"https:\/\/schema.org","@graph":[{"@type":"WebPage","@id":"https:\/\/jeaken.com\/de\/produkt\/gruener-tee-kapseln-850mg-gewichtsverlust-antioxidans-ergaenzungen-120-tabletten\/","url":"https:\/\/jeaken.com\/de\/produkt\/gruener-tee-kapseln-850mg-gewichtsverlust-antioxidans-ergaenzungen-120-tabletten\/","name":"Gr\u00fcner Tee Kapseln - 850mg Gewichtsverlust Antioxidans Erg\u00e4nzungen (120 Tabletten) - JeaKen","isPartOf":{"@id":"https:\/\/jeaken.com\/de\/#website"},"primaryImageOfPage":{"@id":"https:\/\/jeaken.com\/de\/produkt\/gruener-tee-kapseln-850mg-gewichtsverlust-antioxidans-ergaenzungen-120-tabletten\/#primaryimage"},"image":{"@id":"https:\/\/jeaken.com\/de\/produkt\/gruener-tee-kapseln-850mg-gewichtsverlust-antioxidans-ergaenzungen-120-tabletten\/#primaryimage"},"thumbnailUrl":"https:\/\/jeaken.com\/wp-content\/uploads\/2022\/07\/Green-Tea.jpg","datePublished":"2022-07-21T18:18:16+00:00","dateModified":"2022-08-09T14:15:52+00:00","breadcrumb":{"@id":"https:\/\/jeaken.com\/de\/produkt\/gruener-tee-kapseln-850mg-gewichtsverlust-antioxidans-ergaenzungen-120-tabletten\/#breadcrumb"},"inLanguage":"de-DE","potentialAction":[{"@type":"ReadAction","target":["https:\/\/jeaken.com\/de\/produkt\/gruener-tee-kapseln-850mg-gewichtsverlust-antioxidans-ergaenzungen-120-tabletten\/"]}]},{"@type":"ImageObject","inLanguage":"de-DE","@id":"https:\/\/jeaken.com\/de\/produkt\/gruener-tee-kapseln-850mg-gewichtsverlust-antioxidans-ergaenzungen-120-tabletten\/#primaryimage","url":"https:\/\/jeaken.com\/wp-content\/uploads\/2022\/07\/Green-Tea.jpg","contentUrl":"https:\/\/jeaken.com\/wp-content\/uploads\/2022\/07\/Green-Tea.jpg","width":512,"height":600,"caption":"Green Tea Capsules \u2013 850mg Weight Loss Antioxidant Supplements"},{"@type":"BreadcrumbList","@id":"https:\/\/jeaken.com\/de\/produkt\/gruener-tee-kapseln-850mg-gewichtsverlust-antioxidans-ergaenzungen-120-tabletten\/#breadcrumb","itemListElement":[{"@type":"ListItem","position":1,"name":"Home","item":"https:\/\/jeaken.com\/de\/"},{"@type":"ListItem","position":2,"name":"Private: Shop","item":"https:\/\/jeaken.com\/shop\/"},{"@type":"ListItem","position":3,"name":"Gr\u00fcner Tee Kapseln &#8211; 850mg Gewichtsverlust Antioxidans Erg\u00e4nzungen (120 Tabletten)"}]},{"@type":"WebSite","@id":"https:\/\/jeaken.com\/de\/#website","url":"https:\/\/jeaken.com\/de\/","name":"JeaKen","description":"Organic Supplements for Health, Fitness and Nutrition","publisher":{"@id":"https:\/\/jeaken.com\/de\/#organization"},"potentialAction":[{"@type":"SearchAction","target":{"@type":"EntryPoint","urlTemplate":"https:\/\/jeaken.com\/de\/?s={search_term_string}"},"query-input":"required name=search_term_string"}],"inLanguage":"de-DE"},{"@type":"Organization","@id":"https:\/\/jeaken.com\/de\/#organization","name":"JeaKen","url":"https:\/\/jeaken.com\/de\/","logo":{"@type":"ImageObject","inLanguage":"de-DE","@id":"https:\/\/jeaken.com\/de\/#\/schema\/logo\/image\/","url":"https:\/\/jeaken.com\/wp-content\/uploads\/2022\/06\/jeaken-logo-23.png","contentUrl":"https:\/\/jeaken.com\/wp-content\/uploads\/2022\/06\/jeaken-logo-23.png","width":2486,"height":736,"caption":"JeaKen"},"image":{"@id":"https:\/\/jeaken.com\/de\/#\/schema\/logo\/image\/"}}]}},"jetpack_sharing_enabled":true,"_links":{"self":[{"href":"https:\/\/jeaken.com\/de\/wp-json\/wp\/v2\/product\/6924","targetHints":{"allow":["GET"]}}],"collection":[{"href":"https:\/\/jeaken.com\/de\/wp-json\/wp\/v2\/product"}],"about":[{"href":"https:\/\/jeaken.com\/de\/wp-json\/wp\/v2\/types\/product"}],"wp:featuredmedia":[{"embeddable":true,"href":"https:\/\/jeaken.com\/de\/wp-json\/wp\/v2\/media\/15614"}],"wp:attachment":[{"href":"https:\/\/jeaken.com\/de\/wp-json\/wp\/v2\/media?parent=6924"}],"wp:term":[{"taxonomy":"product_cat","embeddable":true,"href":"https:\/\/jeaken.com\/de\/wp-json\/wp\/v2\/product_cat?post=6924"},{"taxonomy":"product_tag","embeddable":true,"href":"https:\/\/jeaken.com\/de\/wp-json\/wp\/v2\/product_tag?post=6924"}],"curies":[{"name":"wp","href":"https:\/\/api.w.org\/{rel}","templated":true}]}}