{"id":6919,"date":"2022-07-21T19:18:21","date_gmt":"2022-07-21T18:18:21","guid":{"rendered":"https:\/1658920591610?product=omega-3-6-9-fischoel-kapseln-reines-fischoel-mit-destilliertem-epa-dha-mit-leinsamenoel-und-sonnenblumenoel-1000mg-120-kapseln"},"modified":"2022-08-09T15:15:45","modified_gmt":"2022-08-09T14:15:45","slug":"omega-3-6-9-fischoel-kapseln-reines-fischoel-mit-destilliertem-epa-dha-mit-leinsamenoel-und-sonnenblumenoel-1000mg-120-kapseln","status":"publish","type":"product","link":"https:\/\/jeaken.com\/de\/produkt\/omega-3-6-9-fischoel-kapseln-reines-fischoel-mit-destilliertem-epa-dha-mit-leinsamenoel-und-sonnenblumenoel-1000mg-120-kapseln\/","title":{"rendered":"Omega 3 6 9 Fisch\u00f6l-Kapseln. Reines Fisch\u00f6l mit destilliertem EPA DHA mit Leinsamen\u00f6l und Sonnenblumen\u00f6l .1000mg (120 Kapseln)"},"content":{"rendered":"<p><strong>ENTH\u00c4LT WICHTIGE FETTS\u00c4UREN  <strong> <\/p>\n<p>Unser Nahrungserg\u00e4nzungsmittel enth\u00e4lt die Omega-3-, -6- und -9-Fetts\u00e4uren, die f\u00fcr das normale Funktionieren der Haut, der Atemwege, des Kreislaufs, des Gehirns und der Organe am wichtigsten sind. In unserem Omega 3 6 9 Fisch\u00f6l werden DHA und EPA destilliert, um ungesunde ges\u00e4ttigte Fette, Cholesterin und Schadstoffe aus dem K\u00f6rper zu entfernen.<\/p>\n<p> <strong>UNTERST\u00dcTZT EINE GESUNDE GEHIRNFUNKTION  <strong><\/p>\n<p>Die Konzentration von Omega-3-Fetts\u00e4uren ist im Gehirn und im Nervensystem am h\u00f6chsten. Diese Fetts\u00e4uren sind f\u00fcr das optimale Funktionieren der Neuronen notwendig. Sie sch\u00fctzen auch die Zellen, verringern Zellsch\u00e4den und verbessern die Nerven\u00fcbertragung. Neue Forschungsergebnisse zeigen, dass Omega-3-Fetts\u00e4uren den Serotonin- und Dopaminspiegel erh\u00f6hen k\u00f6nnen.<\/p>\n<p> <strong>ST\u00c4RKT DAS IMMUNSYSTEM  <strong><\/p>\n<p>Omega 9 kann dazu beitragen, das Immunsystem zu st\u00e4rken, was wiederum dazu beitr\u00e4gt, die Anzahl der freien Radikale im K\u00f6rper zu verringern und den Stoffwechsel zu verbessern.  <\/p>\n<p> <strong>ADDITIVFREI  <strong> <\/p>\n<p>Diese Nahrungserg\u00e4nzung ist frei von Salz, St\u00e4rke, Weizen, Mais, Gluten, Laktose, Hefe, Milchprodukten und k\u00fcnstlichen Konservierungsstoffen. Alle JeaKen-Produkte werden im Vereinigten K\u00f6nigreich unter strengen GMP-Richtlinien hergestellt, die den h\u00f6chsten Herstellungsstandards der Welt entsprechen.<\/p>\n","protected":false},"excerpt":{"rendered":"<p><strong>Leistungsstarke und wirksame Erg\u00e4nzung f\u00fcr eine gesunde Gehirn- und K\u00f6rperfunktion.<strong> <\/p>\n","protected":false},"featured_media":4616,"template":"","meta":{"site-sidebar-layout":"default","site-content-layout":"default","ast-site-content-layout":"default","site-content-style":"default","site-sidebar-style":"default","ast-global-header-display":"","ast-banner-title-visibility":"","ast-main-header-display":"","ast-hfb-above-header-display":"","ast-hfb-below-header-display":"","ast-hfb-mobile-header-display":"","site-post-title":"","ast-breadcrumbs-content":"","ast-featured-img":"","footer-sml-layout":"","theme-transparent-header-meta":"default","adv-header-id-meta":"","stick-header-meta":"default","header-above-stick-meta":"","header-main-stick-meta":"","header-below-stick-meta":"","astra-migrate-meta-layouts":"default","ast-page-background-enabled":"default","ast-page-background-meta":{"desktop":{"background-color":"","background-image":"","background-repeat":"repeat","background-position":"center center","background-size":"auto","background-attachment":"scroll","background-type":"","background-media":"","overlay-type":"","overlay-color":"","overlay-opacity":"","overlay-gradient":""},"tablet":{"background-color":"","background-image":"","background-repeat":"repeat","background-position":"center center","background-size":"auto","background-attachment":"scroll","background-type":"","background-media":"","overlay-type":"","overlay-color":"","overlay-opacity":"","overlay-gradient":""},"mobile":{"background-color":"","background-image":"","background-repeat":"repeat","background-position":"center center","background-size":"auto","background-attachment":"scroll","background-type":"","background-media":"","overlay-type":"","overlay-color":"","overlay-opacity":"","overlay-gradient":""}},"ast-content-background-meta":{"desktop":{"background-color":"var(--ast-global-color-5)","background-image":"","background-repeat":"repeat","background-position":"center center","background-size":"auto","background-attachment":"scroll","background-type":"","background-media":"","overlay-type":"","overlay-color":"","overlay-opacity":"","overlay-gradient":""},"tablet":{"background-color":"var(--ast-global-color-5)","background-image":"","background-repeat":"repeat","background-position":"center center","background-size":"auto","background-attachment":"scroll","background-type":"","background-media":"","overlay-type":"","overlay-color":"","overlay-opacity":"","overlay-gradient":""},"mobile":{"background-color":"var(--ast-global-color-5)","background-image":"","background-repeat":"repeat","background-position":"center center","background-size":"auto","background-attachment":"scroll","background-type":"","background-media":"","overlay-type":"","overlay-color":"","overlay-opacity":"","overlay-gradient":""}}},"product_cat":[581,740,507],"product_tag":[],"class_list":{"0":"post-6919","1":"product","2":"type-product","3":"status-publish","4":"has-post-thumbnail","6":"product_cat-gesundheit-von-herz-und-gehirn","7":"product_cat-gesundheit-von-knochen-und-gelenken","8":"product_cat-nahrungserganzungsmittel","9":"has-subscription-plans","10":"desktop-align-left","11":"tablet-align-left","12":"mobile-align-left","14":"first","15":"instock","16":"taxable","17":"shipping-taxable","18":"purchasable","19":"product-type-simple"},"yoast_head":"<!-- This site is optimized with the Yoast SEO plugin v22.7 - https:\/\/yoast.com\/wordpress\/plugins\/seo\/ -->\n<title>Omega 3 6 9 Fisch\u00f6l-Kapseln. Reines Fisch\u00f6l mit destilliertem EPA DHA mit Leinsamen\u00f6l und Sonnenblumen\u00f6l .1000mg (120 Kapseln) - JeaKen<\/title>\n<meta name=\"robots\" content=\"index, follow, max-snippet:-1, max-image-preview:large, max-video-preview:-1\" \/>\n<link rel=\"canonical\" href=\"https:\/\/jeaken.com\/de\/produkt\/omega-3-6-9-fischoel-kapseln-reines-fischoel-mit-destilliertem-epa-dha-mit-leinsamenoel-und-sonnenblumenoel-1000mg-120-kapseln\/\" \/>\n<meta property=\"og:locale\" content=\"de_DE\" \/>\n<meta property=\"og:type\" content=\"article\" \/>\n<meta property=\"og:title\" content=\"Omega 3 6 9 Fisch\u00f6l-Kapseln. Reines Fisch\u00f6l mit destilliertem EPA DHA mit Leinsamen\u00f6l und Sonnenblumen\u00f6l .1000mg (120 Kapseln) - JeaKen\" \/>\n<meta property=\"og:description\" content=\"Leistungsstarke und wirksame Erg\u00e4nzung f\u00fcr eine gesunde Gehirn- und K\u00f6rperfunktion.\" \/>\n<meta property=\"og:url\" content=\"https:\/\/jeaken.com\/de\/produkt\/omega-3-6-9-fischoel-kapseln-reines-fischoel-mit-destilliertem-epa-dha-mit-leinsamenoel-und-sonnenblumenoel-1000mg-120-kapseln\/\" \/>\n<meta property=\"og:site_name\" content=\"JeaKen\" \/>\n<meta property=\"article:modified_time\" content=\"2022-08-09T14:15:45+00:00\" \/>\n<meta property=\"og:image\" content=\"https:\/\/jeaken.com\/wp-content\/uploads\/2022\/07\/71MHg1NVMTL._AC_SL1500_.jpg\" \/>\n\t<meta property=\"og:image:width\" content=\"600\" \/>\n\t<meta property=\"og:image:height\" content=\"600\" \/>\n\t<meta property=\"og:image:type\" content=\"image\/jpeg\" \/>\n<meta name=\"twitter:card\" content=\"summary_large_image\" \/>\n<meta name=\"twitter:label1\" content=\"Est. reading time\" \/>\n\t<meta name=\"twitter:data1\" content=\"1 minute\" \/>\n<script type=\"application\/ld+json\" class=\"yoast-schema-graph\">{\"@context\":\"https:\/\/schema.org\",\"@graph\":[{\"@type\":\"WebPage\",\"@id\":\"https:\/\/jeaken.com\/de\/produkt\/omega-3-6-9-fischoel-kapseln-reines-fischoel-mit-destilliertem-epa-dha-mit-leinsamenoel-und-sonnenblumenoel-1000mg-120-kapseln\/\",\"url\":\"https:\/\/jeaken.com\/de\/produkt\/omega-3-6-9-fischoel-kapseln-reines-fischoel-mit-destilliertem-epa-dha-mit-leinsamenoel-und-sonnenblumenoel-1000mg-120-kapseln\/\",\"name\":\"Omega 3 6 9 Fisch\u00f6l-Kapseln. Reines Fisch\u00f6l mit destilliertem EPA DHA mit Leinsamen\u00f6l und Sonnenblumen\u00f6l .1000mg (120 Kapseln) - JeaKen\",\"isPartOf\":{\"@id\":\"https:\/\/jeaken.com\/de\/#website\"},\"primaryImageOfPage\":{\"@id\":\"https:\/\/jeaken.com\/de\/produkt\/omega-3-6-9-fischoel-kapseln-reines-fischoel-mit-destilliertem-epa-dha-mit-leinsamenoel-und-sonnenblumenoel-1000mg-120-kapseln\/#primaryimage\"},\"image\":{\"@id\":\"https:\/\/jeaken.com\/de\/produkt\/omega-3-6-9-fischoel-kapseln-reines-fischoel-mit-destilliertem-epa-dha-mit-leinsamenoel-und-sonnenblumenoel-1000mg-120-kapseln\/#primaryimage\"},\"thumbnailUrl\":\"https:\/\/jeaken.com\/wp-content\/uploads\/2022\/07\/71MHg1NVMTL._AC_SL1500_.jpg\",\"datePublished\":\"2022-07-21T18:18:21+00:00\",\"dateModified\":\"2022-08-09T14:15:45+00:00\",\"breadcrumb\":{\"@id\":\"https:\/\/jeaken.com\/de\/produkt\/omega-3-6-9-fischoel-kapseln-reines-fischoel-mit-destilliertem-epa-dha-mit-leinsamenoel-und-sonnenblumenoel-1000mg-120-kapseln\/#breadcrumb\"},\"inLanguage\":\"de-DE\",\"potentialAction\":[{\"@type\":\"ReadAction\",\"target\":[\"https:\/\/jeaken.com\/de\/produkt\/omega-3-6-9-fischoel-kapseln-reines-fischoel-mit-destilliertem-epa-dha-mit-leinsamenoel-und-sonnenblumenoel-1000mg-120-kapseln\/\"]}]},{\"@type\":\"ImageObject\",\"inLanguage\":\"de-DE\",\"@id\":\"https:\/\/jeaken.com\/de\/produkt\/omega-3-6-9-fischoel-kapseln-reines-fischoel-mit-destilliertem-epa-dha-mit-leinsamenoel-und-sonnenblumenoel-1000mg-120-kapseln\/#primaryimage\",\"url\":\"https:\/\/jeaken.com\/wp-content\/uploads\/2022\/07\/71MHg1NVMTL._AC_SL1500_.jpg\",\"contentUrl\":\"https:\/\/jeaken.com\/wp-content\/uploads\/2022\/07\/71MHg1NVMTL._AC_SL1500_.jpg\",\"width\":600,\"height\":600,\"caption\":\"Omega 3 6 9 Fish Oil Capsules.\"},{\"@type\":\"BreadcrumbList\",\"@id\":\"https:\/\/jeaken.com\/de\/produkt\/omega-3-6-9-fischoel-kapseln-reines-fischoel-mit-destilliertem-epa-dha-mit-leinsamenoel-und-sonnenblumenoel-1000mg-120-kapseln\/#breadcrumb\",\"itemListElement\":[{\"@type\":\"ListItem\",\"position\":1,\"name\":\"Home\",\"item\":\"https:\/\/jeaken.com\/de\/\"},{\"@type\":\"ListItem\",\"position\":2,\"name\":\"Private: Shop\",\"item\":\"https:\/\/jeaken.com\/shop\/\"},{\"@type\":\"ListItem\",\"position\":3,\"name\":\"Omega 3 6 9 Fisch\u00f6l-Kapseln. Reines Fisch\u00f6l mit destilliertem EPA DHA mit Leinsamen\u00f6l und Sonnenblumen\u00f6l .1000mg (120 Kapseln)\"}]},{\"@type\":\"WebSite\",\"@id\":\"https:\/\/jeaken.com\/de\/#website\",\"url\":\"https:\/\/jeaken.com\/de\/\",\"name\":\"JeaKen\",\"description\":\"Organic Supplements for Health, Fitness and Nutrition\",\"publisher\":{\"@id\":\"https:\/\/jeaken.com\/de\/#organization\"},\"potentialAction\":[{\"@type\":\"SearchAction\",\"target\":{\"@type\":\"EntryPoint\",\"urlTemplate\":\"https:\/\/jeaken.com\/de\/?s={search_term_string}\"},\"query-input\":\"required name=search_term_string\"}],\"inLanguage\":\"de-DE\"},{\"@type\":\"Organization\",\"@id\":\"https:\/\/jeaken.com\/de\/#organization\",\"name\":\"JeaKen\",\"url\":\"https:\/\/jeaken.com\/de\/\",\"logo\":{\"@type\":\"ImageObject\",\"inLanguage\":\"de-DE\",\"@id\":\"https:\/\/jeaken.com\/de\/#\/schema\/logo\/image\/\",\"url\":\"https:\/\/jeaken.com\/wp-content\/uploads\/2022\/06\/jeaken-logo-23.png\",\"contentUrl\":\"https:\/\/jeaken.com\/wp-content\/uploads\/2022\/06\/jeaken-logo-23.png\",\"width\":2486,\"height\":736,\"caption\":\"JeaKen\"},\"image\":{\"@id\":\"https:\/\/jeaken.com\/de\/#\/schema\/logo\/image\/\"}}]}<\/script>\n<!-- \/ Yoast SEO plugin. -->","yoast_head_json":{"title":"Omega 3 6 9 Fisch\u00f6l-Kapseln. Reines Fisch\u00f6l mit destilliertem EPA DHA mit Leinsamen\u00f6l und Sonnenblumen\u00f6l .1000mg (120 Kapseln) - JeaKen","robots":{"index":"index","follow":"follow","max-snippet":"max-snippet:-1","max-image-preview":"max-image-preview:large","max-video-preview":"max-video-preview:-1"},"canonical":"https:\/\/jeaken.com\/de\/produkt\/omega-3-6-9-fischoel-kapseln-reines-fischoel-mit-destilliertem-epa-dha-mit-leinsamenoel-und-sonnenblumenoel-1000mg-120-kapseln\/","og_locale":"de_DE","og_type":"article","og_title":"Omega 3 6 9 Fisch\u00f6l-Kapseln. Reines Fisch\u00f6l mit destilliertem EPA DHA mit Leinsamen\u00f6l und Sonnenblumen\u00f6l .1000mg (120 Kapseln) - JeaKen","og_description":"Leistungsstarke und wirksame Erg\u00e4nzung f\u00fcr eine gesunde Gehirn- und K\u00f6rperfunktion.","og_url":"https:\/\/jeaken.com\/de\/produkt\/omega-3-6-9-fischoel-kapseln-reines-fischoel-mit-destilliertem-epa-dha-mit-leinsamenoel-und-sonnenblumenoel-1000mg-120-kapseln\/","og_site_name":"JeaKen","article_modified_time":"2022-08-09T14:15:45+00:00","og_image":[{"width":600,"height":600,"url":"https:\/\/jeaken.com\/wp-content\/uploads\/2022\/07\/71MHg1NVMTL._AC_SL1500_.jpg","type":"image\/jpeg"}],"twitter_card":"summary_large_image","twitter_misc":{"Est. reading time":"1 minute"},"schema":{"@context":"https:\/\/schema.org","@graph":[{"@type":"WebPage","@id":"https:\/\/jeaken.com\/de\/produkt\/omega-3-6-9-fischoel-kapseln-reines-fischoel-mit-destilliertem-epa-dha-mit-leinsamenoel-und-sonnenblumenoel-1000mg-120-kapseln\/","url":"https:\/\/jeaken.com\/de\/produkt\/omega-3-6-9-fischoel-kapseln-reines-fischoel-mit-destilliertem-epa-dha-mit-leinsamenoel-und-sonnenblumenoel-1000mg-120-kapseln\/","name":"Omega 3 6 9 Fisch\u00f6l-Kapseln. Reines Fisch\u00f6l mit destilliertem EPA DHA mit Leinsamen\u00f6l und Sonnenblumen\u00f6l .1000mg (120 Kapseln) - JeaKen","isPartOf":{"@id":"https:\/\/jeaken.com\/de\/#website"},"primaryImageOfPage":{"@id":"https:\/\/jeaken.com\/de\/produkt\/omega-3-6-9-fischoel-kapseln-reines-fischoel-mit-destilliertem-epa-dha-mit-leinsamenoel-und-sonnenblumenoel-1000mg-120-kapseln\/#primaryimage"},"image":{"@id":"https:\/\/jeaken.com\/de\/produkt\/omega-3-6-9-fischoel-kapseln-reines-fischoel-mit-destilliertem-epa-dha-mit-leinsamenoel-und-sonnenblumenoel-1000mg-120-kapseln\/#primaryimage"},"thumbnailUrl":"https:\/\/jeaken.com\/wp-content\/uploads\/2022\/07\/71MHg1NVMTL._AC_SL1500_.jpg","datePublished":"2022-07-21T18:18:21+00:00","dateModified":"2022-08-09T14:15:45+00:00","breadcrumb":{"@id":"https:\/\/jeaken.com\/de\/produkt\/omega-3-6-9-fischoel-kapseln-reines-fischoel-mit-destilliertem-epa-dha-mit-leinsamenoel-und-sonnenblumenoel-1000mg-120-kapseln\/#breadcrumb"},"inLanguage":"de-DE","potentialAction":[{"@type":"ReadAction","target":["https:\/\/jeaken.com\/de\/produkt\/omega-3-6-9-fischoel-kapseln-reines-fischoel-mit-destilliertem-epa-dha-mit-leinsamenoel-und-sonnenblumenoel-1000mg-120-kapseln\/"]}]},{"@type":"ImageObject","inLanguage":"de-DE","@id":"https:\/\/jeaken.com\/de\/produkt\/omega-3-6-9-fischoel-kapseln-reines-fischoel-mit-destilliertem-epa-dha-mit-leinsamenoel-und-sonnenblumenoel-1000mg-120-kapseln\/#primaryimage","url":"https:\/\/jeaken.com\/wp-content\/uploads\/2022\/07\/71MHg1NVMTL._AC_SL1500_.jpg","contentUrl":"https:\/\/jeaken.com\/wp-content\/uploads\/2022\/07\/71MHg1NVMTL._AC_SL1500_.jpg","width":600,"height":600,"caption":"Omega 3 6 9 Fish Oil Capsules."},{"@type":"BreadcrumbList","@id":"https:\/\/jeaken.com\/de\/produkt\/omega-3-6-9-fischoel-kapseln-reines-fischoel-mit-destilliertem-epa-dha-mit-leinsamenoel-und-sonnenblumenoel-1000mg-120-kapseln\/#breadcrumb","itemListElement":[{"@type":"ListItem","position":1,"name":"Home","item":"https:\/\/jeaken.com\/de\/"},{"@type":"ListItem","position":2,"name":"Private: Shop","item":"https:\/\/jeaken.com\/shop\/"},{"@type":"ListItem","position":3,"name":"Omega 3 6 9 Fisch\u00f6l-Kapseln. Reines Fisch\u00f6l mit destilliertem EPA DHA mit Leinsamen\u00f6l und Sonnenblumen\u00f6l .1000mg (120 Kapseln)"}]},{"@type":"WebSite","@id":"https:\/\/jeaken.com\/de\/#website","url":"https:\/\/jeaken.com\/de\/","name":"JeaKen","description":"Organic Supplements for Health, Fitness and Nutrition","publisher":{"@id":"https:\/\/jeaken.com\/de\/#organization"},"potentialAction":[{"@type":"SearchAction","target":{"@type":"EntryPoint","urlTemplate":"https:\/\/jeaken.com\/de\/?s={search_term_string}"},"query-input":"required name=search_term_string"}],"inLanguage":"de-DE"},{"@type":"Organization","@id":"https:\/\/jeaken.com\/de\/#organization","name":"JeaKen","url":"https:\/\/jeaken.com\/de\/","logo":{"@type":"ImageObject","inLanguage":"de-DE","@id":"https:\/\/jeaken.com\/de\/#\/schema\/logo\/image\/","url":"https:\/\/jeaken.com\/wp-content\/uploads\/2022\/06\/jeaken-logo-23.png","contentUrl":"https:\/\/jeaken.com\/wp-content\/uploads\/2022\/06\/jeaken-logo-23.png","width":2486,"height":736,"caption":"JeaKen"},"image":{"@id":"https:\/\/jeaken.com\/de\/#\/schema\/logo\/image\/"}}]}},"jetpack_sharing_enabled":true,"_links":{"self":[{"href":"https:\/\/jeaken.com\/de\/wp-json\/wp\/v2\/product\/6919","targetHints":{"allow":["GET"]}}],"collection":[{"href":"https:\/\/jeaken.com\/de\/wp-json\/wp\/v2\/product"}],"about":[{"href":"https:\/\/jeaken.com\/de\/wp-json\/wp\/v2\/types\/product"}],"wp:featuredmedia":[{"embeddable":true,"href":"https:\/\/jeaken.com\/de\/wp-json\/wp\/v2\/media\/4616"}],"wp:attachment":[{"href":"https:\/\/jeaken.com\/de\/wp-json\/wp\/v2\/media?parent=6919"}],"wp:term":[{"taxonomy":"product_cat","embeddable":true,"href":"https:\/\/jeaken.com\/de\/wp-json\/wp\/v2\/product_cat?post=6919"},{"taxonomy":"product_tag","embeddable":true,"href":"https:\/\/jeaken.com\/de\/wp-json\/wp\/v2\/product_tag?post=6919"}],"curies":[{"name":"wp","href":"https:\/\/api.w.org\/{rel}","templated":true}]}}