{"id":6898,"date":"2022-07-21T19:18:17","date_gmt":"2022-07-21T18:18:17","guid":{"rendered":"https:\/1658920591610?product=bcaa-pulver-muskelaufbau-und-erholung-blue-raspberry-drink-mit-aminosaeure-leucin-isoleucin-und-valin-100-portionen-500g"},"modified":"2022-08-09T15:15:36","modified_gmt":"2022-08-09T14:15:36","slug":"bcaa-pulver-muskelaufbau-und-erholung-blue-raspberry-drink-mit-aminosaeure-leucin-isoleucin-und-valin-100-portionen-500g","status":"publish","type":"product","link":"https:\/\/jeaken.com\/de\/produkt\/bcaa-pulver-muskelaufbau-und-erholung-blue-raspberry-drink-mit-aminosaeure-leucin-isoleucin-und-valin-100-portionen-500g\/","title":{"rendered":"BCAA-Pulver &#8211; Muskelaufbau und -erholung Blue Raspberry Drink mit Aminos\u00e4ure, Leucin, Isoleucin und Valin. 100 Portionen (500G)"},"content":{"rendered":"<p><strong>ELITENIVEAU 2:1:1 FORMEL  <\/strong><\/p>\n<p>Unser BCAA-Pulver (Branched Chain Amino Acids) ist eine einzigartige Mischung aus BCAA 2:1:1-Pulver, Leucin, Isoleucin und Valin, die Ihrem K\u00f6rper hilft, auf h\u00f6chstem Niveau zu trainieren, mehr Muskeln aufzubauen, Fett zu verbrennen, die k\u00f6rperliche Leistungsf\u00e4higkeit zu steigern und Erm\u00fcdung zu reduzieren.<\/p>\n<p><strong>SCHNELLE UND AUSSAGEKR\u00c4FTIGE ERGEBNISSE  <\/strong><\/p>\n<p>BCAAs regen die Proteinsynthese an, so dass Sie schneller und effizienter Muskeln aufbauen und gleichzeitig die Muskelerm\u00fcdung verringern k\u00f6nnen.<\/p>\n<p><strong>F\u00d6RDERT EINE SCHNELLE ERHOLUNGSZEIT  <\/strong><\/p>\n<p>BCAAs tragen nachweislich dazu bei, dass sich die Muskeln schneller erholen, was bedeutet, dass sie sich schnell wieder aufbauen und Ergebnisse erzielen.<\/p>\n<p><strong>HILFT, FETT SCHNELLER ZU VERBRENNEN  <\/strong><\/p>\n<p>BCAA helfen Ihrem K\u00f6rper, schneller Fett zu verbrennen und sch\u00fctzen gleichzeitig Ihre Muskeln. Wenn Sie diese Nahrungserg\u00e4nzung in Ihr Trainingsprogramm aufnehmen, k\u00f6nnen Sie besser aussehen und sich runder f\u00fchlen als je zuvor!<\/p>\n","protected":false},"excerpt":{"rendered":"<h4><strong>Leistungsstarker und schnell wirkender Post-Workout-Drink f\u00fcr bessere Erholung, gr\u00f6\u00dfere Muskeln und weniger Fett<\/strong><\/h4>\n","protected":false},"featured_media":4433,"template":"","meta":{"site-sidebar-layout":"default","site-content-layout":"default","ast-site-content-layout":"default","site-content-style":"default","site-sidebar-style":"default","ast-global-header-display":"","ast-banner-title-visibility":"","ast-main-header-display":"","ast-hfb-above-header-display":"","ast-hfb-below-header-display":"","ast-hfb-mobile-header-display":"","site-post-title":"","ast-breadcrumbs-content":"","ast-featured-img":"","footer-sml-layout":"","theme-transparent-header-meta":"default","adv-header-id-meta":"","stick-header-meta":"default","header-above-stick-meta":"","header-main-stick-meta":"","header-below-stick-meta":"","astra-migrate-meta-layouts":"default","ast-page-background-enabled":"default","ast-page-background-meta":{"desktop":{"background-color":"","background-image":"","background-repeat":"repeat","background-position":"center center","background-size":"auto","background-attachment":"scroll","background-type":"","background-media":"","overlay-type":"","overlay-color":"","overlay-opacity":"","overlay-gradient":""},"tablet":{"background-color":"","background-image":"","background-repeat":"repeat","background-position":"center center","background-size":"auto","background-attachment":"scroll","background-type":"","background-media":"","overlay-type":"","overlay-color":"","overlay-opacity":"","overlay-gradient":""},"mobile":{"background-color":"","background-image":"","background-repeat":"repeat","background-position":"center center","background-size":"auto","background-attachment":"scroll","background-type":"","background-media":"","overlay-type":"","overlay-color":"","overlay-opacity":"","overlay-gradient":""}},"ast-content-background-meta":{"desktop":{"background-color":"var(--ast-global-color-5)","background-image":"","background-repeat":"repeat","background-position":"center center","background-size":"auto","background-attachment":"scroll","background-type":"","background-media":"","overlay-type":"","overlay-color":"","overlay-opacity":"","overlay-gradient":""},"tablet":{"background-color":"var(--ast-global-color-5)","background-image":"","background-repeat":"repeat","background-position":"center center","background-size":"auto","background-attachment":"scroll","background-type":"","background-media":"","overlay-type":"","overlay-color":"","overlay-opacity":"","overlay-gradient":""},"mobile":{"background-color":"var(--ast-global-color-5)","background-image":"","background-repeat":"repeat","background-position":"center center","background-size":"auto","background-attachment":"scroll","background-type":"","background-media":"","overlay-type":"","overlay-color":"","overlay-opacity":"","overlay-gradient":""}}},"product_cat":[524],"product_tag":[],"class_list":{"0":"post-6898","1":"product","2":"type-product","3":"status-publish","4":"has-post-thumbnail","6":"product_cat-sporternahrung","7":"has-subscription-plans","8":"desktop-align-left","9":"tablet-align-left","10":"mobile-align-left","12":"first","13":"instock","14":"taxable","15":"shipping-taxable","16":"purchasable","17":"product-type-simple"},"yoast_head":"<!-- This site is optimized with the Yoast SEO plugin v22.7 - https:\/\/yoast.com\/wordpress\/plugins\/seo\/ -->\n<title>BCAA-Pulver - Muskelaufbau und -erholung Blue Raspberry Drink mit Aminos\u00e4ure, Leucin, Isoleucin und Valin. 100 Portionen (500G) - JeaKen<\/title>\n<meta name=\"robots\" content=\"index, follow, max-snippet:-1, max-image-preview:large, max-video-preview:-1\" \/>\n<link rel=\"canonical\" href=\"https:\/\/jeaken.com\/de\/produkt\/bcaa-pulver-muskelaufbau-und-erholung-blue-raspberry-drink-mit-aminosaeure-leucin-isoleucin-und-valin-100-portionen-500g\/\" \/>\n<meta property=\"og:locale\" content=\"de_DE\" \/>\n<meta property=\"og:type\" content=\"article\" \/>\n<meta property=\"og:title\" content=\"BCAA-Pulver - Muskelaufbau und -erholung Blue Raspberry Drink mit Aminos\u00e4ure, Leucin, Isoleucin und Valin. 100 Portionen (500G) - JeaKen\" \/>\n<meta property=\"og:description\" content=\"Leistungsstarker und schnell wirkender Post-Workout-Drink f\u00fcr bessere Erholung, gr\u00f6\u00dfere Muskeln und weniger Fett\" \/>\n<meta property=\"og:url\" content=\"https:\/\/jeaken.com\/de\/produkt\/bcaa-pulver-muskelaufbau-und-erholung-blue-raspberry-drink-mit-aminosaeure-leucin-isoleucin-und-valin-100-portionen-500g\/\" \/>\n<meta property=\"og:site_name\" content=\"JeaKen\" \/>\n<meta property=\"article:modified_time\" content=\"2022-08-09T14:15:36+00:00\" \/>\n<meta property=\"og:image\" content=\"https:\/\/jeaken.com\/wp-content\/uploads\/2022\/07\/srewww333.jpg\" \/>\n\t<meta property=\"og:image:width\" content=\"600\" \/>\n\t<meta property=\"og:image:height\" content=\"600\" \/>\n\t<meta property=\"og:image:type\" content=\"image\/jpeg\" \/>\n<meta name=\"twitter:card\" content=\"summary_large_image\" \/>\n<meta name=\"twitter:label1\" content=\"Est. reading time\" \/>\n\t<meta name=\"twitter:data1\" content=\"1 minute\" \/>\n<script type=\"application\/ld+json\" class=\"yoast-schema-graph\">{\"@context\":\"https:\/\/schema.org\",\"@graph\":[{\"@type\":\"WebPage\",\"@id\":\"https:\/\/jeaken.com\/de\/produkt\/bcaa-pulver-muskelaufbau-und-erholung-blue-raspberry-drink-mit-aminosaeure-leucin-isoleucin-und-valin-100-portionen-500g\/\",\"url\":\"https:\/\/jeaken.com\/de\/produkt\/bcaa-pulver-muskelaufbau-und-erholung-blue-raspberry-drink-mit-aminosaeure-leucin-isoleucin-und-valin-100-portionen-500g\/\",\"name\":\"BCAA-Pulver - Muskelaufbau und -erholung Blue Raspberry Drink mit Aminos\u00e4ure, Leucin, Isoleucin und Valin. 100 Portionen (500G) - JeaKen\",\"isPartOf\":{\"@id\":\"https:\/\/jeaken.com\/de\/#website\"},\"primaryImageOfPage\":{\"@id\":\"https:\/\/jeaken.com\/de\/produkt\/bcaa-pulver-muskelaufbau-und-erholung-blue-raspberry-drink-mit-aminosaeure-leucin-isoleucin-und-valin-100-portionen-500g\/#primaryimage\"},\"image\":{\"@id\":\"https:\/\/jeaken.com\/de\/produkt\/bcaa-pulver-muskelaufbau-und-erholung-blue-raspberry-drink-mit-aminosaeure-leucin-isoleucin-und-valin-100-portionen-500g\/#primaryimage\"},\"thumbnailUrl\":\"https:\/\/jeaken.com\/wp-content\/uploads\/2022\/07\/srewww333.jpg\",\"datePublished\":\"2022-07-21T18:18:17+00:00\",\"dateModified\":\"2022-08-09T14:15:36+00:00\",\"breadcrumb\":{\"@id\":\"https:\/\/jeaken.com\/de\/produkt\/bcaa-pulver-muskelaufbau-und-erholung-blue-raspberry-drink-mit-aminosaeure-leucin-isoleucin-und-valin-100-portionen-500g\/#breadcrumb\"},\"inLanguage\":\"de-DE\",\"potentialAction\":[{\"@type\":\"ReadAction\",\"target\":[\"https:\/\/jeaken.com\/de\/produkt\/bcaa-pulver-muskelaufbau-und-erholung-blue-raspberry-drink-mit-aminosaeure-leucin-isoleucin-und-valin-100-portionen-500g\/\"]}]},{\"@type\":\"ImageObject\",\"inLanguage\":\"de-DE\",\"@id\":\"https:\/\/jeaken.com\/de\/produkt\/bcaa-pulver-muskelaufbau-und-erholung-blue-raspberry-drink-mit-aminosaeure-leucin-isoleucin-und-valin-100-portionen-500g\/#primaryimage\",\"url\":\"https:\/\/jeaken.com\/wp-content\/uploads\/2022\/07\/srewww333.jpg\",\"contentUrl\":\"https:\/\/jeaken.com\/wp-content\/uploads\/2022\/07\/srewww333.jpg\",\"width\":600,\"height\":600,\"caption\":\"BCAA Powder - Muscle Recovery and Muscle\"},{\"@type\":\"BreadcrumbList\",\"@id\":\"https:\/\/jeaken.com\/de\/produkt\/bcaa-pulver-muskelaufbau-und-erholung-blue-raspberry-drink-mit-aminosaeure-leucin-isoleucin-und-valin-100-portionen-500g\/#breadcrumb\",\"itemListElement\":[{\"@type\":\"ListItem\",\"position\":1,\"name\":\"Home\",\"item\":\"https:\/\/jeaken.com\/de\/\"},{\"@type\":\"ListItem\",\"position\":2,\"name\":\"Private: Shop\",\"item\":\"https:\/\/jeaken.com\/shop\/\"},{\"@type\":\"ListItem\",\"position\":3,\"name\":\"BCAA-Pulver &#8211; Muskelaufbau und -erholung Blue Raspberry Drink mit Aminos\u00e4ure, Leucin, Isoleucin und Valin. 100 Portionen (500G)\"}]},{\"@type\":\"WebSite\",\"@id\":\"https:\/\/jeaken.com\/de\/#website\",\"url\":\"https:\/\/jeaken.com\/de\/\",\"name\":\"JeaKen\",\"description\":\"Organic Supplements for Health, Fitness and Nutrition\",\"publisher\":{\"@id\":\"https:\/\/jeaken.com\/de\/#organization\"},\"potentialAction\":[{\"@type\":\"SearchAction\",\"target\":{\"@type\":\"EntryPoint\",\"urlTemplate\":\"https:\/\/jeaken.com\/de\/?s={search_term_string}\"},\"query-input\":\"required name=search_term_string\"}],\"inLanguage\":\"de-DE\"},{\"@type\":\"Organization\",\"@id\":\"https:\/\/jeaken.com\/de\/#organization\",\"name\":\"JeaKen\",\"url\":\"https:\/\/jeaken.com\/de\/\",\"logo\":{\"@type\":\"ImageObject\",\"inLanguage\":\"de-DE\",\"@id\":\"https:\/\/jeaken.com\/de\/#\/schema\/logo\/image\/\",\"url\":\"https:\/\/jeaken.com\/wp-content\/uploads\/2022\/06\/jeaken-logo-23.png\",\"contentUrl\":\"https:\/\/jeaken.com\/wp-content\/uploads\/2022\/06\/jeaken-logo-23.png\",\"width\":2486,\"height\":736,\"caption\":\"JeaKen\"},\"image\":{\"@id\":\"https:\/\/jeaken.com\/de\/#\/schema\/logo\/image\/\"}}]}<\/script>\n<!-- \/ Yoast SEO plugin. -->","yoast_head_json":{"title":"BCAA-Pulver - Muskelaufbau und -erholung Blue Raspberry Drink mit Aminos\u00e4ure, Leucin, Isoleucin und Valin. 100 Portionen (500G) - JeaKen","robots":{"index":"index","follow":"follow","max-snippet":"max-snippet:-1","max-image-preview":"max-image-preview:large","max-video-preview":"max-video-preview:-1"},"canonical":"https:\/\/jeaken.com\/de\/produkt\/bcaa-pulver-muskelaufbau-und-erholung-blue-raspberry-drink-mit-aminosaeure-leucin-isoleucin-und-valin-100-portionen-500g\/","og_locale":"de_DE","og_type":"article","og_title":"BCAA-Pulver - Muskelaufbau und -erholung Blue Raspberry Drink mit Aminos\u00e4ure, Leucin, Isoleucin und Valin. 100 Portionen (500G) - JeaKen","og_description":"Leistungsstarker und schnell wirkender Post-Workout-Drink f\u00fcr bessere Erholung, gr\u00f6\u00dfere Muskeln und weniger Fett","og_url":"https:\/\/jeaken.com\/de\/produkt\/bcaa-pulver-muskelaufbau-und-erholung-blue-raspberry-drink-mit-aminosaeure-leucin-isoleucin-und-valin-100-portionen-500g\/","og_site_name":"JeaKen","article_modified_time":"2022-08-09T14:15:36+00:00","og_image":[{"width":600,"height":600,"url":"https:\/\/jeaken.com\/wp-content\/uploads\/2022\/07\/srewww333.jpg","type":"image\/jpeg"}],"twitter_card":"summary_large_image","twitter_misc":{"Est. reading time":"1 minute"},"schema":{"@context":"https:\/\/schema.org","@graph":[{"@type":"WebPage","@id":"https:\/\/jeaken.com\/de\/produkt\/bcaa-pulver-muskelaufbau-und-erholung-blue-raspberry-drink-mit-aminosaeure-leucin-isoleucin-und-valin-100-portionen-500g\/","url":"https:\/\/jeaken.com\/de\/produkt\/bcaa-pulver-muskelaufbau-und-erholung-blue-raspberry-drink-mit-aminosaeure-leucin-isoleucin-und-valin-100-portionen-500g\/","name":"BCAA-Pulver - Muskelaufbau und -erholung Blue Raspberry Drink mit Aminos\u00e4ure, Leucin, Isoleucin und Valin. 100 Portionen (500G) - JeaKen","isPartOf":{"@id":"https:\/\/jeaken.com\/de\/#website"},"primaryImageOfPage":{"@id":"https:\/\/jeaken.com\/de\/produkt\/bcaa-pulver-muskelaufbau-und-erholung-blue-raspberry-drink-mit-aminosaeure-leucin-isoleucin-und-valin-100-portionen-500g\/#primaryimage"},"image":{"@id":"https:\/\/jeaken.com\/de\/produkt\/bcaa-pulver-muskelaufbau-und-erholung-blue-raspberry-drink-mit-aminosaeure-leucin-isoleucin-und-valin-100-portionen-500g\/#primaryimage"},"thumbnailUrl":"https:\/\/jeaken.com\/wp-content\/uploads\/2022\/07\/srewww333.jpg","datePublished":"2022-07-21T18:18:17+00:00","dateModified":"2022-08-09T14:15:36+00:00","breadcrumb":{"@id":"https:\/\/jeaken.com\/de\/produkt\/bcaa-pulver-muskelaufbau-und-erholung-blue-raspberry-drink-mit-aminosaeure-leucin-isoleucin-und-valin-100-portionen-500g\/#breadcrumb"},"inLanguage":"de-DE","potentialAction":[{"@type":"ReadAction","target":["https:\/\/jeaken.com\/de\/produkt\/bcaa-pulver-muskelaufbau-und-erholung-blue-raspberry-drink-mit-aminosaeure-leucin-isoleucin-und-valin-100-portionen-500g\/"]}]},{"@type":"ImageObject","inLanguage":"de-DE","@id":"https:\/\/jeaken.com\/de\/produkt\/bcaa-pulver-muskelaufbau-und-erholung-blue-raspberry-drink-mit-aminosaeure-leucin-isoleucin-und-valin-100-portionen-500g\/#primaryimage","url":"https:\/\/jeaken.com\/wp-content\/uploads\/2022\/07\/srewww333.jpg","contentUrl":"https:\/\/jeaken.com\/wp-content\/uploads\/2022\/07\/srewww333.jpg","width":600,"height":600,"caption":"BCAA Powder - Muscle Recovery and Muscle"},{"@type":"BreadcrumbList","@id":"https:\/\/jeaken.com\/de\/produkt\/bcaa-pulver-muskelaufbau-und-erholung-blue-raspberry-drink-mit-aminosaeure-leucin-isoleucin-und-valin-100-portionen-500g\/#breadcrumb","itemListElement":[{"@type":"ListItem","position":1,"name":"Home","item":"https:\/\/jeaken.com\/de\/"},{"@type":"ListItem","position":2,"name":"Private: Shop","item":"https:\/\/jeaken.com\/shop\/"},{"@type":"ListItem","position":3,"name":"BCAA-Pulver &#8211; Muskelaufbau und -erholung Blue Raspberry Drink mit Aminos\u00e4ure, Leucin, Isoleucin und Valin. 100 Portionen (500G)"}]},{"@type":"WebSite","@id":"https:\/\/jeaken.com\/de\/#website","url":"https:\/\/jeaken.com\/de\/","name":"JeaKen","description":"Organic Supplements for Health, Fitness and Nutrition","publisher":{"@id":"https:\/\/jeaken.com\/de\/#organization"},"potentialAction":[{"@type":"SearchAction","target":{"@type":"EntryPoint","urlTemplate":"https:\/\/jeaken.com\/de\/?s={search_term_string}"},"query-input":"required name=search_term_string"}],"inLanguage":"de-DE"},{"@type":"Organization","@id":"https:\/\/jeaken.com\/de\/#organization","name":"JeaKen","url":"https:\/\/jeaken.com\/de\/","logo":{"@type":"ImageObject","inLanguage":"de-DE","@id":"https:\/\/jeaken.com\/de\/#\/schema\/logo\/image\/","url":"https:\/\/jeaken.com\/wp-content\/uploads\/2022\/06\/jeaken-logo-23.png","contentUrl":"https:\/\/jeaken.com\/wp-content\/uploads\/2022\/06\/jeaken-logo-23.png","width":2486,"height":736,"caption":"JeaKen"},"image":{"@id":"https:\/\/jeaken.com\/de\/#\/schema\/logo\/image\/"}}]}},"jetpack_sharing_enabled":true,"_links":{"self":[{"href":"https:\/\/jeaken.com\/de\/wp-json\/wp\/v2\/product\/6898","targetHints":{"allow":["GET"]}}],"collection":[{"href":"https:\/\/jeaken.com\/de\/wp-json\/wp\/v2\/product"}],"about":[{"href":"https:\/\/jeaken.com\/de\/wp-json\/wp\/v2\/types\/product"}],"wp:featuredmedia":[{"embeddable":true,"href":"https:\/\/jeaken.com\/de\/wp-json\/wp\/v2\/media\/4433"}],"wp:attachment":[{"href":"https:\/\/jeaken.com\/de\/wp-json\/wp\/v2\/media?parent=6898"}],"wp:term":[{"taxonomy":"product_cat","embeddable":true,"href":"https:\/\/jeaken.com\/de\/wp-json\/wp\/v2\/product_cat?post=6898"},{"taxonomy":"product_tag","embeddable":true,"href":"https:\/\/jeaken.com\/de\/wp-json\/wp\/v2\/product_tag?post=6898"}],"curies":[{"name":"wp","href":"https:\/\/api.w.org\/{rel}","templated":true}]}}