{"id":6893,"date":"2022-07-21T19:18:22","date_gmt":"2022-07-21T18:18:22","guid":{"rendered":"https:\/1658920591610?product=anti-cellulite-und-hautstraffungslotion-gesaettigt-mit-natuerlichen-fruchtextrakten-fuer-ein-optimales-ergebnis-50ml"},"modified":"2022-08-09T15:15:36","modified_gmt":"2022-08-09T14:15:36","slug":"anti-cellulite-und-hautstraffungslotion-gesaettigt-mit-natuerlichen-fruchtextrakten-fuer-ein-optimales-ergebnis-50ml","status":"publish","type":"product","link":"https:\/\/jeaken.com\/de\/produkt\/anti-cellulite-und-hautstraffungslotion-gesaettigt-mit-natuerlichen-fruchtextrakten-fuer-ein-optimales-ergebnis-50ml\/","title":{"rendered":"Anti-Cellulite- und Hautstraffungslotion &#8211; ges\u00e4ttigt mit nat\u00fcrlichen Fruchtextrakten f\u00fcr ein optimales Ergebnis. 50ml"},"content":{"rendered":"<p><strong>VERBESSERT DAS ERSCHEINUNGSBILD DER HAUT<\/strong><\/p>\n<p><span style=\"font-weight: 400;\">Diese hochwertige Lotion kann das Erscheinungsbild Ihrer Haut in jedem Bereich Ihrer Wahl schnell verbessern!  <\/span><\/p>\n<p><strong>STRAFFT, TONISIERT UND SPENDET FEUCHTIGKEIT  <\/strong><\/p>\n<p><span style=\"font-weight: 400;\">Unsere leicht einziehende Lotion ist vollgepackt mit nat\u00fcrlichen Fruchtextrakten wie Melone, Erdbeere und Papaya, die die Haut straffen, festigen und exfolieren.<\/span><\/p>\n<p><strong>WIRKSAME ANTI-CELLULITE-BEHANDLUNG  <\/strong><\/p>\n<p><span style=\"font-weight: 400;\">Diese Lotion reduziert sichtbar die Cellulite, stimuliert die schnellere Verbrennung von subkutanem Fett, beseitigt hartn\u00e4ckige Cellulite, verbrennt unerw\u00fcnschte Fettzellen und verhindert die zuk\u00fcnftige Ansammlung von Fettgewebe und das Wiederauftreten von Cellulite.<\/span><\/p>\n<p><strong>EINFACH ZU BENUTZEN  <\/strong><\/p>\n<p><span style=\"font-weight: 400;\">Dieses Produkt ist f\u00fcr empfindliche Haut geeignet und leicht anzuwenden. Einfach mit kreisenden Bewegungen in die Haut einmassieren, bis die Lotion vollst\u00e4ndig eingezogen ist. Einmal t\u00e4glich auf den gesamten K\u00f6rper auftragen, mindestens drei Monate lang.<\/span><\/p>\n<p>&nbsp;<\/p>\n","protected":false},"excerpt":{"rendered":"<h4><span style=\"font-weight: 400;\">Schnell wirkende Anti-Cellulite-Behandlung, die das Erscheinungsbild der Haut sichtbar verbessert.<\/span><\/h4>\n","protected":false},"featured_media":5132,"template":"","meta":{"site-sidebar-layout":"default","site-content-layout":"default","ast-site-content-layout":"default","site-content-style":"default","site-sidebar-style":"default","ast-global-header-display":"","ast-banner-title-visibility":"","ast-main-header-display":"","ast-hfb-above-header-display":"","ast-hfb-below-header-display":"","ast-hfb-mobile-header-display":"","site-post-title":"","ast-breadcrumbs-content":"","ast-featured-img":"","footer-sml-layout":"","theme-transparent-header-meta":"default","adv-header-id-meta":"","stick-header-meta":"default","header-above-stick-meta":"","header-main-stick-meta":"","header-below-stick-meta":"","astra-migrate-meta-layouts":"default","ast-page-background-enabled":"default","ast-page-background-meta":{"desktop":{"background-color":"","background-image":"","background-repeat":"repeat","background-position":"center center","background-size":"auto","background-attachment":"scroll","background-type":"","background-media":"","overlay-type":"","overlay-color":"","overlay-opacity":"","overlay-gradient":""},"tablet":{"background-color":"","background-image":"","background-repeat":"repeat","background-position":"center center","background-size":"auto","background-attachment":"scroll","background-type":"","background-media":"","overlay-type":"","overlay-color":"","overlay-opacity":"","overlay-gradient":""},"mobile":{"background-color":"","background-image":"","background-repeat":"repeat","background-position":"center center","background-size":"auto","background-attachment":"scroll","background-type":"","background-media":"","overlay-type":"","overlay-color":"","overlay-opacity":"","overlay-gradient":""}},"ast-content-background-meta":{"desktop":{"background-color":"var(--ast-global-color-5)","background-image":"","background-repeat":"repeat","background-position":"center center","background-size":"auto","background-attachment":"scroll","background-type":"","background-media":"","overlay-type":"","overlay-color":"","overlay-opacity":"","overlay-gradient":""},"tablet":{"background-color":"var(--ast-global-color-5)","background-image":"","background-repeat":"repeat","background-position":"center center","background-size":"auto","background-attachment":"scroll","background-type":"","background-media":"","overlay-type":"","overlay-color":"","overlay-opacity":"","overlay-gradient":""},"mobile":{"background-color":"var(--ast-global-color-5)","background-image":"","background-repeat":"repeat","background-position":"center center","background-size":"auto","background-attachment":"scroll","background-type":"","background-media":"","overlay-type":"","overlay-color":"","overlay-opacity":"","overlay-gradient":""}}},"product_cat":[562,1215,582,526],"product_tag":[],"class_list":{"0":"post-6893","1":"product","2":"type-product","3":"status-publish","4":"has-post-thumbnail","6":"product_cat-dehnungsstreifen-und-cellulite","7":"product_cat-ernahrung","8":"product_cat-mineralien","9":"product_cat-naturliche-schonheit","10":"has-subscription-plans","11":"desktop-align-left","12":"tablet-align-left","13":"mobile-align-left","15":"first","16":"instock","17":"taxable","18":"shipping-taxable","19":"purchasable","20":"product-type-simple"},"yoast_head":"<!-- This site is optimized with the Yoast SEO plugin v22.7 - https:\/\/yoast.com\/wordpress\/plugins\/seo\/ -->\n<title>Anti-Cellulite- und Hautstraffungslotion - ges\u00e4ttigt mit nat\u00fcrlichen Fruchtextrakten f\u00fcr ein optimales Ergebnis. 50ml - JeaKen<\/title>\n<meta name=\"robots\" content=\"index, follow, max-snippet:-1, max-image-preview:large, max-video-preview:-1\" \/>\n<link rel=\"canonical\" href=\"https:\/\/jeaken.com\/de\/produkt\/anti-cellulite-und-hautstraffungslotion-gesaettigt-mit-natuerlichen-fruchtextrakten-fuer-ein-optimales-ergebnis-50ml\/\" \/>\n<meta property=\"og:locale\" content=\"de_DE\" \/>\n<meta property=\"og:type\" content=\"article\" \/>\n<meta property=\"og:title\" content=\"Anti-Cellulite- und Hautstraffungslotion - ges\u00e4ttigt mit nat\u00fcrlichen Fruchtextrakten f\u00fcr ein optimales Ergebnis. 50ml - JeaKen\" \/>\n<meta property=\"og:description\" content=\"Schnell wirkende Anti-Cellulite-Behandlung, die das Erscheinungsbild der Haut sichtbar verbessert.\" \/>\n<meta property=\"og:url\" content=\"https:\/\/jeaken.com\/de\/produkt\/anti-cellulite-und-hautstraffungslotion-gesaettigt-mit-natuerlichen-fruchtextrakten-fuer-ein-optimales-ergebnis-50ml\/\" \/>\n<meta property=\"og:site_name\" content=\"JeaKen\" \/>\n<meta property=\"article:modified_time\" content=\"2022-08-09T14:15:36+00:00\" \/>\n<meta property=\"og:image\" content=\"https:\/\/jeaken.com\/wp-content\/uploads\/2022\/07\/81xl-3cqTTL._AC_SL1500_.jpg\" \/>\n\t<meta property=\"og:image:width\" content=\"600\" \/>\n\t<meta property=\"og:image:height\" content=\"600\" \/>\n\t<meta property=\"og:image:type\" content=\"image\/jpeg\" \/>\n<meta name=\"twitter:card\" content=\"summary_large_image\" \/>\n<meta name=\"twitter:label1\" content=\"Est. reading time\" \/>\n\t<meta name=\"twitter:data1\" content=\"1 minute\" \/>\n<script type=\"application\/ld+json\" class=\"yoast-schema-graph\">{\"@context\":\"https:\/\/schema.org\",\"@graph\":[{\"@type\":\"WebPage\",\"@id\":\"https:\/\/jeaken.com\/de\/produkt\/anti-cellulite-und-hautstraffungslotion-gesaettigt-mit-natuerlichen-fruchtextrakten-fuer-ein-optimales-ergebnis-50ml\/\",\"url\":\"https:\/\/jeaken.com\/de\/produkt\/anti-cellulite-und-hautstraffungslotion-gesaettigt-mit-natuerlichen-fruchtextrakten-fuer-ein-optimales-ergebnis-50ml\/\",\"name\":\"Anti-Cellulite- und Hautstraffungslotion - ges\u00e4ttigt mit nat\u00fcrlichen Fruchtextrakten f\u00fcr ein optimales Ergebnis. 50ml - JeaKen\",\"isPartOf\":{\"@id\":\"https:\/\/jeaken.com\/de\/#website\"},\"primaryImageOfPage\":{\"@id\":\"https:\/\/jeaken.com\/de\/produkt\/anti-cellulite-und-hautstraffungslotion-gesaettigt-mit-natuerlichen-fruchtextrakten-fuer-ein-optimales-ergebnis-50ml\/#primaryimage\"},\"image\":{\"@id\":\"https:\/\/jeaken.com\/de\/produkt\/anti-cellulite-und-hautstraffungslotion-gesaettigt-mit-natuerlichen-fruchtextrakten-fuer-ein-optimales-ergebnis-50ml\/#primaryimage\"},\"thumbnailUrl\":\"https:\/\/jeaken.com\/wp-content\/uploads\/2022\/07\/81xl-3cqTTL._AC_SL1500_.jpg\",\"datePublished\":\"2022-07-21T18:18:22+00:00\",\"dateModified\":\"2022-08-09T14:15:36+00:00\",\"breadcrumb\":{\"@id\":\"https:\/\/jeaken.com\/de\/produkt\/anti-cellulite-und-hautstraffungslotion-gesaettigt-mit-natuerlichen-fruchtextrakten-fuer-ein-optimales-ergebnis-50ml\/#breadcrumb\"},\"inLanguage\":\"de-DE\",\"potentialAction\":[{\"@type\":\"ReadAction\",\"target\":[\"https:\/\/jeaken.com\/de\/produkt\/anti-cellulite-und-hautstraffungslotion-gesaettigt-mit-natuerlichen-fruchtextrakten-fuer-ein-optimales-ergebnis-50ml\/\"]}]},{\"@type\":\"ImageObject\",\"inLanguage\":\"de-DE\",\"@id\":\"https:\/\/jeaken.com\/de\/produkt\/anti-cellulite-und-hautstraffungslotion-gesaettigt-mit-natuerlichen-fruchtextrakten-fuer-ein-optimales-ergebnis-50ml\/#primaryimage\",\"url\":\"https:\/\/jeaken.com\/wp-content\/uploads\/2022\/07\/81xl-3cqTTL._AC_SL1500_.jpg\",\"contentUrl\":\"https:\/\/jeaken.com\/wp-content\/uploads\/2022\/07\/81xl-3cqTTL._AC_SL1500_.jpg\",\"width\":600,\"height\":600,\"caption\":\"Anti-Cellulite and Skin Firming Lotion\"},{\"@type\":\"BreadcrumbList\",\"@id\":\"https:\/\/jeaken.com\/de\/produkt\/anti-cellulite-und-hautstraffungslotion-gesaettigt-mit-natuerlichen-fruchtextrakten-fuer-ein-optimales-ergebnis-50ml\/#breadcrumb\",\"itemListElement\":[{\"@type\":\"ListItem\",\"position\":1,\"name\":\"Home\",\"item\":\"https:\/\/jeaken.com\/de\/\"},{\"@type\":\"ListItem\",\"position\":2,\"name\":\"Private: Shop\",\"item\":\"https:\/\/jeaken.com\/shop\/\"},{\"@type\":\"ListItem\",\"position\":3,\"name\":\"Anti-Cellulite- und Hautstraffungslotion &#8211; ges\u00e4ttigt mit nat\u00fcrlichen Fruchtextrakten f\u00fcr ein optimales Ergebnis. 50ml\"}]},{\"@type\":\"WebSite\",\"@id\":\"https:\/\/jeaken.com\/de\/#website\",\"url\":\"https:\/\/jeaken.com\/de\/\",\"name\":\"JeaKen\",\"description\":\"Organic Supplements for Health, Fitness and Nutrition\",\"publisher\":{\"@id\":\"https:\/\/jeaken.com\/de\/#organization\"},\"potentialAction\":[{\"@type\":\"SearchAction\",\"target\":{\"@type\":\"EntryPoint\",\"urlTemplate\":\"https:\/\/jeaken.com\/de\/?s={search_term_string}\"},\"query-input\":\"required name=search_term_string\"}],\"inLanguage\":\"de-DE\"},{\"@type\":\"Organization\",\"@id\":\"https:\/\/jeaken.com\/de\/#organization\",\"name\":\"JeaKen\",\"url\":\"https:\/\/jeaken.com\/de\/\",\"logo\":{\"@type\":\"ImageObject\",\"inLanguage\":\"de-DE\",\"@id\":\"https:\/\/jeaken.com\/de\/#\/schema\/logo\/image\/\",\"url\":\"https:\/\/jeaken.com\/wp-content\/uploads\/2022\/06\/jeaken-logo-23.png\",\"contentUrl\":\"https:\/\/jeaken.com\/wp-content\/uploads\/2022\/06\/jeaken-logo-23.png\",\"width\":2486,\"height\":736,\"caption\":\"JeaKen\"},\"image\":{\"@id\":\"https:\/\/jeaken.com\/de\/#\/schema\/logo\/image\/\"}}]}<\/script>\n<!-- \/ Yoast SEO plugin. -->","yoast_head_json":{"title":"Anti-Cellulite- und Hautstraffungslotion - ges\u00e4ttigt mit nat\u00fcrlichen Fruchtextrakten f\u00fcr ein optimales Ergebnis. 50ml - JeaKen","robots":{"index":"index","follow":"follow","max-snippet":"max-snippet:-1","max-image-preview":"max-image-preview:large","max-video-preview":"max-video-preview:-1"},"canonical":"https:\/\/jeaken.com\/de\/produkt\/anti-cellulite-und-hautstraffungslotion-gesaettigt-mit-natuerlichen-fruchtextrakten-fuer-ein-optimales-ergebnis-50ml\/","og_locale":"de_DE","og_type":"article","og_title":"Anti-Cellulite- und Hautstraffungslotion - ges\u00e4ttigt mit nat\u00fcrlichen Fruchtextrakten f\u00fcr ein optimales Ergebnis. 50ml - JeaKen","og_description":"Schnell wirkende Anti-Cellulite-Behandlung, die das Erscheinungsbild der Haut sichtbar verbessert.","og_url":"https:\/\/jeaken.com\/de\/produkt\/anti-cellulite-und-hautstraffungslotion-gesaettigt-mit-natuerlichen-fruchtextrakten-fuer-ein-optimales-ergebnis-50ml\/","og_site_name":"JeaKen","article_modified_time":"2022-08-09T14:15:36+00:00","og_image":[{"width":600,"height":600,"url":"https:\/\/jeaken.com\/wp-content\/uploads\/2022\/07\/81xl-3cqTTL._AC_SL1500_.jpg","type":"image\/jpeg"}],"twitter_card":"summary_large_image","twitter_misc":{"Est. reading time":"1 minute"},"schema":{"@context":"https:\/\/schema.org","@graph":[{"@type":"WebPage","@id":"https:\/\/jeaken.com\/de\/produkt\/anti-cellulite-und-hautstraffungslotion-gesaettigt-mit-natuerlichen-fruchtextrakten-fuer-ein-optimales-ergebnis-50ml\/","url":"https:\/\/jeaken.com\/de\/produkt\/anti-cellulite-und-hautstraffungslotion-gesaettigt-mit-natuerlichen-fruchtextrakten-fuer-ein-optimales-ergebnis-50ml\/","name":"Anti-Cellulite- und Hautstraffungslotion - ges\u00e4ttigt mit nat\u00fcrlichen Fruchtextrakten f\u00fcr ein optimales Ergebnis. 50ml - JeaKen","isPartOf":{"@id":"https:\/\/jeaken.com\/de\/#website"},"primaryImageOfPage":{"@id":"https:\/\/jeaken.com\/de\/produkt\/anti-cellulite-und-hautstraffungslotion-gesaettigt-mit-natuerlichen-fruchtextrakten-fuer-ein-optimales-ergebnis-50ml\/#primaryimage"},"image":{"@id":"https:\/\/jeaken.com\/de\/produkt\/anti-cellulite-und-hautstraffungslotion-gesaettigt-mit-natuerlichen-fruchtextrakten-fuer-ein-optimales-ergebnis-50ml\/#primaryimage"},"thumbnailUrl":"https:\/\/jeaken.com\/wp-content\/uploads\/2022\/07\/81xl-3cqTTL._AC_SL1500_.jpg","datePublished":"2022-07-21T18:18:22+00:00","dateModified":"2022-08-09T14:15:36+00:00","breadcrumb":{"@id":"https:\/\/jeaken.com\/de\/produkt\/anti-cellulite-und-hautstraffungslotion-gesaettigt-mit-natuerlichen-fruchtextrakten-fuer-ein-optimales-ergebnis-50ml\/#breadcrumb"},"inLanguage":"de-DE","potentialAction":[{"@type":"ReadAction","target":["https:\/\/jeaken.com\/de\/produkt\/anti-cellulite-und-hautstraffungslotion-gesaettigt-mit-natuerlichen-fruchtextrakten-fuer-ein-optimales-ergebnis-50ml\/"]}]},{"@type":"ImageObject","inLanguage":"de-DE","@id":"https:\/\/jeaken.com\/de\/produkt\/anti-cellulite-und-hautstraffungslotion-gesaettigt-mit-natuerlichen-fruchtextrakten-fuer-ein-optimales-ergebnis-50ml\/#primaryimage","url":"https:\/\/jeaken.com\/wp-content\/uploads\/2022\/07\/81xl-3cqTTL._AC_SL1500_.jpg","contentUrl":"https:\/\/jeaken.com\/wp-content\/uploads\/2022\/07\/81xl-3cqTTL._AC_SL1500_.jpg","width":600,"height":600,"caption":"Anti-Cellulite and Skin Firming Lotion"},{"@type":"BreadcrumbList","@id":"https:\/\/jeaken.com\/de\/produkt\/anti-cellulite-und-hautstraffungslotion-gesaettigt-mit-natuerlichen-fruchtextrakten-fuer-ein-optimales-ergebnis-50ml\/#breadcrumb","itemListElement":[{"@type":"ListItem","position":1,"name":"Home","item":"https:\/\/jeaken.com\/de\/"},{"@type":"ListItem","position":2,"name":"Private: Shop","item":"https:\/\/jeaken.com\/shop\/"},{"@type":"ListItem","position":3,"name":"Anti-Cellulite- und Hautstraffungslotion &#8211; ges\u00e4ttigt mit nat\u00fcrlichen Fruchtextrakten f\u00fcr ein optimales Ergebnis. 50ml"}]},{"@type":"WebSite","@id":"https:\/\/jeaken.com\/de\/#website","url":"https:\/\/jeaken.com\/de\/","name":"JeaKen","description":"Organic Supplements for Health, Fitness and Nutrition","publisher":{"@id":"https:\/\/jeaken.com\/de\/#organization"},"potentialAction":[{"@type":"SearchAction","target":{"@type":"EntryPoint","urlTemplate":"https:\/\/jeaken.com\/de\/?s={search_term_string}"},"query-input":"required name=search_term_string"}],"inLanguage":"de-DE"},{"@type":"Organization","@id":"https:\/\/jeaken.com\/de\/#organization","name":"JeaKen","url":"https:\/\/jeaken.com\/de\/","logo":{"@type":"ImageObject","inLanguage":"de-DE","@id":"https:\/\/jeaken.com\/de\/#\/schema\/logo\/image\/","url":"https:\/\/jeaken.com\/wp-content\/uploads\/2022\/06\/jeaken-logo-23.png","contentUrl":"https:\/\/jeaken.com\/wp-content\/uploads\/2022\/06\/jeaken-logo-23.png","width":2486,"height":736,"caption":"JeaKen"},"image":{"@id":"https:\/\/jeaken.com\/de\/#\/schema\/logo\/image\/"}}]}},"jetpack_sharing_enabled":true,"_links":{"self":[{"href":"https:\/\/jeaken.com\/de\/wp-json\/wp\/v2\/product\/6893","targetHints":{"allow":["GET"]}}],"collection":[{"href":"https:\/\/jeaken.com\/de\/wp-json\/wp\/v2\/product"}],"about":[{"href":"https:\/\/jeaken.com\/de\/wp-json\/wp\/v2\/types\/product"}],"wp:featuredmedia":[{"embeddable":true,"href":"https:\/\/jeaken.com\/de\/wp-json\/wp\/v2\/media\/5132"}],"wp:attachment":[{"href":"https:\/\/jeaken.com\/de\/wp-json\/wp\/v2\/media?parent=6893"}],"wp:term":[{"taxonomy":"product_cat","embeddable":true,"href":"https:\/\/jeaken.com\/de\/wp-json\/wp\/v2\/product_cat?post=6893"},{"taxonomy":"product_tag","embeddable":true,"href":"https:\/\/jeaken.com\/de\/wp-json\/wp\/v2\/product_tag?post=6893"}],"curies":[{"name":"wp","href":"https:\/\/api.w.org\/{rel}","templated":true}]}}