{"id":6891,"date":"2022-07-21T19:18:16","date_gmt":"2022-07-21T18:18:16","guid":{"rendered":"https:\/1658920591610?product=hochwirksames-aloe-retinal-face-serum-natuerliche-anti-falten-creme-in-premium-qualitaet-50ml"},"modified":"2022-08-09T15:14:53","modified_gmt":"2022-08-09T14:14:53","slug":"hochwirksames-aloe-retinal-face-serum-natuerliche-anti-falten-creme-in-premium-qualitaet-50ml","status":"publish","type":"product","link":"https:\/\/jeaken.com\/de\/produkt\/hochwirksames-aloe-retinal-face-serum-natuerliche-anti-falten-creme-in-premium-qualitaet-50ml\/","title":{"rendered":"Hochwirksames Aloe Retinal Face Serum &#8211; Nat\u00fcrliche Anti-Falten-Creme in Premium-Qualit\u00e4t (50ml)"},"content":{"rendered":"<ul class=\"a-unordered-list a-vertical a-spacing-none\">\n<li><span class=\"a-list-item\">\u2705 FORTGESCHRITTENE ANTI-AGING FORMEL &#8211; Das JeaKen Retinol-Gesichtsserum, ein undurchsichtiges Gel, enth\u00e4lt Passionsfrucht- und Gr\u00fcntee-Extrakte f\u00fcr zus\u00e4tzliche Anti-Aging-Eigenschaften bei trockener, fahler oder m\u00fcder Haut, hilft, feine Linien zu beseitigen und gl\u00e4ttet Falten &#8211; das ultimative Anti-Aging-Retinol-Serum!<\/span><\/li>\n<li><span class=\"a-list-item\">LIFT AND BRIGHTEN THE SKIN &#8211; Sind Sie es leid, Gesichtsserum ohne Ergebnis auszuprobieren? Holen Sie sich das Aloe-Retinol-Gesichtsserum von JeaKen und lassen Sie sich \u00fcberraschen, wie anders Ihre Haut innerhalb weniger Tage nach der Anwendung aussehen wird. Diese nat\u00fcrliche Formel mit Frucht- und Pflanzenextrakten strafft und hellt die Haut auf.<\/span><\/li>\n<li><span class=\"a-list-item\">REINER AKTIVER RETINOLSCHUTZ &#8211; Unser hochwirksames Retinol-Serum f\u00fcr das Gesicht enth\u00e4lt Avocado\u00f6l, eine reichhaltige Quelle f\u00fcr Retinol und Beta-Carotin, sowie Argan\u00f6l, das die Haut mit wichtigen N\u00e4hrstoffen versorgt und so Falten vorbeugt. Das Retinol-Gesichtsserum wirkt auf einer extremen Ebene, um die Haut zu reparieren und das Kollagen zu stimulieren, was zu einer festeren, glatteren und faltenfreien Haut f\u00fchrt.<\/span><\/li>\n<li><span class=\"a-list-item\">\u2705 NAT\u00dcRLICHE INHALTSSTOFFE &#8211; unser Retinol-Serum ist frei von Parabenen und Alkohol. Die Wirkstoffe in unserem Serum arbeiten in Synergie mit Ihrer Haut. Dieses wirksame Retinol-Gesichtsserum, das aus nat\u00fcrlichen Inhaltsstoffen besteht und mit den teuersten Anti-Aging-Seren der gro\u00dfen Marken konkurriert, bringt die Sch\u00f6nheit auf nat\u00fcrliche Weise zur Geltung.<\/span><\/li>\n<li><span class=\"a-list-item\">\u2705 ZUFRIEDENHEITSGARANTIE &#8211; Wir sind so zuversichtlich, dass Sie unser hochwirksames Retinol-Serum f\u00fcr das Gesicht lieben werden, dass wir Ihnen Ihr Geld zur\u00fcckerstatten, wenn Sie nicht vollkommen zufrieden sind.<\/span><\/li>\n<\/ul>\n","protected":false},"excerpt":{"rendered":"<p><strong>  ALOE RETINOL FACIAL SERUM von JeaKen &#8230;<\/strong><\/p>\n<p><strong>M\u00f6chten Sie Ihre Haut straffen und aufhellen, Falten und Hautalterung vorbeugen?<\/strong><\/p>\n<p>Dann suchen Sie nicht weiter &#8211; ALOE RETINOL FACIAL SERUM von JeaKen ist perfekt f\u00fcr Sie!<\/p>\n<p><strong>  Warum ALOE RETINOL FACIAL SERUM von JeaKen w\u00e4hlen?<\/strong><\/p>\n<p>Unsere Formeln sind v\u00f6llig einzigartig. Das Retinol-Serum hilft Ihrer Haut, alte, abgestorbene Zellen durch neue, frische zu ersetzen, um Ihrem Gesicht ein jugendliches Aussehen zu verleihen. Jeaken Retinol Skin Serum ist eine wirkungsvolle Kombination aus einigen der besten Anti-Aging-Inhaltsstoffe, die der Wissenschaft bekannt sind.<\/p>\n<p>Wir haben mit gro\u00dfer Sorgfalt nat\u00fcrliche Formeln entwickelt, indem wir jeden pflanzlichen Wirkstoff nach seinem gezielten Nutzen f\u00fcr die Haut ausgew\u00e4hlt haben. Diese einzigartige und kunstvoll hergestellte Kombination von Zutaten ist nirgendwo sonst erh\u00e4ltlich.<\/p>\n<p><strong>SCHL\u00dcSSELVORTEILE:<\/strong><\/p>\n<ul>\n<li>Lifting und Aufhellung der Haut<\/li>\n<li>Verbessert die Elastizit\u00e4t und Struktur der Haut, indem es die Feuchtigkeit sichert.<\/li>\n<li>Erweicht, hellt auf und verbessert den gesamten Teint.<\/li>\n<li>Erh\u00f6hung des Zellumsatzes und der Kollagenproduktion Verbesserung des Hauttons.<\/li>\n<li>Verbessern Sie das Erscheinungsbild von feinen Linien und F\u00e4ltchen.<\/li>\n<\/ul>\n<p><strong>GEBRAUCHSANWEISUNG<\/strong><\/p>\n<p>Das Gesicht leicht mit einem warmen, feuchten Handtuch abwischen. Tupfen Sie das Produkt sanft auf die gereinigte Haut und verteilen Sie es, bis es vollst\u00e4ndig eingezogen ist. Nach dem Auftragen mit den Fingerspitzen sanft auf das Gesicht klopfen, damit das Serum bis in die tiefsten Hautschichten eindringen kann.<\/p>\n<p><strong>JETZT KAUFEN  <\/strong><\/p>\n<p><strong>Klicken Sie jetzt auf &#8220;IN DEN WARENKORB&#8221;, solange der Vorrat reicht!<\/strong><\/p>\n","protected":false},"featured_media":3467,"template":"","meta":{"site-sidebar-layout":"default","site-content-layout":"default","ast-site-content-layout":"default","site-content-style":"default","site-sidebar-style":"default","ast-global-header-display":"","ast-banner-title-visibility":"","ast-main-header-display":"","ast-hfb-above-header-display":"","ast-hfb-below-header-display":"","ast-hfb-mobile-header-display":"","site-post-title":"","ast-breadcrumbs-content":"","ast-featured-img":"","footer-sml-layout":"","theme-transparent-header-meta":"default","adv-header-id-meta":"","stick-header-meta":"default","header-above-stick-meta":"","header-main-stick-meta":"","header-below-stick-meta":"","astra-migrate-meta-layouts":"default","ast-page-background-enabled":"default","ast-page-background-meta":{"desktop":{"background-color":"","background-image":"","background-repeat":"repeat","background-position":"center center","background-size":"auto","background-attachment":"scroll","background-type":"","background-media":"","overlay-type":"","overlay-color":"","overlay-opacity":"","overlay-gradient":""},"tablet":{"background-color":"","background-image":"","background-repeat":"repeat","background-position":"center center","background-size":"auto","background-attachment":"scroll","background-type":"","background-media":"","overlay-type":"","overlay-color":"","overlay-opacity":"","overlay-gradient":""},"mobile":{"background-color":"","background-image":"","background-repeat":"repeat","background-position":"center center","background-size":"auto","background-attachment":"scroll","background-type":"","background-media":"","overlay-type":"","overlay-color":"","overlay-opacity":"","overlay-gradient":""}},"ast-content-background-meta":{"desktop":{"background-color":"var(--ast-global-color-5)","background-image":"","background-repeat":"repeat","background-position":"center center","background-size":"auto","background-attachment":"scroll","background-type":"","background-media":"","overlay-type":"","overlay-color":"","overlay-opacity":"","overlay-gradient":""},"tablet":{"background-color":"var(--ast-global-color-5)","background-image":"","background-repeat":"repeat","background-position":"center center","background-size":"auto","background-attachment":"scroll","background-type":"","background-media":"","overlay-type":"","overlay-color":"","overlay-opacity":"","overlay-gradient":""},"mobile":{"background-color":"var(--ast-global-color-5)","background-image":"","background-repeat":"repeat","background-position":"center center","background-size":"auto","background-attachment":"scroll","background-type":"","background-media":"","overlay-type":"","overlay-color":"","overlay-opacity":"","overlay-gradient":""}}},"product_cat":[527,1189,526],"product_tag":[1190,1192,1195,1206,1205,1201,1197,1198,1203,1204,1207,1208],"class_list":{"0":"post-6891","1":"product","2":"type-product","3":"status-publish","4":"has-post-thumbnail","6":"product_cat-anti-aging-de","7":"product_cat-hautpflege","8":"product_cat-naturliche-schonheit","9":"product_tag-aknebehandlung","10":"product_tag-anti-falten","11":"product_tag-anti-falten-creme","12":"product_tag-das-gewohnliche-retinol","13":"product_tag-hautaufhellungscreme-fur-dunkle-haut","14":"product_tag-retinol-gesichtsserum","15":"product_tag-retinol-creme","16":"product_tag-retinol-creme-gesicht","17":"product_tag-retinol-serum-de","18":"product_tag-retinol-serum-mit-hoher-wirksamkeit-fur-das-gesicht","19":"product_tag-tretinoin-creme","20":"product_tag-vitamin-e-ol-fur-das-gesicht","21":"has-subscription-plans","22":"desktop-align-left","23":"tablet-align-left","24":"mobile-align-left","26":"first","27":"onbackorder","28":"taxable","29":"shipping-taxable","30":"purchasable","31":"product-type-simple"},"yoast_head":"<!-- This site is optimized with the Yoast SEO plugin v22.7 - https:\/\/yoast.com\/wordpress\/plugins\/seo\/ -->\n<title>Hochwirksames Aloe Retinal Face Serum - Nat\u00fcrliche Anti-Falten-Creme in Premium-Qualit\u00e4t (50ml) - JeaKen<\/title>\n<meta name=\"robots\" content=\"index, follow, max-snippet:-1, max-image-preview:large, max-video-preview:-1\" \/>\n<link rel=\"canonical\" href=\"https:\/\/jeaken.com\/de\/produkt\/hochwirksames-aloe-retinal-face-serum-natuerliche-anti-falten-creme-in-premium-qualitaet-50ml\/\" \/>\n<meta property=\"og:locale\" content=\"de_DE\" \/>\n<meta property=\"og:type\" content=\"article\" \/>\n<meta property=\"og:title\" content=\"Hochwirksames Aloe Retinal Face Serum - Nat\u00fcrliche Anti-Falten-Creme in Premium-Qualit\u00e4t (50ml) - JeaKen\" \/>\n<meta property=\"og:description\" content=\"ALOE RETINOL FACIAL SERUM von JeaKen ... M\u00f6chten Sie Ihre Haut straffen und aufhellen, Falten und Hautalterung vorbeugen? Dann suchen Sie nicht weiter - ALOE RETINOL FACIAL SERUM von JeaKen ist perfekt f\u00fcr Sie!  Warum ALOE RETINOL FACIAL SERUM von JeaKen w\u00e4hlen? Unsere Formeln sind v\u00f6llig einzigartig. Das Retinol-Serum hilft Ihrer Haut, alte, abgestorbene Zellen durch neue, frische zu ersetzen, um Ihrem Gesicht ein jugendliches Aussehen zu verleihen. Jeaken Retinol Skin Serum ist eine wirkungsvolle Kombination aus einigen der besten Anti-Aging-Inhaltsstoffe, die der Wissenschaft bekannt sind. Wir haben mit gro\u00dfer Sorgfalt nat\u00fcrliche Formeln entwickelt, indem wir jeden pflanzlichen Wirkstoff nach seinem gezielten Nutzen f\u00fcr die Haut ausgew\u00e4hlt haben. Diese einzigartige und kunstvoll hergestellte Kombination von Zutaten ist nirgendwo sonst erh\u00e4ltlich. SCHL\u00dcSSELVORTEILE:  Lifting und Aufhellung der Haut  Verbessert die Elastizit\u00e4t und Struktur der Haut, indem es die Feuchtigkeit sichert.  Erweicht, hellt auf und verbessert den gesamten Teint.  Erh\u00f6hung des Zellumsatzes und der Kollagenproduktion Verbesserung des Hauttons.  Verbessern Sie das Erscheinungsbild von feinen Linien und F\u00e4ltchen. GEBRAUCHSANWEISUNG Das Gesicht leicht mit einem warmen, feuchten Handtuch abwischen. Tupfen Sie das Produkt sanft auf die gereinigte Haut und verteilen Sie es, bis es vollst\u00e4ndig eingezogen ist. Nach dem Auftragen mit den Fingerspitzen sanft auf das Gesicht klopfen, damit das Serum bis in die tiefsten Hautschichten eindringen kann. JETZT KAUFEN  Klicken Sie jetzt auf &quot;IN DEN WARENKORB&quot;, solange der Vorrat reicht!\" \/>\n<meta property=\"og:url\" content=\"https:\/\/jeaken.com\/de\/produkt\/hochwirksames-aloe-retinal-face-serum-natuerliche-anti-falten-creme-in-premium-qualitaet-50ml\/\" \/>\n<meta property=\"og:site_name\" content=\"JeaKen\" \/>\n<meta property=\"article:modified_time\" content=\"2022-08-09T14:14:53+00:00\" \/>\n<meta property=\"og:image\" content=\"https:\/\/jeaken.com\/wp-content\/uploads\/2022\/07\/61g28VXACL._AC_SL1500_.jpg\" \/>\n\t<meta property=\"og:image:width\" content=\"600\" \/>\n\t<meta property=\"og:image:height\" content=\"600\" \/>\n\t<meta property=\"og:image:type\" content=\"image\/jpeg\" \/>\n<meta name=\"twitter:card\" content=\"summary_large_image\" \/>\n<meta name=\"twitter:label1\" content=\"Est. reading time\" \/>\n\t<meta name=\"twitter:data1\" content=\"1 minute\" \/>\n<script type=\"application\/ld+json\" class=\"yoast-schema-graph\">{\"@context\":\"https:\/\/schema.org\",\"@graph\":[{\"@type\":\"WebPage\",\"@id\":\"https:\/\/jeaken.com\/de\/produkt\/hochwirksames-aloe-retinal-face-serum-natuerliche-anti-falten-creme-in-premium-qualitaet-50ml\/\",\"url\":\"https:\/\/jeaken.com\/de\/produkt\/hochwirksames-aloe-retinal-face-serum-natuerliche-anti-falten-creme-in-premium-qualitaet-50ml\/\",\"name\":\"Hochwirksames Aloe Retinal Face Serum - Nat\u00fcrliche Anti-Falten-Creme in Premium-Qualit\u00e4t (50ml) - JeaKen\",\"isPartOf\":{\"@id\":\"https:\/\/jeaken.com\/de\/#website\"},\"primaryImageOfPage\":{\"@id\":\"https:\/\/jeaken.com\/de\/produkt\/hochwirksames-aloe-retinal-face-serum-natuerliche-anti-falten-creme-in-premium-qualitaet-50ml\/#primaryimage\"},\"image\":{\"@id\":\"https:\/\/jeaken.com\/de\/produkt\/hochwirksames-aloe-retinal-face-serum-natuerliche-anti-falten-creme-in-premium-qualitaet-50ml\/#primaryimage\"},\"thumbnailUrl\":\"https:\/\/jeaken.com\/wp-content\/uploads\/2022\/07\/61g28VXACL._AC_SL1500_.jpg\",\"datePublished\":\"2022-07-21T18:18:16+00:00\",\"dateModified\":\"2022-08-09T14:14:53+00:00\",\"breadcrumb\":{\"@id\":\"https:\/\/jeaken.com\/de\/produkt\/hochwirksames-aloe-retinal-face-serum-natuerliche-anti-falten-creme-in-premium-qualitaet-50ml\/#breadcrumb\"},\"inLanguage\":\"de-DE\",\"potentialAction\":[{\"@type\":\"ReadAction\",\"target\":[\"https:\/\/jeaken.com\/de\/produkt\/hochwirksames-aloe-retinal-face-serum-natuerliche-anti-falten-creme-in-premium-qualitaet-50ml\/\"]}]},{\"@type\":\"ImageObject\",\"inLanguage\":\"de-DE\",\"@id\":\"https:\/\/jeaken.com\/de\/produkt\/hochwirksames-aloe-retinal-face-serum-natuerliche-anti-falten-creme-in-premium-qualitaet-50ml\/#primaryimage\",\"url\":\"https:\/\/jeaken.com\/wp-content\/uploads\/2022\/07\/61g28VXACL._AC_SL1500_.jpg\",\"contentUrl\":\"https:\/\/jeaken.com\/wp-content\/uploads\/2022\/07\/61g28VXACL._AC_SL1500_.jpg\",\"width\":600,\"height\":600,\"caption\":\"High-Strength Aloe Retinol Face Serum - Premium Quality Natural Anti-Wrinkle Cream\"},{\"@type\":\"BreadcrumbList\",\"@id\":\"https:\/\/jeaken.com\/de\/produkt\/hochwirksames-aloe-retinal-face-serum-natuerliche-anti-falten-creme-in-premium-qualitaet-50ml\/#breadcrumb\",\"itemListElement\":[{\"@type\":\"ListItem\",\"position\":1,\"name\":\"Home\",\"item\":\"https:\/\/jeaken.com\/de\/\"},{\"@type\":\"ListItem\",\"position\":2,\"name\":\"Private: Shop\",\"item\":\"https:\/\/jeaken.com\/shop\/\"},{\"@type\":\"ListItem\",\"position\":3,\"name\":\"Hochwirksames Aloe Retinal Face Serum &#8211; Nat\u00fcrliche Anti-Falten-Creme in Premium-Qualit\u00e4t (50ml)\"}]},{\"@type\":\"WebSite\",\"@id\":\"https:\/\/jeaken.com\/de\/#website\",\"url\":\"https:\/\/jeaken.com\/de\/\",\"name\":\"JeaKen\",\"description\":\"Organic Supplements for Health, Fitness and Nutrition\",\"publisher\":{\"@id\":\"https:\/\/jeaken.com\/de\/#organization\"},\"potentialAction\":[{\"@type\":\"SearchAction\",\"target\":{\"@type\":\"EntryPoint\",\"urlTemplate\":\"https:\/\/jeaken.com\/de\/?s={search_term_string}\"},\"query-input\":\"required name=search_term_string\"}],\"inLanguage\":\"de-DE\"},{\"@type\":\"Organization\",\"@id\":\"https:\/\/jeaken.com\/de\/#organization\",\"name\":\"JeaKen\",\"url\":\"https:\/\/jeaken.com\/de\/\",\"logo\":{\"@type\":\"ImageObject\",\"inLanguage\":\"de-DE\",\"@id\":\"https:\/\/jeaken.com\/de\/#\/schema\/logo\/image\/\",\"url\":\"https:\/\/jeaken.com\/wp-content\/uploads\/2022\/06\/jeaken-logo-23.png\",\"contentUrl\":\"https:\/\/jeaken.com\/wp-content\/uploads\/2022\/06\/jeaken-logo-23.png\",\"width\":2486,\"height\":736,\"caption\":\"JeaKen\"},\"image\":{\"@id\":\"https:\/\/jeaken.com\/de\/#\/schema\/logo\/image\/\"}}]}<\/script>\n<!-- \/ Yoast SEO plugin. -->","yoast_head_json":{"title":"Hochwirksames Aloe Retinal Face Serum - Nat\u00fcrliche Anti-Falten-Creme in Premium-Qualit\u00e4t (50ml) - JeaKen","robots":{"index":"index","follow":"follow","max-snippet":"max-snippet:-1","max-image-preview":"max-image-preview:large","max-video-preview":"max-video-preview:-1"},"canonical":"https:\/\/jeaken.com\/de\/produkt\/hochwirksames-aloe-retinal-face-serum-natuerliche-anti-falten-creme-in-premium-qualitaet-50ml\/","og_locale":"de_DE","og_type":"article","og_title":"Hochwirksames Aloe Retinal Face Serum - Nat\u00fcrliche Anti-Falten-Creme in Premium-Qualit\u00e4t (50ml) - JeaKen","og_description":"ALOE RETINOL FACIAL SERUM von JeaKen ... M\u00f6chten Sie Ihre Haut straffen und aufhellen, Falten und Hautalterung vorbeugen? Dann suchen Sie nicht weiter - ALOE RETINOL FACIAL SERUM von JeaKen ist perfekt f\u00fcr Sie!  Warum ALOE RETINOL FACIAL SERUM von JeaKen w\u00e4hlen? Unsere Formeln sind v\u00f6llig einzigartig. Das Retinol-Serum hilft Ihrer Haut, alte, abgestorbene Zellen durch neue, frische zu ersetzen, um Ihrem Gesicht ein jugendliches Aussehen zu verleihen. Jeaken Retinol Skin Serum ist eine wirkungsvolle Kombination aus einigen der besten Anti-Aging-Inhaltsstoffe, die der Wissenschaft bekannt sind. Wir haben mit gro\u00dfer Sorgfalt nat\u00fcrliche Formeln entwickelt, indem wir jeden pflanzlichen Wirkstoff nach seinem gezielten Nutzen f\u00fcr die Haut ausgew\u00e4hlt haben. Diese einzigartige und kunstvoll hergestellte Kombination von Zutaten ist nirgendwo sonst erh\u00e4ltlich. SCHL\u00dcSSELVORTEILE:  Lifting und Aufhellung der Haut  Verbessert die Elastizit\u00e4t und Struktur der Haut, indem es die Feuchtigkeit sichert.  Erweicht, hellt auf und verbessert den gesamten Teint.  Erh\u00f6hung des Zellumsatzes und der Kollagenproduktion Verbesserung des Hauttons.  Verbessern Sie das Erscheinungsbild von feinen Linien und F\u00e4ltchen. GEBRAUCHSANWEISUNG Das Gesicht leicht mit einem warmen, feuchten Handtuch abwischen. Tupfen Sie das Produkt sanft auf die gereinigte Haut und verteilen Sie es, bis es vollst\u00e4ndig eingezogen ist. Nach dem Auftragen mit den Fingerspitzen sanft auf das Gesicht klopfen, damit das Serum bis in die tiefsten Hautschichten eindringen kann. JETZT KAUFEN  Klicken Sie jetzt auf \"IN DEN WARENKORB\", solange der Vorrat reicht!","og_url":"https:\/\/jeaken.com\/de\/produkt\/hochwirksames-aloe-retinal-face-serum-natuerliche-anti-falten-creme-in-premium-qualitaet-50ml\/","og_site_name":"JeaKen","article_modified_time":"2022-08-09T14:14:53+00:00","og_image":[{"width":600,"height":600,"url":"https:\/\/jeaken.com\/wp-content\/uploads\/2022\/07\/61g28VXACL._AC_SL1500_.jpg","type":"image\/jpeg"}],"twitter_card":"summary_large_image","twitter_misc":{"Est. reading time":"1 minute"},"schema":{"@context":"https:\/\/schema.org","@graph":[{"@type":"WebPage","@id":"https:\/\/jeaken.com\/de\/produkt\/hochwirksames-aloe-retinal-face-serum-natuerliche-anti-falten-creme-in-premium-qualitaet-50ml\/","url":"https:\/\/jeaken.com\/de\/produkt\/hochwirksames-aloe-retinal-face-serum-natuerliche-anti-falten-creme-in-premium-qualitaet-50ml\/","name":"Hochwirksames Aloe Retinal Face Serum - Nat\u00fcrliche Anti-Falten-Creme in Premium-Qualit\u00e4t (50ml) - JeaKen","isPartOf":{"@id":"https:\/\/jeaken.com\/de\/#website"},"primaryImageOfPage":{"@id":"https:\/\/jeaken.com\/de\/produkt\/hochwirksames-aloe-retinal-face-serum-natuerliche-anti-falten-creme-in-premium-qualitaet-50ml\/#primaryimage"},"image":{"@id":"https:\/\/jeaken.com\/de\/produkt\/hochwirksames-aloe-retinal-face-serum-natuerliche-anti-falten-creme-in-premium-qualitaet-50ml\/#primaryimage"},"thumbnailUrl":"https:\/\/jeaken.com\/wp-content\/uploads\/2022\/07\/61g28VXACL._AC_SL1500_.jpg","datePublished":"2022-07-21T18:18:16+00:00","dateModified":"2022-08-09T14:14:53+00:00","breadcrumb":{"@id":"https:\/\/jeaken.com\/de\/produkt\/hochwirksames-aloe-retinal-face-serum-natuerliche-anti-falten-creme-in-premium-qualitaet-50ml\/#breadcrumb"},"inLanguage":"de-DE","potentialAction":[{"@type":"ReadAction","target":["https:\/\/jeaken.com\/de\/produkt\/hochwirksames-aloe-retinal-face-serum-natuerliche-anti-falten-creme-in-premium-qualitaet-50ml\/"]}]},{"@type":"ImageObject","inLanguage":"de-DE","@id":"https:\/\/jeaken.com\/de\/produkt\/hochwirksames-aloe-retinal-face-serum-natuerliche-anti-falten-creme-in-premium-qualitaet-50ml\/#primaryimage","url":"https:\/\/jeaken.com\/wp-content\/uploads\/2022\/07\/61g28VXACL._AC_SL1500_.jpg","contentUrl":"https:\/\/jeaken.com\/wp-content\/uploads\/2022\/07\/61g28VXACL._AC_SL1500_.jpg","width":600,"height":600,"caption":"High-Strength Aloe Retinol Face Serum - Premium Quality Natural Anti-Wrinkle Cream"},{"@type":"BreadcrumbList","@id":"https:\/\/jeaken.com\/de\/produkt\/hochwirksames-aloe-retinal-face-serum-natuerliche-anti-falten-creme-in-premium-qualitaet-50ml\/#breadcrumb","itemListElement":[{"@type":"ListItem","position":1,"name":"Home","item":"https:\/\/jeaken.com\/de\/"},{"@type":"ListItem","position":2,"name":"Private: Shop","item":"https:\/\/jeaken.com\/shop\/"},{"@type":"ListItem","position":3,"name":"Hochwirksames Aloe Retinal Face Serum &#8211; Nat\u00fcrliche Anti-Falten-Creme in Premium-Qualit\u00e4t (50ml)"}]},{"@type":"WebSite","@id":"https:\/\/jeaken.com\/de\/#website","url":"https:\/\/jeaken.com\/de\/","name":"JeaKen","description":"Organic Supplements for Health, Fitness and Nutrition","publisher":{"@id":"https:\/\/jeaken.com\/de\/#organization"},"potentialAction":[{"@type":"SearchAction","target":{"@type":"EntryPoint","urlTemplate":"https:\/\/jeaken.com\/de\/?s={search_term_string}"},"query-input":"required name=search_term_string"}],"inLanguage":"de-DE"},{"@type":"Organization","@id":"https:\/\/jeaken.com\/de\/#organization","name":"JeaKen","url":"https:\/\/jeaken.com\/de\/","logo":{"@type":"ImageObject","inLanguage":"de-DE","@id":"https:\/\/jeaken.com\/de\/#\/schema\/logo\/image\/","url":"https:\/\/jeaken.com\/wp-content\/uploads\/2022\/06\/jeaken-logo-23.png","contentUrl":"https:\/\/jeaken.com\/wp-content\/uploads\/2022\/06\/jeaken-logo-23.png","width":2486,"height":736,"caption":"JeaKen"},"image":{"@id":"https:\/\/jeaken.com\/de\/#\/schema\/logo\/image\/"}}]}},"jetpack_sharing_enabled":true,"_links":{"self":[{"href":"https:\/\/jeaken.com\/de\/wp-json\/wp\/v2\/product\/6891","targetHints":{"allow":["GET"]}}],"collection":[{"href":"https:\/\/jeaken.com\/de\/wp-json\/wp\/v2\/product"}],"about":[{"href":"https:\/\/jeaken.com\/de\/wp-json\/wp\/v2\/types\/product"}],"wp:featuredmedia":[{"embeddable":true,"href":"https:\/\/jeaken.com\/de\/wp-json\/wp\/v2\/media\/3467"}],"wp:attachment":[{"href":"https:\/\/jeaken.com\/de\/wp-json\/wp\/v2\/media?parent=6891"}],"wp:term":[{"taxonomy":"product_cat","embeddable":true,"href":"https:\/\/jeaken.com\/de\/wp-json\/wp\/v2\/product_cat?post=6891"},{"taxonomy":"product_tag","embeddable":true,"href":"https:\/\/jeaken.com\/de\/wp-json\/wp\/v2\/product_tag?post=6891"}],"curies":[{"name":"wp","href":"https:\/\/api.w.org\/{rel}","templated":true}]}}