{"id":6884,"date":"2022-07-21T19:18:16","date_gmt":"2022-07-21T18:18:16","guid":{"rendered":"https:\/1658920591610?product=pure-creatine-monohydrate-muskelaufbau-und-post-work-out-pulverergaenzung-500g"},"modified":"2022-08-09T15:14:46","modified_gmt":"2022-08-09T14:14:46","slug":"pure-creatine-monohydrate-muskelaufbau-und-post-work-out-pulverergaenzung-500g","status":"publish","type":"product","link":"https:\/\/jeaken.com\/de\/produkt\/pure-creatine-monohydrate-muskelaufbau-und-post-work-out-pulverergaenzung-500g\/","title":{"rendered":"Pure Creatine Monohydrate &#8211; Muskelaufbau und Post Work Out Pulvererg\u00e4nzung (500g)"},"content":{"rendered":"<p><span class=\"a-list-item\">\u2705 VERBESSERT DIE PHYSISCHE LEISTUNGSF\u00c4HIGKEIT &#8211; M\u00f6chten Sie Ihre Leistung beim Training steigern? Unser Kreatin-Monohydrat-Pulver steigert die k\u00f6rperliche Leistungsf\u00e4higkeit bei aufeinanderfolgenden, kurzzeitigen, hochintensiven Belastungen.<\/span><\/p>\n<p><span class=\"a-list-item\">\u2705 MUSKELERHOLUNG VOR DEM TRAINING &#8211; Kreatinpulver k\u00f6nnen f\u00fcr die Muskelerholung von Vorteil sein. Einigen Studien zufolge kann mikronisiertes Kreatin dazu beitragen, die Erholung der Muskeln und die Regeneration nach dem Training zu verbessern und so die Ergebnisse des Krafttrainings zu maximieren.<\/span><\/p>\n<p><span class=\"a-list-item\">\u2705 MUSKELWACHSTUM &#8211; JeaKen Kreatinpulver hat eine schnelle Absorption und Explosionskraft mit einer schnelleren Erholungszeit als jede Kreatin-Monohydrat-Kapsel oder Kreatin-Monohydrat-Tablette. Kann n\u00fctzlich sein, um den Wassergehalt der Muskeln zu erh\u00f6hen und so ihre Gr\u00f6\u00dfe zu steigern. Diese Erg\u00e4nzung kann seine Eigenschaften bei der Steigerung der Gr\u00f6\u00dfe der Muskelfasern zeigen.<\/span><\/p>\n<p><span class=\"a-list-item\">KONVENIENT &#8211; Unser Kreatin-Monohydrat-Pulver ist geschmacksneutral und l\u00e4sst sich leicht in Wasser, Fruchts\u00e4fte oder Shakes einr\u00fchren, ohne dass ein st\u00f6render Geschmack entsteht.<\/span><\/p>\n<p><span class=\"a-list-item\">\u2705 QUALIT\u00c4T, DER SIE VERTRAUEN K\u00d6NNEN &#8211; Das Kreatin-Monohydrat-Pulver von JeaKen ist f\u00fcr Veganer und Vegetarier geeignet. Alle Kreatinpulverprodukte von JeaKen werden in Gro\u00dfbritannien unter strengen GMP-Bedingungen hergestellt, den h\u00f6chsten Herstellungsstandards der Welt, im Gegensatz zu anderen importierten Marken, und werden mit einer 100%igen GELD-ZUR\u00dcCK-GARANTIE geliefert.<\/span><\/p>\n","protected":false},"excerpt":{"rendered":"<p><strong>  CREATINE MONOHYDRATE POWDER von JeaKen &#8230;<\/strong><\/p>\n<p><strong>M\u00f6chten Sie Ihr Muskelwachstum ankurbeln &#8211; das Volumen der Muskelzellen erh\u00f6hen?<\/strong><\/p>\n<p>Dann suchen Sie nicht weiter &#8211; CREATINE MONOHYDRATE POWDER von JeaKen ist perfekt f\u00fcr Sie!<\/p>\n<p><strong>Warum CREATINE MONOHYDRATE POWDER von JeaKen w\u00e4hlen?<\/strong><\/p>\n<p>Unser 100 % mikronisiertes Kreatinmonohydrat ist HPLC-getestet und auf seine Reinheit hin analysiert, au\u00dferdem ist es<\/p>\n<p>Dicyandiamid frei (DCD).<\/p>\n<p><strong>SCHL\u00dcSSELVORTEILE:<\/strong><\/p>\n<p>Kreatin Monohydrat 500g das Kreatinpulver f\u00fcr Muskelwachstum kann;<\/p>\n<p>* Erh\u00f6hung des Volumens der Muskelzellen.<\/p>\n<p>* Erh\u00f6hung der Explosivkraft.<\/p>\n<p>* Erh\u00f6hung der Ausdauer.<\/p>\n<p>* Erm\u00f6glicht eine schnellere Erholung.<\/p>\n<p><strong>VORGESCHLAGENE VERWENDUNG:<\/strong><\/p>\n<p>Kreatin-Monohydrat 5 g pro Portion: 20 g pro Tag f\u00fcr 5 Tage (4 x 5 g \u00fcber den Tag verteilt) oder 25 g pro Tag f\u00fcr 4 Tage (5 x 5 g \u00fcber den Tag verteilt).<\/p>\n<p><strong>ERHALTUNGSDOSIS:<\/strong><\/p>\n<p>5 g pro Tag (etwa ein leicht geh\u00e4ufter 5-ml-Teel\u00f6ffel). Nehmen Sie f\u00fcr etwa 7-10 Wochen mit<\/p>\n<p>zwei bis drei Wochen Pause, bevor sie wieder aufgeladen und beibehalten werden.<\/p>\n<p><strong>JETZT KAUFEN  <\/strong><\/p>\n<p><strong>Klicken Sie jetzt auf &#8220;IN DEN WARENKORB&#8221;, solange der Vorrat reicht!<\/strong><\/p>\n","protected":false},"featured_media":3418,"template":"","meta":{"site-sidebar-layout":"default","site-content-layout":"default","ast-site-content-layout":"default","site-content-style":"default","site-sidebar-style":"default","ast-global-header-display":"","ast-banner-title-visibility":"","ast-main-header-display":"","ast-hfb-above-header-display":"","ast-hfb-below-header-display":"","ast-hfb-mobile-header-display":"","site-post-title":"","ast-breadcrumbs-content":"","ast-featured-img":"","footer-sml-layout":"","theme-transparent-header-meta":"default","adv-header-id-meta":"","stick-header-meta":"default","header-above-stick-meta":"","header-main-stick-meta":"","header-below-stick-meta":"","astra-migrate-meta-layouts":"default","ast-page-background-enabled":"default","ast-page-background-meta":{"desktop":{"background-color":"","background-image":"","background-repeat":"repeat","background-position":"center center","background-size":"auto","background-attachment":"scroll","background-type":"","background-media":"","overlay-type":"","overlay-color":"","overlay-opacity":"","overlay-gradient":""},"tablet":{"background-color":"","background-image":"","background-repeat":"repeat","background-position":"center center","background-size":"auto","background-attachment":"scroll","background-type":"","background-media":"","overlay-type":"","overlay-color":"","overlay-opacity":"","overlay-gradient":""},"mobile":{"background-color":"","background-image":"","background-repeat":"repeat","background-position":"center center","background-size":"auto","background-attachment":"scroll","background-type":"","background-media":"","overlay-type":"","overlay-color":"","overlay-opacity":"","overlay-gradient":""}},"ast-content-background-meta":{"desktop":{"background-color":"var(--ast-global-color-5)","background-image":"","background-repeat":"repeat","background-position":"center center","background-size":"auto","background-attachment":"scroll","background-type":"","background-media":"","overlay-type":"","overlay-color":"","overlay-opacity":"","overlay-gradient":""},"tablet":{"background-color":"var(--ast-global-color-5)","background-image":"","background-repeat":"repeat","background-position":"center center","background-size":"auto","background-attachment":"scroll","background-type":"","background-media":"","overlay-type":"","overlay-color":"","overlay-opacity":"","overlay-gradient":""},"mobile":{"background-color":"var(--ast-global-color-5)","background-image":"","background-repeat":"repeat","background-position":"center center","background-size":"auto","background-attachment":"scroll","background-type":"","background-media":"","overlay-type":"","overlay-color":"","overlay-opacity":"","overlay-gradient":""}}},"product_cat":[524],"product_tag":[1089,1092,1097,1101,1105,1108,1115,1112,1117],"class_list":{"0":"post-6884","1":"product","2":"type-product","3":"status-publish","4":"has-post-thumbnail","6":"product_cat-sporternahrung","7":"product_tag-kreatin-kapsel","8":"product_tag-kreatin-kapseln","9":"product_tag-kreatin-monohydrat","10":"product_tag-kreatin-monohydrat-kapseln","11":"product_tag-kreatin-monohydrat-pulver","12":"product_tag-kreatin-monohydrat-tablette","13":"product_tag-kreatin-pulver","14":"product_tag-kreatinpulver","15":"product_tag-mikronisiertes-kreatin","16":"has-subscription-plans","17":"desktop-align-left","18":"tablet-align-left","19":"mobile-align-left","21":"first","22":"outofstock","23":"taxable","24":"shipping-taxable","25":"purchasable","26":"product-type-simple"},"yoast_head":"<!-- This site is optimized with the Yoast SEO plugin v22.7 - https:\/\/yoast.com\/wordpress\/plugins\/seo\/ -->\n<title>Pure Creatine Monohydrate - Muskelaufbau und Post Work Out Pulvererg\u00e4nzung (500g) - JeaKen<\/title>\n<meta name=\"robots\" content=\"index, follow, max-snippet:-1, max-image-preview:large, max-video-preview:-1\" \/>\n<link rel=\"canonical\" href=\"https:\/\/jeaken.com\/de\/produkt\/pure-creatine-monohydrate-muskelaufbau-und-post-work-out-pulverergaenzung-500g\/\" \/>\n<meta property=\"og:locale\" content=\"de_DE\" \/>\n<meta property=\"og:type\" content=\"article\" \/>\n<meta property=\"og:title\" content=\"Pure Creatine Monohydrate - Muskelaufbau und Post Work Out Pulvererg\u00e4nzung (500g) - JeaKen\" \/>\n<meta property=\"og:description\" content=\"CREATINE MONOHYDRATE POWDER von JeaKen ... M\u00f6chten Sie Ihr Muskelwachstum ankurbeln - das Volumen der Muskelzellen erh\u00f6hen? Dann suchen Sie nicht weiter - CREATINE MONOHYDRATE POWDER von JeaKen ist perfekt f\u00fcr Sie! Warum CREATINE MONOHYDRATE POWDER von JeaKen w\u00e4hlen? Unser 100 % mikronisiertes Kreatinmonohydrat ist HPLC-getestet und auf seine Reinheit hin analysiert, au\u00dferdem ist es Dicyandiamid frei (DCD). SCHL\u00dcSSELVORTEILE: Kreatin Monohydrat 500g das Kreatinpulver f\u00fcr Muskelwachstum kann; * Erh\u00f6hung des Volumens der Muskelzellen. * Erh\u00f6hung der Explosivkraft. * Erh\u00f6hung der Ausdauer. * Erm\u00f6glicht eine schnellere Erholung. VORGESCHLAGENE VERWENDUNG: Kreatin-Monohydrat 5 g pro Portion: 20 g pro Tag f\u00fcr 5 Tage (4 x 5 g \u00fcber den Tag verteilt) oder 25 g pro Tag f\u00fcr 4 Tage (5 x 5 g \u00fcber den Tag verteilt). ERHALTUNGSDOSIS: 5 g pro Tag (etwa ein leicht geh\u00e4ufter 5-ml-Teel\u00f6ffel). Nehmen Sie f\u00fcr etwa 7-10 Wochen mit zwei bis drei Wochen Pause, bevor sie wieder aufgeladen und beibehalten werden. JETZT KAUFEN  Klicken Sie jetzt auf &quot;IN DEN WARENKORB&quot;, solange der Vorrat reicht!\" \/>\n<meta property=\"og:url\" content=\"https:\/\/jeaken.com\/de\/produkt\/pure-creatine-monohydrate-muskelaufbau-und-post-work-out-pulverergaenzung-500g\/\" \/>\n<meta property=\"og:site_name\" content=\"JeaKen\" \/>\n<meta property=\"article:modified_time\" content=\"2022-08-09T14:14:46+00:00\" \/>\n<meta property=\"og:image\" content=\"https:\/\/jeaken.com\/wp-content\/uploads\/2022\/07\/71grcDW-M9L._AC_SL1500_-1.jpg\" \/>\n\t<meta property=\"og:image:width\" content=\"600\" \/>\n\t<meta property=\"og:image:height\" content=\"600\" \/>\n\t<meta property=\"og:image:type\" content=\"image\/jpeg\" \/>\n<meta name=\"twitter:card\" content=\"summary_large_image\" \/>\n<meta name=\"twitter:label1\" content=\"Est. reading time\" \/>\n\t<meta name=\"twitter:data1\" content=\"1 minute\" \/>\n<script type=\"application\/ld+json\" class=\"yoast-schema-graph\">{\"@context\":\"https:\/\/schema.org\",\"@graph\":[{\"@type\":\"WebPage\",\"@id\":\"https:\/\/jeaken.com\/de\/produkt\/pure-creatine-monohydrate-muskelaufbau-und-post-work-out-pulverergaenzung-500g\/\",\"url\":\"https:\/\/jeaken.com\/de\/produkt\/pure-creatine-monohydrate-muskelaufbau-und-post-work-out-pulverergaenzung-500g\/\",\"name\":\"Pure Creatine Monohydrate - Muskelaufbau und Post Work Out Pulvererg\u00e4nzung (500g) - JeaKen\",\"isPartOf\":{\"@id\":\"https:\/\/jeaken.com\/de\/#website\"},\"primaryImageOfPage\":{\"@id\":\"https:\/\/jeaken.com\/de\/produkt\/pure-creatine-monohydrate-muskelaufbau-und-post-work-out-pulverergaenzung-500g\/#primaryimage\"},\"image\":{\"@id\":\"https:\/\/jeaken.com\/de\/produkt\/pure-creatine-monohydrate-muskelaufbau-und-post-work-out-pulverergaenzung-500g\/#primaryimage\"},\"thumbnailUrl\":\"https:\/\/jeaken.com\/wp-content\/uploads\/2022\/07\/71grcDW-M9L._AC_SL1500_-1.jpg\",\"datePublished\":\"2022-07-21T18:18:16+00:00\",\"dateModified\":\"2022-08-09T14:14:46+00:00\",\"breadcrumb\":{\"@id\":\"https:\/\/jeaken.com\/de\/produkt\/pure-creatine-monohydrate-muskelaufbau-und-post-work-out-pulverergaenzung-500g\/#breadcrumb\"},\"inLanguage\":\"de-DE\",\"potentialAction\":[{\"@type\":\"ReadAction\",\"target\":[\"https:\/\/jeaken.com\/de\/produkt\/pure-creatine-monohydrate-muskelaufbau-und-post-work-out-pulverergaenzung-500g\/\"]}]},{\"@type\":\"ImageObject\",\"inLanguage\":\"de-DE\",\"@id\":\"https:\/\/jeaken.com\/de\/produkt\/pure-creatine-monohydrate-muskelaufbau-und-post-work-out-pulverergaenzung-500g\/#primaryimage\",\"url\":\"https:\/\/jeaken.com\/wp-content\/uploads\/2022\/07\/71grcDW-M9L._AC_SL1500_-1.jpg\",\"contentUrl\":\"https:\/\/jeaken.com\/wp-content\/uploads\/2022\/07\/71grcDW-M9L._AC_SL1500_-1.jpg\",\"width\":600,\"height\":600,\"caption\":\"Pure Creatine Monohydrate - Muscle Gainer and Post Work Out Powder Supplement\"},{\"@type\":\"BreadcrumbList\",\"@id\":\"https:\/\/jeaken.com\/de\/produkt\/pure-creatine-monohydrate-muskelaufbau-und-post-work-out-pulverergaenzung-500g\/#breadcrumb\",\"itemListElement\":[{\"@type\":\"ListItem\",\"position\":1,\"name\":\"Home\",\"item\":\"https:\/\/jeaken.com\/de\/\"},{\"@type\":\"ListItem\",\"position\":2,\"name\":\"Private: Shop\",\"item\":\"https:\/\/jeaken.com\/shop\/\"},{\"@type\":\"ListItem\",\"position\":3,\"name\":\"Pure Creatine Monohydrate &#8211; Muskelaufbau und Post Work Out Pulvererg\u00e4nzung (500g)\"}]},{\"@type\":\"WebSite\",\"@id\":\"https:\/\/jeaken.com\/de\/#website\",\"url\":\"https:\/\/jeaken.com\/de\/\",\"name\":\"JeaKen\",\"description\":\"Organic Supplements for Health, Fitness and Nutrition\",\"publisher\":{\"@id\":\"https:\/\/jeaken.com\/de\/#organization\"},\"potentialAction\":[{\"@type\":\"SearchAction\",\"target\":{\"@type\":\"EntryPoint\",\"urlTemplate\":\"https:\/\/jeaken.com\/de\/?s={search_term_string}\"},\"query-input\":\"required name=search_term_string\"}],\"inLanguage\":\"de-DE\"},{\"@type\":\"Organization\",\"@id\":\"https:\/\/jeaken.com\/de\/#organization\",\"name\":\"JeaKen\",\"url\":\"https:\/\/jeaken.com\/de\/\",\"logo\":{\"@type\":\"ImageObject\",\"inLanguage\":\"de-DE\",\"@id\":\"https:\/\/jeaken.com\/de\/#\/schema\/logo\/image\/\",\"url\":\"https:\/\/jeaken.com\/wp-content\/uploads\/2022\/06\/jeaken-logo-23.png\",\"contentUrl\":\"https:\/\/jeaken.com\/wp-content\/uploads\/2022\/06\/jeaken-logo-23.png\",\"width\":2486,\"height\":736,\"caption\":\"JeaKen\"},\"image\":{\"@id\":\"https:\/\/jeaken.com\/de\/#\/schema\/logo\/image\/\"}}]}<\/script>\n<!-- \/ Yoast SEO plugin. -->","yoast_head_json":{"title":"Pure Creatine Monohydrate - Muskelaufbau und Post Work Out Pulvererg\u00e4nzung (500g) - JeaKen","robots":{"index":"index","follow":"follow","max-snippet":"max-snippet:-1","max-image-preview":"max-image-preview:large","max-video-preview":"max-video-preview:-1"},"canonical":"https:\/\/jeaken.com\/de\/produkt\/pure-creatine-monohydrate-muskelaufbau-und-post-work-out-pulverergaenzung-500g\/","og_locale":"de_DE","og_type":"article","og_title":"Pure Creatine Monohydrate - Muskelaufbau und Post Work Out Pulvererg\u00e4nzung (500g) - JeaKen","og_description":"CREATINE MONOHYDRATE POWDER von JeaKen ... M\u00f6chten Sie Ihr Muskelwachstum ankurbeln - das Volumen der Muskelzellen erh\u00f6hen? Dann suchen Sie nicht weiter - CREATINE MONOHYDRATE POWDER von JeaKen ist perfekt f\u00fcr Sie! Warum CREATINE MONOHYDRATE POWDER von JeaKen w\u00e4hlen? Unser 100 % mikronisiertes Kreatinmonohydrat ist HPLC-getestet und auf seine Reinheit hin analysiert, au\u00dferdem ist es Dicyandiamid frei (DCD). SCHL\u00dcSSELVORTEILE: Kreatin Monohydrat 500g das Kreatinpulver f\u00fcr Muskelwachstum kann; * Erh\u00f6hung des Volumens der Muskelzellen. * Erh\u00f6hung der Explosivkraft. * Erh\u00f6hung der Ausdauer. * Erm\u00f6glicht eine schnellere Erholung. VORGESCHLAGENE VERWENDUNG: Kreatin-Monohydrat 5 g pro Portion: 20 g pro Tag f\u00fcr 5 Tage (4 x 5 g \u00fcber den Tag verteilt) oder 25 g pro Tag f\u00fcr 4 Tage (5 x 5 g \u00fcber den Tag verteilt). ERHALTUNGSDOSIS: 5 g pro Tag (etwa ein leicht geh\u00e4ufter 5-ml-Teel\u00f6ffel). Nehmen Sie f\u00fcr etwa 7-10 Wochen mit zwei bis drei Wochen Pause, bevor sie wieder aufgeladen und beibehalten werden. JETZT KAUFEN  Klicken Sie jetzt auf \"IN DEN WARENKORB\", solange der Vorrat reicht!","og_url":"https:\/\/jeaken.com\/de\/produkt\/pure-creatine-monohydrate-muskelaufbau-und-post-work-out-pulverergaenzung-500g\/","og_site_name":"JeaKen","article_modified_time":"2022-08-09T14:14:46+00:00","og_image":[{"width":600,"height":600,"url":"https:\/\/jeaken.com\/wp-content\/uploads\/2022\/07\/71grcDW-M9L._AC_SL1500_-1.jpg","type":"image\/jpeg"}],"twitter_card":"summary_large_image","twitter_misc":{"Est. reading time":"1 minute"},"schema":{"@context":"https:\/\/schema.org","@graph":[{"@type":"WebPage","@id":"https:\/\/jeaken.com\/de\/produkt\/pure-creatine-monohydrate-muskelaufbau-und-post-work-out-pulverergaenzung-500g\/","url":"https:\/\/jeaken.com\/de\/produkt\/pure-creatine-monohydrate-muskelaufbau-und-post-work-out-pulverergaenzung-500g\/","name":"Pure Creatine Monohydrate - Muskelaufbau und Post Work Out Pulvererg\u00e4nzung (500g) - JeaKen","isPartOf":{"@id":"https:\/\/jeaken.com\/de\/#website"},"primaryImageOfPage":{"@id":"https:\/\/jeaken.com\/de\/produkt\/pure-creatine-monohydrate-muskelaufbau-und-post-work-out-pulverergaenzung-500g\/#primaryimage"},"image":{"@id":"https:\/\/jeaken.com\/de\/produkt\/pure-creatine-monohydrate-muskelaufbau-und-post-work-out-pulverergaenzung-500g\/#primaryimage"},"thumbnailUrl":"https:\/\/jeaken.com\/wp-content\/uploads\/2022\/07\/71grcDW-M9L._AC_SL1500_-1.jpg","datePublished":"2022-07-21T18:18:16+00:00","dateModified":"2022-08-09T14:14:46+00:00","breadcrumb":{"@id":"https:\/\/jeaken.com\/de\/produkt\/pure-creatine-monohydrate-muskelaufbau-und-post-work-out-pulverergaenzung-500g\/#breadcrumb"},"inLanguage":"de-DE","potentialAction":[{"@type":"ReadAction","target":["https:\/\/jeaken.com\/de\/produkt\/pure-creatine-monohydrate-muskelaufbau-und-post-work-out-pulverergaenzung-500g\/"]}]},{"@type":"ImageObject","inLanguage":"de-DE","@id":"https:\/\/jeaken.com\/de\/produkt\/pure-creatine-monohydrate-muskelaufbau-und-post-work-out-pulverergaenzung-500g\/#primaryimage","url":"https:\/\/jeaken.com\/wp-content\/uploads\/2022\/07\/71grcDW-M9L._AC_SL1500_-1.jpg","contentUrl":"https:\/\/jeaken.com\/wp-content\/uploads\/2022\/07\/71grcDW-M9L._AC_SL1500_-1.jpg","width":600,"height":600,"caption":"Pure Creatine Monohydrate - Muscle Gainer and Post Work Out Powder Supplement"},{"@type":"BreadcrumbList","@id":"https:\/\/jeaken.com\/de\/produkt\/pure-creatine-monohydrate-muskelaufbau-und-post-work-out-pulverergaenzung-500g\/#breadcrumb","itemListElement":[{"@type":"ListItem","position":1,"name":"Home","item":"https:\/\/jeaken.com\/de\/"},{"@type":"ListItem","position":2,"name":"Private: Shop","item":"https:\/\/jeaken.com\/shop\/"},{"@type":"ListItem","position":3,"name":"Pure Creatine Monohydrate &#8211; Muskelaufbau und Post Work Out Pulvererg\u00e4nzung (500g)"}]},{"@type":"WebSite","@id":"https:\/\/jeaken.com\/de\/#website","url":"https:\/\/jeaken.com\/de\/","name":"JeaKen","description":"Organic Supplements for Health, Fitness and Nutrition","publisher":{"@id":"https:\/\/jeaken.com\/de\/#organization"},"potentialAction":[{"@type":"SearchAction","target":{"@type":"EntryPoint","urlTemplate":"https:\/\/jeaken.com\/de\/?s={search_term_string}"},"query-input":"required name=search_term_string"}],"inLanguage":"de-DE"},{"@type":"Organization","@id":"https:\/\/jeaken.com\/de\/#organization","name":"JeaKen","url":"https:\/\/jeaken.com\/de\/","logo":{"@type":"ImageObject","inLanguage":"de-DE","@id":"https:\/\/jeaken.com\/de\/#\/schema\/logo\/image\/","url":"https:\/\/jeaken.com\/wp-content\/uploads\/2022\/06\/jeaken-logo-23.png","contentUrl":"https:\/\/jeaken.com\/wp-content\/uploads\/2022\/06\/jeaken-logo-23.png","width":2486,"height":736,"caption":"JeaKen"},"image":{"@id":"https:\/\/jeaken.com\/de\/#\/schema\/logo\/image\/"}}]}},"jetpack_sharing_enabled":true,"_links":{"self":[{"href":"https:\/\/jeaken.com\/de\/wp-json\/wp\/v2\/product\/6884","targetHints":{"allow":["GET"]}}],"collection":[{"href":"https:\/\/jeaken.com\/de\/wp-json\/wp\/v2\/product"}],"about":[{"href":"https:\/\/jeaken.com\/de\/wp-json\/wp\/v2\/types\/product"}],"wp:featuredmedia":[{"embeddable":true,"href":"https:\/\/jeaken.com\/de\/wp-json\/wp\/v2\/media\/3418"}],"wp:attachment":[{"href":"https:\/\/jeaken.com\/de\/wp-json\/wp\/v2\/media?parent=6884"}],"wp:term":[{"taxonomy":"product_cat","embeddable":true,"href":"https:\/\/jeaken.com\/de\/wp-json\/wp\/v2\/product_cat?post=6884"},{"taxonomy":"product_tag","embeddable":true,"href":"https:\/\/jeaken.com\/de\/wp-json\/wp\/v2\/product_tag?post=6884"}],"curies":[{"name":"wp","href":"https:\/\/api.w.org\/{rel}","templated":true}]}}