{"id":6883,"date":"2022-07-21T19:18:16","date_gmt":"2022-07-21T18:18:16","guid":{"rendered":"https:\/1658920591610?product=l-glutamin-kapseln-500mg-fuer-muskelaufbau-und-erholung-120-kapseln"},"modified":"2022-08-09T15:14:46","modified_gmt":"2022-08-09T14:14:46","slug":"l-glutamin-kapseln-500mg-fuer-muskelaufbau-und-erholung-120-kapseln","status":"publish","type":"product","link":"https:\/\/jeaken.com\/de\/produkt\/l-glutamin-kapseln-500mg-fuer-muskelaufbau-und-erholung-120-kapseln\/","title":{"rendered":"L-Glutamin-Kapseln (500mg) &#8211; F\u00fcr Muskelaufbau und Erholung (120 Kapseln)"},"content":{"rendered":"<p><strong><span class=\"a-list-item\">LEBENSWICHTIGE AMINOS\u00c4URE, DIE JEDER MUSKEL BEN\u00d6TIGT  <\/span><\/strong><\/p>\n<p><span class=\"a-list-item\">  L-Glutamin ist eine lebenswichtige Aminos\u00e4ure, die von jedem Muskel im K\u00f6rper ben\u00f6tigt wird, und ist einer der wichtigsten Bausteine bei der Bildung von Proteinen, die die zellul\u00e4re Gesundheit und die Gewebereparatur aufrechterhalten. Glutamin ist in unterschiedlichen Mengen in den meisten Fleisch- und Fischsorten sowie in geringem Ma\u00dfe auch in Gem\u00fcse und H\u00fclsenfr\u00fcchten enthalten.<\/span><\/p>\n<p><strong><span class=\"a-list-item\">VERHINDERT DEN MUSKELABBAU UND F\u00d6RDERT DIE ERHOLUNG DER MUSKELN  <\/span><\/strong><\/p>\n<p><span class=\"a-list-item\">  F\u00fcr alle, die an hochintensiven Trainingsprogrammen f\u00fcr Hypertrophie teilnehmen, k\u00f6nnen L-Glutamin-Kapseln oder L-Glutamin-Pulver eine n\u00fctzliche Erg\u00e4nzung sein. L-Glutamin ist die im menschlichen K\u00f6rper am h\u00e4ufigsten vorkommende Aminos\u00e4ure, die die Muskelbelastung und -erholung sowie die Gesundheit des Magen-Darm-Trakts f\u00f6rdert.<\/span><\/p>\n<p><strong><span class=\"a-list-item\">STIMULIERT DIE HORMONPRODUKTION  <\/span><\/strong><\/p>\n<p><span class=\"a-list-item\">  Eine Glutaminerg\u00e4nzung unterst\u00fctzt die Proteinsynthese und die Glykogenproduktion. Bei sportlicher Bet\u00e4tigung wird Glutamin aufgrund seiner starken Beteiligung an zahlreichen Reaktionen schnell aus den Muskeln verbraucht. Die Zufuhr von Glutamin ist wichtig, um diese Verringerungen auszugleichen und ein f\u00fcr die Muskelentwicklung optimales Umfeld zu schaffen.<\/span><\/p>\n<p><strong><span class=\"a-list-item\">ST\u00c4RKT DAS IMMUNSYSTEM  <\/span><\/strong><\/p>\n<p><span class=\"a-list-item\">Glutamin spielt eine Rolle bei der Teilung von Immunzellen. Es bewahrt das Muskelgewebe und unterst\u00fctzt die Immunfunktion in Zeiten der Belastung des Immunsystems und der Muskulatur.<\/span><\/p>\n<p>&nbsp;<\/p>\n","protected":false},"excerpt":{"rendered":"<h4><b>Eine wirksame Erg\u00e4nzung f\u00fcr Athleten, die ein hochintensives Training absolvieren.<\/b><\/h4>\n<p>&nbsp;<\/p>\n<p>&nbsp;<\/p>\n","protected":false},"featured_media":16039,"template":"","meta":{"site-sidebar-layout":"default","site-content-layout":"default","ast-site-content-layout":"default","site-content-style":"default","site-sidebar-style":"default","ast-global-header-display":"","ast-banner-title-visibility":"","ast-main-header-display":"","ast-hfb-above-header-display":"","ast-hfb-below-header-display":"","ast-hfb-mobile-header-display":"","site-post-title":"","ast-breadcrumbs-content":"","ast-featured-img":"","footer-sml-layout":"","theme-transparent-header-meta":"default","adv-header-id-meta":"","stick-header-meta":"default","header-above-stick-meta":"","header-main-stick-meta":"","header-below-stick-meta":"","astra-migrate-meta-layouts":"default","ast-page-background-enabled":"default","ast-page-background-meta":{"desktop":{"background-color":"","background-image":"","background-repeat":"repeat","background-position":"center center","background-size":"auto","background-attachment":"scroll","background-type":"","background-media":"","overlay-type":"","overlay-color":"","overlay-opacity":"","overlay-gradient":""},"tablet":{"background-color":"","background-image":"","background-repeat":"repeat","background-position":"center center","background-size":"auto","background-attachment":"scroll","background-type":"","background-media":"","overlay-type":"","overlay-color":"","overlay-opacity":"","overlay-gradient":""},"mobile":{"background-color":"","background-image":"","background-repeat":"repeat","background-position":"center center","background-size":"auto","background-attachment":"scroll","background-type":"","background-media":"","overlay-type":"","overlay-color":"","overlay-opacity":"","overlay-gradient":""}},"ast-content-background-meta":{"desktop":{"background-color":"var(--ast-global-color-5)","background-image":"","background-repeat":"repeat","background-position":"center center","background-size":"auto","background-attachment":"scroll","background-type":"","background-media":"","overlay-type":"","overlay-color":"","overlay-opacity":"","overlay-gradient":""},"tablet":{"background-color":"var(--ast-global-color-5)","background-image":"","background-repeat":"repeat","background-position":"center center","background-size":"auto","background-attachment":"scroll","background-type":"","background-media":"","overlay-type":"","overlay-color":"","overlay-opacity":"","overlay-gradient":""},"mobile":{"background-color":"var(--ast-global-color-5)","background-image":"","background-repeat":"repeat","background-position":"center center","background-size":"auto","background-attachment":"scroll","background-type":"","background-media":"","overlay-type":"","overlay-color":"","overlay-opacity":"","overlay-gradient":""}}},"product_cat":[626,524,498],"product_tag":[1084,1078,1082,1080,1073,1076,1088,1093,1096,1100,1104,1109],"class_list":{"0":"post-6883","1":"product","2":"type-product","3":"status-publish","4":"has-post-thumbnail","6":"product_cat-muskelaufbau","7":"product_cat-sporternahrung","8":"product_cat-stimmung-wohlbefinden","9":"product_tag-aminoenergie","10":"product_tag-aminosauren-kapseln","11":"product_tag-aminosaurenerganzungen","12":"product_tag-aminosaurenpulver","13":"product_tag-aminosaurepulver","14":"product_tag-aminosauretabletten","15":"product_tag-essentielle-aminosaure","16":"product_tag-glutamin-tabletten","17":"product_tag-l-glutamin-kapseln-mg","18":"product_tag-l-glutamin-kapseln","19":"product_tag-l-glutamin-pulver","20":"product_tag-muskeltabletten","21":"has-subscription-plans","22":"desktop-align-left","23":"tablet-align-left","24":"mobile-align-left","26":"first","27":"instock","28":"taxable","29":"shipping-taxable","30":"purchasable","31":"product-type-simple"},"yoast_head":"<!-- This site is optimized with the Yoast SEO plugin v22.7 - https:\/\/yoast.com\/wordpress\/plugins\/seo\/ -->\n<title>L-Glutamin-Kapseln (500mg) - F\u00fcr Muskelaufbau und Erholung (120 Kapseln) - JeaKen<\/title>\n<meta name=\"robots\" content=\"index, follow, max-snippet:-1, max-image-preview:large, max-video-preview:-1\" \/>\n<link rel=\"canonical\" href=\"https:\/\/jeaken.com\/de\/produkt\/l-glutamin-kapseln-500mg-fuer-muskelaufbau-und-erholung-120-kapseln\/\" \/>\n<meta property=\"og:locale\" content=\"de_DE\" \/>\n<meta property=\"og:type\" content=\"article\" \/>\n<meta property=\"og:title\" content=\"L-Glutamin-Kapseln (500mg) - F\u00fcr Muskelaufbau und Erholung (120 Kapseln) - JeaKen\" \/>\n<meta property=\"og:description\" content=\"Eine wirksame Erg\u00e4nzung f\u00fcr Athleten, die ein hochintensives Training absolvieren. &nbsp; &nbsp;\" \/>\n<meta property=\"og:url\" content=\"https:\/\/jeaken.com\/de\/produkt\/l-glutamin-kapseln-500mg-fuer-muskelaufbau-und-erholung-120-kapseln\/\" \/>\n<meta property=\"og:site_name\" content=\"JeaKen\" \/>\n<meta property=\"article:modified_time\" content=\"2022-08-09T14:14:46+00:00\" \/>\n<meta property=\"og:image\" content=\"https:\/\/jeaken.com\/wp-content\/uploads\/2022\/07\/L-Glutamine.jpg\" \/>\n\t<meta property=\"og:image:width\" content=\"512\" \/>\n\t<meta property=\"og:image:height\" content=\"600\" \/>\n\t<meta property=\"og:image:type\" content=\"image\/jpeg\" \/>\n<meta name=\"twitter:card\" content=\"summary_large_image\" \/>\n<meta name=\"twitter:label1\" content=\"Est. reading time\" \/>\n\t<meta name=\"twitter:data1\" content=\"1 minute\" \/>\n<script type=\"application\/ld+json\" class=\"yoast-schema-graph\">{\"@context\":\"https:\/\/schema.org\",\"@graph\":[{\"@type\":\"WebPage\",\"@id\":\"https:\/\/jeaken.com\/de\/produkt\/l-glutamin-kapseln-500mg-fuer-muskelaufbau-und-erholung-120-kapseln\/\",\"url\":\"https:\/\/jeaken.com\/de\/produkt\/l-glutamin-kapseln-500mg-fuer-muskelaufbau-und-erholung-120-kapseln\/\",\"name\":\"L-Glutamin-Kapseln (500mg) - F\u00fcr Muskelaufbau und Erholung (120 Kapseln) - JeaKen\",\"isPartOf\":{\"@id\":\"https:\/\/jeaken.com\/de\/#website\"},\"primaryImageOfPage\":{\"@id\":\"https:\/\/jeaken.com\/de\/produkt\/l-glutamin-kapseln-500mg-fuer-muskelaufbau-und-erholung-120-kapseln\/#primaryimage\"},\"image\":{\"@id\":\"https:\/\/jeaken.com\/de\/produkt\/l-glutamin-kapseln-500mg-fuer-muskelaufbau-und-erholung-120-kapseln\/#primaryimage\"},\"thumbnailUrl\":\"https:\/\/jeaken.com\/wp-content\/uploads\/2022\/07\/L-Glutamine.jpg\",\"datePublished\":\"2022-07-21T18:18:16+00:00\",\"dateModified\":\"2022-08-09T14:14:46+00:00\",\"breadcrumb\":{\"@id\":\"https:\/\/jeaken.com\/de\/produkt\/l-glutamin-kapseln-500mg-fuer-muskelaufbau-und-erholung-120-kapseln\/#breadcrumb\"},\"inLanguage\":\"de-DE\",\"potentialAction\":[{\"@type\":\"ReadAction\",\"target\":[\"https:\/\/jeaken.com\/de\/produkt\/l-glutamin-kapseln-500mg-fuer-muskelaufbau-und-erholung-120-kapseln\/\"]}]},{\"@type\":\"ImageObject\",\"inLanguage\":\"de-DE\",\"@id\":\"https:\/\/jeaken.com\/de\/produkt\/l-glutamin-kapseln-500mg-fuer-muskelaufbau-und-erholung-120-kapseln\/#primaryimage\",\"url\":\"https:\/\/jeaken.com\/wp-content\/uploads\/2022\/07\/L-Glutamine.jpg\",\"contentUrl\":\"https:\/\/jeaken.com\/wp-content\/uploads\/2022\/07\/L-Glutamine.jpg\",\"width\":512,\"height\":600,\"caption\":\"L-Glutamine Capsules (500mg) \u2013 For Muscle Generation and Recovery (120 Capsules)\"},{\"@type\":\"BreadcrumbList\",\"@id\":\"https:\/\/jeaken.com\/de\/produkt\/l-glutamin-kapseln-500mg-fuer-muskelaufbau-und-erholung-120-kapseln\/#breadcrumb\",\"itemListElement\":[{\"@type\":\"ListItem\",\"position\":1,\"name\":\"Home\",\"item\":\"https:\/\/jeaken.com\/de\/\"},{\"@type\":\"ListItem\",\"position\":2,\"name\":\"Private: Shop\",\"item\":\"https:\/\/jeaken.com\/shop\/\"},{\"@type\":\"ListItem\",\"position\":3,\"name\":\"L-Glutamin-Kapseln (500mg) &#8211; F\u00fcr Muskelaufbau und Erholung (120 Kapseln)\"}]},{\"@type\":\"WebSite\",\"@id\":\"https:\/\/jeaken.com\/de\/#website\",\"url\":\"https:\/\/jeaken.com\/de\/\",\"name\":\"JeaKen\",\"description\":\"Organic Supplements for Health, Fitness and Nutrition\",\"publisher\":{\"@id\":\"https:\/\/jeaken.com\/de\/#organization\"},\"potentialAction\":[{\"@type\":\"SearchAction\",\"target\":{\"@type\":\"EntryPoint\",\"urlTemplate\":\"https:\/\/jeaken.com\/de\/?s={search_term_string}\"},\"query-input\":\"required name=search_term_string\"}],\"inLanguage\":\"de-DE\"},{\"@type\":\"Organization\",\"@id\":\"https:\/\/jeaken.com\/de\/#organization\",\"name\":\"JeaKen\",\"url\":\"https:\/\/jeaken.com\/de\/\",\"logo\":{\"@type\":\"ImageObject\",\"inLanguage\":\"de-DE\",\"@id\":\"https:\/\/jeaken.com\/de\/#\/schema\/logo\/image\/\",\"url\":\"https:\/\/jeaken.com\/wp-content\/uploads\/2022\/06\/jeaken-logo-23.png\",\"contentUrl\":\"https:\/\/jeaken.com\/wp-content\/uploads\/2022\/06\/jeaken-logo-23.png\",\"width\":2486,\"height\":736,\"caption\":\"JeaKen\"},\"image\":{\"@id\":\"https:\/\/jeaken.com\/de\/#\/schema\/logo\/image\/\"}}]}<\/script>\n<!-- \/ Yoast SEO plugin. -->","yoast_head_json":{"title":"L-Glutamin-Kapseln (500mg) - F\u00fcr Muskelaufbau und Erholung (120 Kapseln) - JeaKen","robots":{"index":"index","follow":"follow","max-snippet":"max-snippet:-1","max-image-preview":"max-image-preview:large","max-video-preview":"max-video-preview:-1"},"canonical":"https:\/\/jeaken.com\/de\/produkt\/l-glutamin-kapseln-500mg-fuer-muskelaufbau-und-erholung-120-kapseln\/","og_locale":"de_DE","og_type":"article","og_title":"L-Glutamin-Kapseln (500mg) - F\u00fcr Muskelaufbau und Erholung (120 Kapseln) - JeaKen","og_description":"Eine wirksame Erg\u00e4nzung f\u00fcr Athleten, die ein hochintensives Training absolvieren. &nbsp; &nbsp;","og_url":"https:\/\/jeaken.com\/de\/produkt\/l-glutamin-kapseln-500mg-fuer-muskelaufbau-und-erholung-120-kapseln\/","og_site_name":"JeaKen","article_modified_time":"2022-08-09T14:14:46+00:00","og_image":[{"width":512,"height":600,"url":"https:\/\/jeaken.com\/wp-content\/uploads\/2022\/07\/L-Glutamine.jpg","type":"image\/jpeg"}],"twitter_card":"summary_large_image","twitter_misc":{"Est. reading time":"1 minute"},"schema":{"@context":"https:\/\/schema.org","@graph":[{"@type":"WebPage","@id":"https:\/\/jeaken.com\/de\/produkt\/l-glutamin-kapseln-500mg-fuer-muskelaufbau-und-erholung-120-kapseln\/","url":"https:\/\/jeaken.com\/de\/produkt\/l-glutamin-kapseln-500mg-fuer-muskelaufbau-und-erholung-120-kapseln\/","name":"L-Glutamin-Kapseln (500mg) - F\u00fcr Muskelaufbau und Erholung (120 Kapseln) - JeaKen","isPartOf":{"@id":"https:\/\/jeaken.com\/de\/#website"},"primaryImageOfPage":{"@id":"https:\/\/jeaken.com\/de\/produkt\/l-glutamin-kapseln-500mg-fuer-muskelaufbau-und-erholung-120-kapseln\/#primaryimage"},"image":{"@id":"https:\/\/jeaken.com\/de\/produkt\/l-glutamin-kapseln-500mg-fuer-muskelaufbau-und-erholung-120-kapseln\/#primaryimage"},"thumbnailUrl":"https:\/\/jeaken.com\/wp-content\/uploads\/2022\/07\/L-Glutamine.jpg","datePublished":"2022-07-21T18:18:16+00:00","dateModified":"2022-08-09T14:14:46+00:00","breadcrumb":{"@id":"https:\/\/jeaken.com\/de\/produkt\/l-glutamin-kapseln-500mg-fuer-muskelaufbau-und-erholung-120-kapseln\/#breadcrumb"},"inLanguage":"de-DE","potentialAction":[{"@type":"ReadAction","target":["https:\/\/jeaken.com\/de\/produkt\/l-glutamin-kapseln-500mg-fuer-muskelaufbau-und-erholung-120-kapseln\/"]}]},{"@type":"ImageObject","inLanguage":"de-DE","@id":"https:\/\/jeaken.com\/de\/produkt\/l-glutamin-kapseln-500mg-fuer-muskelaufbau-und-erholung-120-kapseln\/#primaryimage","url":"https:\/\/jeaken.com\/wp-content\/uploads\/2022\/07\/L-Glutamine.jpg","contentUrl":"https:\/\/jeaken.com\/wp-content\/uploads\/2022\/07\/L-Glutamine.jpg","width":512,"height":600,"caption":"L-Glutamine Capsules (500mg) \u2013 For Muscle Generation and Recovery (120 Capsules)"},{"@type":"BreadcrumbList","@id":"https:\/\/jeaken.com\/de\/produkt\/l-glutamin-kapseln-500mg-fuer-muskelaufbau-und-erholung-120-kapseln\/#breadcrumb","itemListElement":[{"@type":"ListItem","position":1,"name":"Home","item":"https:\/\/jeaken.com\/de\/"},{"@type":"ListItem","position":2,"name":"Private: Shop","item":"https:\/\/jeaken.com\/shop\/"},{"@type":"ListItem","position":3,"name":"L-Glutamin-Kapseln (500mg) &#8211; F\u00fcr Muskelaufbau und Erholung (120 Kapseln)"}]},{"@type":"WebSite","@id":"https:\/\/jeaken.com\/de\/#website","url":"https:\/\/jeaken.com\/de\/","name":"JeaKen","description":"Organic Supplements for Health, Fitness and Nutrition","publisher":{"@id":"https:\/\/jeaken.com\/de\/#organization"},"potentialAction":[{"@type":"SearchAction","target":{"@type":"EntryPoint","urlTemplate":"https:\/\/jeaken.com\/de\/?s={search_term_string}"},"query-input":"required name=search_term_string"}],"inLanguage":"de-DE"},{"@type":"Organization","@id":"https:\/\/jeaken.com\/de\/#organization","name":"JeaKen","url":"https:\/\/jeaken.com\/de\/","logo":{"@type":"ImageObject","inLanguage":"de-DE","@id":"https:\/\/jeaken.com\/de\/#\/schema\/logo\/image\/","url":"https:\/\/jeaken.com\/wp-content\/uploads\/2022\/06\/jeaken-logo-23.png","contentUrl":"https:\/\/jeaken.com\/wp-content\/uploads\/2022\/06\/jeaken-logo-23.png","width":2486,"height":736,"caption":"JeaKen"},"image":{"@id":"https:\/\/jeaken.com\/de\/#\/schema\/logo\/image\/"}}]}},"jetpack_sharing_enabled":true,"_links":{"self":[{"href":"https:\/\/jeaken.com\/de\/wp-json\/wp\/v2\/product\/6883","targetHints":{"allow":["GET"]}}],"collection":[{"href":"https:\/\/jeaken.com\/de\/wp-json\/wp\/v2\/product"}],"about":[{"href":"https:\/\/jeaken.com\/de\/wp-json\/wp\/v2\/types\/product"}],"wp:featuredmedia":[{"embeddable":true,"href":"https:\/\/jeaken.com\/de\/wp-json\/wp\/v2\/media\/16039"}],"wp:attachment":[{"href":"https:\/\/jeaken.com\/de\/wp-json\/wp\/v2\/media?parent=6883"}],"wp:term":[{"taxonomy":"product_cat","embeddable":true,"href":"https:\/\/jeaken.com\/de\/wp-json\/wp\/v2\/product_cat?post=6883"},{"taxonomy":"product_tag","embeddable":true,"href":"https:\/\/jeaken.com\/de\/wp-json\/wp\/v2\/product_tag?post=6883"}],"curies":[{"name":"wp","href":"https:\/\/api.w.org\/{rel}","templated":true}]}}