{"id":6872,"date":"2022-07-21T19:18:17","date_gmt":"2022-07-21T18:18:17","guid":{"rendered":"https:\/1658920591610?product=maca-wurzel-kapseln-fuer-mehr-ausdauer-und-hormonausgleich-180-kapseln"},"modified":"2022-08-09T15:14:38","modified_gmt":"2022-08-09T14:14:38","slug":"maca-wurzel-kapseln-fuer-mehr-ausdauer-und-hormonausgleich-180-kapseln","status":"publish","type":"product","link":"https:\/\/jeaken.com\/de\/produkt\/maca-wurzel-kapseln-fuer-mehr-ausdauer-und-hormonausgleich-180-kapseln\/","title":{"rendered":"Maca-Wurzel-Kapseln f\u00fcr mehr Ausdauer und Hormonausgleich (180 Kapseln)"},"content":{"rendered":"<p><strong>STEIGERT ENERGIE UND AUSDAUER  <\/strong><\/p>\n<p>Die Maca-Wurzel wurde traditionell den Kriegern der Inkazeit verabreicht, um ihre Kraft, sportliche Leistung, Libido, Ausdauer und Energie zu verbessern. Heute wird der Maca-Extrakt aus den gleichen Gr\u00fcnden gesch\u00e4tzt: Er hilft, sich energiegeladen zu f\u00fchlen, das geistige Wohlbefinden und die Stimmung zu verbessern, Stress abzubauen und die Gehirn- und Ged\u00e4chtnisleistung zu steigern.<\/p>\n<p><strong>WIRKSAM ZUR VERBESSERUNG DER FRUCHTBARKEIT UND DES HORMONHAUSHALTS  <\/strong><\/p>\n<p>Die Maca-Wurzel gilt als eine der besten Nahrungserg\u00e4nzungen f\u00fcr die Fruchtbarkeit und den Hormonausgleich. Diese Erg\u00e4nzung kann auch bei Hormonst\u00f6rungen, Menstruationsproblemen und Symptomen der Menopause wirksam sein.<\/p>\n<p><strong>REICH AN VITAMINEN UND N\u00c4HRSTOFFEN  <\/strong><\/p>\n<p>Unsere hochwertigen Maca-Wurzel-Kapseln sind reich an Vitaminen, haben eine hohe N\u00e4hrstoffkonzentration und werden vom K\u00f6rper leicht aufgenommen.<\/p>\n<p><strong>SICHER UND EINFACH IN DER ANWENDUNG  <\/strong><\/p>\n<p>Maca-Wurzelpulver ist nat\u00fcrlich wirksam und l\u00e4sst sich leicht in den Alltag integrieren. Mit unseren leicht einzunehmenden Kapseln k\u00f6nnen Sie dieses Superfood aus der Maca-Wurzel ganz bequem in Ihre t\u00e4gliche Ern\u00e4hrung einbauen &#8211; und das ganz ohne unangenehmen Geschmack! Dieses nat\u00fcrliche Nahrungserg\u00e4nzungsmittel ist f\u00fcr Veganer und Vegetarier geeignet und wird im Vereinigten K\u00f6nigreich nach GMP-Richtlinien hergestellt.<\/p>\n","protected":false},"excerpt":{"rendered":"<h4><strong>Hochwirksame vegane Kapseln, reich an Vitaminen, Kalzium, Zink und Ballaststoffen.  <\/strong><\/h4>\n","protected":false},"featured_media":15727,"template":"","meta":{"site-sidebar-layout":"default","site-content-layout":"default","ast-site-content-layout":"default","site-content-style":"default","site-sidebar-style":"default","ast-global-header-display":"","ast-banner-title-visibility":"","ast-main-header-display":"","ast-hfb-above-header-display":"","ast-hfb-below-header-display":"","ast-hfb-mobile-header-display":"","site-post-title":"","ast-breadcrumbs-content":"","ast-featured-img":"","footer-sml-layout":"","theme-transparent-header-meta":"default","adv-header-id-meta":"","stick-header-meta":"default","header-above-stick-meta":"","header-main-stick-meta":"","header-below-stick-meta":"","astra-migrate-meta-layouts":"default","ast-page-background-enabled":"default","ast-page-background-meta":{"desktop":{"background-color":"","background-image":"","background-repeat":"repeat","background-position":"center center","background-size":"auto","background-attachment":"scroll","background-type":"","background-media":"","overlay-type":"","overlay-color":"","overlay-opacity":"","overlay-gradient":""},"tablet":{"background-color":"","background-image":"","background-repeat":"repeat","background-position":"center center","background-size":"auto","background-attachment":"scroll","background-type":"","background-media":"","overlay-type":"","overlay-color":"","overlay-opacity":"","overlay-gradient":""},"mobile":{"background-color":"","background-image":"","background-repeat":"repeat","background-position":"center center","background-size":"auto","background-attachment":"scroll","background-type":"","background-media":"","overlay-type":"","overlay-color":"","overlay-opacity":"","overlay-gradient":""}},"ast-content-background-meta":{"desktop":{"background-color":"var(--ast-global-color-5)","background-image":"","background-repeat":"repeat","background-position":"center center","background-size":"auto","background-attachment":"scroll","background-type":"","background-media":"","overlay-type":"","overlay-color":"","overlay-opacity":"","overlay-gradient":""},"tablet":{"background-color":"var(--ast-global-color-5)","background-image":"","background-repeat":"repeat","background-position":"center center","background-size":"auto","background-attachment":"scroll","background-type":"","background-media":"","overlay-type":"","overlay-color":"","overlay-opacity":"","overlay-gradient":""},"mobile":{"background-color":"var(--ast-global-color-5)","background-image":"","background-repeat":"repeat","background-position":"center center","background-size":"auto","background-attachment":"scroll","background-type":"","background-media":"","overlay-type":"","overlay-color":"","overlay-opacity":"","overlay-gradient":""}}},"product_cat":[583,1013,507],"product_tag":[],"class_list":{"0":"post-6872","1":"product","2":"type-product","3":"status-publish","4":"has-post-thumbnail","6":"product_cat-ermudung","7":"product_cat-fruchtbarkeit","8":"product_cat-nahrungserganzungsmittel","9":"has-subscription-plans","10":"desktop-align-left","11":"tablet-align-left","12":"mobile-align-left","14":"first","15":"outofstock","16":"taxable","17":"shipping-taxable","18":"purchasable","19":"product-type-simple"},"yoast_head":"<!-- This site is optimized with the Yoast SEO plugin v22.7 - https:\/\/yoast.com\/wordpress\/plugins\/seo\/ -->\n<title>Maca-Wurzel-Kapseln f\u00fcr mehr Ausdauer und Hormonausgleich (180 Kapseln) - JeaKen<\/title>\n<meta name=\"robots\" content=\"index, follow, max-snippet:-1, max-image-preview:large, max-video-preview:-1\" \/>\n<link rel=\"canonical\" href=\"https:\/\/jeaken.com\/de\/produkt\/maca-wurzel-kapseln-fuer-mehr-ausdauer-und-hormonausgleich-180-kapseln\/\" \/>\n<meta property=\"og:locale\" content=\"de_DE\" \/>\n<meta property=\"og:type\" content=\"article\" \/>\n<meta property=\"og:title\" content=\"Maca-Wurzel-Kapseln f\u00fcr mehr Ausdauer und Hormonausgleich (180 Kapseln) - JeaKen\" \/>\n<meta property=\"og:description\" content=\"Hochwirksame vegane Kapseln, reich an Vitaminen, Kalzium, Zink und Ballaststoffen.\" \/>\n<meta property=\"og:url\" content=\"https:\/\/jeaken.com\/de\/produkt\/maca-wurzel-kapseln-fuer-mehr-ausdauer-und-hormonausgleich-180-kapseln\/\" \/>\n<meta property=\"og:site_name\" content=\"JeaKen\" \/>\n<meta property=\"article:modified_time\" content=\"2022-08-09T14:14:38+00:00\" \/>\n<meta property=\"og:image\" content=\"https:\/\/jeaken.com\/wp-content\/uploads\/2022\/07\/Maca.jpg\" \/>\n\t<meta property=\"og:image:width\" content=\"512\" \/>\n\t<meta property=\"og:image:height\" content=\"600\" \/>\n\t<meta property=\"og:image:type\" content=\"image\/jpeg\" \/>\n<meta name=\"twitter:card\" content=\"summary_large_image\" \/>\n<meta name=\"twitter:label1\" content=\"Est. reading time\" \/>\n\t<meta name=\"twitter:data1\" content=\"1 minute\" \/>\n<script type=\"application\/ld+json\" class=\"yoast-schema-graph\">{\"@context\":\"https:\/\/schema.org\",\"@graph\":[{\"@type\":\"WebPage\",\"@id\":\"https:\/\/jeaken.com\/de\/produkt\/maca-wurzel-kapseln-fuer-mehr-ausdauer-und-hormonausgleich-180-kapseln\/\",\"url\":\"https:\/\/jeaken.com\/de\/produkt\/maca-wurzel-kapseln-fuer-mehr-ausdauer-und-hormonausgleich-180-kapseln\/\",\"name\":\"Maca-Wurzel-Kapseln f\u00fcr mehr Ausdauer und Hormonausgleich (180 Kapseln) - JeaKen\",\"isPartOf\":{\"@id\":\"https:\/\/jeaken.com\/de\/#website\"},\"primaryImageOfPage\":{\"@id\":\"https:\/\/jeaken.com\/de\/produkt\/maca-wurzel-kapseln-fuer-mehr-ausdauer-und-hormonausgleich-180-kapseln\/#primaryimage\"},\"image\":{\"@id\":\"https:\/\/jeaken.com\/de\/produkt\/maca-wurzel-kapseln-fuer-mehr-ausdauer-und-hormonausgleich-180-kapseln\/#primaryimage\"},\"thumbnailUrl\":\"https:\/\/jeaken.com\/wp-content\/uploads\/2022\/07\/Maca.jpg\",\"datePublished\":\"2022-07-21T18:18:17+00:00\",\"dateModified\":\"2022-08-09T14:14:38+00:00\",\"breadcrumb\":{\"@id\":\"https:\/\/jeaken.com\/de\/produkt\/maca-wurzel-kapseln-fuer-mehr-ausdauer-und-hormonausgleich-180-kapseln\/#breadcrumb\"},\"inLanguage\":\"de-DE\",\"potentialAction\":[{\"@type\":\"ReadAction\",\"target\":[\"https:\/\/jeaken.com\/de\/produkt\/maca-wurzel-kapseln-fuer-mehr-ausdauer-und-hormonausgleich-180-kapseln\/\"]}]},{\"@type\":\"ImageObject\",\"inLanguage\":\"de-DE\",\"@id\":\"https:\/\/jeaken.com\/de\/produkt\/maca-wurzel-kapseln-fuer-mehr-ausdauer-und-hormonausgleich-180-kapseln\/#primaryimage\",\"url\":\"https:\/\/jeaken.com\/wp-content\/uploads\/2022\/07\/Maca.jpg\",\"contentUrl\":\"https:\/\/jeaken.com\/wp-content\/uploads\/2022\/07\/Maca.jpg\",\"width\":512,\"height\":600,\"caption\":\"Maca Root Capsules for Increased Stamina and Hormone Balancing\"},{\"@type\":\"BreadcrumbList\",\"@id\":\"https:\/\/jeaken.com\/de\/produkt\/maca-wurzel-kapseln-fuer-mehr-ausdauer-und-hormonausgleich-180-kapseln\/#breadcrumb\",\"itemListElement\":[{\"@type\":\"ListItem\",\"position\":1,\"name\":\"Home\",\"item\":\"https:\/\/jeaken.com\/de\/\"},{\"@type\":\"ListItem\",\"position\":2,\"name\":\"Private: Shop\",\"item\":\"https:\/\/jeaken.com\/shop\/\"},{\"@type\":\"ListItem\",\"position\":3,\"name\":\"Maca-Wurzel-Kapseln f\u00fcr mehr Ausdauer und Hormonausgleich (180 Kapseln)\"}]},{\"@type\":\"WebSite\",\"@id\":\"https:\/\/jeaken.com\/de\/#website\",\"url\":\"https:\/\/jeaken.com\/de\/\",\"name\":\"JeaKen\",\"description\":\"Organic Supplements for Health, Fitness and Nutrition\",\"publisher\":{\"@id\":\"https:\/\/jeaken.com\/de\/#organization\"},\"potentialAction\":[{\"@type\":\"SearchAction\",\"target\":{\"@type\":\"EntryPoint\",\"urlTemplate\":\"https:\/\/jeaken.com\/de\/?s={search_term_string}\"},\"query-input\":\"required name=search_term_string\"}],\"inLanguage\":\"de-DE\"},{\"@type\":\"Organization\",\"@id\":\"https:\/\/jeaken.com\/de\/#organization\",\"name\":\"JeaKen\",\"url\":\"https:\/\/jeaken.com\/de\/\",\"logo\":{\"@type\":\"ImageObject\",\"inLanguage\":\"de-DE\",\"@id\":\"https:\/\/jeaken.com\/de\/#\/schema\/logo\/image\/\",\"url\":\"https:\/\/jeaken.com\/wp-content\/uploads\/2022\/06\/jeaken-logo-23.png\",\"contentUrl\":\"https:\/\/jeaken.com\/wp-content\/uploads\/2022\/06\/jeaken-logo-23.png\",\"width\":2486,\"height\":736,\"caption\":\"JeaKen\"},\"image\":{\"@id\":\"https:\/\/jeaken.com\/de\/#\/schema\/logo\/image\/\"}}]}<\/script>\n<!-- \/ Yoast SEO plugin. -->","yoast_head_json":{"title":"Maca-Wurzel-Kapseln f\u00fcr mehr Ausdauer und Hormonausgleich (180 Kapseln) - JeaKen","robots":{"index":"index","follow":"follow","max-snippet":"max-snippet:-1","max-image-preview":"max-image-preview:large","max-video-preview":"max-video-preview:-1"},"canonical":"https:\/\/jeaken.com\/de\/produkt\/maca-wurzel-kapseln-fuer-mehr-ausdauer-und-hormonausgleich-180-kapseln\/","og_locale":"de_DE","og_type":"article","og_title":"Maca-Wurzel-Kapseln f\u00fcr mehr Ausdauer und Hormonausgleich (180 Kapseln) - JeaKen","og_description":"Hochwirksame vegane Kapseln, reich an Vitaminen, Kalzium, Zink und Ballaststoffen.","og_url":"https:\/\/jeaken.com\/de\/produkt\/maca-wurzel-kapseln-fuer-mehr-ausdauer-und-hormonausgleich-180-kapseln\/","og_site_name":"JeaKen","article_modified_time":"2022-08-09T14:14:38+00:00","og_image":[{"width":512,"height":600,"url":"https:\/\/jeaken.com\/wp-content\/uploads\/2022\/07\/Maca.jpg","type":"image\/jpeg"}],"twitter_card":"summary_large_image","twitter_misc":{"Est. reading time":"1 minute"},"schema":{"@context":"https:\/\/schema.org","@graph":[{"@type":"WebPage","@id":"https:\/\/jeaken.com\/de\/produkt\/maca-wurzel-kapseln-fuer-mehr-ausdauer-und-hormonausgleich-180-kapseln\/","url":"https:\/\/jeaken.com\/de\/produkt\/maca-wurzel-kapseln-fuer-mehr-ausdauer-und-hormonausgleich-180-kapseln\/","name":"Maca-Wurzel-Kapseln f\u00fcr mehr Ausdauer und Hormonausgleich (180 Kapseln) - JeaKen","isPartOf":{"@id":"https:\/\/jeaken.com\/de\/#website"},"primaryImageOfPage":{"@id":"https:\/\/jeaken.com\/de\/produkt\/maca-wurzel-kapseln-fuer-mehr-ausdauer-und-hormonausgleich-180-kapseln\/#primaryimage"},"image":{"@id":"https:\/\/jeaken.com\/de\/produkt\/maca-wurzel-kapseln-fuer-mehr-ausdauer-und-hormonausgleich-180-kapseln\/#primaryimage"},"thumbnailUrl":"https:\/\/jeaken.com\/wp-content\/uploads\/2022\/07\/Maca.jpg","datePublished":"2022-07-21T18:18:17+00:00","dateModified":"2022-08-09T14:14:38+00:00","breadcrumb":{"@id":"https:\/\/jeaken.com\/de\/produkt\/maca-wurzel-kapseln-fuer-mehr-ausdauer-und-hormonausgleich-180-kapseln\/#breadcrumb"},"inLanguage":"de-DE","potentialAction":[{"@type":"ReadAction","target":["https:\/\/jeaken.com\/de\/produkt\/maca-wurzel-kapseln-fuer-mehr-ausdauer-und-hormonausgleich-180-kapseln\/"]}]},{"@type":"ImageObject","inLanguage":"de-DE","@id":"https:\/\/jeaken.com\/de\/produkt\/maca-wurzel-kapseln-fuer-mehr-ausdauer-und-hormonausgleich-180-kapseln\/#primaryimage","url":"https:\/\/jeaken.com\/wp-content\/uploads\/2022\/07\/Maca.jpg","contentUrl":"https:\/\/jeaken.com\/wp-content\/uploads\/2022\/07\/Maca.jpg","width":512,"height":600,"caption":"Maca Root Capsules for Increased Stamina and Hormone Balancing"},{"@type":"BreadcrumbList","@id":"https:\/\/jeaken.com\/de\/produkt\/maca-wurzel-kapseln-fuer-mehr-ausdauer-und-hormonausgleich-180-kapseln\/#breadcrumb","itemListElement":[{"@type":"ListItem","position":1,"name":"Home","item":"https:\/\/jeaken.com\/de\/"},{"@type":"ListItem","position":2,"name":"Private: Shop","item":"https:\/\/jeaken.com\/shop\/"},{"@type":"ListItem","position":3,"name":"Maca-Wurzel-Kapseln f\u00fcr mehr Ausdauer und Hormonausgleich (180 Kapseln)"}]},{"@type":"WebSite","@id":"https:\/\/jeaken.com\/de\/#website","url":"https:\/\/jeaken.com\/de\/","name":"JeaKen","description":"Organic Supplements for Health, Fitness and Nutrition","publisher":{"@id":"https:\/\/jeaken.com\/de\/#organization"},"potentialAction":[{"@type":"SearchAction","target":{"@type":"EntryPoint","urlTemplate":"https:\/\/jeaken.com\/de\/?s={search_term_string}"},"query-input":"required name=search_term_string"}],"inLanguage":"de-DE"},{"@type":"Organization","@id":"https:\/\/jeaken.com\/de\/#organization","name":"JeaKen","url":"https:\/\/jeaken.com\/de\/","logo":{"@type":"ImageObject","inLanguage":"de-DE","@id":"https:\/\/jeaken.com\/de\/#\/schema\/logo\/image\/","url":"https:\/\/jeaken.com\/wp-content\/uploads\/2022\/06\/jeaken-logo-23.png","contentUrl":"https:\/\/jeaken.com\/wp-content\/uploads\/2022\/06\/jeaken-logo-23.png","width":2486,"height":736,"caption":"JeaKen"},"image":{"@id":"https:\/\/jeaken.com\/de\/#\/schema\/logo\/image\/"}}]}},"jetpack_sharing_enabled":true,"_links":{"self":[{"href":"https:\/\/jeaken.com\/de\/wp-json\/wp\/v2\/product\/6872","targetHints":{"allow":["GET"]}}],"collection":[{"href":"https:\/\/jeaken.com\/de\/wp-json\/wp\/v2\/product"}],"about":[{"href":"https:\/\/jeaken.com\/de\/wp-json\/wp\/v2\/types\/product"}],"wp:featuredmedia":[{"embeddable":true,"href":"https:\/\/jeaken.com\/de\/wp-json\/wp\/v2\/media\/15727"}],"wp:attachment":[{"href":"https:\/\/jeaken.com\/de\/wp-json\/wp\/v2\/media?parent=6872"}],"wp:term":[{"taxonomy":"product_cat","embeddable":true,"href":"https:\/\/jeaken.com\/de\/wp-json\/wp\/v2\/product_cat?post=6872"},{"taxonomy":"product_tag","embeddable":true,"href":"https:\/\/jeaken.com\/de\/wp-json\/wp\/v2\/product_tag?post=6872"}],"curies":[{"name":"wp","href":"https:\/\/api.w.org\/{rel}","templated":true}]}}