{"id":6854,"date":"2022-07-21T19:18:17","date_gmt":"2022-07-21T18:18:17","guid":{"rendered":"https:\/1658920591610?product=vollspektrum-chaga-pilz-pulver-extrakt-41-90-vegane-kapseln"},"modified":"2022-08-09T15:14:01","modified_gmt":"2022-08-09T14:14:01","slug":"vollspektrum-chaga-pilz-pulver-extrakt-41-90-vegane-kapseln","status":"publish","type":"product","link":"https:\/\/jeaken.com\/de\/produkt\/vollspektrum-chaga-pilz-pulver-extrakt-41-90-vegane-kapseln\/","title":{"rendered":"Vollspektrum Chaga-Pilz-Pulver-Extrakt 4:1 (90 vegane Kapseln)"},"content":{"rendered":"<p><strong>MEHRERE GESUNDHEITLICHE VORTEILE  <\/strong><\/p>\n<p>Unsere gluten-, milch- und sojafreien Chaga-Pilzkapseln bieten eine Reihe von gesundheitlichen Vorteilen. Seit Jahrhunderten wird Chaga traditionell zur Unterst\u00fctzung der Funktion des Immunsystems und zur F\u00f6rderung der allgemeinen Gesundheit verwendet. Unser erstklassiger Extrakt ist vollgepackt mit Antioxidantien, die dem K\u00f6rper helfen, zellsch\u00e4digende freie Radikale abzuwehren.<\/p>\n<p><strong>NAT\u00dcRLICHER ENERGIEBOOSTER  <\/strong><\/p>\n<p>Chaga-Pilze sind mit Antioxidantien \u00fcberladen. Dieses energetisierende Adaptogen steigert auf nat\u00fcrliche Weise Energie und Ausdauer und hilft, den Alterungsprozess zu verlangsamen. Es wird auch allgemein angenommen, dass<br \/>\nChaga-Pilze enthalten krebshemmende Eigenschaften.<\/p>\n<p><strong>UNTERST\u00dcTZT EIN GESUNDES IMMUNSYSTEM<\/strong><\/p>\n<p>Der Chaga-Pilz tr\u00e4gt zur Verringerung von Entz\u00fcndungen bei und seine antioxidativen und immunst\u00e4rkenden Eigenschaften helfen, den oxidativen Stress im K\u00f6rper zu reduzieren. Dieses leistungsstarke Nahrungserg\u00e4nzungsmittel ist ein hervorragendes Gesundheitstonikum und Entgiftungsmittel mit wichtigen Bestandteilen zur F\u00f6rderung der Funktion des Immunsystems und eines gesunden Blutdrucks.<\/p>\n<p><strong>SCHNELL UND BEQUEM  <\/strong><\/p>\n<p>Die Verwendung dieser Kapseln k\u00f6nnte nicht einfacher sein! Geben Sie sie einfach direkt in Ihren Kaffee oder verwenden Sie sie f\u00fcr einen gesunden Kr\u00e4utertee, einen Smoothie oder einen Shake nach dem Training.<\/p>\n","protected":false},"excerpt":{"rendered":"<h4><b>Traditionelle gesundheitsf\u00f6rdernde Erg\u00e4nzung f\u00fcr mehr Energie und ein gesundes Immunsystem.<\/b><\/h4>\n","protected":false},"featured_media":15927,"template":"","meta":{"site-sidebar-layout":"default","site-content-layout":"default","ast-site-content-layout":"default","site-content-style":"default","site-sidebar-style":"default","ast-global-header-display":"","ast-banner-title-visibility":"","ast-main-header-display":"","ast-hfb-above-header-display":"","ast-hfb-below-header-display":"","ast-hfb-mobile-header-display":"","site-post-title":"","ast-breadcrumbs-content":"","ast-featured-img":"","footer-sml-layout":"","theme-transparent-header-meta":"default","adv-header-id-meta":"","stick-header-meta":"default","header-above-stick-meta":"","header-main-stick-meta":"","header-below-stick-meta":"","astra-migrate-meta-layouts":"default","ast-page-background-enabled":"default","ast-page-background-meta":{"desktop":{"background-color":"","background-image":"","background-repeat":"repeat","background-position":"center center","background-size":"auto","background-attachment":"scroll","background-type":"","background-media":"","overlay-type":"","overlay-color":"","overlay-opacity":"","overlay-gradient":""},"tablet":{"background-color":"","background-image":"","background-repeat":"repeat","background-position":"center center","background-size":"auto","background-attachment":"scroll","background-type":"","background-media":"","overlay-type":"","overlay-color":"","overlay-opacity":"","overlay-gradient":""},"mobile":{"background-color":"","background-image":"","background-repeat":"repeat","background-position":"center center","background-size":"auto","background-attachment":"scroll","background-type":"","background-media":"","overlay-type":"","overlay-color":"","overlay-opacity":"","overlay-gradient":""}},"ast-content-background-meta":{"desktop":{"background-color":"var(--ast-global-color-5)","background-image":"","background-repeat":"repeat","background-position":"center center","background-size":"auto","background-attachment":"scroll","background-type":"","background-media":"","overlay-type":"","overlay-color":"","overlay-opacity":"","overlay-gradient":""},"tablet":{"background-color":"var(--ast-global-color-5)","background-image":"","background-repeat":"repeat","background-position":"center center","background-size":"auto","background-attachment":"scroll","background-type":"","background-media":"","overlay-type":"","overlay-color":"","overlay-opacity":"","overlay-gradient":""},"mobile":{"background-color":"var(--ast-global-color-5)","background-image":"","background-repeat":"repeat","background-position":"center center","background-size":"auto","background-attachment":"scroll","background-type":"","background-media":"","overlay-type":"","overlay-color":"","overlay-opacity":"","overlay-gradient":""}}},"product_cat":[501],"product_tag":[827,829,834,837,839,841,845,832,847,833,851,831,849,853,855,843],"class_list":{"0":"post-6854","1":"product","2":"type-product","3":"status-publish","4":"has-post-thumbnail","6":"product_cat-gesundheit-des-immunsystems","7":"product_tag-chaga-pilz","8":"product_tag-chaga-pilz-pulver","9":"product_tag-chaga-pilze","10":"product_tag-chaga-pulver","11":"product_tag-chaga-tee","12":"product_tag-curryblatter","13":"product_tag-gemahlene-vanilleschotenpulver","14":"product_tag-heidelbeerpulver","15":"product_tag-indigokrauter","16":"product_tag-kardamompulver","17":"product_tag-persischer-safran","18":"product_tag-pilzpulver","19":"product_tag-pilztee","20":"product_tag-reines-vanillepulver","21":"product_tag-vanilleschotenpulver","22":"product_tag-vier-sigmatiken","23":"has-subscription-plans","24":"desktop-align-left","25":"tablet-align-left","26":"mobile-align-left","28":"first","29":"instock","30":"sale","31":"taxable","32":"shipping-taxable","33":"purchasable","34":"product-type-simple"},"yoast_head":"<!-- This site is optimized with the Yoast SEO plugin v22.7 - https:\/\/yoast.com\/wordpress\/plugins\/seo\/ -->\n<title>Vollspektrum Chaga-Pilz-Pulver-Extrakt 4:1 (90 vegane Kapseln) - JeaKen<\/title>\n<meta name=\"robots\" content=\"index, follow, max-snippet:-1, max-image-preview:large, max-video-preview:-1\" \/>\n<link rel=\"canonical\" href=\"https:\/\/jeaken.com\/de\/produkt\/vollspektrum-chaga-pilz-pulver-extrakt-41-90-vegane-kapseln\/\" \/>\n<meta property=\"og:locale\" content=\"de_DE\" \/>\n<meta property=\"og:type\" content=\"article\" \/>\n<meta property=\"og:title\" content=\"Vollspektrum Chaga-Pilz-Pulver-Extrakt 4:1 (90 vegane Kapseln) - JeaKen\" \/>\n<meta property=\"og:description\" content=\"Traditionelle gesundheitsf\u00f6rdernde Erg\u00e4nzung f\u00fcr mehr Energie und ein gesundes Immunsystem.\" \/>\n<meta property=\"og:url\" content=\"https:\/\/jeaken.com\/de\/produkt\/vollspektrum-chaga-pilz-pulver-extrakt-41-90-vegane-kapseln\/\" \/>\n<meta property=\"og:site_name\" content=\"JeaKen\" \/>\n<meta property=\"article:modified_time\" content=\"2022-08-09T14:14:01+00:00\" \/>\n<meta property=\"og:image\" content=\"https:\/\/jeaken.com\/wp-content\/uploads\/2022\/07\/Chaga.jpg\" \/>\n\t<meta property=\"og:image:width\" content=\"512\" \/>\n\t<meta property=\"og:image:height\" content=\"600\" \/>\n\t<meta property=\"og:image:type\" content=\"image\/jpeg\" \/>\n<meta name=\"twitter:card\" content=\"summary_large_image\" \/>\n<meta name=\"twitter:label1\" content=\"Est. reading time\" \/>\n\t<meta name=\"twitter:data1\" content=\"1 minute\" \/>\n<script type=\"application\/ld+json\" class=\"yoast-schema-graph\">{\"@context\":\"https:\/\/schema.org\",\"@graph\":[{\"@type\":\"WebPage\",\"@id\":\"https:\/\/jeaken.com\/de\/produkt\/vollspektrum-chaga-pilz-pulver-extrakt-41-90-vegane-kapseln\/\",\"url\":\"https:\/\/jeaken.com\/de\/produkt\/vollspektrum-chaga-pilz-pulver-extrakt-41-90-vegane-kapseln\/\",\"name\":\"Vollspektrum Chaga-Pilz-Pulver-Extrakt 4:1 (90 vegane Kapseln) - JeaKen\",\"isPartOf\":{\"@id\":\"https:\/\/jeaken.com\/de\/#website\"},\"primaryImageOfPage\":{\"@id\":\"https:\/\/jeaken.com\/de\/produkt\/vollspektrum-chaga-pilz-pulver-extrakt-41-90-vegane-kapseln\/#primaryimage\"},\"image\":{\"@id\":\"https:\/\/jeaken.com\/de\/produkt\/vollspektrum-chaga-pilz-pulver-extrakt-41-90-vegane-kapseln\/#primaryimage\"},\"thumbnailUrl\":\"https:\/\/jeaken.com\/wp-content\/uploads\/2022\/07\/Chaga.jpg\",\"datePublished\":\"2022-07-21T18:18:17+00:00\",\"dateModified\":\"2022-08-09T14:14:01+00:00\",\"breadcrumb\":{\"@id\":\"https:\/\/jeaken.com\/de\/produkt\/vollspektrum-chaga-pilz-pulver-extrakt-41-90-vegane-kapseln\/#breadcrumb\"},\"inLanguage\":\"de-DE\",\"potentialAction\":[{\"@type\":\"ReadAction\",\"target\":[\"https:\/\/jeaken.com\/de\/produkt\/vollspektrum-chaga-pilz-pulver-extrakt-41-90-vegane-kapseln\/\"]}]},{\"@type\":\"ImageObject\",\"inLanguage\":\"de-DE\",\"@id\":\"https:\/\/jeaken.com\/de\/produkt\/vollspektrum-chaga-pilz-pulver-extrakt-41-90-vegane-kapseln\/#primaryimage\",\"url\":\"https:\/\/jeaken.com\/wp-content\/uploads\/2022\/07\/Chaga.jpg\",\"contentUrl\":\"https:\/\/jeaken.com\/wp-content\/uploads\/2022\/07\/Chaga.jpg\",\"width\":512,\"height\":600,\"caption\":\"Full Spectrum Chaga Mushroom Powder Extract 4:1\"},{\"@type\":\"BreadcrumbList\",\"@id\":\"https:\/\/jeaken.com\/de\/produkt\/vollspektrum-chaga-pilz-pulver-extrakt-41-90-vegane-kapseln\/#breadcrumb\",\"itemListElement\":[{\"@type\":\"ListItem\",\"position\":1,\"name\":\"Home\",\"item\":\"https:\/\/jeaken.com\/de\/\"},{\"@type\":\"ListItem\",\"position\":2,\"name\":\"Private: Shop\",\"item\":\"https:\/\/jeaken.com\/shop\/\"},{\"@type\":\"ListItem\",\"position\":3,\"name\":\"Vollspektrum Chaga-Pilz-Pulver-Extrakt 4:1 (90 vegane Kapseln)\"}]},{\"@type\":\"WebSite\",\"@id\":\"https:\/\/jeaken.com\/de\/#website\",\"url\":\"https:\/\/jeaken.com\/de\/\",\"name\":\"JeaKen\",\"description\":\"Organic Supplements for Health, Fitness and Nutrition\",\"publisher\":{\"@id\":\"https:\/\/jeaken.com\/de\/#organization\"},\"potentialAction\":[{\"@type\":\"SearchAction\",\"target\":{\"@type\":\"EntryPoint\",\"urlTemplate\":\"https:\/\/jeaken.com\/de\/?s={search_term_string}\"},\"query-input\":\"required name=search_term_string\"}],\"inLanguage\":\"de-DE\"},{\"@type\":\"Organization\",\"@id\":\"https:\/\/jeaken.com\/de\/#organization\",\"name\":\"JeaKen\",\"url\":\"https:\/\/jeaken.com\/de\/\",\"logo\":{\"@type\":\"ImageObject\",\"inLanguage\":\"de-DE\",\"@id\":\"https:\/\/jeaken.com\/de\/#\/schema\/logo\/image\/\",\"url\":\"https:\/\/jeaken.com\/wp-content\/uploads\/2022\/06\/jeaken-logo-23.png\",\"contentUrl\":\"https:\/\/jeaken.com\/wp-content\/uploads\/2022\/06\/jeaken-logo-23.png\",\"width\":2486,\"height\":736,\"caption\":\"JeaKen\"},\"image\":{\"@id\":\"https:\/\/jeaken.com\/de\/#\/schema\/logo\/image\/\"}}]}<\/script>\n<!-- \/ Yoast SEO plugin. -->","yoast_head_json":{"title":"Vollspektrum Chaga-Pilz-Pulver-Extrakt 4:1 (90 vegane Kapseln) - JeaKen","robots":{"index":"index","follow":"follow","max-snippet":"max-snippet:-1","max-image-preview":"max-image-preview:large","max-video-preview":"max-video-preview:-1"},"canonical":"https:\/\/jeaken.com\/de\/produkt\/vollspektrum-chaga-pilz-pulver-extrakt-41-90-vegane-kapseln\/","og_locale":"de_DE","og_type":"article","og_title":"Vollspektrum Chaga-Pilz-Pulver-Extrakt 4:1 (90 vegane Kapseln) - JeaKen","og_description":"Traditionelle gesundheitsf\u00f6rdernde Erg\u00e4nzung f\u00fcr mehr Energie und ein gesundes Immunsystem.","og_url":"https:\/\/jeaken.com\/de\/produkt\/vollspektrum-chaga-pilz-pulver-extrakt-41-90-vegane-kapseln\/","og_site_name":"JeaKen","article_modified_time":"2022-08-09T14:14:01+00:00","og_image":[{"width":512,"height":600,"url":"https:\/\/jeaken.com\/wp-content\/uploads\/2022\/07\/Chaga.jpg","type":"image\/jpeg"}],"twitter_card":"summary_large_image","twitter_misc":{"Est. reading time":"1 minute"},"schema":{"@context":"https:\/\/schema.org","@graph":[{"@type":"WebPage","@id":"https:\/\/jeaken.com\/de\/produkt\/vollspektrum-chaga-pilz-pulver-extrakt-41-90-vegane-kapseln\/","url":"https:\/\/jeaken.com\/de\/produkt\/vollspektrum-chaga-pilz-pulver-extrakt-41-90-vegane-kapseln\/","name":"Vollspektrum Chaga-Pilz-Pulver-Extrakt 4:1 (90 vegane Kapseln) - JeaKen","isPartOf":{"@id":"https:\/\/jeaken.com\/de\/#website"},"primaryImageOfPage":{"@id":"https:\/\/jeaken.com\/de\/produkt\/vollspektrum-chaga-pilz-pulver-extrakt-41-90-vegane-kapseln\/#primaryimage"},"image":{"@id":"https:\/\/jeaken.com\/de\/produkt\/vollspektrum-chaga-pilz-pulver-extrakt-41-90-vegane-kapseln\/#primaryimage"},"thumbnailUrl":"https:\/\/jeaken.com\/wp-content\/uploads\/2022\/07\/Chaga.jpg","datePublished":"2022-07-21T18:18:17+00:00","dateModified":"2022-08-09T14:14:01+00:00","breadcrumb":{"@id":"https:\/\/jeaken.com\/de\/produkt\/vollspektrum-chaga-pilz-pulver-extrakt-41-90-vegane-kapseln\/#breadcrumb"},"inLanguage":"de-DE","potentialAction":[{"@type":"ReadAction","target":["https:\/\/jeaken.com\/de\/produkt\/vollspektrum-chaga-pilz-pulver-extrakt-41-90-vegane-kapseln\/"]}]},{"@type":"ImageObject","inLanguage":"de-DE","@id":"https:\/\/jeaken.com\/de\/produkt\/vollspektrum-chaga-pilz-pulver-extrakt-41-90-vegane-kapseln\/#primaryimage","url":"https:\/\/jeaken.com\/wp-content\/uploads\/2022\/07\/Chaga.jpg","contentUrl":"https:\/\/jeaken.com\/wp-content\/uploads\/2022\/07\/Chaga.jpg","width":512,"height":600,"caption":"Full Spectrum Chaga Mushroom Powder Extract 4:1"},{"@type":"BreadcrumbList","@id":"https:\/\/jeaken.com\/de\/produkt\/vollspektrum-chaga-pilz-pulver-extrakt-41-90-vegane-kapseln\/#breadcrumb","itemListElement":[{"@type":"ListItem","position":1,"name":"Home","item":"https:\/\/jeaken.com\/de\/"},{"@type":"ListItem","position":2,"name":"Private: Shop","item":"https:\/\/jeaken.com\/shop\/"},{"@type":"ListItem","position":3,"name":"Vollspektrum Chaga-Pilz-Pulver-Extrakt 4:1 (90 vegane Kapseln)"}]},{"@type":"WebSite","@id":"https:\/\/jeaken.com\/de\/#website","url":"https:\/\/jeaken.com\/de\/","name":"JeaKen","description":"Organic Supplements for Health, Fitness and Nutrition","publisher":{"@id":"https:\/\/jeaken.com\/de\/#organization"},"potentialAction":[{"@type":"SearchAction","target":{"@type":"EntryPoint","urlTemplate":"https:\/\/jeaken.com\/de\/?s={search_term_string}"},"query-input":"required name=search_term_string"}],"inLanguage":"de-DE"},{"@type":"Organization","@id":"https:\/\/jeaken.com\/de\/#organization","name":"JeaKen","url":"https:\/\/jeaken.com\/de\/","logo":{"@type":"ImageObject","inLanguage":"de-DE","@id":"https:\/\/jeaken.com\/de\/#\/schema\/logo\/image\/","url":"https:\/\/jeaken.com\/wp-content\/uploads\/2022\/06\/jeaken-logo-23.png","contentUrl":"https:\/\/jeaken.com\/wp-content\/uploads\/2022\/06\/jeaken-logo-23.png","width":2486,"height":736,"caption":"JeaKen"},"image":{"@id":"https:\/\/jeaken.com\/de\/#\/schema\/logo\/image\/"}}]}},"jetpack_sharing_enabled":true,"_links":{"self":[{"href":"https:\/\/jeaken.com\/de\/wp-json\/wp\/v2\/product\/6854","targetHints":{"allow":["GET"]}}],"collection":[{"href":"https:\/\/jeaken.com\/de\/wp-json\/wp\/v2\/product"}],"about":[{"href":"https:\/\/jeaken.com\/de\/wp-json\/wp\/v2\/types\/product"}],"wp:featuredmedia":[{"embeddable":true,"href":"https:\/\/jeaken.com\/de\/wp-json\/wp\/v2\/media\/15927"}],"wp:attachment":[{"href":"https:\/\/jeaken.com\/de\/wp-json\/wp\/v2\/media?parent=6854"}],"wp:term":[{"taxonomy":"product_cat","embeddable":true,"href":"https:\/\/jeaken.com\/de\/wp-json\/wp\/v2\/product_cat?post=6854"},{"taxonomy":"product_tag","embeddable":true,"href":"https:\/\/jeaken.com\/de\/wp-json\/wp\/v2\/product_tag?post=6854"}],"curies":[{"name":"wp","href":"https:\/\/api.w.org\/{rel}","templated":true}]}}