{"id":6853,"date":"2022-07-21T19:18:22","date_gmt":"2022-07-21T18:18:22","guid":{"rendered":"https:\/1658920591610?product=d-mannose-pulver-in-kapseln-angereichert-mit-cranberry-extrakt"},"modified":"2022-09-08T16:00:58","modified_gmt":"2022-09-08T15:00:58","slug":"d-mannose-pulver-in-kapseln-verbessert-mit-cranberry-extrakt-2","status":"publish","type":"product","link":"https:\/\/jeaken.com\/de\/produkt\/d-mannose-pulver-in-kapseln-verbessert-mit-cranberry-extrakt-2\/","title":{"rendered":"D-Mannose-Pulver in Kapseln &#8211; angereichert mit Cranberry-Extrakt"},"content":{"rendered":"<p><strong><span class=\"a-list-item a-size-base\">NAT\u00dcRLICH VORKOMMENDER ZUCKER<\/span><\/strong><\/p>\n<p><span class=\"a-list-item a-size-base\">  D-Mannose ist ein nat\u00fcrlich vorkommender Zucker, der in einigen Fr\u00fcchten und Pflanzen vorkommt. Es tr\u00e4gt dazu bei, dass unerw\u00fcnschte Fremdstoffe nicht an der Blasenschleimhaut haften bleiben.<\/span><\/p>\n<p>&nbsp;<\/p>\n<p><strong><span class=\"a-list-item\"><span class=\"a-list-item\">VERHINDERT HARNWEGSINFEKTIONEN  <\/span><\/span><\/strong><\/p>\n<p><span class=\"a-list-item\"><span class=\"a-list-item\">Unsere erfolgreiche Kombination unterst\u00fctzt einen gesunden Harntrakt und hilft Ihnen, unangenehme, unerw\u00fcnschte Harnwegs- oder Blaseninfektionen auf nat\u00fcrliche Weise zu vermeiden oder zu reduzieren. D-Mannose wird vom K\u00f6rper nicht verstoffwechselt oder zur Energiegewinnung verwendet. Stattdessen haftet es an infektionsverursachenden Bakterien, transportiert sie aus dem K\u00f6rper und hilft, Harnwegsinfektionen zu beseitigen und zu verhindern. Mit einer einfachen t\u00e4glichen Einnahme von nur zwei leicht zu schluckenden Kapseln, k\u00f6nnen Sie<\/span><\/span><span class=\"a-list-item\">  Reduzierung und Beseitigung von Bakterien in den Harnwegen.<\/span><\/p>\n<p>&nbsp;<\/p>\n<p><strong><span class=\"a-list-item\"><span class=\"a-list-item\">DOPPELTE LEISTUNG  <\/span><\/span><\/strong><\/p>\n<p><span class=\"a-list-item\"><span class=\"a-list-item\">  Unsere reine D-Mannose (auch bekannt als Einfachzucker) ist mit Cranberry-Extrakt (Vaccinium Macrocarpon) angereichert. Beide sind beliebte und wirksame Nahrungserg\u00e4nzungsmittel, insbesondere zur Behandlung von Blasenentz\u00fcndungen.<\/span><\/span><\/p>\n<p>&nbsp;<\/p>\n<p><strong><span class=\"a-list-item\"><span class=\"a-list-item\">FREI VON ALLERGENEN  <\/span><\/span><\/strong><\/p>\n<p><span class=\"a-list-item\"><span class=\"a-list-item\">  Unsere hochwirksamen D-Mannose-Kapseln sind eine zuverl\u00e4ssige D-Mannose-Quelle, die auch f\u00fcr Vegetarier und Veganer geeignet ist. Unsere Kapseln sind frei von Allergenen wie Milch, Laktose, Gluten, GMO, Weizen, Eiern, Krustentieren, Fisch, N\u00fcssen, Samen und Senf.<\/span><\/span><\/p>\n<p>&nbsp;<\/p>\n<p>&nbsp;<\/p>\n","protected":false},"excerpt":{"rendered":"<h4 id=\"title\" class=\"a-size-large a-spacing-none\"><span id=\"productTitle\" class=\"a-size-large product-title-word-break\">Nat\u00fcrliche und sichere Behandlung von UTI und Blasenentz\u00fcndung<\/span><\/h4>\n","protected":false},"featured_media":15176,"template":"","meta":{"site-sidebar-layout":"default","site-content-layout":"default","ast-site-content-layout":"default","site-content-style":"default","site-sidebar-style":"default","ast-global-header-display":"","ast-banner-title-visibility":"","ast-main-header-display":"","ast-hfb-above-header-display":"","ast-hfb-below-header-display":"","ast-hfb-mobile-header-display":"","site-post-title":"","ast-breadcrumbs-content":"","ast-featured-img":"","footer-sml-layout":"","theme-transparent-header-meta":"default","adv-header-id-meta":"","stick-header-meta":"default","header-above-stick-meta":"","header-main-stick-meta":"","header-below-stick-meta":"","astra-migrate-meta-layouts":"default","ast-page-background-enabled":"default","ast-page-background-meta":{"desktop":{"background-color":"","background-image":"","background-repeat":"repeat","background-position":"center center","background-size":"auto","background-attachment":"scroll","background-type":"","background-media":"","overlay-type":"","overlay-color":"","overlay-opacity":"","overlay-gradient":""},"tablet":{"background-color":"","background-image":"","background-repeat":"repeat","background-position":"center center","background-size":"auto","background-attachment":"scroll","background-type":"","background-media":"","overlay-type":"","overlay-color":"","overlay-opacity":"","overlay-gradient":""},"mobile":{"background-color":"","background-image":"","background-repeat":"repeat","background-position":"center center","background-size":"auto","background-attachment":"scroll","background-type":"","background-media":"","overlay-type":"","overlay-color":"","overlay-opacity":"","overlay-gradient":""}},"ast-content-background-meta":{"desktop":{"background-color":"var(--ast-global-color-5)","background-image":"","background-repeat":"repeat","background-position":"center center","background-size":"auto","background-attachment":"scroll","background-type":"","background-media":"","overlay-type":"","overlay-color":"","overlay-opacity":"","overlay-gradient":""},"tablet":{"background-color":"var(--ast-global-color-5)","background-image":"","background-repeat":"repeat","background-position":"center center","background-size":"auto","background-attachment":"scroll","background-type":"","background-media":"","overlay-type":"","overlay-color":"","overlay-opacity":"","overlay-gradient":""},"mobile":{"background-color":"var(--ast-global-color-5)","background-image":"","background-repeat":"repeat","background-position":"center center","background-size":"auto","background-attachment":"scroll","background-type":"","background-media":"","overlay-type":"","overlay-color":"","overlay-opacity":"","overlay-gradient":""}}},"product_cat":[521,816],"product_tag":[],"class_list":{"0":"post-6853","1":"product","2":"type-product","3":"status-publish","4":"has-post-thumbnail","6":"product_cat-gesundheit-der-verdauung","7":"product_cat-uti-de","8":"has-subscription-plans","9":"desktop-align-left","10":"tablet-align-left","11":"mobile-align-left","13":"first","14":"instock","15":"taxable","16":"shipping-taxable","17":"purchasable","18":"product-type-simple"},"yoast_head":"<!-- This site is optimized with the Yoast SEO plugin v22.7 - https:\/\/yoast.com\/wordpress\/plugins\/seo\/ -->\n<title>D-Mannose-Pulver in Kapseln - angereichert mit Cranberry-Extrakt - JeaKen<\/title>\n<meta name=\"robots\" content=\"index, follow, max-snippet:-1, max-image-preview:large, max-video-preview:-1\" \/>\n<link rel=\"canonical\" href=\"https:\/\/jeaken.com\/de\/produkt\/d-mannose-pulver-in-kapseln-verbessert-mit-cranberry-extrakt-2\/\" \/>\n<meta property=\"og:locale\" content=\"de_DE\" \/>\n<meta property=\"og:type\" content=\"article\" \/>\n<meta property=\"og:title\" content=\"D-Mannose-Pulver in Kapseln - angereichert mit Cranberry-Extrakt - JeaKen\" \/>\n<meta property=\"og:description\" content=\"Nat\u00fcrliche und sichere Behandlung von UTI und Blasenentz\u00fcndung\" \/>\n<meta property=\"og:url\" content=\"https:\/\/jeaken.com\/de\/produkt\/d-mannose-pulver-in-kapseln-verbessert-mit-cranberry-extrakt-2\/\" \/>\n<meta property=\"og:site_name\" content=\"JeaKen\" \/>\n<meta property=\"article:modified_time\" content=\"2022-09-08T15:00:58+00:00\" \/>\n<meta property=\"og:image\" content=\"https:\/\/jeaken.com\/wp-content\/uploads\/2022\/07\/Front-11.jpg\" \/>\n\t<meta property=\"og:image:width\" content=\"635\" \/>\n\t<meta property=\"og:image:height\" content=\"744\" \/>\n\t<meta property=\"og:image:type\" content=\"image\/jpeg\" \/>\n<meta name=\"twitter:card\" content=\"summary_large_image\" \/>\n<meta name=\"twitter:label1\" content=\"Est. reading time\" \/>\n\t<meta name=\"twitter:data1\" content=\"1 minute\" \/>\n<script type=\"application\/ld+json\" class=\"yoast-schema-graph\">{\"@context\":\"https:\/\/schema.org\",\"@graph\":[{\"@type\":\"WebPage\",\"@id\":\"https:\/\/jeaken.com\/de\/produkt\/d-mannose-pulver-in-kapseln-verbessert-mit-cranberry-extrakt-2\/\",\"url\":\"https:\/\/jeaken.com\/de\/produkt\/d-mannose-pulver-in-kapseln-verbessert-mit-cranberry-extrakt-2\/\",\"name\":\"D-Mannose-Pulver in Kapseln - angereichert mit Cranberry-Extrakt - JeaKen\",\"isPartOf\":{\"@id\":\"https:\/\/jeaken.com\/de\/#website\"},\"primaryImageOfPage\":{\"@id\":\"https:\/\/jeaken.com\/de\/produkt\/d-mannose-pulver-in-kapseln-verbessert-mit-cranberry-extrakt-2\/#primaryimage\"},\"image\":{\"@id\":\"https:\/\/jeaken.com\/de\/produkt\/d-mannose-pulver-in-kapseln-verbessert-mit-cranberry-extrakt-2\/#primaryimage\"},\"thumbnailUrl\":\"https:\/\/jeaken.com\/wp-content\/uploads\/2022\/07\/Front-11.jpg\",\"datePublished\":\"2022-07-21T18:18:22+00:00\",\"dateModified\":\"2022-09-08T15:00:58+00:00\",\"breadcrumb\":{\"@id\":\"https:\/\/jeaken.com\/de\/produkt\/d-mannose-pulver-in-kapseln-verbessert-mit-cranberry-extrakt-2\/#breadcrumb\"},\"inLanguage\":\"de-DE\",\"potentialAction\":[{\"@type\":\"ReadAction\",\"target\":[\"https:\/\/jeaken.com\/de\/produkt\/d-mannose-pulver-in-kapseln-verbessert-mit-cranberry-extrakt-2\/\"]}]},{\"@type\":\"ImageObject\",\"inLanguage\":\"de-DE\",\"@id\":\"https:\/\/jeaken.com\/de\/produkt\/d-mannose-pulver-in-kapseln-verbessert-mit-cranberry-extrakt-2\/#primaryimage\",\"url\":\"https:\/\/jeaken.com\/wp-content\/uploads\/2022\/07\/Front-11.jpg\",\"contentUrl\":\"https:\/\/jeaken.com\/wp-content\/uploads\/2022\/07\/Front-11.jpg\",\"width\":635,\"height\":744,\"caption\":\"D-Mannose Powder\"},{\"@type\":\"BreadcrumbList\",\"@id\":\"https:\/\/jeaken.com\/de\/produkt\/d-mannose-pulver-in-kapseln-verbessert-mit-cranberry-extrakt-2\/#breadcrumb\",\"itemListElement\":[{\"@type\":\"ListItem\",\"position\":1,\"name\":\"Home\",\"item\":\"https:\/\/jeaken.com\/de\/\"},{\"@type\":\"ListItem\",\"position\":2,\"name\":\"Private: Shop\",\"item\":\"https:\/\/jeaken.com\/shop\/\"},{\"@type\":\"ListItem\",\"position\":3,\"name\":\"D-Mannose-Pulver in Kapseln &#8211; angereichert mit Cranberry-Extrakt\"}]},{\"@type\":\"WebSite\",\"@id\":\"https:\/\/jeaken.com\/de\/#website\",\"url\":\"https:\/\/jeaken.com\/de\/\",\"name\":\"JeaKen\",\"description\":\"Organic Supplements for Health, Fitness and Nutrition\",\"publisher\":{\"@id\":\"https:\/\/jeaken.com\/de\/#organization\"},\"potentialAction\":[{\"@type\":\"SearchAction\",\"target\":{\"@type\":\"EntryPoint\",\"urlTemplate\":\"https:\/\/jeaken.com\/de\/?s={search_term_string}\"},\"query-input\":\"required name=search_term_string\"}],\"inLanguage\":\"de-DE\"},{\"@type\":\"Organization\",\"@id\":\"https:\/\/jeaken.com\/de\/#organization\",\"name\":\"JeaKen\",\"url\":\"https:\/\/jeaken.com\/de\/\",\"logo\":{\"@type\":\"ImageObject\",\"inLanguage\":\"de-DE\",\"@id\":\"https:\/\/jeaken.com\/de\/#\/schema\/logo\/image\/\",\"url\":\"https:\/\/jeaken.com\/wp-content\/uploads\/2022\/06\/jeaken-logo-23.png\",\"contentUrl\":\"https:\/\/jeaken.com\/wp-content\/uploads\/2022\/06\/jeaken-logo-23.png\",\"width\":2486,\"height\":736,\"caption\":\"JeaKen\"},\"image\":{\"@id\":\"https:\/\/jeaken.com\/de\/#\/schema\/logo\/image\/\"}}]}<\/script>\n<!-- \/ Yoast SEO plugin. -->","yoast_head_json":{"title":"D-Mannose-Pulver in Kapseln - angereichert mit Cranberry-Extrakt - JeaKen","robots":{"index":"index","follow":"follow","max-snippet":"max-snippet:-1","max-image-preview":"max-image-preview:large","max-video-preview":"max-video-preview:-1"},"canonical":"https:\/\/jeaken.com\/de\/produkt\/d-mannose-pulver-in-kapseln-verbessert-mit-cranberry-extrakt-2\/","og_locale":"de_DE","og_type":"article","og_title":"D-Mannose-Pulver in Kapseln - angereichert mit Cranberry-Extrakt - JeaKen","og_description":"Nat\u00fcrliche und sichere Behandlung von UTI und Blasenentz\u00fcndung","og_url":"https:\/\/jeaken.com\/de\/produkt\/d-mannose-pulver-in-kapseln-verbessert-mit-cranberry-extrakt-2\/","og_site_name":"JeaKen","article_modified_time":"2022-09-08T15:00:58+00:00","og_image":[{"width":635,"height":744,"url":"https:\/\/jeaken.com\/wp-content\/uploads\/2022\/07\/Front-11.jpg","type":"image\/jpeg"}],"twitter_card":"summary_large_image","twitter_misc":{"Est. reading time":"1 minute"},"schema":{"@context":"https:\/\/schema.org","@graph":[{"@type":"WebPage","@id":"https:\/\/jeaken.com\/de\/produkt\/d-mannose-pulver-in-kapseln-verbessert-mit-cranberry-extrakt-2\/","url":"https:\/\/jeaken.com\/de\/produkt\/d-mannose-pulver-in-kapseln-verbessert-mit-cranberry-extrakt-2\/","name":"D-Mannose-Pulver in Kapseln - angereichert mit Cranberry-Extrakt - JeaKen","isPartOf":{"@id":"https:\/\/jeaken.com\/de\/#website"},"primaryImageOfPage":{"@id":"https:\/\/jeaken.com\/de\/produkt\/d-mannose-pulver-in-kapseln-verbessert-mit-cranberry-extrakt-2\/#primaryimage"},"image":{"@id":"https:\/\/jeaken.com\/de\/produkt\/d-mannose-pulver-in-kapseln-verbessert-mit-cranberry-extrakt-2\/#primaryimage"},"thumbnailUrl":"https:\/\/jeaken.com\/wp-content\/uploads\/2022\/07\/Front-11.jpg","datePublished":"2022-07-21T18:18:22+00:00","dateModified":"2022-09-08T15:00:58+00:00","breadcrumb":{"@id":"https:\/\/jeaken.com\/de\/produkt\/d-mannose-pulver-in-kapseln-verbessert-mit-cranberry-extrakt-2\/#breadcrumb"},"inLanguage":"de-DE","potentialAction":[{"@type":"ReadAction","target":["https:\/\/jeaken.com\/de\/produkt\/d-mannose-pulver-in-kapseln-verbessert-mit-cranberry-extrakt-2\/"]}]},{"@type":"ImageObject","inLanguage":"de-DE","@id":"https:\/\/jeaken.com\/de\/produkt\/d-mannose-pulver-in-kapseln-verbessert-mit-cranberry-extrakt-2\/#primaryimage","url":"https:\/\/jeaken.com\/wp-content\/uploads\/2022\/07\/Front-11.jpg","contentUrl":"https:\/\/jeaken.com\/wp-content\/uploads\/2022\/07\/Front-11.jpg","width":635,"height":744,"caption":"D-Mannose Powder"},{"@type":"BreadcrumbList","@id":"https:\/\/jeaken.com\/de\/produkt\/d-mannose-pulver-in-kapseln-verbessert-mit-cranberry-extrakt-2\/#breadcrumb","itemListElement":[{"@type":"ListItem","position":1,"name":"Home","item":"https:\/\/jeaken.com\/de\/"},{"@type":"ListItem","position":2,"name":"Private: Shop","item":"https:\/\/jeaken.com\/shop\/"},{"@type":"ListItem","position":3,"name":"D-Mannose-Pulver in Kapseln &#8211; angereichert mit Cranberry-Extrakt"}]},{"@type":"WebSite","@id":"https:\/\/jeaken.com\/de\/#website","url":"https:\/\/jeaken.com\/de\/","name":"JeaKen","description":"Organic Supplements for Health, Fitness and Nutrition","publisher":{"@id":"https:\/\/jeaken.com\/de\/#organization"},"potentialAction":[{"@type":"SearchAction","target":{"@type":"EntryPoint","urlTemplate":"https:\/\/jeaken.com\/de\/?s={search_term_string}"},"query-input":"required name=search_term_string"}],"inLanguage":"de-DE"},{"@type":"Organization","@id":"https:\/\/jeaken.com\/de\/#organization","name":"JeaKen","url":"https:\/\/jeaken.com\/de\/","logo":{"@type":"ImageObject","inLanguage":"de-DE","@id":"https:\/\/jeaken.com\/de\/#\/schema\/logo\/image\/","url":"https:\/\/jeaken.com\/wp-content\/uploads\/2022\/06\/jeaken-logo-23.png","contentUrl":"https:\/\/jeaken.com\/wp-content\/uploads\/2022\/06\/jeaken-logo-23.png","width":2486,"height":736,"caption":"JeaKen"},"image":{"@id":"https:\/\/jeaken.com\/de\/#\/schema\/logo\/image\/"}}]}},"jetpack_sharing_enabled":true,"_links":{"self":[{"href":"https:\/\/jeaken.com\/de\/wp-json\/wp\/v2\/product\/6853","targetHints":{"allow":["GET"]}}],"collection":[{"href":"https:\/\/jeaken.com\/de\/wp-json\/wp\/v2\/product"}],"about":[{"href":"https:\/\/jeaken.com\/de\/wp-json\/wp\/v2\/types\/product"}],"wp:featuredmedia":[{"embeddable":true,"href":"https:\/\/jeaken.com\/de\/wp-json\/wp\/v2\/media\/15176"}],"wp:attachment":[{"href":"https:\/\/jeaken.com\/de\/wp-json\/wp\/v2\/media?parent=6853"}],"wp:term":[{"taxonomy":"product_cat","embeddable":true,"href":"https:\/\/jeaken.com\/de\/wp-json\/wp\/v2\/product_cat?post=6853"},{"taxonomy":"product_tag","embeddable":true,"href":"https:\/\/jeaken.com\/de\/wp-json\/wp\/v2\/product_tag?post=6853"}],"curies":[{"name":"wp","href":"https:\/\/api.w.org\/{rel}","templated":true}]}}