{"id":6845,"date":"2022-07-21T19:18:21","date_gmt":"2022-07-21T18:18:21","guid":{"rendered":"https:\/1658920591610?product=collagen-retinol-anti-ageing-gesichtscreme-fuer-trockene-haut-mit-hyaluronsaeure-50ml-flasche"},"modified":"2022-08-09T15:13:53","modified_gmt":"2022-08-09T14:13:53","slug":"collagen-retinol-anti-ageing-gesichtscreme-fuer-trockene-haut-mit-hyaluronsaeure-50ml-flasche","status":"publish","type":"product","link":"https:\/\/jeaken.com\/de\/produkt\/collagen-retinol-anti-ageing-gesichtscreme-fuer-trockene-haut-mit-hyaluronsaeure-50ml-flasche\/","title":{"rendered":"Collagen-Retinol-Anti-Ageing-Gesichtscreme f\u00fcr trockene Haut mit Hyalurons\u00e4ure. 50ml-Flasche"},"content":{"rendered":"<p><strong><span class=\"a-list-item\">ANTI-AGEING-GESICHTSCREME F\u00dcR M\u00c4NNER UND FRAUEN  <\/span><\/strong><\/p>\n<p><span class=\"a-list-item\">Unsere Collagen-Retinol-Feuchtigkeitspflege enth\u00e4lt eine Reihe wirksamer nat\u00fcrlicher Anti-Aging-Wirkstoffe. Mit zunehmendem Alter nimmt die F\u00e4higkeit der Haut, Kollagen zu produzieren, ab, wodurch die Haut ihre Elastizit\u00e4t verliert.<\/span><\/p>\n<p><strong><span class=\"a-list-item\">BEK\u00c4MPFT FALTEN  <\/span><\/strong><\/p>\n<p><span class=\"a-list-item\">Diese leistungsstarke Gesichtscreme liefert Kollagen direkt in die Dermisschicht der Haut, mindert das Erscheinungsbild von Falten und versorgt die Haut mit Feuchtigkeit und N\u00e4hrstoffen.<\/span><\/p>\n<p><span class=\"a-list-item\"><strong>SUPERREICHE RETINOLQUELLE  <\/strong><\/span><\/p>\n<p><span class=\"a-list-item\">Die Feuchtigkeitscreme f\u00fcr das Gesicht enth\u00e4lt au\u00dferdem Passionsfrucht\u00f6l und Gr\u00fcntee-Extrakt, die reich an Vitamin A sind. Dieses essenzielle Vitamin unterst\u00fctzt die Bildung von Fibroblasten, was zu einer strafferen, festeren Haut mittlerer Konsistenz f\u00fchrt.<\/span><\/p>\n<p>&nbsp;<\/p>\n<p>&nbsp;<\/p>\n","protected":false},"excerpt":{"rendered":"<h4>Leistungsstarke Anti-Falten-Creme f\u00fcr straffere, festere und j\u00fcnger aussehende Haut.<\/h4>\n","protected":false},"featured_media":4721,"template":"","meta":{"site-sidebar-layout":"default","site-content-layout":"default","ast-site-content-layout":"default","site-content-style":"default","site-sidebar-style":"default","ast-global-header-display":"","ast-banner-title-visibility":"","ast-main-header-display":"","ast-hfb-above-header-display":"","ast-hfb-below-header-display":"","ast-hfb-mobile-header-display":"","site-post-title":"","ast-breadcrumbs-content":"","ast-featured-img":"","footer-sml-layout":"","theme-transparent-header-meta":"default","adv-header-id-meta":"","stick-header-meta":"default","header-above-stick-meta":"","header-main-stick-meta":"","header-below-stick-meta":"","astra-migrate-meta-layouts":"default","ast-page-background-enabled":"default","ast-page-background-meta":{"desktop":{"background-color":"","background-image":"","background-repeat":"repeat","background-position":"center center","background-size":"auto","background-attachment":"scroll","background-type":"","background-media":"","overlay-type":"","overlay-color":"","overlay-opacity":"","overlay-gradient":""},"tablet":{"background-color":"","background-image":"","background-repeat":"repeat","background-position":"center center","background-size":"auto","background-attachment":"scroll","background-type":"","background-media":"","overlay-type":"","overlay-color":"","overlay-opacity":"","overlay-gradient":""},"mobile":{"background-color":"","background-image":"","background-repeat":"repeat","background-position":"center center","background-size":"auto","background-attachment":"scroll","background-type":"","background-media":"","overlay-type":"","overlay-color":"","overlay-opacity":"","overlay-gradient":""}},"ast-content-background-meta":{"desktop":{"background-color":"var(--ast-global-color-5)","background-image":"","background-repeat":"repeat","background-position":"center center","background-size":"auto","background-attachment":"scroll","background-type":"","background-media":"","overlay-type":"","overlay-color":"","overlay-opacity":"","overlay-gradient":""},"tablet":{"background-color":"var(--ast-global-color-5)","background-image":"","background-repeat":"repeat","background-position":"center center","background-size":"auto","background-attachment":"scroll","background-type":"","background-media":"","overlay-type":"","overlay-color":"","overlay-opacity":"","overlay-gradient":""},"mobile":{"background-color":"var(--ast-global-color-5)","background-image":"","background-repeat":"repeat","background-position":"center center","background-size":"auto","background-attachment":"scroll","background-type":"","background-media":"","overlay-type":"","overlay-color":"","overlay-opacity":"","overlay-gradient":""}}},"product_cat":[527,526],"product_tag":[1190,1192,1195,1206,1205,1201,1197,1198,1203,1204,1207,1208],"class_list":{"0":"post-6845","1":"product","2":"type-product","3":"status-publish","4":"has-post-thumbnail","6":"product_cat-anti-aging-de","7":"product_cat-naturliche-schonheit","8":"product_tag-aknebehandlung","9":"product_tag-anti-falten","10":"product_tag-anti-falten-creme","11":"product_tag-das-gewohnliche-retinol","12":"product_tag-hautaufhellungscreme-fur-dunkle-haut","13":"product_tag-retinol-gesichtsserum","14":"product_tag-retinol-creme","15":"product_tag-retinol-creme-gesicht","16":"product_tag-retinol-serum-de","17":"product_tag-retinol-serum-mit-hoher-wirksamkeit-fur-das-gesicht","18":"product_tag-tretinoin-creme","19":"product_tag-vitamin-e-ol-fur-das-gesicht","20":"has-subscription-plans","21":"desktop-align-left","22":"tablet-align-left","23":"mobile-align-left","25":"first","26":"outofstock","27":"sale","28":"taxable","29":"shipping-taxable","30":"purchasable","31":"product-type-simple"},"yoast_head":"<!-- This site is optimized with the Yoast SEO plugin v22.7 - https:\/\/yoast.com\/wordpress\/plugins\/seo\/ -->\n<title>Collagen-Retinol-Anti-Ageing-Gesichtscreme f\u00fcr trockene Haut mit Hyalurons\u00e4ure. 50ml-Flasche - JeaKen<\/title>\n<meta name=\"robots\" content=\"index, follow, max-snippet:-1, max-image-preview:large, max-video-preview:-1\" \/>\n<link rel=\"canonical\" href=\"https:\/\/jeaken.com\/de\/produkt\/collagen-retinol-anti-ageing-gesichtscreme-fuer-trockene-haut-mit-hyaluronsaeure-50ml-flasche\/\" \/>\n<meta property=\"og:locale\" content=\"de_DE\" \/>\n<meta property=\"og:type\" content=\"article\" \/>\n<meta property=\"og:title\" content=\"Collagen-Retinol-Anti-Ageing-Gesichtscreme f\u00fcr trockene Haut mit Hyalurons\u00e4ure. 50ml-Flasche - JeaKen\" \/>\n<meta property=\"og:description\" content=\"Leistungsstarke Anti-Falten-Creme f\u00fcr straffere, festere und j\u00fcnger aussehende Haut.\" \/>\n<meta property=\"og:url\" content=\"https:\/\/jeaken.com\/de\/produkt\/collagen-retinol-anti-ageing-gesichtscreme-fuer-trockene-haut-mit-hyaluronsaeure-50ml-flasche\/\" \/>\n<meta property=\"og:site_name\" content=\"JeaKen\" \/>\n<meta property=\"article:modified_time\" content=\"2022-08-09T14:13:53+00:00\" \/>\n<meta property=\"og:image\" content=\"https:\/\/jeaken.com\/wp-content\/uploads\/2022\/07\/71QlbREVamL._AC_SL1500_.jpg\" \/>\n\t<meta property=\"og:image:width\" content=\"600\" \/>\n\t<meta property=\"og:image:height\" content=\"600\" \/>\n\t<meta property=\"og:image:type\" content=\"image\/jpeg\" \/>\n<meta name=\"twitter:card\" content=\"summary_large_image\" \/>\n<meta name=\"twitter:label1\" content=\"Est. reading time\" \/>\n\t<meta name=\"twitter:data1\" content=\"1 minute\" \/>\n<script type=\"application\/ld+json\" class=\"yoast-schema-graph\">{\"@context\":\"https:\/\/schema.org\",\"@graph\":[{\"@type\":\"WebPage\",\"@id\":\"https:\/\/jeaken.com\/de\/produkt\/collagen-retinol-anti-ageing-gesichtscreme-fuer-trockene-haut-mit-hyaluronsaeure-50ml-flasche\/\",\"url\":\"https:\/\/jeaken.com\/de\/produkt\/collagen-retinol-anti-ageing-gesichtscreme-fuer-trockene-haut-mit-hyaluronsaeure-50ml-flasche\/\",\"name\":\"Collagen-Retinol-Anti-Ageing-Gesichtscreme f\u00fcr trockene Haut mit Hyalurons\u00e4ure. 50ml-Flasche - JeaKen\",\"isPartOf\":{\"@id\":\"https:\/\/jeaken.com\/de\/#website\"},\"primaryImageOfPage\":{\"@id\":\"https:\/\/jeaken.com\/de\/produkt\/collagen-retinol-anti-ageing-gesichtscreme-fuer-trockene-haut-mit-hyaluronsaeure-50ml-flasche\/#primaryimage\"},\"image\":{\"@id\":\"https:\/\/jeaken.com\/de\/produkt\/collagen-retinol-anti-ageing-gesichtscreme-fuer-trockene-haut-mit-hyaluronsaeure-50ml-flasche\/#primaryimage\"},\"thumbnailUrl\":\"https:\/\/jeaken.com\/wp-content\/uploads\/2022\/07\/71QlbREVamL._AC_SL1500_.jpg\",\"datePublished\":\"2022-07-21T18:18:21+00:00\",\"dateModified\":\"2022-08-09T14:13:53+00:00\",\"breadcrumb\":{\"@id\":\"https:\/\/jeaken.com\/de\/produkt\/collagen-retinol-anti-ageing-gesichtscreme-fuer-trockene-haut-mit-hyaluronsaeure-50ml-flasche\/#breadcrumb\"},\"inLanguage\":\"de-DE\",\"potentialAction\":[{\"@type\":\"ReadAction\",\"target\":[\"https:\/\/jeaken.com\/de\/produkt\/collagen-retinol-anti-ageing-gesichtscreme-fuer-trockene-haut-mit-hyaluronsaeure-50ml-flasche\/\"]}]},{\"@type\":\"ImageObject\",\"inLanguage\":\"de-DE\",\"@id\":\"https:\/\/jeaken.com\/de\/produkt\/collagen-retinol-anti-ageing-gesichtscreme-fuer-trockene-haut-mit-hyaluronsaeure-50ml-flasche\/#primaryimage\",\"url\":\"https:\/\/jeaken.com\/wp-content\/uploads\/2022\/07\/71QlbREVamL._AC_SL1500_.jpg\",\"contentUrl\":\"https:\/\/jeaken.com\/wp-content\/uploads\/2022\/07\/71QlbREVamL._AC_SL1500_.jpg\",\"width\":600,\"height\":600,\"caption\":\"Collagen Retinol Anti-Ageing Face Cream For Dry Skin With Hyaluronic Acid. 50ml Bottle\"},{\"@type\":\"BreadcrumbList\",\"@id\":\"https:\/\/jeaken.com\/de\/produkt\/collagen-retinol-anti-ageing-gesichtscreme-fuer-trockene-haut-mit-hyaluronsaeure-50ml-flasche\/#breadcrumb\",\"itemListElement\":[{\"@type\":\"ListItem\",\"position\":1,\"name\":\"Home\",\"item\":\"https:\/\/jeaken.com\/de\/\"},{\"@type\":\"ListItem\",\"position\":2,\"name\":\"Private: Shop\",\"item\":\"https:\/\/jeaken.com\/shop\/\"},{\"@type\":\"ListItem\",\"position\":3,\"name\":\"Collagen-Retinol-Anti-Ageing-Gesichtscreme f\u00fcr trockene Haut mit Hyalurons\u00e4ure. 50ml-Flasche\"}]},{\"@type\":\"WebSite\",\"@id\":\"https:\/\/jeaken.com\/de\/#website\",\"url\":\"https:\/\/jeaken.com\/de\/\",\"name\":\"JeaKen\",\"description\":\"Organic Supplements for Health, Fitness and Nutrition\",\"publisher\":{\"@id\":\"https:\/\/jeaken.com\/de\/#organization\"},\"potentialAction\":[{\"@type\":\"SearchAction\",\"target\":{\"@type\":\"EntryPoint\",\"urlTemplate\":\"https:\/\/jeaken.com\/de\/?s={search_term_string}\"},\"query-input\":\"required name=search_term_string\"}],\"inLanguage\":\"de-DE\"},{\"@type\":\"Organization\",\"@id\":\"https:\/\/jeaken.com\/de\/#organization\",\"name\":\"JeaKen\",\"url\":\"https:\/\/jeaken.com\/de\/\",\"logo\":{\"@type\":\"ImageObject\",\"inLanguage\":\"de-DE\",\"@id\":\"https:\/\/jeaken.com\/de\/#\/schema\/logo\/image\/\",\"url\":\"https:\/\/jeaken.com\/wp-content\/uploads\/2022\/06\/jeaken-logo-23.png\",\"contentUrl\":\"https:\/\/jeaken.com\/wp-content\/uploads\/2022\/06\/jeaken-logo-23.png\",\"width\":2486,\"height\":736,\"caption\":\"JeaKen\"},\"image\":{\"@id\":\"https:\/\/jeaken.com\/de\/#\/schema\/logo\/image\/\"}}]}<\/script>\n<!-- \/ Yoast SEO plugin. -->","yoast_head_json":{"title":"Collagen-Retinol-Anti-Ageing-Gesichtscreme f\u00fcr trockene Haut mit Hyalurons\u00e4ure. 50ml-Flasche - JeaKen","robots":{"index":"index","follow":"follow","max-snippet":"max-snippet:-1","max-image-preview":"max-image-preview:large","max-video-preview":"max-video-preview:-1"},"canonical":"https:\/\/jeaken.com\/de\/produkt\/collagen-retinol-anti-ageing-gesichtscreme-fuer-trockene-haut-mit-hyaluronsaeure-50ml-flasche\/","og_locale":"de_DE","og_type":"article","og_title":"Collagen-Retinol-Anti-Ageing-Gesichtscreme f\u00fcr trockene Haut mit Hyalurons\u00e4ure. 50ml-Flasche - JeaKen","og_description":"Leistungsstarke Anti-Falten-Creme f\u00fcr straffere, festere und j\u00fcnger aussehende Haut.","og_url":"https:\/\/jeaken.com\/de\/produkt\/collagen-retinol-anti-ageing-gesichtscreme-fuer-trockene-haut-mit-hyaluronsaeure-50ml-flasche\/","og_site_name":"JeaKen","article_modified_time":"2022-08-09T14:13:53+00:00","og_image":[{"width":600,"height":600,"url":"https:\/\/jeaken.com\/wp-content\/uploads\/2022\/07\/71QlbREVamL._AC_SL1500_.jpg","type":"image\/jpeg"}],"twitter_card":"summary_large_image","twitter_misc":{"Est. reading time":"1 minute"},"schema":{"@context":"https:\/\/schema.org","@graph":[{"@type":"WebPage","@id":"https:\/\/jeaken.com\/de\/produkt\/collagen-retinol-anti-ageing-gesichtscreme-fuer-trockene-haut-mit-hyaluronsaeure-50ml-flasche\/","url":"https:\/\/jeaken.com\/de\/produkt\/collagen-retinol-anti-ageing-gesichtscreme-fuer-trockene-haut-mit-hyaluronsaeure-50ml-flasche\/","name":"Collagen-Retinol-Anti-Ageing-Gesichtscreme f\u00fcr trockene Haut mit Hyalurons\u00e4ure. 50ml-Flasche - JeaKen","isPartOf":{"@id":"https:\/\/jeaken.com\/de\/#website"},"primaryImageOfPage":{"@id":"https:\/\/jeaken.com\/de\/produkt\/collagen-retinol-anti-ageing-gesichtscreme-fuer-trockene-haut-mit-hyaluronsaeure-50ml-flasche\/#primaryimage"},"image":{"@id":"https:\/\/jeaken.com\/de\/produkt\/collagen-retinol-anti-ageing-gesichtscreme-fuer-trockene-haut-mit-hyaluronsaeure-50ml-flasche\/#primaryimage"},"thumbnailUrl":"https:\/\/jeaken.com\/wp-content\/uploads\/2022\/07\/71QlbREVamL._AC_SL1500_.jpg","datePublished":"2022-07-21T18:18:21+00:00","dateModified":"2022-08-09T14:13:53+00:00","breadcrumb":{"@id":"https:\/\/jeaken.com\/de\/produkt\/collagen-retinol-anti-ageing-gesichtscreme-fuer-trockene-haut-mit-hyaluronsaeure-50ml-flasche\/#breadcrumb"},"inLanguage":"de-DE","potentialAction":[{"@type":"ReadAction","target":["https:\/\/jeaken.com\/de\/produkt\/collagen-retinol-anti-ageing-gesichtscreme-fuer-trockene-haut-mit-hyaluronsaeure-50ml-flasche\/"]}]},{"@type":"ImageObject","inLanguage":"de-DE","@id":"https:\/\/jeaken.com\/de\/produkt\/collagen-retinol-anti-ageing-gesichtscreme-fuer-trockene-haut-mit-hyaluronsaeure-50ml-flasche\/#primaryimage","url":"https:\/\/jeaken.com\/wp-content\/uploads\/2022\/07\/71QlbREVamL._AC_SL1500_.jpg","contentUrl":"https:\/\/jeaken.com\/wp-content\/uploads\/2022\/07\/71QlbREVamL._AC_SL1500_.jpg","width":600,"height":600,"caption":"Collagen Retinol Anti-Ageing Face Cream For Dry Skin With Hyaluronic Acid. 50ml Bottle"},{"@type":"BreadcrumbList","@id":"https:\/\/jeaken.com\/de\/produkt\/collagen-retinol-anti-ageing-gesichtscreme-fuer-trockene-haut-mit-hyaluronsaeure-50ml-flasche\/#breadcrumb","itemListElement":[{"@type":"ListItem","position":1,"name":"Home","item":"https:\/\/jeaken.com\/de\/"},{"@type":"ListItem","position":2,"name":"Private: Shop","item":"https:\/\/jeaken.com\/shop\/"},{"@type":"ListItem","position":3,"name":"Collagen-Retinol-Anti-Ageing-Gesichtscreme f\u00fcr trockene Haut mit Hyalurons\u00e4ure. 50ml-Flasche"}]},{"@type":"WebSite","@id":"https:\/\/jeaken.com\/de\/#website","url":"https:\/\/jeaken.com\/de\/","name":"JeaKen","description":"Organic Supplements for Health, Fitness and Nutrition","publisher":{"@id":"https:\/\/jeaken.com\/de\/#organization"},"potentialAction":[{"@type":"SearchAction","target":{"@type":"EntryPoint","urlTemplate":"https:\/\/jeaken.com\/de\/?s={search_term_string}"},"query-input":"required name=search_term_string"}],"inLanguage":"de-DE"},{"@type":"Organization","@id":"https:\/\/jeaken.com\/de\/#organization","name":"JeaKen","url":"https:\/\/jeaken.com\/de\/","logo":{"@type":"ImageObject","inLanguage":"de-DE","@id":"https:\/\/jeaken.com\/de\/#\/schema\/logo\/image\/","url":"https:\/\/jeaken.com\/wp-content\/uploads\/2022\/06\/jeaken-logo-23.png","contentUrl":"https:\/\/jeaken.com\/wp-content\/uploads\/2022\/06\/jeaken-logo-23.png","width":2486,"height":736,"caption":"JeaKen"},"image":{"@id":"https:\/\/jeaken.com\/de\/#\/schema\/logo\/image\/"}}]}},"jetpack_sharing_enabled":true,"_links":{"self":[{"href":"https:\/\/jeaken.com\/de\/wp-json\/wp\/v2\/product\/6845","targetHints":{"allow":["GET"]}}],"collection":[{"href":"https:\/\/jeaken.com\/de\/wp-json\/wp\/v2\/product"}],"about":[{"href":"https:\/\/jeaken.com\/de\/wp-json\/wp\/v2\/types\/product"}],"wp:featuredmedia":[{"embeddable":true,"href":"https:\/\/jeaken.com\/de\/wp-json\/wp\/v2\/media\/4721"}],"wp:attachment":[{"href":"https:\/\/jeaken.com\/de\/wp-json\/wp\/v2\/media?parent=6845"}],"wp:term":[{"taxonomy":"product_cat","embeddable":true,"href":"https:\/\/jeaken.com\/de\/wp-json\/wp\/v2\/product_cat?post=6845"},{"taxonomy":"product_tag","embeddable":true,"href":"https:\/\/jeaken.com\/de\/wp-json\/wp\/v2\/product_tag?post=6845"}],"curies":[{"name":"wp","href":"https:\/\/api.w.org\/{rel}","templated":true}]}}