{"id":6832,"date":"2022-07-21T19:18:22","date_gmt":"2022-07-21T18:18:22","guid":{"rendered":"https:\/1658920591610?product=vitamin-b12-hohe-staerke-1000mcg-b12-methylcobalamin-120-kapseln"},"modified":"2022-08-09T15:13:49","modified_gmt":"2022-08-09T14:13:49","slug":"vitamin-b12-hohe-staerke-1000mcg-b12-methylcobalamin-120-kapseln","status":"publish","type":"product","link":"https:\/\/jeaken.com\/de\/produkt\/vitamin-b12-hohe-staerke-1000mcg-b12-methylcobalamin-120-kapseln\/","title":{"rendered":"Vitamin B12 Hohe St\u00e4rke &#8211; 1000mcg B12 Methylcobalamin (120 Kapseln)"},"content":{"rendered":"<p><span class=\"a-list-item\"><strong>HOHE BIOVERF\u00dcGBARKEIT UND POTENZ<\/strong> <\/span><\/p>\n<p><span class=\"a-list-item\">F\u00fcr unsere Vitamin B12-Kapseln werden nur die hochwertigsten Inhaltsstoffe f\u00fcr eine verbesserte Bioverf\u00fcgbarkeit verwendet. Jede Tablette enth\u00e4lt 1000mcg reines Methylcobalamin (eine hochwertige Form von Vitamin B12, die eine effiziente und hohe Absorptionsrate durch den K\u00f6rper bietet). Unsere Tabletten wurden speziell f\u00fcr eine zeitlich abgestimmte Freisetzung von Vitamin B12 entwickelt, um M\u00fcdigkeit und Erm\u00fcdung zu bek\u00e4mpfen und sicherzustellen, dass Sie sich den ganzen Tag \u00fcber energiegeladen f\u00fchlen.<\/span><\/p>\n<p><strong>UNTERST\u00dcTZT DIE BILDUNG ROTER BLUTK\u00d6RPERCHEN<\/strong><\/p>\n<p>Unsere Kapseln wurden entwickelt, um die Bildung roter Blutk\u00f6rperchen zu unterst\u00fctzen, die den Transport von lebenswichtigem Sauerstoff im K\u00f6rper erleichtern.<\/p>\n<p><strong>F\u00d6RDERT EIN GESUNDES IMMUN- UND NERVENSYSTEM  <\/strong><\/p>\n<p>Wir verwenden das hochwertigste <span class=\"a-list-item\">Vitamin B12, das ein starkes Immun- und Nervensystem f\u00f6rdert. <\/span> <\/p>\n<p><strong><span class=\"a-list-item\">GEEIGNET F\u00dcR M\u00c4NNER UND FRAUEN  <\/span><\/strong><\/p>\n<p><span class=\"a-list-item\">Unsere Vitamin B12-Kapseln k\u00f6nnen sowohl von M\u00e4nnern als auch von Frauen eingenommen werden.<\/span><\/p>\n<p><strong><span style=\"font-size: 16px;\">VEGAN- UND VEGETARIERFREUNDLICH  <\/span><\/strong><\/p>\n<p><span style=\"font-size: 16px;\">Unsere Kapseln sind f\u00fcr Vegetarier und Veganer geeignet und sind frei von GVO-Zutaten und Allergenen wie Gluten, Laktose, Soja, N\u00fcssen und Nussspuren.<\/span><\/p>\n<p><strong><span class=\"a-list-item\">VON FACHLEUTEN FORMULIERT  <\/span><\/strong><\/p>\n<p><span class=\"a-list-item\">Unsere hochkonzentrierten B12-Erg\u00e4nzungstabletten wurden von medizinischem Fachpersonal formuliert und nach hohen Qualit\u00e4tskontrollstandards gem\u00e4\u00df GMP-Richtlinien hergestellt.<\/span><\/p>\n","protected":false},"excerpt":{"rendered":"<h4><strong><span id=\"productTitle\" class=\"a-size-large product-title-word-break\">Jede hochwirksame Kapsel enth\u00e4lt <\/span><span class=\"a-size-large product-title-word-break\">1000mcg B12 Methylcobalamin zur Bek\u00e4mpfung von M\u00fcdigkeit und Ersch\u00f6pfung, zur Unterst\u00fctzung der Bildung roter Blutk\u00f6rperchen und zur F\u00f6rderung eines gesunden Immun- und Nervensystems.<\/span><\/strong><\/h4>\n<p>&nbsp;<\/p>\n","protected":false},"featured_media":2771,"template":"","meta":{"site-sidebar-layout":"default","site-content-layout":"default","ast-site-content-layout":"default","site-content-style":"default","site-sidebar-style":"default","ast-global-header-display":"","ast-banner-title-visibility":"","ast-main-header-display":"","ast-hfb-above-header-display":"","ast-hfb-below-header-display":"","ast-hfb-mobile-header-display":"","site-post-title":"","ast-breadcrumbs-content":"","ast-featured-img":"","footer-sml-layout":"","theme-transparent-header-meta":"default","adv-header-id-meta":"","stick-header-meta":"default","header-above-stick-meta":"","header-main-stick-meta":"","header-below-stick-meta":"","astra-migrate-meta-layouts":"default","ast-page-background-enabled":"default","ast-page-background-meta":{"desktop":{"background-color":"","background-image":"","background-repeat":"repeat","background-position":"center center","background-size":"auto","background-attachment":"scroll","background-type":"","background-media":"","overlay-type":"","overlay-color":"","overlay-opacity":"","overlay-gradient":""},"tablet":{"background-color":"","background-image":"","background-repeat":"repeat","background-position":"center center","background-size":"auto","background-attachment":"scroll","background-type":"","background-media":"","overlay-type":"","overlay-color":"","overlay-opacity":"","overlay-gradient":""},"mobile":{"background-color":"","background-image":"","background-repeat":"repeat","background-position":"center center","background-size":"auto","background-attachment":"scroll","background-type":"","background-media":"","overlay-type":"","overlay-color":"","overlay-opacity":"","overlay-gradient":""}},"ast-content-background-meta":{"desktop":{"background-color":"var(--ast-global-color-5)","background-image":"","background-repeat":"repeat","background-position":"center center","background-size":"auto","background-attachment":"scroll","background-type":"","background-media":"","overlay-type":"","overlay-color":"","overlay-opacity":"","overlay-gradient":""},"tablet":{"background-color":"var(--ast-global-color-5)","background-image":"","background-repeat":"repeat","background-position":"center center","background-size":"auto","background-attachment":"scroll","background-type":"","background-media":"","overlay-type":"","overlay-color":"","overlay-opacity":"","overlay-gradient":""},"mobile":{"background-color":"var(--ast-global-color-5)","background-image":"","background-repeat":"repeat","background-position":"center center","background-size":"auto","background-attachment":"scroll","background-type":"","background-media":"","overlay-type":"","overlay-color":"","overlay-opacity":"","overlay-gradient":""}}},"product_cat":[583,634],"product_tag":[],"class_list":{"0":"post-6832","1":"product","2":"type-product","3":"status-publish","4":"has-post-thumbnail","6":"product_cat-ermudung","7":"product_cat-vitamine-und-mineralien","8":"has-subscription-plans","9":"desktop-align-left","10":"tablet-align-left","11":"mobile-align-left","13":"first","14":"instock","15":"taxable","16":"shipping-taxable","17":"purchasable","18":"product-type-simple"},"yoast_head":"<!-- This site is optimized with the Yoast SEO plugin v22.7 - https:\/\/yoast.com\/wordpress\/plugins\/seo\/ -->\n<title>Vitamin B12 Hohe St\u00e4rke - 1000mcg B12 Methylcobalamin (120 Kapseln) - JeaKen<\/title>\n<meta name=\"robots\" content=\"index, follow, max-snippet:-1, max-image-preview:large, max-video-preview:-1\" \/>\n<link rel=\"canonical\" href=\"https:\/\/jeaken.com\/de\/produkt\/vitamin-b12-hohe-staerke-1000mcg-b12-methylcobalamin-120-kapseln\/\" \/>\n<meta property=\"og:locale\" content=\"de_DE\" \/>\n<meta property=\"og:type\" content=\"article\" \/>\n<meta property=\"og:title\" content=\"Vitamin B12 Hohe St\u00e4rke - 1000mcg B12 Methylcobalamin (120 Kapseln) - JeaKen\" \/>\n<meta property=\"og:description\" content=\"Jede hochwirksame Kapsel enth\u00e4lt 1000mcg B12 Methylcobalamin zur Bek\u00e4mpfung von M\u00fcdigkeit und Ersch\u00f6pfung, zur Unterst\u00fctzung der Bildung roter Blutk\u00f6rperchen und zur F\u00f6rderung eines gesunden Immun- und Nervensystems. &nbsp;\" \/>\n<meta property=\"og:url\" content=\"https:\/\/jeaken.com\/de\/produkt\/vitamin-b12-hohe-staerke-1000mcg-b12-methylcobalamin-120-kapseln\/\" \/>\n<meta property=\"og:site_name\" content=\"JeaKen\" \/>\n<meta property=\"article:modified_time\" content=\"2022-08-09T14:13:49+00:00\" \/>\n<meta property=\"og:image\" content=\"https:\/\/jeaken.com\/wp-content\/uploads\/2022\/07\/81UZrfAZwML._AC_SL1500_-1-1.jpg\" \/>\n\t<meta property=\"og:image:width\" content=\"600\" \/>\n\t<meta property=\"og:image:height\" content=\"600\" \/>\n\t<meta property=\"og:image:type\" content=\"image\/jpeg\" \/>\n<meta name=\"twitter:card\" content=\"summary_large_image\" \/>\n<meta name=\"twitter:label1\" content=\"Est. reading time\" \/>\n\t<meta name=\"twitter:data1\" content=\"1 minute\" \/>\n<script type=\"application\/ld+json\" class=\"yoast-schema-graph\">{\"@context\":\"https:\/\/schema.org\",\"@graph\":[{\"@type\":\"WebPage\",\"@id\":\"https:\/\/jeaken.com\/de\/produkt\/vitamin-b12-hohe-staerke-1000mcg-b12-methylcobalamin-120-kapseln\/\",\"url\":\"https:\/\/jeaken.com\/de\/produkt\/vitamin-b12-hohe-staerke-1000mcg-b12-methylcobalamin-120-kapseln\/\",\"name\":\"Vitamin B12 Hohe St\u00e4rke - 1000mcg B12 Methylcobalamin (120 Kapseln) - JeaKen\",\"isPartOf\":{\"@id\":\"https:\/\/jeaken.com\/de\/#website\"},\"primaryImageOfPage\":{\"@id\":\"https:\/\/jeaken.com\/de\/produkt\/vitamin-b12-hohe-staerke-1000mcg-b12-methylcobalamin-120-kapseln\/#primaryimage\"},\"image\":{\"@id\":\"https:\/\/jeaken.com\/de\/produkt\/vitamin-b12-hohe-staerke-1000mcg-b12-methylcobalamin-120-kapseln\/#primaryimage\"},\"thumbnailUrl\":\"https:\/\/jeaken.com\/wp-content\/uploads\/2022\/07\/81UZrfAZwML._AC_SL1500_-1-1.jpg\",\"datePublished\":\"2022-07-21T18:18:22+00:00\",\"dateModified\":\"2022-08-09T14:13:49+00:00\",\"breadcrumb\":{\"@id\":\"https:\/\/jeaken.com\/de\/produkt\/vitamin-b12-hohe-staerke-1000mcg-b12-methylcobalamin-120-kapseln\/#breadcrumb\"},\"inLanguage\":\"de-DE\",\"potentialAction\":[{\"@type\":\"ReadAction\",\"target\":[\"https:\/\/jeaken.com\/de\/produkt\/vitamin-b12-hohe-staerke-1000mcg-b12-methylcobalamin-120-kapseln\/\"]}]},{\"@type\":\"ImageObject\",\"inLanguage\":\"de-DE\",\"@id\":\"https:\/\/jeaken.com\/de\/produkt\/vitamin-b12-hohe-staerke-1000mcg-b12-methylcobalamin-120-kapseln\/#primaryimage\",\"url\":\"https:\/\/jeaken.com\/wp-content\/uploads\/2022\/07\/81UZrfAZwML._AC_SL1500_-1-1.jpg\",\"contentUrl\":\"https:\/\/jeaken.com\/wp-content\/uploads\/2022\/07\/81UZrfAZwML._AC_SL1500_-1-1.jpg\",\"width\":600,\"height\":600,\"caption\":\"Vitamin B12 High Strength - 1000mcg B12 Methylcobalamin\"},{\"@type\":\"BreadcrumbList\",\"@id\":\"https:\/\/jeaken.com\/de\/produkt\/vitamin-b12-hohe-staerke-1000mcg-b12-methylcobalamin-120-kapseln\/#breadcrumb\",\"itemListElement\":[{\"@type\":\"ListItem\",\"position\":1,\"name\":\"Home\",\"item\":\"https:\/\/jeaken.com\/de\/\"},{\"@type\":\"ListItem\",\"position\":2,\"name\":\"Private: Shop\",\"item\":\"https:\/\/jeaken.com\/shop\/\"},{\"@type\":\"ListItem\",\"position\":3,\"name\":\"Vitamin B12 Hohe St\u00e4rke &#8211; 1000mcg B12 Methylcobalamin (120 Kapseln)\"}]},{\"@type\":\"WebSite\",\"@id\":\"https:\/\/jeaken.com\/de\/#website\",\"url\":\"https:\/\/jeaken.com\/de\/\",\"name\":\"JeaKen\",\"description\":\"Organic Supplements for Health, Fitness and Nutrition\",\"publisher\":{\"@id\":\"https:\/\/jeaken.com\/de\/#organization\"},\"potentialAction\":[{\"@type\":\"SearchAction\",\"target\":{\"@type\":\"EntryPoint\",\"urlTemplate\":\"https:\/\/jeaken.com\/de\/?s={search_term_string}\"},\"query-input\":\"required name=search_term_string\"}],\"inLanguage\":\"de-DE\"},{\"@type\":\"Organization\",\"@id\":\"https:\/\/jeaken.com\/de\/#organization\",\"name\":\"JeaKen\",\"url\":\"https:\/\/jeaken.com\/de\/\",\"logo\":{\"@type\":\"ImageObject\",\"inLanguage\":\"de-DE\",\"@id\":\"https:\/\/jeaken.com\/de\/#\/schema\/logo\/image\/\",\"url\":\"https:\/\/jeaken.com\/wp-content\/uploads\/2022\/06\/jeaken-logo-23.png\",\"contentUrl\":\"https:\/\/jeaken.com\/wp-content\/uploads\/2022\/06\/jeaken-logo-23.png\",\"width\":2486,\"height\":736,\"caption\":\"JeaKen\"},\"image\":{\"@id\":\"https:\/\/jeaken.com\/de\/#\/schema\/logo\/image\/\"}}]}<\/script>\n<!-- \/ Yoast SEO plugin. -->","yoast_head_json":{"title":"Vitamin B12 Hohe St\u00e4rke - 1000mcg B12 Methylcobalamin (120 Kapseln) - JeaKen","robots":{"index":"index","follow":"follow","max-snippet":"max-snippet:-1","max-image-preview":"max-image-preview:large","max-video-preview":"max-video-preview:-1"},"canonical":"https:\/\/jeaken.com\/de\/produkt\/vitamin-b12-hohe-staerke-1000mcg-b12-methylcobalamin-120-kapseln\/","og_locale":"de_DE","og_type":"article","og_title":"Vitamin B12 Hohe St\u00e4rke - 1000mcg B12 Methylcobalamin (120 Kapseln) - JeaKen","og_description":"Jede hochwirksame Kapsel enth\u00e4lt 1000mcg B12 Methylcobalamin zur Bek\u00e4mpfung von M\u00fcdigkeit und Ersch\u00f6pfung, zur Unterst\u00fctzung der Bildung roter Blutk\u00f6rperchen und zur F\u00f6rderung eines gesunden Immun- und Nervensystems. &nbsp;","og_url":"https:\/\/jeaken.com\/de\/produkt\/vitamin-b12-hohe-staerke-1000mcg-b12-methylcobalamin-120-kapseln\/","og_site_name":"JeaKen","article_modified_time":"2022-08-09T14:13:49+00:00","og_image":[{"width":600,"height":600,"url":"https:\/\/jeaken.com\/wp-content\/uploads\/2022\/07\/81UZrfAZwML._AC_SL1500_-1-1.jpg","type":"image\/jpeg"}],"twitter_card":"summary_large_image","twitter_misc":{"Est. reading time":"1 minute"},"schema":{"@context":"https:\/\/schema.org","@graph":[{"@type":"WebPage","@id":"https:\/\/jeaken.com\/de\/produkt\/vitamin-b12-hohe-staerke-1000mcg-b12-methylcobalamin-120-kapseln\/","url":"https:\/\/jeaken.com\/de\/produkt\/vitamin-b12-hohe-staerke-1000mcg-b12-methylcobalamin-120-kapseln\/","name":"Vitamin B12 Hohe St\u00e4rke - 1000mcg B12 Methylcobalamin (120 Kapseln) - JeaKen","isPartOf":{"@id":"https:\/\/jeaken.com\/de\/#website"},"primaryImageOfPage":{"@id":"https:\/\/jeaken.com\/de\/produkt\/vitamin-b12-hohe-staerke-1000mcg-b12-methylcobalamin-120-kapseln\/#primaryimage"},"image":{"@id":"https:\/\/jeaken.com\/de\/produkt\/vitamin-b12-hohe-staerke-1000mcg-b12-methylcobalamin-120-kapseln\/#primaryimage"},"thumbnailUrl":"https:\/\/jeaken.com\/wp-content\/uploads\/2022\/07\/81UZrfAZwML._AC_SL1500_-1-1.jpg","datePublished":"2022-07-21T18:18:22+00:00","dateModified":"2022-08-09T14:13:49+00:00","breadcrumb":{"@id":"https:\/\/jeaken.com\/de\/produkt\/vitamin-b12-hohe-staerke-1000mcg-b12-methylcobalamin-120-kapseln\/#breadcrumb"},"inLanguage":"de-DE","potentialAction":[{"@type":"ReadAction","target":["https:\/\/jeaken.com\/de\/produkt\/vitamin-b12-hohe-staerke-1000mcg-b12-methylcobalamin-120-kapseln\/"]}]},{"@type":"ImageObject","inLanguage":"de-DE","@id":"https:\/\/jeaken.com\/de\/produkt\/vitamin-b12-hohe-staerke-1000mcg-b12-methylcobalamin-120-kapseln\/#primaryimage","url":"https:\/\/jeaken.com\/wp-content\/uploads\/2022\/07\/81UZrfAZwML._AC_SL1500_-1-1.jpg","contentUrl":"https:\/\/jeaken.com\/wp-content\/uploads\/2022\/07\/81UZrfAZwML._AC_SL1500_-1-1.jpg","width":600,"height":600,"caption":"Vitamin B12 High Strength - 1000mcg B12 Methylcobalamin"},{"@type":"BreadcrumbList","@id":"https:\/\/jeaken.com\/de\/produkt\/vitamin-b12-hohe-staerke-1000mcg-b12-methylcobalamin-120-kapseln\/#breadcrumb","itemListElement":[{"@type":"ListItem","position":1,"name":"Home","item":"https:\/\/jeaken.com\/de\/"},{"@type":"ListItem","position":2,"name":"Private: Shop","item":"https:\/\/jeaken.com\/shop\/"},{"@type":"ListItem","position":3,"name":"Vitamin B12 Hohe St\u00e4rke &#8211; 1000mcg B12 Methylcobalamin (120 Kapseln)"}]},{"@type":"WebSite","@id":"https:\/\/jeaken.com\/de\/#website","url":"https:\/\/jeaken.com\/de\/","name":"JeaKen","description":"Organic Supplements for Health, Fitness and Nutrition","publisher":{"@id":"https:\/\/jeaken.com\/de\/#organization"},"potentialAction":[{"@type":"SearchAction","target":{"@type":"EntryPoint","urlTemplate":"https:\/\/jeaken.com\/de\/?s={search_term_string}"},"query-input":"required name=search_term_string"}],"inLanguage":"de-DE"},{"@type":"Organization","@id":"https:\/\/jeaken.com\/de\/#organization","name":"JeaKen","url":"https:\/\/jeaken.com\/de\/","logo":{"@type":"ImageObject","inLanguage":"de-DE","@id":"https:\/\/jeaken.com\/de\/#\/schema\/logo\/image\/","url":"https:\/\/jeaken.com\/wp-content\/uploads\/2022\/06\/jeaken-logo-23.png","contentUrl":"https:\/\/jeaken.com\/wp-content\/uploads\/2022\/06\/jeaken-logo-23.png","width":2486,"height":736,"caption":"JeaKen"},"image":{"@id":"https:\/\/jeaken.com\/de\/#\/schema\/logo\/image\/"}}]}},"jetpack_sharing_enabled":true,"_links":{"self":[{"href":"https:\/\/jeaken.com\/de\/wp-json\/wp\/v2\/product\/6832","targetHints":{"allow":["GET"]}}],"collection":[{"href":"https:\/\/jeaken.com\/de\/wp-json\/wp\/v2\/product"}],"about":[{"href":"https:\/\/jeaken.com\/de\/wp-json\/wp\/v2\/types\/product"}],"wp:featuredmedia":[{"embeddable":true,"href":"https:\/\/jeaken.com\/de\/wp-json\/wp\/v2\/media\/2771"}],"wp:attachment":[{"href":"https:\/\/jeaken.com\/de\/wp-json\/wp\/v2\/media?parent=6832"}],"wp:term":[{"taxonomy":"product_cat","embeddable":true,"href":"https:\/\/jeaken.com\/de\/wp-json\/wp\/v2\/product_cat?post=6832"},{"taxonomy":"product_tag","embeddable":true,"href":"https:\/\/jeaken.com\/de\/wp-json\/wp\/v2\/product_tag?post=6832"}],"curies":[{"name":"wp","href":"https:\/\/api.w.org\/{rel}","templated":true}]}}