{"id":6829,"date":"2022-07-21T19:18:21","date_gmt":"2022-07-21T18:18:21","guid":{"rendered":"https:\/1658920591610?product=konjugierte-linolsaeure-softgels-fuer-mehr-muskelmasse-und-fettabbau-90-kapseln"},"modified":"2022-08-09T15:13:48","modified_gmt":"2022-08-09T14:13:48","slug":"konjugierte-linolsaeure-softgels-fuer-mehr-muskelmasse-und-fettabbau-90-kapseln","status":"publish","type":"product","link":"https:\/\/jeaken.com\/de\/produkt\/konjugierte-linolsaeure-softgels-fuer-mehr-muskelmasse-und-fettabbau-90-kapseln\/","title":{"rendered":"Konjugierte Linols\u00e4ure Softgels f\u00fcr mehr Muskelmasse und Fettabbau (90 Kapseln)"},"content":{"rendered":"<p><strong><span class=\"a-list-item\">REDUZIERT DAS K\u00d6RPERFETT UND BAUT SCHLANKE MUSKELN AUF  <\/span><\/strong><\/p>\n<p><span class=\"a-list-item\">  Konjugierte Linols\u00e4ure (Conjugated Linoleic Acid, CLA) ist eine Omega-6-Fetts\u00e4ure, die im K\u00f6rper nat\u00fcrlich vorkommt und in Fleisch und Milchprodukten enthalten ist. Es ist erwiesen, dass es das K\u00f6rperfett reduziert und gleichzeitig die Muskelmasse erh\u00f6ht.  <\/span><\/p>\n<p><strong><span class=\"a-list-item\">ERH\u00d6HT DIE ENERGIE  <\/span><\/strong><\/p>\n<p><span class=\"a-list-item\">CLA tr\u00e4gt dazu bei, Ihre Stoffwechselrate zu erh\u00f6hen, so dass Sie von morgens bis abends mehr Energie haben. Unser leistungsstarkes CLA-Supplement kann Ihnen helfen, l\u00e4nger zu trainieren, weniger auszubrennen und sich schneller zu erholen.<\/span><\/p>\n<p><strong><span class=\"a-list-item\">ST\u00c4RKT DIE IMMUNIT\u00c4T<\/span><\/strong><\/p>\n<p><span class=\"a-list-item\">CLA st\u00e4rkt das Immunsystem und tr\u00e4gt dazu bei, die Widerstandskraft gegen Infektionen, Entz\u00fcndungen und andere St\u00f6rungen des Immunsystems wie Autoimmunerkrankungen und Allergien zu erh\u00f6hen.<\/span><\/p>\n<p><strong><span class=\"a-list-item\">WICHTIG F\u00dcR VEGANER UND VEGETARIER  <\/span><\/strong><\/p>\n<p><span class=\"a-list-item\">CLA kann im menschlichen K\u00f6rper nicht gebildet werden, ist aber in tierischen Produkten und Milchprodukten enthalten. Unsere CLA-Kapseln bieten eine gesunde Alternative f\u00fcr Vegetarier oder diejenigen, die auf Fleisch verzichten m\u00f6chten.<\/span><\/p>\n<p>&nbsp;<\/p>\n","protected":false},"excerpt":{"rendered":"<h4>Ein effektiver Weg, um Muskeln aufzubauen, Fett zu reduzieren und die Immunit\u00e4t zu st\u00e4rken.<\/h4>\n","protected":false},"featured_media":4666,"template":"","meta":{"site-sidebar-layout":"default","site-content-layout":"default","ast-site-content-layout":"default","site-content-style":"default","site-sidebar-style":"default","ast-global-header-display":"","ast-banner-title-visibility":"","ast-main-header-display":"","ast-hfb-above-header-display":"","ast-hfb-below-header-display":"","ast-hfb-mobile-header-display":"","site-post-title":"","ast-breadcrumbs-content":"","ast-featured-img":"","footer-sml-layout":"","theme-transparent-header-meta":"default","adv-header-id-meta":"","stick-header-meta":"default","header-above-stick-meta":"","header-main-stick-meta":"","header-below-stick-meta":"","astra-migrate-meta-layouts":"default","ast-page-background-enabled":"default","ast-page-background-meta":{"desktop":{"background-color":"","background-image":"","background-repeat":"repeat","background-position":"center center","background-size":"auto","background-attachment":"scroll","background-type":"","background-media":"","overlay-type":"","overlay-color":"","overlay-opacity":"","overlay-gradient":""},"tablet":{"background-color":"","background-image":"","background-repeat":"repeat","background-position":"center center","background-size":"auto","background-attachment":"scroll","background-type":"","background-media":"","overlay-type":"","overlay-color":"","overlay-opacity":"","overlay-gradient":""},"mobile":{"background-color":"","background-image":"","background-repeat":"repeat","background-position":"center center","background-size":"auto","background-attachment":"scroll","background-type":"","background-media":"","overlay-type":"","overlay-color":"","overlay-opacity":"","overlay-gradient":""}},"ast-content-background-meta":{"desktop":{"background-color":"var(--ast-global-color-5)","background-image":"","background-repeat":"repeat","background-position":"center center","background-size":"auto","background-attachment":"scroll","background-type":"","background-media":"","overlay-type":"","overlay-color":"","overlay-opacity":"","overlay-gradient":""},"tablet":{"background-color":"var(--ast-global-color-5)","background-image":"","background-repeat":"repeat","background-position":"center center","background-size":"auto","background-attachment":"scroll","background-type":"","background-media":"","overlay-type":"","overlay-color":"","overlay-opacity":"","overlay-gradient":""},"mobile":{"background-color":"var(--ast-global-color-5)","background-image":"","background-repeat":"repeat","background-position":"center center","background-size":"auto","background-attachment":"scroll","background-type":"","background-media":"","overlay-type":"","overlay-color":"","overlay-opacity":"","overlay-gradient":""}}},"product_cat":[581,740,741,524],"product_tag":[1347],"class_list":{"0":"post-6829","1":"product","2":"type-product","3":"status-publish","4":"has-post-thumbnail","6":"product_cat-gesundheit-von-herz-und-gehirn","7":"product_cat-gesundheit-von-knochen-und-gelenken","8":"product_cat-gewichtsverlust","9":"product_cat-sporternahrung","10":"product_tag-fettabbau","11":"has-subscription-plans","12":"desktop-align-left","13":"tablet-align-left","14":"mobile-align-left","16":"first","17":"instock","18":"taxable","19":"shipping-taxable","20":"purchasable","21":"product-type-simple"},"yoast_head":"<!-- This site is optimized with the Yoast SEO plugin v22.7 - https:\/\/yoast.com\/wordpress\/plugins\/seo\/ -->\n<title>Konjugierte Linols\u00e4ure Softgels f\u00fcr mehr Muskelmasse und Fettabbau (90 Kapseln) - JeaKen<\/title>\n<meta name=\"robots\" content=\"index, follow, max-snippet:-1, max-image-preview:large, max-video-preview:-1\" \/>\n<link rel=\"canonical\" href=\"https:\/\/jeaken.com\/de\/produkt\/konjugierte-linolsaeure-softgels-fuer-mehr-muskelmasse-und-fettabbau-90-kapseln\/\" \/>\n<meta property=\"og:locale\" content=\"de_DE\" \/>\n<meta property=\"og:type\" content=\"article\" \/>\n<meta property=\"og:title\" content=\"Konjugierte Linols\u00e4ure Softgels f\u00fcr mehr Muskelmasse und Fettabbau (90 Kapseln) - JeaKen\" \/>\n<meta property=\"og:description\" content=\"Ein effektiver Weg, um Muskeln aufzubauen, Fett zu reduzieren und die Immunit\u00e4t zu st\u00e4rken.\" \/>\n<meta property=\"og:url\" content=\"https:\/\/jeaken.com\/de\/produkt\/konjugierte-linolsaeure-softgels-fuer-mehr-muskelmasse-und-fettabbau-90-kapseln\/\" \/>\n<meta property=\"og:site_name\" content=\"JeaKen\" \/>\n<meta property=\"article:modified_time\" content=\"2022-08-09T14:13:48+00:00\" \/>\n<meta property=\"og:image\" content=\"https:\/\/jeaken.com\/wp-content\/uploads\/2022\/07\/71Exwa8OxML._AC_SL1500_.jpg\" \/>\n\t<meta property=\"og:image:width\" content=\"600\" \/>\n\t<meta property=\"og:image:height\" content=\"600\" \/>\n\t<meta property=\"og:image:type\" content=\"image\/jpeg\" \/>\n<meta name=\"twitter:card\" content=\"summary_large_image\" \/>\n<meta name=\"twitter:label1\" content=\"Est. reading time\" \/>\n\t<meta name=\"twitter:data1\" content=\"1 minute\" \/>\n<script type=\"application\/ld+json\" class=\"yoast-schema-graph\">{\"@context\":\"https:\/\/schema.org\",\"@graph\":[{\"@type\":\"WebPage\",\"@id\":\"https:\/\/jeaken.com\/de\/produkt\/konjugierte-linolsaeure-softgels-fuer-mehr-muskelmasse-und-fettabbau-90-kapseln\/\",\"url\":\"https:\/\/jeaken.com\/de\/produkt\/konjugierte-linolsaeure-softgels-fuer-mehr-muskelmasse-und-fettabbau-90-kapseln\/\",\"name\":\"Konjugierte Linols\u00e4ure Softgels f\u00fcr mehr Muskelmasse und Fettabbau (90 Kapseln) - JeaKen\",\"isPartOf\":{\"@id\":\"https:\/\/jeaken.com\/de\/#website\"},\"primaryImageOfPage\":{\"@id\":\"https:\/\/jeaken.com\/de\/produkt\/konjugierte-linolsaeure-softgels-fuer-mehr-muskelmasse-und-fettabbau-90-kapseln\/#primaryimage\"},\"image\":{\"@id\":\"https:\/\/jeaken.com\/de\/produkt\/konjugierte-linolsaeure-softgels-fuer-mehr-muskelmasse-und-fettabbau-90-kapseln\/#primaryimage\"},\"thumbnailUrl\":\"https:\/\/jeaken.com\/wp-content\/uploads\/2022\/07\/71Exwa8OxML._AC_SL1500_.jpg\",\"datePublished\":\"2022-07-21T18:18:21+00:00\",\"dateModified\":\"2022-08-09T14:13:48+00:00\",\"breadcrumb\":{\"@id\":\"https:\/\/jeaken.com\/de\/produkt\/konjugierte-linolsaeure-softgels-fuer-mehr-muskelmasse-und-fettabbau-90-kapseln\/#breadcrumb\"},\"inLanguage\":\"de-DE\",\"potentialAction\":[{\"@type\":\"ReadAction\",\"target\":[\"https:\/\/jeaken.com\/de\/produkt\/konjugierte-linolsaeure-softgels-fuer-mehr-muskelmasse-und-fettabbau-90-kapseln\/\"]}]},{\"@type\":\"ImageObject\",\"inLanguage\":\"de-DE\",\"@id\":\"https:\/\/jeaken.com\/de\/produkt\/konjugierte-linolsaeure-softgels-fuer-mehr-muskelmasse-und-fettabbau-90-kapseln\/#primaryimage\",\"url\":\"https:\/\/jeaken.com\/wp-content\/uploads\/2022\/07\/71Exwa8OxML._AC_SL1500_.jpg\",\"contentUrl\":\"https:\/\/jeaken.com\/wp-content\/uploads\/2022\/07\/71Exwa8OxML._AC_SL1500_.jpg\",\"width\":600,\"height\":600,\"caption\":\"Conjugated Linoleic Acid Softgels for Increased Muscle Mass and Fat Loss\"},{\"@type\":\"BreadcrumbList\",\"@id\":\"https:\/\/jeaken.com\/de\/produkt\/konjugierte-linolsaeure-softgels-fuer-mehr-muskelmasse-und-fettabbau-90-kapseln\/#breadcrumb\",\"itemListElement\":[{\"@type\":\"ListItem\",\"position\":1,\"name\":\"Home\",\"item\":\"https:\/\/jeaken.com\/de\/\"},{\"@type\":\"ListItem\",\"position\":2,\"name\":\"Private: Shop\",\"item\":\"https:\/\/jeaken.com\/shop\/\"},{\"@type\":\"ListItem\",\"position\":3,\"name\":\"Konjugierte Linols\u00e4ure Softgels f\u00fcr mehr Muskelmasse und Fettabbau (90 Kapseln)\"}]},{\"@type\":\"WebSite\",\"@id\":\"https:\/\/jeaken.com\/de\/#website\",\"url\":\"https:\/\/jeaken.com\/de\/\",\"name\":\"JeaKen\",\"description\":\"Organic Supplements for Health, Fitness and Nutrition\",\"publisher\":{\"@id\":\"https:\/\/jeaken.com\/de\/#organization\"},\"potentialAction\":[{\"@type\":\"SearchAction\",\"target\":{\"@type\":\"EntryPoint\",\"urlTemplate\":\"https:\/\/jeaken.com\/de\/?s={search_term_string}\"},\"query-input\":\"required name=search_term_string\"}],\"inLanguage\":\"de-DE\"},{\"@type\":\"Organization\",\"@id\":\"https:\/\/jeaken.com\/de\/#organization\",\"name\":\"JeaKen\",\"url\":\"https:\/\/jeaken.com\/de\/\",\"logo\":{\"@type\":\"ImageObject\",\"inLanguage\":\"de-DE\",\"@id\":\"https:\/\/jeaken.com\/de\/#\/schema\/logo\/image\/\",\"url\":\"https:\/\/jeaken.com\/wp-content\/uploads\/2022\/06\/jeaken-logo-23.png\",\"contentUrl\":\"https:\/\/jeaken.com\/wp-content\/uploads\/2022\/06\/jeaken-logo-23.png\",\"width\":2486,\"height\":736,\"caption\":\"JeaKen\"},\"image\":{\"@id\":\"https:\/\/jeaken.com\/de\/#\/schema\/logo\/image\/\"}}]}<\/script>\n<!-- \/ Yoast SEO plugin. -->","yoast_head_json":{"title":"Konjugierte Linols\u00e4ure Softgels f\u00fcr mehr Muskelmasse und Fettabbau (90 Kapseln) - JeaKen","robots":{"index":"index","follow":"follow","max-snippet":"max-snippet:-1","max-image-preview":"max-image-preview:large","max-video-preview":"max-video-preview:-1"},"canonical":"https:\/\/jeaken.com\/de\/produkt\/konjugierte-linolsaeure-softgels-fuer-mehr-muskelmasse-und-fettabbau-90-kapseln\/","og_locale":"de_DE","og_type":"article","og_title":"Konjugierte Linols\u00e4ure Softgels f\u00fcr mehr Muskelmasse und Fettabbau (90 Kapseln) - JeaKen","og_description":"Ein effektiver Weg, um Muskeln aufzubauen, Fett zu reduzieren und die Immunit\u00e4t zu st\u00e4rken.","og_url":"https:\/\/jeaken.com\/de\/produkt\/konjugierte-linolsaeure-softgels-fuer-mehr-muskelmasse-und-fettabbau-90-kapseln\/","og_site_name":"JeaKen","article_modified_time":"2022-08-09T14:13:48+00:00","og_image":[{"width":600,"height":600,"url":"https:\/\/jeaken.com\/wp-content\/uploads\/2022\/07\/71Exwa8OxML._AC_SL1500_.jpg","type":"image\/jpeg"}],"twitter_card":"summary_large_image","twitter_misc":{"Est. reading time":"1 minute"},"schema":{"@context":"https:\/\/schema.org","@graph":[{"@type":"WebPage","@id":"https:\/\/jeaken.com\/de\/produkt\/konjugierte-linolsaeure-softgels-fuer-mehr-muskelmasse-und-fettabbau-90-kapseln\/","url":"https:\/\/jeaken.com\/de\/produkt\/konjugierte-linolsaeure-softgels-fuer-mehr-muskelmasse-und-fettabbau-90-kapseln\/","name":"Konjugierte Linols\u00e4ure Softgels f\u00fcr mehr Muskelmasse und Fettabbau (90 Kapseln) - JeaKen","isPartOf":{"@id":"https:\/\/jeaken.com\/de\/#website"},"primaryImageOfPage":{"@id":"https:\/\/jeaken.com\/de\/produkt\/konjugierte-linolsaeure-softgels-fuer-mehr-muskelmasse-und-fettabbau-90-kapseln\/#primaryimage"},"image":{"@id":"https:\/\/jeaken.com\/de\/produkt\/konjugierte-linolsaeure-softgels-fuer-mehr-muskelmasse-und-fettabbau-90-kapseln\/#primaryimage"},"thumbnailUrl":"https:\/\/jeaken.com\/wp-content\/uploads\/2022\/07\/71Exwa8OxML._AC_SL1500_.jpg","datePublished":"2022-07-21T18:18:21+00:00","dateModified":"2022-08-09T14:13:48+00:00","breadcrumb":{"@id":"https:\/\/jeaken.com\/de\/produkt\/konjugierte-linolsaeure-softgels-fuer-mehr-muskelmasse-und-fettabbau-90-kapseln\/#breadcrumb"},"inLanguage":"de-DE","potentialAction":[{"@type":"ReadAction","target":["https:\/\/jeaken.com\/de\/produkt\/konjugierte-linolsaeure-softgels-fuer-mehr-muskelmasse-und-fettabbau-90-kapseln\/"]}]},{"@type":"ImageObject","inLanguage":"de-DE","@id":"https:\/\/jeaken.com\/de\/produkt\/konjugierte-linolsaeure-softgels-fuer-mehr-muskelmasse-und-fettabbau-90-kapseln\/#primaryimage","url":"https:\/\/jeaken.com\/wp-content\/uploads\/2022\/07\/71Exwa8OxML._AC_SL1500_.jpg","contentUrl":"https:\/\/jeaken.com\/wp-content\/uploads\/2022\/07\/71Exwa8OxML._AC_SL1500_.jpg","width":600,"height":600,"caption":"Conjugated Linoleic Acid Softgels for Increased Muscle Mass and Fat Loss"},{"@type":"BreadcrumbList","@id":"https:\/\/jeaken.com\/de\/produkt\/konjugierte-linolsaeure-softgels-fuer-mehr-muskelmasse-und-fettabbau-90-kapseln\/#breadcrumb","itemListElement":[{"@type":"ListItem","position":1,"name":"Home","item":"https:\/\/jeaken.com\/de\/"},{"@type":"ListItem","position":2,"name":"Private: Shop","item":"https:\/\/jeaken.com\/shop\/"},{"@type":"ListItem","position":3,"name":"Konjugierte Linols\u00e4ure Softgels f\u00fcr mehr Muskelmasse und Fettabbau (90 Kapseln)"}]},{"@type":"WebSite","@id":"https:\/\/jeaken.com\/de\/#website","url":"https:\/\/jeaken.com\/de\/","name":"JeaKen","description":"Organic Supplements for Health, Fitness and Nutrition","publisher":{"@id":"https:\/\/jeaken.com\/de\/#organization"},"potentialAction":[{"@type":"SearchAction","target":{"@type":"EntryPoint","urlTemplate":"https:\/\/jeaken.com\/de\/?s={search_term_string}"},"query-input":"required name=search_term_string"}],"inLanguage":"de-DE"},{"@type":"Organization","@id":"https:\/\/jeaken.com\/de\/#organization","name":"JeaKen","url":"https:\/\/jeaken.com\/de\/","logo":{"@type":"ImageObject","inLanguage":"de-DE","@id":"https:\/\/jeaken.com\/de\/#\/schema\/logo\/image\/","url":"https:\/\/jeaken.com\/wp-content\/uploads\/2022\/06\/jeaken-logo-23.png","contentUrl":"https:\/\/jeaken.com\/wp-content\/uploads\/2022\/06\/jeaken-logo-23.png","width":2486,"height":736,"caption":"JeaKen"},"image":{"@id":"https:\/\/jeaken.com\/de\/#\/schema\/logo\/image\/"}}]}},"jetpack_sharing_enabled":true,"_links":{"self":[{"href":"https:\/\/jeaken.com\/de\/wp-json\/wp\/v2\/product\/6829","targetHints":{"allow":["GET"]}}],"collection":[{"href":"https:\/\/jeaken.com\/de\/wp-json\/wp\/v2\/product"}],"about":[{"href":"https:\/\/jeaken.com\/de\/wp-json\/wp\/v2\/types\/product"}],"wp:featuredmedia":[{"embeddable":true,"href":"https:\/\/jeaken.com\/de\/wp-json\/wp\/v2\/media\/4666"}],"wp:attachment":[{"href":"https:\/\/jeaken.com\/de\/wp-json\/wp\/v2\/media?parent=6829"}],"wp:term":[{"taxonomy":"product_cat","embeddable":true,"href":"https:\/\/jeaken.com\/de\/wp-json\/wp\/v2\/product_cat?post=6829"},{"taxonomy":"product_tag","embeddable":true,"href":"https:\/\/jeaken.com\/de\/wp-json\/wp\/v2\/product_tag?post=6829"}],"curies":[{"name":"wp","href":"https:\/\/api.w.org\/{rel}","templated":true}]}}