{"id":6822,"date":"2022-07-21T19:18:17","date_gmt":"2022-07-21T18:18:17","guid":{"rendered":"https:\/1658920591610?product=hawaiianische-spirulina-natuerliches-superfood-ballaststoffreich-ideale-gruene-lebensmittel-fuer-smoothies-und-sporternaehrung-120-vegane-kapseln"},"modified":"2022-08-09T15:13:48","modified_gmt":"2022-08-09T14:13:48","slug":"hawaiianische-spirulina-natuerliches-superfood-ballaststoffreich-ideale-gruene-lebensmittel-fuer-smoothies-und-sporternaehrung-120-vegane-kapseln","status":"publish","type":"product","link":"https:\/\/jeaken.com\/de\/produkt\/hawaiianische-spirulina-natuerliches-superfood-ballaststoffreich-ideale-gruene-lebensmittel-fuer-smoothies-und-sporternaehrung-120-vegane-kapseln\/","title":{"rendered":"Hawaiianische Spirulina &#8211; Nat\u00fcrliches Superfood, ballaststoffreich &#8211; Ideale gr\u00fcne Lebensmittel f\u00fcr Smoothies und Sportern\u00e4hrung &#8211; (120 vegane Kapseln)"},"content":{"rendered":"<p><strong>DAS REICHHALTIGSTE SUPERFOOD DER NATUR  <\/strong><\/p>\n<p>Die hawaiianische Spirulina ist vollgepackt mit Antioxidantien, Vitaminen und Mineralien und enth\u00e4lt einige der h\u00f6chsten Proteingehalte aller pflanzlichen und tierischen Quellen. Dieses Supernahrungsmittel enth\u00e4lt bis zu 70 % verdauliches, vollst\u00e4ndiges Eiwei\u00df, einen hohen Gehalt an Eisen, Betakarotin und anderen gesundheitsf\u00f6rdernden N\u00e4hrstoffen wie B12, Vitamin K, Chlorophyll und Phycocyanin.<\/p>\n<p><strong>STEIGERT DIE ENERGIE UND DAS IMMUNSYSTEM  <\/strong><\/p>\n<p>Gramm f\u00fcr Gramm hat die hawaiianische Spirulina 2800% mehr Beta-Carotin als Karotten und 280% mehr Antioxidantien als Heidelbeeren. Jede 3-g-Portion Spirulina Hawaii enth\u00e4lt mehr wichtige Antioxidantien, Enzyme, Vitamine und Mineralien als 5 Portionen Obst und Gem\u00fcse.<\/p>\n<p><strong>VERBESSERT DIE REGENERATION VON HAUT UND SCHLEIMH\u00c4UTEN  <\/strong><\/p>\n<p>Spirulina wird von den menschlichen Geweben sehr gut aufgenommen, da die chemische Zusammensetzung des Spirulina-Zytoplasmas dem menschlichen Plasma \u00e4hnelt. In Form einer Maske wirkt sie regenerierend, straffend und verj\u00fcngend auf die Haut.<\/p>\n<p><strong>H\u00d6CHSTE QUALIT\u00c4T UND SICHERHEIT  <\/strong><\/p>\n<p>Unser veganes Nahrungserg\u00e4nzungsmittel wird in einer GMP-zertifizierten Einrichtung in den USA angebaut, in der jede Charge einer umfassenden Qualit\u00e4tskontrolle und -pr\u00fcfung unterzogen wird. Unsere Kapseln sind frei von Gluten und Soja und enthalten keine F\u00fcllstoffe, Konservierungsmittel oder Farbstoffe.<\/p>\n","protected":false},"excerpt":{"rendered":"<h4><strong>Ein kraftvolles und wirksames Superfood f\u00fcr mehr Energie, verbesserte Immunit\u00e4t und ges\u00fcndere Haut.<\/strong><\/h4>\n","protected":false},"featured_media":4313,"template":"","meta":{"site-sidebar-layout":"default","site-content-layout":"default","ast-site-content-layout":"default","site-content-style":"default","site-sidebar-style":"default","ast-global-header-display":"","ast-banner-title-visibility":"","ast-main-header-display":"","ast-hfb-above-header-display":"","ast-hfb-below-header-display":"","ast-hfb-mobile-header-display":"","site-post-title":"","ast-breadcrumbs-content":"","ast-featured-img":"","footer-sml-layout":"","theme-transparent-header-meta":"default","adv-header-id-meta":"","stick-header-meta":"default","header-above-stick-meta":"","header-main-stick-meta":"","header-below-stick-meta":"","astra-migrate-meta-layouts":"default","ast-page-background-enabled":"default","ast-page-background-meta":{"desktop":{"background-color":"","background-image":"","background-repeat":"repeat","background-position":"center center","background-size":"auto","background-attachment":"scroll","background-type":"","background-media":"","overlay-type":"","overlay-color":"","overlay-opacity":"","overlay-gradient":""},"tablet":{"background-color":"","background-image":"","background-repeat":"repeat","background-position":"center center","background-size":"auto","background-attachment":"scroll","background-type":"","background-media":"","overlay-type":"","overlay-color":"","overlay-opacity":"","overlay-gradient":""},"mobile":{"background-color":"","background-image":"","background-repeat":"repeat","background-position":"center center","background-size":"auto","background-attachment":"scroll","background-type":"","background-media":"","overlay-type":"","overlay-color":"","overlay-opacity":"","overlay-gradient":""}},"ast-content-background-meta":{"desktop":{"background-color":"var(--ast-global-color-5)","background-image":"","background-repeat":"repeat","background-position":"center center","background-size":"auto","background-attachment":"scroll","background-type":"","background-media":"","overlay-type":"","overlay-color":"","overlay-opacity":"","overlay-gradient":""},"tablet":{"background-color":"var(--ast-global-color-5)","background-image":"","background-repeat":"repeat","background-position":"center center","background-size":"auto","background-attachment":"scroll","background-type":"","background-media":"","overlay-type":"","overlay-color":"","overlay-opacity":"","overlay-gradient":""},"mobile":{"background-color":"var(--ast-global-color-5)","background-image":"","background-repeat":"repeat","background-position":"center center","background-size":"auto","background-attachment":"scroll","background-type":"","background-media":"","overlay-type":"","overlay-color":"","overlay-opacity":"","overlay-gradient":""}}},"product_cat":[498],"product_tag":[704,706,731,724,715,712,708,710,719,720,722,729,716,735,739,738,726],"class_list":{"0":"post-6822","1":"product","2":"type-product","3":"status-publish","4":"has-post-thumbnail","6":"product_cat-stimmung-wohlbefinden","7":"product_tag-anti-x-de","8":"product_tag-energiezellen","9":"product_tag-erganzungen-fur-veganer","10":"product_tag-gentechnikfrei","11":"product_tag-gesundes-eiweis","12":"product_tag-gesundheitspulver","13":"product_tag-grune-lebensmittel","14":"product_tag-grune-tabletten","15":"product_tag-naturliche-energieerganzung","16":"product_tag-naturliche-nahrungserganzungen","17":"product_tag-naturliches-vitamin","18":"product_tag-premium-qualitat","19":"product_tag-reich-an-ballaststoffen","20":"product_tag-vitamin-e-naturlich","21":"product_tag-vitamin-naturlich","22":"product_tag-vitamin-mineral-erganzung","23":"product_tag-zu-vitaminen","24":"has-subscription-plans","25":"desktop-align-left","26":"tablet-align-left","27":"mobile-align-left","29":"first","30":"outofstock","31":"taxable","32":"shipping-taxable","33":"product-type-variable"},"yoast_head":"<!-- This site is optimized with the Yoast SEO plugin v22.7 - https:\/\/yoast.com\/wordpress\/plugins\/seo\/ -->\n<title>Hawaiianische Spirulina - Nat\u00fcrliches Superfood, ballaststoffreich - Ideale gr\u00fcne Lebensmittel f\u00fcr Smoothies und Sportern\u00e4hrung - (120 vegane Kapseln) - JeaKen<\/title>\n<meta name=\"robots\" content=\"index, follow, max-snippet:-1, max-image-preview:large, max-video-preview:-1\" \/>\n<link rel=\"canonical\" href=\"https:\/\/jeaken.com\/de\/produkt\/hawaiianische-spirulina-natuerliches-superfood-ballaststoffreich-ideale-gruene-lebensmittel-fuer-smoothies-und-sporternaehrung-120-vegane-kapseln\/\" \/>\n<meta property=\"og:locale\" content=\"de_DE\" \/>\n<meta property=\"og:type\" content=\"article\" \/>\n<meta property=\"og:title\" content=\"Hawaiianische Spirulina - Nat\u00fcrliches Superfood, ballaststoffreich - Ideale gr\u00fcne Lebensmittel f\u00fcr Smoothies und Sportern\u00e4hrung - (120 vegane Kapseln) - JeaKen\" \/>\n<meta property=\"og:description\" content=\"Ein kraftvolles und wirksames Superfood f\u00fcr mehr Energie, verbesserte Immunit\u00e4t und ges\u00fcndere Haut.\" \/>\n<meta property=\"og:url\" content=\"https:\/\/jeaken.com\/de\/produkt\/hawaiianische-spirulina-natuerliches-superfood-ballaststoffreich-ideale-gruene-lebensmittel-fuer-smoothies-und-sporternaehrung-120-vegane-kapseln\/\" \/>\n<meta property=\"og:site_name\" content=\"JeaKen\" \/>\n<meta property=\"article:modified_time\" content=\"2022-08-09T14:13:48+00:00\" \/>\n<meta property=\"og:image\" content=\"https:\/\/jeaken.com\/wp-content\/uploads\/2022\/07\/Front-e1612872155262.jpg\" \/>\n\t<meta property=\"og:image:width\" content=\"600\" \/>\n\t<meta property=\"og:image:height\" content=\"600\" \/>\n\t<meta property=\"og:image:type\" content=\"image\/jpeg\" \/>\n<meta name=\"twitter:card\" content=\"summary_large_image\" \/>\n<meta name=\"twitter:label1\" content=\"Est. reading time\" \/>\n\t<meta name=\"twitter:data1\" content=\"1 minute\" \/>\n<script type=\"application\/ld+json\" class=\"yoast-schema-graph\">{\"@context\":\"https:\/\/schema.org\",\"@graph\":[{\"@type\":\"WebPage\",\"@id\":\"https:\/\/jeaken.com\/de\/produkt\/hawaiianische-spirulina-natuerliches-superfood-ballaststoffreich-ideale-gruene-lebensmittel-fuer-smoothies-und-sporternaehrung-120-vegane-kapseln\/\",\"url\":\"https:\/\/jeaken.com\/de\/produkt\/hawaiianische-spirulina-natuerliches-superfood-ballaststoffreich-ideale-gruene-lebensmittel-fuer-smoothies-und-sporternaehrung-120-vegane-kapseln\/\",\"name\":\"Hawaiianische Spirulina - Nat\u00fcrliches Superfood, ballaststoffreich - Ideale gr\u00fcne Lebensmittel f\u00fcr Smoothies und Sportern\u00e4hrung - (120 vegane Kapseln) - JeaKen\",\"isPartOf\":{\"@id\":\"https:\/\/jeaken.com\/de\/#website\"},\"primaryImageOfPage\":{\"@id\":\"https:\/\/jeaken.com\/de\/produkt\/hawaiianische-spirulina-natuerliches-superfood-ballaststoffreich-ideale-gruene-lebensmittel-fuer-smoothies-und-sporternaehrung-120-vegane-kapseln\/#primaryimage\"},\"image\":{\"@id\":\"https:\/\/jeaken.com\/de\/produkt\/hawaiianische-spirulina-natuerliches-superfood-ballaststoffreich-ideale-gruene-lebensmittel-fuer-smoothies-und-sporternaehrung-120-vegane-kapseln\/#primaryimage\"},\"thumbnailUrl\":\"https:\/\/jeaken.com\/wp-content\/uploads\/2022\/07\/Front-e1612872155262.jpg\",\"datePublished\":\"2022-07-21T18:18:17+00:00\",\"dateModified\":\"2022-08-09T14:13:48+00:00\",\"breadcrumb\":{\"@id\":\"https:\/\/jeaken.com\/de\/produkt\/hawaiianische-spirulina-natuerliches-superfood-ballaststoffreich-ideale-gruene-lebensmittel-fuer-smoothies-und-sporternaehrung-120-vegane-kapseln\/#breadcrumb\"},\"inLanguage\":\"de-DE\",\"potentialAction\":[{\"@type\":\"ReadAction\",\"target\":[\"https:\/\/jeaken.com\/de\/produkt\/hawaiianische-spirulina-natuerliches-superfood-ballaststoffreich-ideale-gruene-lebensmittel-fuer-smoothies-und-sporternaehrung-120-vegane-kapseln\/\"]}]},{\"@type\":\"ImageObject\",\"inLanguage\":\"de-DE\",\"@id\":\"https:\/\/jeaken.com\/de\/produkt\/hawaiianische-spirulina-natuerliches-superfood-ballaststoffreich-ideale-gruene-lebensmittel-fuer-smoothies-und-sporternaehrung-120-vegane-kapseln\/#primaryimage\",\"url\":\"https:\/\/jeaken.com\/wp-content\/uploads\/2022\/07\/Front-e1612872155262.jpg\",\"contentUrl\":\"https:\/\/jeaken.com\/wp-content\/uploads\/2022\/07\/Front-e1612872155262.jpg\",\"width\":600,\"height\":600,\"caption\":\"Hawaiian Spirulina\"},{\"@type\":\"BreadcrumbList\",\"@id\":\"https:\/\/jeaken.com\/de\/produkt\/hawaiianische-spirulina-natuerliches-superfood-ballaststoffreich-ideale-gruene-lebensmittel-fuer-smoothies-und-sporternaehrung-120-vegane-kapseln\/#breadcrumb\",\"itemListElement\":[{\"@type\":\"ListItem\",\"position\":1,\"name\":\"Home\",\"item\":\"https:\/\/jeaken.com\/de\/\"},{\"@type\":\"ListItem\",\"position\":2,\"name\":\"Private: Shop\",\"item\":\"https:\/\/jeaken.com\/shop\/\"},{\"@type\":\"ListItem\",\"position\":3,\"name\":\"Hawaiianische Spirulina &#8211; Nat\u00fcrliches Superfood, ballaststoffreich &#8211; Ideale gr\u00fcne Lebensmittel f\u00fcr Smoothies und Sportern\u00e4hrung &#8211; (120 vegane Kapseln)\"}]},{\"@type\":\"WebSite\",\"@id\":\"https:\/\/jeaken.com\/de\/#website\",\"url\":\"https:\/\/jeaken.com\/de\/\",\"name\":\"JeaKen\",\"description\":\"Organic Supplements for Health, Fitness and Nutrition\",\"publisher\":{\"@id\":\"https:\/\/jeaken.com\/de\/#organization\"},\"potentialAction\":[{\"@type\":\"SearchAction\",\"target\":{\"@type\":\"EntryPoint\",\"urlTemplate\":\"https:\/\/jeaken.com\/de\/?s={search_term_string}\"},\"query-input\":\"required name=search_term_string\"}],\"inLanguage\":\"de-DE\"},{\"@type\":\"Organization\",\"@id\":\"https:\/\/jeaken.com\/de\/#organization\",\"name\":\"JeaKen\",\"url\":\"https:\/\/jeaken.com\/de\/\",\"logo\":{\"@type\":\"ImageObject\",\"inLanguage\":\"de-DE\",\"@id\":\"https:\/\/jeaken.com\/de\/#\/schema\/logo\/image\/\",\"url\":\"https:\/\/jeaken.com\/wp-content\/uploads\/2022\/06\/jeaken-logo-23.png\",\"contentUrl\":\"https:\/\/jeaken.com\/wp-content\/uploads\/2022\/06\/jeaken-logo-23.png\",\"width\":2486,\"height\":736,\"caption\":\"JeaKen\"},\"image\":{\"@id\":\"https:\/\/jeaken.com\/de\/#\/schema\/logo\/image\/\"}}]}<\/script>\n<!-- \/ Yoast SEO plugin. -->","yoast_head_json":{"title":"Hawaiianische Spirulina - Nat\u00fcrliches Superfood, ballaststoffreich - Ideale gr\u00fcne Lebensmittel f\u00fcr Smoothies und Sportern\u00e4hrung - (120 vegane Kapseln) - JeaKen","robots":{"index":"index","follow":"follow","max-snippet":"max-snippet:-1","max-image-preview":"max-image-preview:large","max-video-preview":"max-video-preview:-1"},"canonical":"https:\/\/jeaken.com\/de\/produkt\/hawaiianische-spirulina-natuerliches-superfood-ballaststoffreich-ideale-gruene-lebensmittel-fuer-smoothies-und-sporternaehrung-120-vegane-kapseln\/","og_locale":"de_DE","og_type":"article","og_title":"Hawaiianische Spirulina - Nat\u00fcrliches Superfood, ballaststoffreich - Ideale gr\u00fcne Lebensmittel f\u00fcr Smoothies und Sportern\u00e4hrung - (120 vegane Kapseln) - JeaKen","og_description":"Ein kraftvolles und wirksames Superfood f\u00fcr mehr Energie, verbesserte Immunit\u00e4t und ges\u00fcndere Haut.","og_url":"https:\/\/jeaken.com\/de\/produkt\/hawaiianische-spirulina-natuerliches-superfood-ballaststoffreich-ideale-gruene-lebensmittel-fuer-smoothies-und-sporternaehrung-120-vegane-kapseln\/","og_site_name":"JeaKen","article_modified_time":"2022-08-09T14:13:48+00:00","og_image":[{"width":600,"height":600,"url":"https:\/\/jeaken.com\/wp-content\/uploads\/2022\/07\/Front-e1612872155262.jpg","type":"image\/jpeg"}],"twitter_card":"summary_large_image","twitter_misc":{"Est. reading time":"1 minute"},"schema":{"@context":"https:\/\/schema.org","@graph":[{"@type":"WebPage","@id":"https:\/\/jeaken.com\/de\/produkt\/hawaiianische-spirulina-natuerliches-superfood-ballaststoffreich-ideale-gruene-lebensmittel-fuer-smoothies-und-sporternaehrung-120-vegane-kapseln\/","url":"https:\/\/jeaken.com\/de\/produkt\/hawaiianische-spirulina-natuerliches-superfood-ballaststoffreich-ideale-gruene-lebensmittel-fuer-smoothies-und-sporternaehrung-120-vegane-kapseln\/","name":"Hawaiianische Spirulina - Nat\u00fcrliches Superfood, ballaststoffreich - Ideale gr\u00fcne Lebensmittel f\u00fcr Smoothies und Sportern\u00e4hrung - (120 vegane Kapseln) - JeaKen","isPartOf":{"@id":"https:\/\/jeaken.com\/de\/#website"},"primaryImageOfPage":{"@id":"https:\/\/jeaken.com\/de\/produkt\/hawaiianische-spirulina-natuerliches-superfood-ballaststoffreich-ideale-gruene-lebensmittel-fuer-smoothies-und-sporternaehrung-120-vegane-kapseln\/#primaryimage"},"image":{"@id":"https:\/\/jeaken.com\/de\/produkt\/hawaiianische-spirulina-natuerliches-superfood-ballaststoffreich-ideale-gruene-lebensmittel-fuer-smoothies-und-sporternaehrung-120-vegane-kapseln\/#primaryimage"},"thumbnailUrl":"https:\/\/jeaken.com\/wp-content\/uploads\/2022\/07\/Front-e1612872155262.jpg","datePublished":"2022-07-21T18:18:17+00:00","dateModified":"2022-08-09T14:13:48+00:00","breadcrumb":{"@id":"https:\/\/jeaken.com\/de\/produkt\/hawaiianische-spirulina-natuerliches-superfood-ballaststoffreich-ideale-gruene-lebensmittel-fuer-smoothies-und-sporternaehrung-120-vegane-kapseln\/#breadcrumb"},"inLanguage":"de-DE","potentialAction":[{"@type":"ReadAction","target":["https:\/\/jeaken.com\/de\/produkt\/hawaiianische-spirulina-natuerliches-superfood-ballaststoffreich-ideale-gruene-lebensmittel-fuer-smoothies-und-sporternaehrung-120-vegane-kapseln\/"]}]},{"@type":"ImageObject","inLanguage":"de-DE","@id":"https:\/\/jeaken.com\/de\/produkt\/hawaiianische-spirulina-natuerliches-superfood-ballaststoffreich-ideale-gruene-lebensmittel-fuer-smoothies-und-sporternaehrung-120-vegane-kapseln\/#primaryimage","url":"https:\/\/jeaken.com\/wp-content\/uploads\/2022\/07\/Front-e1612872155262.jpg","contentUrl":"https:\/\/jeaken.com\/wp-content\/uploads\/2022\/07\/Front-e1612872155262.jpg","width":600,"height":600,"caption":"Hawaiian Spirulina"},{"@type":"BreadcrumbList","@id":"https:\/\/jeaken.com\/de\/produkt\/hawaiianische-spirulina-natuerliches-superfood-ballaststoffreich-ideale-gruene-lebensmittel-fuer-smoothies-und-sporternaehrung-120-vegane-kapseln\/#breadcrumb","itemListElement":[{"@type":"ListItem","position":1,"name":"Home","item":"https:\/\/jeaken.com\/de\/"},{"@type":"ListItem","position":2,"name":"Private: Shop","item":"https:\/\/jeaken.com\/shop\/"},{"@type":"ListItem","position":3,"name":"Hawaiianische Spirulina &#8211; Nat\u00fcrliches Superfood, ballaststoffreich &#8211; Ideale gr\u00fcne Lebensmittel f\u00fcr Smoothies und Sportern\u00e4hrung &#8211; (120 vegane Kapseln)"}]},{"@type":"WebSite","@id":"https:\/\/jeaken.com\/de\/#website","url":"https:\/\/jeaken.com\/de\/","name":"JeaKen","description":"Organic Supplements for Health, Fitness and Nutrition","publisher":{"@id":"https:\/\/jeaken.com\/de\/#organization"},"potentialAction":[{"@type":"SearchAction","target":{"@type":"EntryPoint","urlTemplate":"https:\/\/jeaken.com\/de\/?s={search_term_string}"},"query-input":"required name=search_term_string"}],"inLanguage":"de-DE"},{"@type":"Organization","@id":"https:\/\/jeaken.com\/de\/#organization","name":"JeaKen","url":"https:\/\/jeaken.com\/de\/","logo":{"@type":"ImageObject","inLanguage":"de-DE","@id":"https:\/\/jeaken.com\/de\/#\/schema\/logo\/image\/","url":"https:\/\/jeaken.com\/wp-content\/uploads\/2022\/06\/jeaken-logo-23.png","contentUrl":"https:\/\/jeaken.com\/wp-content\/uploads\/2022\/06\/jeaken-logo-23.png","width":2486,"height":736,"caption":"JeaKen"},"image":{"@id":"https:\/\/jeaken.com\/de\/#\/schema\/logo\/image\/"}}]}},"jetpack_sharing_enabled":true,"_links":{"self":[{"href":"https:\/\/jeaken.com\/de\/wp-json\/wp\/v2\/product\/6822","targetHints":{"allow":["GET"]}}],"collection":[{"href":"https:\/\/jeaken.com\/de\/wp-json\/wp\/v2\/product"}],"about":[{"href":"https:\/\/jeaken.com\/de\/wp-json\/wp\/v2\/types\/product"}],"wp:featuredmedia":[{"embeddable":true,"href":"https:\/\/jeaken.com\/de\/wp-json\/wp\/v2\/media\/4313"}],"wp:attachment":[{"href":"https:\/\/jeaken.com\/de\/wp-json\/wp\/v2\/media?parent=6822"}],"wp:term":[{"taxonomy":"product_cat","embeddable":true,"href":"https:\/\/jeaken.com\/de\/wp-json\/wp\/v2\/product_cat?post=6822"},{"taxonomy":"product_tag","embeddable":true,"href":"https:\/\/jeaken.com\/de\/wp-json\/wp\/v2\/product_tag?post=6822"}],"curies":[{"name":"wp","href":"https:\/\/api.w.org\/{rel}","templated":true}]}}