{"id":6809,"date":"2022-07-21T19:18:22","date_gmt":"2022-07-21T18:18:22","guid":{"rendered":"https:\/1658920591610?product=high-calorie-mass-gainer-4kg-advanced-high-calorie-protein-shake-mit-glutamin-140g-pro-portion"},"modified":"2022-08-09T14:42:36","modified_gmt":"2022-08-09T13:42:36","slug":"high-calorie-mass-gainer-4kg-advanced-high-calorie-protein-shake-mit-glutamin-140g-pro-portion","status":"publish","type":"product","link":"https:\/\/jeaken.com\/de\/produkt\/high-calorie-mass-gainer-4kg-advanced-high-calorie-protein-shake-mit-glutamin-140g-pro-portion\/","title":{"rendered":"High Calorie Mass Gainer &#8211; 4Kg Advanced High Calorie Protein Shake mit Glutamin -(140g pro Portion)"},"content":{"rendered":"<div class=\"a-cardui feature\" data-a-card-type=\"basic\" data-cel-widget=\"\">\n<div id=\"productDescription_feature_div\" class=\"a-section a-spacing-none\" data-feature-name=\"productDescription\" data-template-name=\"productDescription\">\n<div id=\"productDescription_fullView\">\n<div class=\"a-section a-spacing-large text-direction-override\" dir=\"auto\">\n<p><strong>F\u00d6RDERT DIE GEWICHTSZUNAHME UND DIE MUSKELMASSE<\/strong><\/p>\n<p>Wir wissen, was f\u00fcr eine schnelle und anhaltende Gewichtszunahme notwendig ist &#8211; ein gro\u00dfer Kalorien\u00fcberschuss plus die Proteine und N\u00e4hrstoffe, die Ihr K\u00f6rper zum Aufbau und Wachstum ben\u00f6tigt! Mit 517 Kalorien pro 2 Portionsportionen und 7 Gramm Ballaststoffen pro Portion bietet dieses leistungsstarke Produkt die ultimative Masseformel f\u00fcr den echten Hard-Gainer.<\/p>\n<p><strong>HOHER PROTEINGEHALT F\u00dcR MUSKELAUFBAU UND REGENERATION<\/strong><\/p>\n<p><span class=\"a-list-item\">Unser leistungsstarkes Proteinisolatpulver enth\u00e4lt 34 Gramm hochwertiges Protein pro Portion. Wenn es nach dem Training angewendet wird, kann es dazu beitragen, Mikrorisse im Muskelgewebe schnell zu heilen, was die Erholung beschleunigt, den Muskelkater reduziert und mit der Zeit zu st\u00e4rkeren und gr\u00f6\u00dferen Muskeln f\u00fchrt.  <\/span>Unsere einzigartige Formel sorgt daf\u00fcr, dass der K\u00f6rper \u00fcber einen l\u00e4ngeren Zeitraum gleichm\u00e4\u00dfig mit Proteinen versorgt wird, um die Muskelregeneration zu erleichtern.<\/p>\n<\/div>\n<div class=\"a-section a-spacing-large text-direction-override\" dir=\"auto\">\n<p><strong>K\u00d6STLICHER GESCHMACK<\/strong><\/p>\n<p>Mass Gainer ist zum Genie\u00dfen gemacht. Sie m\u00f6chten einen Eiwei\u00dfshake, der die richtigen N\u00e4hr- und Wirkstoffe enth\u00e4lt, die Sie f\u00fcr Ihre Gewichtszunahme ben\u00f6tigen, der aber auch gut schmecken soll. Dieses Produkt<span class=\"a-list-item\">  kann in Smoothies, mit Haferflocken oder als Zusatz zu einer Pfannkuchenmischung genossen werden. Eiwei\u00dfpulver m\u00fcssen nicht langweilig sein<\/span><\/p>\n<p><b>SCHNELLE ERGEBNISSE<\/b><\/p>\n<p>Der Weg zum perfekten K\u00f6rper muss nicht langwierig sein! Jede Portion unseres Mass Gainers enth\u00e4lt ein optimales N\u00e4hrstoffprofil, um schnelles Wachstum und Zuw\u00e4chse zu f\u00f6rdern.<\/p>\n<p>&nbsp;<\/p>\n<\/div>\n<\/div>\n<\/div>\n<\/div>\n<div class=\"a-cardui feature\" data-a-card-type=\"basic\" data-cel-widget=\"\">\n<div id=\"featureBulletsAndDetailBullets_feature_div\" class=\"a-section a-spacing-none\" data-feature-name=\"featureBulletsAndDetailBullets\" data-template-name=\"featureBulletsAndDetailBullets\">\n<div id=\"featurebullets_secondary_view_div\" class=\"a-section\">\n<div id=\"feature-bullets\" class=\"a-section a-spacing-small\">\n<p>&nbsp;<\/p>\n<p>&nbsp;<\/p>\n<\/div>\n<\/div>\n<\/div>\n<\/div>\n","protected":false},"excerpt":{"rendered":"<h4>Muskelaufbau und Gewichtszunahme &#8211; 517Kcal &#8211; 85g Kohlenhydrate &#8211; 34g hochwertiges Protein &#8211; 7g Ballaststoffe &#8211; 28 Portionen<\/h4>\n<p>&nbsp;<\/p>\n","protected":false},"featured_media":2778,"template":"","meta":{"site-sidebar-layout":"default","site-content-layout":"default","ast-site-content-layout":"default","site-content-style":"default","site-sidebar-style":"default","ast-global-header-display":"","ast-banner-title-visibility":"","ast-main-header-display":"","ast-hfb-above-header-display":"","ast-hfb-below-header-display":"","ast-hfb-mobile-header-display":"","site-post-title":"","ast-breadcrumbs-content":"","ast-featured-img":"","footer-sml-layout":"","theme-transparent-header-meta":"default","adv-header-id-meta":"","stick-header-meta":"default","header-above-stick-meta":"","header-main-stick-meta":"","header-below-stick-meta":"","astra-migrate-meta-layouts":"default","ast-page-background-enabled":"default","ast-page-background-meta":{"desktop":{"background-color":"","background-image":"","background-repeat":"repeat","background-position":"center center","background-size":"auto","background-attachment":"scroll","background-type":"","background-media":"","overlay-type":"","overlay-color":"","overlay-opacity":"","overlay-gradient":""},"tablet":{"background-color":"","background-image":"","background-repeat":"repeat","background-position":"center center","background-size":"auto","background-attachment":"scroll","background-type":"","background-media":"","overlay-type":"","overlay-color":"","overlay-opacity":"","overlay-gradient":""},"mobile":{"background-color":"","background-image":"","background-repeat":"repeat","background-position":"center center","background-size":"auto","background-attachment":"scroll","background-type":"","background-media":"","overlay-type":"","overlay-color":"","overlay-opacity":"","overlay-gradient":""}},"ast-content-background-meta":{"desktop":{"background-color":"var(--ast-global-color-5)","background-image":"","background-repeat":"repeat","background-position":"center center","background-size":"auto","background-attachment":"scroll","background-type":"","background-media":"","overlay-type":"","overlay-color":"","overlay-opacity":"","overlay-gradient":""},"tablet":{"background-color":"var(--ast-global-color-5)","background-image":"","background-repeat":"repeat","background-position":"center center","background-size":"auto","background-attachment":"scroll","background-type":"","background-media":"","overlay-type":"","overlay-color":"","overlay-opacity":"","overlay-gradient":""},"mobile":{"background-color":"var(--ast-global-color-5)","background-image":"","background-repeat":"repeat","background-position":"center center","background-size":"auto","background-attachment":"scroll","background-type":"","background-media":"","overlay-type":"","overlay-color":"","overlay-opacity":"","overlay-gradient":""}}},"product_cat":[626,524],"product_tag":[],"class_list":{"0":"post-6809","1":"product","2":"type-product","3":"status-publish","4":"has-post-thumbnail","6":"product_cat-muskelaufbau","7":"product_cat-sporternahrung","8":"has-subscription-plans","9":"desktop-align-left","10":"tablet-align-left","11":"mobile-align-left","13":"first","14":"instock","15":"taxable","16":"shipping-taxable","17":"purchasable","18":"product-type-simple"},"yoast_head":"<!-- This site is optimized with the Yoast SEO plugin v22.7 - https:\/\/yoast.com\/wordpress\/plugins\/seo\/ -->\n<title>High Calorie Mass Gainer - 4Kg Advanced High Calorie Protein Shake mit Glutamin -(140g pro Portion) - JeaKen<\/title>\n<meta name=\"robots\" content=\"index, follow, max-snippet:-1, max-image-preview:large, max-video-preview:-1\" \/>\n<link rel=\"canonical\" href=\"https:\/\/jeaken.com\/de\/produkt\/high-calorie-mass-gainer-4kg-advanced-high-calorie-protein-shake-mit-glutamin-140g-pro-portion\/\" \/>\n<meta property=\"og:locale\" content=\"de_DE\" \/>\n<meta property=\"og:type\" content=\"article\" \/>\n<meta property=\"og:title\" content=\"High Calorie Mass Gainer - 4Kg Advanced High Calorie Protein Shake mit Glutamin -(140g pro Portion) - JeaKen\" \/>\n<meta property=\"og:description\" content=\"Muskelaufbau und Gewichtszunahme - 517Kcal - 85g Kohlenhydrate - 34g hochwertiges Protein - 7g Ballaststoffe - 28 Portionen &nbsp;\" \/>\n<meta property=\"og:url\" content=\"https:\/\/jeaken.com\/de\/produkt\/high-calorie-mass-gainer-4kg-advanced-high-calorie-protein-shake-mit-glutamin-140g-pro-portion\/\" \/>\n<meta property=\"og:site_name\" content=\"JeaKen\" \/>\n<meta property=\"article:modified_time\" content=\"2022-08-09T13:42:36+00:00\" \/>\n<meta property=\"og:image\" content=\"https:\/\/jeaken.com\/wp-content\/uploads\/2022\/07\/1.png\" \/>\n\t<meta property=\"og:image:width\" content=\"600\" \/>\n\t<meta property=\"og:image:height\" content=\"600\" \/>\n\t<meta property=\"og:image:type\" content=\"image\/png\" \/>\n<meta name=\"twitter:card\" content=\"summary_large_image\" \/>\n<meta name=\"twitter:label1\" content=\"Est. reading time\" \/>\n\t<meta name=\"twitter:data1\" content=\"1 minute\" \/>\n<script type=\"application\/ld+json\" class=\"yoast-schema-graph\">{\"@context\":\"https:\/\/schema.org\",\"@graph\":[{\"@type\":\"WebPage\",\"@id\":\"https:\/\/jeaken.com\/de\/produkt\/high-calorie-mass-gainer-4kg-advanced-high-calorie-protein-shake-mit-glutamin-140g-pro-portion\/\",\"url\":\"https:\/\/jeaken.com\/de\/produkt\/high-calorie-mass-gainer-4kg-advanced-high-calorie-protein-shake-mit-glutamin-140g-pro-portion\/\",\"name\":\"High Calorie Mass Gainer - 4Kg Advanced High Calorie Protein Shake mit Glutamin -(140g pro Portion) - JeaKen\",\"isPartOf\":{\"@id\":\"https:\/\/jeaken.com\/de\/#website\"},\"primaryImageOfPage\":{\"@id\":\"https:\/\/jeaken.com\/de\/produkt\/high-calorie-mass-gainer-4kg-advanced-high-calorie-protein-shake-mit-glutamin-140g-pro-portion\/#primaryimage\"},\"image\":{\"@id\":\"https:\/\/jeaken.com\/de\/produkt\/high-calorie-mass-gainer-4kg-advanced-high-calorie-protein-shake-mit-glutamin-140g-pro-portion\/#primaryimage\"},\"thumbnailUrl\":\"https:\/\/jeaken.com\/wp-content\/uploads\/2022\/07\/1.png\",\"datePublished\":\"2022-07-21T18:18:22+00:00\",\"dateModified\":\"2022-08-09T13:42:36+00:00\",\"breadcrumb\":{\"@id\":\"https:\/\/jeaken.com\/de\/produkt\/high-calorie-mass-gainer-4kg-advanced-high-calorie-protein-shake-mit-glutamin-140g-pro-portion\/#breadcrumb\"},\"inLanguage\":\"de-DE\",\"potentialAction\":[{\"@type\":\"ReadAction\",\"target\":[\"https:\/\/jeaken.com\/de\/produkt\/high-calorie-mass-gainer-4kg-advanced-high-calorie-protein-shake-mit-glutamin-140g-pro-portion\/\"]}]},{\"@type\":\"ImageObject\",\"inLanguage\":\"de-DE\",\"@id\":\"https:\/\/jeaken.com\/de\/produkt\/high-calorie-mass-gainer-4kg-advanced-high-calorie-protein-shake-mit-glutamin-140g-pro-portion\/#primaryimage\",\"url\":\"https:\/\/jeaken.com\/wp-content\/uploads\/2022\/07\/1.png\",\"contentUrl\":\"https:\/\/jeaken.com\/wp-content\/uploads\/2022\/07\/1.png\",\"width\":600,\"height\":600,\"caption\":\"High Calorie Mass Gainer - 4Kg Advanced High Calorie Protein Shake with Glutamine )\"},{\"@type\":\"BreadcrumbList\",\"@id\":\"https:\/\/jeaken.com\/de\/produkt\/high-calorie-mass-gainer-4kg-advanced-high-calorie-protein-shake-mit-glutamin-140g-pro-portion\/#breadcrumb\",\"itemListElement\":[{\"@type\":\"ListItem\",\"position\":1,\"name\":\"Home\",\"item\":\"https:\/\/jeaken.com\/de\/\"},{\"@type\":\"ListItem\",\"position\":2,\"name\":\"Private: Shop\",\"item\":\"https:\/\/jeaken.com\/shop\/\"},{\"@type\":\"ListItem\",\"position\":3,\"name\":\"High Calorie Mass Gainer &#8211; 4Kg Advanced High Calorie Protein Shake mit Glutamin -(140g pro Portion)\"}]},{\"@type\":\"WebSite\",\"@id\":\"https:\/\/jeaken.com\/de\/#website\",\"url\":\"https:\/\/jeaken.com\/de\/\",\"name\":\"JeaKen\",\"description\":\"Organic Supplements for Health, Fitness and Nutrition\",\"publisher\":{\"@id\":\"https:\/\/jeaken.com\/de\/#organization\"},\"potentialAction\":[{\"@type\":\"SearchAction\",\"target\":{\"@type\":\"EntryPoint\",\"urlTemplate\":\"https:\/\/jeaken.com\/de\/?s={search_term_string}\"},\"query-input\":\"required name=search_term_string\"}],\"inLanguage\":\"de-DE\"},{\"@type\":\"Organization\",\"@id\":\"https:\/\/jeaken.com\/de\/#organization\",\"name\":\"JeaKen\",\"url\":\"https:\/\/jeaken.com\/de\/\",\"logo\":{\"@type\":\"ImageObject\",\"inLanguage\":\"de-DE\",\"@id\":\"https:\/\/jeaken.com\/de\/#\/schema\/logo\/image\/\",\"url\":\"https:\/\/jeaken.com\/wp-content\/uploads\/2022\/06\/jeaken-logo-23.png\",\"contentUrl\":\"https:\/\/jeaken.com\/wp-content\/uploads\/2022\/06\/jeaken-logo-23.png\",\"width\":2486,\"height\":736,\"caption\":\"JeaKen\"},\"image\":{\"@id\":\"https:\/\/jeaken.com\/de\/#\/schema\/logo\/image\/\"}}]}<\/script>\n<!-- \/ Yoast SEO plugin. -->","yoast_head_json":{"title":"High Calorie Mass Gainer - 4Kg Advanced High Calorie Protein Shake mit Glutamin -(140g pro Portion) - JeaKen","robots":{"index":"index","follow":"follow","max-snippet":"max-snippet:-1","max-image-preview":"max-image-preview:large","max-video-preview":"max-video-preview:-1"},"canonical":"https:\/\/jeaken.com\/de\/produkt\/high-calorie-mass-gainer-4kg-advanced-high-calorie-protein-shake-mit-glutamin-140g-pro-portion\/","og_locale":"de_DE","og_type":"article","og_title":"High Calorie Mass Gainer - 4Kg Advanced High Calorie Protein Shake mit Glutamin -(140g pro Portion) - JeaKen","og_description":"Muskelaufbau und Gewichtszunahme - 517Kcal - 85g Kohlenhydrate - 34g hochwertiges Protein - 7g Ballaststoffe - 28 Portionen &nbsp;","og_url":"https:\/\/jeaken.com\/de\/produkt\/high-calorie-mass-gainer-4kg-advanced-high-calorie-protein-shake-mit-glutamin-140g-pro-portion\/","og_site_name":"JeaKen","article_modified_time":"2022-08-09T13:42:36+00:00","og_image":[{"width":600,"height":600,"url":"https:\/\/jeaken.com\/wp-content\/uploads\/2022\/07\/1.png","type":"image\/png"}],"twitter_card":"summary_large_image","twitter_misc":{"Est. reading time":"1 minute"},"schema":{"@context":"https:\/\/schema.org","@graph":[{"@type":"WebPage","@id":"https:\/\/jeaken.com\/de\/produkt\/high-calorie-mass-gainer-4kg-advanced-high-calorie-protein-shake-mit-glutamin-140g-pro-portion\/","url":"https:\/\/jeaken.com\/de\/produkt\/high-calorie-mass-gainer-4kg-advanced-high-calorie-protein-shake-mit-glutamin-140g-pro-portion\/","name":"High Calorie Mass Gainer - 4Kg Advanced High Calorie Protein Shake mit Glutamin -(140g pro Portion) - JeaKen","isPartOf":{"@id":"https:\/\/jeaken.com\/de\/#website"},"primaryImageOfPage":{"@id":"https:\/\/jeaken.com\/de\/produkt\/high-calorie-mass-gainer-4kg-advanced-high-calorie-protein-shake-mit-glutamin-140g-pro-portion\/#primaryimage"},"image":{"@id":"https:\/\/jeaken.com\/de\/produkt\/high-calorie-mass-gainer-4kg-advanced-high-calorie-protein-shake-mit-glutamin-140g-pro-portion\/#primaryimage"},"thumbnailUrl":"https:\/\/jeaken.com\/wp-content\/uploads\/2022\/07\/1.png","datePublished":"2022-07-21T18:18:22+00:00","dateModified":"2022-08-09T13:42:36+00:00","breadcrumb":{"@id":"https:\/\/jeaken.com\/de\/produkt\/high-calorie-mass-gainer-4kg-advanced-high-calorie-protein-shake-mit-glutamin-140g-pro-portion\/#breadcrumb"},"inLanguage":"de-DE","potentialAction":[{"@type":"ReadAction","target":["https:\/\/jeaken.com\/de\/produkt\/high-calorie-mass-gainer-4kg-advanced-high-calorie-protein-shake-mit-glutamin-140g-pro-portion\/"]}]},{"@type":"ImageObject","inLanguage":"de-DE","@id":"https:\/\/jeaken.com\/de\/produkt\/high-calorie-mass-gainer-4kg-advanced-high-calorie-protein-shake-mit-glutamin-140g-pro-portion\/#primaryimage","url":"https:\/\/jeaken.com\/wp-content\/uploads\/2022\/07\/1.png","contentUrl":"https:\/\/jeaken.com\/wp-content\/uploads\/2022\/07\/1.png","width":600,"height":600,"caption":"High Calorie Mass Gainer - 4Kg Advanced High Calorie Protein Shake with Glutamine )"},{"@type":"BreadcrumbList","@id":"https:\/\/jeaken.com\/de\/produkt\/high-calorie-mass-gainer-4kg-advanced-high-calorie-protein-shake-mit-glutamin-140g-pro-portion\/#breadcrumb","itemListElement":[{"@type":"ListItem","position":1,"name":"Home","item":"https:\/\/jeaken.com\/de\/"},{"@type":"ListItem","position":2,"name":"Private: Shop","item":"https:\/\/jeaken.com\/shop\/"},{"@type":"ListItem","position":3,"name":"High Calorie Mass Gainer &#8211; 4Kg Advanced High Calorie Protein Shake mit Glutamin -(140g pro Portion)"}]},{"@type":"WebSite","@id":"https:\/\/jeaken.com\/de\/#website","url":"https:\/\/jeaken.com\/de\/","name":"JeaKen","description":"Organic Supplements for Health, Fitness and Nutrition","publisher":{"@id":"https:\/\/jeaken.com\/de\/#organization"},"potentialAction":[{"@type":"SearchAction","target":{"@type":"EntryPoint","urlTemplate":"https:\/\/jeaken.com\/de\/?s={search_term_string}"},"query-input":"required name=search_term_string"}],"inLanguage":"de-DE"},{"@type":"Organization","@id":"https:\/\/jeaken.com\/de\/#organization","name":"JeaKen","url":"https:\/\/jeaken.com\/de\/","logo":{"@type":"ImageObject","inLanguage":"de-DE","@id":"https:\/\/jeaken.com\/de\/#\/schema\/logo\/image\/","url":"https:\/\/jeaken.com\/wp-content\/uploads\/2022\/06\/jeaken-logo-23.png","contentUrl":"https:\/\/jeaken.com\/wp-content\/uploads\/2022\/06\/jeaken-logo-23.png","width":2486,"height":736,"caption":"JeaKen"},"image":{"@id":"https:\/\/jeaken.com\/de\/#\/schema\/logo\/image\/"}}]}},"jetpack_sharing_enabled":true,"_links":{"self":[{"href":"https:\/\/jeaken.com\/de\/wp-json\/wp\/v2\/product\/6809","targetHints":{"allow":["GET"]}}],"collection":[{"href":"https:\/\/jeaken.com\/de\/wp-json\/wp\/v2\/product"}],"about":[{"href":"https:\/\/jeaken.com\/de\/wp-json\/wp\/v2\/types\/product"}],"wp:featuredmedia":[{"embeddable":true,"href":"https:\/\/jeaken.com\/de\/wp-json\/wp\/v2\/media\/2778"}],"wp:attachment":[{"href":"https:\/\/jeaken.com\/de\/wp-json\/wp\/v2\/media?parent=6809"}],"wp:term":[{"taxonomy":"product_cat","embeddable":true,"href":"https:\/\/jeaken.com\/de\/wp-json\/wp\/v2\/product_cat?post=6809"},{"taxonomy":"product_tag","embeddable":true,"href":"https:\/\/jeaken.com\/de\/wp-json\/wp\/v2\/product_tag?post=6809"}],"curies":[{"name":"wp","href":"https:\/\/api.w.org\/{rel}","templated":true}]}}