{"id":6794,"date":"2022-07-21T19:18:22","date_gmt":"2022-07-21T18:18:22","guid":{"rendered":"https:\/1658920591610?product=einzigartiges-pre-workout-supplement-mit-citrullin-kreatin-koffein-beta-alanin-und-aakg-500g"},"modified":"2022-08-09T14:41:59","modified_gmt":"2022-08-09T13:41:59","slug":"einzigartiges-pre-workout-supplement-mit-citrullin-kreatin-koffein-beta-alanin-und-aakg-500g","status":"publish","type":"product","link":"https:\/\/jeaken.com\/de\/produkt\/einzigartiges-pre-workout-supplement-mit-citrullin-kreatin-koffein-beta-alanin-und-aakg-500g\/","title":{"rendered":"Einzigartiges Pre-Workout Supplement mit Citrullin, Kreatin, Koffein, Beta-Alanin und AAKG. 500g"},"content":{"rendered":"<p><strong><span class=\"a-list-item\">UNTERST\u00dcTZT EXPLOSIVE ENERGIE  <\/span><\/strong><\/p>\n<p><span class=\"a-list-item\">Dieses leistungsstarke Supplement bietet eine einzigartige Mischung aus BCAA, Kreatin, Citrullin Malat, Beta Alanin, AAKG, Koffein, Vitamin B6 und vielem mehr, um Ihrem K\u00f6rper zu helfen, auf h\u00f6chstem Niveau zu trainieren, die k\u00f6rperliche Leistung zu steigern und Erm\u00fcdung zu reduzieren.<\/span><\/p>\n<p><strong><span class=\"a-list-item\">BEG\u00dcNSTIGT L\u00c4NGER ANHALTENDE PUMPEN  <\/span><\/strong><\/p>\n<p><span class=\"a-list-item\">Unsere erprobte Formel enth\u00e4lt L-Citrullin anstelle von L-Arginin f\u00fcr einen intensiven, lang anhaltenden Muskelpump. Es hat sich gezeigt, dass L-Citrullin im Vergleich zu einer h\u00f6heren Dosis von L-Arginin bessere Spitzenwerte im Plasma erreicht.<\/span><\/p>\n<p><strong><span class=\"a-list-item\">STEIGERT KRAFT UND LEISTUNG  <\/span><\/strong><\/p>\n<p><span class=\"a-list-item\">Ein hochwirksames und einzigartiges Kreatin, bekannt als Tri-Creatine Malate, wurde in diese Formel eingearbeitet, um den Zuwachs an Gr\u00f6\u00dfe und St\u00e4rke zu verst\u00e4rken. Das bedeutet l\u00e4ngere, effizientere Trainingseinheiten.<\/span><\/p>\n<p><strong><span class=\"a-list-item\">EINFACHES UND BEQUEMES TRAININGSPULVER  <\/span><\/strong><\/p>\n<p><span class=\"a-list-item\">Unser Pre-Workout-Pulver ist eine wohlschmeckende Formel, die einfach und bequem zu verwenden ist. Nehmen Sie es einfach 30 Minuten vor dem Training ein und \u00fcberzeugen Sie sich selbst von den Ergebnissen.  <\/span><\/p>\n<p>&nbsp;<\/p>\n","protected":false},"excerpt":{"rendered":"<h4>Stiefel Ergebnisse. Erh\u00f6ht die Gewinne. Verbessert die Leistung.<\/h4>\n","protected":false},"featured_media":2743,"template":"","meta":{"site-sidebar-layout":"default","site-content-layout":"default","ast-site-content-layout":"default","site-content-style":"default","site-sidebar-style":"default","ast-global-header-display":"","ast-banner-title-visibility":"","ast-main-header-display":"","ast-hfb-above-header-display":"","ast-hfb-below-header-display":"","ast-hfb-mobile-header-display":"","site-post-title":"","ast-breadcrumbs-content":"","ast-featured-img":"","footer-sml-layout":"","theme-transparent-header-meta":"default","adv-header-id-meta":"","stick-header-meta":"default","header-above-stick-meta":"","header-main-stick-meta":"","header-below-stick-meta":"","astra-migrate-meta-layouts":"default","ast-page-background-enabled":"default","ast-page-background-meta":{"desktop":{"background-color":"","background-image":"","background-repeat":"repeat","background-position":"center center","background-size":"auto","background-attachment":"scroll","background-type":"","background-media":"","overlay-type":"","overlay-color":"","overlay-opacity":"","overlay-gradient":""},"tablet":{"background-color":"","background-image":"","background-repeat":"repeat","background-position":"center center","background-size":"auto","background-attachment":"scroll","background-type":"","background-media":"","overlay-type":"","overlay-color":"","overlay-opacity":"","overlay-gradient":""},"mobile":{"background-color":"","background-image":"","background-repeat":"repeat","background-position":"center center","background-size":"auto","background-attachment":"scroll","background-type":"","background-media":"","overlay-type":"","overlay-color":"","overlay-opacity":"","overlay-gradient":""}},"ast-content-background-meta":{"desktop":{"background-color":"var(--ast-global-color-5)","background-image":"","background-repeat":"repeat","background-position":"center center","background-size":"auto","background-attachment":"scroll","background-type":"","background-media":"","overlay-type":"","overlay-color":"","overlay-opacity":"","overlay-gradient":""},"tablet":{"background-color":"var(--ast-global-color-5)","background-image":"","background-repeat":"repeat","background-position":"center center","background-size":"auto","background-attachment":"scroll","background-type":"","background-media":"","overlay-type":"","overlay-color":"","overlay-opacity":"","overlay-gradient":""},"mobile":{"background-color":"var(--ast-global-color-5)","background-image":"","background-repeat":"repeat","background-position":"center center","background-size":"auto","background-attachment":"scroll","background-type":"","background-media":"","overlay-type":"","overlay-color":"","overlay-opacity":"","overlay-gradient":""}}},"product_cat":[626,524],"product_tag":[],"class_list":{"0":"post-6794","1":"product","2":"type-product","3":"status-publish","4":"has-post-thumbnail","6":"product_cat-muskelaufbau","7":"product_cat-sporternahrung","8":"has-subscription-plans","9":"desktop-align-left","10":"tablet-align-left","11":"mobile-align-left","13":"first","14":"instock","15":"taxable","16":"shipping-taxable","17":"purchasable","18":"product-type-simple"},"yoast_head":"<!-- This site is optimized with the Yoast SEO plugin v22.7 - https:\/\/yoast.com\/wordpress\/plugins\/seo\/ -->\n<title>Einzigartiges Pre-Workout Supplement mit Citrullin, Kreatin, Koffein, Beta-Alanin und AAKG. 500g - JeaKen<\/title>\n<meta name=\"robots\" content=\"index, follow, max-snippet:-1, max-image-preview:large, max-video-preview:-1\" \/>\n<link rel=\"canonical\" href=\"https:\/\/jeaken.com\/de\/produkt\/einzigartiges-pre-workout-supplement-mit-citrullin-kreatin-koffein-beta-alanin-und-aakg-500g\/\" \/>\n<meta property=\"og:locale\" content=\"de_DE\" \/>\n<meta property=\"og:type\" content=\"article\" \/>\n<meta property=\"og:title\" content=\"Einzigartiges Pre-Workout Supplement mit Citrullin, Kreatin, Koffein, Beta-Alanin und AAKG. 500g - JeaKen\" \/>\n<meta property=\"og:description\" content=\"Stiefel Ergebnisse. Erh\u00f6ht die Gewinne. Verbessert die Leistung.\" \/>\n<meta property=\"og:url\" content=\"https:\/\/jeaken.com\/de\/produkt\/einzigartiges-pre-workout-supplement-mit-citrullin-kreatin-koffein-beta-alanin-und-aakg-500g\/\" \/>\n<meta property=\"og:site_name\" content=\"JeaKen\" \/>\n<meta property=\"article:modified_time\" content=\"2022-08-09T13:41:59+00:00\" \/>\n<meta property=\"og:image\" content=\"https:\/\/jeaken.com\/wp-content\/uploads\/2022\/07\/81qFu636vqL._AC_SL1500_.jpg\" \/>\n\t<meta property=\"og:image:width\" content=\"600\" \/>\n\t<meta property=\"og:image:height\" content=\"600\" \/>\n\t<meta property=\"og:image:type\" content=\"image\/jpeg\" \/>\n<meta name=\"twitter:card\" content=\"summary_large_image\" \/>\n<meta name=\"twitter:label1\" content=\"Est. reading time\" \/>\n\t<meta name=\"twitter:data1\" content=\"1 minute\" \/>\n<script type=\"application\/ld+json\" class=\"yoast-schema-graph\">{\"@context\":\"https:\/\/schema.org\",\"@graph\":[{\"@type\":\"WebPage\",\"@id\":\"https:\/\/jeaken.com\/de\/produkt\/einzigartiges-pre-workout-supplement-mit-citrullin-kreatin-koffein-beta-alanin-und-aakg-500g\/\",\"url\":\"https:\/\/jeaken.com\/de\/produkt\/einzigartiges-pre-workout-supplement-mit-citrullin-kreatin-koffein-beta-alanin-und-aakg-500g\/\",\"name\":\"Einzigartiges Pre-Workout Supplement mit Citrullin, Kreatin, Koffein, Beta-Alanin und AAKG. 500g - JeaKen\",\"isPartOf\":{\"@id\":\"https:\/\/jeaken.com\/de\/#website\"},\"primaryImageOfPage\":{\"@id\":\"https:\/\/jeaken.com\/de\/produkt\/einzigartiges-pre-workout-supplement-mit-citrullin-kreatin-koffein-beta-alanin-und-aakg-500g\/#primaryimage\"},\"image\":{\"@id\":\"https:\/\/jeaken.com\/de\/produkt\/einzigartiges-pre-workout-supplement-mit-citrullin-kreatin-koffein-beta-alanin-und-aakg-500g\/#primaryimage\"},\"thumbnailUrl\":\"https:\/\/jeaken.com\/wp-content\/uploads\/2022\/07\/81qFu636vqL._AC_SL1500_.jpg\",\"datePublished\":\"2022-07-21T18:18:22+00:00\",\"dateModified\":\"2022-08-09T13:41:59+00:00\",\"breadcrumb\":{\"@id\":\"https:\/\/jeaken.com\/de\/produkt\/einzigartiges-pre-workout-supplement-mit-citrullin-kreatin-koffein-beta-alanin-und-aakg-500g\/#breadcrumb\"},\"inLanguage\":\"de-DE\",\"potentialAction\":[{\"@type\":\"ReadAction\",\"target\":[\"https:\/\/jeaken.com\/de\/produkt\/einzigartiges-pre-workout-supplement-mit-citrullin-kreatin-koffein-beta-alanin-und-aakg-500g\/\"]}]},{\"@type\":\"ImageObject\",\"inLanguage\":\"de-DE\",\"@id\":\"https:\/\/jeaken.com\/de\/produkt\/einzigartiges-pre-workout-supplement-mit-citrullin-kreatin-koffein-beta-alanin-und-aakg-500g\/#primaryimage\",\"url\":\"https:\/\/jeaken.com\/wp-content\/uploads\/2022\/07\/81qFu636vqL._AC_SL1500_.jpg\",\"contentUrl\":\"https:\/\/jeaken.com\/wp-content\/uploads\/2022\/07\/81qFu636vqL._AC_SL1500_.jpg\",\"width\":600,\"height\":600,\"caption\":\"Unique Pre-Workout Supplement with Citrulline Creatine, Caffeine Beta-Alanine and AAKG. 500g\"},{\"@type\":\"BreadcrumbList\",\"@id\":\"https:\/\/jeaken.com\/de\/produkt\/einzigartiges-pre-workout-supplement-mit-citrullin-kreatin-koffein-beta-alanin-und-aakg-500g\/#breadcrumb\",\"itemListElement\":[{\"@type\":\"ListItem\",\"position\":1,\"name\":\"Home\",\"item\":\"https:\/\/jeaken.com\/de\/\"},{\"@type\":\"ListItem\",\"position\":2,\"name\":\"Private: Shop\",\"item\":\"https:\/\/jeaken.com\/shop\/\"},{\"@type\":\"ListItem\",\"position\":3,\"name\":\"Einzigartiges Pre-Workout Supplement mit Citrullin, Kreatin, Koffein, Beta-Alanin und AAKG. 500g\"}]},{\"@type\":\"WebSite\",\"@id\":\"https:\/\/jeaken.com\/de\/#website\",\"url\":\"https:\/\/jeaken.com\/de\/\",\"name\":\"JeaKen\",\"description\":\"Organic Supplements for Health, Fitness and Nutrition\",\"publisher\":{\"@id\":\"https:\/\/jeaken.com\/de\/#organization\"},\"potentialAction\":[{\"@type\":\"SearchAction\",\"target\":{\"@type\":\"EntryPoint\",\"urlTemplate\":\"https:\/\/jeaken.com\/de\/?s={search_term_string}\"},\"query-input\":\"required name=search_term_string\"}],\"inLanguage\":\"de-DE\"},{\"@type\":\"Organization\",\"@id\":\"https:\/\/jeaken.com\/de\/#organization\",\"name\":\"JeaKen\",\"url\":\"https:\/\/jeaken.com\/de\/\",\"logo\":{\"@type\":\"ImageObject\",\"inLanguage\":\"de-DE\",\"@id\":\"https:\/\/jeaken.com\/de\/#\/schema\/logo\/image\/\",\"url\":\"https:\/\/jeaken.com\/wp-content\/uploads\/2022\/06\/jeaken-logo-23.png\",\"contentUrl\":\"https:\/\/jeaken.com\/wp-content\/uploads\/2022\/06\/jeaken-logo-23.png\",\"width\":2486,\"height\":736,\"caption\":\"JeaKen\"},\"image\":{\"@id\":\"https:\/\/jeaken.com\/de\/#\/schema\/logo\/image\/\"}}]}<\/script>\n<!-- \/ Yoast SEO plugin. -->","yoast_head_json":{"title":"Einzigartiges Pre-Workout Supplement mit Citrullin, Kreatin, Koffein, Beta-Alanin und AAKG. 500g - JeaKen","robots":{"index":"index","follow":"follow","max-snippet":"max-snippet:-1","max-image-preview":"max-image-preview:large","max-video-preview":"max-video-preview:-1"},"canonical":"https:\/\/jeaken.com\/de\/produkt\/einzigartiges-pre-workout-supplement-mit-citrullin-kreatin-koffein-beta-alanin-und-aakg-500g\/","og_locale":"de_DE","og_type":"article","og_title":"Einzigartiges Pre-Workout Supplement mit Citrullin, Kreatin, Koffein, Beta-Alanin und AAKG. 500g - JeaKen","og_description":"Stiefel Ergebnisse. Erh\u00f6ht die Gewinne. Verbessert die Leistung.","og_url":"https:\/\/jeaken.com\/de\/produkt\/einzigartiges-pre-workout-supplement-mit-citrullin-kreatin-koffein-beta-alanin-und-aakg-500g\/","og_site_name":"JeaKen","article_modified_time":"2022-08-09T13:41:59+00:00","og_image":[{"width":600,"height":600,"url":"https:\/\/jeaken.com\/wp-content\/uploads\/2022\/07\/81qFu636vqL._AC_SL1500_.jpg","type":"image\/jpeg"}],"twitter_card":"summary_large_image","twitter_misc":{"Est. reading time":"1 minute"},"schema":{"@context":"https:\/\/schema.org","@graph":[{"@type":"WebPage","@id":"https:\/\/jeaken.com\/de\/produkt\/einzigartiges-pre-workout-supplement-mit-citrullin-kreatin-koffein-beta-alanin-und-aakg-500g\/","url":"https:\/\/jeaken.com\/de\/produkt\/einzigartiges-pre-workout-supplement-mit-citrullin-kreatin-koffein-beta-alanin-und-aakg-500g\/","name":"Einzigartiges Pre-Workout Supplement mit Citrullin, Kreatin, Koffein, Beta-Alanin und AAKG. 500g - JeaKen","isPartOf":{"@id":"https:\/\/jeaken.com\/de\/#website"},"primaryImageOfPage":{"@id":"https:\/\/jeaken.com\/de\/produkt\/einzigartiges-pre-workout-supplement-mit-citrullin-kreatin-koffein-beta-alanin-und-aakg-500g\/#primaryimage"},"image":{"@id":"https:\/\/jeaken.com\/de\/produkt\/einzigartiges-pre-workout-supplement-mit-citrullin-kreatin-koffein-beta-alanin-und-aakg-500g\/#primaryimage"},"thumbnailUrl":"https:\/\/jeaken.com\/wp-content\/uploads\/2022\/07\/81qFu636vqL._AC_SL1500_.jpg","datePublished":"2022-07-21T18:18:22+00:00","dateModified":"2022-08-09T13:41:59+00:00","breadcrumb":{"@id":"https:\/\/jeaken.com\/de\/produkt\/einzigartiges-pre-workout-supplement-mit-citrullin-kreatin-koffein-beta-alanin-und-aakg-500g\/#breadcrumb"},"inLanguage":"de-DE","potentialAction":[{"@type":"ReadAction","target":["https:\/\/jeaken.com\/de\/produkt\/einzigartiges-pre-workout-supplement-mit-citrullin-kreatin-koffein-beta-alanin-und-aakg-500g\/"]}]},{"@type":"ImageObject","inLanguage":"de-DE","@id":"https:\/\/jeaken.com\/de\/produkt\/einzigartiges-pre-workout-supplement-mit-citrullin-kreatin-koffein-beta-alanin-und-aakg-500g\/#primaryimage","url":"https:\/\/jeaken.com\/wp-content\/uploads\/2022\/07\/81qFu636vqL._AC_SL1500_.jpg","contentUrl":"https:\/\/jeaken.com\/wp-content\/uploads\/2022\/07\/81qFu636vqL._AC_SL1500_.jpg","width":600,"height":600,"caption":"Unique Pre-Workout Supplement with Citrulline Creatine, Caffeine Beta-Alanine and AAKG. 500g"},{"@type":"BreadcrumbList","@id":"https:\/\/jeaken.com\/de\/produkt\/einzigartiges-pre-workout-supplement-mit-citrullin-kreatin-koffein-beta-alanin-und-aakg-500g\/#breadcrumb","itemListElement":[{"@type":"ListItem","position":1,"name":"Home","item":"https:\/\/jeaken.com\/de\/"},{"@type":"ListItem","position":2,"name":"Private: Shop","item":"https:\/\/jeaken.com\/shop\/"},{"@type":"ListItem","position":3,"name":"Einzigartiges Pre-Workout Supplement mit Citrullin, Kreatin, Koffein, Beta-Alanin und AAKG. 500g"}]},{"@type":"WebSite","@id":"https:\/\/jeaken.com\/de\/#website","url":"https:\/\/jeaken.com\/de\/","name":"JeaKen","description":"Organic Supplements for Health, Fitness and Nutrition","publisher":{"@id":"https:\/\/jeaken.com\/de\/#organization"},"potentialAction":[{"@type":"SearchAction","target":{"@type":"EntryPoint","urlTemplate":"https:\/\/jeaken.com\/de\/?s={search_term_string}"},"query-input":"required name=search_term_string"}],"inLanguage":"de-DE"},{"@type":"Organization","@id":"https:\/\/jeaken.com\/de\/#organization","name":"JeaKen","url":"https:\/\/jeaken.com\/de\/","logo":{"@type":"ImageObject","inLanguage":"de-DE","@id":"https:\/\/jeaken.com\/de\/#\/schema\/logo\/image\/","url":"https:\/\/jeaken.com\/wp-content\/uploads\/2022\/06\/jeaken-logo-23.png","contentUrl":"https:\/\/jeaken.com\/wp-content\/uploads\/2022\/06\/jeaken-logo-23.png","width":2486,"height":736,"caption":"JeaKen"},"image":{"@id":"https:\/\/jeaken.com\/de\/#\/schema\/logo\/image\/"}}]}},"jetpack_sharing_enabled":true,"_links":{"self":[{"href":"https:\/\/jeaken.com\/de\/wp-json\/wp\/v2\/product\/6794","targetHints":{"allow":["GET"]}}],"collection":[{"href":"https:\/\/jeaken.com\/de\/wp-json\/wp\/v2\/product"}],"about":[{"href":"https:\/\/jeaken.com\/de\/wp-json\/wp\/v2\/types\/product"}],"wp:featuredmedia":[{"embeddable":true,"href":"https:\/\/jeaken.com\/de\/wp-json\/wp\/v2\/media\/2743"}],"wp:attachment":[{"href":"https:\/\/jeaken.com\/de\/wp-json\/wp\/v2\/media?parent=6794"}],"wp:term":[{"taxonomy":"product_cat","embeddable":true,"href":"https:\/\/jeaken.com\/de\/wp-json\/wp\/v2\/product_cat?post=6794"},{"taxonomy":"product_tag","embeddable":true,"href":"https:\/\/jeaken.com\/de\/wp-json\/wp\/v2\/product_tag?post=6794"}],"curies":[{"name":"wp","href":"https:\/\/api.w.org\/{rel}","templated":true}]}}