{"id":6777,"date":"2022-07-21T19:18:22","date_gmt":"2022-07-21T18:18:22","guid":{"rendered":"https:\/1658920591610?product=hochwertige-vitamin-c-und-zink-tabletten-zur-erhaltung-der-funktion-von-haut-haar-und-immunsystem"},"modified":"2022-08-09T14:42:30","modified_gmt":"2022-08-09T13:42:30","slug":"hochwertige-vitamin-c-und-zink-tabletten","status":"publish","type":"product","link":"https:\/\/jeaken.com\/de\/produkt\/hochwertige-vitamin-c-und-zink-tabletten\/","title":{"rendered":"Hochwertige Vitamin C- und Zink-Tabletten &#8211; zur Erhaltung der Funktion von Haut, Haar und Immunsystem."},"content":{"rendered":"<p><strong>LIEFERT WICHTIGE VITAMINE<\/strong><\/p>\n<p><span style=\"font-weight: 400;\">Vitamin C und Zink tragen beide zur normalen Funktion des Immunsystems bei und tragen gleichzeitig zum Schutz der Zellen vor oxidativem Stress bei.<\/span><\/p>\n<p><strong>F\u00d6RDERT DIE GESUNDE HORMONPRODUKTION<\/strong><\/p>\n<p><span style=\"font-weight: 400;\">Zink gilt als einer der wichtigsten N\u00e4hrstoffe f\u00fcr eine gesunde Prostata und tr\u00e4gt auch zu einer erh\u00f6hten Produktion von Testosteron bei, das eine wichtige Rolle bei der Spermaproduktion und der Erhaltung der Lebensf\u00e4higkeit der Spermien spielt.<\/span><\/p>\n<p><strong>REICH AN VITAMIN C<\/strong><\/p>\n<p><span style=\"font-weight: 400;\">Vitamin C tr\u00e4gt zum Schutz der Zellen vor oxidativen Sch\u00e4den und zur normalen Bildung von Kollagen f\u00fcr die gesunde Funktion von Knorpeln, Knochen, Blutgef\u00e4\u00dfen, Zahnfleisch, Z\u00e4hnen und Haut bei. Vitamin C tr\u00e4gt auch dazu bei, die normale Funktion des Immunsystems w\u00e4hrend und nach k\u00f6rperlicher Anstrengung zu unterst\u00fctzen.  <\/span><\/p>\n<p><strong>GENTECHNIKFREI UND GLUTENFREI<\/strong><\/p>\n<p><span style=\"font-weight: 400;\">Unsere Vitamin C- und Zink-Tabletten sind f\u00fcr Veganer geeignet und frei von Gluten, Weizen, Milchprodukten, Soja, Hefe, Zucker, Natrium, k\u00fcnstlichen Aromen und S\u00fc\u00dfungsmitteln.<\/span><\/p>\n<p>&nbsp;<\/p>\n","protected":false},"excerpt":{"rendered":"<h4>Liefert essentielle Vitamine f\u00fcr eine verbesserte Funktion des Immunsystems und die hormonelle Gesundheit.<\/h4>\n<p>&nbsp;<\/p>\n","protected":false},"featured_media":4966,"template":"","meta":{"site-sidebar-layout":"default","site-content-layout":"default","ast-site-content-layout":"default","site-content-style":"default","site-sidebar-style":"default","ast-global-header-display":"","ast-banner-title-visibility":"","ast-main-header-display":"","ast-hfb-above-header-display":"","ast-hfb-below-header-display":"","ast-hfb-mobile-header-display":"","site-post-title":"","ast-breadcrumbs-content":"","ast-featured-img":"","footer-sml-layout":"","theme-transparent-header-meta":"default","adv-header-id-meta":"","stick-header-meta":"default","header-above-stick-meta":"","header-main-stick-meta":"","header-below-stick-meta":"","astra-migrate-meta-layouts":"default","ast-page-background-enabled":"default","ast-page-background-meta":{"desktop":{"background-color":"","background-image":"","background-repeat":"repeat","background-position":"center center","background-size":"auto","background-attachment":"scroll","background-type":"","background-media":"","overlay-type":"","overlay-color":"","overlay-opacity":"","overlay-gradient":""},"tablet":{"background-color":"","background-image":"","background-repeat":"repeat","background-position":"center center","background-size":"auto","background-attachment":"scroll","background-type":"","background-media":"","overlay-type":"","overlay-color":"","overlay-opacity":"","overlay-gradient":""},"mobile":{"background-color":"","background-image":"","background-repeat":"repeat","background-position":"center center","background-size":"auto","background-attachment":"scroll","background-type":"","background-media":"","overlay-type":"","overlay-color":"","overlay-opacity":"","overlay-gradient":""}},"ast-content-background-meta":{"desktop":{"background-color":"var(--ast-global-color-5)","background-image":"","background-repeat":"repeat","background-position":"center center","background-size":"auto","background-attachment":"scroll","background-type":"","background-media":"","overlay-type":"","overlay-color":"","overlay-opacity":"","overlay-gradient":""},"tablet":{"background-color":"var(--ast-global-color-5)","background-image":"","background-repeat":"repeat","background-position":"center center","background-size":"auto","background-attachment":"scroll","background-type":"","background-media":"","overlay-type":"","overlay-color":"","overlay-opacity":"","overlay-gradient":""},"mobile":{"background-color":"var(--ast-global-color-5)","background-image":"","background-repeat":"repeat","background-position":"center center","background-size":"auto","background-attachment":"scroll","background-type":"","background-media":"","overlay-type":"","overlay-color":"","overlay-opacity":"","overlay-gradient":""}}},"product_cat":[501,582,634],"product_tag":[],"class_list":{"0":"post-6777","1":"product","2":"type-product","3":"status-publish","4":"has-post-thumbnail","6":"product_cat-gesundheit-des-immunsystems","7":"product_cat-mineralien","8":"product_cat-vitamine-und-mineralien","9":"has-subscription-plans","10":"desktop-align-left","11":"tablet-align-left","12":"mobile-align-left","14":"first","15":"outofstock","16":"taxable","17":"shipping-taxable","18":"purchasable","19":"product-type-simple"},"yoast_head":"<!-- This site is optimized with the Yoast SEO plugin v22.7 - https:\/\/yoast.com\/wordpress\/plugins\/seo\/ -->\n<title>Hochwertige Vitamin C- und Zink-Tabletten - zur Erhaltung der Funktion von Haut, Haar und Immunsystem. - JeaKen<\/title>\n<meta name=\"robots\" content=\"index, follow, max-snippet:-1, max-image-preview:large, max-video-preview:-1\" \/>\n<link rel=\"canonical\" href=\"https:\/\/jeaken.com\/de\/produkt\/hochwertige-vitamin-c-und-zink-tabletten\/\" \/>\n<meta property=\"og:locale\" content=\"de_DE\" \/>\n<meta property=\"og:type\" content=\"article\" \/>\n<meta property=\"og:title\" content=\"Hochwertige Vitamin C- und Zink-Tabletten - zur Erhaltung der Funktion von Haut, Haar und Immunsystem. - JeaKen\" \/>\n<meta property=\"og:description\" content=\"Liefert essentielle Vitamine f\u00fcr eine verbesserte Funktion des Immunsystems und die hormonelle Gesundheit. &nbsp;\" \/>\n<meta property=\"og:url\" content=\"https:\/\/jeaken.com\/de\/produkt\/hochwertige-vitamin-c-und-zink-tabletten\/\" \/>\n<meta property=\"og:site_name\" content=\"JeaKen\" \/>\n<meta property=\"article:modified_time\" content=\"2022-08-09T13:42:30+00:00\" \/>\n<meta property=\"og:image\" content=\"https:\/\/jeaken.com\/wp-content\/uploads\/2022\/07\/71AtqG94rvL._AC_SL1500_.jpg\" \/>\n\t<meta property=\"og:image:width\" content=\"600\" \/>\n\t<meta property=\"og:image:height\" content=\"600\" \/>\n\t<meta property=\"og:image:type\" content=\"image\/jpeg\" \/>\n<meta name=\"twitter:card\" content=\"summary_large_image\" \/>\n<meta name=\"twitter:label1\" content=\"Est. reading time\" \/>\n\t<meta name=\"twitter:data1\" content=\"1 minute\" \/>\n<script type=\"application\/ld+json\" class=\"yoast-schema-graph\">{\"@context\":\"https:\/\/schema.org\",\"@graph\":[{\"@type\":\"WebPage\",\"@id\":\"https:\/\/jeaken.com\/de\/produkt\/hochwertige-vitamin-c-und-zink-tabletten\/\",\"url\":\"https:\/\/jeaken.com\/de\/produkt\/hochwertige-vitamin-c-und-zink-tabletten\/\",\"name\":\"Hochwertige Vitamin C- und Zink-Tabletten - zur Erhaltung der Funktion von Haut, Haar und Immunsystem. - JeaKen\",\"isPartOf\":{\"@id\":\"https:\/\/jeaken.com\/de\/#website\"},\"primaryImageOfPage\":{\"@id\":\"https:\/\/jeaken.com\/de\/produkt\/hochwertige-vitamin-c-und-zink-tabletten\/#primaryimage\"},\"image\":{\"@id\":\"https:\/\/jeaken.com\/de\/produkt\/hochwertige-vitamin-c-und-zink-tabletten\/#primaryimage\"},\"thumbnailUrl\":\"https:\/\/jeaken.com\/wp-content\/uploads\/2022\/07\/71AtqG94rvL._AC_SL1500_.jpg\",\"datePublished\":\"2022-07-21T18:18:22+00:00\",\"dateModified\":\"2022-08-09T13:42:30+00:00\",\"breadcrumb\":{\"@id\":\"https:\/\/jeaken.com\/de\/produkt\/hochwertige-vitamin-c-und-zink-tabletten\/#breadcrumb\"},\"inLanguage\":\"de-DE\",\"potentialAction\":[{\"@type\":\"ReadAction\",\"target\":[\"https:\/\/jeaken.com\/de\/produkt\/hochwertige-vitamin-c-und-zink-tabletten\/\"]}]},{\"@type\":\"ImageObject\",\"inLanguage\":\"de-DE\",\"@id\":\"https:\/\/jeaken.com\/de\/produkt\/hochwertige-vitamin-c-und-zink-tabletten\/#primaryimage\",\"url\":\"https:\/\/jeaken.com\/wp-content\/uploads\/2022\/07\/71AtqG94rvL._AC_SL1500_.jpg\",\"contentUrl\":\"https:\/\/jeaken.com\/wp-content\/uploads\/2022\/07\/71AtqG94rvL._AC_SL1500_.jpg\",\"width\":600,\"height\":600,\"caption\":\"Vitamin C and Zinc\"},{\"@type\":\"BreadcrumbList\",\"@id\":\"https:\/\/jeaken.com\/de\/produkt\/hochwertige-vitamin-c-und-zink-tabletten\/#breadcrumb\",\"itemListElement\":[{\"@type\":\"ListItem\",\"position\":1,\"name\":\"Home\",\"item\":\"https:\/\/jeaken.com\/de\/\"},{\"@type\":\"ListItem\",\"position\":2,\"name\":\"Private: Shop\",\"item\":\"https:\/\/jeaken.com\/shop\/\"},{\"@type\":\"ListItem\",\"position\":3,\"name\":\"Hochwertige Vitamin C- und Zink-Tabletten &#8211; zur Erhaltung der Funktion von Haut, Haar und Immunsystem.\"}]},{\"@type\":\"WebSite\",\"@id\":\"https:\/\/jeaken.com\/de\/#website\",\"url\":\"https:\/\/jeaken.com\/de\/\",\"name\":\"JeaKen\",\"description\":\"Organic Supplements for Health, Fitness and Nutrition\",\"publisher\":{\"@id\":\"https:\/\/jeaken.com\/de\/#organization\"},\"potentialAction\":[{\"@type\":\"SearchAction\",\"target\":{\"@type\":\"EntryPoint\",\"urlTemplate\":\"https:\/\/jeaken.com\/de\/?s={search_term_string}\"},\"query-input\":\"required name=search_term_string\"}],\"inLanguage\":\"de-DE\"},{\"@type\":\"Organization\",\"@id\":\"https:\/\/jeaken.com\/de\/#organization\",\"name\":\"JeaKen\",\"url\":\"https:\/\/jeaken.com\/de\/\",\"logo\":{\"@type\":\"ImageObject\",\"inLanguage\":\"de-DE\",\"@id\":\"https:\/\/jeaken.com\/de\/#\/schema\/logo\/image\/\",\"url\":\"https:\/\/jeaken.com\/wp-content\/uploads\/2022\/06\/jeaken-logo-23.png\",\"contentUrl\":\"https:\/\/jeaken.com\/wp-content\/uploads\/2022\/06\/jeaken-logo-23.png\",\"width\":2486,\"height\":736,\"caption\":\"JeaKen\"},\"image\":{\"@id\":\"https:\/\/jeaken.com\/de\/#\/schema\/logo\/image\/\"}}]}<\/script>\n<!-- \/ Yoast SEO plugin. -->","yoast_head_json":{"title":"Hochwertige Vitamin C- und Zink-Tabletten - zur Erhaltung der Funktion von Haut, Haar und Immunsystem. - JeaKen","robots":{"index":"index","follow":"follow","max-snippet":"max-snippet:-1","max-image-preview":"max-image-preview:large","max-video-preview":"max-video-preview:-1"},"canonical":"https:\/\/jeaken.com\/de\/produkt\/hochwertige-vitamin-c-und-zink-tabletten\/","og_locale":"de_DE","og_type":"article","og_title":"Hochwertige Vitamin C- und Zink-Tabletten - zur Erhaltung der Funktion von Haut, Haar und Immunsystem. - JeaKen","og_description":"Liefert essentielle Vitamine f\u00fcr eine verbesserte Funktion des Immunsystems und die hormonelle Gesundheit. &nbsp;","og_url":"https:\/\/jeaken.com\/de\/produkt\/hochwertige-vitamin-c-und-zink-tabletten\/","og_site_name":"JeaKen","article_modified_time":"2022-08-09T13:42:30+00:00","og_image":[{"width":600,"height":600,"url":"https:\/\/jeaken.com\/wp-content\/uploads\/2022\/07\/71AtqG94rvL._AC_SL1500_.jpg","type":"image\/jpeg"}],"twitter_card":"summary_large_image","twitter_misc":{"Est. reading time":"1 minute"},"schema":{"@context":"https:\/\/schema.org","@graph":[{"@type":"WebPage","@id":"https:\/\/jeaken.com\/de\/produkt\/hochwertige-vitamin-c-und-zink-tabletten\/","url":"https:\/\/jeaken.com\/de\/produkt\/hochwertige-vitamin-c-und-zink-tabletten\/","name":"Hochwertige Vitamin C- und Zink-Tabletten - zur Erhaltung der Funktion von Haut, Haar und Immunsystem. - JeaKen","isPartOf":{"@id":"https:\/\/jeaken.com\/de\/#website"},"primaryImageOfPage":{"@id":"https:\/\/jeaken.com\/de\/produkt\/hochwertige-vitamin-c-und-zink-tabletten\/#primaryimage"},"image":{"@id":"https:\/\/jeaken.com\/de\/produkt\/hochwertige-vitamin-c-und-zink-tabletten\/#primaryimage"},"thumbnailUrl":"https:\/\/jeaken.com\/wp-content\/uploads\/2022\/07\/71AtqG94rvL._AC_SL1500_.jpg","datePublished":"2022-07-21T18:18:22+00:00","dateModified":"2022-08-09T13:42:30+00:00","breadcrumb":{"@id":"https:\/\/jeaken.com\/de\/produkt\/hochwertige-vitamin-c-und-zink-tabletten\/#breadcrumb"},"inLanguage":"de-DE","potentialAction":[{"@type":"ReadAction","target":["https:\/\/jeaken.com\/de\/produkt\/hochwertige-vitamin-c-und-zink-tabletten\/"]}]},{"@type":"ImageObject","inLanguage":"de-DE","@id":"https:\/\/jeaken.com\/de\/produkt\/hochwertige-vitamin-c-und-zink-tabletten\/#primaryimage","url":"https:\/\/jeaken.com\/wp-content\/uploads\/2022\/07\/71AtqG94rvL._AC_SL1500_.jpg","contentUrl":"https:\/\/jeaken.com\/wp-content\/uploads\/2022\/07\/71AtqG94rvL._AC_SL1500_.jpg","width":600,"height":600,"caption":"Vitamin C and Zinc"},{"@type":"BreadcrumbList","@id":"https:\/\/jeaken.com\/de\/produkt\/hochwertige-vitamin-c-und-zink-tabletten\/#breadcrumb","itemListElement":[{"@type":"ListItem","position":1,"name":"Home","item":"https:\/\/jeaken.com\/de\/"},{"@type":"ListItem","position":2,"name":"Private: Shop","item":"https:\/\/jeaken.com\/shop\/"},{"@type":"ListItem","position":3,"name":"Hochwertige Vitamin C- und Zink-Tabletten &#8211; zur Erhaltung der Funktion von Haut, Haar und Immunsystem."}]},{"@type":"WebSite","@id":"https:\/\/jeaken.com\/de\/#website","url":"https:\/\/jeaken.com\/de\/","name":"JeaKen","description":"Organic Supplements for Health, Fitness and Nutrition","publisher":{"@id":"https:\/\/jeaken.com\/de\/#organization"},"potentialAction":[{"@type":"SearchAction","target":{"@type":"EntryPoint","urlTemplate":"https:\/\/jeaken.com\/de\/?s={search_term_string}"},"query-input":"required name=search_term_string"}],"inLanguage":"de-DE"},{"@type":"Organization","@id":"https:\/\/jeaken.com\/de\/#organization","name":"JeaKen","url":"https:\/\/jeaken.com\/de\/","logo":{"@type":"ImageObject","inLanguage":"de-DE","@id":"https:\/\/jeaken.com\/de\/#\/schema\/logo\/image\/","url":"https:\/\/jeaken.com\/wp-content\/uploads\/2022\/06\/jeaken-logo-23.png","contentUrl":"https:\/\/jeaken.com\/wp-content\/uploads\/2022\/06\/jeaken-logo-23.png","width":2486,"height":736,"caption":"JeaKen"},"image":{"@id":"https:\/\/jeaken.com\/de\/#\/schema\/logo\/image\/"}}]}},"jetpack_sharing_enabled":true,"_links":{"self":[{"href":"https:\/\/jeaken.com\/de\/wp-json\/wp\/v2\/product\/6777","targetHints":{"allow":["GET"]}}],"collection":[{"href":"https:\/\/jeaken.com\/de\/wp-json\/wp\/v2\/product"}],"about":[{"href":"https:\/\/jeaken.com\/de\/wp-json\/wp\/v2\/types\/product"}],"wp:featuredmedia":[{"embeddable":true,"href":"https:\/\/jeaken.com\/de\/wp-json\/wp\/v2\/media\/4966"}],"wp:attachment":[{"href":"https:\/\/jeaken.com\/de\/wp-json\/wp\/v2\/media?parent=6777"}],"wp:term":[{"taxonomy":"product_cat","embeddable":true,"href":"https:\/\/jeaken.com\/de\/wp-json\/wp\/v2\/product_cat?post=6777"},{"taxonomy":"product_tag","embeddable":true,"href":"https:\/\/jeaken.com\/de\/wp-json\/wp\/v2\/product_tag?post=6777"}],"curies":[{"name":"wp","href":"https:\/\/api.w.org\/{rel}","templated":true}]}}