{"id":6764,"date":"2022-07-21T19:18:22","date_gmt":"2022-07-21T18:18:22","guid":{"rendered":"https:\/1658920591610?product=vitamin-d-softgels-mit-hoher-absorption-angereichert-mit-olivenoel-fuer-gesunde-knochen-zaehne-und-die-immunfunktion"},"modified":"2022-08-09T14:41:51","modified_gmt":"2022-08-09T13:41:51","slug":"vitamin-d-softgels-mit-hoher-absorption-angereichert-mit-olivenoel-fuer-gesunde-knochen-zaehne-und-die-immunfunktion","status":"publish","type":"product","link":"https:\/\/jeaken.com\/de\/produkt\/vitamin-d-softgels-mit-hoher-absorption-angereichert-mit-olivenoel-fuer-gesunde-knochen-zaehne-und-die-immunfunktion\/","title":{"rendered":"Vitamin D Softgels mit hoher Absorption &#8211; angereichert mit Oliven\u00f6l f\u00fcr gesunde Knochen, Z\u00e4hne und die Immunfunktion."},"content":{"rendered":"<p><span style=\"font-weight: 400;\"><strong>HOCHWIRKSAMES VITAMIN D3<\/strong> <\/span><\/p>\n<p><span style=\"font-weight: 400;\">Eine ausreichende Versorgung mit Vitamin D kann schwierig sein. Deshalb bietet unser Vitamin-D-Erg\u00e4nzungspr\u00e4parat 4.000 IE pro Weichkapsel in einer kleinen, leicht zu schluckenden Weichkapsel, die Ihr K\u00f6rper leicht aufnehmen kann. Unsere Kapseln sind viermal st\u00e4rker als herk\u00f6mmliche Vitamin-D-Produkte.<\/span><\/p>\n<p><strong>F\u00d6RDERT GESUNDE Z\u00c4HNE, KNOCHEN UND DAS IMMUNSYSTEM<\/strong><\/p>\n<p><span style=\"font-weight: 400;\">Vitamin D tr\u00e4gt zur Regulierung der Kalzium- und Phosphatmenge im K\u00f6rper bei und tr\u00e4gt zur Erhaltung normaler Knochen, Z\u00e4hne, Muskelfunktionen und der Funktion des Immunsystems bei.<\/span><\/p>\n","protected":false},"excerpt":{"rendered":"<h4>Tr\u00e4gt wirksam zur Gesundheit des Immunsystems und zu starken Z\u00e4hnen und Knochen bei.<\/h4>\n","protected":false},"featured_media":5015,"template":"","meta":{"site-sidebar-layout":"default","site-content-layout":"default","ast-site-content-layout":"default","site-content-style":"default","site-sidebar-style":"default","ast-global-header-display":"","ast-banner-title-visibility":"","ast-main-header-display":"","ast-hfb-above-header-display":"","ast-hfb-below-header-display":"","ast-hfb-mobile-header-display":"","site-post-title":"","ast-breadcrumbs-content":"","ast-featured-img":"","footer-sml-layout":"","theme-transparent-header-meta":"default","adv-header-id-meta":"","stick-header-meta":"default","header-above-stick-meta":"","header-main-stick-meta":"","header-below-stick-meta":"","astra-migrate-meta-layouts":"default","ast-page-background-enabled":"default","ast-page-background-meta":{"desktop":{"background-color":"","background-image":"","background-repeat":"repeat","background-position":"center center","background-size":"auto","background-attachment":"scroll","background-type":"","background-media":"","overlay-type":"","overlay-color":"","overlay-opacity":"","overlay-gradient":""},"tablet":{"background-color":"","background-image":"","background-repeat":"repeat","background-position":"center center","background-size":"auto","background-attachment":"scroll","background-type":"","background-media":"","overlay-type":"","overlay-color":"","overlay-opacity":"","overlay-gradient":""},"mobile":{"background-color":"","background-image":"","background-repeat":"repeat","background-position":"center center","background-size":"auto","background-attachment":"scroll","background-type":"","background-media":"","overlay-type":"","overlay-color":"","overlay-opacity":"","overlay-gradient":""}},"ast-content-background-meta":{"desktop":{"background-color":"var(--ast-global-color-5)","background-image":"","background-repeat":"repeat","background-position":"center center","background-size":"auto","background-attachment":"scroll","background-type":"","background-media":"","overlay-type":"","overlay-color":"","overlay-opacity":"","overlay-gradient":""},"tablet":{"background-color":"var(--ast-global-color-5)","background-image":"","background-repeat":"repeat","background-position":"center center","background-size":"auto","background-attachment":"scroll","background-type":"","background-media":"","overlay-type":"","overlay-color":"","overlay-opacity":"","overlay-gradient":""},"mobile":{"background-color":"var(--ast-global-color-5)","background-image":"","background-repeat":"repeat","background-position":"center center","background-size":"auto","background-attachment":"scroll","background-type":"","background-media":"","overlay-type":"","overlay-color":"","overlay-opacity":"","overlay-gradient":""}}},"product_cat":[501,634],"product_tag":[],"class_list":{"0":"post-6764","1":"product","2":"type-product","3":"status-publish","4":"has-post-thumbnail","6":"product_cat-gesundheit-des-immunsystems","7":"product_cat-vitamine-und-mineralien","8":"has-subscription-plans","9":"desktop-align-left","10":"tablet-align-left","11":"mobile-align-left","13":"first","14":"instock","15":"taxable","16":"shipping-taxable","17":"purchasable","18":"product-type-simple"},"yoast_head":"<!-- This site is optimized with the Yoast SEO plugin v22.7 - https:\/\/yoast.com\/wordpress\/plugins\/seo\/ -->\n<title>Vitamin D Softgels mit hoher Absorption - angereichert mit Oliven\u00f6l f\u00fcr gesunde Knochen, Z\u00e4hne und die Immunfunktion. - JeaKen<\/title>\n<meta name=\"robots\" content=\"index, follow, max-snippet:-1, max-image-preview:large, max-video-preview:-1\" \/>\n<link rel=\"canonical\" href=\"https:\/\/jeaken.com\/de\/produkt\/vitamin-d-softgels-mit-hoher-absorption-angereichert-mit-olivenoel-fuer-gesunde-knochen-zaehne-und-die-immunfunktion\/\" \/>\n<meta property=\"og:locale\" content=\"de_DE\" \/>\n<meta property=\"og:type\" content=\"article\" \/>\n<meta property=\"og:title\" content=\"Vitamin D Softgels mit hoher Absorption - angereichert mit Oliven\u00f6l f\u00fcr gesunde Knochen, Z\u00e4hne und die Immunfunktion. - JeaKen\" \/>\n<meta property=\"og:description\" content=\"Tr\u00e4gt wirksam zur Gesundheit des Immunsystems und zu starken Z\u00e4hnen und Knochen bei.\" \/>\n<meta property=\"og:url\" content=\"https:\/\/jeaken.com\/de\/produkt\/vitamin-d-softgels-mit-hoher-absorption-angereichert-mit-olivenoel-fuer-gesunde-knochen-zaehne-und-die-immunfunktion\/\" \/>\n<meta property=\"og:site_name\" content=\"JeaKen\" \/>\n<meta property=\"article:modified_time\" content=\"2022-08-09T13:41:51+00:00\" \/>\n<meta property=\"og:image\" content=\"https:\/\/jeaken.com\/wp-content\/uploads\/2022\/07\/71O56XrsW9L._AC_SL1500_.jpg\" \/>\n\t<meta property=\"og:image:width\" content=\"600\" \/>\n\t<meta property=\"og:image:height\" content=\"600\" \/>\n\t<meta property=\"og:image:type\" content=\"image\/jpeg\" \/>\n<meta name=\"twitter:card\" content=\"summary_large_image\" \/>\n<script type=\"application\/ld+json\" class=\"yoast-schema-graph\">{\"@context\":\"https:\/\/schema.org\",\"@graph\":[{\"@type\":\"WebPage\",\"@id\":\"https:\/\/jeaken.com\/de\/produkt\/vitamin-d-softgels-mit-hoher-absorption-angereichert-mit-olivenoel-fuer-gesunde-knochen-zaehne-und-die-immunfunktion\/\",\"url\":\"https:\/\/jeaken.com\/de\/produkt\/vitamin-d-softgels-mit-hoher-absorption-angereichert-mit-olivenoel-fuer-gesunde-knochen-zaehne-und-die-immunfunktion\/\",\"name\":\"Vitamin D Softgels mit hoher Absorption - angereichert mit Oliven\u00f6l f\u00fcr gesunde Knochen, Z\u00e4hne und die Immunfunktion. - JeaKen\",\"isPartOf\":{\"@id\":\"https:\/\/jeaken.com\/de\/#website\"},\"primaryImageOfPage\":{\"@id\":\"https:\/\/jeaken.com\/de\/produkt\/vitamin-d-softgels-mit-hoher-absorption-angereichert-mit-olivenoel-fuer-gesunde-knochen-zaehne-und-die-immunfunktion\/#primaryimage\"},\"image\":{\"@id\":\"https:\/\/jeaken.com\/de\/produkt\/vitamin-d-softgels-mit-hoher-absorption-angereichert-mit-olivenoel-fuer-gesunde-knochen-zaehne-und-die-immunfunktion\/#primaryimage\"},\"thumbnailUrl\":\"https:\/\/jeaken.com\/wp-content\/uploads\/2022\/07\/71O56XrsW9L._AC_SL1500_.jpg\",\"datePublished\":\"2022-07-21T18:18:22+00:00\",\"dateModified\":\"2022-08-09T13:41:51+00:00\",\"breadcrumb\":{\"@id\":\"https:\/\/jeaken.com\/de\/produkt\/vitamin-d-softgels-mit-hoher-absorption-angereichert-mit-olivenoel-fuer-gesunde-knochen-zaehne-und-die-immunfunktion\/#breadcrumb\"},\"inLanguage\":\"de-DE\",\"potentialAction\":[{\"@type\":\"ReadAction\",\"target\":[\"https:\/\/jeaken.com\/de\/produkt\/vitamin-d-softgels-mit-hoher-absorption-angereichert-mit-olivenoel-fuer-gesunde-knochen-zaehne-und-die-immunfunktion\/\"]}]},{\"@type\":\"ImageObject\",\"inLanguage\":\"de-DE\",\"@id\":\"https:\/\/jeaken.com\/de\/produkt\/vitamin-d-softgels-mit-hoher-absorption-angereichert-mit-olivenoel-fuer-gesunde-knochen-zaehne-und-die-immunfunktion\/#primaryimage\",\"url\":\"https:\/\/jeaken.com\/wp-content\/uploads\/2022\/07\/71O56XrsW9L._AC_SL1500_.jpg\",\"contentUrl\":\"https:\/\/jeaken.com\/wp-content\/uploads\/2022\/07\/71O56XrsW9L._AC_SL1500_.jpg\",\"width\":600,\"height\":600,\"caption\":\"High-Absorption Vitamin D Softgels\"},{\"@type\":\"BreadcrumbList\",\"@id\":\"https:\/\/jeaken.com\/de\/produkt\/vitamin-d-softgels-mit-hoher-absorption-angereichert-mit-olivenoel-fuer-gesunde-knochen-zaehne-und-die-immunfunktion\/#breadcrumb\",\"itemListElement\":[{\"@type\":\"ListItem\",\"position\":1,\"name\":\"Home\",\"item\":\"https:\/\/jeaken.com\/de\/\"},{\"@type\":\"ListItem\",\"position\":2,\"name\":\"Private: Shop\",\"item\":\"https:\/\/jeaken.com\/shop\/\"},{\"@type\":\"ListItem\",\"position\":3,\"name\":\"Vitamin D Softgels mit hoher Absorption &#8211; angereichert mit Oliven\u00f6l f\u00fcr gesunde Knochen, Z\u00e4hne und die Immunfunktion.\"}]},{\"@type\":\"WebSite\",\"@id\":\"https:\/\/jeaken.com\/de\/#website\",\"url\":\"https:\/\/jeaken.com\/de\/\",\"name\":\"JeaKen\",\"description\":\"Organic Supplements for Health, Fitness and Nutrition\",\"publisher\":{\"@id\":\"https:\/\/jeaken.com\/de\/#organization\"},\"potentialAction\":[{\"@type\":\"SearchAction\",\"target\":{\"@type\":\"EntryPoint\",\"urlTemplate\":\"https:\/\/jeaken.com\/de\/?s={search_term_string}\"},\"query-input\":\"required name=search_term_string\"}],\"inLanguage\":\"de-DE\"},{\"@type\":\"Organization\",\"@id\":\"https:\/\/jeaken.com\/de\/#organization\",\"name\":\"JeaKen\",\"url\":\"https:\/\/jeaken.com\/de\/\",\"logo\":{\"@type\":\"ImageObject\",\"inLanguage\":\"de-DE\",\"@id\":\"https:\/\/jeaken.com\/de\/#\/schema\/logo\/image\/\",\"url\":\"https:\/\/jeaken.com\/wp-content\/uploads\/2022\/06\/jeaken-logo-23.png\",\"contentUrl\":\"https:\/\/jeaken.com\/wp-content\/uploads\/2022\/06\/jeaken-logo-23.png\",\"width\":2486,\"height\":736,\"caption\":\"JeaKen\"},\"image\":{\"@id\":\"https:\/\/jeaken.com\/de\/#\/schema\/logo\/image\/\"}}]}<\/script>\n<!-- \/ Yoast SEO plugin. -->","yoast_head_json":{"title":"Vitamin D Softgels mit hoher Absorption - angereichert mit Oliven\u00f6l f\u00fcr gesunde Knochen, Z\u00e4hne und die Immunfunktion. - JeaKen","robots":{"index":"index","follow":"follow","max-snippet":"max-snippet:-1","max-image-preview":"max-image-preview:large","max-video-preview":"max-video-preview:-1"},"canonical":"https:\/\/jeaken.com\/de\/produkt\/vitamin-d-softgels-mit-hoher-absorption-angereichert-mit-olivenoel-fuer-gesunde-knochen-zaehne-und-die-immunfunktion\/","og_locale":"de_DE","og_type":"article","og_title":"Vitamin D Softgels mit hoher Absorption - angereichert mit Oliven\u00f6l f\u00fcr gesunde Knochen, Z\u00e4hne und die Immunfunktion. - JeaKen","og_description":"Tr\u00e4gt wirksam zur Gesundheit des Immunsystems und zu starken Z\u00e4hnen und Knochen bei.","og_url":"https:\/\/jeaken.com\/de\/produkt\/vitamin-d-softgels-mit-hoher-absorption-angereichert-mit-olivenoel-fuer-gesunde-knochen-zaehne-und-die-immunfunktion\/","og_site_name":"JeaKen","article_modified_time":"2022-08-09T13:41:51+00:00","og_image":[{"width":600,"height":600,"url":"https:\/\/jeaken.com\/wp-content\/uploads\/2022\/07\/71O56XrsW9L._AC_SL1500_.jpg","type":"image\/jpeg"}],"twitter_card":"summary_large_image","schema":{"@context":"https:\/\/schema.org","@graph":[{"@type":"WebPage","@id":"https:\/\/jeaken.com\/de\/produkt\/vitamin-d-softgels-mit-hoher-absorption-angereichert-mit-olivenoel-fuer-gesunde-knochen-zaehne-und-die-immunfunktion\/","url":"https:\/\/jeaken.com\/de\/produkt\/vitamin-d-softgels-mit-hoher-absorption-angereichert-mit-olivenoel-fuer-gesunde-knochen-zaehne-und-die-immunfunktion\/","name":"Vitamin D Softgels mit hoher Absorption - angereichert mit Oliven\u00f6l f\u00fcr gesunde Knochen, Z\u00e4hne und die Immunfunktion. - JeaKen","isPartOf":{"@id":"https:\/\/jeaken.com\/de\/#website"},"primaryImageOfPage":{"@id":"https:\/\/jeaken.com\/de\/produkt\/vitamin-d-softgels-mit-hoher-absorption-angereichert-mit-olivenoel-fuer-gesunde-knochen-zaehne-und-die-immunfunktion\/#primaryimage"},"image":{"@id":"https:\/\/jeaken.com\/de\/produkt\/vitamin-d-softgels-mit-hoher-absorption-angereichert-mit-olivenoel-fuer-gesunde-knochen-zaehne-und-die-immunfunktion\/#primaryimage"},"thumbnailUrl":"https:\/\/jeaken.com\/wp-content\/uploads\/2022\/07\/71O56XrsW9L._AC_SL1500_.jpg","datePublished":"2022-07-21T18:18:22+00:00","dateModified":"2022-08-09T13:41:51+00:00","breadcrumb":{"@id":"https:\/\/jeaken.com\/de\/produkt\/vitamin-d-softgels-mit-hoher-absorption-angereichert-mit-olivenoel-fuer-gesunde-knochen-zaehne-und-die-immunfunktion\/#breadcrumb"},"inLanguage":"de-DE","potentialAction":[{"@type":"ReadAction","target":["https:\/\/jeaken.com\/de\/produkt\/vitamin-d-softgels-mit-hoher-absorption-angereichert-mit-olivenoel-fuer-gesunde-knochen-zaehne-und-die-immunfunktion\/"]}]},{"@type":"ImageObject","inLanguage":"de-DE","@id":"https:\/\/jeaken.com\/de\/produkt\/vitamin-d-softgels-mit-hoher-absorption-angereichert-mit-olivenoel-fuer-gesunde-knochen-zaehne-und-die-immunfunktion\/#primaryimage","url":"https:\/\/jeaken.com\/wp-content\/uploads\/2022\/07\/71O56XrsW9L._AC_SL1500_.jpg","contentUrl":"https:\/\/jeaken.com\/wp-content\/uploads\/2022\/07\/71O56XrsW9L._AC_SL1500_.jpg","width":600,"height":600,"caption":"High-Absorption Vitamin D Softgels"},{"@type":"BreadcrumbList","@id":"https:\/\/jeaken.com\/de\/produkt\/vitamin-d-softgels-mit-hoher-absorption-angereichert-mit-olivenoel-fuer-gesunde-knochen-zaehne-und-die-immunfunktion\/#breadcrumb","itemListElement":[{"@type":"ListItem","position":1,"name":"Home","item":"https:\/\/jeaken.com\/de\/"},{"@type":"ListItem","position":2,"name":"Private: Shop","item":"https:\/\/jeaken.com\/shop\/"},{"@type":"ListItem","position":3,"name":"Vitamin D Softgels mit hoher Absorption &#8211; angereichert mit Oliven\u00f6l f\u00fcr gesunde Knochen, Z\u00e4hne und die Immunfunktion."}]},{"@type":"WebSite","@id":"https:\/\/jeaken.com\/de\/#website","url":"https:\/\/jeaken.com\/de\/","name":"JeaKen","description":"Organic Supplements for Health, Fitness and Nutrition","publisher":{"@id":"https:\/\/jeaken.com\/de\/#organization"},"potentialAction":[{"@type":"SearchAction","target":{"@type":"EntryPoint","urlTemplate":"https:\/\/jeaken.com\/de\/?s={search_term_string}"},"query-input":"required name=search_term_string"}],"inLanguage":"de-DE"},{"@type":"Organization","@id":"https:\/\/jeaken.com\/de\/#organization","name":"JeaKen","url":"https:\/\/jeaken.com\/de\/","logo":{"@type":"ImageObject","inLanguage":"de-DE","@id":"https:\/\/jeaken.com\/de\/#\/schema\/logo\/image\/","url":"https:\/\/jeaken.com\/wp-content\/uploads\/2022\/06\/jeaken-logo-23.png","contentUrl":"https:\/\/jeaken.com\/wp-content\/uploads\/2022\/06\/jeaken-logo-23.png","width":2486,"height":736,"caption":"JeaKen"},"image":{"@id":"https:\/\/jeaken.com\/de\/#\/schema\/logo\/image\/"}}]}},"jetpack_sharing_enabled":true,"_links":{"self":[{"href":"https:\/\/jeaken.com\/de\/wp-json\/wp\/v2\/product\/6764","targetHints":{"allow":["GET"]}}],"collection":[{"href":"https:\/\/jeaken.com\/de\/wp-json\/wp\/v2\/product"}],"about":[{"href":"https:\/\/jeaken.com\/de\/wp-json\/wp\/v2\/types\/product"}],"wp:featuredmedia":[{"embeddable":true,"href":"https:\/\/jeaken.com\/de\/wp-json\/wp\/v2\/media\/5015"}],"wp:attachment":[{"href":"https:\/\/jeaken.com\/de\/wp-json\/wp\/v2\/media?parent=6764"}],"wp:term":[{"taxonomy":"product_cat","embeddable":true,"href":"https:\/\/jeaken.com\/de\/wp-json\/wp\/v2\/product_cat?post=6764"},{"taxonomy":"product_tag","embeddable":true,"href":"https:\/\/jeaken.com\/de\/wp-json\/wp\/v2\/product_tag?post=6764"}],"curies":[{"name":"wp","href":"https:\/\/api.w.org\/{rel}","templated":true}]}}