{"id":6763,"date":"2022-07-21T19:18:22","date_gmt":"2022-07-21T18:18:22","guid":{"rendered":"https:\/1658920591610?product=kollagenverstaerkende-anti-falten-gesichtscreme-mit-hyaluronsaeure-aha-fruchtsaeure-und-den-vitaminen-a-c-und-e-50ml"},"modified":"2022-08-09T14:41:51","modified_gmt":"2022-08-09T13:41:51","slug":"kollagenverstaerkende-anti-falten-gesichtscreme-mit-hyaluronsaeure-aha-fruchtsaeure-und-den-vitaminen-a-c-und-e-50ml","status":"publish","type":"product","link":"https:\/\/jeaken.com\/de\/produkt\/kollagenverstaerkende-anti-falten-gesichtscreme-mit-hyaluronsaeure-aha-fruchtsaeure-und-den-vitaminen-a-c-und-e-50ml\/","title":{"rendered":"Kollagenverst\u00e4rkende Anti-Falten-Gesichtscreme mit Hyalurons\u00e4ure, AHA-Fruchts\u00e4ure und den Vitaminen A, C und E. 50ml"},"content":{"rendered":"<p><strong>ANGEREICHERT MIT DEN VITAMINEN A, C, E, HYALURONS\u00c4URE UND AHA-FRUCHTS\u00c4URE<\/strong><\/p>\n<p><span style=\"font-weight: 400;\">Die Vitamine A, C und E sind eine hervorragende Anti-Aging-Kombination. Diese Creme ist reich an Antioxidantien und hilft, die Kollagenproduktion anzukurbeln, was zu einer strafferen und festeren Haut f\u00fchrt. Es hilft auch, das Erscheinungsbild von feinen Linien und Falten zu reduzieren. Die Vitamin ACE-Feuchtigkeitspflege mit Hyalurons\u00e4ure und AHA-Fruchts\u00e4ure hellt die Haut auf, versorgt sie mit Feuchtigkeit und macht sie weich und geschmeidig.<\/span><\/p>\n<p><strong>SCHNELLE AUFNAHME<\/strong><\/p>\n<p><span style=\"font-weight: 400;\">Unsere hochwertige, leichte Anti-Falten-Gesichtscreme spendet schnell Feuchtigkeit. Es zieht schnell ein, ohne ein schweres oder fettiges Gef\u00fchl auf der Haut zu hinterlassen.<\/span><\/p>\n<p><strong>F\u00dcR ALLE HAUTTYPEN GEEIGNET<\/strong><\/p>\n<p><span style=\"font-weight: 400;\">Unsere leicht aufzutragende Hautcreme ist f\u00fcr alle Hauttypen geeignet, auch f\u00fcr sehr empfindliche Haut. Sie hinterl\u00e4sst ein feuchtes, weiches und geschmeidiges Hautgef\u00fchl und einen angenehmen, frischen Duft.<\/span><\/p>\n<p><strong>VEGAN-FREUNDLICH UND GRAUSAM-FREI  <\/strong><\/p>\n<p><span style=\"font-weight: 400;\">Inspiriert von der Natur, verwenden wir f\u00fcr unsere Hautpflegeprodukte nur die hochwertigsten nat\u00fcrlichen Inhaltsstoffe. Alle unsere Produkte sind zu 100 % vegan und frei von Tierqu\u00e4lerei.<\/span><\/p>\n","protected":false},"excerpt":{"rendered":"<h4><span style=\"font-weight: 400;\">Schnell wirkende, leistungsstarke Anti-Ageing-Creme f\u00fcr alle Hauttypen<\/span><\/h4>\n","protected":false},"featured_media":4851,"template":"","meta":{"site-sidebar-layout":"default","site-content-layout":"default","ast-site-content-layout":"default","site-content-style":"default","site-sidebar-style":"default","ast-global-header-display":"","ast-banner-title-visibility":"","ast-main-header-display":"","ast-hfb-above-header-display":"","ast-hfb-below-header-display":"","ast-hfb-mobile-header-display":"","site-post-title":"","ast-breadcrumbs-content":"","ast-featured-img":"","footer-sml-layout":"","theme-transparent-header-meta":"default","adv-header-id-meta":"","stick-header-meta":"default","header-above-stick-meta":"","header-main-stick-meta":"","header-below-stick-meta":"","astra-migrate-meta-layouts":"default","ast-page-background-enabled":"default","ast-page-background-meta":{"desktop":{"background-color":"","background-image":"","background-repeat":"repeat","background-position":"center center","background-size":"auto","background-attachment":"scroll","background-type":"","background-media":"","overlay-type":"","overlay-color":"","overlay-opacity":"","overlay-gradient":""},"tablet":{"background-color":"","background-image":"","background-repeat":"repeat","background-position":"center center","background-size":"auto","background-attachment":"scroll","background-type":"","background-media":"","overlay-type":"","overlay-color":"","overlay-opacity":"","overlay-gradient":""},"mobile":{"background-color":"","background-image":"","background-repeat":"repeat","background-position":"center center","background-size":"auto","background-attachment":"scroll","background-type":"","background-media":"","overlay-type":"","overlay-color":"","overlay-opacity":"","overlay-gradient":""}},"ast-content-background-meta":{"desktop":{"background-color":"var(--ast-global-color-5)","background-image":"","background-repeat":"repeat","background-position":"center center","background-size":"auto","background-attachment":"scroll","background-type":"","background-media":"","overlay-type":"","overlay-color":"","overlay-opacity":"","overlay-gradient":""},"tablet":{"background-color":"var(--ast-global-color-5)","background-image":"","background-repeat":"repeat","background-position":"center center","background-size":"auto","background-attachment":"scroll","background-type":"","background-media":"","overlay-type":"","overlay-color":"","overlay-opacity":"","overlay-gradient":""},"mobile":{"background-color":"var(--ast-global-color-5)","background-image":"","background-repeat":"repeat","background-position":"center center","background-size":"auto","background-attachment":"scroll","background-type":"","background-media":"","overlay-type":"","overlay-color":"","overlay-opacity":"","overlay-gradient":""}}},"product_cat":[527,526],"product_tag":[],"class_list":{"0":"post-6763","1":"product","2":"type-product","3":"status-publish","4":"has-post-thumbnail","6":"product_cat-anti-aging-de","7":"product_cat-naturliche-schonheit","8":"has-subscription-plans","9":"desktop-align-left","10":"tablet-align-left","11":"mobile-align-left","13":"first","14":"instock","15":"taxable","16":"shipping-taxable","17":"purchasable","18":"product-type-simple"},"yoast_head":"<!-- This site is optimized with the Yoast SEO plugin v22.7 - https:\/\/yoast.com\/wordpress\/plugins\/seo\/ -->\n<title>Kollagenverst\u00e4rkende Anti-Falten-Gesichtscreme mit Hyalurons\u00e4ure, AHA-Fruchts\u00e4ure und den Vitaminen A, C und E. 50ml - JeaKen<\/title>\n<meta name=\"robots\" content=\"index, follow, max-snippet:-1, max-image-preview:large, max-video-preview:-1\" \/>\n<link rel=\"canonical\" href=\"https:\/\/jeaken.com\/de\/produkt\/kollagenverstaerkende-anti-falten-gesichtscreme-mit-hyaluronsaeure-aha-fruchtsaeure-und-den-vitaminen-a-c-und-e-50ml\/\" \/>\n<meta property=\"og:locale\" content=\"de_DE\" \/>\n<meta property=\"og:type\" content=\"article\" \/>\n<meta property=\"og:title\" content=\"Kollagenverst\u00e4rkende Anti-Falten-Gesichtscreme mit Hyalurons\u00e4ure, AHA-Fruchts\u00e4ure und den Vitaminen A, C und E. 50ml - JeaKen\" \/>\n<meta property=\"og:description\" content=\"Schnell wirkende, leistungsstarke Anti-Ageing-Creme f\u00fcr alle Hauttypen\" \/>\n<meta property=\"og:url\" content=\"https:\/\/jeaken.com\/de\/produkt\/kollagenverstaerkende-anti-falten-gesichtscreme-mit-hyaluronsaeure-aha-fruchtsaeure-und-den-vitaminen-a-c-und-e-50ml\/\" \/>\n<meta property=\"og:site_name\" content=\"JeaKen\" \/>\n<meta property=\"article:modified_time\" content=\"2022-08-09T13:41:51+00:00\" \/>\n<meta property=\"og:image\" content=\"https:\/\/jeaken.com\/wp-content\/uploads\/2022\/07\/81cdwEgUL._AC_SL1500_.jpg\" \/>\n\t<meta property=\"og:image:width\" content=\"600\" \/>\n\t<meta property=\"og:image:height\" content=\"600\" \/>\n\t<meta property=\"og:image:type\" content=\"image\/jpeg\" \/>\n<meta name=\"twitter:card\" content=\"summary_large_image\" \/>\n<meta name=\"twitter:label1\" content=\"Est. reading time\" \/>\n\t<meta name=\"twitter:data1\" content=\"1 minute\" \/>\n<script type=\"application\/ld+json\" class=\"yoast-schema-graph\">{\"@context\":\"https:\/\/schema.org\",\"@graph\":[{\"@type\":\"WebPage\",\"@id\":\"https:\/\/jeaken.com\/de\/produkt\/kollagenverstaerkende-anti-falten-gesichtscreme-mit-hyaluronsaeure-aha-fruchtsaeure-und-den-vitaminen-a-c-und-e-50ml\/\",\"url\":\"https:\/\/jeaken.com\/de\/produkt\/kollagenverstaerkende-anti-falten-gesichtscreme-mit-hyaluronsaeure-aha-fruchtsaeure-und-den-vitaminen-a-c-und-e-50ml\/\",\"name\":\"Kollagenverst\u00e4rkende Anti-Falten-Gesichtscreme mit Hyalurons\u00e4ure, AHA-Fruchts\u00e4ure und den Vitaminen A, C und E. 50ml - JeaKen\",\"isPartOf\":{\"@id\":\"https:\/\/jeaken.com\/de\/#website\"},\"primaryImageOfPage\":{\"@id\":\"https:\/\/jeaken.com\/de\/produkt\/kollagenverstaerkende-anti-falten-gesichtscreme-mit-hyaluronsaeure-aha-fruchtsaeure-und-den-vitaminen-a-c-und-e-50ml\/#primaryimage\"},\"image\":{\"@id\":\"https:\/\/jeaken.com\/de\/produkt\/kollagenverstaerkende-anti-falten-gesichtscreme-mit-hyaluronsaeure-aha-fruchtsaeure-und-den-vitaminen-a-c-und-e-50ml\/#primaryimage\"},\"thumbnailUrl\":\"https:\/\/jeaken.com\/wp-content\/uploads\/2022\/07\/81cdwEgUL._AC_SL1500_.jpg\",\"datePublished\":\"2022-07-21T18:18:22+00:00\",\"dateModified\":\"2022-08-09T13:41:51+00:00\",\"breadcrumb\":{\"@id\":\"https:\/\/jeaken.com\/de\/produkt\/kollagenverstaerkende-anti-falten-gesichtscreme-mit-hyaluronsaeure-aha-fruchtsaeure-und-den-vitaminen-a-c-und-e-50ml\/#breadcrumb\"},\"inLanguage\":\"de-DE\",\"potentialAction\":[{\"@type\":\"ReadAction\",\"target\":[\"https:\/\/jeaken.com\/de\/produkt\/kollagenverstaerkende-anti-falten-gesichtscreme-mit-hyaluronsaeure-aha-fruchtsaeure-und-den-vitaminen-a-c-und-e-50ml\/\"]}]},{\"@type\":\"ImageObject\",\"inLanguage\":\"de-DE\",\"@id\":\"https:\/\/jeaken.com\/de\/produkt\/kollagenverstaerkende-anti-falten-gesichtscreme-mit-hyaluronsaeure-aha-fruchtsaeure-und-den-vitaminen-a-c-und-e-50ml\/#primaryimage\",\"url\":\"https:\/\/jeaken.com\/wp-content\/uploads\/2022\/07\/81cdwEgUL._AC_SL1500_.jpg\",\"contentUrl\":\"https:\/\/jeaken.com\/wp-content\/uploads\/2022\/07\/81cdwEgUL._AC_SL1500_.jpg\",\"width\":600,\"height\":600,\"caption\":\"Collagen-Boosting Anti Wrinkle Face Cream\"},{\"@type\":\"BreadcrumbList\",\"@id\":\"https:\/\/jeaken.com\/de\/produkt\/kollagenverstaerkende-anti-falten-gesichtscreme-mit-hyaluronsaeure-aha-fruchtsaeure-und-den-vitaminen-a-c-und-e-50ml\/#breadcrumb\",\"itemListElement\":[{\"@type\":\"ListItem\",\"position\":1,\"name\":\"Home\",\"item\":\"https:\/\/jeaken.com\/de\/\"},{\"@type\":\"ListItem\",\"position\":2,\"name\":\"Private: Shop\",\"item\":\"https:\/\/jeaken.com\/shop\/\"},{\"@type\":\"ListItem\",\"position\":3,\"name\":\"Kollagenverst\u00e4rkende Anti-Falten-Gesichtscreme mit Hyalurons\u00e4ure, AHA-Fruchts\u00e4ure und den Vitaminen A, C und E. 50ml\"}]},{\"@type\":\"WebSite\",\"@id\":\"https:\/\/jeaken.com\/de\/#website\",\"url\":\"https:\/\/jeaken.com\/de\/\",\"name\":\"JeaKen\",\"description\":\"Organic Supplements for Health, Fitness and Nutrition\",\"publisher\":{\"@id\":\"https:\/\/jeaken.com\/de\/#organization\"},\"potentialAction\":[{\"@type\":\"SearchAction\",\"target\":{\"@type\":\"EntryPoint\",\"urlTemplate\":\"https:\/\/jeaken.com\/de\/?s={search_term_string}\"},\"query-input\":\"required name=search_term_string\"}],\"inLanguage\":\"de-DE\"},{\"@type\":\"Organization\",\"@id\":\"https:\/\/jeaken.com\/de\/#organization\",\"name\":\"JeaKen\",\"url\":\"https:\/\/jeaken.com\/de\/\",\"logo\":{\"@type\":\"ImageObject\",\"inLanguage\":\"de-DE\",\"@id\":\"https:\/\/jeaken.com\/de\/#\/schema\/logo\/image\/\",\"url\":\"https:\/\/jeaken.com\/wp-content\/uploads\/2022\/06\/jeaken-logo-23.png\",\"contentUrl\":\"https:\/\/jeaken.com\/wp-content\/uploads\/2022\/06\/jeaken-logo-23.png\",\"width\":2486,\"height\":736,\"caption\":\"JeaKen\"},\"image\":{\"@id\":\"https:\/\/jeaken.com\/de\/#\/schema\/logo\/image\/\"}}]}<\/script>\n<!-- \/ Yoast SEO plugin. -->","yoast_head_json":{"title":"Kollagenverst\u00e4rkende Anti-Falten-Gesichtscreme mit Hyalurons\u00e4ure, AHA-Fruchts\u00e4ure und den Vitaminen A, C und E. 50ml - JeaKen","robots":{"index":"index","follow":"follow","max-snippet":"max-snippet:-1","max-image-preview":"max-image-preview:large","max-video-preview":"max-video-preview:-1"},"canonical":"https:\/\/jeaken.com\/de\/produkt\/kollagenverstaerkende-anti-falten-gesichtscreme-mit-hyaluronsaeure-aha-fruchtsaeure-und-den-vitaminen-a-c-und-e-50ml\/","og_locale":"de_DE","og_type":"article","og_title":"Kollagenverst\u00e4rkende Anti-Falten-Gesichtscreme mit Hyalurons\u00e4ure, AHA-Fruchts\u00e4ure und den Vitaminen A, C und E. 50ml - JeaKen","og_description":"Schnell wirkende, leistungsstarke Anti-Ageing-Creme f\u00fcr alle Hauttypen","og_url":"https:\/\/jeaken.com\/de\/produkt\/kollagenverstaerkende-anti-falten-gesichtscreme-mit-hyaluronsaeure-aha-fruchtsaeure-und-den-vitaminen-a-c-und-e-50ml\/","og_site_name":"JeaKen","article_modified_time":"2022-08-09T13:41:51+00:00","og_image":[{"width":600,"height":600,"url":"https:\/\/jeaken.com\/wp-content\/uploads\/2022\/07\/81cdwEgUL._AC_SL1500_.jpg","type":"image\/jpeg"}],"twitter_card":"summary_large_image","twitter_misc":{"Est. reading time":"1 minute"},"schema":{"@context":"https:\/\/schema.org","@graph":[{"@type":"WebPage","@id":"https:\/\/jeaken.com\/de\/produkt\/kollagenverstaerkende-anti-falten-gesichtscreme-mit-hyaluronsaeure-aha-fruchtsaeure-und-den-vitaminen-a-c-und-e-50ml\/","url":"https:\/\/jeaken.com\/de\/produkt\/kollagenverstaerkende-anti-falten-gesichtscreme-mit-hyaluronsaeure-aha-fruchtsaeure-und-den-vitaminen-a-c-und-e-50ml\/","name":"Kollagenverst\u00e4rkende Anti-Falten-Gesichtscreme mit Hyalurons\u00e4ure, AHA-Fruchts\u00e4ure und den Vitaminen A, C und E. 50ml - JeaKen","isPartOf":{"@id":"https:\/\/jeaken.com\/de\/#website"},"primaryImageOfPage":{"@id":"https:\/\/jeaken.com\/de\/produkt\/kollagenverstaerkende-anti-falten-gesichtscreme-mit-hyaluronsaeure-aha-fruchtsaeure-und-den-vitaminen-a-c-und-e-50ml\/#primaryimage"},"image":{"@id":"https:\/\/jeaken.com\/de\/produkt\/kollagenverstaerkende-anti-falten-gesichtscreme-mit-hyaluronsaeure-aha-fruchtsaeure-und-den-vitaminen-a-c-und-e-50ml\/#primaryimage"},"thumbnailUrl":"https:\/\/jeaken.com\/wp-content\/uploads\/2022\/07\/81cdwEgUL._AC_SL1500_.jpg","datePublished":"2022-07-21T18:18:22+00:00","dateModified":"2022-08-09T13:41:51+00:00","breadcrumb":{"@id":"https:\/\/jeaken.com\/de\/produkt\/kollagenverstaerkende-anti-falten-gesichtscreme-mit-hyaluronsaeure-aha-fruchtsaeure-und-den-vitaminen-a-c-und-e-50ml\/#breadcrumb"},"inLanguage":"de-DE","potentialAction":[{"@type":"ReadAction","target":["https:\/\/jeaken.com\/de\/produkt\/kollagenverstaerkende-anti-falten-gesichtscreme-mit-hyaluronsaeure-aha-fruchtsaeure-und-den-vitaminen-a-c-und-e-50ml\/"]}]},{"@type":"ImageObject","inLanguage":"de-DE","@id":"https:\/\/jeaken.com\/de\/produkt\/kollagenverstaerkende-anti-falten-gesichtscreme-mit-hyaluronsaeure-aha-fruchtsaeure-und-den-vitaminen-a-c-und-e-50ml\/#primaryimage","url":"https:\/\/jeaken.com\/wp-content\/uploads\/2022\/07\/81cdwEgUL._AC_SL1500_.jpg","contentUrl":"https:\/\/jeaken.com\/wp-content\/uploads\/2022\/07\/81cdwEgUL._AC_SL1500_.jpg","width":600,"height":600,"caption":"Collagen-Boosting Anti Wrinkle Face Cream"},{"@type":"BreadcrumbList","@id":"https:\/\/jeaken.com\/de\/produkt\/kollagenverstaerkende-anti-falten-gesichtscreme-mit-hyaluronsaeure-aha-fruchtsaeure-und-den-vitaminen-a-c-und-e-50ml\/#breadcrumb","itemListElement":[{"@type":"ListItem","position":1,"name":"Home","item":"https:\/\/jeaken.com\/de\/"},{"@type":"ListItem","position":2,"name":"Private: Shop","item":"https:\/\/jeaken.com\/shop\/"},{"@type":"ListItem","position":3,"name":"Kollagenverst\u00e4rkende Anti-Falten-Gesichtscreme mit Hyalurons\u00e4ure, AHA-Fruchts\u00e4ure und den Vitaminen A, C und E. 50ml"}]},{"@type":"WebSite","@id":"https:\/\/jeaken.com\/de\/#website","url":"https:\/\/jeaken.com\/de\/","name":"JeaKen","description":"Organic Supplements for Health, Fitness and Nutrition","publisher":{"@id":"https:\/\/jeaken.com\/de\/#organization"},"potentialAction":[{"@type":"SearchAction","target":{"@type":"EntryPoint","urlTemplate":"https:\/\/jeaken.com\/de\/?s={search_term_string}"},"query-input":"required name=search_term_string"}],"inLanguage":"de-DE"},{"@type":"Organization","@id":"https:\/\/jeaken.com\/de\/#organization","name":"JeaKen","url":"https:\/\/jeaken.com\/de\/","logo":{"@type":"ImageObject","inLanguage":"de-DE","@id":"https:\/\/jeaken.com\/de\/#\/schema\/logo\/image\/","url":"https:\/\/jeaken.com\/wp-content\/uploads\/2022\/06\/jeaken-logo-23.png","contentUrl":"https:\/\/jeaken.com\/wp-content\/uploads\/2022\/06\/jeaken-logo-23.png","width":2486,"height":736,"caption":"JeaKen"},"image":{"@id":"https:\/\/jeaken.com\/de\/#\/schema\/logo\/image\/"}}]}},"jetpack_sharing_enabled":true,"_links":{"self":[{"href":"https:\/\/jeaken.com\/de\/wp-json\/wp\/v2\/product\/6763","targetHints":{"allow":["GET"]}}],"collection":[{"href":"https:\/\/jeaken.com\/de\/wp-json\/wp\/v2\/product"}],"about":[{"href":"https:\/\/jeaken.com\/de\/wp-json\/wp\/v2\/types\/product"}],"wp:featuredmedia":[{"embeddable":true,"href":"https:\/\/jeaken.com\/de\/wp-json\/wp\/v2\/media\/4851"}],"wp:attachment":[{"href":"https:\/\/jeaken.com\/de\/wp-json\/wp\/v2\/media?parent=6763"}],"wp:term":[{"taxonomy":"product_cat","embeddable":true,"href":"https:\/\/jeaken.com\/de\/wp-json\/wp\/v2\/product_cat?post=6763"},{"taxonomy":"product_tag","embeddable":true,"href":"https:\/\/jeaken.com\/de\/wp-json\/wp\/v2\/product_tag?post=6763"}],"curies":[{"name":"wp","href":"https:\/\/api.w.org\/{rel}","templated":true}]}}