{"id":6761,"date":"2022-07-21T19:18:22","date_gmt":"2022-07-21T18:18:22","guid":{"rendered":"https:\/1658920591610?product=lotion-zur-entfernung-von-dehnungsstreifen-mit-aetherischen-oelen-und-extrakten-zur-reduzierung-von-narben-und-dehnungsstreifen-50ml"},"modified":"2022-08-09T14:41:51","modified_gmt":"2022-08-09T13:41:51","slug":"lotion-zur-entfernung-von-dehnungsstreifen-mit-aetherischen-oelen-und-extrakten-zur-reduzierung-von-narben-und-dehnungsstreifen-50ml","status":"publish","type":"product","link":"https:\/\/jeaken.com\/de\/produkt\/lotion-zur-entfernung-von-dehnungsstreifen-mit-aetherischen-oelen-und-extrakten-zur-reduzierung-von-narben-und-dehnungsstreifen-50ml\/","title":{"rendered":"Lotion zur Entfernung von Dehnungsstreifen &#8211; mit \u00e4therischen \u00d6len und Extrakten zur Reduzierung von Narben und Dehnungsstreifen. 50ml"},"content":{"rendered":"<p><strong><span class=\"a-list-item\">BIETET MEHRERE VORTEILE<\/span><\/strong><\/p>\n<p><span class=\"a-list-item\">Diese leistungsstarke Lotion wurde zur Behandlung von Dehnungsstreifen vor und nach der Geburt entwickelt. Sie strafft und festigt die Haut, f\u00f6rdert die Zellregeneration und verbessert die Elastizit\u00e4t der Haut.<\/span><\/p>\n<p><strong><span class=\"a-list-item\">HELLT NARBEN AUF UND BESEITIGT SIE  <\/span><\/strong><\/p>\n<p><span class=\"a-list-item\">Unser einzigartiges Serum ist f\u00fcr alle Hauttypen und schwangere Frauen geeignet und hilft, das Erscheinungsbild von neuen und alten Narben, Dehnungsstreifen und ungleichm\u00e4\u00dfigem Hautton zu verbessern.<\/span><\/p>\n<p><strong><span class=\"a-list-item\">ENTH\u00c4LT NAT\u00dcRLICHE INHALTSSTOFFE  <\/span><\/strong><\/p>\n<p><span class=\"a-list-item\">Diese sanfte K\u00f6rperlotion enth\u00e4lt eine Reihe von Fruchtextrakten und \u00e4therischen \u00d6len, die auf verschiedene Weise wirken, um Narbengewebe und Dehnungsstreifen zu mildern und zu reduzieren.  <\/span><\/p>\n<p><strong><span class=\"a-list-item\">SCHNELL ABSORBIERT  <\/span><\/strong><\/p>\n<p><span class=\"a-list-item\">Wir haben die besten \u00e4therischen \u00d6le und Extrakte kombiniert, um eine zarte Lotion zu schaffen, die schnell in die Haut einzieht.<\/span><\/p>\n<p>&nbsp;<\/p>\n","protected":false},"excerpt":{"rendered":"<h4 id=\"title\" class=\"a-size-large a-spacing-none\"><span id=\"productTitle\" class=\"a-size-large product-title-word-break\">Eine sanfte und nat\u00fcrliche Formel, die das Erscheinungsbild von unerw\u00fcnschten Hautunreinheiten verbessert.<\/span><\/h4>\n<h4 class=\"a-size-large a-spacing-none\"><\/h4>\n","protected":false},"featured_media":5206,"template":"","meta":{"site-sidebar-layout":"default","site-content-layout":"default","ast-site-content-layout":"default","site-content-style":"default","site-sidebar-style":"default","ast-global-header-display":"","ast-banner-title-visibility":"","ast-main-header-display":"","ast-hfb-above-header-display":"","ast-hfb-below-header-display":"","ast-hfb-mobile-header-display":"","site-post-title":"","ast-breadcrumbs-content":"","ast-featured-img":"","footer-sml-layout":"","theme-transparent-header-meta":"default","adv-header-id-meta":"","stick-header-meta":"default","header-above-stick-meta":"","header-main-stick-meta":"","header-below-stick-meta":"","astra-migrate-meta-layouts":"default","ast-page-background-enabled":"default","ast-page-background-meta":{"desktop":{"background-color":"","background-image":"","background-repeat":"repeat","background-position":"center center","background-size":"auto","background-attachment":"scroll","background-type":"","background-media":"","overlay-type":"","overlay-color":"","overlay-opacity":"","overlay-gradient":""},"tablet":{"background-color":"","background-image":"","background-repeat":"repeat","background-position":"center center","background-size":"auto","background-attachment":"scroll","background-type":"","background-media":"","overlay-type":"","overlay-color":"","overlay-opacity":"","overlay-gradient":""},"mobile":{"background-color":"","background-image":"","background-repeat":"repeat","background-position":"center center","background-size":"auto","background-attachment":"scroll","background-type":"","background-media":"","overlay-type":"","overlay-color":"","overlay-opacity":"","overlay-gradient":""}},"ast-content-background-meta":{"desktop":{"background-color":"var(--ast-global-color-5)","background-image":"","background-repeat":"repeat","background-position":"center center","background-size":"auto","background-attachment":"scroll","background-type":"","background-media":"","overlay-type":"","overlay-color":"","overlay-opacity":"","overlay-gradient":""},"tablet":{"background-color":"var(--ast-global-color-5)","background-image":"","background-repeat":"repeat","background-position":"center center","background-size":"auto","background-attachment":"scroll","background-type":"","background-media":"","overlay-type":"","overlay-color":"","overlay-opacity":"","overlay-gradient":""},"mobile":{"background-color":"var(--ast-global-color-5)","background-image":"","background-repeat":"repeat","background-position":"center center","background-size":"auto","background-attachment":"scroll","background-type":"","background-media":"","overlay-type":"","overlay-color":"","overlay-opacity":"","overlay-gradient":""}}},"product_cat":[562,582,526],"product_tag":[],"class_list":{"0":"post-6761","1":"product","2":"type-product","3":"status-publish","4":"has-post-thumbnail","6":"product_cat-dehnungsstreifen-und-cellulite","7":"product_cat-mineralien","8":"product_cat-naturliche-schonheit","9":"has-subscription-plans","10":"desktop-align-left","11":"tablet-align-left","12":"mobile-align-left","14":"first","15":"instock","16":"taxable","17":"shipping-taxable","18":"purchasable","19":"product-type-simple"},"yoast_head":"<!-- This site is optimized with the Yoast SEO plugin v22.7 - https:\/\/yoast.com\/wordpress\/plugins\/seo\/ -->\n<title>Lotion zur Entfernung von Dehnungsstreifen - mit \u00e4therischen \u00d6len und Extrakten zur Reduzierung von Narben und Dehnungsstreifen. 50ml - JeaKen<\/title>\n<meta name=\"robots\" content=\"index, follow, max-snippet:-1, max-image-preview:large, max-video-preview:-1\" \/>\n<link rel=\"canonical\" href=\"https:\/\/jeaken.com\/de\/produkt\/lotion-zur-entfernung-von-dehnungsstreifen-mit-aetherischen-oelen-und-extrakten-zur-reduzierung-von-narben-und-dehnungsstreifen-50ml\/\" \/>\n<meta property=\"og:locale\" content=\"de_DE\" \/>\n<meta property=\"og:type\" content=\"article\" \/>\n<meta property=\"og:title\" content=\"Lotion zur Entfernung von Dehnungsstreifen - mit \u00e4therischen \u00d6len und Extrakten zur Reduzierung von Narben und Dehnungsstreifen. 50ml - JeaKen\" \/>\n<meta property=\"og:description\" content=\"Eine sanfte und nat\u00fcrliche Formel, die das Erscheinungsbild von unerw\u00fcnschten Hautunreinheiten verbessert.\" \/>\n<meta property=\"og:url\" content=\"https:\/\/jeaken.com\/de\/produkt\/lotion-zur-entfernung-von-dehnungsstreifen-mit-aetherischen-oelen-und-extrakten-zur-reduzierung-von-narben-und-dehnungsstreifen-50ml\/\" \/>\n<meta property=\"og:site_name\" content=\"JeaKen\" \/>\n<meta property=\"article:modified_time\" content=\"2022-08-09T13:41:51+00:00\" \/>\n<meta property=\"og:image\" content=\"https:\/\/jeaken.com\/wp-content\/uploads\/2022\/07\/81dxVnM0XyL._AC_SL1500_.jpg\" \/>\n\t<meta property=\"og:image:width\" content=\"600\" \/>\n\t<meta property=\"og:image:height\" content=\"600\" \/>\n\t<meta property=\"og:image:type\" content=\"image\/jpeg\" \/>\n<meta name=\"twitter:card\" content=\"summary_large_image\" \/>\n<meta name=\"twitter:label1\" content=\"Est. reading time\" \/>\n\t<meta name=\"twitter:data1\" content=\"1 minute\" \/>\n<script type=\"application\/ld+json\" class=\"yoast-schema-graph\">{\"@context\":\"https:\/\/schema.org\",\"@graph\":[{\"@type\":\"WebPage\",\"@id\":\"https:\/\/jeaken.com\/de\/produkt\/lotion-zur-entfernung-von-dehnungsstreifen-mit-aetherischen-oelen-und-extrakten-zur-reduzierung-von-narben-und-dehnungsstreifen-50ml\/\",\"url\":\"https:\/\/jeaken.com\/de\/produkt\/lotion-zur-entfernung-von-dehnungsstreifen-mit-aetherischen-oelen-und-extrakten-zur-reduzierung-von-narben-und-dehnungsstreifen-50ml\/\",\"name\":\"Lotion zur Entfernung von Dehnungsstreifen - mit \u00e4therischen \u00d6len und Extrakten zur Reduzierung von Narben und Dehnungsstreifen. 50ml - JeaKen\",\"isPartOf\":{\"@id\":\"https:\/\/jeaken.com\/de\/#website\"},\"primaryImageOfPage\":{\"@id\":\"https:\/\/jeaken.com\/de\/produkt\/lotion-zur-entfernung-von-dehnungsstreifen-mit-aetherischen-oelen-und-extrakten-zur-reduzierung-von-narben-und-dehnungsstreifen-50ml\/#primaryimage\"},\"image\":{\"@id\":\"https:\/\/jeaken.com\/de\/produkt\/lotion-zur-entfernung-von-dehnungsstreifen-mit-aetherischen-oelen-und-extrakten-zur-reduzierung-von-narben-und-dehnungsstreifen-50ml\/#primaryimage\"},\"thumbnailUrl\":\"https:\/\/jeaken.com\/wp-content\/uploads\/2022\/07\/81dxVnM0XyL._AC_SL1500_.jpg\",\"datePublished\":\"2022-07-21T18:18:22+00:00\",\"dateModified\":\"2022-08-09T13:41:51+00:00\",\"breadcrumb\":{\"@id\":\"https:\/\/jeaken.com\/de\/produkt\/lotion-zur-entfernung-von-dehnungsstreifen-mit-aetherischen-oelen-und-extrakten-zur-reduzierung-von-narben-und-dehnungsstreifen-50ml\/#breadcrumb\"},\"inLanguage\":\"de-DE\",\"potentialAction\":[{\"@type\":\"ReadAction\",\"target\":[\"https:\/\/jeaken.com\/de\/produkt\/lotion-zur-entfernung-von-dehnungsstreifen-mit-aetherischen-oelen-und-extrakten-zur-reduzierung-von-narben-und-dehnungsstreifen-50ml\/\"]}]},{\"@type\":\"ImageObject\",\"inLanguage\":\"de-DE\",\"@id\":\"https:\/\/jeaken.com\/de\/produkt\/lotion-zur-entfernung-von-dehnungsstreifen-mit-aetherischen-oelen-und-extrakten-zur-reduzierung-von-narben-und-dehnungsstreifen-50ml\/#primaryimage\",\"url\":\"https:\/\/jeaken.com\/wp-content\/uploads\/2022\/07\/81dxVnM0XyL._AC_SL1500_.jpg\",\"contentUrl\":\"https:\/\/jeaken.com\/wp-content\/uploads\/2022\/07\/81dxVnM0XyL._AC_SL1500_.jpg\",\"width\":600,\"height\":600,\"caption\":\"Stretch Mark Removal Lotion\"},{\"@type\":\"BreadcrumbList\",\"@id\":\"https:\/\/jeaken.com\/de\/produkt\/lotion-zur-entfernung-von-dehnungsstreifen-mit-aetherischen-oelen-und-extrakten-zur-reduzierung-von-narben-und-dehnungsstreifen-50ml\/#breadcrumb\",\"itemListElement\":[{\"@type\":\"ListItem\",\"position\":1,\"name\":\"Home\",\"item\":\"https:\/\/jeaken.com\/de\/\"},{\"@type\":\"ListItem\",\"position\":2,\"name\":\"Private: Shop\",\"item\":\"https:\/\/jeaken.com\/shop\/\"},{\"@type\":\"ListItem\",\"position\":3,\"name\":\"Lotion zur Entfernung von Dehnungsstreifen &#8211; mit \u00e4therischen \u00d6len und Extrakten zur Reduzierung von Narben und Dehnungsstreifen. 50ml\"}]},{\"@type\":\"WebSite\",\"@id\":\"https:\/\/jeaken.com\/de\/#website\",\"url\":\"https:\/\/jeaken.com\/de\/\",\"name\":\"JeaKen\",\"description\":\"Organic Supplements for Health, Fitness and Nutrition\",\"publisher\":{\"@id\":\"https:\/\/jeaken.com\/de\/#organization\"},\"potentialAction\":[{\"@type\":\"SearchAction\",\"target\":{\"@type\":\"EntryPoint\",\"urlTemplate\":\"https:\/\/jeaken.com\/de\/?s={search_term_string}\"},\"query-input\":\"required name=search_term_string\"}],\"inLanguage\":\"de-DE\"},{\"@type\":\"Organization\",\"@id\":\"https:\/\/jeaken.com\/de\/#organization\",\"name\":\"JeaKen\",\"url\":\"https:\/\/jeaken.com\/de\/\",\"logo\":{\"@type\":\"ImageObject\",\"inLanguage\":\"de-DE\",\"@id\":\"https:\/\/jeaken.com\/de\/#\/schema\/logo\/image\/\",\"url\":\"https:\/\/jeaken.com\/wp-content\/uploads\/2022\/06\/jeaken-logo-23.png\",\"contentUrl\":\"https:\/\/jeaken.com\/wp-content\/uploads\/2022\/06\/jeaken-logo-23.png\",\"width\":2486,\"height\":736,\"caption\":\"JeaKen\"},\"image\":{\"@id\":\"https:\/\/jeaken.com\/de\/#\/schema\/logo\/image\/\"}}]}<\/script>\n<!-- \/ Yoast SEO plugin. -->","yoast_head_json":{"title":"Lotion zur Entfernung von Dehnungsstreifen - mit \u00e4therischen \u00d6len und Extrakten zur Reduzierung von Narben und Dehnungsstreifen. 50ml - JeaKen","robots":{"index":"index","follow":"follow","max-snippet":"max-snippet:-1","max-image-preview":"max-image-preview:large","max-video-preview":"max-video-preview:-1"},"canonical":"https:\/\/jeaken.com\/de\/produkt\/lotion-zur-entfernung-von-dehnungsstreifen-mit-aetherischen-oelen-und-extrakten-zur-reduzierung-von-narben-und-dehnungsstreifen-50ml\/","og_locale":"de_DE","og_type":"article","og_title":"Lotion zur Entfernung von Dehnungsstreifen - mit \u00e4therischen \u00d6len und Extrakten zur Reduzierung von Narben und Dehnungsstreifen. 50ml - JeaKen","og_description":"Eine sanfte und nat\u00fcrliche Formel, die das Erscheinungsbild von unerw\u00fcnschten Hautunreinheiten verbessert.","og_url":"https:\/\/jeaken.com\/de\/produkt\/lotion-zur-entfernung-von-dehnungsstreifen-mit-aetherischen-oelen-und-extrakten-zur-reduzierung-von-narben-und-dehnungsstreifen-50ml\/","og_site_name":"JeaKen","article_modified_time":"2022-08-09T13:41:51+00:00","og_image":[{"width":600,"height":600,"url":"https:\/\/jeaken.com\/wp-content\/uploads\/2022\/07\/81dxVnM0XyL._AC_SL1500_.jpg","type":"image\/jpeg"}],"twitter_card":"summary_large_image","twitter_misc":{"Est. reading time":"1 minute"},"schema":{"@context":"https:\/\/schema.org","@graph":[{"@type":"WebPage","@id":"https:\/\/jeaken.com\/de\/produkt\/lotion-zur-entfernung-von-dehnungsstreifen-mit-aetherischen-oelen-und-extrakten-zur-reduzierung-von-narben-und-dehnungsstreifen-50ml\/","url":"https:\/\/jeaken.com\/de\/produkt\/lotion-zur-entfernung-von-dehnungsstreifen-mit-aetherischen-oelen-und-extrakten-zur-reduzierung-von-narben-und-dehnungsstreifen-50ml\/","name":"Lotion zur Entfernung von Dehnungsstreifen - mit \u00e4therischen \u00d6len und Extrakten zur Reduzierung von Narben und Dehnungsstreifen. 50ml - JeaKen","isPartOf":{"@id":"https:\/\/jeaken.com\/de\/#website"},"primaryImageOfPage":{"@id":"https:\/\/jeaken.com\/de\/produkt\/lotion-zur-entfernung-von-dehnungsstreifen-mit-aetherischen-oelen-und-extrakten-zur-reduzierung-von-narben-und-dehnungsstreifen-50ml\/#primaryimage"},"image":{"@id":"https:\/\/jeaken.com\/de\/produkt\/lotion-zur-entfernung-von-dehnungsstreifen-mit-aetherischen-oelen-und-extrakten-zur-reduzierung-von-narben-und-dehnungsstreifen-50ml\/#primaryimage"},"thumbnailUrl":"https:\/\/jeaken.com\/wp-content\/uploads\/2022\/07\/81dxVnM0XyL._AC_SL1500_.jpg","datePublished":"2022-07-21T18:18:22+00:00","dateModified":"2022-08-09T13:41:51+00:00","breadcrumb":{"@id":"https:\/\/jeaken.com\/de\/produkt\/lotion-zur-entfernung-von-dehnungsstreifen-mit-aetherischen-oelen-und-extrakten-zur-reduzierung-von-narben-und-dehnungsstreifen-50ml\/#breadcrumb"},"inLanguage":"de-DE","potentialAction":[{"@type":"ReadAction","target":["https:\/\/jeaken.com\/de\/produkt\/lotion-zur-entfernung-von-dehnungsstreifen-mit-aetherischen-oelen-und-extrakten-zur-reduzierung-von-narben-und-dehnungsstreifen-50ml\/"]}]},{"@type":"ImageObject","inLanguage":"de-DE","@id":"https:\/\/jeaken.com\/de\/produkt\/lotion-zur-entfernung-von-dehnungsstreifen-mit-aetherischen-oelen-und-extrakten-zur-reduzierung-von-narben-und-dehnungsstreifen-50ml\/#primaryimage","url":"https:\/\/jeaken.com\/wp-content\/uploads\/2022\/07\/81dxVnM0XyL._AC_SL1500_.jpg","contentUrl":"https:\/\/jeaken.com\/wp-content\/uploads\/2022\/07\/81dxVnM0XyL._AC_SL1500_.jpg","width":600,"height":600,"caption":"Stretch Mark Removal Lotion"},{"@type":"BreadcrumbList","@id":"https:\/\/jeaken.com\/de\/produkt\/lotion-zur-entfernung-von-dehnungsstreifen-mit-aetherischen-oelen-und-extrakten-zur-reduzierung-von-narben-und-dehnungsstreifen-50ml\/#breadcrumb","itemListElement":[{"@type":"ListItem","position":1,"name":"Home","item":"https:\/\/jeaken.com\/de\/"},{"@type":"ListItem","position":2,"name":"Private: Shop","item":"https:\/\/jeaken.com\/shop\/"},{"@type":"ListItem","position":3,"name":"Lotion zur Entfernung von Dehnungsstreifen &#8211; mit \u00e4therischen \u00d6len und Extrakten zur Reduzierung von Narben und Dehnungsstreifen. 50ml"}]},{"@type":"WebSite","@id":"https:\/\/jeaken.com\/de\/#website","url":"https:\/\/jeaken.com\/de\/","name":"JeaKen","description":"Organic Supplements for Health, Fitness and Nutrition","publisher":{"@id":"https:\/\/jeaken.com\/de\/#organization"},"potentialAction":[{"@type":"SearchAction","target":{"@type":"EntryPoint","urlTemplate":"https:\/\/jeaken.com\/de\/?s={search_term_string}"},"query-input":"required name=search_term_string"}],"inLanguage":"de-DE"},{"@type":"Organization","@id":"https:\/\/jeaken.com\/de\/#organization","name":"JeaKen","url":"https:\/\/jeaken.com\/de\/","logo":{"@type":"ImageObject","inLanguage":"de-DE","@id":"https:\/\/jeaken.com\/de\/#\/schema\/logo\/image\/","url":"https:\/\/jeaken.com\/wp-content\/uploads\/2022\/06\/jeaken-logo-23.png","contentUrl":"https:\/\/jeaken.com\/wp-content\/uploads\/2022\/06\/jeaken-logo-23.png","width":2486,"height":736,"caption":"JeaKen"},"image":{"@id":"https:\/\/jeaken.com\/de\/#\/schema\/logo\/image\/"}}]}},"jetpack_sharing_enabled":true,"_links":{"self":[{"href":"https:\/\/jeaken.com\/de\/wp-json\/wp\/v2\/product\/6761","targetHints":{"allow":["GET"]}}],"collection":[{"href":"https:\/\/jeaken.com\/de\/wp-json\/wp\/v2\/product"}],"about":[{"href":"https:\/\/jeaken.com\/de\/wp-json\/wp\/v2\/types\/product"}],"wp:featuredmedia":[{"embeddable":true,"href":"https:\/\/jeaken.com\/de\/wp-json\/wp\/v2\/media\/5206"}],"wp:attachment":[{"href":"https:\/\/jeaken.com\/de\/wp-json\/wp\/v2\/media?parent=6761"}],"wp:term":[{"taxonomy":"product_cat","embeddable":true,"href":"https:\/\/jeaken.com\/de\/wp-json\/wp\/v2\/product_cat?post=6761"},{"taxonomy":"product_tag","embeddable":true,"href":"https:\/\/jeaken.com\/de\/wp-json\/wp\/v2\/product_tag?post=6761"}],"curies":[{"name":"wp","href":"https:\/\/api.w.org\/{rel}","templated":true}]}}