{"id":6760,"date":"2022-07-21T19:18:22","date_gmt":"2022-07-21T18:18:22","guid":{"rendered":"https:\/1658920591610?product=hochwirksamer-vitamin-b-komplex-365-tabletten"},"modified":"2022-08-09T14:41:51","modified_gmt":"2022-08-09T13:41:51","slug":"hochwirksamer-vitamin-b-komplex-365-tabletten","status":"publish","type":"product","link":"https:\/\/jeaken.com\/de\/produkt\/hochwirksamer-vitamin-b-komplex-365-tabletten\/","title":{"rendered":"Hochwirksamer Vitamin-B-Komplex (365 Tabletten)"},"content":{"rendered":"<p><strong><span class=\"a-list-item\">ERH\u00d6HT DIE ENERGIE  <\/span><\/strong><\/p>\n<p><span class=\"a-list-item\">Zur Familie der B-Vitamine geh\u00f6ren die g\u00e4ngigen Nahrungserg\u00e4nzungsmittel Vitamin B12, Biotin und Fols\u00e4ure. B-Vitamine spielen eine Rolle im Energiestoffwechsel, indem sie die Nahrung in Energie umwandeln und ein gesundes Herz und Nervensystem unterst\u00fctzen.<\/span><\/p>\n<p><strong><span class=\"a-list-item\">UNTERST\u00dcTZT IHREN K\u00d6RPER  <\/span><\/strong><\/p>\n<p><span class=\"a-list-item\">  Der Vitamin-B-Komplex tr\u00e4gt zur Erhaltung normaler Haare, Haut und Knochen bei. Es erh\u00f6ht auch die Kalziumaufnahme, verringert die M\u00fcdigkeit, normalisiert den Energiestoffwechsel und unterst\u00fctzt die Funktion der roten Blutk\u00f6rperchen und des Immunsystems.<\/span><\/p>\n<p><strong><span class=\"a-list-item\">EINFACH ZU NUTZEN  <\/span><\/strong><\/p>\n<p><span class=\"a-list-item\">Diese Erg\u00e4nzung enth\u00e4lt alle 8 B-Vitamine, einschlie\u00dflich Biotin und Fols\u00e4ure. Schon die Einnahme einer leicht zu schluckenden Tablette pro Tag reicht aus, um einen gesunden Vitamin-B-Haushalt zu erhalten.<\/span><\/p>\n","protected":false},"excerpt":{"rendered":"<h4>Liefert alle t\u00e4glichen B-Vitamine, die Ihr K\u00f6rper f\u00fcr optimale Gesundheit und Wohlbefinden ben\u00f6tigt.<\/h4>\n","protected":false},"featured_media":15670,"template":"","meta":{"site-sidebar-layout":"default","site-content-layout":"default","ast-site-content-layout":"default","site-content-style":"default","site-sidebar-style":"default","ast-global-header-display":"","ast-banner-title-visibility":"","ast-main-header-display":"","ast-hfb-above-header-display":"","ast-hfb-below-header-display":"","ast-hfb-mobile-header-display":"","site-post-title":"","ast-breadcrumbs-content":"","ast-featured-img":"","footer-sml-layout":"","theme-transparent-header-meta":"default","adv-header-id-meta":"","stick-header-meta":"default","header-above-stick-meta":"","header-main-stick-meta":"","header-below-stick-meta":"","astra-migrate-meta-layouts":"default","ast-page-background-enabled":"default","ast-page-background-meta":{"desktop":{"background-color":"","background-image":"","background-repeat":"repeat","background-position":"center center","background-size":"auto","background-attachment":"scroll","background-type":"","background-media":"","overlay-type":"","overlay-color":"","overlay-opacity":"","overlay-gradient":""},"tablet":{"background-color":"","background-image":"","background-repeat":"repeat","background-position":"center center","background-size":"auto","background-attachment":"scroll","background-type":"","background-media":"","overlay-type":"","overlay-color":"","overlay-opacity":"","overlay-gradient":""},"mobile":{"background-color":"","background-image":"","background-repeat":"repeat","background-position":"center center","background-size":"auto","background-attachment":"scroll","background-type":"","background-media":"","overlay-type":"","overlay-color":"","overlay-opacity":"","overlay-gradient":""}},"ast-content-background-meta":{"desktop":{"background-color":"var(--ast-global-color-5)","background-image":"","background-repeat":"repeat","background-position":"center center","background-size":"auto","background-attachment":"scroll","background-type":"","background-media":"","overlay-type":"","overlay-color":"","overlay-opacity":"","overlay-gradient":""},"tablet":{"background-color":"var(--ast-global-color-5)","background-image":"","background-repeat":"repeat","background-position":"center center","background-size":"auto","background-attachment":"scroll","background-type":"","background-media":"","overlay-type":"","overlay-color":"","overlay-opacity":"","overlay-gradient":""},"mobile":{"background-color":"var(--ast-global-color-5)","background-image":"","background-repeat":"repeat","background-position":"center center","background-size":"auto","background-attachment":"scroll","background-type":"","background-media":"","overlay-type":"","overlay-color":"","overlay-opacity":"","overlay-gradient":""}}},"product_cat":[583,524,634],"product_tag":[],"class_list":{"0":"post-6760","1":"product","2":"type-product","3":"status-publish","4":"has-post-thumbnail","6":"product_cat-ermudung","7":"product_cat-sporternahrung","8":"product_cat-vitamine-und-mineralien","9":"has-subscription-plans","10":"desktop-align-left","11":"tablet-align-left","12":"mobile-align-left","14":"first","15":"instock","16":"taxable","17":"shipping-taxable","18":"purchasable","19":"product-type-simple"},"yoast_head":"<!-- This site is optimized with the Yoast SEO plugin v22.7 - https:\/\/yoast.com\/wordpress\/plugins\/seo\/ -->\n<title>Hochwirksamer Vitamin-B-Komplex (365 Tabletten) - JeaKen<\/title>\n<meta name=\"robots\" content=\"index, follow, max-snippet:-1, max-image-preview:large, max-video-preview:-1\" \/>\n<link rel=\"canonical\" href=\"https:\/\/jeaken.com\/de\/produkt\/hochwirksamer-vitamin-b-komplex-365-tabletten\/\" \/>\n<meta property=\"og:locale\" content=\"de_DE\" \/>\n<meta property=\"og:type\" content=\"article\" \/>\n<meta property=\"og:title\" content=\"Hochwirksamer Vitamin-B-Komplex (365 Tabletten) - JeaKen\" \/>\n<meta property=\"og:description\" content=\"Liefert alle t\u00e4glichen B-Vitamine, die Ihr K\u00f6rper f\u00fcr optimale Gesundheit und Wohlbefinden ben\u00f6tigt.\" \/>\n<meta property=\"og:url\" content=\"https:\/\/jeaken.com\/de\/produkt\/hochwirksamer-vitamin-b-komplex-365-tabletten\/\" \/>\n<meta property=\"og:site_name\" content=\"JeaKen\" \/>\n<meta property=\"article:modified_time\" content=\"2022-08-09T13:41:51+00:00\" \/>\n<meta property=\"og:image\" content=\"https:\/\/jeaken.com\/wp-content\/uploads\/2022\/07\/Vitamin-B-Complex.jpg\" \/>\n\t<meta property=\"og:image:width\" content=\"512\" \/>\n\t<meta property=\"og:image:height\" content=\"600\" \/>\n\t<meta property=\"og:image:type\" content=\"image\/jpeg\" \/>\n<meta name=\"twitter:card\" content=\"summary_large_image\" \/>\n<meta name=\"twitter:label1\" content=\"Est. reading time\" \/>\n\t<meta name=\"twitter:data1\" content=\"1 minute\" \/>\n<script type=\"application\/ld+json\" class=\"yoast-schema-graph\">{\"@context\":\"https:\/\/schema.org\",\"@graph\":[{\"@type\":\"WebPage\",\"@id\":\"https:\/\/jeaken.com\/de\/produkt\/hochwirksamer-vitamin-b-komplex-365-tabletten\/\",\"url\":\"https:\/\/jeaken.com\/de\/produkt\/hochwirksamer-vitamin-b-komplex-365-tabletten\/\",\"name\":\"Hochwirksamer Vitamin-B-Komplex (365 Tabletten) - JeaKen\",\"isPartOf\":{\"@id\":\"https:\/\/jeaken.com\/de\/#website\"},\"primaryImageOfPage\":{\"@id\":\"https:\/\/jeaken.com\/de\/produkt\/hochwirksamer-vitamin-b-komplex-365-tabletten\/#primaryimage\"},\"image\":{\"@id\":\"https:\/\/jeaken.com\/de\/produkt\/hochwirksamer-vitamin-b-komplex-365-tabletten\/#primaryimage\"},\"thumbnailUrl\":\"https:\/\/jeaken.com\/wp-content\/uploads\/2022\/07\/Vitamin-B-Complex.jpg\",\"datePublished\":\"2022-07-21T18:18:22+00:00\",\"dateModified\":\"2022-08-09T13:41:51+00:00\",\"breadcrumb\":{\"@id\":\"https:\/\/jeaken.com\/de\/produkt\/hochwirksamer-vitamin-b-komplex-365-tabletten\/#breadcrumb\"},\"inLanguage\":\"de-DE\",\"potentialAction\":[{\"@type\":\"ReadAction\",\"target\":[\"https:\/\/jeaken.com\/de\/produkt\/hochwirksamer-vitamin-b-komplex-365-tabletten\/\"]}]},{\"@type\":\"ImageObject\",\"inLanguage\":\"de-DE\",\"@id\":\"https:\/\/jeaken.com\/de\/produkt\/hochwirksamer-vitamin-b-komplex-365-tabletten\/#primaryimage\",\"url\":\"https:\/\/jeaken.com\/wp-content\/uploads\/2022\/07\/Vitamin-B-Complex.jpg\",\"contentUrl\":\"https:\/\/jeaken.com\/wp-content\/uploads\/2022\/07\/Vitamin-B-Complex.jpg\",\"width\":512,\"height\":600,\"caption\":\"High-Strength Vitamin B-Complex (365 Tablets)\"},{\"@type\":\"BreadcrumbList\",\"@id\":\"https:\/\/jeaken.com\/de\/produkt\/hochwirksamer-vitamin-b-komplex-365-tabletten\/#breadcrumb\",\"itemListElement\":[{\"@type\":\"ListItem\",\"position\":1,\"name\":\"Home\",\"item\":\"https:\/\/jeaken.com\/de\/\"},{\"@type\":\"ListItem\",\"position\":2,\"name\":\"Private: Shop\",\"item\":\"https:\/\/jeaken.com\/shop\/\"},{\"@type\":\"ListItem\",\"position\":3,\"name\":\"Hochwirksamer Vitamin-B-Komplex (365 Tabletten)\"}]},{\"@type\":\"WebSite\",\"@id\":\"https:\/\/jeaken.com\/de\/#website\",\"url\":\"https:\/\/jeaken.com\/de\/\",\"name\":\"JeaKen\",\"description\":\"Organic Supplements for Health, Fitness and Nutrition\",\"publisher\":{\"@id\":\"https:\/\/jeaken.com\/de\/#organization\"},\"potentialAction\":[{\"@type\":\"SearchAction\",\"target\":{\"@type\":\"EntryPoint\",\"urlTemplate\":\"https:\/\/jeaken.com\/de\/?s={search_term_string}\"},\"query-input\":\"required name=search_term_string\"}],\"inLanguage\":\"de-DE\"},{\"@type\":\"Organization\",\"@id\":\"https:\/\/jeaken.com\/de\/#organization\",\"name\":\"JeaKen\",\"url\":\"https:\/\/jeaken.com\/de\/\",\"logo\":{\"@type\":\"ImageObject\",\"inLanguage\":\"de-DE\",\"@id\":\"https:\/\/jeaken.com\/de\/#\/schema\/logo\/image\/\",\"url\":\"https:\/\/jeaken.com\/wp-content\/uploads\/2022\/06\/jeaken-logo-23.png\",\"contentUrl\":\"https:\/\/jeaken.com\/wp-content\/uploads\/2022\/06\/jeaken-logo-23.png\",\"width\":2486,\"height\":736,\"caption\":\"JeaKen\"},\"image\":{\"@id\":\"https:\/\/jeaken.com\/de\/#\/schema\/logo\/image\/\"}}]}<\/script>\n<!-- \/ Yoast SEO plugin. -->","yoast_head_json":{"title":"Hochwirksamer Vitamin-B-Komplex (365 Tabletten) - JeaKen","robots":{"index":"index","follow":"follow","max-snippet":"max-snippet:-1","max-image-preview":"max-image-preview:large","max-video-preview":"max-video-preview:-1"},"canonical":"https:\/\/jeaken.com\/de\/produkt\/hochwirksamer-vitamin-b-komplex-365-tabletten\/","og_locale":"de_DE","og_type":"article","og_title":"Hochwirksamer Vitamin-B-Komplex (365 Tabletten) - JeaKen","og_description":"Liefert alle t\u00e4glichen B-Vitamine, die Ihr K\u00f6rper f\u00fcr optimale Gesundheit und Wohlbefinden ben\u00f6tigt.","og_url":"https:\/\/jeaken.com\/de\/produkt\/hochwirksamer-vitamin-b-komplex-365-tabletten\/","og_site_name":"JeaKen","article_modified_time":"2022-08-09T13:41:51+00:00","og_image":[{"width":512,"height":600,"url":"https:\/\/jeaken.com\/wp-content\/uploads\/2022\/07\/Vitamin-B-Complex.jpg","type":"image\/jpeg"}],"twitter_card":"summary_large_image","twitter_misc":{"Est. reading time":"1 minute"},"schema":{"@context":"https:\/\/schema.org","@graph":[{"@type":"WebPage","@id":"https:\/\/jeaken.com\/de\/produkt\/hochwirksamer-vitamin-b-komplex-365-tabletten\/","url":"https:\/\/jeaken.com\/de\/produkt\/hochwirksamer-vitamin-b-komplex-365-tabletten\/","name":"Hochwirksamer Vitamin-B-Komplex (365 Tabletten) - JeaKen","isPartOf":{"@id":"https:\/\/jeaken.com\/de\/#website"},"primaryImageOfPage":{"@id":"https:\/\/jeaken.com\/de\/produkt\/hochwirksamer-vitamin-b-komplex-365-tabletten\/#primaryimage"},"image":{"@id":"https:\/\/jeaken.com\/de\/produkt\/hochwirksamer-vitamin-b-komplex-365-tabletten\/#primaryimage"},"thumbnailUrl":"https:\/\/jeaken.com\/wp-content\/uploads\/2022\/07\/Vitamin-B-Complex.jpg","datePublished":"2022-07-21T18:18:22+00:00","dateModified":"2022-08-09T13:41:51+00:00","breadcrumb":{"@id":"https:\/\/jeaken.com\/de\/produkt\/hochwirksamer-vitamin-b-komplex-365-tabletten\/#breadcrumb"},"inLanguage":"de-DE","potentialAction":[{"@type":"ReadAction","target":["https:\/\/jeaken.com\/de\/produkt\/hochwirksamer-vitamin-b-komplex-365-tabletten\/"]}]},{"@type":"ImageObject","inLanguage":"de-DE","@id":"https:\/\/jeaken.com\/de\/produkt\/hochwirksamer-vitamin-b-komplex-365-tabletten\/#primaryimage","url":"https:\/\/jeaken.com\/wp-content\/uploads\/2022\/07\/Vitamin-B-Complex.jpg","contentUrl":"https:\/\/jeaken.com\/wp-content\/uploads\/2022\/07\/Vitamin-B-Complex.jpg","width":512,"height":600,"caption":"High-Strength Vitamin B-Complex (365 Tablets)"},{"@type":"BreadcrumbList","@id":"https:\/\/jeaken.com\/de\/produkt\/hochwirksamer-vitamin-b-komplex-365-tabletten\/#breadcrumb","itemListElement":[{"@type":"ListItem","position":1,"name":"Home","item":"https:\/\/jeaken.com\/de\/"},{"@type":"ListItem","position":2,"name":"Private: Shop","item":"https:\/\/jeaken.com\/shop\/"},{"@type":"ListItem","position":3,"name":"Hochwirksamer Vitamin-B-Komplex (365 Tabletten)"}]},{"@type":"WebSite","@id":"https:\/\/jeaken.com\/de\/#website","url":"https:\/\/jeaken.com\/de\/","name":"JeaKen","description":"Organic Supplements for Health, Fitness and Nutrition","publisher":{"@id":"https:\/\/jeaken.com\/de\/#organization"},"potentialAction":[{"@type":"SearchAction","target":{"@type":"EntryPoint","urlTemplate":"https:\/\/jeaken.com\/de\/?s={search_term_string}"},"query-input":"required name=search_term_string"}],"inLanguage":"de-DE"},{"@type":"Organization","@id":"https:\/\/jeaken.com\/de\/#organization","name":"JeaKen","url":"https:\/\/jeaken.com\/de\/","logo":{"@type":"ImageObject","inLanguage":"de-DE","@id":"https:\/\/jeaken.com\/de\/#\/schema\/logo\/image\/","url":"https:\/\/jeaken.com\/wp-content\/uploads\/2022\/06\/jeaken-logo-23.png","contentUrl":"https:\/\/jeaken.com\/wp-content\/uploads\/2022\/06\/jeaken-logo-23.png","width":2486,"height":736,"caption":"JeaKen"},"image":{"@id":"https:\/\/jeaken.com\/de\/#\/schema\/logo\/image\/"}}]}},"jetpack_sharing_enabled":true,"_links":{"self":[{"href":"https:\/\/jeaken.com\/de\/wp-json\/wp\/v2\/product\/6760","targetHints":{"allow":["GET"]}}],"collection":[{"href":"https:\/\/jeaken.com\/de\/wp-json\/wp\/v2\/product"}],"about":[{"href":"https:\/\/jeaken.com\/de\/wp-json\/wp\/v2\/types\/product"}],"wp:featuredmedia":[{"embeddable":true,"href":"https:\/\/jeaken.com\/de\/wp-json\/wp\/v2\/media\/15670"}],"wp:attachment":[{"href":"https:\/\/jeaken.com\/de\/wp-json\/wp\/v2\/media?parent=6760"}],"wp:term":[{"taxonomy":"product_cat","embeddable":true,"href":"https:\/\/jeaken.com\/de\/wp-json\/wp\/v2\/product_cat?post=6760"},{"taxonomy":"product_tag","embeddable":true,"href":"https:\/\/jeaken.com\/de\/wp-json\/wp\/v2\/product_tag?post=6760"}],"curies":[{"name":"wp","href":"https:\/\/api.w.org\/{rel}","templated":true}]}}